{"id":7600,"date":"2025-07-03T11:01:07","date_gmt":"2025-07-03T09:01:07","guid":{"rendered":"https:\/\/test.forma5.com\/?post_type=product&#038;p=7600"},"modified":"2025-10-27T17:21:18","modified_gmt":"2025-10-27T16:21:18","slug":"v-next","status":"publish","type":"product","link":"https:\/\/test.forma5.com\/fr\/producto\/v-next\/","title":{"rendered":"V-Next"},"content":{"rendered":"<p>V-Next r\u00e9interpr\u00e8te les principes fondamentaux du mobilier op\u00e9rationnel \u00e0 travers une structure m\u00e9tallique \u00e0 la fois minimaliste et robuste. Con\u00e7ue pour r\u00e9pondre pr\u00e9cis\u00e9ment aux exigences de l\u2019environnement de travail, cette s\u00e9rie mise sur la stabilit\u00e9, la durabilit\u00e9 et une esth\u00e9tique sobre. V-Next red\u00e9finit la robustesse traditionnelle des bureaux op\u00e9rationnels gr\u00e2ce \u00e0 une approche plus l\u00e9g\u00e8re, s\u2019imposant comme l\u2019option id\u00e9ale pour les bureaux qui privil\u00e9gient la fonctionnalit\u00e9 et n\u00e9cessitent une pr\u00e9sence solide, claire et efficace dans chaque d\u00e9tail.<\/p>\n","protected":false},"excerpt":{"rendered":"<h2>Son design sobre et fonctionnel permet de <em>cr\u00e9er des environnements de travail flexibles<\/em>, id\u00e9aux pour des espaces qui valorisent l\u2019efficacit\u00e9 et la simplicit\u00e9 des formes.<\/h2>\n","protected":false},"featured_media":7762,"template":"","meta":{"_acf_changed":false},"product_brand":[],"product_cat":[143,144],"product_tag":[],"class_list":{"0":"post-7600","1":"product","2":"type-product","3":"status-publish","4":"has-post-thumbnail","6":"product_cat-tables-bureaux","7":"product_cat-systemes","9":"first","10":"instock","11":"shipping-taxable","12":"product-type-simple"},"acf":{"bigger_product_image":"","background-text":"V-Next","product_designer":[1024],"inactive_designer_info":{"custom_designer_name":"","custom_designer_image":""},"scene_gallery":[7510,7514,7518,7522],"gallery_bg_color":"#777777","details_gallery":[{"slide_text":"<strong data-start=\"60\" data-end=\"105\">Son design garantit une pr\u00e9sence discr\u00e8te<\/strong> et une <strong data-start=\"113\" data-end=\"141\" data-is-only-node=\"\">fonctionnalit\u00e9 optimis\u00e9e<\/strong>, am\u00e9liorant <strong data-start=\"154\" data-end=\"182\">l\u2019exp\u00e9rience utilisateur<\/strong> et s\u2019adaptant efficacement aux <strong data-start=\"214\" data-end=\"265\">exigences de l\u2019environnement de travail moderne<\/strong>.","slide_image":7526},{"slide_text":"Avec V-Next, Forma 5 inaugure une nouvelle \u00e8re du mobilier op\u00e9rationnel, marqu\u00e9e par <strong data-start=\"85\" data-end=\"139\">un engagement clair et audacieux envers la couleur<\/strong>. L\u2019int\u00e9gration d\u2019une partie de la gamme chromatique <a href=\"https:\/\/espattiobrand.com\/fr\/\" target=\"_blank\" rel=\"noopener\"><strong>esPattio<\/strong><\/a>, incluant des couleurs telles que <strong data-start=\"235\" data-end=\"254\">Bleu Atlantico<\/strong>, <strong data-start=\"256\" data-end=\"270\">Vert Oliva<\/strong>, <strong data-start=\"272\" data-end=\"290\">Marron Ubrique<\/strong> et <strong data-start=\"294\" data-end=\"317\">Terracotta Alhambra<\/strong>, transforme la structure m\u00e9tallique du mobilier en <strong data-start=\"369\" data-end=\"455\">un \u00e9l\u00e9ment visuel qui enrichit l\u2019environnement sans compromettre sa fonctionnalit\u00e9<\/strong>.","slide_image":7587},{"slide_text":"<strong>Moins de composants<\/strong> et des lignes plus \u00e9pur\u00e9es font de V-Next une s\u00e9rie \u00e0 <strong>l\u2019impact environnemental r\u00e9duit.<\/strong>","slide_image":7595},{"slide_text":"V-Next est con\u00e7ue pour s\u2019adapter \u00e0 diverses typologies de bureaux, permettant des configurations <strong data-start=\"97\" data-end=\"114\">individuelles<\/strong> comme <strong data-start=\"121\" data-end=\"133\">en bench<\/strong>.","slide_image":7534}],"product_video":{"video_link":"","video_cover":""},"product_downloads_path":"mesas-oficina\/escritorio","product_downloads":[{"select_file_type":"normal","file_type":"catalog","file_type_special":"","file_name":"C_V-Next.pdf","file_customlabel":"Catalogue"},{"select_file_type":"normal","file_type":"technicalFeatures","file_type_special":"","file_name":"_CCTT_V-Next.pdf","file_customlabel":"Caract\u00e9ristiques Techniques"},{"select_file_type":"normal","file_type":"productCertificate","file_type_special":"","file_name":"DAP_V-NEXT.pdf","file_customlabel":"DEP"},{"select_file_type":"normal","file_type":"images","file_type_special":"","file_name":"14_V-Next.zip","file_customlabel":"Images"},{"select_file_type":"normal","file_type":"autocad","file_type_special":"","file_name":"V-NEXT.zip","file_customlabel":"Autocad"}],"grid_image_gallery":[8083,8079,8075,8071,8067,8063,8059,8055,8112,8013,8017,8001,7997,7993,7989]},"yoast_head":"<!-- This site is optimized with the Yoast SEO plugin v25.2 - https:\/\/yoast.com\/wordpress\/plugins\/seo\/ -->\n<title>\u25b6 Tables de bureau V-Next - Forma 5<\/title>\n<meta name=\"description\" content=\"Tables de bureau V-Next, id\u00e9ales pour les bureaux contemporains. D\u00e9couvrez comment optimiser votre espace de travail gr\u00e2ce \u00e0 des solutions modulables.\" \/>\n<meta name=\"robots\" content=\"noindex, follow, max-snippet:-1, max-image-preview:large, max-video-preview:-1\" \/>\n<meta property=\"og:locale\" content=\"fr_FR\" \/>\n<meta property=\"og:type\" content=\"article\" \/>\n<meta property=\"og:title\" content=\"\u25b6 Tables de bureau V-Next - Forma 5\" \/>\n<meta property=\"og:description\" content=\"Tables de bureau V-Next, id\u00e9ales pour les bureaux contemporains. D\u00e9couvrez comment optimiser votre espace de travail gr\u00e2ce \u00e0 des solutions modulables.\" \/>\n<meta property=\"og:url\" content=\"https:\/\/test.forma5.com\/fr\/producto\/v-next\/\" \/>\n<meta property=\"og:site_name\" content=\"Forma 5\" \/>\n<meta property=\"article:modified_time\" content=\"2025-10-27T16:21:18+00:00\" \/>\n<meta property=\"og:image\" content=\"https:\/\/test.forma5.com\/wp-content\/uploads\/V-Next.png\" \/>\n\t<meta property=\"og:image:width\" content=\"800\" \/>\n\t<meta property=\"og:image:height\" content=\"800\" \/>\n\t<meta property=\"og:image:type\" content=\"image\/png\" \/>\n<meta name=\"twitter:card\" content=\"summary_large_image\" \/>\n<meta name=\"twitter:label1\" content=\"Dur\u00e9e de lecture estim\u00e9e\" \/>\n\t<meta name=\"twitter:data1\" content=\"1 minute\" \/>\n<script type=\"application\/ld+json\" class=\"yoast-schema-graph\">{\"@context\":\"https:\/\/schema.org\",\"@graph\":[{\"@type\":\"WebPage\",\"@id\":\"https:\/\/test.forma5.com\/fr\/producto\/v-next\/\",\"url\":\"https:\/\/test.forma5.com\/fr\/producto\/v-next\/\",\"name\":\"\u25b6 Tables de bureau V-Next - Forma 5\",\"isPartOf\":{\"@id\":\"https:\/\/test.forma5.com\/fr\/#website\"},\"primaryImageOfPage\":{\"@id\":\"https:\/\/test.forma5.com\/fr\/producto\/v-next\/#primaryimage\"},\"image\":{\"@id\":\"https:\/\/test.forma5.com\/fr\/producto\/v-next\/#primaryimage\"},\"thumbnailUrl\":\"https:\/\/test.forma5.com\/wp-content\/uploads\/V-Next.png\",\"datePublished\":\"2025-07-03T09:01:07+00:00\",\"dateModified\":\"2025-10-27T16:21:18+00:00\",\"description\":\"Tables de bureau V-Next, id\u00e9ales pour les bureaux contemporains. D\u00e9couvrez comment optimiser votre espace de travail gr\u00e2ce \u00e0 des solutions modulables.\",\"breadcrumb\":{\"@id\":\"https:\/\/test.forma5.com\/fr\/producto\/v-next\/#breadcrumb\"},\"inLanguage\":\"fr-FR\",\"potentialAction\":[{\"@type\":\"ReadAction\",\"target\":[\"https:\/\/test.forma5.com\/fr\/producto\/v-next\/\"]}]},{\"@type\":\"ImageObject\",\"inLanguage\":\"fr-FR\",\"@id\":\"https:\/\/test.forma5.com\/fr\/producto\/v-next\/#primaryimage\",\"url\":\"https:\/\/test.forma5.com\/wp-content\/uploads\/V-Next.png\",\"contentUrl\":\"https:\/\/test.forma5.com\/wp-content\/uploads\/V-Next.png\",\"width\":800,\"height\":800},{\"@type\":\"BreadcrumbList\",\"@id\":\"https:\/\/test.forma5.com\/fr\/producto\/v-next\/#breadcrumb\",\"itemListElement\":[{\"@type\":\"ListItem\",\"position\":1,\"name\":\"Portada\",\"item\":\"https:\/\/test.forma5.com\/fr\/\"},{\"@type\":\"ListItem\",\"position\":2,\"name\":\"Productos\",\"item\":\"https:\/\/test.forma5.com\/shop\/\"},{\"@type\":\"ListItem\",\"position\":3,\"name\":\"V-Next\"}]},{\"@type\":\"WebSite\",\"@id\":\"https:\/\/test.forma5.com\/fr\/#website\",\"url\":\"https:\/\/test.forma5.com\/fr\/\",\"name\":\"Forma 5\",\"description\":\"\",\"publisher\":{\"@id\":\"https:\/\/test.forma5.com\/fr\/#organization\"},\"potentialAction\":[{\"@type\":\"SearchAction\",\"target\":{\"@type\":\"EntryPoint\",\"urlTemplate\":\"https:\/\/test.forma5.com\/fr\/?s={search_term_string}\"},\"query-input\":{\"@type\":\"PropertyValueSpecification\",\"valueRequired\":true,\"valueName\":\"search_term_string\"}}],\"inLanguage\":\"fr-FR\"},{\"@type\":\"Organization\",\"@id\":\"https:\/\/test.forma5.com\/fr\/#organization\",\"name\":\"Forma 5\",\"url\":\"https:\/\/test.forma5.com\/fr\/\",\"logo\":{\"@type\":\"ImageObject\",\"inLanguage\":\"fr-FR\",\"@id\":\"https:\/\/test.forma5.com\/fr\/#\/schema\/logo\/image\/\",\"url\":\"https:\/\/test.forma5.com\/wp-content\/uploads\/logo.svg\",\"contentUrl\":\"https:\/\/test.forma5.com\/wp-content\/uploads\/logo.svg\",\"width\":169,\"height\":36,\"caption\":\"Forma 5\"},\"image\":{\"@id\":\"https:\/\/test.forma5.com\/fr\/#\/schema\/logo\/image\/\"}}]}<\/script>\n<!-- \/ Yoast SEO plugin. -->","yoast_head_json":{"title":"\u25b6 Tables de bureau V-Next - Forma 5","description":"Tables de bureau V-Next, id\u00e9ales pour les bureaux contemporains. D\u00e9couvrez comment optimiser votre espace de travail gr\u00e2ce \u00e0 des solutions modulables.","robots":{"index":"noindex","follow":"follow","max-snippet":"max-snippet:-1","max-image-preview":"max-image-preview:large","max-video-preview":"max-video-preview:-1"},"og_locale":"fr_FR","og_type":"article","og_title":"\u25b6 Tables de bureau V-Next - Forma 5","og_description":"Tables de bureau V-Next, id\u00e9ales pour les bureaux contemporains. D\u00e9couvrez comment optimiser votre espace de travail gr\u00e2ce \u00e0 des solutions modulables.","og_url":"https:\/\/test.forma5.com\/fr\/producto\/v-next\/","og_site_name":"Forma 5","article_modified_time":"2025-10-27T16:21:18+00:00","og_image":[{"width":800,"height":800,"url":"https:\/\/test.forma5.com\/wp-content\/uploads\/V-Next.png","type":"image\/png"}],"twitter_card":"summary_large_image","twitter_misc":{"Dur\u00e9e de lecture estim\u00e9e":"1 minute"},"schema":{"@context":"https:\/\/schema.org","@graph":[{"@type":"WebPage","@id":"https:\/\/test.forma5.com\/fr\/producto\/v-next\/","url":"https:\/\/test.forma5.com\/fr\/producto\/v-next\/","name":"\u25b6 Tables de bureau V-Next - Forma 5","isPartOf":{"@id":"https:\/\/test.forma5.com\/fr\/#website"},"primaryImageOfPage":{"@id":"https:\/\/test.forma5.com\/fr\/producto\/v-next\/#primaryimage"},"image":{"@id":"https:\/\/test.forma5.com\/fr\/producto\/v-next\/#primaryimage"},"thumbnailUrl":"https:\/\/test.forma5.com\/wp-content\/uploads\/V-Next.png","datePublished":"2025-07-03T09:01:07+00:00","dateModified":"2025-10-27T16:21:18+00:00","description":"Tables de bureau V-Next, id\u00e9ales pour les bureaux contemporains. D\u00e9couvrez comment optimiser votre espace de travail gr\u00e2ce \u00e0 des solutions modulables.","breadcrumb":{"@id":"https:\/\/test.forma5.com\/fr\/producto\/v-next\/#breadcrumb"},"inLanguage":"fr-FR","potentialAction":[{"@type":"ReadAction","target":["https:\/\/test.forma5.com\/fr\/producto\/v-next\/"]}]},{"@type":"ImageObject","inLanguage":"fr-FR","@id":"https:\/\/test.forma5.com\/fr\/producto\/v-next\/#primaryimage","url":"https:\/\/test.forma5.com\/wp-content\/uploads\/V-Next.png","contentUrl":"https:\/\/test.forma5.com\/wp-content\/uploads\/V-Next.png","width":800,"height":800},{"@type":"BreadcrumbList","@id":"https:\/\/test.forma5.com\/fr\/producto\/v-next\/#breadcrumb","itemListElement":[{"@type":"ListItem","position":1,"name":"Portada","item":"https:\/\/test.forma5.com\/fr\/"},{"@type":"ListItem","position":2,"name":"Productos","item":"https:\/\/test.forma5.com\/shop\/"},{"@type":"ListItem","position":3,"name":"V-Next"}]},{"@type":"WebSite","@id":"https:\/\/test.forma5.com\/fr\/#website","url":"https:\/\/test.forma5.com\/fr\/","name":"Forma 5","description":"","publisher":{"@id":"https:\/\/test.forma5.com\/fr\/#organization"},"potentialAction":[{"@type":"SearchAction","target":{"@type":"EntryPoint","urlTemplate":"https:\/\/test.forma5.com\/fr\/?s={search_term_string}"},"query-input":{"@type":"PropertyValueSpecification","valueRequired":true,"valueName":"search_term_string"}}],"inLanguage":"fr-FR"},{"@type":"Organization","@id":"https:\/\/test.forma5.com\/fr\/#organization","name":"Forma 5","url":"https:\/\/test.forma5.com\/fr\/","logo":{"@type":"ImageObject","inLanguage":"fr-FR","@id":"https:\/\/test.forma5.com\/fr\/#\/schema\/logo\/image\/","url":"https:\/\/test.forma5.com\/wp-content\/uploads\/logo.svg","contentUrl":"https:\/\/test.forma5.com\/wp-content\/uploads\/logo.svg","width":169,"height":36,"caption":"Forma 5"},"image":{"@id":"https:\/\/test.forma5.com\/fr\/#\/schema\/logo\/image\/"}}]}},"_links":{"self":[{"href":"https:\/\/test.forma5.com\/fr\/wp-json\/wp\/v2\/product\/7600","targetHints":{"allow":["GET"]}}],"collection":[{"href":"https:\/\/test.forma5.com\/fr\/wp-json\/wp\/v2\/product"}],"about":[{"href":"https:\/\/test.forma5.com\/fr\/wp-json\/wp\/v2\/types\/product"}],"acf:attachment":[{"embeddable":true,"href":"https:\/\/test.forma5.com\/fr\/wp-json\/wp\/v2\/media\/7989"},{"embeddable":true,"href":"https:\/\/test.forma5.com\/fr\/wp-json\/wp\/v2\/media\/7993"},{"embeddable":true,"href":"https:\/\/test.forma5.com\/fr\/wp-json\/wp\/v2\/media\/7997"},{"embeddable":true,"href":"https:\/\/test.forma5.com\/fr\/wp-json\/wp\/v2\/media\/8001"},{"embeddable":true,"href":"https:\/\/test.forma5.com\/fr\/wp-json\/wp\/v2\/media\/8017"},{"embeddable":true,"href":"https:\/\/test.forma5.com\/fr\/wp-json\/wp\/v2\/media\/8013"},{"embeddable":true,"href":"https:\/\/test.forma5.com\/fr\/wp-json\/wp\/v2\/media\/8112"},{"embeddable":true,"href":"https:\/\/test.forma5.com\/fr\/wp-json\/wp\/v2\/media\/8055"},{"embeddable":true,"href":"https:\/\/test.forma5.com\/fr\/wp-json\/wp\/v2\/media\/8059"},{"embeddable":true,"href":"https:\/\/test.forma5.com\/fr\/wp-json\/wp\/v2\/media\/8063"},{"embeddable":true,"href":"https:\/\/test.forma5.com\/fr\/wp-json\/wp\/v2\/media\/8067"},{"embeddable":true,"href":"https:\/\/test.forma5.com\/fr\/wp-json\/wp\/v2\/media\/8071"},{"embeddable":true,"href":"https:\/\/test.forma5.com\/fr\/wp-json\/wp\/v2\/media\/8075"},{"embeddable":true,"href":"https:\/\/test.forma5.com\/fr\/wp-json\/wp\/v2\/media\/8079"},{"embeddable":true,"href":"https:\/\/test.forma5.com\/fr\/wp-json\/wp\/v2\/media\/8083"},{"embeddable":true,"href":"https:\/\/test.forma5.com\/fr\/wp-json\/wp\/v2\/media\/7522"},{"embeddable":true,"href":"https:\/\/test.forma5.com\/fr\/wp-json\/wp\/v2\/media\/7518"},{"embeddable":true,"href":"https:\/\/test.forma5.com\/fr\/wp-json\/wp\/v2\/media\/7514"},{"embeddable":true,"href":"https:\/\/test.forma5.com\/fr\/wp-json\/wp\/v2\/media\/7510"}],"acf:post":[{"embeddable":true,"href":"https:\/\/test.forma5.com\/fr\/wp-json\/wp\/v2\/disenador\/1024"}],"wp:featuredmedia":[{"embeddable":true,"href":"https:\/\/test.forma5.com\/fr\/wp-json\/wp\/v2\/media\/7762"}],"wp:attachment":[{"href":"https:\/\/test.forma5.com\/fr\/wp-json\/wp\/v2\/media?parent=7600"}],"wp:term":[{"taxonomy":"product_brand","embeddable":true,"href":"https:\/\/test.forma5.com\/fr\/wp-json\/wp\/v2\/product_brand?post=7600"},{"taxonomy":"product_cat","embeddable":true,"href":"https:\/\/test.forma5.com\/fr\/wp-json\/wp\/v2\/product_cat?post=7600"},{"taxonomy":"product_tag","embeddable":true,"href":"https:\/\/test.forma5.com\/fr\/wp-json\/wp\/v2\/product_tag?post=7600"}],"curies":[{"name":"wp","href":"https:\/\/api.w.org\/{rel}","templated":true}]}}