{"id":5974,"date":"2024-04-10T08:04:18","date_gmt":"2024-04-10T06:04:18","guid":{"rendered":"https:\/\/test.forma5.com\/producto\/non%20class\u00e9\/madera-hexa\/"},"modified":"2025-06-03T15:54:15","modified_gmt":"2025-06-03T13:54:15","slug":"hexa-2","status":"publish","type":"product","link":"https:\/\/test.forma5.com\/fr\/tables-bureaux\/systemes\/hexa\/","title":{"rendered":"Hexa"},"content":{"rendered":"<p><span data-sheets-root=\"1\">La g\u00e9om\u00e9trie d&rsquo;Hexa est unique, diff\u00e9renci\u00e9e et esth\u00e9tique gr\u00e2ce \u00e0 ses pieds en aluminium. Mais Hexa, c&rsquo;est bien plus que l&rsquo;esth\u00e9tique et le design. Hexa, c&rsquo;est aussi la fonctionnalit\u00e9, la vari\u00e9t\u00e9 des gammes et une large gamme de finitions innovantes et attrayantes qui conf\u00e8rent aux nouveaux bureaux un aspect frais et distinctif.<\/span><\/p>\n","protected":false},"excerpt":{"rendered":"<h2><span data-sheets-root=\"1\">G\u00e9om\u00e9trie diff\u00e9rentielle unique <em>avec pieds en aluminium<\/em><\/span><\/h2>\n","protected":false},"featured_media":6741,"template":"","meta":{"_acf_changed":false},"product_brand":[],"product_cat":[143,144],"product_tag":[],"class_list":{"0":"post-5974","1":"product","2":"type-product","3":"status-publish","4":"has-post-thumbnail","6":"product_cat-tables-bureaux","7":"product_cat-systemes","9":"first","10":"instock","11":"shipping-taxable","12":"product-type-simple"},"acf":{"bigger_product_image":["isBigger"],"background-text":"","product_designer":[2309],"inactive_designer_info":{"custom_designer_name":"Ramos Bassols","custom_designer_image":2610},"scene_gallery":[2608,2610,2614],"gallery_bg_color":"#adadad","details_gallery":[{"slide_text":"<span data-sheets-root=\"1\"><strong>De nouveaux mat\u00e9riaux et de nouvelles finitions<\/strong> font d'Hexa un produit exclusif.<\/span>","slide_image":2612},{"slide_text":"<span data-sheets-root=\"1\">Le concept organique <strong>dynamise les bureaux<\/strong> et favorise les interactions entre les utilisateurs.<\/span>","slide_image":2620}],"product_video":{"video_link":"","video_cover":""},"product_downloads_path":"mesas-oficina\/escritorio","product_downloads":[{"select_file_type":"normal","file_type":"catalog","file_type_special":"","file_name":"C_Hexa.pdf","file_customlabel":"Catalogue"},{"select_file_type":"normal","file_type":"technicalFeatures","file_type_special":"","file_name":"_CCTT_Hexa.pdf","file_customlabel":"Caract\u00e9ristiques techniques"},{"select_file_type":"normal","file_type":"productCertificate","file_type_special":"","file_name":"HEXA_rev02_Firmado.pdf","file_customlabel":"Certificat de produit"},{"select_file_type":"normal","file_type":"images","file_type_special":"","file_name":"03_Hexa.zip","file_customlabel":"Images"},{"select_file_type":"normal","file_type":"autocad","file_type_special":"","file_name":"Hexa.zip","file_customlabel":"3D Geometry"},{"select_file_type":"normal","file_type":"revitBim","file_type_special":"","file_name":"HEXA.zip","file_customlabel":"Revit\/BIM"}],"grid_image_gallery":null},"yoast_head":"<!-- This site is optimized with the Yoast SEO plugin v25.2 - https:\/\/yoast.com\/wordpress\/plugins\/seo\/ -->\n<title>\u25b6 D\u00e9couvrez &#039;Hexa&#039; : notre bureau de travail en bois - Groupe Forma 5<\/title>\n<meta name=\"description\" content=\"D\u00e9couvrez Hexa, notre bureau en bois sign\u00e9 Forma 5. Design et qualit\u00e9 pour votre espace professionnel.\" \/>\n<meta name=\"robots\" content=\"noindex, follow, max-snippet:-1, max-image-preview:large, max-video-preview:-1\" \/>\n<meta property=\"og:locale\" content=\"fr_FR\" \/>\n<meta property=\"og:type\" content=\"article\" \/>\n<meta property=\"og:title\" content=\"\u25b6 D\u00e9couvrez &#039;Hexa&#039; : notre bureau de travail en bois - Groupe Forma 5\" \/>\n<meta property=\"og:description\" content=\"D\u00e9couvrez Hexa, notre bureau en bois sign\u00e9 Forma 5. Design et qualit\u00e9 pour votre espace professionnel.\" \/>\n<meta property=\"og:url\" content=\"https:\/\/test.forma5.com\/fr\/tables-bureaux\/systemes\/hexa\/\" \/>\n<meta property=\"og:site_name\" content=\"Forma 5\" \/>\n<meta property=\"article:modified_time\" content=\"2025-06-03T13:54:15+00:00\" \/>\n<meta property=\"og:image\" content=\"https:\/\/test.forma5.com\/wp-content\/uploads\/hexa-01.png\" \/>\n\t<meta property=\"og:image:width\" content=\"800\" \/>\n\t<meta property=\"og:image:height\" content=\"800\" \/>\n\t<meta property=\"og:image:type\" content=\"image\/png\" \/>\n<meta name=\"twitter:card\" content=\"summary_large_image\" \/>\n<meta name=\"twitter:label1\" content=\"Dur\u00e9e de lecture estim\u00e9e\" \/>\n\t<meta name=\"twitter:data1\" content=\"1 minute\" \/>\n<script type=\"application\/ld+json\" class=\"yoast-schema-graph\">{\"@context\":\"https:\/\/schema.org\",\"@graph\":[{\"@type\":\"WebPage\",\"@id\":\"https:\/\/test.forma5.com\/fr\/tables-bureaux\/systemes\/hexa\/\",\"url\":\"https:\/\/test.forma5.com\/fr\/tables-bureaux\/systemes\/hexa\/\",\"name\":\"\u25b6 D\u00e9couvrez 'Hexa' : notre bureau de travail en bois - Groupe Forma 5\",\"isPartOf\":{\"@id\":\"https:\/\/test.forma5.com\/fr\/#website\"},\"primaryImageOfPage\":{\"@id\":\"https:\/\/test.forma5.com\/fr\/tables-bureaux\/systemes\/hexa\/#primaryimage\"},\"image\":{\"@id\":\"https:\/\/test.forma5.com\/fr\/tables-bureaux\/systemes\/hexa\/#primaryimage\"},\"thumbnailUrl\":\"https:\/\/test.forma5.com\/wp-content\/uploads\/hexa-01.png\",\"datePublished\":\"2024-04-10T06:04:18+00:00\",\"dateModified\":\"2025-06-03T13:54:15+00:00\",\"description\":\"D\u00e9couvrez Hexa, notre bureau en bois sign\u00e9 Forma 5. Design et qualit\u00e9 pour votre espace professionnel.\",\"breadcrumb\":{\"@id\":\"https:\/\/test.forma5.com\/fr\/tables-bureaux\/systemes\/hexa\/#breadcrumb\"},\"inLanguage\":\"fr-FR\",\"potentialAction\":[{\"@type\":\"ReadAction\",\"target\":[\"https:\/\/test.forma5.com\/fr\/tables-bureaux\/systemes\/hexa\/\"]}]},{\"@type\":\"ImageObject\",\"inLanguage\":\"fr-FR\",\"@id\":\"https:\/\/test.forma5.com\/fr\/tables-bureaux\/systemes\/hexa\/#primaryimage\",\"url\":\"https:\/\/test.forma5.com\/wp-content\/uploads\/hexa-01.png\",\"contentUrl\":\"https:\/\/test.forma5.com\/wp-content\/uploads\/hexa-01.png\",\"width\":800,\"height\":800},{\"@type\":\"BreadcrumbList\",\"@id\":\"https:\/\/test.forma5.com\/fr\/tables-bureaux\/systemes\/hexa\/#breadcrumb\",\"itemListElement\":[{\"@type\":\"ListItem\",\"position\":1,\"name\":\"Portada\",\"item\":\"https:\/\/test.forma5.com\/fr\/\"},{\"@type\":\"ListItem\",\"position\":2,\"name\":\"Productos\",\"item\":\"https:\/\/test.forma5.com\/shop\/\"},{\"@type\":\"ListItem\",\"position\":3,\"name\":\"Hexa\"}]},{\"@type\":\"WebSite\",\"@id\":\"https:\/\/test.forma5.com\/fr\/#website\",\"url\":\"https:\/\/test.forma5.com\/fr\/\",\"name\":\"Forma 5\",\"description\":\"\",\"publisher\":{\"@id\":\"https:\/\/test.forma5.com\/fr\/#organization\"},\"potentialAction\":[{\"@type\":\"SearchAction\",\"target\":{\"@type\":\"EntryPoint\",\"urlTemplate\":\"https:\/\/test.forma5.com\/fr\/?s={search_term_string}\"},\"query-input\":{\"@type\":\"PropertyValueSpecification\",\"valueRequired\":true,\"valueName\":\"search_term_string\"}}],\"inLanguage\":\"fr-FR\"},{\"@type\":\"Organization\",\"@id\":\"https:\/\/test.forma5.com\/fr\/#organization\",\"name\":\"Forma 5\",\"url\":\"https:\/\/test.forma5.com\/fr\/\",\"logo\":{\"@type\":\"ImageObject\",\"inLanguage\":\"fr-FR\",\"@id\":\"https:\/\/test.forma5.com\/fr\/#\/schema\/logo\/image\/\",\"url\":\"https:\/\/test.forma5.com\/wp-content\/uploads\/logo.svg\",\"contentUrl\":\"https:\/\/test.forma5.com\/wp-content\/uploads\/logo.svg\",\"width\":169,\"height\":36,\"caption\":\"Forma 5\"},\"image\":{\"@id\":\"https:\/\/test.forma5.com\/fr\/#\/schema\/logo\/image\/\"}}]}<\/script>\n<!-- \/ Yoast SEO plugin. -->","yoast_head_json":{"title":"\u25b6 D\u00e9couvrez 'Hexa' : notre bureau de travail en bois - Groupe Forma 5","description":"D\u00e9couvrez Hexa, notre bureau en bois sign\u00e9 Forma 5. Design et qualit\u00e9 pour votre espace professionnel.","robots":{"index":"noindex","follow":"follow","max-snippet":"max-snippet:-1","max-image-preview":"max-image-preview:large","max-video-preview":"max-video-preview:-1"},"og_locale":"fr_FR","og_type":"article","og_title":"\u25b6 D\u00e9couvrez 'Hexa' : notre bureau de travail en bois - Groupe Forma 5","og_description":"D\u00e9couvrez Hexa, notre bureau en bois sign\u00e9 Forma 5. Design et qualit\u00e9 pour votre espace professionnel.","og_url":"https:\/\/test.forma5.com\/fr\/tables-bureaux\/systemes\/hexa\/","og_site_name":"Forma 5","article_modified_time":"2025-06-03T13:54:15+00:00","og_image":[{"width":800,"height":800,"url":"https:\/\/test.forma5.com\/wp-content\/uploads\/hexa-01.png","type":"image\/png"}],"twitter_card":"summary_large_image","twitter_misc":{"Dur\u00e9e de lecture estim\u00e9e":"1 minute"},"schema":{"@context":"https:\/\/schema.org","@graph":[{"@type":"WebPage","@id":"https:\/\/test.forma5.com\/fr\/tables-bureaux\/systemes\/hexa\/","url":"https:\/\/test.forma5.com\/fr\/tables-bureaux\/systemes\/hexa\/","name":"\u25b6 D\u00e9couvrez 'Hexa' : notre bureau de travail en bois - Groupe Forma 5","isPartOf":{"@id":"https:\/\/test.forma5.com\/fr\/#website"},"primaryImageOfPage":{"@id":"https:\/\/test.forma5.com\/fr\/tables-bureaux\/systemes\/hexa\/#primaryimage"},"image":{"@id":"https:\/\/test.forma5.com\/fr\/tables-bureaux\/systemes\/hexa\/#primaryimage"},"thumbnailUrl":"https:\/\/test.forma5.com\/wp-content\/uploads\/hexa-01.png","datePublished":"2024-04-10T06:04:18+00:00","dateModified":"2025-06-03T13:54:15+00:00","description":"D\u00e9couvrez Hexa, notre bureau en bois sign\u00e9 Forma 5. Design et qualit\u00e9 pour votre espace professionnel.","breadcrumb":{"@id":"https:\/\/test.forma5.com\/fr\/tables-bureaux\/systemes\/hexa\/#breadcrumb"},"inLanguage":"fr-FR","potentialAction":[{"@type":"ReadAction","target":["https:\/\/test.forma5.com\/fr\/tables-bureaux\/systemes\/hexa\/"]}]},{"@type":"ImageObject","inLanguage":"fr-FR","@id":"https:\/\/test.forma5.com\/fr\/tables-bureaux\/systemes\/hexa\/#primaryimage","url":"https:\/\/test.forma5.com\/wp-content\/uploads\/hexa-01.png","contentUrl":"https:\/\/test.forma5.com\/wp-content\/uploads\/hexa-01.png","width":800,"height":800},{"@type":"BreadcrumbList","@id":"https:\/\/test.forma5.com\/fr\/tables-bureaux\/systemes\/hexa\/#breadcrumb","itemListElement":[{"@type":"ListItem","position":1,"name":"Portada","item":"https:\/\/test.forma5.com\/fr\/"},{"@type":"ListItem","position":2,"name":"Productos","item":"https:\/\/test.forma5.com\/shop\/"},{"@type":"ListItem","position":3,"name":"Hexa"}]},{"@type":"WebSite","@id":"https:\/\/test.forma5.com\/fr\/#website","url":"https:\/\/test.forma5.com\/fr\/","name":"Forma 5","description":"","publisher":{"@id":"https:\/\/test.forma5.com\/fr\/#organization"},"potentialAction":[{"@type":"SearchAction","target":{"@type":"EntryPoint","urlTemplate":"https:\/\/test.forma5.com\/fr\/?s={search_term_string}"},"query-input":{"@type":"PropertyValueSpecification","valueRequired":true,"valueName":"search_term_string"}}],"inLanguage":"fr-FR"},{"@type":"Organization","@id":"https:\/\/test.forma5.com\/fr\/#organization","name":"Forma 5","url":"https:\/\/test.forma5.com\/fr\/","logo":{"@type":"ImageObject","inLanguage":"fr-FR","@id":"https:\/\/test.forma5.com\/fr\/#\/schema\/logo\/image\/","url":"https:\/\/test.forma5.com\/wp-content\/uploads\/logo.svg","contentUrl":"https:\/\/test.forma5.com\/wp-content\/uploads\/logo.svg","width":169,"height":36,"caption":"Forma 5"},"image":{"@id":"https:\/\/test.forma5.com\/fr\/#\/schema\/logo\/image\/"}}]}},"_links":{"self":[{"href":"https:\/\/test.forma5.com\/fr\/wp-json\/wp\/v2\/product\/5974","targetHints":{"allow":["GET"]}}],"collection":[{"href":"https:\/\/test.forma5.com\/fr\/wp-json\/wp\/v2\/product"}],"about":[{"href":"https:\/\/test.forma5.com\/fr\/wp-json\/wp\/v2\/types\/product"}],"acf:attachment":[{"embeddable":true,"href":"https:\/\/test.forma5.com\/fr\/wp-json\/wp\/v2\/media\/2614"},{"embeddable":true,"href":"https:\/\/test.forma5.com\/fr\/wp-json\/wp\/v2\/media\/2610"},{"embeddable":true,"href":"https:\/\/test.forma5.com\/fr\/wp-json\/wp\/v2\/media\/2608"}],"acf:post":[{"embeddable":true,"href":"https:\/\/test.forma5.com\/fr\/wp-json\/wp\/v2\/disenador\/2309"}],"wp:featuredmedia":[{"embeddable":true,"href":"https:\/\/test.forma5.com\/fr\/wp-json\/wp\/v2\/media\/6741"}],"wp:attachment":[{"href":"https:\/\/test.forma5.com\/fr\/wp-json\/wp\/v2\/media?parent=5974"}],"wp:term":[{"taxonomy":"product_brand","embeddable":true,"href":"https:\/\/test.forma5.com\/fr\/wp-json\/wp\/v2\/product_brand?post=5974"},{"taxonomy":"product_cat","embeddable":true,"href":"https:\/\/test.forma5.com\/fr\/wp-json\/wp\/v2\/product_cat?post=5974"},{"taxonomy":"product_tag","embeddable":true,"href":"https:\/\/test.forma5.com\/fr\/wp-json\/wp\/v2\/product_tag?post=5974"}],"curies":[{"name":"wp","href":"https:\/\/api.w.org\/{rel}","templated":true}]}}