{"id":5970,"date":"2025-05-24T09:22:06","date_gmt":"2025-05-24T07:22:06","guid":{"rendered":"https:\/\/test.forma5.com\/producto\/non%20class\u00e9\/mesas-auxiliares\/"},"modified":"2025-05-27T09:52:44","modified_gmt":"2025-05-27T07:52:44","slug":"dappoint","status":"publish","type":"product","link":"https:\/\/test.forma5.com\/fr\/tables-bureaux\/dappoint\/","title":{"rendered":"Tables d&rsquo;appoint"},"content":{"rendered":"<p><span data-sheets-root=\"1\">La tendance croissante au travail collaboratif et aux \u00e9quipes multidisciplinaires permet de cr\u00e9er des espaces plus flexibles et dynamiques. Inspir\u00e9es par le concept Contract, les tables d&rsquo;appoint permettent d&rsquo;organiser des r\u00e9unions informelles, des espaces de d\u00e9tente, des bureaux, des cantines d&rsquo;entreprise, mais aussi des terrasses int\u00e9rieures. Polyvalentes et tr\u00e8s fonctionnelles, elles se d\u00e9clinent en une large gamme de formes, de mod\u00e8les et de finitions pour s&rsquo;int\u00e9grer harmonieusement \u00e0 leur environnement et r\u00e9pondre aux besoins sp\u00e9cifiques de chaque projet.<\/span><\/p>\n","protected":false},"excerpt":{"rendered":"<h2><span data-sheets-root=\"1\">Id\u00e9al pour les lieux de <em>rencontre d\u00e9contract\u00e9s, les espaces de d\u00e9tente et m\u00eame les terrasses int\u00e9rieures<\/em><\/span><\/h2>\n","protected":false},"featured_media":6332,"template":"","meta":{"_acf_changed":false},"product_brand":[],"product_cat":[143,168],"product_tag":[],"class_list":{"0":"post-5970","1":"product","2":"type-product","3":"status-publish","4":"has-post-thumbnail","6":"product_cat-tables-bureaux","7":"product_cat-dappoint","9":"first","10":"instock","11":"shipping-taxable","12":"product-type-simple"},"acf":{"bigger_product_image":["isBigger"],"background-text":"","product_designer":[1024],"inactive_designer_info":{"custom_designer_name":"","custom_designer_image":null},"scene_gallery":[2870,2875],"gallery_bg_color":"#757575","details_gallery":[{"slide_text":"<span data-sheets-root=\"1\">Ils apportent \u00e9galement leur soutien aux r\u00e9unions informelles, aux espaces de d\u00e9tente, aux bureaux, aux cantines d'entreprise et m\u00eame aux terrasses int\u00e9rieures.<\/span>","slide_image":3449},{"slide_text":"<span data-sheets-root=\"1\">Polyvalent et tr\u00e8s fonctionnel.<\/span>","slide_image":2873}],"product_video":{"video_link":"","video_cover":""},"product_downloads_path":"mesas-oficina\/mesas-auxiliares","product_downloads":[{"select_file_type":"normal","file_type":"catalog","file_type_special":"","file_name":"Occasional tables-Mesas Auxiliares.pdf","file_customlabel":"Catalogue"},{"select_file_type":"normal","file_type":"technicalFeatures","file_type_special":"","file_name":"_CCTT_Mesas_auxiliares.pdf","file_customlabel":"Caract\u00e9ristiques techniques"},{"select_file_type":"normal","file_type":"images","file_type_special":"","file_name":"07_Mesas Auxiliares.zip","file_customlabel":"Images"},{"select_file_type":"normal","file_type":"autocad","file_type_special":"","file_name":"Mesas auxiliares.zip","file_customlabel":"3D Geometry "},{"select_file_type":"normal","file_type":"revitBim","file_type_special":"","file_name":"OCCASIONAL TABLES.zip","file_customlabel":"Revit\/BIM"}],"grid_image_gallery":null},"yoast_head":"<!-- This site is optimized with the Yoast SEO plugin v25.2 - https:\/\/yoast.com\/wordpress\/plugins\/seo\/ -->\n<title>\u25b6 Toutes les tables d&#039;appoint de bureau - Groupe Forma 5<\/title>\n<meta name=\"description\" content=\"D\u00e9couvrez toutes les tables d&#039;appoint du Groupe Forma 5 : des solutions pratiques et \u00e9l\u00e9gantes pour compl\u00e9ter votre espace de travail.\" \/>\n<meta name=\"robots\" content=\"noindex, follow, max-snippet:-1, max-image-preview:large, max-video-preview:-1\" \/>\n<meta property=\"og:locale\" content=\"fr_FR\" \/>\n<meta property=\"og:type\" content=\"article\" \/>\n<meta property=\"og:title\" content=\"\u25b6 Toutes les tables d&#039;appoint de bureau - Groupe Forma 5\" \/>\n<meta property=\"og:description\" content=\"D\u00e9couvrez toutes les tables d&#039;appoint du Groupe Forma 5 : des solutions pratiques et \u00e9l\u00e9gantes pour compl\u00e9ter votre espace de travail.\" \/>\n<meta property=\"og:url\" content=\"https:\/\/test.forma5.com\/fr\/tables-bureaux\/dappoint\/\" \/>\n<meta property=\"og:site_name\" content=\"Forma 5\" \/>\n<meta property=\"article:modified_time\" content=\"2025-05-27T07:52:44+00:00\" \/>\n<meta property=\"og:image\" content=\"https:\/\/test.forma5.com\/wp-content\/uploads\/web-1-3.png\" \/>\n\t<meta property=\"og:image:width\" content=\"800\" \/>\n\t<meta property=\"og:image:height\" content=\"800\" \/>\n\t<meta property=\"og:image:type\" content=\"image\/png\" \/>\n<meta name=\"twitter:card\" content=\"summary_large_image\" \/>\n<meta name=\"twitter:label1\" content=\"Dur\u00e9e de lecture estim\u00e9e\" \/>\n\t<meta name=\"twitter:data1\" content=\"1 minute\" \/>\n<script type=\"application\/ld+json\" class=\"yoast-schema-graph\">{\"@context\":\"https:\/\/schema.org\",\"@graph\":[{\"@type\":\"WebPage\",\"@id\":\"https:\/\/test.forma5.com\/fr\/tables-bureaux\/dappoint\/\",\"url\":\"https:\/\/test.forma5.com\/fr\/tables-bureaux\/dappoint\/\",\"name\":\"\u25b6 Toutes les tables d'appoint de bureau - Groupe Forma 5\",\"isPartOf\":{\"@id\":\"https:\/\/test.forma5.com\/fr\/#website\"},\"primaryImageOfPage\":{\"@id\":\"https:\/\/test.forma5.com\/fr\/tables-bureaux\/dappoint\/#primaryimage\"},\"image\":{\"@id\":\"https:\/\/test.forma5.com\/fr\/tables-bureaux\/dappoint\/#primaryimage\"},\"thumbnailUrl\":\"https:\/\/test.forma5.com\/wp-content\/uploads\/web-1-3.png\",\"datePublished\":\"2025-05-24T07:22:06+00:00\",\"dateModified\":\"2025-05-27T07:52:44+00:00\",\"description\":\"D\u00e9couvrez toutes les tables d'appoint du Groupe Forma 5 : des solutions pratiques et \u00e9l\u00e9gantes pour compl\u00e9ter votre espace de travail.\",\"breadcrumb\":{\"@id\":\"https:\/\/test.forma5.com\/fr\/tables-bureaux\/dappoint\/#breadcrumb\"},\"inLanguage\":\"fr-FR\",\"potentialAction\":[{\"@type\":\"ReadAction\",\"target\":[\"https:\/\/test.forma5.com\/fr\/tables-bureaux\/dappoint\/\"]}]},{\"@type\":\"ImageObject\",\"inLanguage\":\"fr-FR\",\"@id\":\"https:\/\/test.forma5.com\/fr\/tables-bureaux\/dappoint\/#primaryimage\",\"url\":\"https:\/\/test.forma5.com\/wp-content\/uploads\/web-1-3.png\",\"contentUrl\":\"https:\/\/test.forma5.com\/wp-content\/uploads\/web-1-3.png\",\"width\":800,\"height\":800},{\"@type\":\"BreadcrumbList\",\"@id\":\"https:\/\/test.forma5.com\/fr\/tables-bureaux\/dappoint\/#breadcrumb\",\"itemListElement\":[{\"@type\":\"ListItem\",\"position\":1,\"name\":\"Portada\",\"item\":\"https:\/\/test.forma5.com\/fr\/\"},{\"@type\":\"ListItem\",\"position\":2,\"name\":\"Productos\",\"item\":\"https:\/\/test.forma5.com\/shop\/\"},{\"@type\":\"ListItem\",\"position\":3,\"name\":\"Tables d&#8217;appoint\"}]},{\"@type\":\"WebSite\",\"@id\":\"https:\/\/test.forma5.com\/fr\/#website\",\"url\":\"https:\/\/test.forma5.com\/fr\/\",\"name\":\"Forma 5\",\"description\":\"\",\"publisher\":{\"@id\":\"https:\/\/test.forma5.com\/fr\/#organization\"},\"potentialAction\":[{\"@type\":\"SearchAction\",\"target\":{\"@type\":\"EntryPoint\",\"urlTemplate\":\"https:\/\/test.forma5.com\/fr\/?s={search_term_string}\"},\"query-input\":{\"@type\":\"PropertyValueSpecification\",\"valueRequired\":true,\"valueName\":\"search_term_string\"}}],\"inLanguage\":\"fr-FR\"},{\"@type\":\"Organization\",\"@id\":\"https:\/\/test.forma5.com\/fr\/#organization\",\"name\":\"Forma 5\",\"url\":\"https:\/\/test.forma5.com\/fr\/\",\"logo\":{\"@type\":\"ImageObject\",\"inLanguage\":\"fr-FR\",\"@id\":\"https:\/\/test.forma5.com\/fr\/#\/schema\/logo\/image\/\",\"url\":\"https:\/\/test.forma5.com\/wp-content\/uploads\/logo.svg\",\"contentUrl\":\"https:\/\/test.forma5.com\/wp-content\/uploads\/logo.svg\",\"width\":169,\"height\":36,\"caption\":\"Forma 5\"},\"image\":{\"@id\":\"https:\/\/test.forma5.com\/fr\/#\/schema\/logo\/image\/\"}}]}<\/script>\n<!-- \/ Yoast SEO plugin. -->","yoast_head_json":{"title":"\u25b6 Toutes les tables d'appoint de bureau - Groupe Forma 5","description":"D\u00e9couvrez toutes les tables d'appoint du Groupe Forma 5 : des solutions pratiques et \u00e9l\u00e9gantes pour compl\u00e9ter votre espace de travail.","robots":{"index":"noindex","follow":"follow","max-snippet":"max-snippet:-1","max-image-preview":"max-image-preview:large","max-video-preview":"max-video-preview:-1"},"og_locale":"fr_FR","og_type":"article","og_title":"\u25b6 Toutes les tables d'appoint de bureau - Groupe Forma 5","og_description":"D\u00e9couvrez toutes les tables d'appoint du Groupe Forma 5 : des solutions pratiques et \u00e9l\u00e9gantes pour compl\u00e9ter votre espace de travail.","og_url":"https:\/\/test.forma5.com\/fr\/tables-bureaux\/dappoint\/","og_site_name":"Forma 5","article_modified_time":"2025-05-27T07:52:44+00:00","og_image":[{"width":800,"height":800,"url":"https:\/\/test.forma5.com\/wp-content\/uploads\/web-1-3.png","type":"image\/png"}],"twitter_card":"summary_large_image","twitter_misc":{"Dur\u00e9e de lecture estim\u00e9e":"1 minute"},"schema":{"@context":"https:\/\/schema.org","@graph":[{"@type":"WebPage","@id":"https:\/\/test.forma5.com\/fr\/tables-bureaux\/dappoint\/","url":"https:\/\/test.forma5.com\/fr\/tables-bureaux\/dappoint\/","name":"\u25b6 Toutes les tables d'appoint de bureau - Groupe Forma 5","isPartOf":{"@id":"https:\/\/test.forma5.com\/fr\/#website"},"primaryImageOfPage":{"@id":"https:\/\/test.forma5.com\/fr\/tables-bureaux\/dappoint\/#primaryimage"},"image":{"@id":"https:\/\/test.forma5.com\/fr\/tables-bureaux\/dappoint\/#primaryimage"},"thumbnailUrl":"https:\/\/test.forma5.com\/wp-content\/uploads\/web-1-3.png","datePublished":"2025-05-24T07:22:06+00:00","dateModified":"2025-05-27T07:52:44+00:00","description":"D\u00e9couvrez toutes les tables d'appoint du Groupe Forma 5 : des solutions pratiques et \u00e9l\u00e9gantes pour compl\u00e9ter votre espace de travail.","breadcrumb":{"@id":"https:\/\/test.forma5.com\/fr\/tables-bureaux\/dappoint\/#breadcrumb"},"inLanguage":"fr-FR","potentialAction":[{"@type":"ReadAction","target":["https:\/\/test.forma5.com\/fr\/tables-bureaux\/dappoint\/"]}]},{"@type":"ImageObject","inLanguage":"fr-FR","@id":"https:\/\/test.forma5.com\/fr\/tables-bureaux\/dappoint\/#primaryimage","url":"https:\/\/test.forma5.com\/wp-content\/uploads\/web-1-3.png","contentUrl":"https:\/\/test.forma5.com\/wp-content\/uploads\/web-1-3.png","width":800,"height":800},{"@type":"BreadcrumbList","@id":"https:\/\/test.forma5.com\/fr\/tables-bureaux\/dappoint\/#breadcrumb","itemListElement":[{"@type":"ListItem","position":1,"name":"Portada","item":"https:\/\/test.forma5.com\/fr\/"},{"@type":"ListItem","position":2,"name":"Productos","item":"https:\/\/test.forma5.com\/shop\/"},{"@type":"ListItem","position":3,"name":"Tables d&#8217;appoint"}]},{"@type":"WebSite","@id":"https:\/\/test.forma5.com\/fr\/#website","url":"https:\/\/test.forma5.com\/fr\/","name":"Forma 5","description":"","publisher":{"@id":"https:\/\/test.forma5.com\/fr\/#organization"},"potentialAction":[{"@type":"SearchAction","target":{"@type":"EntryPoint","urlTemplate":"https:\/\/test.forma5.com\/fr\/?s={search_term_string}"},"query-input":{"@type":"PropertyValueSpecification","valueRequired":true,"valueName":"search_term_string"}}],"inLanguage":"fr-FR"},{"@type":"Organization","@id":"https:\/\/test.forma5.com\/fr\/#organization","name":"Forma 5","url":"https:\/\/test.forma5.com\/fr\/","logo":{"@type":"ImageObject","inLanguage":"fr-FR","@id":"https:\/\/test.forma5.com\/fr\/#\/schema\/logo\/image\/","url":"https:\/\/test.forma5.com\/wp-content\/uploads\/logo.svg","contentUrl":"https:\/\/test.forma5.com\/wp-content\/uploads\/logo.svg","width":169,"height":36,"caption":"Forma 5"},"image":{"@id":"https:\/\/test.forma5.com\/fr\/#\/schema\/logo\/image\/"}}]}},"_links":{"self":[{"href":"https:\/\/test.forma5.com\/fr\/wp-json\/wp\/v2\/product\/5970","targetHints":{"allow":["GET"]}}],"collection":[{"href":"https:\/\/test.forma5.com\/fr\/wp-json\/wp\/v2\/product"}],"about":[{"href":"https:\/\/test.forma5.com\/fr\/wp-json\/wp\/v2\/types\/product"}],"acf:attachment":[{"embeddable":true,"href":"https:\/\/test.forma5.com\/fr\/wp-json\/wp\/v2\/media\/2875"},{"embeddable":true,"href":"https:\/\/test.forma5.com\/fr\/wp-json\/wp\/v2\/media\/2870"}],"acf:post":[{"embeddable":true,"href":"https:\/\/test.forma5.com\/fr\/wp-json\/wp\/v2\/disenador\/1024"}],"wp:featuredmedia":[{"embeddable":true,"href":"https:\/\/test.forma5.com\/fr\/wp-json\/wp\/v2\/media\/6332"}],"wp:attachment":[{"href":"https:\/\/test.forma5.com\/fr\/wp-json\/wp\/v2\/media?parent=5970"}],"wp:term":[{"taxonomy":"product_brand","embeddable":true,"href":"https:\/\/test.forma5.com\/fr\/wp-json\/wp\/v2\/product_brand?post=5970"},{"taxonomy":"product_cat","embeddable":true,"href":"https:\/\/test.forma5.com\/fr\/wp-json\/wp\/v2\/product_cat?post=5970"},{"taxonomy":"product_tag","embeddable":true,"href":"https:\/\/test.forma5.com\/fr\/wp-json\/wp\/v2\/product_tag?post=5970"}],"curies":[{"name":"wp","href":"https:\/\/api.w.org\/{rel}","templated":true}]}}