{"id":5794,"date":"2025-05-26T08:44:02","date_gmt":"2025-05-26T06:44:02","guid":{"rendered":"https:\/\/test.forma5.com\/producto\/non%20class\u00e9\/dimmer\/"},"modified":"2025-06-09T13:04:42","modified_gmt":"2025-06-09T11:04:42","slug":"dimmer","status":"publish","type":"product","link":"https:\/\/test.forma5.com\/fr\/tables-bureaux\/polyvalents\/dimmer\/","title":{"rendered":"Dimmer"},"content":{"rendered":"<p><span data-sheets-root=\"1\">Dans les espaces de travail collaboratifs et dynamiques, o\u00f9 la flexibilit\u00e9 et l&rsquo;optimisation du temps sont essentielles, le mobilier doit s&rsquo;adapter aux exigences de polyvalence des utilisateurs. Les bureaux modernes et les espaces polyvalents exigent des solutions agiles et efficaces. Dimmer est la solution : un bureau r\u00e9glable en hauteur par v\u00e9rin \u00e0 gaz qui allie mobilit\u00e9, fonctionnalit\u00e9 et design adaptable, id\u00e9al pour les environnements flexibles et exigeants.<\/span><\/p>\n","protected":false},"excerpt":{"rendered":"<h2><span data-sheets-root=\"1\">Parfait pour capturer des <em>id\u00e9es<\/em>, <em>faire des pr\u00e9sentations<\/em> ou dessiner lors de sessions cr\u00e9atives.<\/span><\/h2>\n","protected":false},"featured_media":5796,"template":"","meta":{"_acf_changed":false},"product_brand":[],"product_cat":[143,148],"product_tag":[],"class_list":{"0":"post-5794","1":"product","2":"type-product","3":"status-publish","4":"has-post-thumbnail","6":"product_cat-tables-bureaux","7":"product_cat-polyvalents","9":"first","10":"instock","11":"shipping-taxable","12":"product-type-simple"},"acf":{"bigger_product_image":"","background-text":"Dimmer","product_designer":[1024],"inactive_designer_info":{"custom_designer_name":"","custom_designer_image":null},"scene_gallery":[3397,3395,3405,3407,3411,3413,3415],"gallery_bg_color":"#777777","details_gallery":[{"slide_text":"<span data-sheets-root=\"1\">Dimmer se distingue non seulement par son adaptabilit\u00e9, mais <strong>aussi par sa fonctionnalit\u00e9<\/strong>. Il offre en outre un <strong>large \u00e9ventail de combinaisons possibles<\/strong>, ce qui en fait un \u00e9l\u00e9ment id\u00e9al pour tout environnement professionnel.\r\n<\/span>\r\n\r\n<span data-sheets-root=\"1\">La mobilit\u00e9 est essentielle dans les environnements tr\u00e8s <strong>dynamiques<\/strong>. Dimmer est \u00e9quip\u00e9 de roues <strong>verrouillables<\/strong>, ce qui permet de le d\u00e9placer facilement d'un endroit \u00e0 l'autre. De plus, son syst\u00e8me de <strong>pliage innovant<\/strong> en fait une option peu encombrante.<\/span>","slide_image":3417},{"slide_text":"<span data-sheets-root=\"1\">Il est \u00e9quip\u00e9 d'un <strong>syst\u00e8me de commande<\/strong> \u00e0 piston \u00e0 gaz qui permet de r\u00e9gler la hauteur en douceur et sans effort, sans avoir recours \u00e0 l'\u00e9lectricit\u00e9.\r\nSon <strong>m\u00e9canisme de pliage<\/strong> innovant facilite \u00e9galement son rangement, qui optimise l'espace disponible.\r\n<\/span>","slide_image":3409},{"slide_text":"<span data-sheets-root=\"1\">Les bureaux modernes et les <strong>espaces polyvalents exigent<\/strong> des solutions agiles et efficaces. Dimmer est la solution : une table \u00e0 gaz alliant mobilit\u00e9, fonctionnalit\u00e9 et design adaptable, id\u00e9ale pour les espaces <strong>flexibles et exigeants<\/strong>.<\/span>","slide_image":3419},{"slide_text":"<span data-sheets-root=\"1\">Dans les espaces de travail <strong>collaboratifs et dynamiques<\/strong>, o\u00f9 la <strong>flexibilit\u00e9<\/strong> et <strong>l'optimisation du temps<\/strong> sont essentielles, le mobilier doit s'adapter aux besoins de polyvalence des personne<\/span>","slide_image":3403},{"slide_text":"Les bureaux modernes et les espaces polyvalents exigent des <strong>solutions agiles et efficaces<\/strong>. Dimmer est la solution : une<strong> table \u00e0 gaz alliant<\/strong> mobilit\u00e9, fonctionnalit\u00e9 et <strong>design adaptable<\/strong>, id\u00e9ale pour les espaces flexibles et exigeants.","slide_image":3401}],"product_video":{"video_link":"https:\/\/www.youtube.com\/watch?v=uftFq5DI3do&ab_channel=Forma5Group-OfficeFurniture","video_cover":6400},"product_downloads_path":"mesas-oficina\/estudio","product_downloads":[{"select_file_type":"normal","file_type":"catalog","file_type_special":"","file_name":"DIMMER.pdf","file_customlabel":"Catalogue"},{"select_file_type":"normal","file_type":"technicalFeatures","file_type_special":"","file_name":"CCTT_Dimmer_FR.pdf","file_customlabel":"Caract\u00e9ristiques Techniques"},{"select_file_type":"normal","file_type":"productCertificate","file_type_special":"","file_name":"EPD_MESA_DIMMER_ING.pdf","file_customlabel":"DEP"},{"select_file_type":"normal","file_type":"images","file_type_special":"","file_name":"04_Dimmer.zip","file_customlabel":"Images"}],"grid_image_gallery":null},"yoast_head":"<!-- This site is optimized with the Yoast SEO plugin v25.2 - https:\/\/yoast.com\/wordpress\/plugins\/seo\/ -->\n<title>\u25b6 Table pliante \u00ab Dimmer \u00bb pour bureaux et espaces de travail - Groupe Forma 5<\/title>\n<meta name=\"description\" content=\"D\u00e9couvrez la table pliante innovante \u00ab Dimmer \u00bb, con\u00e7ue pour les espaces de travail et les bureaux, avec l&#039;option d&#039;un tableau blanc int\u00e9gr\u00e9.\" \/>\n<meta name=\"robots\" content=\"noindex, follow, max-snippet:-1, max-image-preview:large, max-video-preview:-1\" \/>\n<meta property=\"og:locale\" content=\"fr_FR\" \/>\n<meta property=\"og:type\" content=\"article\" \/>\n<meta property=\"og:title\" content=\"\u25b6 Table pliante \u00ab Dimmer \u00bb pour bureaux et espaces de travail - Groupe Forma 5\" \/>\n<meta property=\"og:description\" content=\"D\u00e9couvrez la table pliante innovante \u00ab Dimmer \u00bb, con\u00e7ue pour les espaces de travail et les bureaux, avec l&#039;option d&#039;un tableau blanc int\u00e9gr\u00e9.\" \/>\n<meta property=\"og:url\" content=\"https:\/\/test.forma5.com\/fr\/tables-bureaux\/polyvalents\/dimmer\/\" \/>\n<meta property=\"og:site_name\" content=\"Forma 5\" \/>\n<meta property=\"article:modified_time\" content=\"2025-06-09T11:04:42+00:00\" \/>\n<meta property=\"og:image\" content=\"https:\/\/test.forma5.com\/wp-content\/uploads\/dimmer-desk-meeting-wheels-offices-tables.webp\" \/>\n\t<meta property=\"og:image:width\" content=\"800\" \/>\n\t<meta property=\"og:image:height\" content=\"800\" \/>\n\t<meta property=\"og:image:type\" content=\"image\/webp\" \/>\n<meta name=\"twitter:card\" content=\"summary_large_image\" \/>\n<meta name=\"twitter:label1\" content=\"Dur\u00e9e de lecture estim\u00e9e\" \/>\n\t<meta name=\"twitter:data1\" content=\"1 minute\" \/>\n<script type=\"application\/ld+json\" class=\"yoast-schema-graph\">{\"@context\":\"https:\/\/schema.org\",\"@graph\":[{\"@type\":\"WebPage\",\"@id\":\"https:\/\/test.forma5.com\/fr\/tables-bureaux\/polyvalents\/dimmer\/\",\"url\":\"https:\/\/test.forma5.com\/fr\/tables-bureaux\/polyvalents\/dimmer\/\",\"name\":\"\u25b6 Table pliante \u00ab Dimmer \u00bb pour bureaux et espaces de travail - Groupe Forma 5\",\"isPartOf\":{\"@id\":\"https:\/\/test.forma5.com\/fr\/#website\"},\"primaryImageOfPage\":{\"@id\":\"https:\/\/test.forma5.com\/fr\/tables-bureaux\/polyvalents\/dimmer\/#primaryimage\"},\"image\":{\"@id\":\"https:\/\/test.forma5.com\/fr\/tables-bureaux\/polyvalents\/dimmer\/#primaryimage\"},\"thumbnailUrl\":\"https:\/\/test.forma5.com\/wp-content\/uploads\/dimmer-desk-meeting-wheels-offices-tables.webp\",\"datePublished\":\"2025-05-26T06:44:02+00:00\",\"dateModified\":\"2025-06-09T11:04:42+00:00\",\"description\":\"D\u00e9couvrez la table pliante innovante \u00ab Dimmer \u00bb, con\u00e7ue pour les espaces de travail et les bureaux, avec l'option d'un tableau blanc int\u00e9gr\u00e9.\",\"breadcrumb\":{\"@id\":\"https:\/\/test.forma5.com\/fr\/tables-bureaux\/polyvalents\/dimmer\/#breadcrumb\"},\"inLanguage\":\"fr-FR\",\"potentialAction\":[{\"@type\":\"ReadAction\",\"target\":[\"https:\/\/test.forma5.com\/fr\/tables-bureaux\/polyvalents\/dimmer\/\"]}]},{\"@type\":\"ImageObject\",\"inLanguage\":\"fr-FR\",\"@id\":\"https:\/\/test.forma5.com\/fr\/tables-bureaux\/polyvalents\/dimmer\/#primaryimage\",\"url\":\"https:\/\/test.forma5.com\/wp-content\/uploads\/dimmer-desk-meeting-wheels-offices-tables.webp\",\"contentUrl\":\"https:\/\/test.forma5.com\/wp-content\/uploads\/dimmer-desk-meeting-wheels-offices-tables.webp\",\"width\":800,\"height\":800},{\"@type\":\"BreadcrumbList\",\"@id\":\"https:\/\/test.forma5.com\/fr\/tables-bureaux\/polyvalents\/dimmer\/#breadcrumb\",\"itemListElement\":[{\"@type\":\"ListItem\",\"position\":1,\"name\":\"Portada\",\"item\":\"https:\/\/test.forma5.com\/fr\/\"},{\"@type\":\"ListItem\",\"position\":2,\"name\":\"Productos\",\"item\":\"https:\/\/test.forma5.com\/shop\/\"},{\"@type\":\"ListItem\",\"position\":3,\"name\":\"Dimmer\"}]},{\"@type\":\"WebSite\",\"@id\":\"https:\/\/test.forma5.com\/fr\/#website\",\"url\":\"https:\/\/test.forma5.com\/fr\/\",\"name\":\"Forma 5\",\"description\":\"\",\"publisher\":{\"@id\":\"https:\/\/test.forma5.com\/fr\/#organization\"},\"potentialAction\":[{\"@type\":\"SearchAction\",\"target\":{\"@type\":\"EntryPoint\",\"urlTemplate\":\"https:\/\/test.forma5.com\/fr\/?s={search_term_string}\"},\"query-input\":{\"@type\":\"PropertyValueSpecification\",\"valueRequired\":true,\"valueName\":\"search_term_string\"}}],\"inLanguage\":\"fr-FR\"},{\"@type\":\"Organization\",\"@id\":\"https:\/\/test.forma5.com\/fr\/#organization\",\"name\":\"Forma 5\",\"url\":\"https:\/\/test.forma5.com\/fr\/\",\"logo\":{\"@type\":\"ImageObject\",\"inLanguage\":\"fr-FR\",\"@id\":\"https:\/\/test.forma5.com\/fr\/#\/schema\/logo\/image\/\",\"url\":\"https:\/\/test.forma5.com\/wp-content\/uploads\/logo.svg\",\"contentUrl\":\"https:\/\/test.forma5.com\/wp-content\/uploads\/logo.svg\",\"width\":169,\"height\":36,\"caption\":\"Forma 5\"},\"image\":{\"@id\":\"https:\/\/test.forma5.com\/fr\/#\/schema\/logo\/image\/\"}}]}<\/script>\n<!-- \/ Yoast SEO plugin. -->","yoast_head_json":{"title":"\u25b6 Table pliante \u00ab Dimmer \u00bb pour bureaux et espaces de travail - Groupe Forma 5","description":"D\u00e9couvrez la table pliante innovante \u00ab Dimmer \u00bb, con\u00e7ue pour les espaces de travail et les bureaux, avec l'option d'un tableau blanc int\u00e9gr\u00e9.","robots":{"index":"noindex","follow":"follow","max-snippet":"max-snippet:-1","max-image-preview":"max-image-preview:large","max-video-preview":"max-video-preview:-1"},"og_locale":"fr_FR","og_type":"article","og_title":"\u25b6 Table pliante \u00ab Dimmer \u00bb pour bureaux et espaces de travail - Groupe Forma 5","og_description":"D\u00e9couvrez la table pliante innovante \u00ab Dimmer \u00bb, con\u00e7ue pour les espaces de travail et les bureaux, avec l'option d'un tableau blanc int\u00e9gr\u00e9.","og_url":"https:\/\/test.forma5.com\/fr\/tables-bureaux\/polyvalents\/dimmer\/","og_site_name":"Forma 5","article_modified_time":"2025-06-09T11:04:42+00:00","og_image":[{"width":800,"height":800,"url":"https:\/\/test.forma5.com\/wp-content\/uploads\/dimmer-desk-meeting-wheels-offices-tables.webp","type":"image\/webp"}],"twitter_card":"summary_large_image","twitter_misc":{"Dur\u00e9e de lecture estim\u00e9e":"1 minute"},"schema":{"@context":"https:\/\/schema.org","@graph":[{"@type":"WebPage","@id":"https:\/\/test.forma5.com\/fr\/tables-bureaux\/polyvalents\/dimmer\/","url":"https:\/\/test.forma5.com\/fr\/tables-bureaux\/polyvalents\/dimmer\/","name":"\u25b6 Table pliante \u00ab Dimmer \u00bb pour bureaux et espaces de travail - Groupe Forma 5","isPartOf":{"@id":"https:\/\/test.forma5.com\/fr\/#website"},"primaryImageOfPage":{"@id":"https:\/\/test.forma5.com\/fr\/tables-bureaux\/polyvalents\/dimmer\/#primaryimage"},"image":{"@id":"https:\/\/test.forma5.com\/fr\/tables-bureaux\/polyvalents\/dimmer\/#primaryimage"},"thumbnailUrl":"https:\/\/test.forma5.com\/wp-content\/uploads\/dimmer-desk-meeting-wheels-offices-tables.webp","datePublished":"2025-05-26T06:44:02+00:00","dateModified":"2025-06-09T11:04:42+00:00","description":"D\u00e9couvrez la table pliante innovante \u00ab Dimmer \u00bb, con\u00e7ue pour les espaces de travail et les bureaux, avec l'option d'un tableau blanc int\u00e9gr\u00e9.","breadcrumb":{"@id":"https:\/\/test.forma5.com\/fr\/tables-bureaux\/polyvalents\/dimmer\/#breadcrumb"},"inLanguage":"fr-FR","potentialAction":[{"@type":"ReadAction","target":["https:\/\/test.forma5.com\/fr\/tables-bureaux\/polyvalents\/dimmer\/"]}]},{"@type":"ImageObject","inLanguage":"fr-FR","@id":"https:\/\/test.forma5.com\/fr\/tables-bureaux\/polyvalents\/dimmer\/#primaryimage","url":"https:\/\/test.forma5.com\/wp-content\/uploads\/dimmer-desk-meeting-wheels-offices-tables.webp","contentUrl":"https:\/\/test.forma5.com\/wp-content\/uploads\/dimmer-desk-meeting-wheels-offices-tables.webp","width":800,"height":800},{"@type":"BreadcrumbList","@id":"https:\/\/test.forma5.com\/fr\/tables-bureaux\/polyvalents\/dimmer\/#breadcrumb","itemListElement":[{"@type":"ListItem","position":1,"name":"Portada","item":"https:\/\/test.forma5.com\/fr\/"},{"@type":"ListItem","position":2,"name":"Productos","item":"https:\/\/test.forma5.com\/shop\/"},{"@type":"ListItem","position":3,"name":"Dimmer"}]},{"@type":"WebSite","@id":"https:\/\/test.forma5.com\/fr\/#website","url":"https:\/\/test.forma5.com\/fr\/","name":"Forma 5","description":"","publisher":{"@id":"https:\/\/test.forma5.com\/fr\/#organization"},"potentialAction":[{"@type":"SearchAction","target":{"@type":"EntryPoint","urlTemplate":"https:\/\/test.forma5.com\/fr\/?s={search_term_string}"},"query-input":{"@type":"PropertyValueSpecification","valueRequired":true,"valueName":"search_term_string"}}],"inLanguage":"fr-FR"},{"@type":"Organization","@id":"https:\/\/test.forma5.com\/fr\/#organization","name":"Forma 5","url":"https:\/\/test.forma5.com\/fr\/","logo":{"@type":"ImageObject","inLanguage":"fr-FR","@id":"https:\/\/test.forma5.com\/fr\/#\/schema\/logo\/image\/","url":"https:\/\/test.forma5.com\/wp-content\/uploads\/logo.svg","contentUrl":"https:\/\/test.forma5.com\/wp-content\/uploads\/logo.svg","width":169,"height":36,"caption":"Forma 5"},"image":{"@id":"https:\/\/test.forma5.com\/fr\/#\/schema\/logo\/image\/"}}]}},"_links":{"self":[{"href":"https:\/\/test.forma5.com\/fr\/wp-json\/wp\/v2\/product\/5794","targetHints":{"allow":["GET"]}}],"collection":[{"href":"https:\/\/test.forma5.com\/fr\/wp-json\/wp\/v2\/product"}],"about":[{"href":"https:\/\/test.forma5.com\/fr\/wp-json\/wp\/v2\/types\/product"}],"acf:attachment":[{"embeddable":true,"href":"https:\/\/test.forma5.com\/fr\/wp-json\/wp\/v2\/media\/3415"},{"embeddable":true,"href":"https:\/\/test.forma5.com\/fr\/wp-json\/wp\/v2\/media\/3413"},{"embeddable":true,"href":"https:\/\/test.forma5.com\/fr\/wp-json\/wp\/v2\/media\/3411"},{"embeddable":true,"href":"https:\/\/test.forma5.com\/fr\/wp-json\/wp\/v2\/media\/3407"},{"embeddable":true,"href":"https:\/\/test.forma5.com\/fr\/wp-json\/wp\/v2\/media\/3405"},{"embeddable":true,"href":"https:\/\/test.forma5.com\/fr\/wp-json\/wp\/v2\/media\/3395"},{"embeddable":true,"href":"https:\/\/test.forma5.com\/fr\/wp-json\/wp\/v2\/media\/3397"}],"acf:post":[{"embeddable":true,"href":"https:\/\/test.forma5.com\/fr\/wp-json\/wp\/v2\/disenador\/1024"}],"wp:featuredmedia":[{"embeddable":true,"href":"https:\/\/test.forma5.com\/fr\/wp-json\/wp\/v2\/media\/5796"}],"wp:attachment":[{"href":"https:\/\/test.forma5.com\/fr\/wp-json\/wp\/v2\/media?parent=5794"}],"wp:term":[{"taxonomy":"product_brand","embeddable":true,"href":"https:\/\/test.forma5.com\/fr\/wp-json\/wp\/v2\/product_brand?post=5794"},{"taxonomy":"product_cat","embeddable":true,"href":"https:\/\/test.forma5.com\/fr\/wp-json\/wp\/v2\/product_cat?post=5794"},{"taxonomy":"product_tag","embeddable":true,"href":"https:\/\/test.forma5.com\/fr\/wp-json\/wp\/v2\/product_tag?post=5794"}],"curies":[{"name":"wp","href":"https:\/\/api.w.org\/{rel}","templated":true}]}}