{"id":5333,"date":"2024-08-16T10:12:00","date_gmt":"2024-08-16T08:12:00","guid":{"rendered":"https:\/\/test.forma5.com\/producto\/non%20class\u00e9\/semidireccion\/"},"modified":"2025-03-03T11:56:00","modified_gmt":"2025-03-03T10:56:00","slug":"semi-direction","status":"publish","type":"product","link":"https:\/\/test.forma5.com\/fr\/tables-bureaux\/semi-direction\/","title":{"rendered":"Bureau de semi-direction"},"content":{"rendered":"<p><span data-sheets-root=\"1\">Cette gamme, que nous appelons \u00ab semi-directionnelle \u00bb, comprend une s\u00e9rie de configurations, bas\u00e9es pour la plupart sur des \u00e9l\u00e9ments d&rsquo;autres gammes, qui se distinguent par la solution int\u00e9grale qu&rsquo;elles offrent pour les postes de travail semi-directionnels. Il s&rsquo;agit d&rsquo;une proposition modulaire int\u00e9grant le stockage, les r\u00e9unions et l&rsquo;espace de travail, ainsi que des postes de travail avec des cr\u00e9dences attenantes et des configurations avec des largeurs sp\u00e9ciales pour les postes de d\u00e9cision. Et, bien s\u00fbr, un design et une esth\u00e9tique sup\u00e9rieurs.<\/span><\/p>\n","protected":false},"excerpt":{"rendered":"<h2>Int\u00e9gration de <em>l&rsquo;espace de stockage et de l&rsquo;espace de r\u00e9union<\/em> avec un design et une esth\u00e9tique am\u00e9lior\u00e9s<\/h2>\n","protected":false},"featured_media":5335,"template":"","meta":{"_acf_changed":false},"product_brand":[],"product_cat":[143,157],"product_tag":[],"class_list":{"0":"post-5333","1":"product","2":"type-product","3":"status-publish","4":"has-post-thumbnail","6":"product_cat-tables-bureaux","7":"product_cat-semi-direction","9":"first","10":"instock","11":"shipping-taxable","12":"product-type-simple"},"acf":{"bigger_product_image":"","background-text":"Semi-direction","product_designer":[1024],"inactive_designer_info":{"custom_designer_name":"","custom_designer_image":null},"scene_gallery":[2562,2564,2566],"gallery_bg_color":"#a8a8a8","details_gallery":[{"slide_text":"<span data-sheets-root=\"1\"><strong>Solutions int\u00e9gr\u00e9es<\/strong> pour les bureaux semi-ex\u00e9cutifs.<\/span>","slide_image":3353}],"product_video":{"video_link":"","video_cover":""},"product_downloads_path":"mesas-oficina\/semidireccion","product_downloads":[{"select_file_type":"normal","file_type":"catalog","file_type_special":"","file_name":"C_semidireccion-semiexecutive.pdf","file_customlabel":"Catalogue"},{"select_file_type":"normal","file_type":"technicalFeatures","file_type_special":"","file_name":"_CCTT_Semidireccion.pdf","file_customlabel":"Caract\u00e9ristiques Techniques"},{"select_file_type":"normal","file_type":"images","file_type_special":"","file_name":"02_Despacho Semiejecutivo.zip","file_customlabel":"Images"},{"select_file_type":"normal","file_type":"autocad","file_type_special":"","file_name":"Semidireccion.zip","file_customlabel":"G\u00e9om\u00e9trie 3D"}],"grid_image_gallery":null},"yoast_head":"<!-- This site is optimized with the Yoast SEO plugin v25.2 - https:\/\/yoast.com\/wordpress\/plugins\/seo\/ -->\n<title>\u25b6 D\u00e9couvrez notre table et notre bureau modulables avec rangement pour postes semi-ex\u00e9cutifs - Groupe Forma 5<\/title>\n<meta name=\"description\" content=\"Table modulaire, bureau avec rangement et bureau en L : une solution id\u00e9ale pour les postes de travail \u00e0 mi-chemin, alliant design et fonctionnalit\u00e9.\" \/>\n<meta name=\"robots\" content=\"noindex, follow, max-snippet:-1, max-image-preview:large, max-video-preview:-1\" \/>\n<meta property=\"og:locale\" content=\"fr_FR\" \/>\n<meta property=\"og:type\" content=\"article\" \/>\n<meta property=\"og:title\" content=\"\u25b6 D\u00e9couvrez notre table et notre bureau modulables avec rangement pour postes semi-ex\u00e9cutifs - Groupe Forma 5\" \/>\n<meta property=\"og:description\" content=\"Table modulaire, bureau avec rangement et bureau en L : une solution id\u00e9ale pour les postes de travail \u00e0 mi-chemin, alliant design et fonctionnalit\u00e9.\" \/>\n<meta property=\"og:url\" content=\"https:\/\/test.forma5.com\/fr\/tables-bureaux\/semi-direction\/\" \/>\n<meta property=\"og:site_name\" content=\"Forma 5\" \/>\n<meta property=\"article:modified_time\" content=\"2025-03-03T10:56:00+00:00\" \/>\n<meta property=\"og:image\" content=\"https:\/\/test.forma5.com\/wp-content\/uploads\/semidireccion.webp\" \/>\n\t<meta property=\"og:image:width\" content=\"1200\" \/>\n\t<meta property=\"og:image:height\" content=\"1200\" \/>\n\t<meta property=\"og:image:type\" content=\"image\/webp\" \/>\n<meta name=\"twitter:card\" content=\"summary_large_image\" \/>\n<meta name=\"twitter:label1\" content=\"Dur\u00e9e de lecture estim\u00e9e\" \/>\n\t<meta name=\"twitter:data1\" content=\"1 minute\" \/>\n<script type=\"application\/ld+json\" class=\"yoast-schema-graph\">{\"@context\":\"https:\/\/schema.org\",\"@graph\":[{\"@type\":\"WebPage\",\"@id\":\"https:\/\/test.forma5.com\/fr\/tables-bureaux\/semi-direction\/\",\"url\":\"https:\/\/test.forma5.com\/fr\/tables-bureaux\/semi-direction\/\",\"name\":\"\u25b6 D\u00e9couvrez notre table et notre bureau modulables avec rangement pour postes semi-ex\u00e9cutifs - Groupe Forma 5\",\"isPartOf\":{\"@id\":\"https:\/\/test.forma5.com\/fr\/#website\"},\"primaryImageOfPage\":{\"@id\":\"https:\/\/test.forma5.com\/fr\/tables-bureaux\/semi-direction\/#primaryimage\"},\"image\":{\"@id\":\"https:\/\/test.forma5.com\/fr\/tables-bureaux\/semi-direction\/#primaryimage\"},\"thumbnailUrl\":\"https:\/\/test.forma5.com\/wp-content\/uploads\/semidireccion.webp\",\"datePublished\":\"2024-08-16T08:12:00+00:00\",\"dateModified\":\"2025-03-03T10:56:00+00:00\",\"description\":\"Table modulaire, bureau avec rangement et bureau en L : une solution id\u00e9ale pour les postes de travail \u00e0 mi-chemin, alliant design et fonctionnalit\u00e9.\",\"breadcrumb\":{\"@id\":\"https:\/\/test.forma5.com\/fr\/tables-bureaux\/semi-direction\/#breadcrumb\"},\"inLanguage\":\"fr-FR\",\"potentialAction\":[{\"@type\":\"ReadAction\",\"target\":[\"https:\/\/test.forma5.com\/fr\/tables-bureaux\/semi-direction\/\"]}]},{\"@type\":\"ImageObject\",\"inLanguage\":\"fr-FR\",\"@id\":\"https:\/\/test.forma5.com\/fr\/tables-bureaux\/semi-direction\/#primaryimage\",\"url\":\"https:\/\/test.forma5.com\/wp-content\/uploads\/semidireccion.webp\",\"contentUrl\":\"https:\/\/test.forma5.com\/wp-content\/uploads\/semidireccion.webp\",\"width\":1200,\"height\":1200},{\"@type\":\"BreadcrumbList\",\"@id\":\"https:\/\/test.forma5.com\/fr\/tables-bureaux\/semi-direction\/#breadcrumb\",\"itemListElement\":[{\"@type\":\"ListItem\",\"position\":1,\"name\":\"Portada\",\"item\":\"https:\/\/test.forma5.com\/fr\/\"},{\"@type\":\"ListItem\",\"position\":2,\"name\":\"Productos\",\"item\":\"https:\/\/test.forma5.com\/shop\/\"},{\"@type\":\"ListItem\",\"position\":3,\"name\":\"Bureau de semi-direction\"}]},{\"@type\":\"WebSite\",\"@id\":\"https:\/\/test.forma5.com\/fr\/#website\",\"url\":\"https:\/\/test.forma5.com\/fr\/\",\"name\":\"Forma 5\",\"description\":\"\",\"publisher\":{\"@id\":\"https:\/\/test.forma5.com\/fr\/#organization\"},\"potentialAction\":[{\"@type\":\"SearchAction\",\"target\":{\"@type\":\"EntryPoint\",\"urlTemplate\":\"https:\/\/test.forma5.com\/fr\/?s={search_term_string}\"},\"query-input\":{\"@type\":\"PropertyValueSpecification\",\"valueRequired\":true,\"valueName\":\"search_term_string\"}}],\"inLanguage\":\"fr-FR\"},{\"@type\":\"Organization\",\"@id\":\"https:\/\/test.forma5.com\/fr\/#organization\",\"name\":\"Forma 5\",\"url\":\"https:\/\/test.forma5.com\/fr\/\",\"logo\":{\"@type\":\"ImageObject\",\"inLanguage\":\"fr-FR\",\"@id\":\"https:\/\/test.forma5.com\/fr\/#\/schema\/logo\/image\/\",\"url\":\"https:\/\/test.forma5.com\/wp-content\/uploads\/logo.svg\",\"contentUrl\":\"https:\/\/test.forma5.com\/wp-content\/uploads\/logo.svg\",\"width\":169,\"height\":36,\"caption\":\"Forma 5\"},\"image\":{\"@id\":\"https:\/\/test.forma5.com\/fr\/#\/schema\/logo\/image\/\"}}]}<\/script>\n<!-- \/ Yoast SEO plugin. -->","yoast_head_json":{"title":"\u25b6 D\u00e9couvrez notre table et notre bureau modulables avec rangement pour postes semi-ex\u00e9cutifs - Groupe Forma 5","description":"Table modulaire, bureau avec rangement et bureau en L : une solution id\u00e9ale pour les postes de travail \u00e0 mi-chemin, alliant design et fonctionnalit\u00e9.","robots":{"index":"noindex","follow":"follow","max-snippet":"max-snippet:-1","max-image-preview":"max-image-preview:large","max-video-preview":"max-video-preview:-1"},"og_locale":"fr_FR","og_type":"article","og_title":"\u25b6 D\u00e9couvrez notre table et notre bureau modulables avec rangement pour postes semi-ex\u00e9cutifs - Groupe Forma 5","og_description":"Table modulaire, bureau avec rangement et bureau en L : une solution id\u00e9ale pour les postes de travail \u00e0 mi-chemin, alliant design et fonctionnalit\u00e9.","og_url":"https:\/\/test.forma5.com\/fr\/tables-bureaux\/semi-direction\/","og_site_name":"Forma 5","article_modified_time":"2025-03-03T10:56:00+00:00","og_image":[{"width":1200,"height":1200,"url":"https:\/\/test.forma5.com\/wp-content\/uploads\/semidireccion.webp","type":"image\/webp"}],"twitter_card":"summary_large_image","twitter_misc":{"Dur\u00e9e de lecture estim\u00e9e":"1 minute"},"schema":{"@context":"https:\/\/schema.org","@graph":[{"@type":"WebPage","@id":"https:\/\/test.forma5.com\/fr\/tables-bureaux\/semi-direction\/","url":"https:\/\/test.forma5.com\/fr\/tables-bureaux\/semi-direction\/","name":"\u25b6 D\u00e9couvrez notre table et notre bureau modulables avec rangement pour postes semi-ex\u00e9cutifs - Groupe Forma 5","isPartOf":{"@id":"https:\/\/test.forma5.com\/fr\/#website"},"primaryImageOfPage":{"@id":"https:\/\/test.forma5.com\/fr\/tables-bureaux\/semi-direction\/#primaryimage"},"image":{"@id":"https:\/\/test.forma5.com\/fr\/tables-bureaux\/semi-direction\/#primaryimage"},"thumbnailUrl":"https:\/\/test.forma5.com\/wp-content\/uploads\/semidireccion.webp","datePublished":"2024-08-16T08:12:00+00:00","dateModified":"2025-03-03T10:56:00+00:00","description":"Table modulaire, bureau avec rangement et bureau en L : une solution id\u00e9ale pour les postes de travail \u00e0 mi-chemin, alliant design et fonctionnalit\u00e9.","breadcrumb":{"@id":"https:\/\/test.forma5.com\/fr\/tables-bureaux\/semi-direction\/#breadcrumb"},"inLanguage":"fr-FR","potentialAction":[{"@type":"ReadAction","target":["https:\/\/test.forma5.com\/fr\/tables-bureaux\/semi-direction\/"]}]},{"@type":"ImageObject","inLanguage":"fr-FR","@id":"https:\/\/test.forma5.com\/fr\/tables-bureaux\/semi-direction\/#primaryimage","url":"https:\/\/test.forma5.com\/wp-content\/uploads\/semidireccion.webp","contentUrl":"https:\/\/test.forma5.com\/wp-content\/uploads\/semidireccion.webp","width":1200,"height":1200},{"@type":"BreadcrumbList","@id":"https:\/\/test.forma5.com\/fr\/tables-bureaux\/semi-direction\/#breadcrumb","itemListElement":[{"@type":"ListItem","position":1,"name":"Portada","item":"https:\/\/test.forma5.com\/fr\/"},{"@type":"ListItem","position":2,"name":"Productos","item":"https:\/\/test.forma5.com\/shop\/"},{"@type":"ListItem","position":3,"name":"Bureau de semi-direction"}]},{"@type":"WebSite","@id":"https:\/\/test.forma5.com\/fr\/#website","url":"https:\/\/test.forma5.com\/fr\/","name":"Forma 5","description":"","publisher":{"@id":"https:\/\/test.forma5.com\/fr\/#organization"},"potentialAction":[{"@type":"SearchAction","target":{"@type":"EntryPoint","urlTemplate":"https:\/\/test.forma5.com\/fr\/?s={search_term_string}"},"query-input":{"@type":"PropertyValueSpecification","valueRequired":true,"valueName":"search_term_string"}}],"inLanguage":"fr-FR"},{"@type":"Organization","@id":"https:\/\/test.forma5.com\/fr\/#organization","name":"Forma 5","url":"https:\/\/test.forma5.com\/fr\/","logo":{"@type":"ImageObject","inLanguage":"fr-FR","@id":"https:\/\/test.forma5.com\/fr\/#\/schema\/logo\/image\/","url":"https:\/\/test.forma5.com\/wp-content\/uploads\/logo.svg","contentUrl":"https:\/\/test.forma5.com\/wp-content\/uploads\/logo.svg","width":169,"height":36,"caption":"Forma 5"},"image":{"@id":"https:\/\/test.forma5.com\/fr\/#\/schema\/logo\/image\/"}}]}},"_links":{"self":[{"href":"https:\/\/test.forma5.com\/fr\/wp-json\/wp\/v2\/product\/5333","targetHints":{"allow":["GET"]}}],"collection":[{"href":"https:\/\/test.forma5.com\/fr\/wp-json\/wp\/v2\/product"}],"about":[{"href":"https:\/\/test.forma5.com\/fr\/wp-json\/wp\/v2\/types\/product"}],"acf:attachment":[{"embeddable":true,"href":"https:\/\/test.forma5.com\/fr\/wp-json\/wp\/v2\/media\/2566"},{"embeddable":true,"href":"https:\/\/test.forma5.com\/fr\/wp-json\/wp\/v2\/media\/2564"},{"embeddable":true,"href":"https:\/\/test.forma5.com\/fr\/wp-json\/wp\/v2\/media\/2562"}],"acf:post":[{"embeddable":true,"href":"https:\/\/test.forma5.com\/fr\/wp-json\/wp\/v2\/disenador\/1024"}],"wp:featuredmedia":[{"embeddable":true,"href":"https:\/\/test.forma5.com\/fr\/wp-json\/wp\/v2\/media\/5335"}],"wp:attachment":[{"href":"https:\/\/test.forma5.com\/fr\/wp-json\/wp\/v2\/media?parent=5333"}],"wp:term":[{"taxonomy":"product_brand","embeddable":true,"href":"https:\/\/test.forma5.com\/fr\/wp-json\/wp\/v2\/product_brand?post=5333"},{"taxonomy":"product_cat","embeddable":true,"href":"https:\/\/test.forma5.com\/fr\/wp-json\/wp\/v2\/product_cat?post=5333"},{"taxonomy":"product_tag","embeddable":true,"href":"https:\/\/test.forma5.com\/fr\/wp-json\/wp\/v2\/product_tag?post=5333"}],"curies":[{"name":"wp","href":"https:\/\/api.w.org\/{rel}","templated":true}]}}