{"id":5320,"date":"2024-08-14T15:03:33","date_gmt":"2024-08-14T13:03:33","guid":{"rendered":"https:\/\/test.forma5.com\/producto\/non%20class\u00e9\/vektor\/"},"modified":"2025-05-27T14:54:23","modified_gmt":"2025-05-27T12:54:23","slug":"vektor","status":"publish","type":"product","link":"https:\/\/test.forma5.com\/fr\/tables-bureaux\/direction\/vektor\/","title":{"rendered":"Vektor"},"content":{"rendered":"<p><span data-sheets-root=\"1\">La gamme Vektor marque une \u00e9volution du mobilier de direction traditionnel, adoptant une esth\u00e9tique plus moderne, en accord avec les nouvelles tendances d&rsquo;espaces lumineux et avant-gardistes. Son design est remarquable dans ses deux versions : avec support dans un portique annulaire \u00e0 finition m\u00e9tallique, ou avec support dans un mur en bois de haute qualit\u00e9. Il dispose \u00e9galement d&rsquo;un syst\u00e8me de rangement int\u00e9gr\u00e9.<\/span><\/p>\n","protected":false},"excerpt":{"rendered":"<h2>Un saut vers une esth\u00e9tique plus contemporaine pour des espaces<em><span data-sheets-root=\"1\"> lumineux et avant-gardistes<\/span><\/em><\/h2>\n","protected":false},"featured_media":5322,"template":"","meta":{"_acf_changed":false},"product_brand":[],"product_cat":[143,156],"product_tag":[],"class_list":{"0":"post-5320","1":"product","2":"type-product","3":"status-publish","4":"has-post-thumbnail","6":"product_cat-tables-bureaux","7":"product_cat-direction","9":"first","10":"instock","11":"shipping-taxable","12":"product-type-simple"},"acf":{"bigger_product_image":["isBigger"],"background-text":"","product_designer":[1042],"inactive_designer_info":{"custom_designer_name":"","custom_designer_image":null},"scene_gallery":[2572,2574,2576,3351,2578],"gallery_bg_color":"#666666","details_gallery":[{"slide_text":"<span data-sheets-root=\"1\">Une touche de distinction suppl\u00e9mentaire pour un design optimis\u00e9 par et pour l'\u00e9quilibre spatial.<\/span>","slide_image":2582},{"slide_text":"<span data-sheets-root=\"1\"><strong>Vektor Aro<\/strong>. Ses solutions originales avec des pieds en acier procurent une sensation de l\u00e9g\u00e8ret\u00e9 et de solidit\u00e9. Le double acc\u00e8s du caisson mural permet d'optimiser l'espace. L'ext\u00e9rieur est laqu\u00e9 blanc ou noir et assorti au bois naturel du plateau de la table.<\/span>","slide_image":3347},{"slide_text":"<span data-sheets-root=\"1\"><strong>Panneau Vektor<\/strong>. Les plans et les volumes sont combin\u00e9s. La structure en bois relie le plan de travail au support de la composition. La structure suspendue est disponible dans diff\u00e9rentes tailles et finitions. L'int\u00e9rieur du buchet et le mur sont assortis \u00e0 la finition du plan de travail. L'ext\u00e9rieur du m\u00e2t peut \u00eatre laqu\u00e9 en blanc ou en noir.<\/span>\r\n\r\nDes mat\u00e9riaux de qualit\u00e9 sup\u00e9rieure con\u00e7us pour offrir les meilleures performances dans les postes de direction et de gestion.","slide_image":3351},{"slide_text":"Materiales de la mejor calidad destinados a proporcionar las mejores prestaciones en puestos ejecutivos y de direcci\u00f3n","slide_image":3349}],"product_video":{"video_link":"","video_cover":""},"product_downloads_path":"mesas-oficina\/despacho","product_downloads":[{"select_file_type":"normal","file_type":"catalog","file_type_special":"","file_name":"C_vektor_cubo_quorum.pdf","file_customlabel":"Catalogue"},{"select_file_type":"normal","file_type":"technicalFeatures","file_type_special":"","file_name":"_CCTT_Vektor_Direccion.pdf","file_customlabel":"Caract\u00e9ristiques Techniques"},{"select_file_type":"normal","file_type":"productCertificate","file_type_special":"","file_name":"VEKTOR_rev05_Firmado.pdf","file_customlabel":"Certificat de Produit"},{"select_file_type":"normal","file_type":"images","file_type_special":"","file_name":"02_Vektor.zip","file_customlabel":"Images"},{"select_file_type":"normal","file_type":"autocad","file_type_special":"","file_name":"Vektor Ejecutivo.zip","file_customlabel":"G\u00e9om\u00e9trie 3D"},{"select_file_type":"normal","file_type":"revitBim","file_type_special":"","file_name":"VEKTOR-EXECUTIVE.zip","file_customlabel":"G\u00e9om\u00e9trie Revit\/BIM"}],"grid_image_gallery":null},"yoast_head":"<!-- This site is optimized with the Yoast SEO plugin v25.2 - https:\/\/yoast.com\/wordpress\/plugins\/seo\/ -->\n<title>\u25b6 D\u00e9couvrez &#039;Vektor&#039; : nos bureaux ex\u00e9cutifs - Groupe Forma 5<\/title>\n<meta name=\"description\" content=\"Bureaux de direction. \u00c9l\u00e9gant et fonctionnel. Ce bureau en L est une \u00e9volution de l&#039;espace de travail.\" \/>\n<meta name=\"robots\" content=\"noindex, follow, max-snippet:-1, max-image-preview:large, max-video-preview:-1\" \/>\n<meta property=\"og:locale\" content=\"fr_FR\" \/>\n<meta property=\"og:type\" content=\"article\" \/>\n<meta property=\"og:title\" content=\"\u25b6 D\u00e9couvrez &#039;Vektor&#039; : nos bureaux ex\u00e9cutifs - Groupe Forma 5\" \/>\n<meta property=\"og:description\" content=\"Bureaux de direction. \u00c9l\u00e9gant et fonctionnel. Ce bureau en L est une \u00e9volution de l&#039;espace de travail.\" \/>\n<meta property=\"og:url\" content=\"https:\/\/test.forma5.com\/fr\/tables-bureaux\/direction\/vektor\/\" \/>\n<meta property=\"og:site_name\" content=\"Forma 5\" \/>\n<meta property=\"article:modified_time\" content=\"2025-05-27T12:54:23+00:00\" \/>\n<meta property=\"og:image\" content=\"https:\/\/test.forma5.com\/wp-content\/uploads\/vektor.webp\" \/>\n\t<meta property=\"og:image:width\" content=\"1200\" \/>\n\t<meta property=\"og:image:height\" content=\"1200\" \/>\n\t<meta property=\"og:image:type\" content=\"image\/webp\" \/>\n<meta name=\"twitter:card\" content=\"summary_large_image\" \/>\n<meta name=\"twitter:label1\" content=\"Dur\u00e9e de lecture estim\u00e9e\" \/>\n\t<meta name=\"twitter:data1\" content=\"1 minute\" \/>\n<script type=\"application\/ld+json\" class=\"yoast-schema-graph\">{\"@context\":\"https:\/\/schema.org\",\"@graph\":[{\"@type\":\"WebPage\",\"@id\":\"https:\/\/test.forma5.com\/fr\/tables-bureaux\/direction\/vektor\/\",\"url\":\"https:\/\/test.forma5.com\/fr\/tables-bureaux\/direction\/vektor\/\",\"name\":\"\u25b6 D\u00e9couvrez 'Vektor' : nos bureaux ex\u00e9cutifs - Groupe Forma 5\",\"isPartOf\":{\"@id\":\"https:\/\/test.forma5.com\/fr\/#website\"},\"primaryImageOfPage\":{\"@id\":\"https:\/\/test.forma5.com\/fr\/tables-bureaux\/direction\/vektor\/#primaryimage\"},\"image\":{\"@id\":\"https:\/\/test.forma5.com\/fr\/tables-bureaux\/direction\/vektor\/#primaryimage\"},\"thumbnailUrl\":\"https:\/\/test.forma5.com\/wp-content\/uploads\/vektor.webp\",\"datePublished\":\"2024-08-14T13:03:33+00:00\",\"dateModified\":\"2025-05-27T12:54:23+00:00\",\"description\":\"Bureaux de direction. \u00c9l\u00e9gant et fonctionnel. Ce bureau en L est une \u00e9volution de l'espace de travail.\",\"breadcrumb\":{\"@id\":\"https:\/\/test.forma5.com\/fr\/tables-bureaux\/direction\/vektor\/#breadcrumb\"},\"inLanguage\":\"fr-FR\",\"potentialAction\":[{\"@type\":\"ReadAction\",\"target\":[\"https:\/\/test.forma5.com\/fr\/tables-bureaux\/direction\/vektor\/\"]}]},{\"@type\":\"ImageObject\",\"inLanguage\":\"fr-FR\",\"@id\":\"https:\/\/test.forma5.com\/fr\/tables-bureaux\/direction\/vektor\/#primaryimage\",\"url\":\"https:\/\/test.forma5.com\/wp-content\/uploads\/vektor.webp\",\"contentUrl\":\"https:\/\/test.forma5.com\/wp-content\/uploads\/vektor.webp\",\"width\":1200,\"height\":1200},{\"@type\":\"BreadcrumbList\",\"@id\":\"https:\/\/test.forma5.com\/fr\/tables-bureaux\/direction\/vektor\/#breadcrumb\",\"itemListElement\":[{\"@type\":\"ListItem\",\"position\":1,\"name\":\"Portada\",\"item\":\"https:\/\/test.forma5.com\/fr\/\"},{\"@type\":\"ListItem\",\"position\":2,\"name\":\"Productos\",\"item\":\"https:\/\/test.forma5.com\/shop\/\"},{\"@type\":\"ListItem\",\"position\":3,\"name\":\"Vektor\"}]},{\"@type\":\"WebSite\",\"@id\":\"https:\/\/test.forma5.com\/fr\/#website\",\"url\":\"https:\/\/test.forma5.com\/fr\/\",\"name\":\"Forma 5\",\"description\":\"\",\"publisher\":{\"@id\":\"https:\/\/test.forma5.com\/fr\/#organization\"},\"potentialAction\":[{\"@type\":\"SearchAction\",\"target\":{\"@type\":\"EntryPoint\",\"urlTemplate\":\"https:\/\/test.forma5.com\/fr\/?s={search_term_string}\"},\"query-input\":{\"@type\":\"PropertyValueSpecification\",\"valueRequired\":true,\"valueName\":\"search_term_string\"}}],\"inLanguage\":\"fr-FR\"},{\"@type\":\"Organization\",\"@id\":\"https:\/\/test.forma5.com\/fr\/#organization\",\"name\":\"Forma 5\",\"url\":\"https:\/\/test.forma5.com\/fr\/\",\"logo\":{\"@type\":\"ImageObject\",\"inLanguage\":\"fr-FR\",\"@id\":\"https:\/\/test.forma5.com\/fr\/#\/schema\/logo\/image\/\",\"url\":\"https:\/\/test.forma5.com\/wp-content\/uploads\/logo.svg\",\"contentUrl\":\"https:\/\/test.forma5.com\/wp-content\/uploads\/logo.svg\",\"width\":169,\"height\":36,\"caption\":\"Forma 5\"},\"image\":{\"@id\":\"https:\/\/test.forma5.com\/fr\/#\/schema\/logo\/image\/\"}}]}<\/script>\n<!-- \/ Yoast SEO plugin. -->","yoast_head_json":{"title":"\u25b6 D\u00e9couvrez 'Vektor' : nos bureaux ex\u00e9cutifs - Groupe Forma 5","description":"Bureaux de direction. \u00c9l\u00e9gant et fonctionnel. Ce bureau en L est une \u00e9volution de l'espace de travail.","robots":{"index":"noindex","follow":"follow","max-snippet":"max-snippet:-1","max-image-preview":"max-image-preview:large","max-video-preview":"max-video-preview:-1"},"og_locale":"fr_FR","og_type":"article","og_title":"\u25b6 D\u00e9couvrez 'Vektor' : nos bureaux ex\u00e9cutifs - Groupe Forma 5","og_description":"Bureaux de direction. \u00c9l\u00e9gant et fonctionnel. Ce bureau en L est une \u00e9volution de l'espace de travail.","og_url":"https:\/\/test.forma5.com\/fr\/tables-bureaux\/direction\/vektor\/","og_site_name":"Forma 5","article_modified_time":"2025-05-27T12:54:23+00:00","og_image":[{"width":1200,"height":1200,"url":"https:\/\/test.forma5.com\/wp-content\/uploads\/vektor.webp","type":"image\/webp"}],"twitter_card":"summary_large_image","twitter_misc":{"Dur\u00e9e de lecture estim\u00e9e":"1 minute"},"schema":{"@context":"https:\/\/schema.org","@graph":[{"@type":"WebPage","@id":"https:\/\/test.forma5.com\/fr\/tables-bureaux\/direction\/vektor\/","url":"https:\/\/test.forma5.com\/fr\/tables-bureaux\/direction\/vektor\/","name":"\u25b6 D\u00e9couvrez 'Vektor' : nos bureaux ex\u00e9cutifs - Groupe Forma 5","isPartOf":{"@id":"https:\/\/test.forma5.com\/fr\/#website"},"primaryImageOfPage":{"@id":"https:\/\/test.forma5.com\/fr\/tables-bureaux\/direction\/vektor\/#primaryimage"},"image":{"@id":"https:\/\/test.forma5.com\/fr\/tables-bureaux\/direction\/vektor\/#primaryimage"},"thumbnailUrl":"https:\/\/test.forma5.com\/wp-content\/uploads\/vektor.webp","datePublished":"2024-08-14T13:03:33+00:00","dateModified":"2025-05-27T12:54:23+00:00","description":"Bureaux de direction. \u00c9l\u00e9gant et fonctionnel. Ce bureau en L est une \u00e9volution de l'espace de travail.","breadcrumb":{"@id":"https:\/\/test.forma5.com\/fr\/tables-bureaux\/direction\/vektor\/#breadcrumb"},"inLanguage":"fr-FR","potentialAction":[{"@type":"ReadAction","target":["https:\/\/test.forma5.com\/fr\/tables-bureaux\/direction\/vektor\/"]}]},{"@type":"ImageObject","inLanguage":"fr-FR","@id":"https:\/\/test.forma5.com\/fr\/tables-bureaux\/direction\/vektor\/#primaryimage","url":"https:\/\/test.forma5.com\/wp-content\/uploads\/vektor.webp","contentUrl":"https:\/\/test.forma5.com\/wp-content\/uploads\/vektor.webp","width":1200,"height":1200},{"@type":"BreadcrumbList","@id":"https:\/\/test.forma5.com\/fr\/tables-bureaux\/direction\/vektor\/#breadcrumb","itemListElement":[{"@type":"ListItem","position":1,"name":"Portada","item":"https:\/\/test.forma5.com\/fr\/"},{"@type":"ListItem","position":2,"name":"Productos","item":"https:\/\/test.forma5.com\/shop\/"},{"@type":"ListItem","position":3,"name":"Vektor"}]},{"@type":"WebSite","@id":"https:\/\/test.forma5.com\/fr\/#website","url":"https:\/\/test.forma5.com\/fr\/","name":"Forma 5","description":"","publisher":{"@id":"https:\/\/test.forma5.com\/fr\/#organization"},"potentialAction":[{"@type":"SearchAction","target":{"@type":"EntryPoint","urlTemplate":"https:\/\/test.forma5.com\/fr\/?s={search_term_string}"},"query-input":{"@type":"PropertyValueSpecification","valueRequired":true,"valueName":"search_term_string"}}],"inLanguage":"fr-FR"},{"@type":"Organization","@id":"https:\/\/test.forma5.com\/fr\/#organization","name":"Forma 5","url":"https:\/\/test.forma5.com\/fr\/","logo":{"@type":"ImageObject","inLanguage":"fr-FR","@id":"https:\/\/test.forma5.com\/fr\/#\/schema\/logo\/image\/","url":"https:\/\/test.forma5.com\/wp-content\/uploads\/logo.svg","contentUrl":"https:\/\/test.forma5.com\/wp-content\/uploads\/logo.svg","width":169,"height":36,"caption":"Forma 5"},"image":{"@id":"https:\/\/test.forma5.com\/fr\/#\/schema\/logo\/image\/"}}]}},"_links":{"self":[{"href":"https:\/\/test.forma5.com\/fr\/wp-json\/wp\/v2\/product\/5320","targetHints":{"allow":["GET"]}}],"collection":[{"href":"https:\/\/test.forma5.com\/fr\/wp-json\/wp\/v2\/product"}],"about":[{"href":"https:\/\/test.forma5.com\/fr\/wp-json\/wp\/v2\/types\/product"}],"acf:attachment":[{"embeddable":true,"href":"https:\/\/test.forma5.com\/fr\/wp-json\/wp\/v2\/media\/2578"},{"embeddable":true,"href":"https:\/\/test.forma5.com\/fr\/wp-json\/wp\/v2\/media\/3351"},{"embeddable":true,"href":"https:\/\/test.forma5.com\/fr\/wp-json\/wp\/v2\/media\/2576"},{"embeddable":true,"href":"https:\/\/test.forma5.com\/fr\/wp-json\/wp\/v2\/media\/2574"},{"embeddable":true,"href":"https:\/\/test.forma5.com\/fr\/wp-json\/wp\/v2\/media\/2572"}],"acf:post":[{"embeddable":true,"href":"https:\/\/test.forma5.com\/fr\/wp-json\/wp\/v2\/disenador\/1042"}],"wp:featuredmedia":[{"embeddable":true,"href":"https:\/\/test.forma5.com\/fr\/wp-json\/wp\/v2\/media\/5322"}],"wp:attachment":[{"href":"https:\/\/test.forma5.com\/fr\/wp-json\/wp\/v2\/media?parent=5320"}],"wp:term":[{"taxonomy":"product_brand","embeddable":true,"href":"https:\/\/test.forma5.com\/fr\/wp-json\/wp\/v2\/product_brand?post=5320"},{"taxonomy":"product_cat","embeddable":true,"href":"https:\/\/test.forma5.com\/fr\/wp-json\/wp\/v2\/product_cat?post=5320"},{"taxonomy":"product_tag","embeddable":true,"href":"https:\/\/test.forma5.com\/fr\/wp-json\/wp\/v2\/product_tag?post=5320"}],"curies":[{"name":"wp","href":"https:\/\/api.w.org\/{rel}","templated":true}]}}