{"id":5304,"date":"2025-05-21T09:31:34","date_gmt":"2025-05-21T07:31:34","guid":{"rendered":"https:\/\/test.forma5.com\/producto\/non%20class\u00e9\/bancada-curvae\/"},"modified":"2025-06-20T11:45:30","modified_gmt":"2025-06-20T09:45:30","slug":"curvae-2","status":"publish","type":"product","link":"https:\/\/test.forma5.com\/fr\/chaises-de-salle-dattente\/curvae\/","title":{"rendered":"Chaise sur poutre Curvae"},"content":{"rendered":"<p><span data-sheets-root=\"1\">La version banc de la gamme Curvae offre une atmosph\u00e8re classique et chaleureuse alliant la noblesse du bois \u00e0 une base en m\u00e9tal. Une option polyvalente et l\u00e9g\u00e8re pour les h\u00f4pitaux, les salles d&rsquo;attente, les r\u00e9ceptions, les salles des f\u00eates, etc.<\/span><\/p>\n","protected":false},"excerpt":{"rendered":"<h2><span data-sheets-root=\"1\">Profitez de l&rsquo;air <em>classique et chaleureux<\/em>, typique de la famille Curvae, dans cette version banc<\/span><\/h2>\n","protected":false},"featured_media":5306,"template":"","meta":{"_acf_changed":false},"product_brand":[],"product_cat":[146,147],"product_tag":[],"class_list":{"0":"post-5304","1":"product","2":"type-product","3":"status-publish","4":"has-post-thumbnail","6":"product_cat-sieges","7":"product_cat-chaises-de-salle-dattente","9":"first","10":"instock","11":"shipping-taxable","12":"product-type-simple"},"acf":{"bigger_product_image":["isBigger"],"background-text":"Curvae","product_designer":[1024],"inactive_designer_info":{"custom_designer_name":"","custom_designer_image":null},"scene_gallery":[2893,2895],"gallery_bg_color":"#848484","details_gallery":[{"slide_text":"La monocoque du banc a la m\u00eame apparence que la version chaise simple, <strong><span data-sheets-root=\"1\">disponible en h\u00eatre ou enti\u00e8rement tapiss\u00e9e.<\/span><\/strong>","slide_image":2891}],"product_video":{"video_link":"","video_cover":""},"product_downloads_path":"sillas\/sala-espera-recepcion","product_downloads":[{"select_file_type":"normal","file_type":"catalog","file_type_special":"","file_name":"Curvae_Bancada_Curvae.pdf","file_customlabel":"Catalogue"},{"select_file_type":"normal","file_type":"productCertificate","file_type_special":"","file_name":"CURVAE_rev04_Firmado.pdf","file_customlabel":"Certificat de Produit"},{"select_file_type":"normal","file_type":"technicalFeatures","file_type_special":"","file_name":"_CCTT_Bancada_Curvae.pdf","file_customlabel":"Caract\u00e9ristiques Techniques"},{"select_file_type":"normal","file_type":"autocad","file_type_special":"","file_name":"Bancada_Curvae.zip","file_customlabel":"G\u00e9om\u00e9trie 3D"},{"select_file_type":"normal","file_type":"images","file_type_special":"","file_name":"03_Bancadas Curvae.zip","file_customlabel":"Images"}],"grid_image_gallery":null},"yoast_head":"<!-- This site is optimized with the Yoast SEO plugin v25.2 - https:\/\/yoast.com\/wordpress\/plugins\/seo\/ -->\n<title>\u25b6 D\u00e9couvrez notre banquette \u00ab Curvae \u00bb - Groupe Forma 5<\/title>\n<meta name=\"description\" content=\"Les bancs pour salles d&#039;attente cr\u00e9ent un environnement id\u00e9al pour les h\u00f4pitaux, les salles d&#039;attente, les r\u00e9ceptions et les collectivit\u00e9s. De 2 \u00e0 5 places.\" \/>\n<meta name=\"robots\" content=\"noindex, follow, max-snippet:-1, max-image-preview:large, max-video-preview:-1\" \/>\n<meta property=\"og:locale\" content=\"fr_FR\" \/>\n<meta property=\"og:type\" content=\"article\" \/>\n<meta property=\"og:title\" content=\"\u25b6 D\u00e9couvrez notre banquette \u00ab Curvae \u00bb - Groupe Forma 5\" \/>\n<meta property=\"og:description\" content=\"Les bancs pour salles d&#039;attente cr\u00e9ent un environnement id\u00e9al pour les h\u00f4pitaux, les salles d&#039;attente, les r\u00e9ceptions et les collectivit\u00e9s. De 2 \u00e0 5 places.\" \/>\n<meta property=\"og:url\" content=\"https:\/\/test.forma5.com\/fr\/chaises-de-salle-dattente\/curvae\/\" \/>\n<meta property=\"og:site_name\" content=\"Forma 5\" \/>\n<meta property=\"article:modified_time\" content=\"2025-06-20T09:45:30+00:00\" \/>\n<meta property=\"og:image\" content=\"https:\/\/test.forma5.com\/wp-content\/uploads\/tumbnail-bancada-cuore.webp\" \/>\n\t<meta property=\"og:image:width\" content=\"800\" \/>\n\t<meta property=\"og:image:height\" content=\"800\" \/>\n\t<meta property=\"og:image:type\" content=\"image\/webp\" \/>\n<meta name=\"twitter:card\" content=\"summary_large_image\" \/>\n<meta name=\"twitter:label1\" content=\"Dur\u00e9e de lecture estim\u00e9e\" \/>\n\t<meta name=\"twitter:data1\" content=\"1 minute\" \/>\n<script type=\"application\/ld+json\" class=\"yoast-schema-graph\">{\"@context\":\"https:\/\/schema.org\",\"@graph\":[{\"@type\":\"WebPage\",\"@id\":\"https:\/\/test.forma5.com\/fr\/chaises-de-salle-dattente\/curvae\/\",\"url\":\"https:\/\/test.forma5.com\/fr\/chaises-de-salle-dattente\/curvae\/\",\"name\":\"\u25b6 D\u00e9couvrez notre banquette \u00ab Curvae \u00bb - Groupe Forma 5\",\"isPartOf\":{\"@id\":\"https:\/\/test.forma5.com\/fr\/#website\"},\"primaryImageOfPage\":{\"@id\":\"https:\/\/test.forma5.com\/fr\/chaises-de-salle-dattente\/curvae\/#primaryimage\"},\"image\":{\"@id\":\"https:\/\/test.forma5.com\/fr\/chaises-de-salle-dattente\/curvae\/#primaryimage\"},\"thumbnailUrl\":\"https:\/\/test.forma5.com\/wp-content\/uploads\/tumbnail-bancada-cuore.webp\",\"datePublished\":\"2025-05-21T07:31:34+00:00\",\"dateModified\":\"2025-06-20T09:45:30+00:00\",\"description\":\"Les bancs pour salles d'attente cr\u00e9ent un environnement id\u00e9al pour les h\u00f4pitaux, les salles d'attente, les r\u00e9ceptions et les collectivit\u00e9s. De 2 \u00e0 5 places.\",\"breadcrumb\":{\"@id\":\"https:\/\/test.forma5.com\/fr\/chaises-de-salle-dattente\/curvae\/#breadcrumb\"},\"inLanguage\":\"fr-FR\",\"potentialAction\":[{\"@type\":\"ReadAction\",\"target\":[\"https:\/\/test.forma5.com\/fr\/chaises-de-salle-dattente\/curvae\/\"]}]},{\"@type\":\"ImageObject\",\"inLanguage\":\"fr-FR\",\"@id\":\"https:\/\/test.forma5.com\/fr\/chaises-de-salle-dattente\/curvae\/#primaryimage\",\"url\":\"https:\/\/test.forma5.com\/wp-content\/uploads\/tumbnail-bancada-cuore.webp\",\"contentUrl\":\"https:\/\/test.forma5.com\/wp-content\/uploads\/tumbnail-bancada-cuore.webp\",\"width\":800,\"height\":800},{\"@type\":\"BreadcrumbList\",\"@id\":\"https:\/\/test.forma5.com\/fr\/chaises-de-salle-dattente\/curvae\/#breadcrumb\",\"itemListElement\":[{\"@type\":\"ListItem\",\"position\":1,\"name\":\"Portada\",\"item\":\"https:\/\/test.forma5.com\/fr\/\"},{\"@type\":\"ListItem\",\"position\":2,\"name\":\"Productos\",\"item\":\"https:\/\/test.forma5.com\/shop\/\"},{\"@type\":\"ListItem\",\"position\":3,\"name\":\"Chaise sur poutre Curvae\"}]},{\"@type\":\"WebSite\",\"@id\":\"https:\/\/test.forma5.com\/fr\/#website\",\"url\":\"https:\/\/test.forma5.com\/fr\/\",\"name\":\"Forma 5\",\"description\":\"\",\"publisher\":{\"@id\":\"https:\/\/test.forma5.com\/fr\/#organization\"},\"potentialAction\":[{\"@type\":\"SearchAction\",\"target\":{\"@type\":\"EntryPoint\",\"urlTemplate\":\"https:\/\/test.forma5.com\/fr\/?s={search_term_string}\"},\"query-input\":{\"@type\":\"PropertyValueSpecification\",\"valueRequired\":true,\"valueName\":\"search_term_string\"}}],\"inLanguage\":\"fr-FR\"},{\"@type\":\"Organization\",\"@id\":\"https:\/\/test.forma5.com\/fr\/#organization\",\"name\":\"Forma 5\",\"url\":\"https:\/\/test.forma5.com\/fr\/\",\"logo\":{\"@type\":\"ImageObject\",\"inLanguage\":\"fr-FR\",\"@id\":\"https:\/\/test.forma5.com\/fr\/#\/schema\/logo\/image\/\",\"url\":\"https:\/\/test.forma5.com\/wp-content\/uploads\/logo.svg\",\"contentUrl\":\"https:\/\/test.forma5.com\/wp-content\/uploads\/logo.svg\",\"width\":169,\"height\":36,\"caption\":\"Forma 5\"},\"image\":{\"@id\":\"https:\/\/test.forma5.com\/fr\/#\/schema\/logo\/image\/\"}}]}<\/script>\n<!-- \/ Yoast SEO plugin. -->","yoast_head_json":{"title":"\u25b6 D\u00e9couvrez notre banquette \u00ab Curvae \u00bb - Groupe Forma 5","description":"Les bancs pour salles d'attente cr\u00e9ent un environnement id\u00e9al pour les h\u00f4pitaux, les salles d'attente, les r\u00e9ceptions et les collectivit\u00e9s. De 2 \u00e0 5 places.","robots":{"index":"noindex","follow":"follow","max-snippet":"max-snippet:-1","max-image-preview":"max-image-preview:large","max-video-preview":"max-video-preview:-1"},"og_locale":"fr_FR","og_type":"article","og_title":"\u25b6 D\u00e9couvrez notre banquette \u00ab Curvae \u00bb - Groupe Forma 5","og_description":"Les bancs pour salles d'attente cr\u00e9ent un environnement id\u00e9al pour les h\u00f4pitaux, les salles d'attente, les r\u00e9ceptions et les collectivit\u00e9s. De 2 \u00e0 5 places.","og_url":"https:\/\/test.forma5.com\/fr\/chaises-de-salle-dattente\/curvae\/","og_site_name":"Forma 5","article_modified_time":"2025-06-20T09:45:30+00:00","og_image":[{"width":800,"height":800,"url":"https:\/\/test.forma5.com\/wp-content\/uploads\/tumbnail-bancada-cuore.webp","type":"image\/webp"}],"twitter_card":"summary_large_image","twitter_misc":{"Dur\u00e9e de lecture estim\u00e9e":"1 minute"},"schema":{"@context":"https:\/\/schema.org","@graph":[{"@type":"WebPage","@id":"https:\/\/test.forma5.com\/fr\/chaises-de-salle-dattente\/curvae\/","url":"https:\/\/test.forma5.com\/fr\/chaises-de-salle-dattente\/curvae\/","name":"\u25b6 D\u00e9couvrez notre banquette \u00ab Curvae \u00bb - Groupe Forma 5","isPartOf":{"@id":"https:\/\/test.forma5.com\/fr\/#website"},"primaryImageOfPage":{"@id":"https:\/\/test.forma5.com\/fr\/chaises-de-salle-dattente\/curvae\/#primaryimage"},"image":{"@id":"https:\/\/test.forma5.com\/fr\/chaises-de-salle-dattente\/curvae\/#primaryimage"},"thumbnailUrl":"https:\/\/test.forma5.com\/wp-content\/uploads\/tumbnail-bancada-cuore.webp","datePublished":"2025-05-21T07:31:34+00:00","dateModified":"2025-06-20T09:45:30+00:00","description":"Les bancs pour salles d'attente cr\u00e9ent un environnement id\u00e9al pour les h\u00f4pitaux, les salles d'attente, les r\u00e9ceptions et les collectivit\u00e9s. De 2 \u00e0 5 places.","breadcrumb":{"@id":"https:\/\/test.forma5.com\/fr\/chaises-de-salle-dattente\/curvae\/#breadcrumb"},"inLanguage":"fr-FR","potentialAction":[{"@type":"ReadAction","target":["https:\/\/test.forma5.com\/fr\/chaises-de-salle-dattente\/curvae\/"]}]},{"@type":"ImageObject","inLanguage":"fr-FR","@id":"https:\/\/test.forma5.com\/fr\/chaises-de-salle-dattente\/curvae\/#primaryimage","url":"https:\/\/test.forma5.com\/wp-content\/uploads\/tumbnail-bancada-cuore.webp","contentUrl":"https:\/\/test.forma5.com\/wp-content\/uploads\/tumbnail-bancada-cuore.webp","width":800,"height":800},{"@type":"BreadcrumbList","@id":"https:\/\/test.forma5.com\/fr\/chaises-de-salle-dattente\/curvae\/#breadcrumb","itemListElement":[{"@type":"ListItem","position":1,"name":"Portada","item":"https:\/\/test.forma5.com\/fr\/"},{"@type":"ListItem","position":2,"name":"Productos","item":"https:\/\/test.forma5.com\/shop\/"},{"@type":"ListItem","position":3,"name":"Chaise sur poutre Curvae"}]},{"@type":"WebSite","@id":"https:\/\/test.forma5.com\/fr\/#website","url":"https:\/\/test.forma5.com\/fr\/","name":"Forma 5","description":"","publisher":{"@id":"https:\/\/test.forma5.com\/fr\/#organization"},"potentialAction":[{"@type":"SearchAction","target":{"@type":"EntryPoint","urlTemplate":"https:\/\/test.forma5.com\/fr\/?s={search_term_string}"},"query-input":{"@type":"PropertyValueSpecification","valueRequired":true,"valueName":"search_term_string"}}],"inLanguage":"fr-FR"},{"@type":"Organization","@id":"https:\/\/test.forma5.com\/fr\/#organization","name":"Forma 5","url":"https:\/\/test.forma5.com\/fr\/","logo":{"@type":"ImageObject","inLanguage":"fr-FR","@id":"https:\/\/test.forma5.com\/fr\/#\/schema\/logo\/image\/","url":"https:\/\/test.forma5.com\/wp-content\/uploads\/logo.svg","contentUrl":"https:\/\/test.forma5.com\/wp-content\/uploads\/logo.svg","width":169,"height":36,"caption":"Forma 5"},"image":{"@id":"https:\/\/test.forma5.com\/fr\/#\/schema\/logo\/image\/"}}]}},"_links":{"self":[{"href":"https:\/\/test.forma5.com\/fr\/wp-json\/wp\/v2\/product\/5304","targetHints":{"allow":["GET"]}}],"collection":[{"href":"https:\/\/test.forma5.com\/fr\/wp-json\/wp\/v2\/product"}],"about":[{"href":"https:\/\/test.forma5.com\/fr\/wp-json\/wp\/v2\/types\/product"}],"acf:attachment":[{"embeddable":true,"href":"https:\/\/test.forma5.com\/fr\/wp-json\/wp\/v2\/media\/2895"},{"embeddable":true,"href":"https:\/\/test.forma5.com\/fr\/wp-json\/wp\/v2\/media\/2893"}],"acf:post":[{"embeddable":true,"href":"https:\/\/test.forma5.com\/fr\/wp-json\/wp\/v2\/disenador\/1024"}],"wp:featuredmedia":[{"embeddable":true,"href":"https:\/\/test.forma5.com\/fr\/wp-json\/wp\/v2\/media\/5306"}],"wp:attachment":[{"href":"https:\/\/test.forma5.com\/fr\/wp-json\/wp\/v2\/media?parent=5304"}],"wp:term":[{"taxonomy":"product_brand","embeddable":true,"href":"https:\/\/test.forma5.com\/fr\/wp-json\/wp\/v2\/product_brand?post=5304"},{"taxonomy":"product_cat","embeddable":true,"href":"https:\/\/test.forma5.com\/fr\/wp-json\/wp\/v2\/product_cat?post=5304"},{"taxonomy":"product_tag","embeddable":true,"href":"https:\/\/test.forma5.com\/fr\/wp-json\/wp\/v2\/product_tag?post=5304"}],"curies":[{"name":"wp","href":"https:\/\/api.w.org\/{rel}","templated":true}]}}