{"id":5297,"date":"2025-05-23T11:49:41","date_gmt":"2025-05-23T09:49:41","guid":{"rendered":"https:\/\/test.forma5.com\/producto\/non%20class\u00e9\/bancadas-glove\/"},"modified":"2025-06-20T11:45:36","modified_gmt":"2025-06-20T09:45:36","slug":"banquette","status":"publish","type":"product","link":"https:\/\/test.forma5.com\/fr\/producto\/bancadas-glove\/","title":{"rendered":"Chaise sur poutre Glove"},"content":{"rendered":"<p><span data-sheets-root=\"1\">Con\u00e7ue par Josep Llusc\u00e0, la gamme Glove est \u00e9galement disponible sous la forme d&rsquo;un banc dont la base en m\u00e9tal en forme de \u00ab V \u00bb invers\u00e9 cr\u00e9e une impression de l\u00e9g\u00e8ret\u00e9 et de subtilit\u00e9. Ce nouveau design de banc est id\u00e9al pour les salles d&rsquo;attente et les espaces d&rsquo;accueil.<\/span><\/p>\n","protected":false},"excerpt":{"rendered":"<h2><span data-sheets-root=\"1\">Image <em>l\u00e9g\u00e8re et subtile<\/em>, id\u00e9ale pour les salles d&rsquo;attente et les r\u00e9ceptions<\/span><\/h2>\n","protected":false},"featured_media":5299,"template":"","meta":{"_acf_changed":false},"product_brand":[],"product_cat":[146,147],"product_tag":[],"class_list":{"0":"post-5297","1":"product","2":"type-product","3":"status-publish","4":"has-post-thumbnail","6":"product_cat-sieges","7":"product_cat-chaises-de-salle-dattente","9":"first","10":"instock","11":"shipping-taxable","12":"product-type-simple"},"acf":{"bigger_product_image":["isBigger"],"background-text":"Glove","product_designer":[1042],"inactive_designer_info":{"custom_designer_name":"","custom_designer_image":null},"scene_gallery":[2897,3333],"gallery_bg_color":"#444444","details_gallery":[{"slide_text":"Un banc polyvalent qui allie <strong><span data-sheets-root=\"1\">esth\u00e9tique et fonctionnalit\u00e9.<\/span><\/strong>","slide_image":2899}],"product_video":{"video_link":"","video_cover":""},"product_downloads_path":"sillas\/sala-espera-recepcion","product_downloads":[{"select_file_type":"normal","file_type":"catalog","file_type_special":"","file_name":"Glove_Bancada_Glove.pdf","file_customlabel":"Catalogue"},{"select_file_type":"normal","file_type":"technicalFeatures","file_type_special":"","file_name":"_CCTT_Bancada_Glove.pdf","file_customlabel":"Caract\u00e9ristiques Techniques"},{"select_file_type":"normal","file_type":"productCertificate","file_type_special":"","file_name":"GLOVE_rev04_Firmado.pdf","file_customlabel":"Certificat de Produit"},{"select_file_type":"normal","file_type":"images","file_type_special":"","file_name":"02_Bancadas Glove.zip","file_customlabel":"Images"}],"grid_image_gallery":null},"yoast_head":"<!-- This site is optimized with the Yoast SEO plugin v25.2 - https:\/\/yoast.com\/wordpress\/plugins\/seo\/ -->\n<title>\u25b6 D\u00e9couvrez notre banquette &#039;Glove&#039; - Groupe Forma 5<\/title>\n<meta name=\"description\" content=\"Les si\u00e8ges des salles d&#039;attente, dot\u00e9s d&#039;un socle m\u00e9tallique en forme de V invers\u00e9, projettent une image l\u00e9g\u00e8re et subtile, id\u00e9ale pour les r\u00e9ceptions.\" \/>\n<meta name=\"robots\" content=\"noindex, follow, max-snippet:-1, max-image-preview:large, max-video-preview:-1\" \/>\n<meta property=\"og:locale\" content=\"fr_FR\" \/>\n<meta property=\"og:type\" content=\"article\" \/>\n<meta property=\"og:title\" content=\"\u25b6 D\u00e9couvrez notre banquette &#039;Glove&#039; - Groupe Forma 5\" \/>\n<meta property=\"og:description\" content=\"Les si\u00e8ges des salles d&#039;attente, dot\u00e9s d&#039;un socle m\u00e9tallique en forme de V invers\u00e9, projettent une image l\u00e9g\u00e8re et subtile, id\u00e9ale pour les r\u00e9ceptions.\" \/>\n<meta property=\"og:url\" content=\"https:\/\/test.forma5.com\/fr\/producto\/bancadas-glove\/\" \/>\n<meta property=\"og:site_name\" content=\"Forma 5\" \/>\n<meta property=\"article:modified_time\" content=\"2025-06-20T09:45:36+00:00\" \/>\n<meta property=\"og:image\" content=\"https:\/\/test.forma5.com\/wp-content\/uploads\/thumbail-bancada-glove.webp\" \/>\n\t<meta property=\"og:image:width\" content=\"800\" \/>\n\t<meta property=\"og:image:height\" content=\"800\" \/>\n\t<meta property=\"og:image:type\" content=\"image\/webp\" \/>\n<meta name=\"twitter:card\" content=\"summary_large_image\" \/>\n<meta name=\"twitter:label1\" content=\"Dur\u00e9e de lecture estim\u00e9e\" \/>\n\t<meta name=\"twitter:data1\" content=\"1 minute\" \/>\n<script type=\"application\/ld+json\" class=\"yoast-schema-graph\">{\"@context\":\"https:\/\/schema.org\",\"@graph\":[{\"@type\":\"WebPage\",\"@id\":\"https:\/\/test.forma5.com\/fr\/producto\/bancadas-glove\/\",\"url\":\"https:\/\/test.forma5.com\/fr\/producto\/bancadas-glove\/\",\"name\":\"\u25b6 D\u00e9couvrez notre banquette 'Glove' - Groupe Forma 5\",\"isPartOf\":{\"@id\":\"https:\/\/test.forma5.com\/fr\/#website\"},\"primaryImageOfPage\":{\"@id\":\"https:\/\/test.forma5.com\/fr\/producto\/bancadas-glove\/#primaryimage\"},\"image\":{\"@id\":\"https:\/\/test.forma5.com\/fr\/producto\/bancadas-glove\/#primaryimage\"},\"thumbnailUrl\":\"https:\/\/test.forma5.com\/wp-content\/uploads\/thumbail-bancada-glove.webp\",\"datePublished\":\"2025-05-23T09:49:41+00:00\",\"dateModified\":\"2025-06-20T09:45:36+00:00\",\"description\":\"Les si\u00e8ges des salles d'attente, dot\u00e9s d'un socle m\u00e9tallique en forme de V invers\u00e9, projettent une image l\u00e9g\u00e8re et subtile, id\u00e9ale pour les r\u00e9ceptions.\",\"breadcrumb\":{\"@id\":\"https:\/\/test.forma5.com\/fr\/producto\/bancadas-glove\/#breadcrumb\"},\"inLanguage\":\"fr-FR\",\"potentialAction\":[{\"@type\":\"ReadAction\",\"target\":[\"https:\/\/test.forma5.com\/fr\/producto\/bancadas-glove\/\"]}]},{\"@type\":\"ImageObject\",\"inLanguage\":\"fr-FR\",\"@id\":\"https:\/\/test.forma5.com\/fr\/producto\/bancadas-glove\/#primaryimage\",\"url\":\"https:\/\/test.forma5.com\/wp-content\/uploads\/thumbail-bancada-glove.webp\",\"contentUrl\":\"https:\/\/test.forma5.com\/wp-content\/uploads\/thumbail-bancada-glove.webp\",\"width\":800,\"height\":800},{\"@type\":\"BreadcrumbList\",\"@id\":\"https:\/\/test.forma5.com\/fr\/producto\/bancadas-glove\/#breadcrumb\",\"itemListElement\":[{\"@type\":\"ListItem\",\"position\":1,\"name\":\"Portada\",\"item\":\"https:\/\/test.forma5.com\/fr\/\"},{\"@type\":\"ListItem\",\"position\":2,\"name\":\"Productos\",\"item\":\"https:\/\/test.forma5.com\/shop\/\"},{\"@type\":\"ListItem\",\"position\":3,\"name\":\"Chaise sur poutre Glove\"}]},{\"@type\":\"WebSite\",\"@id\":\"https:\/\/test.forma5.com\/fr\/#website\",\"url\":\"https:\/\/test.forma5.com\/fr\/\",\"name\":\"Forma 5\",\"description\":\"\",\"publisher\":{\"@id\":\"https:\/\/test.forma5.com\/fr\/#organization\"},\"potentialAction\":[{\"@type\":\"SearchAction\",\"target\":{\"@type\":\"EntryPoint\",\"urlTemplate\":\"https:\/\/test.forma5.com\/fr\/?s={search_term_string}\"},\"query-input\":{\"@type\":\"PropertyValueSpecification\",\"valueRequired\":true,\"valueName\":\"search_term_string\"}}],\"inLanguage\":\"fr-FR\"},{\"@type\":\"Organization\",\"@id\":\"https:\/\/test.forma5.com\/fr\/#organization\",\"name\":\"Forma 5\",\"url\":\"https:\/\/test.forma5.com\/fr\/\",\"logo\":{\"@type\":\"ImageObject\",\"inLanguage\":\"fr-FR\",\"@id\":\"https:\/\/test.forma5.com\/fr\/#\/schema\/logo\/image\/\",\"url\":\"https:\/\/test.forma5.com\/wp-content\/uploads\/logo.svg\",\"contentUrl\":\"https:\/\/test.forma5.com\/wp-content\/uploads\/logo.svg\",\"width\":169,\"height\":36,\"caption\":\"Forma 5\"},\"image\":{\"@id\":\"https:\/\/test.forma5.com\/fr\/#\/schema\/logo\/image\/\"}}]}<\/script>\n<!-- \/ Yoast SEO plugin. -->","yoast_head_json":{"title":"\u25b6 D\u00e9couvrez notre banquette 'Glove' - Groupe Forma 5","description":"Les si\u00e8ges des salles d'attente, dot\u00e9s d'un socle m\u00e9tallique en forme de V invers\u00e9, projettent une image l\u00e9g\u00e8re et subtile, id\u00e9ale pour les r\u00e9ceptions.","robots":{"index":"noindex","follow":"follow","max-snippet":"max-snippet:-1","max-image-preview":"max-image-preview:large","max-video-preview":"max-video-preview:-1"},"og_locale":"fr_FR","og_type":"article","og_title":"\u25b6 D\u00e9couvrez notre banquette 'Glove' - Groupe Forma 5","og_description":"Les si\u00e8ges des salles d'attente, dot\u00e9s d'un socle m\u00e9tallique en forme de V invers\u00e9, projettent une image l\u00e9g\u00e8re et subtile, id\u00e9ale pour les r\u00e9ceptions.","og_url":"https:\/\/test.forma5.com\/fr\/producto\/bancadas-glove\/","og_site_name":"Forma 5","article_modified_time":"2025-06-20T09:45:36+00:00","og_image":[{"width":800,"height":800,"url":"https:\/\/test.forma5.com\/wp-content\/uploads\/thumbail-bancada-glove.webp","type":"image\/webp"}],"twitter_card":"summary_large_image","twitter_misc":{"Dur\u00e9e de lecture estim\u00e9e":"1 minute"},"schema":{"@context":"https:\/\/schema.org","@graph":[{"@type":"WebPage","@id":"https:\/\/test.forma5.com\/fr\/producto\/bancadas-glove\/","url":"https:\/\/test.forma5.com\/fr\/producto\/bancadas-glove\/","name":"\u25b6 D\u00e9couvrez notre banquette 'Glove' - Groupe Forma 5","isPartOf":{"@id":"https:\/\/test.forma5.com\/fr\/#website"},"primaryImageOfPage":{"@id":"https:\/\/test.forma5.com\/fr\/producto\/bancadas-glove\/#primaryimage"},"image":{"@id":"https:\/\/test.forma5.com\/fr\/producto\/bancadas-glove\/#primaryimage"},"thumbnailUrl":"https:\/\/test.forma5.com\/wp-content\/uploads\/thumbail-bancada-glove.webp","datePublished":"2025-05-23T09:49:41+00:00","dateModified":"2025-06-20T09:45:36+00:00","description":"Les si\u00e8ges des salles d'attente, dot\u00e9s d'un socle m\u00e9tallique en forme de V invers\u00e9, projettent une image l\u00e9g\u00e8re et subtile, id\u00e9ale pour les r\u00e9ceptions.","breadcrumb":{"@id":"https:\/\/test.forma5.com\/fr\/producto\/bancadas-glove\/#breadcrumb"},"inLanguage":"fr-FR","potentialAction":[{"@type":"ReadAction","target":["https:\/\/test.forma5.com\/fr\/producto\/bancadas-glove\/"]}]},{"@type":"ImageObject","inLanguage":"fr-FR","@id":"https:\/\/test.forma5.com\/fr\/producto\/bancadas-glove\/#primaryimage","url":"https:\/\/test.forma5.com\/wp-content\/uploads\/thumbail-bancada-glove.webp","contentUrl":"https:\/\/test.forma5.com\/wp-content\/uploads\/thumbail-bancada-glove.webp","width":800,"height":800},{"@type":"BreadcrumbList","@id":"https:\/\/test.forma5.com\/fr\/producto\/bancadas-glove\/#breadcrumb","itemListElement":[{"@type":"ListItem","position":1,"name":"Portada","item":"https:\/\/test.forma5.com\/fr\/"},{"@type":"ListItem","position":2,"name":"Productos","item":"https:\/\/test.forma5.com\/shop\/"},{"@type":"ListItem","position":3,"name":"Chaise sur poutre Glove"}]},{"@type":"WebSite","@id":"https:\/\/test.forma5.com\/fr\/#website","url":"https:\/\/test.forma5.com\/fr\/","name":"Forma 5","description":"","publisher":{"@id":"https:\/\/test.forma5.com\/fr\/#organization"},"potentialAction":[{"@type":"SearchAction","target":{"@type":"EntryPoint","urlTemplate":"https:\/\/test.forma5.com\/fr\/?s={search_term_string}"},"query-input":{"@type":"PropertyValueSpecification","valueRequired":true,"valueName":"search_term_string"}}],"inLanguage":"fr-FR"},{"@type":"Organization","@id":"https:\/\/test.forma5.com\/fr\/#organization","name":"Forma 5","url":"https:\/\/test.forma5.com\/fr\/","logo":{"@type":"ImageObject","inLanguage":"fr-FR","@id":"https:\/\/test.forma5.com\/fr\/#\/schema\/logo\/image\/","url":"https:\/\/test.forma5.com\/wp-content\/uploads\/logo.svg","contentUrl":"https:\/\/test.forma5.com\/wp-content\/uploads\/logo.svg","width":169,"height":36,"caption":"Forma 5"},"image":{"@id":"https:\/\/test.forma5.com\/fr\/#\/schema\/logo\/image\/"}}]}},"_links":{"self":[{"href":"https:\/\/test.forma5.com\/fr\/wp-json\/wp\/v2\/product\/5297","targetHints":{"allow":["GET"]}}],"collection":[{"href":"https:\/\/test.forma5.com\/fr\/wp-json\/wp\/v2\/product"}],"about":[{"href":"https:\/\/test.forma5.com\/fr\/wp-json\/wp\/v2\/types\/product"}],"acf:attachment":[{"embeddable":true,"href":"https:\/\/test.forma5.com\/fr\/wp-json\/wp\/v2\/media\/3333"},{"embeddable":true,"href":"https:\/\/test.forma5.com\/fr\/wp-json\/wp\/v2\/media\/2897"}],"acf:post":[{"embeddable":true,"href":"https:\/\/test.forma5.com\/fr\/wp-json\/wp\/v2\/disenador\/1042"}],"wp:featuredmedia":[{"embeddable":true,"href":"https:\/\/test.forma5.com\/fr\/wp-json\/wp\/v2\/media\/5299"}],"wp:attachment":[{"href":"https:\/\/test.forma5.com\/fr\/wp-json\/wp\/v2\/media?parent=5297"}],"wp:term":[{"taxonomy":"product_brand","embeddable":true,"href":"https:\/\/test.forma5.com\/fr\/wp-json\/wp\/v2\/product_brand?post=5297"},{"taxonomy":"product_cat","embeddable":true,"href":"https:\/\/test.forma5.com\/fr\/wp-json\/wp\/v2\/product_cat?post=5297"},{"taxonomy":"product_tag","embeddable":true,"href":"https:\/\/test.forma5.com\/fr\/wp-json\/wp\/v2\/product_tag?post=5297"}],"curies":[{"name":"wp","href":"https:\/\/api.w.org\/{rel}","templated":true}]}}