{"id":5282,"date":"2024-08-14T13:22:15","date_gmt":"2024-08-14T11:22:15","guid":{"rendered":"https:\/\/test.forma5.com\/producto\/non%20class\u00e9\/plural\/"},"modified":"2025-05-26T14:32:54","modified_gmt":"2025-05-26T12:32:54","slug":"plural","status":"publish","type":"product","link":"https:\/\/test.forma5.com\/fr\/chaises-de-collectivite\/plural\/","title":{"rendered":"Plural"},"content":{"rendered":"<p><span data-sheets-root=\"1\">La gamme Plural a toujours \u00e9t\u00e9 con\u00e7ue dans un souci de polyvalence. Le design, sign\u00e9 Josep Llusc\u00e1, devait s&rsquo;inscrire dans cette d\u00e9marche, car la confidentialit\u00e9 dans l&rsquo;entreprise est une n\u00e9cessit\u00e9 qui implique un grand nombre de postes. Plural parvient \u00e9galement \u00e0 donner un air de l\u00e9g\u00e8ret\u00e9, de vivacit\u00e9 et d&rsquo;efficacit\u00e9, gr\u00e2ce \u00e0 ses lignes simples qui renforcent son caract\u00e8re comp\u00e9titif.<\/span><\/p>\n","protected":false},"excerpt":{"rendered":"<h2>Un air de<em><span data-sheets-root=\"1\"> l\u00e9g\u00e8ret\u00e9, de vivacit\u00e9 et de diligence<\/span><\/em><\/h2>\n","protected":false},"featured_media":5284,"template":"","meta":{"_acf_changed":false},"product_brand":[],"product_cat":[146,154],"product_tag":[],"class_list":{"0":"post-5282","1":"product","2":"type-product","3":"status-publish","4":"has-post-thumbnail","6":"product_cat-sieges","7":"product_cat-chaises-de-collectivite","9":"first","10":"instock","11":"shipping-taxable","12":"product-type-simple"},"acf":{"bigger_product_image":"","background-text":"","product_designer":[1042],"inactive_designer_info":{"custom_designer_name":"","custom_designer_image":null},"scene_gallery":[2529,2533],"gallery_bg_color":"#919191","details_gallery":[{"slide_text":"Disponible en version <strong><span data-sheets-root=\"1\">4 pieds ou en version cygne, avec filet, filet 3D ou dossier rembourr\u00e9.<\/span><\/strong>","slide_image":2531},{"slide_text":"<strong>Polyvalent et fonctionnel<\/strong>, Plural s'adapte \u00e0 n'importe quel espace de travail ou de r\u00e9union.","slide_image":2525}],"product_video":{"video_link":"","video_cover":""},"product_downloads_path":"sillas\/silla-confidente","product_downloads":[{"select_file_type":"normal","file_type":"catalog","file_type_special":"","file_name":"Plural.pdf","file_customlabel":"Catalogue"},{"select_file_type":"normal","file_type":"technicalFeatures","file_type_special":"","file_name":"_CCTT_Plural.pdf","file_customlabel":"Caract\u00e9ristiques Techniques"},{"select_file_type":"normal","file_type":"productCertificate","file_type_special":"","file_name":"PLURAL_rev03_Firmado.pdf","file_customlabel":"Certificado de Producto"},{"select_file_type":"normal","file_type":"images","file_type_special":"","file_name":"04_Plural.zip","file_customlabel":"Images"},{"select_file_type":"normal","file_type":"autocad","file_type_special":"","file_name":"Plural.zip","file_customlabel":"G\u00e9om\u00e9trie 3D"},{"select_file_type":"normal","file_type":"revitBim","file_type_special":"","file_name":"PLURAL.zip","file_customlabel":"G\u00e9om\u00e9trie Revit\/BIM"}],"grid_image_gallery":null},"yoast_head":"<!-- This site is optimized with the Yoast SEO plugin v25.2 - https:\/\/yoast.com\/wordpress\/plugins\/seo\/ -->\n<title>\u25b6 D\u00e9couvrez \u00ab Plural \u00bb : notre chaise de bureau sans roulettes - Groupe Forma 5<\/title>\n<meta name=\"description\" content=\"Bureau polyvalent : Il existe plusieurs options pour les si\u00e8ges : avec roues, sans roues, \u00e0 4 pieds ou en forme de cygne, avec un design polyvalent et l\u00e9ger.\" \/>\n<meta name=\"robots\" content=\"noindex, follow, max-snippet:-1, max-image-preview:large, max-video-preview:-1\" \/>\n<meta property=\"og:locale\" content=\"fr_FR\" \/>\n<meta property=\"og:type\" content=\"article\" \/>\n<meta property=\"og:title\" content=\"\u25b6 D\u00e9couvrez \u00ab Plural \u00bb : notre chaise de bureau sans roulettes - Groupe Forma 5\" \/>\n<meta property=\"og:description\" content=\"Bureau polyvalent : Il existe plusieurs options pour les si\u00e8ges : avec roues, sans roues, \u00e0 4 pieds ou en forme de cygne, avec un design polyvalent et l\u00e9ger.\" \/>\n<meta property=\"og:url\" content=\"https:\/\/test.forma5.com\/fr\/chaises-de-collectivite\/plural\/\" \/>\n<meta property=\"og:site_name\" content=\"Forma 5\" \/>\n<meta property=\"article:modified_time\" content=\"2025-05-26T12:32:54+00:00\" \/>\n<meta property=\"og:image\" content=\"https:\/\/test.forma5.com\/wp-content\/uploads\/plural-1.webp\" \/>\n\t<meta property=\"og:image:width\" content=\"800\" \/>\n\t<meta property=\"og:image:height\" content=\"800\" \/>\n\t<meta property=\"og:image:type\" content=\"image\/webp\" \/>\n<meta name=\"twitter:card\" content=\"summary_large_image\" \/>\n<meta name=\"twitter:label1\" content=\"Dur\u00e9e de lecture estim\u00e9e\" \/>\n\t<meta name=\"twitter:data1\" content=\"1 minute\" \/>\n<script type=\"application\/ld+json\" class=\"yoast-schema-graph\">{\"@context\":\"https:\/\/schema.org\",\"@graph\":[{\"@type\":\"WebPage\",\"@id\":\"https:\/\/test.forma5.com\/fr\/chaises-de-collectivite\/plural\/\",\"url\":\"https:\/\/test.forma5.com\/fr\/chaises-de-collectivite\/plural\/\",\"name\":\"\u25b6 D\u00e9couvrez \u00ab Plural \u00bb : notre chaise de bureau sans roulettes - Groupe Forma 5\",\"isPartOf\":{\"@id\":\"https:\/\/test.forma5.com\/fr\/#website\"},\"primaryImageOfPage\":{\"@id\":\"https:\/\/test.forma5.com\/fr\/chaises-de-collectivite\/plural\/#primaryimage\"},\"image\":{\"@id\":\"https:\/\/test.forma5.com\/fr\/chaises-de-collectivite\/plural\/#primaryimage\"},\"thumbnailUrl\":\"https:\/\/test.forma5.com\/wp-content\/uploads\/plural-1.webp\",\"datePublished\":\"2024-08-14T11:22:15+00:00\",\"dateModified\":\"2025-05-26T12:32:54+00:00\",\"description\":\"Bureau polyvalent : Il existe plusieurs options pour les si\u00e8ges : avec roues, sans roues, \u00e0 4 pieds ou en forme de cygne, avec un design polyvalent et l\u00e9ger.\",\"breadcrumb\":{\"@id\":\"https:\/\/test.forma5.com\/fr\/chaises-de-collectivite\/plural\/#breadcrumb\"},\"inLanguage\":\"fr-FR\",\"potentialAction\":[{\"@type\":\"ReadAction\",\"target\":[\"https:\/\/test.forma5.com\/fr\/chaises-de-collectivite\/plural\/\"]}]},{\"@type\":\"ImageObject\",\"inLanguage\":\"fr-FR\",\"@id\":\"https:\/\/test.forma5.com\/fr\/chaises-de-collectivite\/plural\/#primaryimage\",\"url\":\"https:\/\/test.forma5.com\/wp-content\/uploads\/plural-1.webp\",\"contentUrl\":\"https:\/\/test.forma5.com\/wp-content\/uploads\/plural-1.webp\",\"width\":800,\"height\":800},{\"@type\":\"BreadcrumbList\",\"@id\":\"https:\/\/test.forma5.com\/fr\/chaises-de-collectivite\/plural\/#breadcrumb\",\"itemListElement\":[{\"@type\":\"ListItem\",\"position\":1,\"name\":\"Portada\",\"item\":\"https:\/\/test.forma5.com\/fr\/\"},{\"@type\":\"ListItem\",\"position\":2,\"name\":\"Productos\",\"item\":\"https:\/\/test.forma5.com\/shop\/\"},{\"@type\":\"ListItem\",\"position\":3,\"name\":\"Plural\"}]},{\"@type\":\"WebSite\",\"@id\":\"https:\/\/test.forma5.com\/fr\/#website\",\"url\":\"https:\/\/test.forma5.com\/fr\/\",\"name\":\"Forma 5\",\"description\":\"\",\"publisher\":{\"@id\":\"https:\/\/test.forma5.com\/fr\/#organization\"},\"potentialAction\":[{\"@type\":\"SearchAction\",\"target\":{\"@type\":\"EntryPoint\",\"urlTemplate\":\"https:\/\/test.forma5.com\/fr\/?s={search_term_string}\"},\"query-input\":{\"@type\":\"PropertyValueSpecification\",\"valueRequired\":true,\"valueName\":\"search_term_string\"}}],\"inLanguage\":\"fr-FR\"},{\"@type\":\"Organization\",\"@id\":\"https:\/\/test.forma5.com\/fr\/#organization\",\"name\":\"Forma 5\",\"url\":\"https:\/\/test.forma5.com\/fr\/\",\"logo\":{\"@type\":\"ImageObject\",\"inLanguage\":\"fr-FR\",\"@id\":\"https:\/\/test.forma5.com\/fr\/#\/schema\/logo\/image\/\",\"url\":\"https:\/\/test.forma5.com\/wp-content\/uploads\/logo.svg\",\"contentUrl\":\"https:\/\/test.forma5.com\/wp-content\/uploads\/logo.svg\",\"width\":169,\"height\":36,\"caption\":\"Forma 5\"},\"image\":{\"@id\":\"https:\/\/test.forma5.com\/fr\/#\/schema\/logo\/image\/\"}}]}<\/script>\n<!-- \/ Yoast SEO plugin. -->","yoast_head_json":{"title":"\u25b6 D\u00e9couvrez \u00ab Plural \u00bb : notre chaise de bureau sans roulettes - Groupe Forma 5","description":"Bureau polyvalent : Il existe plusieurs options pour les si\u00e8ges : avec roues, sans roues, \u00e0 4 pieds ou en forme de cygne, avec un design polyvalent et l\u00e9ger.","robots":{"index":"noindex","follow":"follow","max-snippet":"max-snippet:-1","max-image-preview":"max-image-preview:large","max-video-preview":"max-video-preview:-1"},"og_locale":"fr_FR","og_type":"article","og_title":"\u25b6 D\u00e9couvrez \u00ab Plural \u00bb : notre chaise de bureau sans roulettes - Groupe Forma 5","og_description":"Bureau polyvalent : Il existe plusieurs options pour les si\u00e8ges : avec roues, sans roues, \u00e0 4 pieds ou en forme de cygne, avec un design polyvalent et l\u00e9ger.","og_url":"https:\/\/test.forma5.com\/fr\/chaises-de-collectivite\/plural\/","og_site_name":"Forma 5","article_modified_time":"2025-05-26T12:32:54+00:00","og_image":[{"width":800,"height":800,"url":"https:\/\/test.forma5.com\/wp-content\/uploads\/plural-1.webp","type":"image\/webp"}],"twitter_card":"summary_large_image","twitter_misc":{"Dur\u00e9e de lecture estim\u00e9e":"1 minute"},"schema":{"@context":"https:\/\/schema.org","@graph":[{"@type":"WebPage","@id":"https:\/\/test.forma5.com\/fr\/chaises-de-collectivite\/plural\/","url":"https:\/\/test.forma5.com\/fr\/chaises-de-collectivite\/plural\/","name":"\u25b6 D\u00e9couvrez \u00ab Plural \u00bb : notre chaise de bureau sans roulettes - Groupe Forma 5","isPartOf":{"@id":"https:\/\/test.forma5.com\/fr\/#website"},"primaryImageOfPage":{"@id":"https:\/\/test.forma5.com\/fr\/chaises-de-collectivite\/plural\/#primaryimage"},"image":{"@id":"https:\/\/test.forma5.com\/fr\/chaises-de-collectivite\/plural\/#primaryimage"},"thumbnailUrl":"https:\/\/test.forma5.com\/wp-content\/uploads\/plural-1.webp","datePublished":"2024-08-14T11:22:15+00:00","dateModified":"2025-05-26T12:32:54+00:00","description":"Bureau polyvalent : Il existe plusieurs options pour les si\u00e8ges : avec roues, sans roues, \u00e0 4 pieds ou en forme de cygne, avec un design polyvalent et l\u00e9ger.","breadcrumb":{"@id":"https:\/\/test.forma5.com\/fr\/chaises-de-collectivite\/plural\/#breadcrumb"},"inLanguage":"fr-FR","potentialAction":[{"@type":"ReadAction","target":["https:\/\/test.forma5.com\/fr\/chaises-de-collectivite\/plural\/"]}]},{"@type":"ImageObject","inLanguage":"fr-FR","@id":"https:\/\/test.forma5.com\/fr\/chaises-de-collectivite\/plural\/#primaryimage","url":"https:\/\/test.forma5.com\/wp-content\/uploads\/plural-1.webp","contentUrl":"https:\/\/test.forma5.com\/wp-content\/uploads\/plural-1.webp","width":800,"height":800},{"@type":"BreadcrumbList","@id":"https:\/\/test.forma5.com\/fr\/chaises-de-collectivite\/plural\/#breadcrumb","itemListElement":[{"@type":"ListItem","position":1,"name":"Portada","item":"https:\/\/test.forma5.com\/fr\/"},{"@type":"ListItem","position":2,"name":"Productos","item":"https:\/\/test.forma5.com\/shop\/"},{"@type":"ListItem","position":3,"name":"Plural"}]},{"@type":"WebSite","@id":"https:\/\/test.forma5.com\/fr\/#website","url":"https:\/\/test.forma5.com\/fr\/","name":"Forma 5","description":"","publisher":{"@id":"https:\/\/test.forma5.com\/fr\/#organization"},"potentialAction":[{"@type":"SearchAction","target":{"@type":"EntryPoint","urlTemplate":"https:\/\/test.forma5.com\/fr\/?s={search_term_string}"},"query-input":{"@type":"PropertyValueSpecification","valueRequired":true,"valueName":"search_term_string"}}],"inLanguage":"fr-FR"},{"@type":"Organization","@id":"https:\/\/test.forma5.com\/fr\/#organization","name":"Forma 5","url":"https:\/\/test.forma5.com\/fr\/","logo":{"@type":"ImageObject","inLanguage":"fr-FR","@id":"https:\/\/test.forma5.com\/fr\/#\/schema\/logo\/image\/","url":"https:\/\/test.forma5.com\/wp-content\/uploads\/logo.svg","contentUrl":"https:\/\/test.forma5.com\/wp-content\/uploads\/logo.svg","width":169,"height":36,"caption":"Forma 5"},"image":{"@id":"https:\/\/test.forma5.com\/fr\/#\/schema\/logo\/image\/"}}]}},"_links":{"self":[{"href":"https:\/\/test.forma5.com\/fr\/wp-json\/wp\/v2\/product\/5282","targetHints":{"allow":["GET"]}}],"collection":[{"href":"https:\/\/test.forma5.com\/fr\/wp-json\/wp\/v2\/product"}],"about":[{"href":"https:\/\/test.forma5.com\/fr\/wp-json\/wp\/v2\/types\/product"}],"acf:attachment":[{"embeddable":true,"href":"https:\/\/test.forma5.com\/fr\/wp-json\/wp\/v2\/media\/2533"},{"embeddable":true,"href":"https:\/\/test.forma5.com\/fr\/wp-json\/wp\/v2\/media\/2529"}],"acf:post":[{"embeddable":true,"href":"https:\/\/test.forma5.com\/fr\/wp-json\/wp\/v2\/disenador\/1042"}],"wp:featuredmedia":[{"embeddable":true,"href":"https:\/\/test.forma5.com\/fr\/wp-json\/wp\/v2\/media\/5284"}],"wp:attachment":[{"href":"https:\/\/test.forma5.com\/fr\/wp-json\/wp\/v2\/media?parent=5282"}],"wp:term":[{"taxonomy":"product_brand","embeddable":true,"href":"https:\/\/test.forma5.com\/fr\/wp-json\/wp\/v2\/product_brand?post=5282"},{"taxonomy":"product_cat","embeddable":true,"href":"https:\/\/test.forma5.com\/fr\/wp-json\/wp\/v2\/product_cat?post=5282"},{"taxonomy":"product_tag","embeddable":true,"href":"https:\/\/test.forma5.com\/fr\/wp-json\/wp\/v2\/product_tag?post=5282"}],"curies":[{"name":"wp","href":"https:\/\/api.w.org\/{rel}","templated":true}]}}