{"id":5268,"date":"2024-08-14T12:24:28","date_gmt":"2024-08-14T10:24:28","guid":{"rendered":"https:\/\/test.forma5.com\/producto\/non%20class\u00e9\/curvae\/"},"modified":"2025-05-26T14:49:06","modified_gmt":"2025-05-26T12:49:06","slug":"curvae","status":"publish","type":"product","link":"https:\/\/test.forma5.com\/fr\/producto\/curvae\/","title":{"rendered":"Curvae"},"content":{"rendered":"<p><span data-sheets-root=\"1\">Curvae se pr\u00e9sente comme une chaise chaleureuse qui peut \u00eatre plac\u00e9e dans diff\u00e9rents espaces o\u00f9 l&rsquo;esth\u00e9tique et la fonctionnalit\u00e9 sont essentielles. Dot\u00e9 d&rsquo;une coque anatomique tr\u00e8s confortable, elle met en valeur la courbe prononc\u00e9e du dossier en bois.<\/span><\/p>\n","protected":false},"excerpt":{"rendered":"<h2>Un <em>fauteuil chaleureux<\/em> qui peut \u00eatre plac\u00e9 dans diff\u00e9rents espaces<\/h2>\n","protected":false},"featured_media":5269,"template":"","meta":{"_acf_changed":false},"product_brand":[],"product_cat":[146,154],"product_tag":[],"class_list":{"0":"post-5268","1":"product","2":"type-product","3":"status-publish","4":"has-post-thumbnail","6":"product_cat-sieges","7":"product_cat-chaises-de-collectivite","9":"first","10":"instock","11":"shipping-taxable","12":"product-type-simple"},"acf":{"bigger_product_image":"","background-text":"","product_designer":[1024],"inactive_designer_info":{"custom_designer_name":"","custom_designer_image":null},"scene_gallery":[2536],"gallery_bg_color":"#afafaf","details_gallery":[{"slide_text":"<span data-sheets-root=\"1\">Sa monocoque incurv\u00e9e<strong> s'adapte parfaitement \u00e0 l'anatomie<\/strong> de l'utilisateur et apporte une touche d'\u00e9l\u00e9gance suppl\u00e9mentaire.<\/span>","slide_image":2544},{"slide_text":"<span data-sheets-root=\"1\">La famille Curvae se <strong>caract\u00e9rise par ses deux structures<\/strong> : une base pivotante avec 4 rayons chrom\u00e9s et une base \u00e0 4 pieds avec un monocoque en h\u00eatre double couche ou chrom\u00e9, rembourr\u00e9e en option.<\/span>","slide_image":2542},{"slide_text":"<strong>\u00a0<\/strong>Pour les lieux o\u00f9<strong><span data-sheets-root=\"1\"> l'esth\u00e9tique est particuli\u00e8rement importante.<\/span><\/strong>","slide_image":2540}],"product_video":{"video_link":"","video_cover":""},"product_downloads_path":"sillas\/silla-confidente","product_downloads":[{"select_file_type":"normal","file_type":"catalog","file_type_special":"","file_name":"Curvae_Bancada_Curvae.pdf","file_customlabel":"Catalogue"},{"select_file_type":"normal","file_type":"technicalFeatures","file_type_special":"","file_name":"_CCTT_Curvae.pdf","file_customlabel":"Caract\u00e9ristiques Techniques"},{"select_file_type":"normal","file_type":"productCertificate","file_type_special":"","file_name":"CURVAE_rev04_Firmado.pdf","file_customlabel":"Certificat de Produit"},{"select_file_type":"normal","file_type":"images","file_type_special":"","file_name":"02_Curvae.zip","file_customlabel":"Im\u00e1genes"},{"select_file_type":"normal","file_type":"autocad","file_type_special":"","file_name":"Curvae.zip","file_customlabel":"G\u00e9om\u00e9trie 3D"},{"select_file_type":"normal","file_type":"revitBim","file_type_special":"","file_name":"CURVAE.zip","file_customlabel":"G\u00e9om\u00e9trie Revit\/BIM"}],"grid_image_gallery":null},"yoast_head":"<!-- This site is optimized with the Yoast SEO plugin v25.2 - https:\/\/yoast.com\/wordpress\/plugins\/seo\/ -->\n<title>\u25b6 D\u00e9couvrez \u00ab Curvae \u00bb : notre si\u00e8ge visiteur pour le bureau - Groupe Forma 5<\/title>\n<meta name=\"description\" content=\"Si\u00e8ges de bureau en bois avec dossier incurv\u00e9 alliant chaleur, esth\u00e9tique, fonctionnalit\u00e9 et design ergonomique. Cliquez ici pour \u00e9lever votre espace de travail !\" \/>\n<meta name=\"robots\" content=\"noindex, follow, max-snippet:-1, max-image-preview:large, max-video-preview:-1\" \/>\n<meta property=\"og:locale\" content=\"fr_FR\" \/>\n<meta property=\"og:type\" content=\"article\" \/>\n<meta property=\"og:title\" content=\"\u25b6 D\u00e9couvrez \u00ab Curvae \u00bb : notre si\u00e8ge visiteur pour le bureau - Groupe Forma 5\" \/>\n<meta property=\"og:description\" content=\"Si\u00e8ges de bureau en bois avec dossier incurv\u00e9 alliant chaleur, esth\u00e9tique, fonctionnalit\u00e9 et design ergonomique. Cliquez ici pour \u00e9lever votre espace de travail !\" \/>\n<meta property=\"og:url\" content=\"https:\/\/test.forma5.com\/fr\/producto\/curvae\/\" \/>\n<meta property=\"og:site_name\" content=\"Forma 5\" \/>\n<meta property=\"article:modified_time\" content=\"2025-05-26T12:49:06+00:00\" \/>\n<meta property=\"og:image\" content=\"https:\/\/test.forma5.com\/wp-content\/uploads\/curvae-1.webp\" \/>\n\t<meta property=\"og:image:width\" content=\"800\" \/>\n\t<meta property=\"og:image:height\" content=\"800\" \/>\n\t<meta property=\"og:image:type\" content=\"image\/webp\" \/>\n<meta name=\"twitter:card\" content=\"summary_large_image\" \/>\n<meta name=\"twitter:label1\" content=\"Dur\u00e9e de lecture estim\u00e9e\" \/>\n\t<meta name=\"twitter:data1\" content=\"1 minute\" \/>\n<script type=\"application\/ld+json\" class=\"yoast-schema-graph\">{\"@context\":\"https:\/\/schema.org\",\"@graph\":[{\"@type\":\"WebPage\",\"@id\":\"https:\/\/test.forma5.com\/fr\/producto\/curvae\/\",\"url\":\"https:\/\/test.forma5.com\/fr\/producto\/curvae\/\",\"name\":\"\u25b6 D\u00e9couvrez \u00ab Curvae \u00bb : notre si\u00e8ge visiteur pour le bureau - Groupe Forma 5\",\"isPartOf\":{\"@id\":\"https:\/\/test.forma5.com\/fr\/#website\"},\"primaryImageOfPage\":{\"@id\":\"https:\/\/test.forma5.com\/fr\/producto\/curvae\/#primaryimage\"},\"image\":{\"@id\":\"https:\/\/test.forma5.com\/fr\/producto\/curvae\/#primaryimage\"},\"thumbnailUrl\":\"https:\/\/test.forma5.com\/wp-content\/uploads\/curvae-1.webp\",\"datePublished\":\"2024-08-14T10:24:28+00:00\",\"dateModified\":\"2025-05-26T12:49:06+00:00\",\"description\":\"Si\u00e8ges de bureau en bois avec dossier incurv\u00e9 alliant chaleur, esth\u00e9tique, fonctionnalit\u00e9 et design ergonomique. Cliquez ici pour \u00e9lever votre espace de travail !\",\"breadcrumb\":{\"@id\":\"https:\/\/test.forma5.com\/fr\/producto\/curvae\/#breadcrumb\"},\"inLanguage\":\"fr-FR\",\"potentialAction\":[{\"@type\":\"ReadAction\",\"target\":[\"https:\/\/test.forma5.com\/fr\/producto\/curvae\/\"]}]},{\"@type\":\"ImageObject\",\"inLanguage\":\"fr-FR\",\"@id\":\"https:\/\/test.forma5.com\/fr\/producto\/curvae\/#primaryimage\",\"url\":\"https:\/\/test.forma5.com\/wp-content\/uploads\/curvae-1.webp\",\"contentUrl\":\"https:\/\/test.forma5.com\/wp-content\/uploads\/curvae-1.webp\",\"width\":800,\"height\":800},{\"@type\":\"BreadcrumbList\",\"@id\":\"https:\/\/test.forma5.com\/fr\/producto\/curvae\/#breadcrumb\",\"itemListElement\":[{\"@type\":\"ListItem\",\"position\":1,\"name\":\"Portada\",\"item\":\"https:\/\/test.forma5.com\/fr\/\"},{\"@type\":\"ListItem\",\"position\":2,\"name\":\"Productos\",\"item\":\"https:\/\/test.forma5.com\/shop\/\"},{\"@type\":\"ListItem\",\"position\":3,\"name\":\"Curvae\"}]},{\"@type\":\"WebSite\",\"@id\":\"https:\/\/test.forma5.com\/fr\/#website\",\"url\":\"https:\/\/test.forma5.com\/fr\/\",\"name\":\"Forma 5\",\"description\":\"\",\"publisher\":{\"@id\":\"https:\/\/test.forma5.com\/fr\/#organization\"},\"potentialAction\":[{\"@type\":\"SearchAction\",\"target\":{\"@type\":\"EntryPoint\",\"urlTemplate\":\"https:\/\/test.forma5.com\/fr\/?s={search_term_string}\"},\"query-input\":{\"@type\":\"PropertyValueSpecification\",\"valueRequired\":true,\"valueName\":\"search_term_string\"}}],\"inLanguage\":\"fr-FR\"},{\"@type\":\"Organization\",\"@id\":\"https:\/\/test.forma5.com\/fr\/#organization\",\"name\":\"Forma 5\",\"url\":\"https:\/\/test.forma5.com\/fr\/\",\"logo\":{\"@type\":\"ImageObject\",\"inLanguage\":\"fr-FR\",\"@id\":\"https:\/\/test.forma5.com\/fr\/#\/schema\/logo\/image\/\",\"url\":\"https:\/\/test.forma5.com\/wp-content\/uploads\/logo.svg\",\"contentUrl\":\"https:\/\/test.forma5.com\/wp-content\/uploads\/logo.svg\",\"width\":169,\"height\":36,\"caption\":\"Forma 5\"},\"image\":{\"@id\":\"https:\/\/test.forma5.com\/fr\/#\/schema\/logo\/image\/\"}}]}<\/script>\n<!-- \/ Yoast SEO plugin. -->","yoast_head_json":{"title":"\u25b6 D\u00e9couvrez \u00ab Curvae \u00bb : notre si\u00e8ge visiteur pour le bureau - Groupe Forma 5","description":"Si\u00e8ges de bureau en bois avec dossier incurv\u00e9 alliant chaleur, esth\u00e9tique, fonctionnalit\u00e9 et design ergonomique. Cliquez ici pour \u00e9lever votre espace de travail !","robots":{"index":"noindex","follow":"follow","max-snippet":"max-snippet:-1","max-image-preview":"max-image-preview:large","max-video-preview":"max-video-preview:-1"},"og_locale":"fr_FR","og_type":"article","og_title":"\u25b6 D\u00e9couvrez \u00ab Curvae \u00bb : notre si\u00e8ge visiteur pour le bureau - Groupe Forma 5","og_description":"Si\u00e8ges de bureau en bois avec dossier incurv\u00e9 alliant chaleur, esth\u00e9tique, fonctionnalit\u00e9 et design ergonomique. Cliquez ici pour \u00e9lever votre espace de travail !","og_url":"https:\/\/test.forma5.com\/fr\/producto\/curvae\/","og_site_name":"Forma 5","article_modified_time":"2025-05-26T12:49:06+00:00","og_image":[{"width":800,"height":800,"url":"https:\/\/test.forma5.com\/wp-content\/uploads\/curvae-1.webp","type":"image\/webp"}],"twitter_card":"summary_large_image","twitter_misc":{"Dur\u00e9e de lecture estim\u00e9e":"1 minute"},"schema":{"@context":"https:\/\/schema.org","@graph":[{"@type":"WebPage","@id":"https:\/\/test.forma5.com\/fr\/producto\/curvae\/","url":"https:\/\/test.forma5.com\/fr\/producto\/curvae\/","name":"\u25b6 D\u00e9couvrez \u00ab Curvae \u00bb : notre si\u00e8ge visiteur pour le bureau - Groupe Forma 5","isPartOf":{"@id":"https:\/\/test.forma5.com\/fr\/#website"},"primaryImageOfPage":{"@id":"https:\/\/test.forma5.com\/fr\/producto\/curvae\/#primaryimage"},"image":{"@id":"https:\/\/test.forma5.com\/fr\/producto\/curvae\/#primaryimage"},"thumbnailUrl":"https:\/\/test.forma5.com\/wp-content\/uploads\/curvae-1.webp","datePublished":"2024-08-14T10:24:28+00:00","dateModified":"2025-05-26T12:49:06+00:00","description":"Si\u00e8ges de bureau en bois avec dossier incurv\u00e9 alliant chaleur, esth\u00e9tique, fonctionnalit\u00e9 et design ergonomique. Cliquez ici pour \u00e9lever votre espace de travail !","breadcrumb":{"@id":"https:\/\/test.forma5.com\/fr\/producto\/curvae\/#breadcrumb"},"inLanguage":"fr-FR","potentialAction":[{"@type":"ReadAction","target":["https:\/\/test.forma5.com\/fr\/producto\/curvae\/"]}]},{"@type":"ImageObject","inLanguage":"fr-FR","@id":"https:\/\/test.forma5.com\/fr\/producto\/curvae\/#primaryimage","url":"https:\/\/test.forma5.com\/wp-content\/uploads\/curvae-1.webp","contentUrl":"https:\/\/test.forma5.com\/wp-content\/uploads\/curvae-1.webp","width":800,"height":800},{"@type":"BreadcrumbList","@id":"https:\/\/test.forma5.com\/fr\/producto\/curvae\/#breadcrumb","itemListElement":[{"@type":"ListItem","position":1,"name":"Portada","item":"https:\/\/test.forma5.com\/fr\/"},{"@type":"ListItem","position":2,"name":"Productos","item":"https:\/\/test.forma5.com\/shop\/"},{"@type":"ListItem","position":3,"name":"Curvae"}]},{"@type":"WebSite","@id":"https:\/\/test.forma5.com\/fr\/#website","url":"https:\/\/test.forma5.com\/fr\/","name":"Forma 5","description":"","publisher":{"@id":"https:\/\/test.forma5.com\/fr\/#organization"},"potentialAction":[{"@type":"SearchAction","target":{"@type":"EntryPoint","urlTemplate":"https:\/\/test.forma5.com\/fr\/?s={search_term_string}"},"query-input":{"@type":"PropertyValueSpecification","valueRequired":true,"valueName":"search_term_string"}}],"inLanguage":"fr-FR"},{"@type":"Organization","@id":"https:\/\/test.forma5.com\/fr\/#organization","name":"Forma 5","url":"https:\/\/test.forma5.com\/fr\/","logo":{"@type":"ImageObject","inLanguage":"fr-FR","@id":"https:\/\/test.forma5.com\/fr\/#\/schema\/logo\/image\/","url":"https:\/\/test.forma5.com\/wp-content\/uploads\/logo.svg","contentUrl":"https:\/\/test.forma5.com\/wp-content\/uploads\/logo.svg","width":169,"height":36,"caption":"Forma 5"},"image":{"@id":"https:\/\/test.forma5.com\/fr\/#\/schema\/logo\/image\/"}}]}},"_links":{"self":[{"href":"https:\/\/test.forma5.com\/fr\/wp-json\/wp\/v2\/product\/5268","targetHints":{"allow":["GET"]}}],"collection":[{"href":"https:\/\/test.forma5.com\/fr\/wp-json\/wp\/v2\/product"}],"about":[{"href":"https:\/\/test.forma5.com\/fr\/wp-json\/wp\/v2\/types\/product"}],"acf:attachment":[{"embeddable":true,"href":"https:\/\/test.forma5.com\/fr\/wp-json\/wp\/v2\/media\/2536"}],"acf:post":[{"embeddable":true,"href":"https:\/\/test.forma5.com\/fr\/wp-json\/wp\/v2\/disenador\/1024"}],"wp:featuredmedia":[{"embeddable":true,"href":"https:\/\/test.forma5.com\/fr\/wp-json\/wp\/v2\/media\/5269"}],"wp:attachment":[{"href":"https:\/\/test.forma5.com\/fr\/wp-json\/wp\/v2\/media?parent=5268"}],"wp:term":[{"taxonomy":"product_brand","embeddable":true,"href":"https:\/\/test.forma5.com\/fr\/wp-json\/wp\/v2\/product_brand?post=5268"},{"taxonomy":"product_cat","embeddable":true,"href":"https:\/\/test.forma5.com\/fr\/wp-json\/wp\/v2\/product_cat?post=5268"},{"taxonomy":"product_tag","embeddable":true,"href":"https:\/\/test.forma5.com\/fr\/wp-json\/wp\/v2\/product_tag?post=5268"}],"curies":[{"name":"wp","href":"https:\/\/api.w.org\/{rel}","templated":true}]}}