{"id":5257,"date":"2025-05-25T13:11:48","date_gmt":"2025-05-25T11:11:48","guid":{"rendered":"https:\/\/test.forma5.com\/producto\/non%20class\u00e9\/oficina-glove\/"},"modified":"2025-05-26T14:36:44","modified_gmt":"2025-05-26T12:36:44","slug":"glove","status":"publish","type":"product","link":"https:\/\/test.forma5.com\/fr\/chaises-de-collectivite\/glove\/","title":{"rendered":"Glove"},"content":{"rendered":"<p><span data-sheets-root=\"1\">Cette chaise polyvalente allie esth\u00e9tique et polyvalence. V\u00e9ritable engagement en mati\u00e8re de design, Glove se distingue par ses formes douces et arrondies qui \u00e9voquent le confort, et s&rsquo;int\u00e8gre ainsi parfaitement dans les espaces modernes.<\/span><\/p>\n","protected":false},"excerpt":{"rendered":"<h2><span data-sheets-root=\"1\">Il se distingue \u00e9galement par ses formes <em>douces et arrondies<\/em>, qui apportent du <em>confort<\/em> sur le lieu de travail.<\/span><\/h2>\n","protected":false},"featured_media":7750,"template":"","meta":{"_acf_changed":false},"product_brand":[],"product_cat":[146,154],"product_tag":[],"class_list":{"0":"post-5257","1":"product","2":"type-product","3":"status-publish","4":"has-post-thumbnail","6":"product_cat-sieges","7":"product_cat-chaises-de-collectivite","9":"first","10":"instock","11":"shipping-taxable","12":"product-type-simple"},"acf":{"bigger_product_image":"","background-text":"","product_designer":[1042],"inactive_designer_info":{"custom_designer_name":"","custom_designer_image":null},"scene_gallery":[2546,2550,2554,2556,2558],"gallery_bg_color":"#999999","details_gallery":[{"slide_text":"Une chaise polyvalente qui allie <strong>esth\u00e9tique<span data-sheets-root=\"1\"> et fonctionnalit\u00e9.<\/span><\/strong>","slide_image":2548},{"slide_text":"<span style=\"font-size: inherit;\">Le design se compose d'une monocoque en polypropyl\u00e8ne perfor\u00e9 ou en bois, avec une assise rev\u00eatue d'une ou de deux couleurs. Il est disponible avec diff\u00e9rents types d'accoudoirs, ainsi qu'une tablette \u00e9critoire. Sa structure en acier ou en bois, dont les formes arrondies sugg\u00e8rent le confort, en fait un choix<strong><span data-sheets-root=\"1\"> id\u00e9al pour les espaces contemporains.<\/span><\/strong><\/span>","slide_image":2552}],"product_video":{"video_link":"https:\/\/vimeo.com\/995338121?share=copy#t=0","video_cover":2554},"product_downloads_path":"sillas\/silla-confidente","product_downloads":[{"select_file_type":"normal","file_type":"catalog","file_type_special":"","file_name":"Glove_Bancada_Glove","file_customlabel":"Catalogue"},{"select_file_type":"normal","file_type":"technicalFeatures","file_type_special":"","file_name":"_CCTT_Glove.pdf","file_customlabel":"Caract\u00e9ristiques Techniques"},{"select_file_type":"normal","file_type":"productCertificate","file_type_special":"","file_name":"GLOVE_rev04_Firmado.pdf","file_customlabel":"Certificat de Produit"},{"select_file_type":"normal","file_type":"images","file_type_special":"","file_name":"01_Glove.zip","file_customlabel":"Images"},{"select_file_type":"normal","file_type":"autocad","file_type_special":"","file_name":"Glove.zip","file_customlabel":"G\u00e9om\u00e9trie 3D"},{"select_file_type":"normal","file_type":"revitBim","file_type_special":"","file_name":"GLOVE.zip","file_customlabel":"Revit\/BIM"}],"grid_image_gallery":null},"yoast_head":"<!-- This site is optimized with the Yoast SEO plugin v25.2 - https:\/\/yoast.com\/wordpress\/plugins\/seo\/ -->\n<title>\u25b6 D\u00e9couvrez &#039;Glove&#039; : notre chaise de bureau confortable - Groupe Forma 5<\/title>\n<meta name=\"description\" content=\"Un si\u00e8ge de bureau polyvalent aux formes douces pour un confort optimal dans les espaces de travail modernes et dynamiques. Cliquez ici pour am\u00e9liorer votre environnement de travail !\" \/>\n<meta name=\"robots\" content=\"noindex, follow, max-snippet:-1, max-image-preview:large, max-video-preview:-1\" \/>\n<meta property=\"og:locale\" content=\"fr_FR\" \/>\n<meta property=\"og:type\" content=\"article\" \/>\n<meta property=\"og:title\" content=\"\u25b6 D\u00e9couvrez &#039;Glove&#039; : notre chaise de bureau confortable - Groupe Forma 5\" \/>\n<meta property=\"og:description\" content=\"Un si\u00e8ge de bureau polyvalent aux formes douces pour un confort optimal dans les espaces de travail modernes et dynamiques. Cliquez ici pour am\u00e9liorer votre environnement de travail !\" \/>\n<meta property=\"og:url\" content=\"https:\/\/test.forma5.com\/fr\/chaises-de-collectivite\/glove\/\" \/>\n<meta property=\"og:site_name\" content=\"Forma 5\" \/>\n<meta property=\"article:modified_time\" content=\"2025-05-26T12:36:44+00:00\" \/>\n<meta property=\"og:image\" content=\"https:\/\/test.forma5.com\/wp-content\/uploads\/Glove-1.png\" \/>\n\t<meta property=\"og:image:width\" content=\"800\" \/>\n\t<meta property=\"og:image:height\" content=\"800\" \/>\n\t<meta property=\"og:image:type\" content=\"image\/png\" \/>\n<meta name=\"twitter:card\" content=\"summary_large_image\" \/>\n<meta name=\"twitter:label1\" content=\"Dur\u00e9e de lecture estim\u00e9e\" \/>\n\t<meta name=\"twitter:data1\" content=\"1 minute\" \/>\n<script type=\"application\/ld+json\" class=\"yoast-schema-graph\">{\"@context\":\"https:\/\/schema.org\",\"@graph\":[{\"@type\":\"WebPage\",\"@id\":\"https:\/\/test.forma5.com\/fr\/chaises-de-collectivite\/glove\/\",\"url\":\"https:\/\/test.forma5.com\/fr\/chaises-de-collectivite\/glove\/\",\"name\":\"\u25b6 D\u00e9couvrez 'Glove' : notre chaise de bureau confortable - Groupe Forma 5\",\"isPartOf\":{\"@id\":\"https:\/\/test.forma5.com\/fr\/#website\"},\"primaryImageOfPage\":{\"@id\":\"https:\/\/test.forma5.com\/fr\/chaises-de-collectivite\/glove\/#primaryimage\"},\"image\":{\"@id\":\"https:\/\/test.forma5.com\/fr\/chaises-de-collectivite\/glove\/#primaryimage\"},\"thumbnailUrl\":\"https:\/\/test.forma5.com\/wp-content\/uploads\/Glove-1.png\",\"datePublished\":\"2025-05-25T11:11:48+00:00\",\"dateModified\":\"2025-05-26T12:36:44+00:00\",\"description\":\"Un si\u00e8ge de bureau polyvalent aux formes douces pour un confort optimal dans les espaces de travail modernes et dynamiques. Cliquez ici pour am\u00e9liorer votre environnement de travail !\",\"breadcrumb\":{\"@id\":\"https:\/\/test.forma5.com\/fr\/chaises-de-collectivite\/glove\/#breadcrumb\"},\"inLanguage\":\"fr-FR\",\"potentialAction\":[{\"@type\":\"ReadAction\",\"target\":[\"https:\/\/test.forma5.com\/fr\/chaises-de-collectivite\/glove\/\"]}]},{\"@type\":\"ImageObject\",\"inLanguage\":\"fr-FR\",\"@id\":\"https:\/\/test.forma5.com\/fr\/chaises-de-collectivite\/glove\/#primaryimage\",\"url\":\"https:\/\/test.forma5.com\/wp-content\/uploads\/Glove-1.png\",\"contentUrl\":\"https:\/\/test.forma5.com\/wp-content\/uploads\/Glove-1.png\",\"width\":800,\"height\":800},{\"@type\":\"BreadcrumbList\",\"@id\":\"https:\/\/test.forma5.com\/fr\/chaises-de-collectivite\/glove\/#breadcrumb\",\"itemListElement\":[{\"@type\":\"ListItem\",\"position\":1,\"name\":\"Portada\",\"item\":\"https:\/\/test.forma5.com\/fr\/\"},{\"@type\":\"ListItem\",\"position\":2,\"name\":\"Productos\",\"item\":\"https:\/\/test.forma5.com\/shop\/\"},{\"@type\":\"ListItem\",\"position\":3,\"name\":\"Glove\"}]},{\"@type\":\"WebSite\",\"@id\":\"https:\/\/test.forma5.com\/fr\/#website\",\"url\":\"https:\/\/test.forma5.com\/fr\/\",\"name\":\"Forma 5\",\"description\":\"\",\"publisher\":{\"@id\":\"https:\/\/test.forma5.com\/fr\/#organization\"},\"potentialAction\":[{\"@type\":\"SearchAction\",\"target\":{\"@type\":\"EntryPoint\",\"urlTemplate\":\"https:\/\/test.forma5.com\/fr\/?s={search_term_string}\"},\"query-input\":{\"@type\":\"PropertyValueSpecification\",\"valueRequired\":true,\"valueName\":\"search_term_string\"}}],\"inLanguage\":\"fr-FR\"},{\"@type\":\"Organization\",\"@id\":\"https:\/\/test.forma5.com\/fr\/#organization\",\"name\":\"Forma 5\",\"url\":\"https:\/\/test.forma5.com\/fr\/\",\"logo\":{\"@type\":\"ImageObject\",\"inLanguage\":\"fr-FR\",\"@id\":\"https:\/\/test.forma5.com\/fr\/#\/schema\/logo\/image\/\",\"url\":\"https:\/\/test.forma5.com\/wp-content\/uploads\/logo.svg\",\"contentUrl\":\"https:\/\/test.forma5.com\/wp-content\/uploads\/logo.svg\",\"width\":169,\"height\":36,\"caption\":\"Forma 5\"},\"image\":{\"@id\":\"https:\/\/test.forma5.com\/fr\/#\/schema\/logo\/image\/\"}}]}<\/script>\n<!-- \/ Yoast SEO plugin. -->","yoast_head_json":{"title":"\u25b6 D\u00e9couvrez 'Glove' : notre chaise de bureau confortable - Groupe Forma 5","description":"Un si\u00e8ge de bureau polyvalent aux formes douces pour un confort optimal dans les espaces de travail modernes et dynamiques. Cliquez ici pour am\u00e9liorer votre environnement de travail !","robots":{"index":"noindex","follow":"follow","max-snippet":"max-snippet:-1","max-image-preview":"max-image-preview:large","max-video-preview":"max-video-preview:-1"},"og_locale":"fr_FR","og_type":"article","og_title":"\u25b6 D\u00e9couvrez 'Glove' : notre chaise de bureau confortable - Groupe Forma 5","og_description":"Un si\u00e8ge de bureau polyvalent aux formes douces pour un confort optimal dans les espaces de travail modernes et dynamiques. Cliquez ici pour am\u00e9liorer votre environnement de travail !","og_url":"https:\/\/test.forma5.com\/fr\/chaises-de-collectivite\/glove\/","og_site_name":"Forma 5","article_modified_time":"2025-05-26T12:36:44+00:00","og_image":[{"width":800,"height":800,"url":"https:\/\/test.forma5.com\/wp-content\/uploads\/Glove-1.png","type":"image\/png"}],"twitter_card":"summary_large_image","twitter_misc":{"Dur\u00e9e de lecture estim\u00e9e":"1 minute"},"schema":{"@context":"https:\/\/schema.org","@graph":[{"@type":"WebPage","@id":"https:\/\/test.forma5.com\/fr\/chaises-de-collectivite\/glove\/","url":"https:\/\/test.forma5.com\/fr\/chaises-de-collectivite\/glove\/","name":"\u25b6 D\u00e9couvrez 'Glove' : notre chaise de bureau confortable - Groupe Forma 5","isPartOf":{"@id":"https:\/\/test.forma5.com\/fr\/#website"},"primaryImageOfPage":{"@id":"https:\/\/test.forma5.com\/fr\/chaises-de-collectivite\/glove\/#primaryimage"},"image":{"@id":"https:\/\/test.forma5.com\/fr\/chaises-de-collectivite\/glove\/#primaryimage"},"thumbnailUrl":"https:\/\/test.forma5.com\/wp-content\/uploads\/Glove-1.png","datePublished":"2025-05-25T11:11:48+00:00","dateModified":"2025-05-26T12:36:44+00:00","description":"Un si\u00e8ge de bureau polyvalent aux formes douces pour un confort optimal dans les espaces de travail modernes et dynamiques. Cliquez ici pour am\u00e9liorer votre environnement de travail !","breadcrumb":{"@id":"https:\/\/test.forma5.com\/fr\/chaises-de-collectivite\/glove\/#breadcrumb"},"inLanguage":"fr-FR","potentialAction":[{"@type":"ReadAction","target":["https:\/\/test.forma5.com\/fr\/chaises-de-collectivite\/glove\/"]}]},{"@type":"ImageObject","inLanguage":"fr-FR","@id":"https:\/\/test.forma5.com\/fr\/chaises-de-collectivite\/glove\/#primaryimage","url":"https:\/\/test.forma5.com\/wp-content\/uploads\/Glove-1.png","contentUrl":"https:\/\/test.forma5.com\/wp-content\/uploads\/Glove-1.png","width":800,"height":800},{"@type":"BreadcrumbList","@id":"https:\/\/test.forma5.com\/fr\/chaises-de-collectivite\/glove\/#breadcrumb","itemListElement":[{"@type":"ListItem","position":1,"name":"Portada","item":"https:\/\/test.forma5.com\/fr\/"},{"@type":"ListItem","position":2,"name":"Productos","item":"https:\/\/test.forma5.com\/shop\/"},{"@type":"ListItem","position":3,"name":"Glove"}]},{"@type":"WebSite","@id":"https:\/\/test.forma5.com\/fr\/#website","url":"https:\/\/test.forma5.com\/fr\/","name":"Forma 5","description":"","publisher":{"@id":"https:\/\/test.forma5.com\/fr\/#organization"},"potentialAction":[{"@type":"SearchAction","target":{"@type":"EntryPoint","urlTemplate":"https:\/\/test.forma5.com\/fr\/?s={search_term_string}"},"query-input":{"@type":"PropertyValueSpecification","valueRequired":true,"valueName":"search_term_string"}}],"inLanguage":"fr-FR"},{"@type":"Organization","@id":"https:\/\/test.forma5.com\/fr\/#organization","name":"Forma 5","url":"https:\/\/test.forma5.com\/fr\/","logo":{"@type":"ImageObject","inLanguage":"fr-FR","@id":"https:\/\/test.forma5.com\/fr\/#\/schema\/logo\/image\/","url":"https:\/\/test.forma5.com\/wp-content\/uploads\/logo.svg","contentUrl":"https:\/\/test.forma5.com\/wp-content\/uploads\/logo.svg","width":169,"height":36,"caption":"Forma 5"},"image":{"@id":"https:\/\/test.forma5.com\/fr\/#\/schema\/logo\/image\/"}}]}},"_links":{"self":[{"href":"https:\/\/test.forma5.com\/fr\/wp-json\/wp\/v2\/product\/5257","targetHints":{"allow":["GET"]}}],"collection":[{"href":"https:\/\/test.forma5.com\/fr\/wp-json\/wp\/v2\/product"}],"about":[{"href":"https:\/\/test.forma5.com\/fr\/wp-json\/wp\/v2\/types\/product"}],"acf:attachment":[{"embeddable":true,"href":"https:\/\/test.forma5.com\/fr\/wp-json\/wp\/v2\/media\/2558"},{"embeddable":true,"href":"https:\/\/test.forma5.com\/fr\/wp-json\/wp\/v2\/media\/2556"},{"embeddable":true,"href":"https:\/\/test.forma5.com\/fr\/wp-json\/wp\/v2\/media\/2554"},{"embeddable":true,"href":"https:\/\/test.forma5.com\/fr\/wp-json\/wp\/v2\/media\/2550"},{"embeddable":true,"href":"https:\/\/test.forma5.com\/fr\/wp-json\/wp\/v2\/media\/2546"}],"acf:post":[{"embeddable":true,"href":"https:\/\/test.forma5.com\/fr\/wp-json\/wp\/v2\/disenador\/1042"}],"wp:featuredmedia":[{"embeddable":true,"href":"https:\/\/test.forma5.com\/fr\/wp-json\/wp\/v2\/media\/7750"}],"wp:attachment":[{"href":"https:\/\/test.forma5.com\/fr\/wp-json\/wp\/v2\/media?parent=5257"}],"wp:term":[{"taxonomy":"product_brand","embeddable":true,"href":"https:\/\/test.forma5.com\/fr\/wp-json\/wp\/v2\/product_brand?post=5257"},{"taxonomy":"product_cat","embeddable":true,"href":"https:\/\/test.forma5.com\/fr\/wp-json\/wp\/v2\/product_cat?post=5257"},{"taxonomy":"product_tag","embeddable":true,"href":"https:\/\/test.forma5.com\/fr\/wp-json\/wp\/v2\/product_tag?post=5257"}],"curies":[{"name":"wp","href":"https:\/\/api.w.org\/{rel}","templated":true}]}}