{"id":5248,"date":"2025-05-23T12:52:06","date_gmt":"2025-05-23T10:52:06","guid":{"rendered":"https:\/\/test.forma5.com\/producto\/non%20class\u00e9\/garbo\/"},"modified":"2025-05-26T13:26:49","modified_gmt":"2025-05-26T11:26:49","slug":"garbo","status":"publish","type":"product","link":"https:\/\/test.forma5.com\/fr\/chaises-de-collectivite\/","title":{"rendered":"Garbo"},"content":{"rendered":"<p><span data-sheets-root=\"1\">La gamme de bureaux directionnels Garbo s&rsquo;inspire directement de l&rsquo;environnement domestique pour apporter cette touche de chaleur et de confort qui encourage la productivit\u00e9 au quotidien. Son esth\u00e9tique vintage se marie \u00e0 un design ergonomique et confortable qui renforce la sensation d&rsquo;intimit\u00e9 et de bien-\u00eatre.<\/span><\/p>\n","protected":false},"excerpt":{"rendered":"<h2><span data-sheets-root=\"1\">Il offre <em>chaleur et confort<\/em> pour votre travail quotidien<\/span><\/h2>\n","protected":false},"featured_media":5250,"template":"","meta":{"_acf_changed":false},"product_brand":[],"product_cat":[146,153],"product_tag":[],"class_list":{"0":"post-5248","1":"product","2":"type-product","3":"status-publish","4":"has-post-thumbnail","6":"product_cat-sieges","7":"product_cat-fauteuils-de-direction","9":"first","10":"instock","11":"shipping-taxable","12":"product-type-simple"},"acf":{"bigger_product_image":"","background-text":"","product_designer":[1047],"inactive_designer_info":{"custom_designer_name":"","custom_designer_image":null},"scene_gallery":[2487,2493,2495,2497],"gallery_bg_color":"#828282","details_gallery":[{"slide_text":"Les accoudoirs du fauteuil et de la chaise sont recouverts d'un<strong><span data-sheets-root=\"1\"> cuir de haute qualit\u00e9.<\/span><\/strong>","slide_image":2491},{"slide_text":"<span data-sheets-root=\"1\">Garbo propose des solutions <strong>\u00e9l\u00e9gantes pour les environnements ex\u00e9cutifs<\/strong>, avec des chaises \u00e0 dossier haut ou bas en \u00e9b\u00e8ne, noyer ou bois laqu\u00e9 noir, ainsi que des chaises pivotantes dans des mat\u00e9riaux de haute qualit\u00e9.<\/span>","slide_image":2489}],"product_video":{"video_link":"https:\/\/vimeo.com\/995337690?share=copy#t=0","video_cover":2495},"product_downloads_path":"sillas\/sillones-despacho","product_downloads":[{"select_file_type":"normal","file_type":"catalog","file_type_special":"","file_name":"C_Cuore_Garbo.pdf","file_customlabel":"Catalogue"},{"select_file_type":"normal","file_type":"technicalFeatures","file_type_special":"","file_name":"_CCTT_Garbo.pdf","file_customlabel":"Caract\u00e9ristiques Techniques"},{"select_file_type":"normal","file_type":"productCertificate","file_type_special":"","file_name":"GARBO_rev03_Firmado.pdf","file_customlabel":"Certificat de Produit"},{"select_file_type":"normal","file_type":"revitBim","file_type_special":"","file_name":"GARBO.zip","file_customlabel":"G\u00e9om\u00e9trie 3D"}],"grid_image_gallery":null},"yoast_head":"<!-- This site is optimized with the Yoast SEO plugin v25.2 - https:\/\/yoast.com\/wordpress\/plugins\/seo\/ -->\n<title>\u25b6 D\u00e9couvrez \u00ab Garbo \u00bb : notre chaise pour le bureau ex\u00e9cutif - Groupe Forma 5<\/title>\n<meta name=\"description\" content=\"Un fauteuil de direction au confort inspir\u00e9 de la maison, au design ergonomique et aux touches vintage pour plus de confort et de bien-\u00eatre. Cliquez ici pour en savoir plus !\" \/>\n<meta name=\"robots\" content=\"noindex, follow, max-snippet:-1, max-image-preview:large, max-video-preview:-1\" \/>\n<meta property=\"og:locale\" content=\"fr_FR\" \/>\n<meta property=\"og:type\" content=\"article\" \/>\n<meta property=\"og:title\" content=\"\u25b6 D\u00e9couvrez \u00ab Garbo \u00bb : notre chaise pour le bureau ex\u00e9cutif - Groupe Forma 5\" \/>\n<meta property=\"og:description\" content=\"Un fauteuil de direction au confort inspir\u00e9 de la maison, au design ergonomique et aux touches vintage pour plus de confort et de bien-\u00eatre. Cliquez ici pour en savoir plus !\" \/>\n<meta property=\"og:url\" content=\"https:\/\/test.forma5.com\/fr\/chaises-de-collectivite\/\" \/>\n<meta property=\"og:site_name\" content=\"Forma 5\" \/>\n<meta property=\"article:modified_time\" content=\"2025-05-26T11:26:49+00:00\" \/>\n<meta property=\"og:image\" content=\"https:\/\/test.forma5.com\/wp-content\/uploads\/Dot-pro.webp\" \/>\n\t<meta property=\"og:image:width\" content=\"800\" \/>\n\t<meta property=\"og:image:height\" content=\"800\" \/>\n\t<meta property=\"og:image:type\" content=\"image\/webp\" \/>\n<meta name=\"twitter:card\" content=\"summary_large_image\" \/>\n<meta name=\"twitter:label1\" content=\"Dur\u00e9e de lecture estim\u00e9e\" \/>\n\t<meta name=\"twitter:data1\" content=\"1 minute\" \/>\n<script type=\"application\/ld+json\" class=\"yoast-schema-graph\">{\"@context\":\"https:\/\/schema.org\",\"@graph\":[{\"@type\":\"WebPage\",\"@id\":\"https:\/\/test.forma5.com\/fr\/chaises-de-collectivite\/\",\"url\":\"https:\/\/test.forma5.com\/fr\/chaises-de-collectivite\/\",\"name\":\"\u25b6 D\u00e9couvrez \u00ab Garbo \u00bb : notre chaise pour le bureau ex\u00e9cutif - Groupe Forma 5\",\"isPartOf\":{\"@id\":\"https:\/\/test.forma5.com\/fr\/#website\"},\"primaryImageOfPage\":{\"@id\":\"https:\/\/test.forma5.com\/fr\/chaises-de-collectivite\/#primaryimage\"},\"image\":{\"@id\":\"https:\/\/test.forma5.com\/fr\/chaises-de-collectivite\/#primaryimage\"},\"thumbnailUrl\":\"https:\/\/test.forma5.com\/wp-content\/uploads\/Dot-pro.webp\",\"datePublished\":\"2025-05-23T10:52:06+00:00\",\"dateModified\":\"2025-05-26T11:26:49+00:00\",\"description\":\"Un fauteuil de direction au confort inspir\u00e9 de la maison, au design ergonomique et aux touches vintage pour plus de confort et de bien-\u00eatre. Cliquez ici pour en savoir plus !\",\"breadcrumb\":{\"@id\":\"https:\/\/test.forma5.com\/fr\/chaises-de-collectivite\/#breadcrumb\"},\"inLanguage\":\"fr-FR\",\"potentialAction\":[{\"@type\":\"ReadAction\",\"target\":[\"https:\/\/test.forma5.com\/fr\/chaises-de-collectivite\/\"]}]},{\"@type\":\"ImageObject\",\"inLanguage\":\"fr-FR\",\"@id\":\"https:\/\/test.forma5.com\/fr\/chaises-de-collectivite\/#primaryimage\",\"url\":\"https:\/\/test.forma5.com\/wp-content\/uploads\/Dot-pro.webp\",\"contentUrl\":\"https:\/\/test.forma5.com\/wp-content\/uploads\/Dot-pro.webp\",\"width\":800,\"height\":800},{\"@type\":\"BreadcrumbList\",\"@id\":\"https:\/\/test.forma5.com\/fr\/chaises-de-collectivite\/#breadcrumb\",\"itemListElement\":[{\"@type\":\"ListItem\",\"position\":1,\"name\":\"Portada\",\"item\":\"https:\/\/test.forma5.com\/fr\/\"},{\"@type\":\"ListItem\",\"position\":2,\"name\":\"Productos\",\"item\":\"https:\/\/test.forma5.com\/shop\/\"},{\"@type\":\"ListItem\",\"position\":3,\"name\":\"Garbo\"}]},{\"@type\":\"WebSite\",\"@id\":\"https:\/\/test.forma5.com\/fr\/#website\",\"url\":\"https:\/\/test.forma5.com\/fr\/\",\"name\":\"Forma 5\",\"description\":\"\",\"publisher\":{\"@id\":\"https:\/\/test.forma5.com\/fr\/#organization\"},\"potentialAction\":[{\"@type\":\"SearchAction\",\"target\":{\"@type\":\"EntryPoint\",\"urlTemplate\":\"https:\/\/test.forma5.com\/fr\/?s={search_term_string}\"},\"query-input\":{\"@type\":\"PropertyValueSpecification\",\"valueRequired\":true,\"valueName\":\"search_term_string\"}}],\"inLanguage\":\"fr-FR\"},{\"@type\":\"Organization\",\"@id\":\"https:\/\/test.forma5.com\/fr\/#organization\",\"name\":\"Forma 5\",\"url\":\"https:\/\/test.forma5.com\/fr\/\",\"logo\":{\"@type\":\"ImageObject\",\"inLanguage\":\"fr-FR\",\"@id\":\"https:\/\/test.forma5.com\/fr\/#\/schema\/logo\/image\/\",\"url\":\"https:\/\/test.forma5.com\/wp-content\/uploads\/logo.svg\",\"contentUrl\":\"https:\/\/test.forma5.com\/wp-content\/uploads\/logo.svg\",\"width\":169,\"height\":36,\"caption\":\"Forma 5\"},\"image\":{\"@id\":\"https:\/\/test.forma5.com\/fr\/#\/schema\/logo\/image\/\"}}]}<\/script>\n<!-- \/ Yoast SEO plugin. -->","yoast_head_json":{"title":"\u25b6 D\u00e9couvrez \u00ab Garbo \u00bb : notre chaise pour le bureau ex\u00e9cutif - Groupe Forma 5","description":"Un fauteuil de direction au confort inspir\u00e9 de la maison, au design ergonomique et aux touches vintage pour plus de confort et de bien-\u00eatre. Cliquez ici pour en savoir plus !","robots":{"index":"noindex","follow":"follow","max-snippet":"max-snippet:-1","max-image-preview":"max-image-preview:large","max-video-preview":"max-video-preview:-1"},"og_locale":"fr_FR","og_type":"article","og_title":"\u25b6 D\u00e9couvrez \u00ab Garbo \u00bb : notre chaise pour le bureau ex\u00e9cutif - Groupe Forma 5","og_description":"Un fauteuil de direction au confort inspir\u00e9 de la maison, au design ergonomique et aux touches vintage pour plus de confort et de bien-\u00eatre. Cliquez ici pour en savoir plus !","og_url":"https:\/\/test.forma5.com\/fr\/chaises-de-collectivite\/","og_site_name":"Forma 5","article_modified_time":"2025-05-26T11:26:49+00:00","og_image":[{"width":800,"height":800,"url":"https:\/\/test.forma5.com\/wp-content\/uploads\/Dot-pro.webp","type":"image\/webp"}],"twitter_card":"summary_large_image","twitter_misc":{"Dur\u00e9e de lecture estim\u00e9e":"1 minute"},"schema":{"@context":"https:\/\/schema.org","@graph":[{"@type":"WebPage","@id":"https:\/\/test.forma5.com\/fr\/chaises-de-collectivite\/","url":"https:\/\/test.forma5.com\/fr\/chaises-de-collectivite\/","name":"\u25b6 D\u00e9couvrez \u00ab Garbo \u00bb : notre chaise pour le bureau ex\u00e9cutif - Groupe Forma 5","isPartOf":{"@id":"https:\/\/test.forma5.com\/fr\/#website"},"primaryImageOfPage":{"@id":"https:\/\/test.forma5.com\/fr\/chaises-de-collectivite\/#primaryimage"},"image":{"@id":"https:\/\/test.forma5.com\/fr\/chaises-de-collectivite\/#primaryimage"},"thumbnailUrl":"https:\/\/test.forma5.com\/wp-content\/uploads\/Dot-pro.webp","datePublished":"2025-05-23T10:52:06+00:00","dateModified":"2025-05-26T11:26:49+00:00","description":"Un fauteuil de direction au confort inspir\u00e9 de la maison, au design ergonomique et aux touches vintage pour plus de confort et de bien-\u00eatre. Cliquez ici pour en savoir plus !","breadcrumb":{"@id":"https:\/\/test.forma5.com\/fr\/chaises-de-collectivite\/#breadcrumb"},"inLanguage":"fr-FR","potentialAction":[{"@type":"ReadAction","target":["https:\/\/test.forma5.com\/fr\/chaises-de-collectivite\/"]}]},{"@type":"ImageObject","inLanguage":"fr-FR","@id":"https:\/\/test.forma5.com\/fr\/chaises-de-collectivite\/#primaryimage","url":"https:\/\/test.forma5.com\/wp-content\/uploads\/Dot-pro.webp","contentUrl":"https:\/\/test.forma5.com\/wp-content\/uploads\/Dot-pro.webp","width":800,"height":800},{"@type":"BreadcrumbList","@id":"https:\/\/test.forma5.com\/fr\/chaises-de-collectivite\/#breadcrumb","itemListElement":[{"@type":"ListItem","position":1,"name":"Portada","item":"https:\/\/test.forma5.com\/fr\/"},{"@type":"ListItem","position":2,"name":"Productos","item":"https:\/\/test.forma5.com\/shop\/"},{"@type":"ListItem","position":3,"name":"Garbo"}]},{"@type":"WebSite","@id":"https:\/\/test.forma5.com\/fr\/#website","url":"https:\/\/test.forma5.com\/fr\/","name":"Forma 5","description":"","publisher":{"@id":"https:\/\/test.forma5.com\/fr\/#organization"},"potentialAction":[{"@type":"SearchAction","target":{"@type":"EntryPoint","urlTemplate":"https:\/\/test.forma5.com\/fr\/?s={search_term_string}"},"query-input":{"@type":"PropertyValueSpecification","valueRequired":true,"valueName":"search_term_string"}}],"inLanguage":"fr-FR"},{"@type":"Organization","@id":"https:\/\/test.forma5.com\/fr\/#organization","name":"Forma 5","url":"https:\/\/test.forma5.com\/fr\/","logo":{"@type":"ImageObject","inLanguage":"fr-FR","@id":"https:\/\/test.forma5.com\/fr\/#\/schema\/logo\/image\/","url":"https:\/\/test.forma5.com\/wp-content\/uploads\/logo.svg","contentUrl":"https:\/\/test.forma5.com\/wp-content\/uploads\/logo.svg","width":169,"height":36,"caption":"Forma 5"},"image":{"@id":"https:\/\/test.forma5.com\/fr\/#\/schema\/logo\/image\/"}}]}},"_links":{"self":[{"href":"https:\/\/test.forma5.com\/fr\/wp-json\/wp\/v2\/product\/5248","targetHints":{"allow":["GET"]}}],"collection":[{"href":"https:\/\/test.forma5.com\/fr\/wp-json\/wp\/v2\/product"}],"about":[{"href":"https:\/\/test.forma5.com\/fr\/wp-json\/wp\/v2\/types\/product"}],"acf:attachment":[{"embeddable":true,"href":"https:\/\/test.forma5.com\/fr\/wp-json\/wp\/v2\/media\/2497"},{"embeddable":true,"href":"https:\/\/test.forma5.com\/fr\/wp-json\/wp\/v2\/media\/2495"},{"embeddable":true,"href":"https:\/\/test.forma5.com\/fr\/wp-json\/wp\/v2\/media\/2493"},{"embeddable":true,"href":"https:\/\/test.forma5.com\/fr\/wp-json\/wp\/v2\/media\/2487"}],"acf:post":[{"embeddable":true,"href":"https:\/\/test.forma5.com\/fr\/wp-json\/wp\/v2\/disenador\/1047"}],"wp:featuredmedia":[{"embeddable":true,"href":"https:\/\/test.forma5.com\/fr\/wp-json\/wp\/v2\/media\/5250"}],"wp:attachment":[{"href":"https:\/\/test.forma5.com\/fr\/wp-json\/wp\/v2\/media?parent=5248"}],"wp:term":[{"taxonomy":"product_brand","embeddable":true,"href":"https:\/\/test.forma5.com\/fr\/wp-json\/wp\/v2\/product_brand?post=5248"},{"taxonomy":"product_cat","embeddable":true,"href":"https:\/\/test.forma5.com\/fr\/wp-json\/wp\/v2\/product_cat?post=5248"},{"taxonomy":"product_tag","embeddable":true,"href":"https:\/\/test.forma5.com\/fr\/wp-json\/wp\/v2\/product_tag?post=5248"}],"curies":[{"name":"wp","href":"https:\/\/api.w.org\/{rel}","templated":true}]}}