{"id":5238,"date":"2025-05-22T13:02:41","date_gmt":"2025-05-22T11:02:41","guid":{"rendered":"https:\/\/test.forma5.com\/producto\/non%20class\u00e9\/theus\/"},"modified":"2025-05-26T13:21:48","modified_gmt":"2025-05-26T11:21:48","slug":"theus","status":"publish","type":"product","link":"https:\/\/test.forma5.com\/fr\/fauteuils-de-direction\/theus\/","title":{"rendered":"Theus"},"content":{"rendered":"<div class=\"woocommerce-product-details__short-description\">\n<p><span class=\"s1\"><span data-sheets-root=\"1\">Forma 5 pr\u00e9sente la gamme Theus comme une solution id\u00e9ale pour les zones de gestion et de direction de l&rsquo;entreprise. La gamme Theus se distingue par son design \u00e9pur\u00e9 qui met en valeur l&rsquo;\u00e9l\u00e9gance et le statut de ces postes de travail. Outre son attrait esth\u00e9tique, la gamme Theus offre un niveau de confort \u00e9lev\u00e9, procurant \u00e0 l&rsquo;utilisateur une sensation de chaleur qui dure toute la journ\u00e9e. Elle est fabriqu\u00e9e \u00e0 partir de mat\u00e9riaux s\u00e9lectionn\u00e9s pour leur qualit\u00e9 et leur durabilit\u00e9.<\/span><br \/>\n<\/span><\/p>\n<\/div>\n","protected":false},"excerpt":{"rendered":"<h2>Une ligne de design raffin\u00e9e qui transmet <em><span data-sheets-root=\"1\">\u00e9l\u00e9gance et statut<\/span><\/em><\/h2>\n","protected":false},"featured_media":5240,"template":"","meta":{"_acf_changed":false},"product_brand":[],"product_cat":[146,153],"product_tag":[],"class_list":{"0":"post-5238","1":"product","2":"type-product","3":"status-publish","4":"has-post-thumbnail","6":"product_cat-sieges","7":"product_cat-fauteuils-de-direction","9":"first","10":"instock","11":"shipping-taxable","12":"product-type-simple"},"acf":{"bigger_product_image":"","background-text":"Theus","product_designer":[1024],"inactive_designer_info":{"custom_designer_name":"","custom_designer_image":null},"scene_gallery":"","gallery_bg_color":"#c9c9c9","details_gallery":[{"slide_text":"<span data-sheets-root=\"1\">Le design de Theus allie <strong>ergonomie et \u00e9l\u00e9gance<\/strong>, avec des lignes droites et simples qui d\u00e9finissent sa structure. Ses angles prononc\u00e9s, accentu\u00e9s par des coutures \u00e9paisses, lui conf\u00e8rent une identit\u00e9 unique.<\/span>","slide_image":2485},{"slide_text":"<span data-sheets-root=\"1\">Une chaise de <strong>force et de distinction<\/strong> qui permet de se d\u00e9tendre sur le lieu de travail.<\/span>","slide_image":2483},{"slide_text":"Ils accompagneront la gestion<strong><span data-sheets-root=\"1\"> pendant de nombreuses ann\u00e9es.<\/span><\/strong>","slide_image":4560}],"product_video":{"video_link":"https:\/\/vimeo.com\/995336567?share=copy","video_cover":2483},"product_downloads_path":"sillas\/sillones-despacho","product_downloads":[{"select_file_type":"normal","file_type":"catalog","file_type_special":"","file_name":"Theus.pdf","file_customlabel":"Catalogue"},{"select_file_type":"normal","file_type":"technicalFeatures","file_type_special":"","file_name":"_CCTT_Theus.pdf","file_customlabel":"Caract\u00e9ristiques Techniques"},{"select_file_type":"normal","file_type":"productCertificate","file_type_special":"","file_name":"THEUS_rev04_FIRMADO.pdf","file_customlabel":"Certificat de Produit"},{"select_file_type":"normal","file_type":"images","file_type_special":"","file_name":"03_Theus.zip","file_customlabel":"Images"},{"select_file_type":"normal","file_type":"autocad","file_type_special":"","file_name":"theus.zip","file_customlabel":"G\u00e9om\u00e9trie 3D"}],"grid_image_gallery":null},"yoast_head":"<!-- This site is optimized with the Yoast SEO plugin v25.2 - https:\/\/yoast.com\/wordpress\/plugins\/seo\/ -->\n<title>\u25b6 D\u00e9couvrez &#039;Theus&#039; : notre fauteuil blanc pour cadres - Groupe Forma 5<\/title>\n<meta name=\"description\" content=\"Fauteuil blanc \u00e9l\u00e9gant, parfait pour les espaces de gestion et de direction, assurant statut et bien-\u00eatre. Cliquez ici pour rehausser le style de votre bureau !\" \/>\n<meta name=\"robots\" content=\"noindex, follow, max-snippet:-1, max-image-preview:large, max-video-preview:-1\" \/>\n<meta property=\"og:locale\" content=\"fr_FR\" \/>\n<meta property=\"og:type\" content=\"article\" \/>\n<meta property=\"og:title\" content=\"\u25b6 D\u00e9couvrez &#039;Theus&#039; : notre fauteuil blanc pour cadres - Groupe Forma 5\" \/>\n<meta property=\"og:description\" content=\"Fauteuil blanc \u00e9l\u00e9gant, parfait pour les espaces de gestion et de direction, assurant statut et bien-\u00eatre. Cliquez ici pour rehausser le style de votre bureau !\" \/>\n<meta property=\"og:url\" content=\"https:\/\/test.forma5.com\/fr\/fauteuils-de-direction\/theus\/\" \/>\n<meta property=\"og:site_name\" content=\"Forma 5\" \/>\n<meta property=\"article:modified_time\" content=\"2025-05-26T11:21:48+00:00\" \/>\n<meta property=\"og:image\" content=\"https:\/\/test.forma5.com\/wp-content\/uploads\/theus.webp\" \/>\n\t<meta property=\"og:image:width\" content=\"800\" \/>\n\t<meta property=\"og:image:height\" content=\"800\" \/>\n\t<meta property=\"og:image:type\" content=\"image\/webp\" \/>\n<meta name=\"twitter:card\" content=\"summary_large_image\" \/>\n<meta name=\"twitter:label1\" content=\"Dur\u00e9e de lecture estim\u00e9e\" \/>\n\t<meta name=\"twitter:data1\" content=\"1 minute\" \/>\n<script type=\"application\/ld+json\" class=\"yoast-schema-graph\">{\"@context\":\"https:\/\/schema.org\",\"@graph\":[{\"@type\":\"WebPage\",\"@id\":\"https:\/\/test.forma5.com\/fr\/fauteuils-de-direction\/theus\/\",\"url\":\"https:\/\/test.forma5.com\/fr\/fauteuils-de-direction\/theus\/\",\"name\":\"\u25b6 D\u00e9couvrez 'Theus' : notre fauteuil blanc pour cadres - Groupe Forma 5\",\"isPartOf\":{\"@id\":\"https:\/\/test.forma5.com\/fr\/#website\"},\"primaryImageOfPage\":{\"@id\":\"https:\/\/test.forma5.com\/fr\/fauteuils-de-direction\/theus\/#primaryimage\"},\"image\":{\"@id\":\"https:\/\/test.forma5.com\/fr\/fauteuils-de-direction\/theus\/#primaryimage\"},\"thumbnailUrl\":\"https:\/\/test.forma5.com\/wp-content\/uploads\/theus.webp\",\"datePublished\":\"2025-05-22T11:02:41+00:00\",\"dateModified\":\"2025-05-26T11:21:48+00:00\",\"description\":\"Fauteuil blanc \u00e9l\u00e9gant, parfait pour les espaces de gestion et de direction, assurant statut et bien-\u00eatre. Cliquez ici pour rehausser le style de votre bureau !\",\"breadcrumb\":{\"@id\":\"https:\/\/test.forma5.com\/fr\/fauteuils-de-direction\/theus\/#breadcrumb\"},\"inLanguage\":\"fr-FR\",\"potentialAction\":[{\"@type\":\"ReadAction\",\"target\":[\"https:\/\/test.forma5.com\/fr\/fauteuils-de-direction\/theus\/\"]}]},{\"@type\":\"ImageObject\",\"inLanguage\":\"fr-FR\",\"@id\":\"https:\/\/test.forma5.com\/fr\/fauteuils-de-direction\/theus\/#primaryimage\",\"url\":\"https:\/\/test.forma5.com\/wp-content\/uploads\/theus.webp\",\"contentUrl\":\"https:\/\/test.forma5.com\/wp-content\/uploads\/theus.webp\",\"width\":800,\"height\":800},{\"@type\":\"BreadcrumbList\",\"@id\":\"https:\/\/test.forma5.com\/fr\/fauteuils-de-direction\/theus\/#breadcrumb\",\"itemListElement\":[{\"@type\":\"ListItem\",\"position\":1,\"name\":\"Portada\",\"item\":\"https:\/\/test.forma5.com\/fr\/\"},{\"@type\":\"ListItem\",\"position\":2,\"name\":\"Productos\",\"item\":\"https:\/\/test.forma5.com\/shop\/\"},{\"@type\":\"ListItem\",\"position\":3,\"name\":\"Theus\"}]},{\"@type\":\"WebSite\",\"@id\":\"https:\/\/test.forma5.com\/fr\/#website\",\"url\":\"https:\/\/test.forma5.com\/fr\/\",\"name\":\"Forma 5\",\"description\":\"\",\"publisher\":{\"@id\":\"https:\/\/test.forma5.com\/fr\/#organization\"},\"potentialAction\":[{\"@type\":\"SearchAction\",\"target\":{\"@type\":\"EntryPoint\",\"urlTemplate\":\"https:\/\/test.forma5.com\/fr\/?s={search_term_string}\"},\"query-input\":{\"@type\":\"PropertyValueSpecification\",\"valueRequired\":true,\"valueName\":\"search_term_string\"}}],\"inLanguage\":\"fr-FR\"},{\"@type\":\"Organization\",\"@id\":\"https:\/\/test.forma5.com\/fr\/#organization\",\"name\":\"Forma 5\",\"url\":\"https:\/\/test.forma5.com\/fr\/\",\"logo\":{\"@type\":\"ImageObject\",\"inLanguage\":\"fr-FR\",\"@id\":\"https:\/\/test.forma5.com\/fr\/#\/schema\/logo\/image\/\",\"url\":\"https:\/\/test.forma5.com\/wp-content\/uploads\/logo.svg\",\"contentUrl\":\"https:\/\/test.forma5.com\/wp-content\/uploads\/logo.svg\",\"width\":169,\"height\":36,\"caption\":\"Forma 5\"},\"image\":{\"@id\":\"https:\/\/test.forma5.com\/fr\/#\/schema\/logo\/image\/\"}}]}<\/script>\n<!-- \/ Yoast SEO plugin. -->","yoast_head_json":{"title":"\u25b6 D\u00e9couvrez 'Theus' : notre fauteuil blanc pour cadres - Groupe Forma 5","description":"Fauteuil blanc \u00e9l\u00e9gant, parfait pour les espaces de gestion et de direction, assurant statut et bien-\u00eatre. Cliquez ici pour rehausser le style de votre bureau !","robots":{"index":"noindex","follow":"follow","max-snippet":"max-snippet:-1","max-image-preview":"max-image-preview:large","max-video-preview":"max-video-preview:-1"},"og_locale":"fr_FR","og_type":"article","og_title":"\u25b6 D\u00e9couvrez 'Theus' : notre fauteuil blanc pour cadres - Groupe Forma 5","og_description":"Fauteuil blanc \u00e9l\u00e9gant, parfait pour les espaces de gestion et de direction, assurant statut et bien-\u00eatre. Cliquez ici pour rehausser le style de votre bureau !","og_url":"https:\/\/test.forma5.com\/fr\/fauteuils-de-direction\/theus\/","og_site_name":"Forma 5","article_modified_time":"2025-05-26T11:21:48+00:00","og_image":[{"width":800,"height":800,"url":"https:\/\/test.forma5.com\/wp-content\/uploads\/theus.webp","type":"image\/webp"}],"twitter_card":"summary_large_image","twitter_misc":{"Dur\u00e9e de lecture estim\u00e9e":"1 minute"},"schema":{"@context":"https:\/\/schema.org","@graph":[{"@type":"WebPage","@id":"https:\/\/test.forma5.com\/fr\/fauteuils-de-direction\/theus\/","url":"https:\/\/test.forma5.com\/fr\/fauteuils-de-direction\/theus\/","name":"\u25b6 D\u00e9couvrez 'Theus' : notre fauteuil blanc pour cadres - Groupe Forma 5","isPartOf":{"@id":"https:\/\/test.forma5.com\/fr\/#website"},"primaryImageOfPage":{"@id":"https:\/\/test.forma5.com\/fr\/fauteuils-de-direction\/theus\/#primaryimage"},"image":{"@id":"https:\/\/test.forma5.com\/fr\/fauteuils-de-direction\/theus\/#primaryimage"},"thumbnailUrl":"https:\/\/test.forma5.com\/wp-content\/uploads\/theus.webp","datePublished":"2025-05-22T11:02:41+00:00","dateModified":"2025-05-26T11:21:48+00:00","description":"Fauteuil blanc \u00e9l\u00e9gant, parfait pour les espaces de gestion et de direction, assurant statut et bien-\u00eatre. Cliquez ici pour rehausser le style de votre bureau !","breadcrumb":{"@id":"https:\/\/test.forma5.com\/fr\/fauteuils-de-direction\/theus\/#breadcrumb"},"inLanguage":"fr-FR","potentialAction":[{"@type":"ReadAction","target":["https:\/\/test.forma5.com\/fr\/fauteuils-de-direction\/theus\/"]}]},{"@type":"ImageObject","inLanguage":"fr-FR","@id":"https:\/\/test.forma5.com\/fr\/fauteuils-de-direction\/theus\/#primaryimage","url":"https:\/\/test.forma5.com\/wp-content\/uploads\/theus.webp","contentUrl":"https:\/\/test.forma5.com\/wp-content\/uploads\/theus.webp","width":800,"height":800},{"@type":"BreadcrumbList","@id":"https:\/\/test.forma5.com\/fr\/fauteuils-de-direction\/theus\/#breadcrumb","itemListElement":[{"@type":"ListItem","position":1,"name":"Portada","item":"https:\/\/test.forma5.com\/fr\/"},{"@type":"ListItem","position":2,"name":"Productos","item":"https:\/\/test.forma5.com\/shop\/"},{"@type":"ListItem","position":3,"name":"Theus"}]},{"@type":"WebSite","@id":"https:\/\/test.forma5.com\/fr\/#website","url":"https:\/\/test.forma5.com\/fr\/","name":"Forma 5","description":"","publisher":{"@id":"https:\/\/test.forma5.com\/fr\/#organization"},"potentialAction":[{"@type":"SearchAction","target":{"@type":"EntryPoint","urlTemplate":"https:\/\/test.forma5.com\/fr\/?s={search_term_string}"},"query-input":{"@type":"PropertyValueSpecification","valueRequired":true,"valueName":"search_term_string"}}],"inLanguage":"fr-FR"},{"@type":"Organization","@id":"https:\/\/test.forma5.com\/fr\/#organization","name":"Forma 5","url":"https:\/\/test.forma5.com\/fr\/","logo":{"@type":"ImageObject","inLanguage":"fr-FR","@id":"https:\/\/test.forma5.com\/fr\/#\/schema\/logo\/image\/","url":"https:\/\/test.forma5.com\/wp-content\/uploads\/logo.svg","contentUrl":"https:\/\/test.forma5.com\/wp-content\/uploads\/logo.svg","width":169,"height":36,"caption":"Forma 5"},"image":{"@id":"https:\/\/test.forma5.com\/fr\/#\/schema\/logo\/image\/"}}]}},"_links":{"self":[{"href":"https:\/\/test.forma5.com\/fr\/wp-json\/wp\/v2\/product\/5238","targetHints":{"allow":["GET"]}}],"collection":[{"href":"https:\/\/test.forma5.com\/fr\/wp-json\/wp\/v2\/product"}],"about":[{"href":"https:\/\/test.forma5.com\/fr\/wp-json\/wp\/v2\/types\/product"}],"acf:post":[{"embeddable":true,"href":"https:\/\/test.forma5.com\/fr\/wp-json\/wp\/v2\/disenador\/1024"}],"wp:featuredmedia":[{"embeddable":true,"href":"https:\/\/test.forma5.com\/fr\/wp-json\/wp\/v2\/media\/5240"}],"wp:attachment":[{"href":"https:\/\/test.forma5.com\/fr\/wp-json\/wp\/v2\/media?parent=5238"}],"wp:term":[{"taxonomy":"product_brand","embeddable":true,"href":"https:\/\/test.forma5.com\/fr\/wp-json\/wp\/v2\/product_brand?post=5238"},{"taxonomy":"product_cat","embeddable":true,"href":"https:\/\/test.forma5.com\/fr\/wp-json\/wp\/v2\/product_cat?post=5238"},{"taxonomy":"product_tag","embeddable":true,"href":"https:\/\/test.forma5.com\/fr\/wp-json\/wp\/v2\/product_tag?post=5238"}],"curies":[{"name":"wp","href":"https:\/\/api.w.org\/{rel}","templated":true}]}}