{"id":5234,"date":"2025-05-24T09:21:35","date_gmt":"2025-05-24T07:21:35","guid":{"rendered":"https:\/\/test.forma5.com\/producto\/non%20class\u00e9\/cuore\/"},"modified":"2025-05-26T14:19:11","modified_gmt":"2025-05-26T12:19:11","slug":"cuore","status":"publish","type":"product","link":"https:\/\/test.forma5.com\/fr\/fauteuils-de-direction\/cuore\/","title":{"rendered":"Cuore"},"content":{"rendered":"<p><span data-sheets-root=\"1\">Cuore est un si\u00e8ge de direction con\u00e7u par et pour les sens, afin de favoriser les premi\u00e8res impressions qui restent apr\u00e8s l&rsquo;avoir essay\u00e9 et d&rsquo;en devenir un utilisateur convaincu. Il se caract\u00e9rise par une coque enveloppante, accueillante et confortable pendant la journ\u00e9e, tandis que son dossier rembourr\u00e9, en bois naturel teint\u00e9 \u00e9b\u00e8ne ou noyer, ou en aluminium, apporte la touche subtile de distinction n\u00e9cessaire aux bureaux de direction.<\/span><\/p>\n","protected":false},"excerpt":{"rendered":"<h2>Son enveloppe enveloppante apporte un sentiment<em><span data-sheets-root=\"1\"> de bien-\u00eatre \u00e0 votre espace de travail<\/span><\/em><\/h2>\n","protected":false},"featured_media":5236,"template":"","meta":{"_acf_changed":false},"product_brand":[],"product_cat":[146,153],"product_tag":[],"class_list":{"0":"post-5234","1":"product","2":"type-product","3":"status-publish","4":"has-post-thumbnail","6":"product_cat-sieges","7":"product_cat-fauteuils-de-direction","9":"first","10":"instock","11":"shipping-taxable","12":"product-type-simple"},"acf":{"bigger_product_image":"","background-text":"","product_designer":[1042],"inactive_designer_info":{"custom_designer_name":"","custom_designer_image":null},"scene_gallery":[2501],"gallery_bg_color":"#878787","details_gallery":[{"slide_text":"<span data-sheets-root=\"1\">La touche <strong>subtile de distinction<\/strong> et d'image n\u00e9cessaire aux bureaux de direction.<\/span>","slide_image":2499},{"slide_text":"<strong>\u00a0<\/strong>La coque ext\u00e9rieure, disponible en bois laqu\u00e9 naturel, en aluminium ou tapiss\u00e9e, est associ\u00e9e \u00e0 un dossier et \u00e0 une assise en polylamin\u00e9 et en mousse dense, tandis que le syst\u00e8me Sincro offre <strong>un design \u00e0 la fois \u00e9l\u00e9gant<span data-sheets-root=\"1\"> et fonctionnel.<\/span><\/strong>","slide_image":2505},{"slide_text":"<span data-sheets-root=\"1\">La chaise est disponible dans <strong>l'int\u00e9gralit\u00e9 de la gamme de tissus Forma 5.<\/strong><\/span>","slide_image":2503}],"product_video":{"video_link":"https:\/\/vimeo.com\/995334964?share=copy#t=0","video_cover":2501},"product_downloads_path":"sillas\/sillones-despacho","product_downloads":[{"select_file_type":"normal","file_type":"catalog","file_type_special":"","file_name":"C_Cuore_Garbo.pdf","file_customlabel":"Catalogue"},{"select_file_type":"normal","file_type":"technicalFeatures","file_type_special":"","file_name":"_CCTT_Cuore.pdf","file_customlabel":"Caract\u00e9ristiques Techniques"},{"select_file_type":"normal","file_type":"productCertificate","file_type_special":"","file_name":"CUORE_rev03_Firmado.pdf","file_customlabel":"Certificat de Produit"},{"select_file_type":"normal","file_type":"images","file_type_special":"","file_name":"02_Cuore.zip","file_customlabel":"Images"},{"select_file_type":"normal","file_type":"autocad","file_type_special":"","file_name":"Cuore.zip","file_customlabel":"Geometr\u00eda 3D"},{"select_file_type":"normal","file_type":"revitBim","file_type_special":"","file_name":"CUORE.zip","file_customlabel":"Revit\/BIM"}],"grid_image_gallery":null},"yoast_head":"<!-- This site is optimized with the Yoast SEO plugin v25.2 - https:\/\/yoast.com\/wordpress\/plugins\/seo\/ -->\n<title>\u25b6 D\u00e9couvrez &#039;Cuore&#039; : nos fauteuils de bureau de direction - Groupe Forma 5<\/title>\n<meta name=\"description\" content=\"Si\u00e8ge de direction avec coque enveloppante pour plus de confort et dossier \u00e9l\u00e9gant. Captivez les sens dans votre bureau de direction. Cliquez pour voir !\" \/>\n<meta name=\"robots\" content=\"noindex, follow, max-snippet:-1, max-image-preview:large, max-video-preview:-1\" \/>\n<meta property=\"og:locale\" content=\"fr_FR\" \/>\n<meta property=\"og:type\" content=\"article\" \/>\n<meta property=\"og:title\" content=\"\u25b6 D\u00e9couvrez &#039;Cuore&#039; : nos fauteuils de bureau de direction - Groupe Forma 5\" \/>\n<meta property=\"og:description\" content=\"Si\u00e8ge de direction avec coque enveloppante pour plus de confort et dossier \u00e9l\u00e9gant. Captivez les sens dans votre bureau de direction. Cliquez pour voir !\" \/>\n<meta property=\"og:url\" content=\"https:\/\/test.forma5.com\/fr\/fauteuils-de-direction\/cuore\/\" \/>\n<meta property=\"og:site_name\" content=\"Forma 5\" \/>\n<meta property=\"article:modified_time\" content=\"2025-05-26T12:19:11+00:00\" \/>\n<meta property=\"og:image\" content=\"https:\/\/test.forma5.com\/wp-content\/uploads\/Retoque-Cuore-2.webp\" \/>\n\t<meta property=\"og:image:width\" content=\"800\" \/>\n\t<meta property=\"og:image:height\" content=\"800\" \/>\n\t<meta property=\"og:image:type\" content=\"image\/webp\" \/>\n<meta name=\"twitter:card\" content=\"summary_large_image\" \/>\n<meta name=\"twitter:label1\" content=\"Dur\u00e9e de lecture estim\u00e9e\" \/>\n\t<meta name=\"twitter:data1\" content=\"1 minute\" \/>\n<script type=\"application\/ld+json\" class=\"yoast-schema-graph\">{\"@context\":\"https:\/\/schema.org\",\"@graph\":[{\"@type\":\"WebPage\",\"@id\":\"https:\/\/test.forma5.com\/fr\/fauteuils-de-direction\/cuore\/\",\"url\":\"https:\/\/test.forma5.com\/fr\/fauteuils-de-direction\/cuore\/\",\"name\":\"\u25b6 D\u00e9couvrez 'Cuore' : nos fauteuils de bureau de direction - Groupe Forma 5\",\"isPartOf\":{\"@id\":\"https:\/\/test.forma5.com\/fr\/#website\"},\"primaryImageOfPage\":{\"@id\":\"https:\/\/test.forma5.com\/fr\/fauteuils-de-direction\/cuore\/#primaryimage\"},\"image\":{\"@id\":\"https:\/\/test.forma5.com\/fr\/fauteuils-de-direction\/cuore\/#primaryimage\"},\"thumbnailUrl\":\"https:\/\/test.forma5.com\/wp-content\/uploads\/Retoque-Cuore-2.webp\",\"datePublished\":\"2025-05-24T07:21:35+00:00\",\"dateModified\":\"2025-05-26T12:19:11+00:00\",\"description\":\"Si\u00e8ge de direction avec coque enveloppante pour plus de confort et dossier \u00e9l\u00e9gant. Captivez les sens dans votre bureau de direction. Cliquez pour voir !\",\"breadcrumb\":{\"@id\":\"https:\/\/test.forma5.com\/fr\/fauteuils-de-direction\/cuore\/#breadcrumb\"},\"inLanguage\":\"fr-FR\",\"potentialAction\":[{\"@type\":\"ReadAction\",\"target\":[\"https:\/\/test.forma5.com\/fr\/fauteuils-de-direction\/cuore\/\"]}]},{\"@type\":\"ImageObject\",\"inLanguage\":\"fr-FR\",\"@id\":\"https:\/\/test.forma5.com\/fr\/fauteuils-de-direction\/cuore\/#primaryimage\",\"url\":\"https:\/\/test.forma5.com\/wp-content\/uploads\/Retoque-Cuore-2.webp\",\"contentUrl\":\"https:\/\/test.forma5.com\/wp-content\/uploads\/Retoque-Cuore-2.webp\",\"width\":800,\"height\":800},{\"@type\":\"BreadcrumbList\",\"@id\":\"https:\/\/test.forma5.com\/fr\/fauteuils-de-direction\/cuore\/#breadcrumb\",\"itemListElement\":[{\"@type\":\"ListItem\",\"position\":1,\"name\":\"Portada\",\"item\":\"https:\/\/test.forma5.com\/fr\/\"},{\"@type\":\"ListItem\",\"position\":2,\"name\":\"Productos\",\"item\":\"https:\/\/test.forma5.com\/shop\/\"},{\"@type\":\"ListItem\",\"position\":3,\"name\":\"Cuore\"}]},{\"@type\":\"WebSite\",\"@id\":\"https:\/\/test.forma5.com\/fr\/#website\",\"url\":\"https:\/\/test.forma5.com\/fr\/\",\"name\":\"Forma 5\",\"description\":\"\",\"publisher\":{\"@id\":\"https:\/\/test.forma5.com\/fr\/#organization\"},\"potentialAction\":[{\"@type\":\"SearchAction\",\"target\":{\"@type\":\"EntryPoint\",\"urlTemplate\":\"https:\/\/test.forma5.com\/fr\/?s={search_term_string}\"},\"query-input\":{\"@type\":\"PropertyValueSpecification\",\"valueRequired\":true,\"valueName\":\"search_term_string\"}}],\"inLanguage\":\"fr-FR\"},{\"@type\":\"Organization\",\"@id\":\"https:\/\/test.forma5.com\/fr\/#organization\",\"name\":\"Forma 5\",\"url\":\"https:\/\/test.forma5.com\/fr\/\",\"logo\":{\"@type\":\"ImageObject\",\"inLanguage\":\"fr-FR\",\"@id\":\"https:\/\/test.forma5.com\/fr\/#\/schema\/logo\/image\/\",\"url\":\"https:\/\/test.forma5.com\/wp-content\/uploads\/logo.svg\",\"contentUrl\":\"https:\/\/test.forma5.com\/wp-content\/uploads\/logo.svg\",\"width\":169,\"height\":36,\"caption\":\"Forma 5\"},\"image\":{\"@id\":\"https:\/\/test.forma5.com\/fr\/#\/schema\/logo\/image\/\"}}]}<\/script>\n<!-- \/ Yoast SEO plugin. -->","yoast_head_json":{"title":"\u25b6 D\u00e9couvrez 'Cuore' : nos fauteuils de bureau de direction - Groupe Forma 5","description":"Si\u00e8ge de direction avec coque enveloppante pour plus de confort et dossier \u00e9l\u00e9gant. Captivez les sens dans votre bureau de direction. Cliquez pour voir !","robots":{"index":"noindex","follow":"follow","max-snippet":"max-snippet:-1","max-image-preview":"max-image-preview:large","max-video-preview":"max-video-preview:-1"},"og_locale":"fr_FR","og_type":"article","og_title":"\u25b6 D\u00e9couvrez 'Cuore' : nos fauteuils de bureau de direction - Groupe Forma 5","og_description":"Si\u00e8ge de direction avec coque enveloppante pour plus de confort et dossier \u00e9l\u00e9gant. Captivez les sens dans votre bureau de direction. Cliquez pour voir !","og_url":"https:\/\/test.forma5.com\/fr\/fauteuils-de-direction\/cuore\/","og_site_name":"Forma 5","article_modified_time":"2025-05-26T12:19:11+00:00","og_image":[{"width":800,"height":800,"url":"https:\/\/test.forma5.com\/wp-content\/uploads\/Retoque-Cuore-2.webp","type":"image\/webp"}],"twitter_card":"summary_large_image","twitter_misc":{"Dur\u00e9e de lecture estim\u00e9e":"1 minute"},"schema":{"@context":"https:\/\/schema.org","@graph":[{"@type":"WebPage","@id":"https:\/\/test.forma5.com\/fr\/fauteuils-de-direction\/cuore\/","url":"https:\/\/test.forma5.com\/fr\/fauteuils-de-direction\/cuore\/","name":"\u25b6 D\u00e9couvrez 'Cuore' : nos fauteuils de bureau de direction - Groupe Forma 5","isPartOf":{"@id":"https:\/\/test.forma5.com\/fr\/#website"},"primaryImageOfPage":{"@id":"https:\/\/test.forma5.com\/fr\/fauteuils-de-direction\/cuore\/#primaryimage"},"image":{"@id":"https:\/\/test.forma5.com\/fr\/fauteuils-de-direction\/cuore\/#primaryimage"},"thumbnailUrl":"https:\/\/test.forma5.com\/wp-content\/uploads\/Retoque-Cuore-2.webp","datePublished":"2025-05-24T07:21:35+00:00","dateModified":"2025-05-26T12:19:11+00:00","description":"Si\u00e8ge de direction avec coque enveloppante pour plus de confort et dossier \u00e9l\u00e9gant. Captivez les sens dans votre bureau de direction. Cliquez pour voir !","breadcrumb":{"@id":"https:\/\/test.forma5.com\/fr\/fauteuils-de-direction\/cuore\/#breadcrumb"},"inLanguage":"fr-FR","potentialAction":[{"@type":"ReadAction","target":["https:\/\/test.forma5.com\/fr\/fauteuils-de-direction\/cuore\/"]}]},{"@type":"ImageObject","inLanguage":"fr-FR","@id":"https:\/\/test.forma5.com\/fr\/fauteuils-de-direction\/cuore\/#primaryimage","url":"https:\/\/test.forma5.com\/wp-content\/uploads\/Retoque-Cuore-2.webp","contentUrl":"https:\/\/test.forma5.com\/wp-content\/uploads\/Retoque-Cuore-2.webp","width":800,"height":800},{"@type":"BreadcrumbList","@id":"https:\/\/test.forma5.com\/fr\/fauteuils-de-direction\/cuore\/#breadcrumb","itemListElement":[{"@type":"ListItem","position":1,"name":"Portada","item":"https:\/\/test.forma5.com\/fr\/"},{"@type":"ListItem","position":2,"name":"Productos","item":"https:\/\/test.forma5.com\/shop\/"},{"@type":"ListItem","position":3,"name":"Cuore"}]},{"@type":"WebSite","@id":"https:\/\/test.forma5.com\/fr\/#website","url":"https:\/\/test.forma5.com\/fr\/","name":"Forma 5","description":"","publisher":{"@id":"https:\/\/test.forma5.com\/fr\/#organization"},"potentialAction":[{"@type":"SearchAction","target":{"@type":"EntryPoint","urlTemplate":"https:\/\/test.forma5.com\/fr\/?s={search_term_string}"},"query-input":{"@type":"PropertyValueSpecification","valueRequired":true,"valueName":"search_term_string"}}],"inLanguage":"fr-FR"},{"@type":"Organization","@id":"https:\/\/test.forma5.com\/fr\/#organization","name":"Forma 5","url":"https:\/\/test.forma5.com\/fr\/","logo":{"@type":"ImageObject","inLanguage":"fr-FR","@id":"https:\/\/test.forma5.com\/fr\/#\/schema\/logo\/image\/","url":"https:\/\/test.forma5.com\/wp-content\/uploads\/logo.svg","contentUrl":"https:\/\/test.forma5.com\/wp-content\/uploads\/logo.svg","width":169,"height":36,"caption":"Forma 5"},"image":{"@id":"https:\/\/test.forma5.com\/fr\/#\/schema\/logo\/image\/"}}]}},"_links":{"self":[{"href":"https:\/\/test.forma5.com\/fr\/wp-json\/wp\/v2\/product\/5234","targetHints":{"allow":["GET"]}}],"collection":[{"href":"https:\/\/test.forma5.com\/fr\/wp-json\/wp\/v2\/product"}],"about":[{"href":"https:\/\/test.forma5.com\/fr\/wp-json\/wp\/v2\/types\/product"}],"acf:attachment":[{"embeddable":true,"href":"https:\/\/test.forma5.com\/fr\/wp-json\/wp\/v2\/media\/2501"}],"acf:post":[{"embeddable":true,"href":"https:\/\/test.forma5.com\/fr\/wp-json\/wp\/v2\/disenador\/1042"}],"wp:featuredmedia":[{"embeddable":true,"href":"https:\/\/test.forma5.com\/fr\/wp-json\/wp\/v2\/media\/5236"}],"wp:attachment":[{"href":"https:\/\/test.forma5.com\/fr\/wp-json\/wp\/v2\/media?parent=5234"}],"wp:term":[{"taxonomy":"product_brand","embeddable":true,"href":"https:\/\/test.forma5.com\/fr\/wp-json\/wp\/v2\/product_brand?post=5234"},{"taxonomy":"product_cat","embeddable":true,"href":"https:\/\/test.forma5.com\/fr\/wp-json\/wp\/v2\/product_cat?post=5234"},{"taxonomy":"product_tag","embeddable":true,"href":"https:\/\/test.forma5.com\/fr\/wp-json\/wp\/v2\/product_tag?post=5234"}],"curies":[{"name":"wp","href":"https:\/\/api.w.org\/{rel}","templated":true}]}}