{"id":5231,"date":"2025-05-25T07:57:50","date_gmt":"2025-05-25T05:57:50","guid":{"rendered":"https:\/\/test.forma5.com\/producto\/non%20class\u00e9\/allure\/"},"modified":"2025-05-26T13:28:15","modified_gmt":"2025-05-26T11:28:15","slug":"allure","status":"publish","type":"product","link":"https:\/\/test.forma5.com\/fr\/fauteuils-de-direction\/allure\/","title":{"rendered":"Allure"},"content":{"rendered":"<p><span data-sheets-root=\"1\">Allure est un programme destin\u00e9 aux postes de direction, de d\u00e9cision et d&rsquo;organisation. Les si\u00e8ges de travail se caract\u00e9risent par une ligne douce et une r\u00e9partition de la pression de la plus haute qualit\u00e9 pour garantir un confort optimal lors de l&rsquo;utilisation. Les options de si\u00e8ges pivotants et de si\u00e8ges de conf\u00e9rence de hauteur moyenne offrent les m\u00eames caract\u00e9ristiques esth\u00e9tiques et ergonomiques pour les salles de r\u00e9union de direction, les salles de conseil et les salles de conf\u00e9rence d&rsquo;entreprise.<\/span><\/p>\n","protected":false},"excerpt":{"rendered":"<h2>Il se distingue par ses lignes <em><span data-sheets-root=\"1\">douces et par sa haute qualit\u00e9<\/span><\/em><\/h2>\n<p>&nbsp;<\/p>\n","protected":false},"featured_media":6297,"template":"","meta":{"_acf_changed":false},"product_brand":[],"product_cat":[146,153],"product_tag":[],"class_list":{"0":"post-5231","1":"product","2":"type-product","3":"status-publish","4":"has-post-thumbnail","6":"product_cat-sieges","7":"product_cat-fauteuils-de-direction","9":"first","10":"instock","11":"shipping-taxable","12":"product-type-simple"},"acf":{"bigger_product_image":"","background-text":"","product_designer":[1037],"inactive_designer_info":{"custom_designer_name":"","custom_designer_image":null},"scene_gallery":[2522,2512,2510],"gallery_bg_color":"#6b6b6b","details_gallery":[{"slide_text":"<span data-sheets-root=\"1\"><strong>Qualit\u00e9 maximale<\/strong> appliqu\u00e9e \u00e0 la distribution de la pression pour garantir une utilisation sans souci.<\/span>","slide_image":2518},{"slide_text":"<span data-sheets-root=\"1\">Ce <strong>si\u00e8ge de direction pivotant<\/strong> et r\u00e9glable est dot\u00e9 d'accoudoirs en aluminium poli, d'une assise et d'un dossier rembourr\u00e9s, ainsi que d'un pi\u00e8tement et de roulettes r\u00e9glables.<\/span>","slide_image":2514}],"product_video":{"video_link":"","video_cover":""},"product_downloads_path":"sillas\/sillones-despacho","product_downloads":[{"select_file_type":"normal","file_type":"catalog","file_type_special":"","file_name":"Allure.pdf","file_customlabel":"Catalogue"},{"select_file_type":"normal","file_type":"technicalFeatures","file_type_special":"","file_name":"_CCTT_Allure.pdf","file_customlabel":"Caract\u00e9ristiques Techniques"},{"select_file_type":"normal","file_type":"productCertificate","file_type_special":"","file_name":"ALLURE_rev04_Firmado.pdf","file_customlabel":"Certificat de Produit"},{"select_file_type":"normal","file_type":"images","file_type_special":"","file_name":"01_Allure.zip","file_customlabel":"Images"},{"select_file_type":"normal","file_type":"autocad","file_type_special":"","file_name":"Allure.zip","file_customlabel":"G\u00e9om\u00e9trie 3D"},{"select_file_type":"normal","file_type":"revitBim","file_type_special":"","file_name":"ALLURE.zip","file_customlabel":"Revit\/BIM"}],"grid_image_gallery":null},"yoast_head":"<!-- This site is optimized with the Yoast SEO plugin v25.2 - https:\/\/yoast.com\/wordpress\/plugins\/seo\/ -->\n<title>\u25b6 D\u00e9couvrez &#039;Allure&#039; : notre fauteuil de bureau pour cadres - Groupe Forma 5<\/title>\n<meta name=\"description\" content=\"Fauteuil de bureau haut de gamme pour cadres, alliant confort ergonomique et fonctions ex\u00e9cutives. Cliquez pour \u00e9lever votre espace de travail !\" \/>\n<meta name=\"robots\" content=\"noindex, follow, max-snippet:-1, max-image-preview:large, max-video-preview:-1\" \/>\n<meta property=\"og:locale\" content=\"fr_FR\" \/>\n<meta property=\"og:type\" content=\"article\" \/>\n<meta property=\"og:title\" content=\"\u25b6 D\u00e9couvrez &#039;Allure&#039; : notre fauteuil de bureau pour cadres - Groupe Forma 5\" \/>\n<meta property=\"og:description\" content=\"Fauteuil de bureau haut de gamme pour cadres, alliant confort ergonomique et fonctions ex\u00e9cutives. Cliquez pour \u00e9lever votre espace de travail !\" \/>\n<meta property=\"og:url\" content=\"https:\/\/test.forma5.com\/fr\/fauteuils-de-direction\/allure\/\" \/>\n<meta property=\"og:site_name\" content=\"Forma 5\" \/>\n<meta property=\"article:modified_time\" content=\"2025-05-26T11:28:15+00:00\" \/>\n<meta property=\"og:image\" content=\"https:\/\/test.forma5.com\/wp-content\/uploads\/allure-2.png\" \/>\n\t<meta property=\"og:image:width\" content=\"800\" \/>\n\t<meta property=\"og:image:height\" content=\"800\" \/>\n\t<meta property=\"og:image:type\" content=\"image\/png\" \/>\n<meta name=\"twitter:card\" content=\"summary_large_image\" \/>\n<meta name=\"twitter:label1\" content=\"Dur\u00e9e de lecture estim\u00e9e\" \/>\n\t<meta name=\"twitter:data1\" content=\"1 minute\" \/>\n<script type=\"application\/ld+json\" class=\"yoast-schema-graph\">{\"@context\":\"https:\/\/schema.org\",\"@graph\":[{\"@type\":\"WebPage\",\"@id\":\"https:\/\/test.forma5.com\/fr\/fauteuils-de-direction\/allure\/\",\"url\":\"https:\/\/test.forma5.com\/fr\/fauteuils-de-direction\/allure\/\",\"name\":\"\u25b6 D\u00e9couvrez 'Allure' : notre fauteuil de bureau pour cadres - Groupe Forma 5\",\"isPartOf\":{\"@id\":\"https:\/\/test.forma5.com\/fr\/#website\"},\"primaryImageOfPage\":{\"@id\":\"https:\/\/test.forma5.com\/fr\/fauteuils-de-direction\/allure\/#primaryimage\"},\"image\":{\"@id\":\"https:\/\/test.forma5.com\/fr\/fauteuils-de-direction\/allure\/#primaryimage\"},\"thumbnailUrl\":\"https:\/\/test.forma5.com\/wp-content\/uploads\/allure-2.png\",\"datePublished\":\"2025-05-25T05:57:50+00:00\",\"dateModified\":\"2025-05-26T11:28:15+00:00\",\"description\":\"Fauteuil de bureau haut de gamme pour cadres, alliant confort ergonomique et fonctions ex\u00e9cutives. Cliquez pour \u00e9lever votre espace de travail !\",\"breadcrumb\":{\"@id\":\"https:\/\/test.forma5.com\/fr\/fauteuils-de-direction\/allure\/#breadcrumb\"},\"inLanguage\":\"fr-FR\",\"potentialAction\":[{\"@type\":\"ReadAction\",\"target\":[\"https:\/\/test.forma5.com\/fr\/fauteuils-de-direction\/allure\/\"]}]},{\"@type\":\"ImageObject\",\"inLanguage\":\"fr-FR\",\"@id\":\"https:\/\/test.forma5.com\/fr\/fauteuils-de-direction\/allure\/#primaryimage\",\"url\":\"https:\/\/test.forma5.com\/wp-content\/uploads\/allure-2.png\",\"contentUrl\":\"https:\/\/test.forma5.com\/wp-content\/uploads\/allure-2.png\",\"width\":800,\"height\":800},{\"@type\":\"BreadcrumbList\",\"@id\":\"https:\/\/test.forma5.com\/fr\/fauteuils-de-direction\/allure\/#breadcrumb\",\"itemListElement\":[{\"@type\":\"ListItem\",\"position\":1,\"name\":\"Portada\",\"item\":\"https:\/\/test.forma5.com\/fr\/\"},{\"@type\":\"ListItem\",\"position\":2,\"name\":\"Productos\",\"item\":\"https:\/\/test.forma5.com\/shop\/\"},{\"@type\":\"ListItem\",\"position\":3,\"name\":\"Allure\"}]},{\"@type\":\"WebSite\",\"@id\":\"https:\/\/test.forma5.com\/fr\/#website\",\"url\":\"https:\/\/test.forma5.com\/fr\/\",\"name\":\"Forma 5\",\"description\":\"\",\"publisher\":{\"@id\":\"https:\/\/test.forma5.com\/fr\/#organization\"},\"potentialAction\":[{\"@type\":\"SearchAction\",\"target\":{\"@type\":\"EntryPoint\",\"urlTemplate\":\"https:\/\/test.forma5.com\/fr\/?s={search_term_string}\"},\"query-input\":{\"@type\":\"PropertyValueSpecification\",\"valueRequired\":true,\"valueName\":\"search_term_string\"}}],\"inLanguage\":\"fr-FR\"},{\"@type\":\"Organization\",\"@id\":\"https:\/\/test.forma5.com\/fr\/#organization\",\"name\":\"Forma 5\",\"url\":\"https:\/\/test.forma5.com\/fr\/\",\"logo\":{\"@type\":\"ImageObject\",\"inLanguage\":\"fr-FR\",\"@id\":\"https:\/\/test.forma5.com\/fr\/#\/schema\/logo\/image\/\",\"url\":\"https:\/\/test.forma5.com\/wp-content\/uploads\/logo.svg\",\"contentUrl\":\"https:\/\/test.forma5.com\/wp-content\/uploads\/logo.svg\",\"width\":169,\"height\":36,\"caption\":\"Forma 5\"},\"image\":{\"@id\":\"https:\/\/test.forma5.com\/fr\/#\/schema\/logo\/image\/\"}}]}<\/script>\n<!-- \/ Yoast SEO plugin. -->","yoast_head_json":{"title":"\u25b6 D\u00e9couvrez 'Allure' : notre fauteuil de bureau pour cadres - Groupe Forma 5","description":"Fauteuil de bureau haut de gamme pour cadres, alliant confort ergonomique et fonctions ex\u00e9cutives. Cliquez pour \u00e9lever votre espace de travail !","robots":{"index":"noindex","follow":"follow","max-snippet":"max-snippet:-1","max-image-preview":"max-image-preview:large","max-video-preview":"max-video-preview:-1"},"og_locale":"fr_FR","og_type":"article","og_title":"\u25b6 D\u00e9couvrez 'Allure' : notre fauteuil de bureau pour cadres - Groupe Forma 5","og_description":"Fauteuil de bureau haut de gamme pour cadres, alliant confort ergonomique et fonctions ex\u00e9cutives. Cliquez pour \u00e9lever votre espace de travail !","og_url":"https:\/\/test.forma5.com\/fr\/fauteuils-de-direction\/allure\/","og_site_name":"Forma 5","article_modified_time":"2025-05-26T11:28:15+00:00","og_image":[{"width":800,"height":800,"url":"https:\/\/test.forma5.com\/wp-content\/uploads\/allure-2.png","type":"image\/png"}],"twitter_card":"summary_large_image","twitter_misc":{"Dur\u00e9e de lecture estim\u00e9e":"1 minute"},"schema":{"@context":"https:\/\/schema.org","@graph":[{"@type":"WebPage","@id":"https:\/\/test.forma5.com\/fr\/fauteuils-de-direction\/allure\/","url":"https:\/\/test.forma5.com\/fr\/fauteuils-de-direction\/allure\/","name":"\u25b6 D\u00e9couvrez 'Allure' : notre fauteuil de bureau pour cadres - Groupe Forma 5","isPartOf":{"@id":"https:\/\/test.forma5.com\/fr\/#website"},"primaryImageOfPage":{"@id":"https:\/\/test.forma5.com\/fr\/fauteuils-de-direction\/allure\/#primaryimage"},"image":{"@id":"https:\/\/test.forma5.com\/fr\/fauteuils-de-direction\/allure\/#primaryimage"},"thumbnailUrl":"https:\/\/test.forma5.com\/wp-content\/uploads\/allure-2.png","datePublished":"2025-05-25T05:57:50+00:00","dateModified":"2025-05-26T11:28:15+00:00","description":"Fauteuil de bureau haut de gamme pour cadres, alliant confort ergonomique et fonctions ex\u00e9cutives. Cliquez pour \u00e9lever votre espace de travail !","breadcrumb":{"@id":"https:\/\/test.forma5.com\/fr\/fauteuils-de-direction\/allure\/#breadcrumb"},"inLanguage":"fr-FR","potentialAction":[{"@type":"ReadAction","target":["https:\/\/test.forma5.com\/fr\/fauteuils-de-direction\/allure\/"]}]},{"@type":"ImageObject","inLanguage":"fr-FR","@id":"https:\/\/test.forma5.com\/fr\/fauteuils-de-direction\/allure\/#primaryimage","url":"https:\/\/test.forma5.com\/wp-content\/uploads\/allure-2.png","contentUrl":"https:\/\/test.forma5.com\/wp-content\/uploads\/allure-2.png","width":800,"height":800},{"@type":"BreadcrumbList","@id":"https:\/\/test.forma5.com\/fr\/fauteuils-de-direction\/allure\/#breadcrumb","itemListElement":[{"@type":"ListItem","position":1,"name":"Portada","item":"https:\/\/test.forma5.com\/fr\/"},{"@type":"ListItem","position":2,"name":"Productos","item":"https:\/\/test.forma5.com\/shop\/"},{"@type":"ListItem","position":3,"name":"Allure"}]},{"@type":"WebSite","@id":"https:\/\/test.forma5.com\/fr\/#website","url":"https:\/\/test.forma5.com\/fr\/","name":"Forma 5","description":"","publisher":{"@id":"https:\/\/test.forma5.com\/fr\/#organization"},"potentialAction":[{"@type":"SearchAction","target":{"@type":"EntryPoint","urlTemplate":"https:\/\/test.forma5.com\/fr\/?s={search_term_string}"},"query-input":{"@type":"PropertyValueSpecification","valueRequired":true,"valueName":"search_term_string"}}],"inLanguage":"fr-FR"},{"@type":"Organization","@id":"https:\/\/test.forma5.com\/fr\/#organization","name":"Forma 5","url":"https:\/\/test.forma5.com\/fr\/","logo":{"@type":"ImageObject","inLanguage":"fr-FR","@id":"https:\/\/test.forma5.com\/fr\/#\/schema\/logo\/image\/","url":"https:\/\/test.forma5.com\/wp-content\/uploads\/logo.svg","contentUrl":"https:\/\/test.forma5.com\/wp-content\/uploads\/logo.svg","width":169,"height":36,"caption":"Forma 5"},"image":{"@id":"https:\/\/test.forma5.com\/fr\/#\/schema\/logo\/image\/"}}]}},"_links":{"self":[{"href":"https:\/\/test.forma5.com\/fr\/wp-json\/wp\/v2\/product\/5231","targetHints":{"allow":["GET"]}}],"collection":[{"href":"https:\/\/test.forma5.com\/fr\/wp-json\/wp\/v2\/product"}],"about":[{"href":"https:\/\/test.forma5.com\/fr\/wp-json\/wp\/v2\/types\/product"}],"acf:attachment":[{"embeddable":true,"href":"https:\/\/test.forma5.com\/fr\/wp-json\/wp\/v2\/media\/2510"},{"embeddable":true,"href":"https:\/\/test.forma5.com\/fr\/wp-json\/wp\/v2\/media\/2512"},{"embeddable":true,"href":"https:\/\/test.forma5.com\/fr\/wp-json\/wp\/v2\/media\/2522"}],"acf:post":[{"embeddable":true,"href":"https:\/\/test.forma5.com\/fr\/wp-json\/wp\/v2\/disenador\/1037"}],"wp:featuredmedia":[{"embeddable":true,"href":"https:\/\/test.forma5.com\/fr\/wp-json\/wp\/v2\/media\/6297"}],"wp:attachment":[{"href":"https:\/\/test.forma5.com\/fr\/wp-json\/wp\/v2\/media?parent=5231"}],"wp:term":[{"taxonomy":"product_brand","embeddable":true,"href":"https:\/\/test.forma5.com\/fr\/wp-json\/wp\/v2\/product_brand?post=5231"},{"taxonomy":"product_cat","embeddable":true,"href":"https:\/\/test.forma5.com\/fr\/wp-json\/wp\/v2\/product_cat?post=5231"},{"taxonomy":"product_tag","embeddable":true,"href":"https:\/\/test.forma5.com\/fr\/wp-json\/wp\/v2\/product_tag?post=5231"}],"curies":[{"name":"wp","href":"https:\/\/api.w.org\/{rel}","templated":true}]}}