{"id":5220,"date":"2025-05-21T10:28:30","date_gmt":"2025-05-21T08:28:30","guid":{"rendered":"https:\/\/test.forma5.com\/producto\/non%20class\u00e9\/kineo\/"},"modified":"2025-05-30T08:42:07","modified_gmt":"2025-05-30T06:42:07","slug":"kineo","status":"publish","type":"product","link":"https:\/\/test.forma5.com\/fr\/sieges-de-bureau\/kineo\/","title":{"rendered":"Kineo"},"content":{"rendered":"<p><span data-sheets-root=\"1\">Kineo est bas\u00e9 sur le concept de la chaise 3.60, tout aussi r\u00e9volutionnaire. Nous y avons d\u00e9velopp\u00e9 un m\u00e9canisme \u00e0 effet \u00ab rotule \u00bb qui permet \u00e0 la chaise d&rsquo;osciller librement en suivant le mouvement naturel du corps, tout en exigeant une stabilisation constante de la part de l&rsquo;utilisateur. Ceci augmente le mouvement des articulations et l&rsquo;activit\u00e9 musculaire.<\/span><\/p>\n<p>Gr\u00e2ce \u00e0 ses g\u00e9n\u00e9reux accoudoirs r\u00e9glables et \u00e0 la grande amplitude de d\u00e9battement de sa profondeur d&rsquo;assise, ainsi qu&rsquo;\u00e0 ses finitions de rembourrage, ses pieds et ses roues, la chaise 3.60 est tr\u00e8s polyvalente et s&rsquo;adapte \u00e0 un large \u00e9ventail d&rsquo;utilisateurs.<\/p>\n","protected":false},"excerpt":{"rendered":"<h2><span data-sheets-root=\"1\">La polyvalence qui permet <em>d&rsquo;adapter le fauteuil roulant<\/em> \u00e0 un large \u00e9ventail d&rsquo;utilisateurs<\/span><\/h2>\n","protected":false},"featured_media":5222,"template":"","meta":{"_acf_changed":false},"product_brand":[],"product_cat":[146,152],"product_tag":[],"class_list":{"0":"post-5220","1":"product","2":"type-product","3":"status-publish","4":"has-post-thumbnail","6":"product_cat-sieges","7":"product_cat-sieges-de-bureau","9":"first","10":"instock","11":"shipping-taxable","12":"product-type-simple"},"acf":{"bigger_product_image":"","background-text":"","product_designer":[1035],"inactive_designer_info":{"custom_designer_name":"","custom_designer_image":null},"scene_gallery":[2265,2267,2269],"gallery_bg_color":"#a81212","details_gallery":[{"slide_text":"<div class=\"wpb_column vc_column_container vc_col-sm-6 vc_col-has-fill\">\r\n<div class=\"vc_column-inner vc_custom_1441118897821\">\r\n<div class=\"wpb_wrapper\">\r\n<div class=\"wpb_text_column wpb_content_element vc_custom_1487680330710 blancojones\">\r\n<div class=\"wpb_wrapper\">\r\n<div class=\"box\">\r\n<div class=\"contenido\">\r\n<p class=\"desta\"><span data-sheets-root=\"1\">Les <strong>bras NPR<\/strong> s'adaptent parfaitement \u00e0 la taille des utilisateurs.<\/span><\/p>\r\n\r\n<\/div>\r\n<\/div>\r\n<\/div>\r\n<\/div>\r\n<\/div>\r\n<\/div>\r\n<\/div>","slide_image":2263},{"slide_text":"<div class=\"wpb_text_column wpb_content_element wpb_animate_when_almost_visible wpb_left-to-right left-to-right vc_custom_1455811571966 wpb_start_animation animated\">\r\n<div class=\"wpb_wrapper\">\r\n\r\n<span style=\"font-size: inherit; font-family: -apple-system, system-ui, BlinkMacSystemFont, 'Segoe UI', Helvetica, Arial, sans-serif, 'Apple Color Emoji', 'Segoe UI Emoji', 'Segoe UI Symbol';\">Le fauteuil est dot\u00e9 d'une maille 3D respirante, d'un support lombaire r\u00e9glable et asym\u00e9trique, ainsi que d'accoudoirs 3D r\u00e9glables en hauteur, en largeur et en profondeur. Il est \u00e9galement \u00e9quip\u00e9 d'un <\/span><strong style=\"font-size: inherit; font-family: -apple-system, system-ui, BlinkMacSystemFont, 'Segoe UI', Helvetica, Arial, sans-serif, 'Apple Color Emoji', 'Segoe UI Emoji', 'Segoe UI Symbol';\">m\u00e9canisme tridimensionnel Synchro Motion pour des mouvements fluides<\/strong><span style=\"font-size: inherit; font-family: -apple-system, system-ui, BlinkMacSystemFont, 'Segoe UI', Helvetica, Arial, sans-serif, 'Apple Color Emoji', 'Segoe UI Emoji', 'Segoe UI Symbol';\">.<\/span>\r\n\r\n<\/div>\r\n<\/div>","slide_image":""},{"slide_text":"Ce syst\u00e8me offre une libert\u00e9 de<strong><span data-sheets-root=\"1\"> mouvement \u00e0 360 degr\u00e9s.<\/span><\/strong>","slide_image":2261}],"product_video":{"video_link":"https:\/\/vimeo.com\/994984472?share=copy","video_cover":2269},"product_downloads_path":"sillas\/oficina-ergonomica","product_downloads":[{"select_file_type":"normal","file_type":"catalog","file_type_special":"","file_name":"C_Kineo.pdf","file_customlabel":"Catalogue"},{"select_file_type":"normal","file_type":"technicalFeatures","file_type_special":"","file_name":"CCTT_Kineo_2025_FR.pdf","file_customlabel":"Caract\u00e9ristiques Techniques"},{"select_file_type":"normal","file_type":"productCertificate","file_type_special":"","file_name":"KINEO_rev04_Firmado.pdf","file_customlabel":"Certificat de Produit"},{"select_file_type":"normal","file_type":"images","file_type_special":"","file_name":"08_Kineo.zip","file_customlabel":"Images"},{"select_file_type":"normal","file_type":"autocad","file_type_special":"","file_name":"Kineo.zip","file_customlabel":"Geometr\u00eda 3D"},{"select_file_type":"normal","file_type":"revitBim","file_type_special":"","file_name":"KINEO.zip","file_customlabel":"Revit\/BIM"}],"grid_image_gallery":null},"yoast_head":"<!-- This site is optimized with the Yoast SEO plugin v25.2 - https:\/\/yoast.com\/wordpress\/plugins\/seo\/ -->\n<title>\u25b6 D\u00e9couvrez &#039;Kineo&#039; : notre chaise ergonomique pour le bureau - Groupe Forma 5<\/title>\n<meta name=\"description\" content=\"Ce si\u00e8ge de bureau ergonomique favorise la stabilisation du corps et la libert\u00e9 de mouvement. Il offre \u00e9galement une grande polyvalence et des r\u00e9glages personnalisables. Cliquez ici !\" \/>\n<meta name=\"robots\" content=\"noindex, follow, max-snippet:-1, max-image-preview:large, max-video-preview:-1\" \/>\n<meta property=\"og:locale\" content=\"fr_FR\" \/>\n<meta property=\"og:type\" content=\"article\" \/>\n<meta property=\"og:title\" content=\"\u25b6 D\u00e9couvrez &#039;Kineo&#039; : notre chaise ergonomique pour le bureau - Groupe Forma 5\" \/>\n<meta property=\"og:description\" content=\"Ce si\u00e8ge de bureau ergonomique favorise la stabilisation du corps et la libert\u00e9 de mouvement. Il offre \u00e9galement une grande polyvalence et des r\u00e9glages personnalisables. Cliquez ici !\" \/>\n<meta property=\"og:url\" content=\"https:\/\/test.forma5.com\/fr\/sieges-de-bureau\/kineo\/\" \/>\n<meta property=\"og:site_name\" content=\"Forma 5\" \/>\n<meta property=\"article:modified_time\" content=\"2025-05-30T06:42:07+00:00\" \/>\n<meta property=\"og:image\" content=\"https:\/\/test.forma5.com\/wp-content\/uploads\/Kineo.webp\" \/>\n\t<meta property=\"og:image:width\" content=\"800\" \/>\n\t<meta property=\"og:image:height\" content=\"800\" \/>\n\t<meta property=\"og:image:type\" content=\"image\/webp\" \/>\n<meta name=\"twitter:card\" content=\"summary_large_image\" \/>\n<meta name=\"twitter:label1\" content=\"Dur\u00e9e de lecture estim\u00e9e\" \/>\n\t<meta name=\"twitter:data1\" content=\"1 minute\" \/>\n<script type=\"application\/ld+json\" class=\"yoast-schema-graph\">{\"@context\":\"https:\/\/schema.org\",\"@graph\":[{\"@type\":\"WebPage\",\"@id\":\"https:\/\/test.forma5.com\/fr\/sieges-de-bureau\/kineo\/\",\"url\":\"https:\/\/test.forma5.com\/fr\/sieges-de-bureau\/kineo\/\",\"name\":\"\u25b6 D\u00e9couvrez 'Kineo' : notre chaise ergonomique pour le bureau - Groupe Forma 5\",\"isPartOf\":{\"@id\":\"https:\/\/test.forma5.com\/fr\/#website\"},\"primaryImageOfPage\":{\"@id\":\"https:\/\/test.forma5.com\/fr\/sieges-de-bureau\/kineo\/#primaryimage\"},\"image\":{\"@id\":\"https:\/\/test.forma5.com\/fr\/sieges-de-bureau\/kineo\/#primaryimage\"},\"thumbnailUrl\":\"https:\/\/test.forma5.com\/wp-content\/uploads\/Kineo.webp\",\"datePublished\":\"2025-05-21T08:28:30+00:00\",\"dateModified\":\"2025-05-30T06:42:07+00:00\",\"description\":\"Ce si\u00e8ge de bureau ergonomique favorise la stabilisation du corps et la libert\u00e9 de mouvement. Il offre \u00e9galement une grande polyvalence et des r\u00e9glages personnalisables. Cliquez ici !\",\"breadcrumb\":{\"@id\":\"https:\/\/test.forma5.com\/fr\/sieges-de-bureau\/kineo\/#breadcrumb\"},\"inLanguage\":\"fr-FR\",\"potentialAction\":[{\"@type\":\"ReadAction\",\"target\":[\"https:\/\/test.forma5.com\/fr\/sieges-de-bureau\/kineo\/\"]}]},{\"@type\":\"ImageObject\",\"inLanguage\":\"fr-FR\",\"@id\":\"https:\/\/test.forma5.com\/fr\/sieges-de-bureau\/kineo\/#primaryimage\",\"url\":\"https:\/\/test.forma5.com\/wp-content\/uploads\/Kineo.webp\",\"contentUrl\":\"https:\/\/test.forma5.com\/wp-content\/uploads\/Kineo.webp\",\"width\":800,\"height\":800},{\"@type\":\"BreadcrumbList\",\"@id\":\"https:\/\/test.forma5.com\/fr\/sieges-de-bureau\/kineo\/#breadcrumb\",\"itemListElement\":[{\"@type\":\"ListItem\",\"position\":1,\"name\":\"Portada\",\"item\":\"https:\/\/test.forma5.com\/fr\/\"},{\"@type\":\"ListItem\",\"position\":2,\"name\":\"Productos\",\"item\":\"https:\/\/test.forma5.com\/shop\/\"},{\"@type\":\"ListItem\",\"position\":3,\"name\":\"Kineo\"}]},{\"@type\":\"WebSite\",\"@id\":\"https:\/\/test.forma5.com\/fr\/#website\",\"url\":\"https:\/\/test.forma5.com\/fr\/\",\"name\":\"Forma 5\",\"description\":\"\",\"publisher\":{\"@id\":\"https:\/\/test.forma5.com\/fr\/#organization\"},\"potentialAction\":[{\"@type\":\"SearchAction\",\"target\":{\"@type\":\"EntryPoint\",\"urlTemplate\":\"https:\/\/test.forma5.com\/fr\/?s={search_term_string}\"},\"query-input\":{\"@type\":\"PropertyValueSpecification\",\"valueRequired\":true,\"valueName\":\"search_term_string\"}}],\"inLanguage\":\"fr-FR\"},{\"@type\":\"Organization\",\"@id\":\"https:\/\/test.forma5.com\/fr\/#organization\",\"name\":\"Forma 5\",\"url\":\"https:\/\/test.forma5.com\/fr\/\",\"logo\":{\"@type\":\"ImageObject\",\"inLanguage\":\"fr-FR\",\"@id\":\"https:\/\/test.forma5.com\/fr\/#\/schema\/logo\/image\/\",\"url\":\"https:\/\/test.forma5.com\/wp-content\/uploads\/logo.svg\",\"contentUrl\":\"https:\/\/test.forma5.com\/wp-content\/uploads\/logo.svg\",\"width\":169,\"height\":36,\"caption\":\"Forma 5\"},\"image\":{\"@id\":\"https:\/\/test.forma5.com\/fr\/#\/schema\/logo\/image\/\"}}]}<\/script>\n<!-- \/ Yoast SEO plugin. -->","yoast_head_json":{"title":"\u25b6 D\u00e9couvrez 'Kineo' : notre chaise ergonomique pour le bureau - Groupe Forma 5","description":"Ce si\u00e8ge de bureau ergonomique favorise la stabilisation du corps et la libert\u00e9 de mouvement. Il offre \u00e9galement une grande polyvalence et des r\u00e9glages personnalisables. Cliquez ici !","robots":{"index":"noindex","follow":"follow","max-snippet":"max-snippet:-1","max-image-preview":"max-image-preview:large","max-video-preview":"max-video-preview:-1"},"og_locale":"fr_FR","og_type":"article","og_title":"\u25b6 D\u00e9couvrez 'Kineo' : notre chaise ergonomique pour le bureau - Groupe Forma 5","og_description":"Ce si\u00e8ge de bureau ergonomique favorise la stabilisation du corps et la libert\u00e9 de mouvement. Il offre \u00e9galement une grande polyvalence et des r\u00e9glages personnalisables. Cliquez ici !","og_url":"https:\/\/test.forma5.com\/fr\/sieges-de-bureau\/kineo\/","og_site_name":"Forma 5","article_modified_time":"2025-05-30T06:42:07+00:00","og_image":[{"width":800,"height":800,"url":"https:\/\/test.forma5.com\/wp-content\/uploads\/Kineo.webp","type":"image\/webp"}],"twitter_card":"summary_large_image","twitter_misc":{"Dur\u00e9e de lecture estim\u00e9e":"1 minute"},"schema":{"@context":"https:\/\/schema.org","@graph":[{"@type":"WebPage","@id":"https:\/\/test.forma5.com\/fr\/sieges-de-bureau\/kineo\/","url":"https:\/\/test.forma5.com\/fr\/sieges-de-bureau\/kineo\/","name":"\u25b6 D\u00e9couvrez 'Kineo' : notre chaise ergonomique pour le bureau - Groupe Forma 5","isPartOf":{"@id":"https:\/\/test.forma5.com\/fr\/#website"},"primaryImageOfPage":{"@id":"https:\/\/test.forma5.com\/fr\/sieges-de-bureau\/kineo\/#primaryimage"},"image":{"@id":"https:\/\/test.forma5.com\/fr\/sieges-de-bureau\/kineo\/#primaryimage"},"thumbnailUrl":"https:\/\/test.forma5.com\/wp-content\/uploads\/Kineo.webp","datePublished":"2025-05-21T08:28:30+00:00","dateModified":"2025-05-30T06:42:07+00:00","description":"Ce si\u00e8ge de bureau ergonomique favorise la stabilisation du corps et la libert\u00e9 de mouvement. Il offre \u00e9galement une grande polyvalence et des r\u00e9glages personnalisables. Cliquez ici !","breadcrumb":{"@id":"https:\/\/test.forma5.com\/fr\/sieges-de-bureau\/kineo\/#breadcrumb"},"inLanguage":"fr-FR","potentialAction":[{"@type":"ReadAction","target":["https:\/\/test.forma5.com\/fr\/sieges-de-bureau\/kineo\/"]}]},{"@type":"ImageObject","inLanguage":"fr-FR","@id":"https:\/\/test.forma5.com\/fr\/sieges-de-bureau\/kineo\/#primaryimage","url":"https:\/\/test.forma5.com\/wp-content\/uploads\/Kineo.webp","contentUrl":"https:\/\/test.forma5.com\/wp-content\/uploads\/Kineo.webp","width":800,"height":800},{"@type":"BreadcrumbList","@id":"https:\/\/test.forma5.com\/fr\/sieges-de-bureau\/kineo\/#breadcrumb","itemListElement":[{"@type":"ListItem","position":1,"name":"Portada","item":"https:\/\/test.forma5.com\/fr\/"},{"@type":"ListItem","position":2,"name":"Productos","item":"https:\/\/test.forma5.com\/shop\/"},{"@type":"ListItem","position":3,"name":"Kineo"}]},{"@type":"WebSite","@id":"https:\/\/test.forma5.com\/fr\/#website","url":"https:\/\/test.forma5.com\/fr\/","name":"Forma 5","description":"","publisher":{"@id":"https:\/\/test.forma5.com\/fr\/#organization"},"potentialAction":[{"@type":"SearchAction","target":{"@type":"EntryPoint","urlTemplate":"https:\/\/test.forma5.com\/fr\/?s={search_term_string}"},"query-input":{"@type":"PropertyValueSpecification","valueRequired":true,"valueName":"search_term_string"}}],"inLanguage":"fr-FR"},{"@type":"Organization","@id":"https:\/\/test.forma5.com\/fr\/#organization","name":"Forma 5","url":"https:\/\/test.forma5.com\/fr\/","logo":{"@type":"ImageObject","inLanguage":"fr-FR","@id":"https:\/\/test.forma5.com\/fr\/#\/schema\/logo\/image\/","url":"https:\/\/test.forma5.com\/wp-content\/uploads\/logo.svg","contentUrl":"https:\/\/test.forma5.com\/wp-content\/uploads\/logo.svg","width":169,"height":36,"caption":"Forma 5"},"image":{"@id":"https:\/\/test.forma5.com\/fr\/#\/schema\/logo\/image\/"}}]}},"_links":{"self":[{"href":"https:\/\/test.forma5.com\/fr\/wp-json\/wp\/v2\/product\/5220","targetHints":{"allow":["GET"]}}],"collection":[{"href":"https:\/\/test.forma5.com\/fr\/wp-json\/wp\/v2\/product"}],"about":[{"href":"https:\/\/test.forma5.com\/fr\/wp-json\/wp\/v2\/types\/product"}],"acf:attachment":[{"embeddable":true,"href":"https:\/\/test.forma5.com\/fr\/wp-json\/wp\/v2\/media\/2269"},{"embeddable":true,"href":"https:\/\/test.forma5.com\/fr\/wp-json\/wp\/v2\/media\/2267"},{"embeddable":true,"href":"https:\/\/test.forma5.com\/fr\/wp-json\/wp\/v2\/media\/2265"}],"acf:post":[{"embeddable":true,"href":"https:\/\/test.forma5.com\/fr\/wp-json\/wp\/v2\/disenador\/1035"}],"wp:featuredmedia":[{"embeddable":true,"href":"https:\/\/test.forma5.com\/fr\/wp-json\/wp\/v2\/media\/5222"}],"wp:attachment":[{"href":"https:\/\/test.forma5.com\/fr\/wp-json\/wp\/v2\/media?parent=5220"}],"wp:term":[{"taxonomy":"product_brand","embeddable":true,"href":"https:\/\/test.forma5.com\/fr\/wp-json\/wp\/v2\/product_brand?post=5220"},{"taxonomy":"product_cat","embeddable":true,"href":"https:\/\/test.forma5.com\/fr\/wp-json\/wp\/v2\/product_cat?post=5220"},{"taxonomy":"product_tag","embeddable":true,"href":"https:\/\/test.forma5.com\/fr\/wp-json\/wp\/v2\/product_tag?post=5220"}],"curies":[{"name":"wp","href":"https:\/\/api.w.org\/{rel}","templated":true}]}}