{"id":5218,"date":"2025-05-23T11:09:30","date_gmt":"2025-05-23T09:09:30","guid":{"rendered":"https:\/\/test.forma5.com\/producto\/non%20class\u00e9\/sentis\/"},"modified":"2025-05-26T12:30:36","modified_gmt":"2025-05-26T10:30:36","slug":"sentis","status":"publish","type":"product","link":"https:\/\/test.forma5.com\/fr\/sieges-de-bureau\/sentis\/","title":{"rendered":"Sentis"},"content":{"rendered":"<div class=\"woocommerce-product-details__short-description\">\n<p><span data-sheets-root=\"1\">Une chaise qui fonctionne. Une chaise qui repose. Une chaise flexible. Une chaise qui s&rsquo;adapte \u00e0 tous les postes de travail. Avec un choix de dossier en maille ou rembourr\u00e9, un m\u00e9canisme Sincro Atom, une option dossier, un soutien lombaire et des accoudoirs fixes ou r\u00e9glables, Sentis est l&rsquo;une des chaises les plus compl\u00e8tes de sa gamme.<\/span><\/p>\n<\/div>\n","protected":false},"excerpt":{"rendered":"<h2><span data-sheets-root=\"1\">Une <em>chaise adapt\u00e9e<\/em> \u00e0 tous les espaces de travail<\/span><\/h2>\n","protected":false},"featured_media":5216,"template":"","meta":{"_acf_changed":false},"product_brand":[],"product_cat":[146,152],"product_tag":[],"class_list":{"0":"post-5218","1":"product","2":"type-product","3":"status-publish","4":"has-post-thumbnail","6":"product_cat-sieges","7":"product_cat-sieges-de-bureau","9":"first","10":"instock","11":"shipping-taxable","12":"product-type-simple"},"acf":{"bigger_product_image":"","background-text":"","product_designer":[1042],"inactive_designer_info":{"custom_designer_name":"","custom_designer_image":null},"scene_gallery":"","gallery_bg_color":"","details_gallery":[{"slide_text":"<span data-sheets-root=\"1\">La d\u00e9finition parfaite de la facilit\u00e9<strong> d'utilisation, de la fonctionnalit\u00e9 et de l'efficacit\u00e9.<\/strong>\r\n<\/span>","slide_image":4557},{"slide_text":"<span data-sheets-root=\"1\">Une chaise qui s'adapte \u00e0 tous <strong>les postes de travail<\/strong>.<\/span>","slide_image":4557}],"product_video":{"video_link":"","video_cover":""},"product_downloads_path":"sillas\/oficina-ergonomica","product_downloads":[{"select_file_type":"normal","file_type":"catalog","file_type_special":"","file_name":"C_Sentis.pdf","file_customlabel":"Catalogue"},{"select_file_type":"normal","file_type":"technicalFeatures","file_type_special":"","file_name":"_CCTT_Sentis.pdf","file_customlabel":"Caract\u00e9ristiques Techniques"},{"select_file_type":"normal","file_type":"productCertificate","file_type_special":"","file_name":"SENTIS_rev03_Firmado.pdf","file_customlabel":"Certificat de Produit"},{"select_file_type":"normal","file_type":"images","file_type_special":"","file_name":"07_Sentis.zip","file_customlabel":"Images"},{"select_file_type":"normal","file_type":"autocad","file_type_special":"","file_name":"Sentis.zip","file_customlabel":"G\u00e9om\u00e9trie 3D"},{"select_file_type":"normal","file_type":"revitBim","file_type_special":"","file_name":"SENTIS.zip","file_customlabel":"Revit\/BIM"}],"grid_image_gallery":null},"yoast_head":"<!-- This site is optimized with the Yoast SEO plugin v25.2 - https:\/\/yoast.com\/wordpress\/plugins\/seo\/ -->\n<title>\u25b6 D\u00e9couvrez \u00ab Sentis \u00bb : notre si\u00e8ge de travail pour le bureau - Groupe Forma 5<\/title>\n<meta name=\"description\" content=\"Ce si\u00e8ge de travail polyvalent s&#039;adapte confortablement et fonctionnellement \u00e0 tout environnement de travail pour une exp\u00e9rience optimale. Cliquez ici pour en savoir plus !\" \/>\n<meta name=\"robots\" content=\"noindex, follow, max-snippet:-1, max-image-preview:large, max-video-preview:-1\" \/>\n<meta property=\"og:locale\" content=\"fr_FR\" \/>\n<meta property=\"og:type\" content=\"article\" \/>\n<meta property=\"og:title\" content=\"\u25b6 D\u00e9couvrez \u00ab Sentis \u00bb : notre si\u00e8ge de travail pour le bureau - Groupe Forma 5\" \/>\n<meta property=\"og:description\" content=\"Ce si\u00e8ge de travail polyvalent s&#039;adapte confortablement et fonctionnellement \u00e0 tout environnement de travail pour une exp\u00e9rience optimale. Cliquez ici pour en savoir plus !\" \/>\n<meta property=\"og:url\" content=\"https:\/\/test.forma5.com\/fr\/sieges-de-bureau\/sentis\/\" \/>\n<meta property=\"og:site_name\" content=\"Forma 5\" \/>\n<meta property=\"article:modified_time\" content=\"2025-05-26T10:30:36+00:00\" \/>\n<meta property=\"og:image\" content=\"https:\/\/test.forma5.com\/wp-content\/uploads\/SENTIS.webp\" \/>\n\t<meta property=\"og:image:width\" content=\"800\" \/>\n\t<meta property=\"og:image:height\" content=\"800\" \/>\n\t<meta property=\"og:image:type\" content=\"image\/webp\" \/>\n<meta name=\"twitter:card\" content=\"summary_large_image\" \/>\n<meta name=\"twitter:label1\" content=\"Dur\u00e9e de lecture estim\u00e9e\" \/>\n\t<meta name=\"twitter:data1\" content=\"1 minute\" \/>\n<script type=\"application\/ld+json\" class=\"yoast-schema-graph\">{\"@context\":\"https:\/\/schema.org\",\"@graph\":[{\"@type\":\"WebPage\",\"@id\":\"https:\/\/test.forma5.com\/fr\/sieges-de-bureau\/sentis\/\",\"url\":\"https:\/\/test.forma5.com\/fr\/sieges-de-bureau\/sentis\/\",\"name\":\"\u25b6 D\u00e9couvrez \u00ab Sentis \u00bb : notre si\u00e8ge de travail pour le bureau - Groupe Forma 5\",\"isPartOf\":{\"@id\":\"https:\/\/test.forma5.com\/fr\/#website\"},\"primaryImageOfPage\":{\"@id\":\"https:\/\/test.forma5.com\/fr\/sieges-de-bureau\/sentis\/#primaryimage\"},\"image\":{\"@id\":\"https:\/\/test.forma5.com\/fr\/sieges-de-bureau\/sentis\/#primaryimage\"},\"thumbnailUrl\":\"https:\/\/test.forma5.com\/wp-content\/uploads\/SENTIS.webp\",\"datePublished\":\"2025-05-23T09:09:30+00:00\",\"dateModified\":\"2025-05-26T10:30:36+00:00\",\"description\":\"Ce si\u00e8ge de travail polyvalent s'adapte confortablement et fonctionnellement \u00e0 tout environnement de travail pour une exp\u00e9rience optimale. Cliquez ici pour en savoir plus !\",\"breadcrumb\":{\"@id\":\"https:\/\/test.forma5.com\/fr\/sieges-de-bureau\/sentis\/#breadcrumb\"},\"inLanguage\":\"fr-FR\",\"potentialAction\":[{\"@type\":\"ReadAction\",\"target\":[\"https:\/\/test.forma5.com\/fr\/sieges-de-bureau\/sentis\/\"]}]},{\"@type\":\"ImageObject\",\"inLanguage\":\"fr-FR\",\"@id\":\"https:\/\/test.forma5.com\/fr\/sieges-de-bureau\/sentis\/#primaryimage\",\"url\":\"https:\/\/test.forma5.com\/wp-content\/uploads\/SENTIS.webp\",\"contentUrl\":\"https:\/\/test.forma5.com\/wp-content\/uploads\/SENTIS.webp\",\"width\":800,\"height\":800},{\"@type\":\"BreadcrumbList\",\"@id\":\"https:\/\/test.forma5.com\/fr\/sieges-de-bureau\/sentis\/#breadcrumb\",\"itemListElement\":[{\"@type\":\"ListItem\",\"position\":1,\"name\":\"Portada\",\"item\":\"https:\/\/test.forma5.com\/fr\/\"},{\"@type\":\"ListItem\",\"position\":2,\"name\":\"Productos\",\"item\":\"https:\/\/test.forma5.com\/shop\/\"},{\"@type\":\"ListItem\",\"position\":3,\"name\":\"Sentis\"}]},{\"@type\":\"WebSite\",\"@id\":\"https:\/\/test.forma5.com\/fr\/#website\",\"url\":\"https:\/\/test.forma5.com\/fr\/\",\"name\":\"Forma 5\",\"description\":\"\",\"publisher\":{\"@id\":\"https:\/\/test.forma5.com\/fr\/#organization\"},\"potentialAction\":[{\"@type\":\"SearchAction\",\"target\":{\"@type\":\"EntryPoint\",\"urlTemplate\":\"https:\/\/test.forma5.com\/fr\/?s={search_term_string}\"},\"query-input\":{\"@type\":\"PropertyValueSpecification\",\"valueRequired\":true,\"valueName\":\"search_term_string\"}}],\"inLanguage\":\"fr-FR\"},{\"@type\":\"Organization\",\"@id\":\"https:\/\/test.forma5.com\/fr\/#organization\",\"name\":\"Forma 5\",\"url\":\"https:\/\/test.forma5.com\/fr\/\",\"logo\":{\"@type\":\"ImageObject\",\"inLanguage\":\"fr-FR\",\"@id\":\"https:\/\/test.forma5.com\/fr\/#\/schema\/logo\/image\/\",\"url\":\"https:\/\/test.forma5.com\/wp-content\/uploads\/logo.svg\",\"contentUrl\":\"https:\/\/test.forma5.com\/wp-content\/uploads\/logo.svg\",\"width\":169,\"height\":36,\"caption\":\"Forma 5\"},\"image\":{\"@id\":\"https:\/\/test.forma5.com\/fr\/#\/schema\/logo\/image\/\"}}]}<\/script>\n<!-- \/ Yoast SEO plugin. -->","yoast_head_json":{"title":"\u25b6 D\u00e9couvrez \u00ab Sentis \u00bb : notre si\u00e8ge de travail pour le bureau - Groupe Forma 5","description":"Ce si\u00e8ge de travail polyvalent s'adapte confortablement et fonctionnellement \u00e0 tout environnement de travail pour une exp\u00e9rience optimale. Cliquez ici pour en savoir plus !","robots":{"index":"noindex","follow":"follow","max-snippet":"max-snippet:-1","max-image-preview":"max-image-preview:large","max-video-preview":"max-video-preview:-1"},"og_locale":"fr_FR","og_type":"article","og_title":"\u25b6 D\u00e9couvrez \u00ab Sentis \u00bb : notre si\u00e8ge de travail pour le bureau - Groupe Forma 5","og_description":"Ce si\u00e8ge de travail polyvalent s'adapte confortablement et fonctionnellement \u00e0 tout environnement de travail pour une exp\u00e9rience optimale. Cliquez ici pour en savoir plus !","og_url":"https:\/\/test.forma5.com\/fr\/sieges-de-bureau\/sentis\/","og_site_name":"Forma 5","article_modified_time":"2025-05-26T10:30:36+00:00","og_image":[{"width":800,"height":800,"url":"https:\/\/test.forma5.com\/wp-content\/uploads\/SENTIS.webp","type":"image\/webp"}],"twitter_card":"summary_large_image","twitter_misc":{"Dur\u00e9e de lecture estim\u00e9e":"1 minute"},"schema":{"@context":"https:\/\/schema.org","@graph":[{"@type":"WebPage","@id":"https:\/\/test.forma5.com\/fr\/sieges-de-bureau\/sentis\/","url":"https:\/\/test.forma5.com\/fr\/sieges-de-bureau\/sentis\/","name":"\u25b6 D\u00e9couvrez \u00ab Sentis \u00bb : notre si\u00e8ge de travail pour le bureau - Groupe Forma 5","isPartOf":{"@id":"https:\/\/test.forma5.com\/fr\/#website"},"primaryImageOfPage":{"@id":"https:\/\/test.forma5.com\/fr\/sieges-de-bureau\/sentis\/#primaryimage"},"image":{"@id":"https:\/\/test.forma5.com\/fr\/sieges-de-bureau\/sentis\/#primaryimage"},"thumbnailUrl":"https:\/\/test.forma5.com\/wp-content\/uploads\/SENTIS.webp","datePublished":"2025-05-23T09:09:30+00:00","dateModified":"2025-05-26T10:30:36+00:00","description":"Ce si\u00e8ge de travail polyvalent s'adapte confortablement et fonctionnellement \u00e0 tout environnement de travail pour une exp\u00e9rience optimale. Cliquez ici pour en savoir plus !","breadcrumb":{"@id":"https:\/\/test.forma5.com\/fr\/sieges-de-bureau\/sentis\/#breadcrumb"},"inLanguage":"fr-FR","potentialAction":[{"@type":"ReadAction","target":["https:\/\/test.forma5.com\/fr\/sieges-de-bureau\/sentis\/"]}]},{"@type":"ImageObject","inLanguage":"fr-FR","@id":"https:\/\/test.forma5.com\/fr\/sieges-de-bureau\/sentis\/#primaryimage","url":"https:\/\/test.forma5.com\/wp-content\/uploads\/SENTIS.webp","contentUrl":"https:\/\/test.forma5.com\/wp-content\/uploads\/SENTIS.webp","width":800,"height":800},{"@type":"BreadcrumbList","@id":"https:\/\/test.forma5.com\/fr\/sieges-de-bureau\/sentis\/#breadcrumb","itemListElement":[{"@type":"ListItem","position":1,"name":"Portada","item":"https:\/\/test.forma5.com\/fr\/"},{"@type":"ListItem","position":2,"name":"Productos","item":"https:\/\/test.forma5.com\/shop\/"},{"@type":"ListItem","position":3,"name":"Sentis"}]},{"@type":"WebSite","@id":"https:\/\/test.forma5.com\/fr\/#website","url":"https:\/\/test.forma5.com\/fr\/","name":"Forma 5","description":"","publisher":{"@id":"https:\/\/test.forma5.com\/fr\/#organization"},"potentialAction":[{"@type":"SearchAction","target":{"@type":"EntryPoint","urlTemplate":"https:\/\/test.forma5.com\/fr\/?s={search_term_string}"},"query-input":{"@type":"PropertyValueSpecification","valueRequired":true,"valueName":"search_term_string"}}],"inLanguage":"fr-FR"},{"@type":"Organization","@id":"https:\/\/test.forma5.com\/fr\/#organization","name":"Forma 5","url":"https:\/\/test.forma5.com\/fr\/","logo":{"@type":"ImageObject","inLanguage":"fr-FR","@id":"https:\/\/test.forma5.com\/fr\/#\/schema\/logo\/image\/","url":"https:\/\/test.forma5.com\/wp-content\/uploads\/logo.svg","contentUrl":"https:\/\/test.forma5.com\/wp-content\/uploads\/logo.svg","width":169,"height":36,"caption":"Forma 5"},"image":{"@id":"https:\/\/test.forma5.com\/fr\/#\/schema\/logo\/image\/"}}]}},"_links":{"self":[{"href":"https:\/\/test.forma5.com\/fr\/wp-json\/wp\/v2\/product\/5218","targetHints":{"allow":["GET"]}}],"collection":[{"href":"https:\/\/test.forma5.com\/fr\/wp-json\/wp\/v2\/product"}],"about":[{"href":"https:\/\/test.forma5.com\/fr\/wp-json\/wp\/v2\/types\/product"}],"acf:post":[{"embeddable":true,"href":"https:\/\/test.forma5.com\/fr\/wp-json\/wp\/v2\/disenador\/1042"}],"wp:featuredmedia":[{"embeddable":true,"href":"https:\/\/test.forma5.com\/fr\/wp-json\/wp\/v2\/media\/5216"}],"wp:attachment":[{"href":"https:\/\/test.forma5.com\/fr\/wp-json\/wp\/v2\/media?parent=5218"}],"wp:term":[{"taxonomy":"product_brand","embeddable":true,"href":"https:\/\/test.forma5.com\/fr\/wp-json\/wp\/v2\/product_brand?post=5218"},{"taxonomy":"product_cat","embeddable":true,"href":"https:\/\/test.forma5.com\/fr\/wp-json\/wp\/v2\/product_cat?post=5218"},{"taxonomy":"product_tag","embeddable":true,"href":"https:\/\/test.forma5.com\/fr\/wp-json\/wp\/v2\/product_tag?post=5218"}],"curies":[{"name":"wp","href":"https:\/\/api.w.org\/{rel}","templated":true}]}}