{"id":5210,"date":"2025-05-22T12:04:02","date_gmt":"2025-05-22T10:04:02","guid":{"rendered":"https:\/\/test.forma5.com\/producto\/non%20class\u00e9\/sense\/"},"modified":"2025-07-17T11:37:30","modified_gmt":"2025-07-17T09:37:30","slug":"sense","status":"publish","type":"product","link":"https:\/\/test.forma5.com\/fr\/sieges-de-bureau\/sense\/","title":{"rendered":"Sense"},"content":{"rendered":"<p><span data-sheets-root=\"1\">Fonction et esth\u00e9tique vont de pair dans Sense, un si\u00e8ge technique de haute performance destin\u00e9 aux environnements op\u00e9rationnels et ex\u00e9cutifs. Ses dimensions g\u00e9n\u00e9reuses, sa r\u00e9sille \u00e9lastique confortable et ses m\u00e9canismes synchronis\u00e9s de pointe en font l&rsquo;un des si\u00e8ges les plus confortables du march\u00e9 pour un usage intensif.<\/span><\/p>\n<p>Tous les composants de la gamme Sense ont \u00e9t\u00e9 con\u00e7us dans un souci d&rsquo;ergonomie maximale. Pour l&rsquo;environnement ex\u00e9cutif, la gamme comprend un appui-t\u00eate ergonomique qui peut \u00eatre r\u00e9gl\u00e9 en hauteur et en angle, tout en offrant un effet d&rsquo;amortissement \u00e0 l&rsquo;utilisateur.<\/p>\n","protected":false},"excerpt":{"rendered":"<h2><span data-sheets-root=\"1\"><em>Espaces op\u00e9rationnels et ex\u00e9cutifs<\/em> \u00e0 haute performance technique<\/span><\/h2>\n","protected":false},"featured_media":7814,"template":"","meta":{"_acf_changed":false},"product_brand":[],"product_cat":[146,152],"product_tag":[],"class_list":{"0":"post-5210","1":"product","2":"type-product","3":"status-publish","4":"has-post-thumbnail","6":"product_cat-sieges","7":"product_cat-sieges-de-bureau","9":"first","10":"instock","11":"shipping-taxable","12":"product-type-simple"},"acf":{"bigger_product_image":"","background-text":"","product_designer":[1042],"inactive_designer_info":{"custom_designer_name":"","custom_designer_image":null},"scene_gallery":[2245,2247],"gallery_bg_color":"#c4c4c4","details_gallery":[{"slide_text":"Des lignes douces et des courbes prononc\u00e9es qui r\u00e9v\u00e8lent son <strong><span data-sheets-root=\"1\">confort et son ergonomie <\/span><\/strong>au premier coup d'\u0153il.","slide_image":6274},{"slide_text":"<div class=\"wpb_text_column wpb_content_element wpb_animate_when_almost_visible wpb_left-to-right left-to-right vc_custom_1449675795001 wpb_start_animation animated\">\r\n<div class=\"wpb_wrapper\">\r\n\r\n<span data-sheets-root=\"1\">Le cadre est constitu\u00e9 de polyamide \u00e0 l'arri\u00e8re et de polypropyl\u00e8ne \u00e0 l'avant, tous deux assembl\u00e9s. La base Star, disponible en <strong>polyamide, en aluminium poli ou en blanc<\/strong>, permet de compl\u00e9ter les options de bras et de m\u00e9canismes r\u00e9glables.<\/span>\r\n\r\n<\/div>\r\n<\/div>","slide_image":5211},{"slide_text":"La gamme est dot\u00e9e d'un appui-t\u00eate ergonomique <strong>r\u00e9glable en<span data-sheets-root=\"1\"> hauteur et en inclinaison.<\/span><\/strong>","slide_image":6266}],"product_video":{"video_link":"https:\/\/vimeo.com\/994981390?share=copy","video_cover":2247},"product_downloads_path":"sillas\/oficina-ergonomica","product_downloads":[{"select_file_type":"normal","file_type":"catalog","file_type_special":"","file_name":"C_Sense.pdf","file_customlabel":"Catalogue"},{"select_file_type":"normal","file_type":"technicalFeatures","file_type_special":"","file_name":"_CCTT_Sense.pdf","file_customlabel":"Caract\u00e9ristiques Techniques"},{"select_file_type":"normal","file_type":"productCertificate","file_type_special":"","file_name":"SENSE_rev03_Firmado.pdf","file_customlabel":"Certificat de Produit"},{"select_file_type":"normal","file_type":"images","file_type_special":"","file_name":"06_Sense.zip","file_customlabel":"Images"},{"select_file_type":"normal","file_type":"autocad","file_type_special":"","file_name":"Sense.zip","file_customlabel":"G\u00e9om\u00e9trie 3D"},{"select_file_type":"normal","file_type":"revitBim","file_type_special":"","file_name":"SENSE.zip","file_customlabel":"Revit\/BIM"}],"grid_image_gallery":null},"yoast_head":"<!-- This site is optimized with the Yoast SEO plugin v25.2 - https:\/\/yoast.com\/wordpress\/plugins\/seo\/ -->\n<title>\u25b6 D\u00e9couvrez \u00ab Sense \u00bb : notre chaise confort pour le bureau - Groupe Forma 5<\/title>\n<meta name=\"description\" content=\"Si\u00e8ges de bureau confortables avec maille \u00e9lastique, appui-t\u00eate r\u00e9glable et fonctions avanc\u00e9es pour une utilisation intensive. Cliquez ici pour am\u00e9liorer votre si\u00e8ge !\" \/>\n<meta name=\"robots\" content=\"noindex, follow, max-snippet:-1, max-image-preview:large, max-video-preview:-1\" \/>\n<meta property=\"og:locale\" content=\"fr_FR\" \/>\n<meta property=\"og:type\" content=\"article\" \/>\n<meta property=\"og:title\" content=\"\u25b6 D\u00e9couvrez \u00ab Sense \u00bb : notre chaise confort pour le bureau - Groupe Forma 5\" \/>\n<meta property=\"og:description\" content=\"Si\u00e8ges de bureau confortables avec maille \u00e9lastique, appui-t\u00eate r\u00e9glable et fonctions avanc\u00e9es pour une utilisation intensive. Cliquez ici pour am\u00e9liorer votre si\u00e8ge !\" \/>\n<meta property=\"og:url\" content=\"https:\/\/test.forma5.com\/fr\/sieges-de-bureau\/sense\/\" \/>\n<meta property=\"og:site_name\" content=\"Forma 5\" \/>\n<meta property=\"article:modified_time\" content=\"2025-07-17T09:37:30+00:00\" \/>\n<meta property=\"og:image\" content=\"https:\/\/test.forma5.com\/wp-content\/uploads\/Sense_web-1.png\" \/>\n\t<meta property=\"og:image:width\" content=\"800\" \/>\n\t<meta property=\"og:image:height\" content=\"800\" \/>\n\t<meta property=\"og:image:type\" content=\"image\/png\" \/>\n<meta name=\"twitter:card\" content=\"summary_large_image\" \/>\n<meta name=\"twitter:label1\" content=\"Dur\u00e9e de lecture estim\u00e9e\" \/>\n\t<meta name=\"twitter:data1\" content=\"1 minute\" \/>\n<script type=\"application\/ld+json\" class=\"yoast-schema-graph\">{\"@context\":\"https:\/\/schema.org\",\"@graph\":[{\"@type\":\"WebPage\",\"@id\":\"https:\/\/test.forma5.com\/fr\/sieges-de-bureau\/sense\/\",\"url\":\"https:\/\/test.forma5.com\/fr\/sieges-de-bureau\/sense\/\",\"name\":\"\u25b6 D\u00e9couvrez \u00ab Sense \u00bb : notre chaise confort pour le bureau - Groupe Forma 5\",\"isPartOf\":{\"@id\":\"https:\/\/test.forma5.com\/fr\/#website\"},\"primaryImageOfPage\":{\"@id\":\"https:\/\/test.forma5.com\/fr\/sieges-de-bureau\/sense\/#primaryimage\"},\"image\":{\"@id\":\"https:\/\/test.forma5.com\/fr\/sieges-de-bureau\/sense\/#primaryimage\"},\"thumbnailUrl\":\"https:\/\/test.forma5.com\/wp-content\/uploads\/Sense_web-1.png\",\"datePublished\":\"2025-05-22T10:04:02+00:00\",\"dateModified\":\"2025-07-17T09:37:30+00:00\",\"description\":\"Si\u00e8ges de bureau confortables avec maille \u00e9lastique, appui-t\u00eate r\u00e9glable et fonctions avanc\u00e9es pour une utilisation intensive. Cliquez ici pour am\u00e9liorer votre si\u00e8ge !\",\"breadcrumb\":{\"@id\":\"https:\/\/test.forma5.com\/fr\/sieges-de-bureau\/sense\/#breadcrumb\"},\"inLanguage\":\"fr-FR\",\"potentialAction\":[{\"@type\":\"ReadAction\",\"target\":[\"https:\/\/test.forma5.com\/fr\/sieges-de-bureau\/sense\/\"]}]},{\"@type\":\"ImageObject\",\"inLanguage\":\"fr-FR\",\"@id\":\"https:\/\/test.forma5.com\/fr\/sieges-de-bureau\/sense\/#primaryimage\",\"url\":\"https:\/\/test.forma5.com\/wp-content\/uploads\/Sense_web-1.png\",\"contentUrl\":\"https:\/\/test.forma5.com\/wp-content\/uploads\/Sense_web-1.png\",\"width\":800,\"height\":800},{\"@type\":\"BreadcrumbList\",\"@id\":\"https:\/\/test.forma5.com\/fr\/sieges-de-bureau\/sense\/#breadcrumb\",\"itemListElement\":[{\"@type\":\"ListItem\",\"position\":1,\"name\":\"Portada\",\"item\":\"https:\/\/test.forma5.com\/fr\/\"},{\"@type\":\"ListItem\",\"position\":2,\"name\":\"Productos\",\"item\":\"https:\/\/test.forma5.com\/shop\/\"},{\"@type\":\"ListItem\",\"position\":3,\"name\":\"Sense\"}]},{\"@type\":\"WebSite\",\"@id\":\"https:\/\/test.forma5.com\/fr\/#website\",\"url\":\"https:\/\/test.forma5.com\/fr\/\",\"name\":\"Forma 5\",\"description\":\"\",\"publisher\":{\"@id\":\"https:\/\/test.forma5.com\/fr\/#organization\"},\"potentialAction\":[{\"@type\":\"SearchAction\",\"target\":{\"@type\":\"EntryPoint\",\"urlTemplate\":\"https:\/\/test.forma5.com\/fr\/?s={search_term_string}\"},\"query-input\":{\"@type\":\"PropertyValueSpecification\",\"valueRequired\":true,\"valueName\":\"search_term_string\"}}],\"inLanguage\":\"fr-FR\"},{\"@type\":\"Organization\",\"@id\":\"https:\/\/test.forma5.com\/fr\/#organization\",\"name\":\"Forma 5\",\"url\":\"https:\/\/test.forma5.com\/fr\/\",\"logo\":{\"@type\":\"ImageObject\",\"inLanguage\":\"fr-FR\",\"@id\":\"https:\/\/test.forma5.com\/fr\/#\/schema\/logo\/image\/\",\"url\":\"https:\/\/test.forma5.com\/wp-content\/uploads\/logo.svg\",\"contentUrl\":\"https:\/\/test.forma5.com\/wp-content\/uploads\/logo.svg\",\"width\":169,\"height\":36,\"caption\":\"Forma 5\"},\"image\":{\"@id\":\"https:\/\/test.forma5.com\/fr\/#\/schema\/logo\/image\/\"}}]}<\/script>\n<!-- \/ Yoast SEO plugin. -->","yoast_head_json":{"title":"\u25b6 D\u00e9couvrez \u00ab Sense \u00bb : notre chaise confort pour le bureau - Groupe Forma 5","description":"Si\u00e8ges de bureau confortables avec maille \u00e9lastique, appui-t\u00eate r\u00e9glable et fonctions avanc\u00e9es pour une utilisation intensive. Cliquez ici pour am\u00e9liorer votre si\u00e8ge !","robots":{"index":"noindex","follow":"follow","max-snippet":"max-snippet:-1","max-image-preview":"max-image-preview:large","max-video-preview":"max-video-preview:-1"},"og_locale":"fr_FR","og_type":"article","og_title":"\u25b6 D\u00e9couvrez \u00ab Sense \u00bb : notre chaise confort pour le bureau - Groupe Forma 5","og_description":"Si\u00e8ges de bureau confortables avec maille \u00e9lastique, appui-t\u00eate r\u00e9glable et fonctions avanc\u00e9es pour une utilisation intensive. Cliquez ici pour am\u00e9liorer votre si\u00e8ge !","og_url":"https:\/\/test.forma5.com\/fr\/sieges-de-bureau\/sense\/","og_site_name":"Forma 5","article_modified_time":"2025-07-17T09:37:30+00:00","og_image":[{"width":800,"height":800,"url":"https:\/\/test.forma5.com\/wp-content\/uploads\/Sense_web-1.png","type":"image\/png"}],"twitter_card":"summary_large_image","twitter_misc":{"Dur\u00e9e de lecture estim\u00e9e":"1 minute"},"schema":{"@context":"https:\/\/schema.org","@graph":[{"@type":"WebPage","@id":"https:\/\/test.forma5.com\/fr\/sieges-de-bureau\/sense\/","url":"https:\/\/test.forma5.com\/fr\/sieges-de-bureau\/sense\/","name":"\u25b6 D\u00e9couvrez \u00ab Sense \u00bb : notre chaise confort pour le bureau - Groupe Forma 5","isPartOf":{"@id":"https:\/\/test.forma5.com\/fr\/#website"},"primaryImageOfPage":{"@id":"https:\/\/test.forma5.com\/fr\/sieges-de-bureau\/sense\/#primaryimage"},"image":{"@id":"https:\/\/test.forma5.com\/fr\/sieges-de-bureau\/sense\/#primaryimage"},"thumbnailUrl":"https:\/\/test.forma5.com\/wp-content\/uploads\/Sense_web-1.png","datePublished":"2025-05-22T10:04:02+00:00","dateModified":"2025-07-17T09:37:30+00:00","description":"Si\u00e8ges de bureau confortables avec maille \u00e9lastique, appui-t\u00eate r\u00e9glable et fonctions avanc\u00e9es pour une utilisation intensive. Cliquez ici pour am\u00e9liorer votre si\u00e8ge !","breadcrumb":{"@id":"https:\/\/test.forma5.com\/fr\/sieges-de-bureau\/sense\/#breadcrumb"},"inLanguage":"fr-FR","potentialAction":[{"@type":"ReadAction","target":["https:\/\/test.forma5.com\/fr\/sieges-de-bureau\/sense\/"]}]},{"@type":"ImageObject","inLanguage":"fr-FR","@id":"https:\/\/test.forma5.com\/fr\/sieges-de-bureau\/sense\/#primaryimage","url":"https:\/\/test.forma5.com\/wp-content\/uploads\/Sense_web-1.png","contentUrl":"https:\/\/test.forma5.com\/wp-content\/uploads\/Sense_web-1.png","width":800,"height":800},{"@type":"BreadcrumbList","@id":"https:\/\/test.forma5.com\/fr\/sieges-de-bureau\/sense\/#breadcrumb","itemListElement":[{"@type":"ListItem","position":1,"name":"Portada","item":"https:\/\/test.forma5.com\/fr\/"},{"@type":"ListItem","position":2,"name":"Productos","item":"https:\/\/test.forma5.com\/shop\/"},{"@type":"ListItem","position":3,"name":"Sense"}]},{"@type":"WebSite","@id":"https:\/\/test.forma5.com\/fr\/#website","url":"https:\/\/test.forma5.com\/fr\/","name":"Forma 5","description":"","publisher":{"@id":"https:\/\/test.forma5.com\/fr\/#organization"},"potentialAction":[{"@type":"SearchAction","target":{"@type":"EntryPoint","urlTemplate":"https:\/\/test.forma5.com\/fr\/?s={search_term_string}"},"query-input":{"@type":"PropertyValueSpecification","valueRequired":true,"valueName":"search_term_string"}}],"inLanguage":"fr-FR"},{"@type":"Organization","@id":"https:\/\/test.forma5.com\/fr\/#organization","name":"Forma 5","url":"https:\/\/test.forma5.com\/fr\/","logo":{"@type":"ImageObject","inLanguage":"fr-FR","@id":"https:\/\/test.forma5.com\/fr\/#\/schema\/logo\/image\/","url":"https:\/\/test.forma5.com\/wp-content\/uploads\/logo.svg","contentUrl":"https:\/\/test.forma5.com\/wp-content\/uploads\/logo.svg","width":169,"height":36,"caption":"Forma 5"},"image":{"@id":"https:\/\/test.forma5.com\/fr\/#\/schema\/logo\/image\/"}}]}},"_links":{"self":[{"href":"https:\/\/test.forma5.com\/fr\/wp-json\/wp\/v2\/product\/5210","targetHints":{"allow":["GET"]}}],"collection":[{"href":"https:\/\/test.forma5.com\/fr\/wp-json\/wp\/v2\/product"}],"about":[{"href":"https:\/\/test.forma5.com\/fr\/wp-json\/wp\/v2\/types\/product"}],"acf:attachment":[{"embeddable":true,"href":"https:\/\/test.forma5.com\/fr\/wp-json\/wp\/v2\/media\/2247"},{"embeddable":true,"href":"https:\/\/test.forma5.com\/fr\/wp-json\/wp\/v2\/media\/2245"}],"acf:post":[{"embeddable":true,"href":"https:\/\/test.forma5.com\/fr\/wp-json\/wp\/v2\/disenador\/1042"}],"wp:featuredmedia":[{"embeddable":true,"href":"https:\/\/test.forma5.com\/fr\/wp-json\/wp\/v2\/media\/7814"}],"wp:attachment":[{"href":"https:\/\/test.forma5.com\/fr\/wp-json\/wp\/v2\/media?parent=5210"}],"wp:term":[{"taxonomy":"product_brand","embeddable":true,"href":"https:\/\/test.forma5.com\/fr\/wp-json\/wp\/v2\/product_brand?post=5210"},{"taxonomy":"product_cat","embeddable":true,"href":"https:\/\/test.forma5.com\/fr\/wp-json\/wp\/v2\/product_cat?post=5210"},{"taxonomy":"product_tag","embeddable":true,"href":"https:\/\/test.forma5.com\/fr\/wp-json\/wp\/v2\/product_tag?post=5210"}],"curies":[{"name":"wp","href":"https:\/\/api.w.org\/{rel}","templated":true}]}}