{"id":5206,"date":"2025-05-21T11:00:44","date_gmt":"2025-05-21T09:00:44","guid":{"rendered":"https:\/\/test.forma5.com\/producto\/non%20class\u00e9\/tapizada-eben\/"},"modified":"2025-05-26T12:46:39","modified_gmt":"2025-05-26T10:46:39","slug":"eben","status":"publish","type":"product","link":"https:\/\/test.forma5.com\/fr\/producto\/tapizada-eben\/","title":{"rendered":"Eben"},"content":{"rendered":"<p><span data-sheets-root=\"1\">La silhouette d&rsquo;Eben allie esth\u00e9tique et technologie, ce qui en fait un choix parfait pour les zones o\u00f9 l&rsquo;image est primordiale.<\/span><\/p>\n<p>Son design unique allie des surfaces de travail inspirantes telles que l&rsquo;aluminium et la maille, ainsi que des lignes courbes distinctives.<\/p>\n","protected":false},"excerpt":{"rendered":"<h2>Il est id\u00e9al pour les zones o\u00f9 l&rsquo;image<em><span data-sheets-root=\"1\"> n\u00e9cessite une gamme sp\u00e9ciale<\/span><\/em><\/h2>\n","protected":false},"featured_media":6251,"template":"","meta":{"_acf_changed":false},"product_brand":[],"product_cat":[146,152],"product_tag":[],"class_list":{"0":"post-5206","1":"product","2":"type-product","3":"status-publish","4":"has-post-thumbnail","6":"product_cat-sieges","7":"product_cat-sieges-de-bureau","9":"first","10":"instock","11":"shipping-taxable","12":"product-type-simple"},"acf":{"bigger_product_image":"","background-text":"","product_designer":[1035],"inactive_designer_info":{"custom_designer_name":"","custom_designer_image":null},"scene_gallery":[2255,2257,2259],"gallery_bg_color":"#cccccc","details_gallery":[{"slide_text":"<div class=\"wpb_column vc_column_container vc_col-sm-6 vc_col-has-fill\">\r\n<div class=\"vc_column-inner vc_custom_1441118897821\">\r\n<div class=\"wpb_wrapper\">\r\n<div class=\"wpb_text_column wpb_content_element vc_custom_1449680993829 blancojones\">\r\n<div class=\"wpb_wrapper\">\r\n<div class=\"box\">\r\n<div class=\"contenido\">\r\n<p class=\"desta\"><span data-sheets-root=\"1\">La gamme Eben <strong>s'adapte parfaitement<\/strong> \u00e0 tous les environnements techniques et manag\u00e9riaux.<\/span><\/p>\r\n\r\n<\/div>\r\n<\/div>\r\n<\/div>\r\n<\/div>\r\n<\/div>\r\n<\/div>\r\n<\/div>\r\n<div class=\"wpb_column vc_column_container vc_col-sm-6 vc_col-has-fill\">\r\n<div class=\"vc_column-inner vc_custom_1441099568214\">\r\n<div class=\"wpb_wrapper\"><\/div>\r\n<\/div>\r\n<\/div>","slide_image":2253},{"slide_text":"La gamme comprend deux <strong>versions de si\u00e8ges pivotants<\/strong> : l'une avec un dossier en maille technique, \u00e9l\u00e9gant et confortable, et l'autre avec un dossier rembourr\u00e9. Le cadre supportant la r\u00e9sille est disponible en noir ou en blanc.","slide_image":2251},{"slide_text":"Une touche particuli\u00e8re pour une sensation<strong><span data-sheets-root=\"1\"> de bien-\u00eatre et de d\u00e9tente in\u00e9gal\u00e9e.<\/span><\/strong>","slide_image":2249}],"product_video":{"video_link":"https:\/\/vimeo.com\/994986089?share=copy","video_cover":2257},"product_downloads_path":"sillas\/oficina-ergonomica","product_downloads":[{"select_file_type":"normal","file_type":"catalog","file_type_special":"","file_name":"Eben.pdf","file_customlabel":"Catalogue"},{"select_file_type":"normal","file_type":"technicalFeatures","file_type_special":"","file_name":"_CCTT_Eben.pdf","file_customlabel":"Caract\u00e9ristiques Techniques"},{"select_file_type":"normal","file_type":"productCertificate","file_type_special":"","file_name":"EBEN_rev03_Firmado.pdf","file_customlabel":"Certificat de Produit"},{"select_file_type":"normal","file_type":"images","file_type_special":"","file_name":"05_Eben.zip","file_customlabel":"Images"},{"select_file_type":"normal","file_type":"autocad","file_type_special":"","file_name":"Eben.zip","file_customlabel":"G\u00e9om\u00e9trie 3D"},{"select_file_type":"normal","file_type":"revitBim","file_type_special":"","file_name":"EBEN.zip","file_customlabel":"Revit\/BIM"}],"grid_image_gallery":null},"yoast_head":"<!-- This site is optimized with the Yoast SEO plugin v25.2 - https:\/\/yoast.com\/wordpress\/plugins\/seo\/ -->\n<title>\u25b6 D\u00e9couvrez &#039;Eben&#039; : notre chaise de bureau pivotante et rembourr\u00e9e - Groupe Forma 5<\/title>\n<meta name=\"description\" content=\"La chaise de bureau pivotante et rembourr\u00e9e offre un \u00e9quilibre parfait entre le design et l&#039;ergonomie, pour une productivit\u00e9 stimul\u00e9e. Cliquez ici pour \u00e9lever votre espace de travail !\" \/>\n<meta name=\"robots\" content=\"noindex, follow, max-snippet:-1, max-image-preview:large, max-video-preview:-1\" \/>\n<meta property=\"og:locale\" content=\"fr_FR\" \/>\n<meta property=\"og:type\" content=\"article\" \/>\n<meta property=\"og:title\" content=\"\u25b6 D\u00e9couvrez &#039;Eben&#039; : notre chaise de bureau pivotante et rembourr\u00e9e - Groupe Forma 5\" \/>\n<meta property=\"og:description\" content=\"La chaise de bureau pivotante et rembourr\u00e9e offre un \u00e9quilibre parfait entre le design et l&#039;ergonomie, pour une productivit\u00e9 stimul\u00e9e. Cliquez ici pour \u00e9lever votre espace de travail !\" \/>\n<meta property=\"og:url\" content=\"https:\/\/test.forma5.com\/fr\/producto\/tapizada-eben\/\" \/>\n<meta property=\"og:site_name\" content=\"Forma 5\" \/>\n<meta property=\"article:modified_time\" content=\"2025-05-26T10:46:39+00:00\" \/>\n<meta property=\"og:image\" content=\"https:\/\/test.forma5.com\/wp-content\/uploads\/eben.png\" \/>\n\t<meta property=\"og:image:width\" content=\"800\" \/>\n\t<meta property=\"og:image:height\" content=\"800\" \/>\n\t<meta property=\"og:image:type\" content=\"image\/png\" \/>\n<meta name=\"twitter:card\" content=\"summary_large_image\" \/>\n<meta name=\"twitter:label1\" content=\"Dur\u00e9e de lecture estim\u00e9e\" \/>\n\t<meta name=\"twitter:data1\" content=\"1 minute\" \/>\n<script type=\"application\/ld+json\" class=\"yoast-schema-graph\">{\"@context\":\"https:\/\/schema.org\",\"@graph\":[{\"@type\":\"WebPage\",\"@id\":\"https:\/\/test.forma5.com\/fr\/producto\/tapizada-eben\/\",\"url\":\"https:\/\/test.forma5.com\/fr\/producto\/tapizada-eben\/\",\"name\":\"\u25b6 D\u00e9couvrez 'Eben' : notre chaise de bureau pivotante et rembourr\u00e9e - Groupe Forma 5\",\"isPartOf\":{\"@id\":\"https:\/\/test.forma5.com\/fr\/#website\"},\"primaryImageOfPage\":{\"@id\":\"https:\/\/test.forma5.com\/fr\/producto\/tapizada-eben\/#primaryimage\"},\"image\":{\"@id\":\"https:\/\/test.forma5.com\/fr\/producto\/tapizada-eben\/#primaryimage\"},\"thumbnailUrl\":\"https:\/\/test.forma5.com\/wp-content\/uploads\/eben.png\",\"datePublished\":\"2025-05-21T09:00:44+00:00\",\"dateModified\":\"2025-05-26T10:46:39+00:00\",\"description\":\"La chaise de bureau pivotante et rembourr\u00e9e offre un \u00e9quilibre parfait entre le design et l'ergonomie, pour une productivit\u00e9 stimul\u00e9e. Cliquez ici pour \u00e9lever votre espace de travail !\",\"breadcrumb\":{\"@id\":\"https:\/\/test.forma5.com\/fr\/producto\/tapizada-eben\/#breadcrumb\"},\"inLanguage\":\"fr-FR\",\"potentialAction\":[{\"@type\":\"ReadAction\",\"target\":[\"https:\/\/test.forma5.com\/fr\/producto\/tapizada-eben\/\"]}]},{\"@type\":\"ImageObject\",\"inLanguage\":\"fr-FR\",\"@id\":\"https:\/\/test.forma5.com\/fr\/producto\/tapizada-eben\/#primaryimage\",\"url\":\"https:\/\/test.forma5.com\/wp-content\/uploads\/eben.png\",\"contentUrl\":\"https:\/\/test.forma5.com\/wp-content\/uploads\/eben.png\",\"width\":800,\"height\":800},{\"@type\":\"BreadcrumbList\",\"@id\":\"https:\/\/test.forma5.com\/fr\/producto\/tapizada-eben\/#breadcrumb\",\"itemListElement\":[{\"@type\":\"ListItem\",\"position\":1,\"name\":\"Portada\",\"item\":\"https:\/\/test.forma5.com\/fr\/\"},{\"@type\":\"ListItem\",\"position\":2,\"name\":\"Productos\",\"item\":\"https:\/\/test.forma5.com\/shop\/\"},{\"@type\":\"ListItem\",\"position\":3,\"name\":\"Eben\"}]},{\"@type\":\"WebSite\",\"@id\":\"https:\/\/test.forma5.com\/fr\/#website\",\"url\":\"https:\/\/test.forma5.com\/fr\/\",\"name\":\"Forma 5\",\"description\":\"\",\"publisher\":{\"@id\":\"https:\/\/test.forma5.com\/fr\/#organization\"},\"potentialAction\":[{\"@type\":\"SearchAction\",\"target\":{\"@type\":\"EntryPoint\",\"urlTemplate\":\"https:\/\/test.forma5.com\/fr\/?s={search_term_string}\"},\"query-input\":{\"@type\":\"PropertyValueSpecification\",\"valueRequired\":true,\"valueName\":\"search_term_string\"}}],\"inLanguage\":\"fr-FR\"},{\"@type\":\"Organization\",\"@id\":\"https:\/\/test.forma5.com\/fr\/#organization\",\"name\":\"Forma 5\",\"url\":\"https:\/\/test.forma5.com\/fr\/\",\"logo\":{\"@type\":\"ImageObject\",\"inLanguage\":\"fr-FR\",\"@id\":\"https:\/\/test.forma5.com\/fr\/#\/schema\/logo\/image\/\",\"url\":\"https:\/\/test.forma5.com\/wp-content\/uploads\/logo.svg\",\"contentUrl\":\"https:\/\/test.forma5.com\/wp-content\/uploads\/logo.svg\",\"width\":169,\"height\":36,\"caption\":\"Forma 5\"},\"image\":{\"@id\":\"https:\/\/test.forma5.com\/fr\/#\/schema\/logo\/image\/\"}}]}<\/script>\n<!-- \/ Yoast SEO plugin. -->","yoast_head_json":{"title":"\u25b6 D\u00e9couvrez 'Eben' : notre chaise de bureau pivotante et rembourr\u00e9e - Groupe Forma 5","description":"La chaise de bureau pivotante et rembourr\u00e9e offre un \u00e9quilibre parfait entre le design et l'ergonomie, pour une productivit\u00e9 stimul\u00e9e. Cliquez ici pour \u00e9lever votre espace de travail !","robots":{"index":"noindex","follow":"follow","max-snippet":"max-snippet:-1","max-image-preview":"max-image-preview:large","max-video-preview":"max-video-preview:-1"},"og_locale":"fr_FR","og_type":"article","og_title":"\u25b6 D\u00e9couvrez 'Eben' : notre chaise de bureau pivotante et rembourr\u00e9e - Groupe Forma 5","og_description":"La chaise de bureau pivotante et rembourr\u00e9e offre un \u00e9quilibre parfait entre le design et l'ergonomie, pour une productivit\u00e9 stimul\u00e9e. Cliquez ici pour \u00e9lever votre espace de travail !","og_url":"https:\/\/test.forma5.com\/fr\/producto\/tapizada-eben\/","og_site_name":"Forma 5","article_modified_time":"2025-05-26T10:46:39+00:00","og_image":[{"width":800,"height":800,"url":"https:\/\/test.forma5.com\/wp-content\/uploads\/eben.png","type":"image\/png"}],"twitter_card":"summary_large_image","twitter_misc":{"Dur\u00e9e de lecture estim\u00e9e":"1 minute"},"schema":{"@context":"https:\/\/schema.org","@graph":[{"@type":"WebPage","@id":"https:\/\/test.forma5.com\/fr\/producto\/tapizada-eben\/","url":"https:\/\/test.forma5.com\/fr\/producto\/tapizada-eben\/","name":"\u25b6 D\u00e9couvrez 'Eben' : notre chaise de bureau pivotante et rembourr\u00e9e - Groupe Forma 5","isPartOf":{"@id":"https:\/\/test.forma5.com\/fr\/#website"},"primaryImageOfPage":{"@id":"https:\/\/test.forma5.com\/fr\/producto\/tapizada-eben\/#primaryimage"},"image":{"@id":"https:\/\/test.forma5.com\/fr\/producto\/tapizada-eben\/#primaryimage"},"thumbnailUrl":"https:\/\/test.forma5.com\/wp-content\/uploads\/eben.png","datePublished":"2025-05-21T09:00:44+00:00","dateModified":"2025-05-26T10:46:39+00:00","description":"La chaise de bureau pivotante et rembourr\u00e9e offre un \u00e9quilibre parfait entre le design et l'ergonomie, pour une productivit\u00e9 stimul\u00e9e. Cliquez ici pour \u00e9lever votre espace de travail !","breadcrumb":{"@id":"https:\/\/test.forma5.com\/fr\/producto\/tapizada-eben\/#breadcrumb"},"inLanguage":"fr-FR","potentialAction":[{"@type":"ReadAction","target":["https:\/\/test.forma5.com\/fr\/producto\/tapizada-eben\/"]}]},{"@type":"ImageObject","inLanguage":"fr-FR","@id":"https:\/\/test.forma5.com\/fr\/producto\/tapizada-eben\/#primaryimage","url":"https:\/\/test.forma5.com\/wp-content\/uploads\/eben.png","contentUrl":"https:\/\/test.forma5.com\/wp-content\/uploads\/eben.png","width":800,"height":800},{"@type":"BreadcrumbList","@id":"https:\/\/test.forma5.com\/fr\/producto\/tapizada-eben\/#breadcrumb","itemListElement":[{"@type":"ListItem","position":1,"name":"Portada","item":"https:\/\/test.forma5.com\/fr\/"},{"@type":"ListItem","position":2,"name":"Productos","item":"https:\/\/test.forma5.com\/shop\/"},{"@type":"ListItem","position":3,"name":"Eben"}]},{"@type":"WebSite","@id":"https:\/\/test.forma5.com\/fr\/#website","url":"https:\/\/test.forma5.com\/fr\/","name":"Forma 5","description":"","publisher":{"@id":"https:\/\/test.forma5.com\/fr\/#organization"},"potentialAction":[{"@type":"SearchAction","target":{"@type":"EntryPoint","urlTemplate":"https:\/\/test.forma5.com\/fr\/?s={search_term_string}"},"query-input":{"@type":"PropertyValueSpecification","valueRequired":true,"valueName":"search_term_string"}}],"inLanguage":"fr-FR"},{"@type":"Organization","@id":"https:\/\/test.forma5.com\/fr\/#organization","name":"Forma 5","url":"https:\/\/test.forma5.com\/fr\/","logo":{"@type":"ImageObject","inLanguage":"fr-FR","@id":"https:\/\/test.forma5.com\/fr\/#\/schema\/logo\/image\/","url":"https:\/\/test.forma5.com\/wp-content\/uploads\/logo.svg","contentUrl":"https:\/\/test.forma5.com\/wp-content\/uploads\/logo.svg","width":169,"height":36,"caption":"Forma 5"},"image":{"@id":"https:\/\/test.forma5.com\/fr\/#\/schema\/logo\/image\/"}}]}},"_links":{"self":[{"href":"https:\/\/test.forma5.com\/fr\/wp-json\/wp\/v2\/product\/5206","targetHints":{"allow":["GET"]}}],"collection":[{"href":"https:\/\/test.forma5.com\/fr\/wp-json\/wp\/v2\/product"}],"about":[{"href":"https:\/\/test.forma5.com\/fr\/wp-json\/wp\/v2\/types\/product"}],"acf:attachment":[{"embeddable":true,"href":"https:\/\/test.forma5.com\/fr\/wp-json\/wp\/v2\/media\/2259"},{"embeddable":true,"href":"https:\/\/test.forma5.com\/fr\/wp-json\/wp\/v2\/media\/2257"},{"embeddable":true,"href":"https:\/\/test.forma5.com\/fr\/wp-json\/wp\/v2\/media\/2255"}],"acf:post":[{"embeddable":true,"href":"https:\/\/test.forma5.com\/fr\/wp-json\/wp\/v2\/disenador\/1035"}],"wp:featuredmedia":[{"embeddable":true,"href":"https:\/\/test.forma5.com\/fr\/wp-json\/wp\/v2\/media\/6251"}],"wp:attachment":[{"href":"https:\/\/test.forma5.com\/fr\/wp-json\/wp\/v2\/media?parent=5206"}],"wp:term":[{"taxonomy":"product_brand","embeddable":true,"href":"https:\/\/test.forma5.com\/fr\/wp-json\/wp\/v2\/product_brand?post=5206"},{"taxonomy":"product_cat","embeddable":true,"href":"https:\/\/test.forma5.com\/fr\/wp-json\/wp\/v2\/product_cat?post=5206"},{"taxonomy":"product_tag","embeddable":true,"href":"https:\/\/test.forma5.com\/fr\/wp-json\/wp\/v2\/product_tag?post=5206"}],"curies":[{"name":"wp","href":"https:\/\/api.w.org\/{rel}","templated":true}]}}