{"id":5198,"date":"2025-05-20T15:21:08","date_gmt":"2025-05-20T13:21:08","guid":{"rendered":"https:\/\/test.forma5.com\/producto\/non%20class\u00e9\/3-60\/"},"modified":"2025-05-26T12:06:19","modified_gmt":"2025-05-26T10:06:19","slug":"360","status":"publish","type":"product","link":"https:\/\/test.forma5.com\/fr\/sieges-de-bureau\/360\/","title":{"rendered":"3.60"},"content":{"rendered":"<p><span data-sheets-root=\"1\">En collaboration avec Ito Design, Forma 5 a cr\u00e9\u00e9 3.60, une chaise qui \u00e9pouse les mouvements naturels du corps, exigeant de l&rsquo;utilisateur une stabilit\u00e9 constante et augmentant les mouvements des articulations ainsi que l&rsquo;activit\u00e9 musculaire. 3.60 est une chaise con\u00e7ue \u00e0 partir de l&rsquo;\u00e9tude de l&rsquo;ergonomie, de la physiognomonie et de la cin\u00e9matique du corps humain, et plus particuli\u00e8rement du d\u00e9veloppement postural lors du travail de bureau sur une journ\u00e9e enti\u00e8re.<\/span><\/p>\n<p>Cette innovation a fait l&rsquo;objet d&rsquo;une \u00e9tude biom\u00e9canique dans un centre de sant\u00e9 qui certifie qu&rsquo;elle offre une s\u00e9rie d&rsquo;am\u00e9liorations et de b\u00e9n\u00e9fices pour la sant\u00e9 par rapport aux chaises pivotantes traditionnellement utilis\u00e9es dans les bureaux.<\/p>\n","protected":false},"excerpt":{"rendered":"<h2><span class=\"s1\">La chaise qui s&rsquo;adapte aux <em>mouvements naturels du corps<\/em><\/span><\/h2>\n","protected":false},"featured_media":5200,"template":"","meta":{"_acf_changed":false},"product_brand":[],"product_cat":[146,152],"product_tag":[],"class_list":{"0":"post-5198","1":"product","2":"type-product","3":"status-publish","4":"has-post-thumbnail","6":"product_cat-sieges","7":"product_cat-sieges-de-bureau","9":"first","10":"instock","11":"shipping-taxable","12":"product-type-simple"},"acf":{"bigger_product_image":"","background-text":"3.60","product_designer":[1035],"inactive_designer_info":{"custom_designer_name":"","custom_designer_image":null},"scene_gallery":[1652,1650,1648],"gallery_bg_color":"#7d6b5b","details_gallery":[{"slide_text":"<span data-sheets-root=\"1\">Pour en savoir plus, rendez-vous sur leur <a href=\"https:\/\/test.forma5.com\/360\">site web<\/a>.<\/span>","slide_image":1644},{"slide_text":"<div class=\"wpb_text_column wpb_content_element wpb_animate_when_almost_visible wpb_left-to-right left-to-right vc_custom_1455811571966 wpb_start_animation animated\">\r\n<div class=\"wpb_wrapper\">\r\n<div class=\"flex-shrink-0 flex flex-col relative items-end\">\r\n<div class=\"pt-0\">\r\n<div class=\"gizmo-bot-avatar flex h-8 w-8 items-center justify-center overflow-hidden rounded-full\">\r\n<div class=\"relative p-1 rounded-sm flex items-center justify-center bg-token-main-surface-primary text-token-text-primary h-8 w-8\">\r\n<div class=\"flex-shrink-0 flex flex-col relative items-end\">\r\n<div class=\"pt-0\">\r\n<div class=\"gizmo-bot-avatar flex h-8 w-8 items-center justify-center overflow-hidden rounded-full\">\r\n<div><span data-sheets-root=\"1\">Rembourr\u00e9 en maille \u00e9lastique 3D respirante, il dispose \u00e9galement d'un soutien lombaire r\u00e9glable, d'accoudoirs r\u00e9glables en 4D et d'un syst\u00e8me de <strong>mouvement tridimensionnel \u00e0 360\u00b0 avec les m\u00e9canismes Sincro Motion et Side to Side.<\/strong><\/span><\/div>\r\n<\/div>\r\n<\/div>\r\n<\/div>\r\n<\/div>\r\n<\/div>\r\n<\/div>\r\n<\/div>\r\n<\/div>\r\n<\/div>","slide_image":1642},{"slide_text":"<span data-sheets-root=\"1\">Mouvement de <strong>bascule dynamique \u00e0 360\u00b0.<\/strong><\/span>","slide_image":1640}],"product_video":{"video_link":"https:\/\/vimeo.com\/917013384?share=copy","video_cover":1652},"product_downloads_path":"sillas\/oficina-ergonomica","product_downloads":[{"select_file_type":"normal","file_type":"catalog","file_type_special":"","file_name":"C_3.60.pdf","file_customlabel":"Catalogue"},{"select_file_type":"normal","file_type":"productCertificate","file_type_special":"","file_name":"360_Q.pdf","file_customlabel":"Certificat de Produit"},{"select_file_type":"normal","file_type":"images","file_type_special":"","file_name":"03_3.60.zip","file_customlabel":"Images"},{"select_file_type":"normal","file_type":"technicalFeatures","file_type_special":"","file_name":"_CCTT_3.60_FR.pdf","file_customlabel":"Caract\u00e9ristiques Techniques"},{"select_file_type":"normal","file_type":"autocad","file_type_special":"","file_name":"3.60.zip","file_customlabel":"3D"},{"select_file_type":"normal","file_type":"revitBim","file_type_special":"","file_name":"3-60.zip","file_customlabel":"Revit\/BIM"}],"grid_image_gallery":null},"yoast_head":"<!-- This site is optimized with the Yoast SEO plugin v25.2 - https:\/\/yoast.com\/wordpress\/plugins\/seo\/ -->\n<title>\u25b6 D\u00e9couvrez \u00ab 3.60 \u00bb : notre chaise pivotante pour le bureau - Groupe Forma 5<\/title>\n<meta name=\"description\" content=\"Si\u00e8ge ergonomique pivotant pour bureau dot\u00e9 d&#039;un design innovant pour un confort et un soutien optimaux. Cliquez ici pour augmenter votre productivit\u00e9 au travail !\" \/>\n<meta name=\"robots\" content=\"noindex, follow, max-snippet:-1, max-image-preview:large, max-video-preview:-1\" \/>\n<meta property=\"og:locale\" content=\"fr_FR\" \/>\n<meta property=\"og:type\" content=\"article\" \/>\n<meta property=\"og:title\" content=\"\u25b6 D\u00e9couvrez \u00ab 3.60 \u00bb : notre chaise pivotante pour le bureau - Groupe Forma 5\" \/>\n<meta property=\"og:description\" content=\"Si\u00e8ge ergonomique pivotant pour bureau dot\u00e9 d&#039;un design innovant pour un confort et un soutien optimaux. Cliquez ici pour augmenter votre productivit\u00e9 au travail !\" \/>\n<meta property=\"og:url\" content=\"https:\/\/test.forma5.com\/fr\/sieges-de-bureau\/360\/\" \/>\n<meta property=\"og:site_name\" content=\"Forma 5\" \/>\n<meta property=\"article:modified_time\" content=\"2025-05-26T10:06:19+00:00\" \/>\n<meta property=\"og:image\" content=\"https:\/\/test.forma5.com\/wp-content\/uploads\/3.60.webp\" \/>\n\t<meta property=\"og:image:width\" content=\"800\" \/>\n\t<meta property=\"og:image:height\" content=\"800\" \/>\n\t<meta property=\"og:image:type\" content=\"image\/webp\" \/>\n<meta name=\"twitter:card\" content=\"summary_large_image\" \/>\n<meta name=\"twitter:label1\" content=\"Dur\u00e9e de lecture estim\u00e9e\" \/>\n\t<meta name=\"twitter:data1\" content=\"1 minute\" \/>\n<script type=\"application\/ld+json\" class=\"yoast-schema-graph\">{\"@context\":\"https:\/\/schema.org\",\"@graph\":[{\"@type\":\"WebPage\",\"@id\":\"https:\/\/test.forma5.com\/fr\/sieges-de-bureau\/360\/\",\"url\":\"https:\/\/test.forma5.com\/fr\/sieges-de-bureau\/360\/\",\"name\":\"\u25b6 D\u00e9couvrez \u00ab 3.60 \u00bb : notre chaise pivotante pour le bureau - Groupe Forma 5\",\"isPartOf\":{\"@id\":\"https:\/\/test.forma5.com\/fr\/#website\"},\"primaryImageOfPage\":{\"@id\":\"https:\/\/test.forma5.com\/fr\/sieges-de-bureau\/360\/#primaryimage\"},\"image\":{\"@id\":\"https:\/\/test.forma5.com\/fr\/sieges-de-bureau\/360\/#primaryimage\"},\"thumbnailUrl\":\"https:\/\/test.forma5.com\/wp-content\/uploads\/3.60.webp\",\"datePublished\":\"2025-05-20T13:21:08+00:00\",\"dateModified\":\"2025-05-26T10:06:19+00:00\",\"description\":\"Si\u00e8ge ergonomique pivotant pour bureau dot\u00e9 d'un design innovant pour un confort et un soutien optimaux. Cliquez ici pour augmenter votre productivit\u00e9 au travail !\",\"breadcrumb\":{\"@id\":\"https:\/\/test.forma5.com\/fr\/sieges-de-bureau\/360\/#breadcrumb\"},\"inLanguage\":\"fr-FR\",\"potentialAction\":[{\"@type\":\"ReadAction\",\"target\":[\"https:\/\/test.forma5.com\/fr\/sieges-de-bureau\/360\/\"]}]},{\"@type\":\"ImageObject\",\"inLanguage\":\"fr-FR\",\"@id\":\"https:\/\/test.forma5.com\/fr\/sieges-de-bureau\/360\/#primaryimage\",\"url\":\"https:\/\/test.forma5.com\/wp-content\/uploads\/3.60.webp\",\"contentUrl\":\"https:\/\/test.forma5.com\/wp-content\/uploads\/3.60.webp\",\"width\":800,\"height\":800},{\"@type\":\"BreadcrumbList\",\"@id\":\"https:\/\/test.forma5.com\/fr\/sieges-de-bureau\/360\/#breadcrumb\",\"itemListElement\":[{\"@type\":\"ListItem\",\"position\":1,\"name\":\"Portada\",\"item\":\"https:\/\/test.forma5.com\/fr\/\"},{\"@type\":\"ListItem\",\"position\":2,\"name\":\"Productos\",\"item\":\"https:\/\/test.forma5.com\/shop\/\"},{\"@type\":\"ListItem\",\"position\":3,\"name\":\"3.60\"}]},{\"@type\":\"WebSite\",\"@id\":\"https:\/\/test.forma5.com\/fr\/#website\",\"url\":\"https:\/\/test.forma5.com\/fr\/\",\"name\":\"Forma 5\",\"description\":\"\",\"publisher\":{\"@id\":\"https:\/\/test.forma5.com\/fr\/#organization\"},\"potentialAction\":[{\"@type\":\"SearchAction\",\"target\":{\"@type\":\"EntryPoint\",\"urlTemplate\":\"https:\/\/test.forma5.com\/fr\/?s={search_term_string}\"},\"query-input\":{\"@type\":\"PropertyValueSpecification\",\"valueRequired\":true,\"valueName\":\"search_term_string\"}}],\"inLanguage\":\"fr-FR\"},{\"@type\":\"Organization\",\"@id\":\"https:\/\/test.forma5.com\/fr\/#organization\",\"name\":\"Forma 5\",\"url\":\"https:\/\/test.forma5.com\/fr\/\",\"logo\":{\"@type\":\"ImageObject\",\"inLanguage\":\"fr-FR\",\"@id\":\"https:\/\/test.forma5.com\/fr\/#\/schema\/logo\/image\/\",\"url\":\"https:\/\/test.forma5.com\/wp-content\/uploads\/logo.svg\",\"contentUrl\":\"https:\/\/test.forma5.com\/wp-content\/uploads\/logo.svg\",\"width\":169,\"height\":36,\"caption\":\"Forma 5\"},\"image\":{\"@id\":\"https:\/\/test.forma5.com\/fr\/#\/schema\/logo\/image\/\"}}]}<\/script>\n<!-- \/ Yoast SEO plugin. -->","yoast_head_json":{"title":"\u25b6 D\u00e9couvrez \u00ab 3.60 \u00bb : notre chaise pivotante pour le bureau - Groupe Forma 5","description":"Si\u00e8ge ergonomique pivotant pour bureau dot\u00e9 d'un design innovant pour un confort et un soutien optimaux. Cliquez ici pour augmenter votre productivit\u00e9 au travail !","robots":{"index":"noindex","follow":"follow","max-snippet":"max-snippet:-1","max-image-preview":"max-image-preview:large","max-video-preview":"max-video-preview:-1"},"og_locale":"fr_FR","og_type":"article","og_title":"\u25b6 D\u00e9couvrez \u00ab 3.60 \u00bb : notre chaise pivotante pour le bureau - Groupe Forma 5","og_description":"Si\u00e8ge ergonomique pivotant pour bureau dot\u00e9 d'un design innovant pour un confort et un soutien optimaux. Cliquez ici pour augmenter votre productivit\u00e9 au travail !","og_url":"https:\/\/test.forma5.com\/fr\/sieges-de-bureau\/360\/","og_site_name":"Forma 5","article_modified_time":"2025-05-26T10:06:19+00:00","og_image":[{"width":800,"height":800,"url":"https:\/\/test.forma5.com\/wp-content\/uploads\/3.60.webp","type":"image\/webp"}],"twitter_card":"summary_large_image","twitter_misc":{"Dur\u00e9e de lecture estim\u00e9e":"1 minute"},"schema":{"@context":"https:\/\/schema.org","@graph":[{"@type":"WebPage","@id":"https:\/\/test.forma5.com\/fr\/sieges-de-bureau\/360\/","url":"https:\/\/test.forma5.com\/fr\/sieges-de-bureau\/360\/","name":"\u25b6 D\u00e9couvrez \u00ab 3.60 \u00bb : notre chaise pivotante pour le bureau - Groupe Forma 5","isPartOf":{"@id":"https:\/\/test.forma5.com\/fr\/#website"},"primaryImageOfPage":{"@id":"https:\/\/test.forma5.com\/fr\/sieges-de-bureau\/360\/#primaryimage"},"image":{"@id":"https:\/\/test.forma5.com\/fr\/sieges-de-bureau\/360\/#primaryimage"},"thumbnailUrl":"https:\/\/test.forma5.com\/wp-content\/uploads\/3.60.webp","datePublished":"2025-05-20T13:21:08+00:00","dateModified":"2025-05-26T10:06:19+00:00","description":"Si\u00e8ge ergonomique pivotant pour bureau dot\u00e9 d'un design innovant pour un confort et un soutien optimaux. Cliquez ici pour augmenter votre productivit\u00e9 au travail !","breadcrumb":{"@id":"https:\/\/test.forma5.com\/fr\/sieges-de-bureau\/360\/#breadcrumb"},"inLanguage":"fr-FR","potentialAction":[{"@type":"ReadAction","target":["https:\/\/test.forma5.com\/fr\/sieges-de-bureau\/360\/"]}]},{"@type":"ImageObject","inLanguage":"fr-FR","@id":"https:\/\/test.forma5.com\/fr\/sieges-de-bureau\/360\/#primaryimage","url":"https:\/\/test.forma5.com\/wp-content\/uploads\/3.60.webp","contentUrl":"https:\/\/test.forma5.com\/wp-content\/uploads\/3.60.webp","width":800,"height":800},{"@type":"BreadcrumbList","@id":"https:\/\/test.forma5.com\/fr\/sieges-de-bureau\/360\/#breadcrumb","itemListElement":[{"@type":"ListItem","position":1,"name":"Portada","item":"https:\/\/test.forma5.com\/fr\/"},{"@type":"ListItem","position":2,"name":"Productos","item":"https:\/\/test.forma5.com\/shop\/"},{"@type":"ListItem","position":3,"name":"3.60"}]},{"@type":"WebSite","@id":"https:\/\/test.forma5.com\/fr\/#website","url":"https:\/\/test.forma5.com\/fr\/","name":"Forma 5","description":"","publisher":{"@id":"https:\/\/test.forma5.com\/fr\/#organization"},"potentialAction":[{"@type":"SearchAction","target":{"@type":"EntryPoint","urlTemplate":"https:\/\/test.forma5.com\/fr\/?s={search_term_string}"},"query-input":{"@type":"PropertyValueSpecification","valueRequired":true,"valueName":"search_term_string"}}],"inLanguage":"fr-FR"},{"@type":"Organization","@id":"https:\/\/test.forma5.com\/fr\/#organization","name":"Forma 5","url":"https:\/\/test.forma5.com\/fr\/","logo":{"@type":"ImageObject","inLanguage":"fr-FR","@id":"https:\/\/test.forma5.com\/fr\/#\/schema\/logo\/image\/","url":"https:\/\/test.forma5.com\/wp-content\/uploads\/logo.svg","contentUrl":"https:\/\/test.forma5.com\/wp-content\/uploads\/logo.svg","width":169,"height":36,"caption":"Forma 5"},"image":{"@id":"https:\/\/test.forma5.com\/fr\/#\/schema\/logo\/image\/"}}]}},"_links":{"self":[{"href":"https:\/\/test.forma5.com\/fr\/wp-json\/wp\/v2\/product\/5198","targetHints":{"allow":["GET"]}}],"collection":[{"href":"https:\/\/test.forma5.com\/fr\/wp-json\/wp\/v2\/product"}],"about":[{"href":"https:\/\/test.forma5.com\/fr\/wp-json\/wp\/v2\/types\/product"}],"acf:attachment":[{"embeddable":true,"href":"https:\/\/test.forma5.com\/fr\/wp-json\/wp\/v2\/media\/1648"},{"embeddable":true,"href":"https:\/\/test.forma5.com\/fr\/wp-json\/wp\/v2\/media\/1650"},{"embeddable":true,"href":"https:\/\/test.forma5.com\/fr\/wp-json\/wp\/v2\/media\/1652"}],"acf:post":[{"embeddable":true,"href":"https:\/\/test.forma5.com\/fr\/wp-json\/wp\/v2\/disenador\/1035"}],"wp:featuredmedia":[{"embeddable":true,"href":"https:\/\/test.forma5.com\/fr\/wp-json\/wp\/v2\/media\/5200"}],"wp:attachment":[{"href":"https:\/\/test.forma5.com\/fr\/wp-json\/wp\/v2\/media?parent=5198"}],"wp:term":[{"taxonomy":"product_brand","embeddable":true,"href":"https:\/\/test.forma5.com\/fr\/wp-json\/wp\/v2\/product_brand?post=5198"},{"taxonomy":"product_cat","embeddable":true,"href":"https:\/\/test.forma5.com\/fr\/wp-json\/wp\/v2\/product_cat?post=5198"},{"taxonomy":"product_tag","embeddable":true,"href":"https:\/\/test.forma5.com\/fr\/wp-json\/wp\/v2\/product_tag?post=5198"}],"curies":[{"name":"wp","href":"https:\/\/api.w.org\/{rel}","templated":true}]}}