{"id":5194,"date":"2025-05-16T12:21:56","date_gmt":"2025-05-16T10:21:56","guid":{"rendered":"https:\/\/test.forma5.com\/producto\/non%20class\u00e9\/spot\/"},"modified":"2025-05-26T13:07:45","modified_gmt":"2025-05-26T11:07:45","slug":"spot","status":"publish","type":"product","link":"https:\/\/test.forma5.com\/fr\/sieges-de-bureau\/spot\/","title":{"rendered":"Spot"},"content":{"rendered":"<div class=\"woocommerce-product-details__short-description\">\n<p><span class=\"s1\"><span data-sheets-root=\"1\">L&rsquo;ergonomie du si\u00e8ge Spot a \u00e9t\u00e9 con\u00e7ue pour r\u00e9pondre aux besoins des utilisateurs de bureau.<\/span><\/span><\/p>\n<p>Ses caract\u00e9ristiques comprennent un dossier r\u00e9glable en hauteur, des accoudoirs r\u00e9glables, un appui-t\u00eate dynamique et un m\u00e9canisme de synchronisation Atom\/Motion.<\/p>\n<\/div>\n","protected":false},"excerpt":{"rendered":"<h2><span data-sheets-root=\"1\">Con\u00e7u pour <em>tous les besoins<\/em> du bureau<\/span><\/h2>\n","protected":false},"featured_media":5196,"template":"","meta":{"_acf_changed":false},"product_brand":[],"product_cat":[146,152],"product_tag":[],"class_list":{"0":"post-5194","1":"product","2":"type-product","3":"status-publish","4":"has-post-thumbnail","6":"product_cat-sieges","7":"product_cat-sieges-de-bureau","9":"first","10":"instock","11":"shipping-taxable","12":"product-type-simple"},"acf":{"bigger_product_image":"","background-text":"","product_designer":[4841],"inactive_designer_info":{"custom_designer_name":"","custom_designer_image":null},"scene_gallery":"","gallery_bg_color":"","details_gallery":null,"product_video":{"video_link":"","video_cover":""},"product_downloads_path":"sillas\/oficina-ergonomica","product_downloads":[{"select_file_type":"normal","file_type":"catalog","file_type_special":"","file_name":"C_Spot.pdf","file_customlabel":"Catalogue"},{"select_file_type":"normal","file_type":"technicalFeatures","file_type_special":"","file_name":"_CCTT_Spot.pdf","file_customlabel":"Caract\u00e9ristiques Techniques"},{"select_file_type":"normal","file_type":"productCertificate","file_type_special":"","file_name":"SPOT_rev03_Firmado.pdf","file_customlabel":"Certificat de Produit"},{"select_file_type":"normal","file_type":"images","file_type_special":"","file_name":"02_Spot.zip","file_customlabel":"Images"}],"grid_image_gallery":null},"yoast_head":"<!-- This site is optimized with the Yoast SEO plugin v25.2 - https:\/\/yoast.com\/wordpress\/plugins\/seo\/ -->\n<title>\u25b6 D\u00e9couvrez \u00ab Spot \u00bb : notre chaise de bureau ergonomique - Groupe Forma 5<\/title>\n<meta name=\"description\" content=\"Ce si\u00e8ge de bureau ergonomique est dot\u00e9 d&#039;un dossier r\u00e9glable en hauteur, d&#039;accoudoirs r\u00e9glables, d&#039;un appui-t\u00eate dynamique, etc. Cliquez ici pour am\u00e9liorer votre confort !\" \/>\n<meta name=\"robots\" content=\"noindex, follow, max-snippet:-1, max-image-preview:large, max-video-preview:-1\" \/>\n<meta property=\"og:locale\" content=\"fr_FR\" \/>\n<meta property=\"og:type\" content=\"article\" \/>\n<meta property=\"og:title\" content=\"\u25b6 D\u00e9couvrez \u00ab Spot \u00bb : notre chaise de bureau ergonomique - Groupe Forma 5\" \/>\n<meta property=\"og:description\" content=\"Ce si\u00e8ge de bureau ergonomique est dot\u00e9 d&#039;un dossier r\u00e9glable en hauteur, d&#039;accoudoirs r\u00e9glables, d&#039;un appui-t\u00eate dynamique, etc. Cliquez ici pour am\u00e9liorer votre confort !\" \/>\n<meta property=\"og:url\" content=\"https:\/\/test.forma5.com\/fr\/sieges-de-bureau\/spot\/\" \/>\n<meta property=\"og:site_name\" content=\"Forma 5\" \/>\n<meta property=\"article:modified_time\" content=\"2025-05-26T11:07:45+00:00\" \/>\n<meta property=\"og:image\" content=\"https:\/\/test.forma5.com\/wp-content\/uploads\/SPOT.webp\" \/>\n\t<meta property=\"og:image:width\" content=\"800\" \/>\n\t<meta property=\"og:image:height\" content=\"800\" \/>\n\t<meta property=\"og:image:type\" content=\"image\/webp\" \/>\n<meta name=\"twitter:card\" content=\"summary_large_image\" \/>\n<meta name=\"twitter:label1\" content=\"Dur\u00e9e de lecture estim\u00e9e\" \/>\n\t<meta name=\"twitter:data1\" content=\"1 minute\" \/>\n<script type=\"application\/ld+json\" class=\"yoast-schema-graph\">{\"@context\":\"https:\/\/schema.org\",\"@graph\":[{\"@type\":\"WebPage\",\"@id\":\"https:\/\/test.forma5.com\/fr\/sieges-de-bureau\/spot\/\",\"url\":\"https:\/\/test.forma5.com\/fr\/sieges-de-bureau\/spot\/\",\"name\":\"\u25b6 D\u00e9couvrez \u00ab Spot \u00bb : notre chaise de bureau ergonomique - Groupe Forma 5\",\"isPartOf\":{\"@id\":\"https:\/\/test.forma5.com\/fr\/#website\"},\"primaryImageOfPage\":{\"@id\":\"https:\/\/test.forma5.com\/fr\/sieges-de-bureau\/spot\/#primaryimage\"},\"image\":{\"@id\":\"https:\/\/test.forma5.com\/fr\/sieges-de-bureau\/spot\/#primaryimage\"},\"thumbnailUrl\":\"https:\/\/test.forma5.com\/wp-content\/uploads\/SPOT.webp\",\"datePublished\":\"2025-05-16T10:21:56+00:00\",\"dateModified\":\"2025-05-26T11:07:45+00:00\",\"description\":\"Ce si\u00e8ge de bureau ergonomique est dot\u00e9 d'un dossier r\u00e9glable en hauteur, d'accoudoirs r\u00e9glables, d'un appui-t\u00eate dynamique, etc. Cliquez ici pour am\u00e9liorer votre confort !\",\"breadcrumb\":{\"@id\":\"https:\/\/test.forma5.com\/fr\/sieges-de-bureau\/spot\/#breadcrumb\"},\"inLanguage\":\"fr-FR\",\"potentialAction\":[{\"@type\":\"ReadAction\",\"target\":[\"https:\/\/test.forma5.com\/fr\/sieges-de-bureau\/spot\/\"]}]},{\"@type\":\"ImageObject\",\"inLanguage\":\"fr-FR\",\"@id\":\"https:\/\/test.forma5.com\/fr\/sieges-de-bureau\/spot\/#primaryimage\",\"url\":\"https:\/\/test.forma5.com\/wp-content\/uploads\/SPOT.webp\",\"contentUrl\":\"https:\/\/test.forma5.com\/wp-content\/uploads\/SPOT.webp\",\"width\":800,\"height\":800},{\"@type\":\"BreadcrumbList\",\"@id\":\"https:\/\/test.forma5.com\/fr\/sieges-de-bureau\/spot\/#breadcrumb\",\"itemListElement\":[{\"@type\":\"ListItem\",\"position\":1,\"name\":\"Portada\",\"item\":\"https:\/\/test.forma5.com\/fr\/\"},{\"@type\":\"ListItem\",\"position\":2,\"name\":\"Productos\",\"item\":\"https:\/\/test.forma5.com\/shop\/\"},{\"@type\":\"ListItem\",\"position\":3,\"name\":\"Spot\"}]},{\"@type\":\"WebSite\",\"@id\":\"https:\/\/test.forma5.com\/fr\/#website\",\"url\":\"https:\/\/test.forma5.com\/fr\/\",\"name\":\"Forma 5\",\"description\":\"\",\"publisher\":{\"@id\":\"https:\/\/test.forma5.com\/fr\/#organization\"},\"potentialAction\":[{\"@type\":\"SearchAction\",\"target\":{\"@type\":\"EntryPoint\",\"urlTemplate\":\"https:\/\/test.forma5.com\/fr\/?s={search_term_string}\"},\"query-input\":{\"@type\":\"PropertyValueSpecification\",\"valueRequired\":true,\"valueName\":\"search_term_string\"}}],\"inLanguage\":\"fr-FR\"},{\"@type\":\"Organization\",\"@id\":\"https:\/\/test.forma5.com\/fr\/#organization\",\"name\":\"Forma 5\",\"url\":\"https:\/\/test.forma5.com\/fr\/\",\"logo\":{\"@type\":\"ImageObject\",\"inLanguage\":\"fr-FR\",\"@id\":\"https:\/\/test.forma5.com\/fr\/#\/schema\/logo\/image\/\",\"url\":\"https:\/\/test.forma5.com\/wp-content\/uploads\/logo.svg\",\"contentUrl\":\"https:\/\/test.forma5.com\/wp-content\/uploads\/logo.svg\",\"width\":169,\"height\":36,\"caption\":\"Forma 5\"},\"image\":{\"@id\":\"https:\/\/test.forma5.com\/fr\/#\/schema\/logo\/image\/\"}}]}<\/script>\n<!-- \/ Yoast SEO plugin. -->","yoast_head_json":{"title":"\u25b6 D\u00e9couvrez \u00ab Spot \u00bb : notre chaise de bureau ergonomique - Groupe Forma 5","description":"Ce si\u00e8ge de bureau ergonomique est dot\u00e9 d'un dossier r\u00e9glable en hauteur, d'accoudoirs r\u00e9glables, d'un appui-t\u00eate dynamique, etc. Cliquez ici pour am\u00e9liorer votre confort !","robots":{"index":"noindex","follow":"follow","max-snippet":"max-snippet:-1","max-image-preview":"max-image-preview:large","max-video-preview":"max-video-preview:-1"},"og_locale":"fr_FR","og_type":"article","og_title":"\u25b6 D\u00e9couvrez \u00ab Spot \u00bb : notre chaise de bureau ergonomique - Groupe Forma 5","og_description":"Ce si\u00e8ge de bureau ergonomique est dot\u00e9 d'un dossier r\u00e9glable en hauteur, d'accoudoirs r\u00e9glables, d'un appui-t\u00eate dynamique, etc. Cliquez ici pour am\u00e9liorer votre confort !","og_url":"https:\/\/test.forma5.com\/fr\/sieges-de-bureau\/spot\/","og_site_name":"Forma 5","article_modified_time":"2025-05-26T11:07:45+00:00","og_image":[{"width":800,"height":800,"url":"https:\/\/test.forma5.com\/wp-content\/uploads\/SPOT.webp","type":"image\/webp"}],"twitter_card":"summary_large_image","twitter_misc":{"Dur\u00e9e de lecture estim\u00e9e":"1 minute"},"schema":{"@context":"https:\/\/schema.org","@graph":[{"@type":"WebPage","@id":"https:\/\/test.forma5.com\/fr\/sieges-de-bureau\/spot\/","url":"https:\/\/test.forma5.com\/fr\/sieges-de-bureau\/spot\/","name":"\u25b6 D\u00e9couvrez \u00ab Spot \u00bb : notre chaise de bureau ergonomique - Groupe Forma 5","isPartOf":{"@id":"https:\/\/test.forma5.com\/fr\/#website"},"primaryImageOfPage":{"@id":"https:\/\/test.forma5.com\/fr\/sieges-de-bureau\/spot\/#primaryimage"},"image":{"@id":"https:\/\/test.forma5.com\/fr\/sieges-de-bureau\/spot\/#primaryimage"},"thumbnailUrl":"https:\/\/test.forma5.com\/wp-content\/uploads\/SPOT.webp","datePublished":"2025-05-16T10:21:56+00:00","dateModified":"2025-05-26T11:07:45+00:00","description":"Ce si\u00e8ge de bureau ergonomique est dot\u00e9 d'un dossier r\u00e9glable en hauteur, d'accoudoirs r\u00e9glables, d'un appui-t\u00eate dynamique, etc. Cliquez ici pour am\u00e9liorer votre confort !","breadcrumb":{"@id":"https:\/\/test.forma5.com\/fr\/sieges-de-bureau\/spot\/#breadcrumb"},"inLanguage":"fr-FR","potentialAction":[{"@type":"ReadAction","target":["https:\/\/test.forma5.com\/fr\/sieges-de-bureau\/spot\/"]}]},{"@type":"ImageObject","inLanguage":"fr-FR","@id":"https:\/\/test.forma5.com\/fr\/sieges-de-bureau\/spot\/#primaryimage","url":"https:\/\/test.forma5.com\/wp-content\/uploads\/SPOT.webp","contentUrl":"https:\/\/test.forma5.com\/wp-content\/uploads\/SPOT.webp","width":800,"height":800},{"@type":"BreadcrumbList","@id":"https:\/\/test.forma5.com\/fr\/sieges-de-bureau\/spot\/#breadcrumb","itemListElement":[{"@type":"ListItem","position":1,"name":"Portada","item":"https:\/\/test.forma5.com\/fr\/"},{"@type":"ListItem","position":2,"name":"Productos","item":"https:\/\/test.forma5.com\/shop\/"},{"@type":"ListItem","position":3,"name":"Spot"}]},{"@type":"WebSite","@id":"https:\/\/test.forma5.com\/fr\/#website","url":"https:\/\/test.forma5.com\/fr\/","name":"Forma 5","description":"","publisher":{"@id":"https:\/\/test.forma5.com\/fr\/#organization"},"potentialAction":[{"@type":"SearchAction","target":{"@type":"EntryPoint","urlTemplate":"https:\/\/test.forma5.com\/fr\/?s={search_term_string}"},"query-input":{"@type":"PropertyValueSpecification","valueRequired":true,"valueName":"search_term_string"}}],"inLanguage":"fr-FR"},{"@type":"Organization","@id":"https:\/\/test.forma5.com\/fr\/#organization","name":"Forma 5","url":"https:\/\/test.forma5.com\/fr\/","logo":{"@type":"ImageObject","inLanguage":"fr-FR","@id":"https:\/\/test.forma5.com\/fr\/#\/schema\/logo\/image\/","url":"https:\/\/test.forma5.com\/wp-content\/uploads\/logo.svg","contentUrl":"https:\/\/test.forma5.com\/wp-content\/uploads\/logo.svg","width":169,"height":36,"caption":"Forma 5"},"image":{"@id":"https:\/\/test.forma5.com\/fr\/#\/schema\/logo\/image\/"}}]}},"_links":{"self":[{"href":"https:\/\/test.forma5.com\/fr\/wp-json\/wp\/v2\/product\/5194","targetHints":{"allow":["GET"]}}],"collection":[{"href":"https:\/\/test.forma5.com\/fr\/wp-json\/wp\/v2\/product"}],"about":[{"href":"https:\/\/test.forma5.com\/fr\/wp-json\/wp\/v2\/types\/product"}],"acf:post":[{"embeddable":true,"href":"https:\/\/test.forma5.com\/fr\/wp-json\/wp\/v2\/disenador\/4841"}],"wp:featuredmedia":[{"embeddable":true,"href":"https:\/\/test.forma5.com\/fr\/wp-json\/wp\/v2\/media\/5196"}],"wp:attachment":[{"href":"https:\/\/test.forma5.com\/fr\/wp-json\/wp\/v2\/media?parent=5194"}],"wp:term":[{"taxonomy":"product_brand","embeddable":true,"href":"https:\/\/test.forma5.com\/fr\/wp-json\/wp\/v2\/product_brand?post=5194"},{"taxonomy":"product_cat","embeddable":true,"href":"https:\/\/test.forma5.com\/fr\/wp-json\/wp\/v2\/product_cat?post=5194"},{"taxonomy":"product_tag","embeddable":true,"href":"https:\/\/test.forma5.com\/fr\/wp-json\/wp\/v2\/product_tag?post=5194"}],"curies":[{"name":"wp","href":"https:\/\/api.w.org\/{rel}","templated":true}]}}