{"id":5190,"date":"2025-05-19T11:30:47","date_gmt":"2025-05-19T09:30:47","guid":{"rendered":"https:\/\/test.forma5.com\/producto\/non%20class\u00e9\/touch\/"},"modified":"2025-05-26T12:01:12","modified_gmt":"2025-05-26T10:01:12","slug":"touch","status":"publish","type":"product","link":"https:\/\/test.forma5.com\/fr\/sieges-de-bureau\/touch\/","title":{"rendered":"Touch"},"content":{"rendered":"<p><span data-sheets-root=\"1\">La gamme de si\u00e8ges op\u00e9ratifs Touch r\u00e9pond aux projets les plus exigeants, car elle r\u00e9unit toutes les caract\u00e9ristiques d&rsquo;un bureau op\u00e9ratif. Son design, d\u00e9velopp\u00e9 par le prestigieux studio de design Llusc\u00e0 en collaboration avec le d\u00e9partement R+D+i de Forma 5, allie lignes droites et dispositifs ergonomiques de pointe. Attrayant et visionnaire, Touch offre plusieurs configurations de base pivotantes, de rembourrage ou de finitions de bo\u00eetier, entre autres options, afin de maximiser la personnalisation du design final.<\/span><\/p>\n","protected":false},"excerpt":{"rendered":"<h2>Sa polyvalence est<em><span data-sheets-root=\"1\"> s\u00e9duisante et surtout visionnaire<\/span><\/em><\/h2>\n","protected":false},"featured_media":5192,"template":"","meta":{"_acf_changed":false},"product_brand":[],"product_cat":[146,152],"product_tag":[],"class_list":{"0":"post-5190","1":"product","2":"type-product","3":"status-publish","4":"has-post-thumbnail","6":"product_cat-sieges","7":"product_cat-sieges-de-bureau","9":"first","10":"instock","11":"shipping-taxable","12":"product-type-simple"},"acf":{"bigger_product_image":"","background-text":"","product_designer":[1042],"inactive_designer_info":{"custom_designer_name":"","custom_designer_image":null},"scene_gallery":[1634,1632],"gallery_bg_color":"#cf3a28","details_gallery":[{"slide_text":"<span data-sheets-root=\"1\">Le mod\u00e8le Touch offre un dossier haut ou bas, des accoudoirs et un appui-t\u00eate en option, <strong>ce qui est id\u00e9al pour les postes de direction<\/strong>.<\/span>","slide_image":1638},{"slide_text":"<span data-sheets-root=\"1\">Cette pi\u00e8ce s\u00e9duit par sa simplicit\u00e9 et la qualit\u00e9 de sa finition, alliant<strong> design, polyvalence et ergonomie<\/strong>.<\/span>","slide_image":1626},{"slide_text":"<span style=\"font-size: inherit; font-family: -apple-system, system-ui, BlinkMacSystemFont, 'Segoe UI', Helvetica, Arial, sans-serif, 'Apple Color Emoji', 'Segoe UI Emoji', 'Segoe UI Symbol';\">Il est dot\u00e9 du <\/span><strong style=\"font-size: inherit; font-family: -apple-system, system-ui, BlinkMacSystemFont, 'Segoe UI', Helvetica, Arial, sans-serif, 'Apple Color Emoji', 'Segoe UI Emoji', 'Segoe UI Symbol';\">m\u00e9canisme Sincro Motion,<\/strong><span style=\"font-size: inherit; font-family: -apple-system, system-ui, BlinkMacSystemFont, 'Segoe UI', Helvetica, Arial, sans-serif, 'Apple Color Emoji', 'Segoe UI Emoji', 'Segoe UI Symbol';\"> qui offre des caract\u00e9ristiques fonctionnelles et ergonomiques de haut niveau.<\/span>","slide_image":1628}],"product_video":{"video_link":"https:\/\/vimeo.com\/995337172?share=copy","video_cover":3016},"product_downloads_path":"sillas\/oficina-ergonomica","product_downloads":[{"select_file_type":"normal","file_type":"catalog","file_type_special":"","file_name":"C_touch.pdf","file_customlabel":"Catalogue Touch"},{"select_file_type":"normal","file_type":"technicalFeatures","file_type_special":"","file_name":"_CCTT_Touch.pdf","file_customlabel":"Caract\u00e9ristiques Techniques"},{"select_file_type":"normal","file_type":"productCertificate","file_type_special":"","file_name":"TOUCH_rev03_Firmado.pdf","file_customlabel":"Certificat de Produit"},{"select_file_type":"normal","file_type":"images","file_type_special":"","file_name":"01_Touch.zip","file_customlabel":"Images Touch"},{"select_file_type":"normal","file_type":"autocad","file_type_special":"","file_name":"Touch.zip","file_customlabel":"Geometr\u00eda 3D Touch"},{"select_file_type":"normal","file_type":"revitBim","file_type_special":"","file_name":"TOUCH.zip","file_customlabel":"Geometr\u00eda Revit\/BIM Touch"}],"grid_image_gallery":null},"yoast_head":"<!-- This site is optimized with the Yoast SEO plugin v25.2 - https:\/\/yoast.com\/wordpress\/plugins\/seo\/ -->\n<title>\u25b6 D\u00e9couvrez \u00ab Touch \u00bb : notre chaise ergonomique pour le bureau<\/title>\n<meta name=\"description\" content=\"Cette chaise ergonomique r\u00e9pond aux besoins du bureau : r\u00e9glage en hauteur, accoudoirs dynamiques, appui-t\u00eate, etc. Cliquez ici pour am\u00e9liorer votre espace de travail !\" \/>\n<meta name=\"robots\" content=\"noindex, follow, max-snippet:-1, max-image-preview:large, max-video-preview:-1\" \/>\n<meta property=\"og:locale\" content=\"fr_FR\" \/>\n<meta property=\"og:type\" content=\"article\" \/>\n<meta property=\"og:title\" content=\"\u25b6 D\u00e9couvrez \u00ab Touch \u00bb : notre chaise ergonomique pour le bureau\" \/>\n<meta property=\"og:description\" content=\"Cette chaise ergonomique r\u00e9pond aux besoins du bureau : r\u00e9glage en hauteur, accoudoirs dynamiques, appui-t\u00eate, etc. Cliquez ici pour am\u00e9liorer votre espace de travail !\" \/>\n<meta property=\"og:url\" content=\"https:\/\/test.forma5.com\/fr\/sieges-de-bureau\/touch\/\" \/>\n<meta property=\"og:site_name\" content=\"Forma 5\" \/>\n<meta property=\"article:modified_time\" content=\"2025-05-26T10:01:12+00:00\" \/>\n<meta property=\"og:image\" content=\"https:\/\/test.forma5.com\/wp-content\/uploads\/touch.webp\" \/>\n\t<meta property=\"og:image:width\" content=\"800\" \/>\n\t<meta property=\"og:image:height\" content=\"800\" \/>\n\t<meta property=\"og:image:type\" content=\"image\/webp\" \/>\n<meta name=\"twitter:card\" content=\"summary_large_image\" \/>\n<meta name=\"twitter:label1\" content=\"Dur\u00e9e de lecture estim\u00e9e\" \/>\n\t<meta name=\"twitter:data1\" content=\"1 minute\" \/>\n<script type=\"application\/ld+json\" class=\"yoast-schema-graph\">{\"@context\":\"https:\/\/schema.org\",\"@graph\":[{\"@type\":\"WebPage\",\"@id\":\"https:\/\/test.forma5.com\/fr\/sieges-de-bureau\/touch\/\",\"url\":\"https:\/\/test.forma5.com\/fr\/sieges-de-bureau\/touch\/\",\"name\":\"\u25b6 D\u00e9couvrez \u00ab Touch \u00bb : notre chaise ergonomique pour le bureau\",\"isPartOf\":{\"@id\":\"https:\/\/test.forma5.com\/fr\/#website\"},\"primaryImageOfPage\":{\"@id\":\"https:\/\/test.forma5.com\/fr\/sieges-de-bureau\/touch\/#primaryimage\"},\"image\":{\"@id\":\"https:\/\/test.forma5.com\/fr\/sieges-de-bureau\/touch\/#primaryimage\"},\"thumbnailUrl\":\"https:\/\/test.forma5.com\/wp-content\/uploads\/touch.webp\",\"datePublished\":\"2025-05-19T09:30:47+00:00\",\"dateModified\":\"2025-05-26T10:01:12+00:00\",\"description\":\"Cette chaise ergonomique r\u00e9pond aux besoins du bureau : r\u00e9glage en hauteur, accoudoirs dynamiques, appui-t\u00eate, etc. Cliquez ici pour am\u00e9liorer votre espace de travail !\",\"breadcrumb\":{\"@id\":\"https:\/\/test.forma5.com\/fr\/sieges-de-bureau\/touch\/#breadcrumb\"},\"inLanguage\":\"fr-FR\",\"potentialAction\":[{\"@type\":\"ReadAction\",\"target\":[\"https:\/\/test.forma5.com\/fr\/sieges-de-bureau\/touch\/\"]}]},{\"@type\":\"ImageObject\",\"inLanguage\":\"fr-FR\",\"@id\":\"https:\/\/test.forma5.com\/fr\/sieges-de-bureau\/touch\/#primaryimage\",\"url\":\"https:\/\/test.forma5.com\/wp-content\/uploads\/touch.webp\",\"contentUrl\":\"https:\/\/test.forma5.com\/wp-content\/uploads\/touch.webp\",\"width\":800,\"height\":800},{\"@type\":\"BreadcrumbList\",\"@id\":\"https:\/\/test.forma5.com\/fr\/sieges-de-bureau\/touch\/#breadcrumb\",\"itemListElement\":[{\"@type\":\"ListItem\",\"position\":1,\"name\":\"Portada\",\"item\":\"https:\/\/test.forma5.com\/fr\/\"},{\"@type\":\"ListItem\",\"position\":2,\"name\":\"Productos\",\"item\":\"https:\/\/test.forma5.com\/shop\/\"},{\"@type\":\"ListItem\",\"position\":3,\"name\":\"Touch\"}]},{\"@type\":\"WebSite\",\"@id\":\"https:\/\/test.forma5.com\/fr\/#website\",\"url\":\"https:\/\/test.forma5.com\/fr\/\",\"name\":\"Forma 5\",\"description\":\"\",\"publisher\":{\"@id\":\"https:\/\/test.forma5.com\/fr\/#organization\"},\"potentialAction\":[{\"@type\":\"SearchAction\",\"target\":{\"@type\":\"EntryPoint\",\"urlTemplate\":\"https:\/\/test.forma5.com\/fr\/?s={search_term_string}\"},\"query-input\":{\"@type\":\"PropertyValueSpecification\",\"valueRequired\":true,\"valueName\":\"search_term_string\"}}],\"inLanguage\":\"fr-FR\"},{\"@type\":\"Organization\",\"@id\":\"https:\/\/test.forma5.com\/fr\/#organization\",\"name\":\"Forma 5\",\"url\":\"https:\/\/test.forma5.com\/fr\/\",\"logo\":{\"@type\":\"ImageObject\",\"inLanguage\":\"fr-FR\",\"@id\":\"https:\/\/test.forma5.com\/fr\/#\/schema\/logo\/image\/\",\"url\":\"https:\/\/test.forma5.com\/wp-content\/uploads\/logo.svg\",\"contentUrl\":\"https:\/\/test.forma5.com\/wp-content\/uploads\/logo.svg\",\"width\":169,\"height\":36,\"caption\":\"Forma 5\"},\"image\":{\"@id\":\"https:\/\/test.forma5.com\/fr\/#\/schema\/logo\/image\/\"}}]}<\/script>\n<!-- \/ Yoast SEO plugin. -->","yoast_head_json":{"title":"\u25b6 D\u00e9couvrez \u00ab Touch \u00bb : notre chaise ergonomique pour le bureau","description":"Cette chaise ergonomique r\u00e9pond aux besoins du bureau : r\u00e9glage en hauteur, accoudoirs dynamiques, appui-t\u00eate, etc. Cliquez ici pour am\u00e9liorer votre espace de travail !","robots":{"index":"noindex","follow":"follow","max-snippet":"max-snippet:-1","max-image-preview":"max-image-preview:large","max-video-preview":"max-video-preview:-1"},"og_locale":"fr_FR","og_type":"article","og_title":"\u25b6 D\u00e9couvrez \u00ab Touch \u00bb : notre chaise ergonomique pour le bureau","og_description":"Cette chaise ergonomique r\u00e9pond aux besoins du bureau : r\u00e9glage en hauteur, accoudoirs dynamiques, appui-t\u00eate, etc. Cliquez ici pour am\u00e9liorer votre espace de travail !","og_url":"https:\/\/test.forma5.com\/fr\/sieges-de-bureau\/touch\/","og_site_name":"Forma 5","article_modified_time":"2025-05-26T10:01:12+00:00","og_image":[{"width":800,"height":800,"url":"https:\/\/test.forma5.com\/wp-content\/uploads\/touch.webp","type":"image\/webp"}],"twitter_card":"summary_large_image","twitter_misc":{"Dur\u00e9e de lecture estim\u00e9e":"1 minute"},"schema":{"@context":"https:\/\/schema.org","@graph":[{"@type":"WebPage","@id":"https:\/\/test.forma5.com\/fr\/sieges-de-bureau\/touch\/","url":"https:\/\/test.forma5.com\/fr\/sieges-de-bureau\/touch\/","name":"\u25b6 D\u00e9couvrez \u00ab Touch \u00bb : notre chaise ergonomique pour le bureau","isPartOf":{"@id":"https:\/\/test.forma5.com\/fr\/#website"},"primaryImageOfPage":{"@id":"https:\/\/test.forma5.com\/fr\/sieges-de-bureau\/touch\/#primaryimage"},"image":{"@id":"https:\/\/test.forma5.com\/fr\/sieges-de-bureau\/touch\/#primaryimage"},"thumbnailUrl":"https:\/\/test.forma5.com\/wp-content\/uploads\/touch.webp","datePublished":"2025-05-19T09:30:47+00:00","dateModified":"2025-05-26T10:01:12+00:00","description":"Cette chaise ergonomique r\u00e9pond aux besoins du bureau : r\u00e9glage en hauteur, accoudoirs dynamiques, appui-t\u00eate, etc. Cliquez ici pour am\u00e9liorer votre espace de travail !","breadcrumb":{"@id":"https:\/\/test.forma5.com\/fr\/sieges-de-bureau\/touch\/#breadcrumb"},"inLanguage":"fr-FR","potentialAction":[{"@type":"ReadAction","target":["https:\/\/test.forma5.com\/fr\/sieges-de-bureau\/touch\/"]}]},{"@type":"ImageObject","inLanguage":"fr-FR","@id":"https:\/\/test.forma5.com\/fr\/sieges-de-bureau\/touch\/#primaryimage","url":"https:\/\/test.forma5.com\/wp-content\/uploads\/touch.webp","contentUrl":"https:\/\/test.forma5.com\/wp-content\/uploads\/touch.webp","width":800,"height":800},{"@type":"BreadcrumbList","@id":"https:\/\/test.forma5.com\/fr\/sieges-de-bureau\/touch\/#breadcrumb","itemListElement":[{"@type":"ListItem","position":1,"name":"Portada","item":"https:\/\/test.forma5.com\/fr\/"},{"@type":"ListItem","position":2,"name":"Productos","item":"https:\/\/test.forma5.com\/shop\/"},{"@type":"ListItem","position":3,"name":"Touch"}]},{"@type":"WebSite","@id":"https:\/\/test.forma5.com\/fr\/#website","url":"https:\/\/test.forma5.com\/fr\/","name":"Forma 5","description":"","publisher":{"@id":"https:\/\/test.forma5.com\/fr\/#organization"},"potentialAction":[{"@type":"SearchAction","target":{"@type":"EntryPoint","urlTemplate":"https:\/\/test.forma5.com\/fr\/?s={search_term_string}"},"query-input":{"@type":"PropertyValueSpecification","valueRequired":true,"valueName":"search_term_string"}}],"inLanguage":"fr-FR"},{"@type":"Organization","@id":"https:\/\/test.forma5.com\/fr\/#organization","name":"Forma 5","url":"https:\/\/test.forma5.com\/fr\/","logo":{"@type":"ImageObject","inLanguage":"fr-FR","@id":"https:\/\/test.forma5.com\/fr\/#\/schema\/logo\/image\/","url":"https:\/\/test.forma5.com\/wp-content\/uploads\/logo.svg","contentUrl":"https:\/\/test.forma5.com\/wp-content\/uploads\/logo.svg","width":169,"height":36,"caption":"Forma 5"},"image":{"@id":"https:\/\/test.forma5.com\/fr\/#\/schema\/logo\/image\/"}}]}},"_links":{"self":[{"href":"https:\/\/test.forma5.com\/fr\/wp-json\/wp\/v2\/product\/5190","targetHints":{"allow":["GET"]}}],"collection":[{"href":"https:\/\/test.forma5.com\/fr\/wp-json\/wp\/v2\/product"}],"about":[{"href":"https:\/\/test.forma5.com\/fr\/wp-json\/wp\/v2\/types\/product"}],"acf:attachment":[{"embeddable":true,"href":"https:\/\/test.forma5.com\/fr\/wp-json\/wp\/v2\/media\/1632"},{"embeddable":true,"href":"https:\/\/test.forma5.com\/fr\/wp-json\/wp\/v2\/media\/1634"}],"acf:post":[{"embeddable":true,"href":"https:\/\/test.forma5.com\/fr\/wp-json\/wp\/v2\/disenador\/1042"}],"wp:featuredmedia":[{"embeddable":true,"href":"https:\/\/test.forma5.com\/fr\/wp-json\/wp\/v2\/media\/5192"}],"wp:attachment":[{"href":"https:\/\/test.forma5.com\/fr\/wp-json\/wp\/v2\/media?parent=5190"}],"wp:term":[{"taxonomy":"product_brand","embeddable":true,"href":"https:\/\/test.forma5.com\/fr\/wp-json\/wp\/v2\/product_brand?post=5190"},{"taxonomy":"product_cat","embeddable":true,"href":"https:\/\/test.forma5.com\/fr\/wp-json\/wp\/v2\/product_cat?post=5190"},{"taxonomy":"product_tag","embeddable":true,"href":"https:\/\/test.forma5.com\/fr\/wp-json\/wp\/v2\/product_tag?post=5190"}],"curies":[{"name":"wp","href":"https:\/\/api.w.org\/{rel}","templated":true}]}}