{"id":5170,"date":"2024-08-23T08:02:39","date_gmt":"2024-08-23T06:02:39","guid":{"rendered":"https:\/\/test.forma5.com\/producto\/non%20class\u00e9\/taquillas-oficina-campus\/"},"modified":"2025-06-03T16:09:36","modified_gmt":"2025-06-03T14:09:36","slug":"campus","status":"publish","type":"product","link":"https:\/\/test.forma5.com\/fr\/tables-bureaux\/stockage\/campus\/","title":{"rendered":"Casiers &lsquo;Campus&rsquo;"},"content":{"rendered":"<p><span data-sheets-root=\"1\">La gamme de casiers Campus offre une nouvelle perspective sur le stockage traditionnel dans les bureaux, r\u00e9pondant \u00e0 la demande croissante de postes de travail mobiles n\u00e9cessitant un espace de stockage personnel et rotatif. Avec de multiples configurations en largeur et en hauteur, des options de serrure, de porte, de finition et de support, les casiers Campus sont enti\u00e8rement personnalisables et adaptables pour r\u00e9pondre \u00e0 vos besoins.<\/span><\/p>\n","protected":false},"excerpt":{"rendered":"<h2><span data-sheets-root=\"1\">Une nouvelle <em>approche<\/em> <em>du rangement traditionnel<\/em> des bureaux<\/span><\/h2>\n","protected":false},"featured_media":6745,"template":"","meta":{"_acf_changed":false},"product_brand":[],"product_cat":[150],"product_tag":[],"class_list":{"0":"post-5170","1":"product","2":"type-product","3":"status-publish","4":"has-post-thumbnail","6":"product_cat-stockage","8":"first","9":"instock","10":"shipping-taxable","11":"product-type-simple"},"acf":{"bigger_product_image":["isBigger"],"background-text":"Campus","product_designer":[1024],"inactive_designer_info":{"custom_designer_name":"","custom_designer_image":null},"scene_gallery":[2795,2799],"gallery_bg_color":"#898989","details_gallery":[{"slide_text":"<span data-sheets-root=\"1\"><strong>Il est enti\u00e8rement personnalisable<\/strong> et adaptable aux besoins de votre projet.<\/span>","slide_image":3468},{"slide_text":"<span data-sheets-root=\"1\">Campus r\u00e9pond \u00e0 la demande croissante de postes nomades n\u00e9cessitant un <strong>stockage personnel et rotatif.<\/strong><\/span>","slide_image":3540}],"product_video":{"video_link":"","video_cover":""},"product_downloads_path":"almacenaje","product_downloads":[{"select_file_type":"normal","file_type":"catalog","file_type_special":"","file_name":"Storage.pdf","file_customlabel":"Catalogue Storage"},{"select_file_type":"normal","file_type":"technicalFeatures","file_type_special":"","file_name":"_CCTT_Campus.pdf","file_customlabel":"Caract\u00e9ristiques Techniques"},{"select_file_type":"normal","file_type":"images","file_type_special":"","file_name":"07_Taquillas Campus.zip","file_customlabel":"Images"},{"select_file_type":"normal","file_type":"autocad","file_type_special":"","file_name":"Campus.zip","file_customlabel":"G\u00e9om\u00e9trie 3D"}],"grid_image_gallery":null},"yoast_head":"<!-- This site is optimized with the Yoast SEO plugin v25.2 - https:\/\/yoast.com\/wordpress\/plugins\/seo\/ -->\n<title>\u25b6 D\u00e9couvrez nos casiers &#039;Campus&#039; pour les bureaux - Groupe Forma 5<\/title>\n<meta name=\"description\" content=\"D\u00e9couvrez nos casiers \u00ab Campus \u00bb pour les bureaux du groupe Forma 5 : des solutions de rangement s\u00e9curis\u00e9es et pratiques pour vos effets personnels dans votre espace de travail.\" \/>\n<meta name=\"robots\" content=\"noindex, follow, max-snippet:-1, max-image-preview:large, max-video-preview:-1\" \/>\n<meta property=\"og:locale\" content=\"fr_FR\" \/>\n<meta property=\"og:type\" content=\"article\" \/>\n<meta property=\"og:title\" content=\"\u25b6 D\u00e9couvrez nos casiers &#039;Campus&#039; pour les bureaux - Groupe Forma 5\" \/>\n<meta property=\"og:description\" content=\"D\u00e9couvrez nos casiers \u00ab Campus \u00bb pour les bureaux du groupe Forma 5 : des solutions de rangement s\u00e9curis\u00e9es et pratiques pour vos effets personnels dans votre espace de travail.\" \/>\n<meta property=\"og:url\" content=\"https:\/\/test.forma5.com\/fr\/tables-bureaux\/stockage\/campus\/\" \/>\n<meta property=\"og:site_name\" content=\"Forma 5\" \/>\n<meta property=\"article:modified_time\" content=\"2025-06-03T14:09:36+00:00\" \/>\n<meta property=\"og:image\" content=\"https:\/\/test.forma5.com\/wp-content\/uploads\/Campus-01.png\" \/>\n\t<meta property=\"og:image:width\" content=\"800\" \/>\n\t<meta property=\"og:image:height\" content=\"800\" \/>\n\t<meta property=\"og:image:type\" content=\"image\/png\" \/>\n<meta name=\"twitter:card\" content=\"summary_large_image\" \/>\n<meta name=\"twitter:label1\" content=\"Dur\u00e9e de lecture estim\u00e9e\" \/>\n\t<meta name=\"twitter:data1\" content=\"1 minute\" \/>\n<script type=\"application\/ld+json\" class=\"yoast-schema-graph\">{\"@context\":\"https:\/\/schema.org\",\"@graph\":[{\"@type\":\"WebPage\",\"@id\":\"https:\/\/test.forma5.com\/fr\/tables-bureaux\/stockage\/campus\/\",\"url\":\"https:\/\/test.forma5.com\/fr\/tables-bureaux\/stockage\/campus\/\",\"name\":\"\u25b6 D\u00e9couvrez nos casiers 'Campus' pour les bureaux - Groupe Forma 5\",\"isPartOf\":{\"@id\":\"https:\/\/test.forma5.com\/fr\/#website\"},\"primaryImageOfPage\":{\"@id\":\"https:\/\/test.forma5.com\/fr\/tables-bureaux\/stockage\/campus\/#primaryimage\"},\"image\":{\"@id\":\"https:\/\/test.forma5.com\/fr\/tables-bureaux\/stockage\/campus\/#primaryimage\"},\"thumbnailUrl\":\"https:\/\/test.forma5.com\/wp-content\/uploads\/Campus-01.png\",\"datePublished\":\"2024-08-23T06:02:39+00:00\",\"dateModified\":\"2025-06-03T14:09:36+00:00\",\"description\":\"D\u00e9couvrez nos casiers \u00ab Campus \u00bb pour les bureaux du groupe Forma 5 : des solutions de rangement s\u00e9curis\u00e9es et pratiques pour vos effets personnels dans votre espace de travail.\",\"breadcrumb\":{\"@id\":\"https:\/\/test.forma5.com\/fr\/tables-bureaux\/stockage\/campus\/#breadcrumb\"},\"inLanguage\":\"fr-FR\",\"potentialAction\":[{\"@type\":\"ReadAction\",\"target\":[\"https:\/\/test.forma5.com\/fr\/tables-bureaux\/stockage\/campus\/\"]}]},{\"@type\":\"ImageObject\",\"inLanguage\":\"fr-FR\",\"@id\":\"https:\/\/test.forma5.com\/fr\/tables-bureaux\/stockage\/campus\/#primaryimage\",\"url\":\"https:\/\/test.forma5.com\/wp-content\/uploads\/Campus-01.png\",\"contentUrl\":\"https:\/\/test.forma5.com\/wp-content\/uploads\/Campus-01.png\",\"width\":800,\"height\":800},{\"@type\":\"BreadcrumbList\",\"@id\":\"https:\/\/test.forma5.com\/fr\/tables-bureaux\/stockage\/campus\/#breadcrumb\",\"itemListElement\":[{\"@type\":\"ListItem\",\"position\":1,\"name\":\"Portada\",\"item\":\"https:\/\/test.forma5.com\/fr\/\"},{\"@type\":\"ListItem\",\"position\":2,\"name\":\"Productos\",\"item\":\"https:\/\/test.forma5.com\/shop\/\"},{\"@type\":\"ListItem\",\"position\":3,\"name\":\"Casiers &#8216;Campus&#8217;\"}]},{\"@type\":\"WebSite\",\"@id\":\"https:\/\/test.forma5.com\/fr\/#website\",\"url\":\"https:\/\/test.forma5.com\/fr\/\",\"name\":\"Forma 5\",\"description\":\"\",\"publisher\":{\"@id\":\"https:\/\/test.forma5.com\/fr\/#organization\"},\"potentialAction\":[{\"@type\":\"SearchAction\",\"target\":{\"@type\":\"EntryPoint\",\"urlTemplate\":\"https:\/\/test.forma5.com\/fr\/?s={search_term_string}\"},\"query-input\":{\"@type\":\"PropertyValueSpecification\",\"valueRequired\":true,\"valueName\":\"search_term_string\"}}],\"inLanguage\":\"fr-FR\"},{\"@type\":\"Organization\",\"@id\":\"https:\/\/test.forma5.com\/fr\/#organization\",\"name\":\"Forma 5\",\"url\":\"https:\/\/test.forma5.com\/fr\/\",\"logo\":{\"@type\":\"ImageObject\",\"inLanguage\":\"fr-FR\",\"@id\":\"https:\/\/test.forma5.com\/fr\/#\/schema\/logo\/image\/\",\"url\":\"https:\/\/test.forma5.com\/wp-content\/uploads\/logo.svg\",\"contentUrl\":\"https:\/\/test.forma5.com\/wp-content\/uploads\/logo.svg\",\"width\":169,\"height\":36,\"caption\":\"Forma 5\"},\"image\":{\"@id\":\"https:\/\/test.forma5.com\/fr\/#\/schema\/logo\/image\/\"}}]}<\/script>\n<!-- \/ Yoast SEO plugin. -->","yoast_head_json":{"title":"\u25b6 D\u00e9couvrez nos casiers 'Campus' pour les bureaux - Groupe Forma 5","description":"D\u00e9couvrez nos casiers \u00ab Campus \u00bb pour les bureaux du groupe Forma 5 : des solutions de rangement s\u00e9curis\u00e9es et pratiques pour vos effets personnels dans votre espace de travail.","robots":{"index":"noindex","follow":"follow","max-snippet":"max-snippet:-1","max-image-preview":"max-image-preview:large","max-video-preview":"max-video-preview:-1"},"og_locale":"fr_FR","og_type":"article","og_title":"\u25b6 D\u00e9couvrez nos casiers 'Campus' pour les bureaux - Groupe Forma 5","og_description":"D\u00e9couvrez nos casiers \u00ab Campus \u00bb pour les bureaux du groupe Forma 5 : des solutions de rangement s\u00e9curis\u00e9es et pratiques pour vos effets personnels dans votre espace de travail.","og_url":"https:\/\/test.forma5.com\/fr\/tables-bureaux\/stockage\/campus\/","og_site_name":"Forma 5","article_modified_time":"2025-06-03T14:09:36+00:00","og_image":[{"width":800,"height":800,"url":"https:\/\/test.forma5.com\/wp-content\/uploads\/Campus-01.png","type":"image\/png"}],"twitter_card":"summary_large_image","twitter_misc":{"Dur\u00e9e de lecture estim\u00e9e":"1 minute"},"schema":{"@context":"https:\/\/schema.org","@graph":[{"@type":"WebPage","@id":"https:\/\/test.forma5.com\/fr\/tables-bureaux\/stockage\/campus\/","url":"https:\/\/test.forma5.com\/fr\/tables-bureaux\/stockage\/campus\/","name":"\u25b6 D\u00e9couvrez nos casiers 'Campus' pour les bureaux - Groupe Forma 5","isPartOf":{"@id":"https:\/\/test.forma5.com\/fr\/#website"},"primaryImageOfPage":{"@id":"https:\/\/test.forma5.com\/fr\/tables-bureaux\/stockage\/campus\/#primaryimage"},"image":{"@id":"https:\/\/test.forma5.com\/fr\/tables-bureaux\/stockage\/campus\/#primaryimage"},"thumbnailUrl":"https:\/\/test.forma5.com\/wp-content\/uploads\/Campus-01.png","datePublished":"2024-08-23T06:02:39+00:00","dateModified":"2025-06-03T14:09:36+00:00","description":"D\u00e9couvrez nos casiers \u00ab Campus \u00bb pour les bureaux du groupe Forma 5 : des solutions de rangement s\u00e9curis\u00e9es et pratiques pour vos effets personnels dans votre espace de travail.","breadcrumb":{"@id":"https:\/\/test.forma5.com\/fr\/tables-bureaux\/stockage\/campus\/#breadcrumb"},"inLanguage":"fr-FR","potentialAction":[{"@type":"ReadAction","target":["https:\/\/test.forma5.com\/fr\/tables-bureaux\/stockage\/campus\/"]}]},{"@type":"ImageObject","inLanguage":"fr-FR","@id":"https:\/\/test.forma5.com\/fr\/tables-bureaux\/stockage\/campus\/#primaryimage","url":"https:\/\/test.forma5.com\/wp-content\/uploads\/Campus-01.png","contentUrl":"https:\/\/test.forma5.com\/wp-content\/uploads\/Campus-01.png","width":800,"height":800},{"@type":"BreadcrumbList","@id":"https:\/\/test.forma5.com\/fr\/tables-bureaux\/stockage\/campus\/#breadcrumb","itemListElement":[{"@type":"ListItem","position":1,"name":"Portada","item":"https:\/\/test.forma5.com\/fr\/"},{"@type":"ListItem","position":2,"name":"Productos","item":"https:\/\/test.forma5.com\/shop\/"},{"@type":"ListItem","position":3,"name":"Casiers &#8216;Campus&#8217;"}]},{"@type":"WebSite","@id":"https:\/\/test.forma5.com\/fr\/#website","url":"https:\/\/test.forma5.com\/fr\/","name":"Forma 5","description":"","publisher":{"@id":"https:\/\/test.forma5.com\/fr\/#organization"},"potentialAction":[{"@type":"SearchAction","target":{"@type":"EntryPoint","urlTemplate":"https:\/\/test.forma5.com\/fr\/?s={search_term_string}"},"query-input":{"@type":"PropertyValueSpecification","valueRequired":true,"valueName":"search_term_string"}}],"inLanguage":"fr-FR"},{"@type":"Organization","@id":"https:\/\/test.forma5.com\/fr\/#organization","name":"Forma 5","url":"https:\/\/test.forma5.com\/fr\/","logo":{"@type":"ImageObject","inLanguage":"fr-FR","@id":"https:\/\/test.forma5.com\/fr\/#\/schema\/logo\/image\/","url":"https:\/\/test.forma5.com\/wp-content\/uploads\/logo.svg","contentUrl":"https:\/\/test.forma5.com\/wp-content\/uploads\/logo.svg","width":169,"height":36,"caption":"Forma 5"},"image":{"@id":"https:\/\/test.forma5.com\/fr\/#\/schema\/logo\/image\/"}}]}},"_links":{"self":[{"href":"https:\/\/test.forma5.com\/fr\/wp-json\/wp\/v2\/product\/5170","targetHints":{"allow":["GET"]}}],"collection":[{"href":"https:\/\/test.forma5.com\/fr\/wp-json\/wp\/v2\/product"}],"about":[{"href":"https:\/\/test.forma5.com\/fr\/wp-json\/wp\/v2\/types\/product"}],"acf:attachment":[{"embeddable":true,"href":"https:\/\/test.forma5.com\/fr\/wp-json\/wp\/v2\/media\/2799"},{"embeddable":true,"href":"https:\/\/test.forma5.com\/fr\/wp-json\/wp\/v2\/media\/2795"}],"acf:post":[{"embeddable":true,"href":"https:\/\/test.forma5.com\/fr\/wp-json\/wp\/v2\/disenador\/1024"}],"wp:featuredmedia":[{"embeddable":true,"href":"https:\/\/test.forma5.com\/fr\/wp-json\/wp\/v2\/media\/6745"}],"wp:attachment":[{"href":"https:\/\/test.forma5.com\/fr\/wp-json\/wp\/v2\/media?parent=5170"}],"wp:term":[{"taxonomy":"product_brand","embeddable":true,"href":"https:\/\/test.forma5.com\/fr\/wp-json\/wp\/v2\/product_brand?post=5170"},{"taxonomy":"product_cat","embeddable":true,"href":"https:\/\/test.forma5.com\/fr\/wp-json\/wp\/v2\/product_cat?post=5170"},{"taxonomy":"product_tag","embeddable":true,"href":"https:\/\/test.forma5.com\/fr\/wp-json\/wp\/v2\/product_tag?post=5170"}],"curies":[{"name":"wp","href":"https:\/\/api.w.org\/{rel}","templated":true}]}}