{"id":5162,"date":"2024-08-22T09:18:37","date_gmt":"2024-08-22T07:18:37","guid":{"rendered":"https:\/\/test.forma5.com\/producto\/non%20class\u00e9\/sistema-oficina-axis\/"},"modified":"2025-09-30T10:36:16","modified_gmt":"2025-09-30T08:36:16","slug":"axis","status":"publish","type":"product","link":"https:\/\/test.forma5.com\/fr\/tables-bureaux\/stockage\/axis\/","title":{"rendered":"Axis"},"content":{"rendered":"<p><span data-sheets-root=\"1\">Les configurations de la colonne vert\u00e9brale d&rsquo;Axis sont de plus en plus demand\u00e9es dans les bureaux actuels. Bas\u00e9e sur les bureaux M10, V30 et F25, cette configuration de poste de travail facilite une \u00e9lectrification efficace tout en offrant des espaces de rangement suppl\u00e9mentaires, \u00e0 la fois partag\u00e9s et priv\u00e9s.<\/span><\/p>\n","protected":false},"excerpt":{"rendered":"<h2>Le troisi\u00e8me <em>niveau d&rsquo;aluminium<\/em> offre une image attrayante<\/h2>\n","protected":false},"featured_media":5164,"template":"","meta":{"_acf_changed":false},"product_brand":[],"product_cat":[150],"product_tag":[],"class_list":{"0":"post-5162","1":"product","2":"type-product","3":"status-publish","4":"has-post-thumbnail","6":"product_cat-stockage","8":"first","9":"instock","10":"shipping-taxable","11":"product-type-simple"},"acf":{"bigger_product_image":["isBigger"],"background-text":"","product_designer":[1024],"inactive_designer_info":{"custom_designer_name":"R+D Forma5","custom_designer_image":2821},"scene_gallery":[2827,2825,2823],"gallery_bg_color":"#636363","details_gallery":[{"slide_text":"<span data-sheets-root=\"1\">Son spectaculaire troisi\u00e8me niveau en aluminium optionnel conf\u00e8re \u00e0 l'ensemble une <strong>apparence attrayante et \u00e9l\u00e9gante<\/strong>.<\/span>","slide_image":2819},{"slide_text":"<span data-sheets-root=\"1\">Axis r\u00e9sout le probl\u00e8me de l'\u00e9lectrification de mani\u00e8re <strong>brillante et technique<\/strong>.<\/span>","slide_image":2821}],"product_video":{"video_link":"","video_cover":""},"product_downloads_path":"almacenaje","product_downloads":[{"select_file_type":"normal","file_type":"catalog","file_type_special":"","file_name":"Storage.pdf","file_customlabel":"Catalogue Axis"},{"select_file_type":"normal","file_type":"technicalFeatures","file_type_special":"","file_name":"_CCTT_Axis.pdf","file_customlabel":"Caract\u00e9ristiques Techniques"},{"select_file_type":"normal","file_type":"autocad","file_type_special":"","file_name":"Axis.zip","file_customlabel":"G\u00e9om\u00e9trie 3D"},{"select_file_type":"normal","file_type":"images","file_type_special":"","file_name":"05_Axis.zip","file_customlabel":"Images"}],"grid_image_gallery":null},"yoast_head":"<!-- This site is optimized with the Yoast SEO plugin v25.2 - https:\/\/yoast.com\/wordpress\/plugins\/seo\/ -->\n<title>\u25b6 D\u00e9couvrez &#039;Axis&#039; : notre bureau modulaire et nos postes de travail - Groupe Forma 5<\/title>\n<meta name=\"description\" content=\"D\u00e9couvrez Axis, nos syst\u00e8mes de rangement pour bureaux du groupe Forma 5 : des solutions modulaires pour une organisation efficace.\" \/>\n<meta name=\"robots\" content=\"noindex, follow, max-snippet:-1, max-image-preview:large, max-video-preview:-1\" \/>\n<meta property=\"og:locale\" content=\"fr_FR\" \/>\n<meta property=\"og:type\" content=\"article\" \/>\n<meta property=\"og:title\" content=\"\u25b6 D\u00e9couvrez &#039;Axis&#039; : notre bureau modulaire et nos postes de travail - Groupe Forma 5\" \/>\n<meta property=\"og:description\" content=\"D\u00e9couvrez Axis, nos syst\u00e8mes de rangement pour bureaux du groupe Forma 5 : des solutions modulaires pour une organisation efficace.\" \/>\n<meta property=\"og:url\" content=\"https:\/\/test.forma5.com\/fr\/tables-bureaux\/stockage\/axis\/\" \/>\n<meta property=\"og:site_name\" content=\"Forma 5\" \/>\n<meta property=\"article:modified_time\" content=\"2025-09-30T08:36:16+00:00\" \/>\n<meta property=\"og:image\" content=\"https:\/\/test.forma5.com\/wp-content\/uploads\/axis.webp\" \/>\n\t<meta property=\"og:image:width\" content=\"1200\" \/>\n\t<meta property=\"og:image:height\" content=\"1200\" \/>\n\t<meta property=\"og:image:type\" content=\"image\/webp\" \/>\n<meta name=\"twitter:card\" content=\"summary_large_image\" \/>\n<meta name=\"twitter:label1\" content=\"Dur\u00e9e de lecture estim\u00e9e\" \/>\n\t<meta name=\"twitter:data1\" content=\"1 minute\" \/>\n<script type=\"application\/ld+json\" class=\"yoast-schema-graph\">{\"@context\":\"https:\/\/schema.org\",\"@graph\":[{\"@type\":\"WebPage\",\"@id\":\"https:\/\/test.forma5.com\/fr\/tables-bureaux\/stockage\/axis\/\",\"url\":\"https:\/\/test.forma5.com\/fr\/tables-bureaux\/stockage\/axis\/\",\"name\":\"\u25b6 D\u00e9couvrez 'Axis' : notre bureau modulaire et nos postes de travail - Groupe Forma 5\",\"isPartOf\":{\"@id\":\"https:\/\/test.forma5.com\/fr\/#website\"},\"primaryImageOfPage\":{\"@id\":\"https:\/\/test.forma5.com\/fr\/tables-bureaux\/stockage\/axis\/#primaryimage\"},\"image\":{\"@id\":\"https:\/\/test.forma5.com\/fr\/tables-bureaux\/stockage\/axis\/#primaryimage\"},\"thumbnailUrl\":\"https:\/\/test.forma5.com\/wp-content\/uploads\/axis.webp\",\"datePublished\":\"2024-08-22T07:18:37+00:00\",\"dateModified\":\"2025-09-30T08:36:16+00:00\",\"description\":\"D\u00e9couvrez Axis, nos syst\u00e8mes de rangement pour bureaux du groupe Forma 5 : des solutions modulaires pour une organisation efficace.\",\"breadcrumb\":{\"@id\":\"https:\/\/test.forma5.com\/fr\/tables-bureaux\/stockage\/axis\/#breadcrumb\"},\"inLanguage\":\"fr-FR\",\"potentialAction\":[{\"@type\":\"ReadAction\",\"target\":[\"https:\/\/test.forma5.com\/fr\/tables-bureaux\/stockage\/axis\/\"]}]},{\"@type\":\"ImageObject\",\"inLanguage\":\"fr-FR\",\"@id\":\"https:\/\/test.forma5.com\/fr\/tables-bureaux\/stockage\/axis\/#primaryimage\",\"url\":\"https:\/\/test.forma5.com\/wp-content\/uploads\/axis.webp\",\"contentUrl\":\"https:\/\/test.forma5.com\/wp-content\/uploads\/axis.webp\",\"width\":1200,\"height\":1200},{\"@type\":\"BreadcrumbList\",\"@id\":\"https:\/\/test.forma5.com\/fr\/tables-bureaux\/stockage\/axis\/#breadcrumb\",\"itemListElement\":[{\"@type\":\"ListItem\",\"position\":1,\"name\":\"Portada\",\"item\":\"https:\/\/test.forma5.com\/fr\/\"},{\"@type\":\"ListItem\",\"position\":2,\"name\":\"Productos\",\"item\":\"https:\/\/test.forma5.com\/shop\/\"},{\"@type\":\"ListItem\",\"position\":3,\"name\":\"Axis\"}]},{\"@type\":\"WebSite\",\"@id\":\"https:\/\/test.forma5.com\/fr\/#website\",\"url\":\"https:\/\/test.forma5.com\/fr\/\",\"name\":\"Forma 5\",\"description\":\"\",\"publisher\":{\"@id\":\"https:\/\/test.forma5.com\/fr\/#organization\"},\"potentialAction\":[{\"@type\":\"SearchAction\",\"target\":{\"@type\":\"EntryPoint\",\"urlTemplate\":\"https:\/\/test.forma5.com\/fr\/?s={search_term_string}\"},\"query-input\":{\"@type\":\"PropertyValueSpecification\",\"valueRequired\":true,\"valueName\":\"search_term_string\"}}],\"inLanguage\":\"fr-FR\"},{\"@type\":\"Organization\",\"@id\":\"https:\/\/test.forma5.com\/fr\/#organization\",\"name\":\"Forma 5\",\"url\":\"https:\/\/test.forma5.com\/fr\/\",\"logo\":{\"@type\":\"ImageObject\",\"inLanguage\":\"fr-FR\",\"@id\":\"https:\/\/test.forma5.com\/fr\/#\/schema\/logo\/image\/\",\"url\":\"https:\/\/test.forma5.com\/wp-content\/uploads\/logo.svg\",\"contentUrl\":\"https:\/\/test.forma5.com\/wp-content\/uploads\/logo.svg\",\"width\":169,\"height\":36,\"caption\":\"Forma 5\"},\"image\":{\"@id\":\"https:\/\/test.forma5.com\/fr\/#\/schema\/logo\/image\/\"}}]}<\/script>\n<!-- \/ Yoast SEO plugin. -->","yoast_head_json":{"title":"\u25b6 D\u00e9couvrez 'Axis' : notre bureau modulaire et nos postes de travail - Groupe Forma 5","description":"D\u00e9couvrez Axis, nos syst\u00e8mes de rangement pour bureaux du groupe Forma 5 : des solutions modulaires pour une organisation efficace.","robots":{"index":"noindex","follow":"follow","max-snippet":"max-snippet:-1","max-image-preview":"max-image-preview:large","max-video-preview":"max-video-preview:-1"},"og_locale":"fr_FR","og_type":"article","og_title":"\u25b6 D\u00e9couvrez 'Axis' : notre bureau modulaire et nos postes de travail - Groupe Forma 5","og_description":"D\u00e9couvrez Axis, nos syst\u00e8mes de rangement pour bureaux du groupe Forma 5 : des solutions modulaires pour une organisation efficace.","og_url":"https:\/\/test.forma5.com\/fr\/tables-bureaux\/stockage\/axis\/","og_site_name":"Forma 5","article_modified_time":"2025-09-30T08:36:16+00:00","og_image":[{"width":1200,"height":1200,"url":"https:\/\/test.forma5.com\/wp-content\/uploads\/axis.webp","type":"image\/webp"}],"twitter_card":"summary_large_image","twitter_misc":{"Dur\u00e9e de lecture estim\u00e9e":"1 minute"},"schema":{"@context":"https:\/\/schema.org","@graph":[{"@type":"WebPage","@id":"https:\/\/test.forma5.com\/fr\/tables-bureaux\/stockage\/axis\/","url":"https:\/\/test.forma5.com\/fr\/tables-bureaux\/stockage\/axis\/","name":"\u25b6 D\u00e9couvrez 'Axis' : notre bureau modulaire et nos postes de travail - Groupe Forma 5","isPartOf":{"@id":"https:\/\/test.forma5.com\/fr\/#website"},"primaryImageOfPage":{"@id":"https:\/\/test.forma5.com\/fr\/tables-bureaux\/stockage\/axis\/#primaryimage"},"image":{"@id":"https:\/\/test.forma5.com\/fr\/tables-bureaux\/stockage\/axis\/#primaryimage"},"thumbnailUrl":"https:\/\/test.forma5.com\/wp-content\/uploads\/axis.webp","datePublished":"2024-08-22T07:18:37+00:00","dateModified":"2025-09-30T08:36:16+00:00","description":"D\u00e9couvrez Axis, nos syst\u00e8mes de rangement pour bureaux du groupe Forma 5 : des solutions modulaires pour une organisation efficace.","breadcrumb":{"@id":"https:\/\/test.forma5.com\/fr\/tables-bureaux\/stockage\/axis\/#breadcrumb"},"inLanguage":"fr-FR","potentialAction":[{"@type":"ReadAction","target":["https:\/\/test.forma5.com\/fr\/tables-bureaux\/stockage\/axis\/"]}]},{"@type":"ImageObject","inLanguage":"fr-FR","@id":"https:\/\/test.forma5.com\/fr\/tables-bureaux\/stockage\/axis\/#primaryimage","url":"https:\/\/test.forma5.com\/wp-content\/uploads\/axis.webp","contentUrl":"https:\/\/test.forma5.com\/wp-content\/uploads\/axis.webp","width":1200,"height":1200},{"@type":"BreadcrumbList","@id":"https:\/\/test.forma5.com\/fr\/tables-bureaux\/stockage\/axis\/#breadcrumb","itemListElement":[{"@type":"ListItem","position":1,"name":"Portada","item":"https:\/\/test.forma5.com\/fr\/"},{"@type":"ListItem","position":2,"name":"Productos","item":"https:\/\/test.forma5.com\/shop\/"},{"@type":"ListItem","position":3,"name":"Axis"}]},{"@type":"WebSite","@id":"https:\/\/test.forma5.com\/fr\/#website","url":"https:\/\/test.forma5.com\/fr\/","name":"Forma 5","description":"","publisher":{"@id":"https:\/\/test.forma5.com\/fr\/#organization"},"potentialAction":[{"@type":"SearchAction","target":{"@type":"EntryPoint","urlTemplate":"https:\/\/test.forma5.com\/fr\/?s={search_term_string}"},"query-input":{"@type":"PropertyValueSpecification","valueRequired":true,"valueName":"search_term_string"}}],"inLanguage":"fr-FR"},{"@type":"Organization","@id":"https:\/\/test.forma5.com\/fr\/#organization","name":"Forma 5","url":"https:\/\/test.forma5.com\/fr\/","logo":{"@type":"ImageObject","inLanguage":"fr-FR","@id":"https:\/\/test.forma5.com\/fr\/#\/schema\/logo\/image\/","url":"https:\/\/test.forma5.com\/wp-content\/uploads\/logo.svg","contentUrl":"https:\/\/test.forma5.com\/wp-content\/uploads\/logo.svg","width":169,"height":36,"caption":"Forma 5"},"image":{"@id":"https:\/\/test.forma5.com\/fr\/#\/schema\/logo\/image\/"}}]}},"_links":{"self":[{"href":"https:\/\/test.forma5.com\/fr\/wp-json\/wp\/v2\/product\/5162","targetHints":{"allow":["GET"]}}],"collection":[{"href":"https:\/\/test.forma5.com\/fr\/wp-json\/wp\/v2\/product"}],"about":[{"href":"https:\/\/test.forma5.com\/fr\/wp-json\/wp\/v2\/types\/product"}],"acf:attachment":[{"embeddable":true,"href":"https:\/\/test.forma5.com\/fr\/wp-json\/wp\/v2\/media\/2823"},{"embeddable":true,"href":"https:\/\/test.forma5.com\/fr\/wp-json\/wp\/v2\/media\/2825"},{"embeddable":true,"href":"https:\/\/test.forma5.com\/fr\/wp-json\/wp\/v2\/media\/2827"}],"acf:post":[{"embeddable":true,"href":"https:\/\/test.forma5.com\/fr\/wp-json\/wp\/v2\/disenador\/1024"}],"wp:featuredmedia":[{"embeddable":true,"href":"https:\/\/test.forma5.com\/fr\/wp-json\/wp\/v2\/media\/5164"}],"wp:attachment":[{"href":"https:\/\/test.forma5.com\/fr\/wp-json\/wp\/v2\/media?parent=5162"}],"wp:term":[{"taxonomy":"product_brand","embeddable":true,"href":"https:\/\/test.forma5.com\/fr\/wp-json\/wp\/v2\/product_brand?post=5162"},{"taxonomy":"product_cat","embeddable":true,"href":"https:\/\/test.forma5.com\/fr\/wp-json\/wp\/v2\/product_cat?post=5162"},{"taxonomy":"product_tag","embeddable":true,"href":"https:\/\/test.forma5.com\/fr\/wp-json\/wp\/v2\/product_tag?post=5162"}],"curies":[{"name":"wp","href":"https:\/\/api.w.org\/{rel}","templated":true}]}}