{"id":5158,"date":"2024-08-22T09:14:27","date_gmt":"2024-08-22T07:14:27","guid":{"rendered":"https:\/\/test.forma5.com\/producto\/non%20class\u00e9\/armario-madera-vektor\/"},"modified":"2025-06-03T16:19:45","modified_gmt":"2025-06-03T14:19:45","slug":"vektor-armoires","status":"publish","type":"product","link":"https:\/\/test.forma5.com\/fr\/tables-bureaux\/stockage\/vektor-armoires\/","title":{"rendered":"Armoires &lsquo;Vektor&rsquo;"},"content":{"rendered":"<p><span data-sheets-root=\"1\">Outre les bureaux et les armoires, la gamme Vektor comprend des armoires de direction de diff\u00e9rentes tailles (205, 165 et 125 cm de large, 166 et 86 cm de haut), avec la possibilit\u00e9 d&rsquo;opter pour des tiroirs et des portes coulissantes personnalisables. Comme les armoires suspendues, elles sont disponibles en finition laqu\u00e9e blanche ou noire. L&rsquo;ensemble est compl\u00e9t\u00e9 par une combinaison de finitions en bois, tant \u00e0 l&rsquo;int\u00e9rieur des armoires et des placards qu&rsquo;\u00e0 l&rsquo;ext\u00e9rieur, sur le plateau de table ou, le cas \u00e9ch\u00e9ant, sur la paroi structurelle Vektor S2.<\/span><\/p>\n","protected":false},"excerpt":{"rendered":"<h2><span data-sheets-root=\"1\">Sa conception \u00e0 la fois <em>\u00e9l\u00e9gante et fonctionnelle<\/em> est parfaite pour un espace de direction<\/span><\/h2>\n","protected":false},"featured_media":5160,"template":"","meta":{"_acf_changed":false},"product_brand":[],"product_cat":[150],"product_tag":[],"class_list":{"0":"post-5158","1":"product","2":"type-product","3":"status-publish","4":"has-post-thumbnail","6":"product_cat-stockage","8":"first","9":"instock","10":"shipping-taxable","11":"product-type-simple"},"acf":{"bigger_product_image":"","background-text":"Vektor","product_designer":[1042],"inactive_designer_info":{"custom_designer_name":"","custom_designer_image":null},"scene_gallery":[3536,2816],"gallery_bg_color":"#939393","details_gallery":[{"slide_text":"<span data-sheets-root=\"1\">La gamme d'armoires est <strong>disponible en blanc ou en noir laqu\u00e9<\/strong>.<\/span>","slide_image":3532}],"product_video":{"video_link":"","video_cover":""},"product_downloads_path":"almacenaje","product_downloads":[{"select_file_type":"normal","file_type":"catalog","file_type_special":"","file_name":"Vektor_Cubo_Quorum.pdf","file_customlabel":"Catalogue Vektor"},{"select_file_type":"normal","file_type":"technicalFeatures","file_type_special":"","file_name":"_CCTT_Armario_Vektor.pdf","file_customlabel":"Caract\u00e9ristiques Techniques"},{"select_file_type":"normal","file_type":"revitBim","file_type_special":"","file_name":"VEKTOR_CABINET.zip","file_customlabel":"G\u00e9om\u00e9trie Revit\/BIM"}],"grid_image_gallery":null},"yoast_head":"<!-- This site is optimized with the Yoast SEO plugin v25.2 - https:\/\/yoast.com\/wordpress\/plugins\/seo\/ -->\n<title>\u25b6 D\u00e9couvrez &#039;Vektor&#039; : nos armoires de bureau sur mesure - Groupe Forma 5<\/title>\n<meta name=\"description\" content=\"D\u00e9couvrez nos armoires de bureau sur mesure du Groupe Forma 5 : des solutions de rangement \u00e9l\u00e9gantes et sur mesure pour votre espace de travail.\" \/>\n<meta name=\"robots\" content=\"noindex, follow, max-snippet:-1, max-image-preview:large, max-video-preview:-1\" \/>\n<meta property=\"og:locale\" content=\"fr_FR\" \/>\n<meta property=\"og:type\" content=\"article\" \/>\n<meta property=\"og:title\" content=\"\u25b6 D\u00e9couvrez &#039;Vektor&#039; : nos armoires de bureau sur mesure - Groupe Forma 5\" \/>\n<meta property=\"og:description\" content=\"D\u00e9couvrez nos armoires de bureau sur mesure du Groupe Forma 5 : des solutions de rangement \u00e9l\u00e9gantes et sur mesure pour votre espace de travail.\" \/>\n<meta property=\"og:url\" content=\"https:\/\/test.forma5.com\/fr\/tables-bureaux\/stockage\/vektor-armoires\/\" \/>\n<meta property=\"og:site_name\" content=\"Forma 5\" \/>\n<meta property=\"article:modified_time\" content=\"2025-06-03T14:19:45+00:00\" \/>\n<meta property=\"og:image\" content=\"https:\/\/test.forma5.com\/wp-content\/uploads\/vektor-wooden-cabinets-for-executive-offices.webp\" \/>\n\t<meta property=\"og:image:width\" content=\"800\" \/>\n\t<meta property=\"og:image:height\" content=\"800\" \/>\n\t<meta property=\"og:image:type\" content=\"image\/webp\" \/>\n<meta name=\"twitter:card\" content=\"summary_large_image\" \/>\n<meta name=\"twitter:label1\" content=\"Dur\u00e9e de lecture estim\u00e9e\" \/>\n\t<meta name=\"twitter:data1\" content=\"1 minute\" \/>\n<script type=\"application\/ld+json\" class=\"yoast-schema-graph\">{\"@context\":\"https:\/\/schema.org\",\"@graph\":[{\"@type\":\"WebPage\",\"@id\":\"https:\/\/test.forma5.com\/fr\/tables-bureaux\/stockage\/vektor-armoires\/\",\"url\":\"https:\/\/test.forma5.com\/fr\/tables-bureaux\/stockage\/vektor-armoires\/\",\"name\":\"\u25b6 D\u00e9couvrez 'Vektor' : nos armoires de bureau sur mesure - Groupe Forma 5\",\"isPartOf\":{\"@id\":\"https:\/\/test.forma5.com\/fr\/#website\"},\"primaryImageOfPage\":{\"@id\":\"https:\/\/test.forma5.com\/fr\/tables-bureaux\/stockage\/vektor-armoires\/#primaryimage\"},\"image\":{\"@id\":\"https:\/\/test.forma5.com\/fr\/tables-bureaux\/stockage\/vektor-armoires\/#primaryimage\"},\"thumbnailUrl\":\"https:\/\/test.forma5.com\/wp-content\/uploads\/vektor-wooden-cabinets-for-executive-offices.webp\",\"datePublished\":\"2024-08-22T07:14:27+00:00\",\"dateModified\":\"2025-06-03T14:19:45+00:00\",\"description\":\"D\u00e9couvrez nos armoires de bureau sur mesure du Groupe Forma 5 : des solutions de rangement \u00e9l\u00e9gantes et sur mesure pour votre espace de travail.\",\"breadcrumb\":{\"@id\":\"https:\/\/test.forma5.com\/fr\/tables-bureaux\/stockage\/vektor-armoires\/#breadcrumb\"},\"inLanguage\":\"fr-FR\",\"potentialAction\":[{\"@type\":\"ReadAction\",\"target\":[\"https:\/\/test.forma5.com\/fr\/tables-bureaux\/stockage\/vektor-armoires\/\"]}]},{\"@type\":\"ImageObject\",\"inLanguage\":\"fr-FR\",\"@id\":\"https:\/\/test.forma5.com\/fr\/tables-bureaux\/stockage\/vektor-armoires\/#primaryimage\",\"url\":\"https:\/\/test.forma5.com\/wp-content\/uploads\/vektor-wooden-cabinets-for-executive-offices.webp\",\"contentUrl\":\"https:\/\/test.forma5.com\/wp-content\/uploads\/vektor-wooden-cabinets-for-executive-offices.webp\",\"width\":800,\"height\":800},{\"@type\":\"BreadcrumbList\",\"@id\":\"https:\/\/test.forma5.com\/fr\/tables-bureaux\/stockage\/vektor-armoires\/#breadcrumb\",\"itemListElement\":[{\"@type\":\"ListItem\",\"position\":1,\"name\":\"Portada\",\"item\":\"https:\/\/test.forma5.com\/fr\/\"},{\"@type\":\"ListItem\",\"position\":2,\"name\":\"Productos\",\"item\":\"https:\/\/test.forma5.com\/shop\/\"},{\"@type\":\"ListItem\",\"position\":3,\"name\":\"Armoires &#8216;Vektor&#8217;\"}]},{\"@type\":\"WebSite\",\"@id\":\"https:\/\/test.forma5.com\/fr\/#website\",\"url\":\"https:\/\/test.forma5.com\/fr\/\",\"name\":\"Forma 5\",\"description\":\"\",\"publisher\":{\"@id\":\"https:\/\/test.forma5.com\/fr\/#organization\"},\"potentialAction\":[{\"@type\":\"SearchAction\",\"target\":{\"@type\":\"EntryPoint\",\"urlTemplate\":\"https:\/\/test.forma5.com\/fr\/?s={search_term_string}\"},\"query-input\":{\"@type\":\"PropertyValueSpecification\",\"valueRequired\":true,\"valueName\":\"search_term_string\"}}],\"inLanguage\":\"fr-FR\"},{\"@type\":\"Organization\",\"@id\":\"https:\/\/test.forma5.com\/fr\/#organization\",\"name\":\"Forma 5\",\"url\":\"https:\/\/test.forma5.com\/fr\/\",\"logo\":{\"@type\":\"ImageObject\",\"inLanguage\":\"fr-FR\",\"@id\":\"https:\/\/test.forma5.com\/fr\/#\/schema\/logo\/image\/\",\"url\":\"https:\/\/test.forma5.com\/wp-content\/uploads\/logo.svg\",\"contentUrl\":\"https:\/\/test.forma5.com\/wp-content\/uploads\/logo.svg\",\"width\":169,\"height\":36,\"caption\":\"Forma 5\"},\"image\":{\"@id\":\"https:\/\/test.forma5.com\/fr\/#\/schema\/logo\/image\/\"}}]}<\/script>\n<!-- \/ Yoast SEO plugin. -->","yoast_head_json":{"title":"\u25b6 D\u00e9couvrez 'Vektor' : nos armoires de bureau sur mesure - Groupe Forma 5","description":"D\u00e9couvrez nos armoires de bureau sur mesure du Groupe Forma 5 : des solutions de rangement \u00e9l\u00e9gantes et sur mesure pour votre espace de travail.","robots":{"index":"noindex","follow":"follow","max-snippet":"max-snippet:-1","max-image-preview":"max-image-preview:large","max-video-preview":"max-video-preview:-1"},"og_locale":"fr_FR","og_type":"article","og_title":"\u25b6 D\u00e9couvrez 'Vektor' : nos armoires de bureau sur mesure - Groupe Forma 5","og_description":"D\u00e9couvrez nos armoires de bureau sur mesure du Groupe Forma 5 : des solutions de rangement \u00e9l\u00e9gantes et sur mesure pour votre espace de travail.","og_url":"https:\/\/test.forma5.com\/fr\/tables-bureaux\/stockage\/vektor-armoires\/","og_site_name":"Forma 5","article_modified_time":"2025-06-03T14:19:45+00:00","og_image":[{"width":800,"height":800,"url":"https:\/\/test.forma5.com\/wp-content\/uploads\/vektor-wooden-cabinets-for-executive-offices.webp","type":"image\/webp"}],"twitter_card":"summary_large_image","twitter_misc":{"Dur\u00e9e de lecture estim\u00e9e":"1 minute"},"schema":{"@context":"https:\/\/schema.org","@graph":[{"@type":"WebPage","@id":"https:\/\/test.forma5.com\/fr\/tables-bureaux\/stockage\/vektor-armoires\/","url":"https:\/\/test.forma5.com\/fr\/tables-bureaux\/stockage\/vektor-armoires\/","name":"\u25b6 D\u00e9couvrez 'Vektor' : nos armoires de bureau sur mesure - Groupe Forma 5","isPartOf":{"@id":"https:\/\/test.forma5.com\/fr\/#website"},"primaryImageOfPage":{"@id":"https:\/\/test.forma5.com\/fr\/tables-bureaux\/stockage\/vektor-armoires\/#primaryimage"},"image":{"@id":"https:\/\/test.forma5.com\/fr\/tables-bureaux\/stockage\/vektor-armoires\/#primaryimage"},"thumbnailUrl":"https:\/\/test.forma5.com\/wp-content\/uploads\/vektor-wooden-cabinets-for-executive-offices.webp","datePublished":"2024-08-22T07:14:27+00:00","dateModified":"2025-06-03T14:19:45+00:00","description":"D\u00e9couvrez nos armoires de bureau sur mesure du Groupe Forma 5 : des solutions de rangement \u00e9l\u00e9gantes et sur mesure pour votre espace de travail.","breadcrumb":{"@id":"https:\/\/test.forma5.com\/fr\/tables-bureaux\/stockage\/vektor-armoires\/#breadcrumb"},"inLanguage":"fr-FR","potentialAction":[{"@type":"ReadAction","target":["https:\/\/test.forma5.com\/fr\/tables-bureaux\/stockage\/vektor-armoires\/"]}]},{"@type":"ImageObject","inLanguage":"fr-FR","@id":"https:\/\/test.forma5.com\/fr\/tables-bureaux\/stockage\/vektor-armoires\/#primaryimage","url":"https:\/\/test.forma5.com\/wp-content\/uploads\/vektor-wooden-cabinets-for-executive-offices.webp","contentUrl":"https:\/\/test.forma5.com\/wp-content\/uploads\/vektor-wooden-cabinets-for-executive-offices.webp","width":800,"height":800},{"@type":"BreadcrumbList","@id":"https:\/\/test.forma5.com\/fr\/tables-bureaux\/stockage\/vektor-armoires\/#breadcrumb","itemListElement":[{"@type":"ListItem","position":1,"name":"Portada","item":"https:\/\/test.forma5.com\/fr\/"},{"@type":"ListItem","position":2,"name":"Productos","item":"https:\/\/test.forma5.com\/shop\/"},{"@type":"ListItem","position":3,"name":"Armoires &#8216;Vektor&#8217;"}]},{"@type":"WebSite","@id":"https:\/\/test.forma5.com\/fr\/#website","url":"https:\/\/test.forma5.com\/fr\/","name":"Forma 5","description":"","publisher":{"@id":"https:\/\/test.forma5.com\/fr\/#organization"},"potentialAction":[{"@type":"SearchAction","target":{"@type":"EntryPoint","urlTemplate":"https:\/\/test.forma5.com\/fr\/?s={search_term_string}"},"query-input":{"@type":"PropertyValueSpecification","valueRequired":true,"valueName":"search_term_string"}}],"inLanguage":"fr-FR"},{"@type":"Organization","@id":"https:\/\/test.forma5.com\/fr\/#organization","name":"Forma 5","url":"https:\/\/test.forma5.com\/fr\/","logo":{"@type":"ImageObject","inLanguage":"fr-FR","@id":"https:\/\/test.forma5.com\/fr\/#\/schema\/logo\/image\/","url":"https:\/\/test.forma5.com\/wp-content\/uploads\/logo.svg","contentUrl":"https:\/\/test.forma5.com\/wp-content\/uploads\/logo.svg","width":169,"height":36,"caption":"Forma 5"},"image":{"@id":"https:\/\/test.forma5.com\/fr\/#\/schema\/logo\/image\/"}}]}},"_links":{"self":[{"href":"https:\/\/test.forma5.com\/fr\/wp-json\/wp\/v2\/product\/5158","targetHints":{"allow":["GET"]}}],"collection":[{"href":"https:\/\/test.forma5.com\/fr\/wp-json\/wp\/v2\/product"}],"about":[{"href":"https:\/\/test.forma5.com\/fr\/wp-json\/wp\/v2\/types\/product"}],"acf:attachment":[{"embeddable":true,"href":"https:\/\/test.forma5.com\/fr\/wp-json\/wp\/v2\/media\/2816"},{"embeddable":true,"href":"https:\/\/test.forma5.com\/fr\/wp-json\/wp\/v2\/media\/3536"}],"acf:post":[{"embeddable":true,"href":"https:\/\/test.forma5.com\/fr\/wp-json\/wp\/v2\/disenador\/1042"}],"wp:featuredmedia":[{"embeddable":true,"href":"https:\/\/test.forma5.com\/fr\/wp-json\/wp\/v2\/media\/5160"}],"wp:attachment":[{"href":"https:\/\/test.forma5.com\/fr\/wp-json\/wp\/v2\/media?parent=5158"}],"wp:term":[{"taxonomy":"product_brand","embeddable":true,"href":"https:\/\/test.forma5.com\/fr\/wp-json\/wp\/v2\/product_brand?post=5158"},{"taxonomy":"product_cat","embeddable":true,"href":"https:\/\/test.forma5.com\/fr\/wp-json\/wp\/v2\/product_cat?post=5158"},{"taxonomy":"product_tag","embeddable":true,"href":"https:\/\/test.forma5.com\/fr\/wp-json\/wp\/v2\/product_tag?post=5158"}],"curies":[{"name":"wp","href":"https:\/\/api.w.org\/{rel}","templated":true}]}}