{"id":5142,"date":"2024-08-22T08:41:49","date_gmt":"2024-08-22T06:41:49","guid":{"rendered":"https:\/\/test.forma5.com\/producto\/non%20class\u00e9\/armario-puertas-batientes\/"},"modified":"2025-06-04T09:52:31","modified_gmt":"2025-06-04T07:52:31","slug":"rangement-melamine","status":"publish","type":"product","link":"https:\/\/test.forma5.com\/fr\/tables-bureaux\/stockage\/rangement-melamine\/","title":{"rendered":"Rangement M\u00e9lamin\u00e9"},"content":{"rendered":"<p><span data-sheets-root=\"1\">La gamme d&rsquo;armoires en bilamin\u00e9 se distingue par sa polyvalence et son adaptabilit\u00e9 \u00e0 tout espace de bureau. Divis\u00e9e en deux cat\u00e9gories, Basic et Plus, elle se compose de quatre armoires de hauteurs diff\u00e9rentes qui peuvent \u00eatre combin\u00e9es pour cr\u00e9er jusqu&rsquo;\u00e0 12 configurations diff\u00e9rentes. Elles peuvent \u00e9galement \u00eatre agrandies horizontalement.<\/span><\/p>\n","protected":false},"excerpt":{"rendered":"<h2><span data-sheets-root=\"1\"><em>Polyvalence et adaptabilit\u00e9<\/em> de l&rsquo;espace de travail<\/span><\/h2>\n","protected":false},"featured_media":6754,"template":"","meta":{"_acf_changed":false},"product_brand":[],"product_cat":[150],"product_tag":[],"class_list":{"0":"post-5142","1":"product","2":"type-product","3":"status-publish","4":"has-post-thumbnail","6":"product_cat-stockage","8":"first","9":"instock","10":"shipping-taxable","11":"product-type-simple"},"acf":{"bigger_product_image":["isBigger"],"background-text":"M\u00e9lamin\u00e9","product_designer":[1024],"inactive_designer_info":{"custom_designer_name":"","custom_designer_image":null},"scene_gallery":[2841,2843,2845],"gallery_bg_color":"#727272","details_gallery":[{"slide_text":"<span data-sheets-root=\"1\">Il est con\u00e7u pour une <strong>croissance horizontale<\/strong>.<\/span>","slide_image":3452},{"slide_text":"<span data-sheets-root=\"1\">Ces armoires peuvent servir de <strong>support \u00e0 une table ou \u00e0 un banc<\/strong>.<\/span>","slide_image":2847}],"product_video":{"video_link":"","video_cover":""},"product_downloads_path":"almacenaje","product_downloads":[{"select_file_type":"normal","file_type":"catalog","file_type_special":"","file_name":"Storage.pdf","file_customlabel":"Cat\u00e1logo"},{"select_file_type":"normal","file_type":"technicalFeatures","file_type_special":"","file_name":"_CCTT_Almacenaje_Bilaminado.pdf","file_customlabel":"Caract\u00e9ristiques techniques"},{"select_file_type":"normal","file_type":"images","file_type_special":"","file_name":"01_Almacenaje Bilaminado.zip","file_customlabel":"Images"},{"select_file_type":"normal","file_type":"autocad","file_type_special":"","file_name":"Almacenaje_metalico.zip","file_customlabel":"G\u00e9om\u00e9trie 3D"},{"select_file_type":"normal","file_type":"revitBim","file_type_special":"","file_name":"MELAMINE-STORAGE_Almacenaje Bilaminado.zip","file_customlabel":"Revit\/BIM"}],"grid_image_gallery":null},"yoast_head":"<!-- This site is optimized with the Yoast SEO plugin v25.2 - https:\/\/yoast.com\/wordpress\/plugins\/seo\/ -->\n<title>\u25b6 D\u00e9couvrez nos rangements en bois m\u00e9lamin\u00e9 pour le bureau - Groupe Forma 5<\/title>\n<meta name=\"description\" content=\"D\u00e9couvrez notre meuble de rangement en bois m\u00e9lamin\u00e9 avec portes battantes sign\u00e9 Forma 5 : un rangement de bureau \u00e9l\u00e9gant et durable.\" \/>\n<meta name=\"robots\" content=\"noindex, follow, max-snippet:-1, max-image-preview:large, max-video-preview:-1\" \/>\n<meta property=\"og:locale\" content=\"fr_FR\" \/>\n<meta property=\"og:type\" content=\"article\" \/>\n<meta property=\"og:title\" content=\"\u25b6 D\u00e9couvrez nos rangements en bois m\u00e9lamin\u00e9 pour le bureau - Groupe Forma 5\" \/>\n<meta property=\"og:description\" content=\"D\u00e9couvrez notre meuble de rangement en bois m\u00e9lamin\u00e9 avec portes battantes sign\u00e9 Forma 5 : un rangement de bureau \u00e9l\u00e9gant et durable.\" \/>\n<meta property=\"og:url\" content=\"https:\/\/test.forma5.com\/fr\/tables-bureaux\/stockage\/rangement-melamine\/\" \/>\n<meta property=\"og:site_name\" content=\"Forma 5\" \/>\n<meta property=\"article:modified_time\" content=\"2025-06-04T07:52:31+00:00\" \/>\n<meta property=\"og:image\" content=\"https:\/\/test.forma5.com\/wp-content\/uploads\/Almacenaje-01.png\" \/>\n\t<meta property=\"og:image:width\" content=\"800\" \/>\n\t<meta property=\"og:image:height\" content=\"800\" \/>\n\t<meta property=\"og:image:type\" content=\"image\/png\" \/>\n<meta name=\"twitter:card\" content=\"summary_large_image\" \/>\n<meta name=\"twitter:label1\" content=\"Dur\u00e9e de lecture estim\u00e9e\" \/>\n\t<meta name=\"twitter:data1\" content=\"1 minute\" \/>\n<script type=\"application\/ld+json\" class=\"yoast-schema-graph\">{\"@context\":\"https:\/\/schema.org\",\"@graph\":[{\"@type\":\"WebPage\",\"@id\":\"https:\/\/test.forma5.com\/fr\/tables-bureaux\/stockage\/rangement-melamine\/\",\"url\":\"https:\/\/test.forma5.com\/fr\/tables-bureaux\/stockage\/rangement-melamine\/\",\"name\":\"\u25b6 D\u00e9couvrez nos rangements en bois m\u00e9lamin\u00e9 pour le bureau - Groupe Forma 5\",\"isPartOf\":{\"@id\":\"https:\/\/test.forma5.com\/fr\/#website\"},\"primaryImageOfPage\":{\"@id\":\"https:\/\/test.forma5.com\/fr\/tables-bureaux\/stockage\/rangement-melamine\/#primaryimage\"},\"image\":{\"@id\":\"https:\/\/test.forma5.com\/fr\/tables-bureaux\/stockage\/rangement-melamine\/#primaryimage\"},\"thumbnailUrl\":\"https:\/\/test.forma5.com\/wp-content\/uploads\/Almacenaje-01.png\",\"datePublished\":\"2024-08-22T06:41:49+00:00\",\"dateModified\":\"2025-06-04T07:52:31+00:00\",\"description\":\"D\u00e9couvrez notre meuble de rangement en bois m\u00e9lamin\u00e9 avec portes battantes sign\u00e9 Forma 5 : un rangement de bureau \u00e9l\u00e9gant et durable.\",\"breadcrumb\":{\"@id\":\"https:\/\/test.forma5.com\/fr\/tables-bureaux\/stockage\/rangement-melamine\/#breadcrumb\"},\"inLanguage\":\"fr-FR\",\"potentialAction\":[{\"@type\":\"ReadAction\",\"target\":[\"https:\/\/test.forma5.com\/fr\/tables-bureaux\/stockage\/rangement-melamine\/\"]}]},{\"@type\":\"ImageObject\",\"inLanguage\":\"fr-FR\",\"@id\":\"https:\/\/test.forma5.com\/fr\/tables-bureaux\/stockage\/rangement-melamine\/#primaryimage\",\"url\":\"https:\/\/test.forma5.com\/wp-content\/uploads\/Almacenaje-01.png\",\"contentUrl\":\"https:\/\/test.forma5.com\/wp-content\/uploads\/Almacenaje-01.png\",\"width\":800,\"height\":800},{\"@type\":\"BreadcrumbList\",\"@id\":\"https:\/\/test.forma5.com\/fr\/tables-bureaux\/stockage\/rangement-melamine\/#breadcrumb\",\"itemListElement\":[{\"@type\":\"ListItem\",\"position\":1,\"name\":\"Portada\",\"item\":\"https:\/\/test.forma5.com\/fr\/\"},{\"@type\":\"ListItem\",\"position\":2,\"name\":\"Productos\",\"item\":\"https:\/\/test.forma5.com\/shop\/\"},{\"@type\":\"ListItem\",\"position\":3,\"name\":\"Rangement M\u00e9lamin\u00e9\"}]},{\"@type\":\"WebSite\",\"@id\":\"https:\/\/test.forma5.com\/fr\/#website\",\"url\":\"https:\/\/test.forma5.com\/fr\/\",\"name\":\"Forma 5\",\"description\":\"\",\"publisher\":{\"@id\":\"https:\/\/test.forma5.com\/fr\/#organization\"},\"potentialAction\":[{\"@type\":\"SearchAction\",\"target\":{\"@type\":\"EntryPoint\",\"urlTemplate\":\"https:\/\/test.forma5.com\/fr\/?s={search_term_string}\"},\"query-input\":{\"@type\":\"PropertyValueSpecification\",\"valueRequired\":true,\"valueName\":\"search_term_string\"}}],\"inLanguage\":\"fr-FR\"},{\"@type\":\"Organization\",\"@id\":\"https:\/\/test.forma5.com\/fr\/#organization\",\"name\":\"Forma 5\",\"url\":\"https:\/\/test.forma5.com\/fr\/\",\"logo\":{\"@type\":\"ImageObject\",\"inLanguage\":\"fr-FR\",\"@id\":\"https:\/\/test.forma5.com\/fr\/#\/schema\/logo\/image\/\",\"url\":\"https:\/\/test.forma5.com\/wp-content\/uploads\/logo.svg\",\"contentUrl\":\"https:\/\/test.forma5.com\/wp-content\/uploads\/logo.svg\",\"width\":169,\"height\":36,\"caption\":\"Forma 5\"},\"image\":{\"@id\":\"https:\/\/test.forma5.com\/fr\/#\/schema\/logo\/image\/\"}}]}<\/script>\n<!-- \/ Yoast SEO plugin. -->","yoast_head_json":{"title":"\u25b6 D\u00e9couvrez nos rangements en bois m\u00e9lamin\u00e9 pour le bureau - Groupe Forma 5","description":"D\u00e9couvrez notre meuble de rangement en bois m\u00e9lamin\u00e9 avec portes battantes sign\u00e9 Forma 5 : un rangement de bureau \u00e9l\u00e9gant et durable.","robots":{"index":"noindex","follow":"follow","max-snippet":"max-snippet:-1","max-image-preview":"max-image-preview:large","max-video-preview":"max-video-preview:-1"},"og_locale":"fr_FR","og_type":"article","og_title":"\u25b6 D\u00e9couvrez nos rangements en bois m\u00e9lamin\u00e9 pour le bureau - Groupe Forma 5","og_description":"D\u00e9couvrez notre meuble de rangement en bois m\u00e9lamin\u00e9 avec portes battantes sign\u00e9 Forma 5 : un rangement de bureau \u00e9l\u00e9gant et durable.","og_url":"https:\/\/test.forma5.com\/fr\/tables-bureaux\/stockage\/rangement-melamine\/","og_site_name":"Forma 5","article_modified_time":"2025-06-04T07:52:31+00:00","og_image":[{"width":800,"height":800,"url":"https:\/\/test.forma5.com\/wp-content\/uploads\/Almacenaje-01.png","type":"image\/png"}],"twitter_card":"summary_large_image","twitter_misc":{"Dur\u00e9e de lecture estim\u00e9e":"1 minute"},"schema":{"@context":"https:\/\/schema.org","@graph":[{"@type":"WebPage","@id":"https:\/\/test.forma5.com\/fr\/tables-bureaux\/stockage\/rangement-melamine\/","url":"https:\/\/test.forma5.com\/fr\/tables-bureaux\/stockage\/rangement-melamine\/","name":"\u25b6 D\u00e9couvrez nos rangements en bois m\u00e9lamin\u00e9 pour le bureau - Groupe Forma 5","isPartOf":{"@id":"https:\/\/test.forma5.com\/fr\/#website"},"primaryImageOfPage":{"@id":"https:\/\/test.forma5.com\/fr\/tables-bureaux\/stockage\/rangement-melamine\/#primaryimage"},"image":{"@id":"https:\/\/test.forma5.com\/fr\/tables-bureaux\/stockage\/rangement-melamine\/#primaryimage"},"thumbnailUrl":"https:\/\/test.forma5.com\/wp-content\/uploads\/Almacenaje-01.png","datePublished":"2024-08-22T06:41:49+00:00","dateModified":"2025-06-04T07:52:31+00:00","description":"D\u00e9couvrez notre meuble de rangement en bois m\u00e9lamin\u00e9 avec portes battantes sign\u00e9 Forma 5 : un rangement de bureau \u00e9l\u00e9gant et durable.","breadcrumb":{"@id":"https:\/\/test.forma5.com\/fr\/tables-bureaux\/stockage\/rangement-melamine\/#breadcrumb"},"inLanguage":"fr-FR","potentialAction":[{"@type":"ReadAction","target":["https:\/\/test.forma5.com\/fr\/tables-bureaux\/stockage\/rangement-melamine\/"]}]},{"@type":"ImageObject","inLanguage":"fr-FR","@id":"https:\/\/test.forma5.com\/fr\/tables-bureaux\/stockage\/rangement-melamine\/#primaryimage","url":"https:\/\/test.forma5.com\/wp-content\/uploads\/Almacenaje-01.png","contentUrl":"https:\/\/test.forma5.com\/wp-content\/uploads\/Almacenaje-01.png","width":800,"height":800},{"@type":"BreadcrumbList","@id":"https:\/\/test.forma5.com\/fr\/tables-bureaux\/stockage\/rangement-melamine\/#breadcrumb","itemListElement":[{"@type":"ListItem","position":1,"name":"Portada","item":"https:\/\/test.forma5.com\/fr\/"},{"@type":"ListItem","position":2,"name":"Productos","item":"https:\/\/test.forma5.com\/shop\/"},{"@type":"ListItem","position":3,"name":"Rangement M\u00e9lamin\u00e9"}]},{"@type":"WebSite","@id":"https:\/\/test.forma5.com\/fr\/#website","url":"https:\/\/test.forma5.com\/fr\/","name":"Forma 5","description":"","publisher":{"@id":"https:\/\/test.forma5.com\/fr\/#organization"},"potentialAction":[{"@type":"SearchAction","target":{"@type":"EntryPoint","urlTemplate":"https:\/\/test.forma5.com\/fr\/?s={search_term_string}"},"query-input":{"@type":"PropertyValueSpecification","valueRequired":true,"valueName":"search_term_string"}}],"inLanguage":"fr-FR"},{"@type":"Organization","@id":"https:\/\/test.forma5.com\/fr\/#organization","name":"Forma 5","url":"https:\/\/test.forma5.com\/fr\/","logo":{"@type":"ImageObject","inLanguage":"fr-FR","@id":"https:\/\/test.forma5.com\/fr\/#\/schema\/logo\/image\/","url":"https:\/\/test.forma5.com\/wp-content\/uploads\/logo.svg","contentUrl":"https:\/\/test.forma5.com\/wp-content\/uploads\/logo.svg","width":169,"height":36,"caption":"Forma 5"},"image":{"@id":"https:\/\/test.forma5.com\/fr\/#\/schema\/logo\/image\/"}}]}},"_links":{"self":[{"href":"https:\/\/test.forma5.com\/fr\/wp-json\/wp\/v2\/product\/5142","targetHints":{"allow":["GET"]}}],"collection":[{"href":"https:\/\/test.forma5.com\/fr\/wp-json\/wp\/v2\/product"}],"about":[{"href":"https:\/\/test.forma5.com\/fr\/wp-json\/wp\/v2\/types\/product"}],"acf:attachment":[{"embeddable":true,"href":"https:\/\/test.forma5.com\/fr\/wp-json\/wp\/v2\/media\/2845"},{"embeddable":true,"href":"https:\/\/test.forma5.com\/fr\/wp-json\/wp\/v2\/media\/2843"},{"embeddable":true,"href":"https:\/\/test.forma5.com\/fr\/wp-json\/wp\/v2\/media\/2841"}],"acf:post":[{"embeddable":true,"href":"https:\/\/test.forma5.com\/fr\/wp-json\/wp\/v2\/disenador\/1024"}],"wp:featuredmedia":[{"embeddable":true,"href":"https:\/\/test.forma5.com\/fr\/wp-json\/wp\/v2\/media\/6754"}],"wp:attachment":[{"href":"https:\/\/test.forma5.com\/fr\/wp-json\/wp\/v2\/media?parent=5142"}],"wp:term":[{"taxonomy":"product_brand","embeddable":true,"href":"https:\/\/test.forma5.com\/fr\/wp-json\/wp\/v2\/product_brand?post=5142"},{"taxonomy":"product_cat","embeddable":true,"href":"https:\/\/test.forma5.com\/fr\/wp-json\/wp\/v2\/product_cat?post=5142"},{"taxonomy":"product_tag","embeddable":true,"href":"https:\/\/test.forma5.com\/fr\/wp-json\/wp\/v2\/product_tag?post=5142"}],"curies":[{"name":"wp","href":"https:\/\/api.w.org\/{rel}","templated":true}]}}