{"id":5114,"date":"2024-08-21T08:37:08","date_gmt":"2024-08-21T06:37:08","guid":{"rendered":"https:\/\/test.forma5.com\/producto\/non%20class\u00e9\/modular-lets-talk\/"},"modified":"2025-06-03T11:53:04","modified_gmt":"2025-06-03T09:53:04","slug":"lets-talk","status":"publish","type":"product","link":"https:\/\/test.forma5.com\/fr\/tables-bureaux\/reunion-conference\/lets-talk\/","title":{"rendered":"Let&rsquo;s Talk"},"content":{"rendered":"<p><span data-sheets-root=\"1\">Conscient de l&rsquo;importance des r\u00e9unions de travail, Let&rsquo;s Talk propose un concept innovant d&rsquo;espaces de r\u00e9union favorisant le travail en \u00e9quipe et l&rsquo;\u00e9mergence d&rsquo;id\u00e9es cr\u00e9atives, deux aspects indispensables \u00e0 l&rsquo;entreprise moderne.<\/span><\/p>\n","protected":false},"excerpt":{"rendered":"<h2><span data-sheets-root=\"1\">Un nouveau concept qui encourage le <em>travail<\/em> <em>d&rsquo;\u00e9quipe<\/em> et les id\u00e9es cr\u00e9atives<\/span><\/h2>\n","protected":false},"featured_media":5116,"template":"","meta":{"_acf_changed":false},"product_brand":[],"product_cat":[143,149],"product_tag":[],"class_list":{"0":"post-5114","1":"product","2":"type-product","3":"status-publish","4":"has-post-thumbnail","6":"product_cat-tables-bureaux","7":"product_cat-reunion-conference","9":"first","10":"instock","11":"shipping-taxable","12":"product-type-simple"},"acf":{"bigger_product_image":"","background-text":"","product_designer":[1040],"inactive_designer_info":{"custom_designer_name":"","custom_designer_image":null},"scene_gallery":[3505,3513,2747,3509],"gallery_bg_color":"#8e8e8e","details_gallery":[{"slide_text":"<span data-sheets-root=\"1\">Un ensemble parfait pour les salles d'attente, les salles de r\u00e9ception, les salles \u00e0 manger, les bureaux, les r\u00e9unions dynamiques ou <strong>les espaces collaboratifs<\/strong>.<\/span>","slide_image":5115},{"slide_text":"<span data-sheets-root=\"1\">Un <strong>atout pour la concentration<\/strong> dans les bureaux \u00e0 aire ouverte.<\/span>","slide_image":2749}],"product_video":{"video_link":"","video_cover":""},"product_downloads_path":"mesas-oficina\/reuniones","product_downloads":[{"select_file_type":"normal","file_type":"catalog","file_type_special":"","file_name":"Lets.pdf","file_customlabel":"Catalogue Lets"},{"select_file_type":"normal","file_type":"technicalFeatures","file_type_special":"","file_name":"_CCTT_Lets_Talk.pdf","file_customlabel":"Caract\u00e9ristiques techniques"},{"select_file_type":"normal","file_type":"images","file_type_special":"","file_name":"04_Let's Talk.zip","file_customlabel":"Images"},{"select_file_type":"normal","file_type":"autocad","file_type_special":"","file_name":"Lets talk.zip","file_customlabel":"G\u00e9om\u00e9trie 3D"},{"select_file_type":"normal","file_type":"revitBim","file_type_special":"","file_name":"LETS_TALK.zip","file_customlabel":"G\u00e9om\u00e9trie Revit\/BIM"}],"grid_image_gallery":null},"yoast_head":"<!-- This site is optimized with the Yoast SEO plugin v25.2 - https:\/\/yoast.com\/wordpress\/plugins\/seo\/ -->\n<title>\u25b6 D\u00e9couvrez \u00ab Let&#039;s Talk \u00bb : nos tables de r\u00e9union pour les bureaux - Groupe Forma 5<\/title>\n<meta name=\"description\" content=\"D\u00e9couvrez notre canap\u00e9 modulaire avec table, en option, pour les bureaux du groupe Forma 5. Une solution flexible et \u00e9l\u00e9gante pour les espaces de travail modernes.\" \/>\n<meta name=\"robots\" content=\"noindex, follow, max-snippet:-1, max-image-preview:large, max-video-preview:-1\" \/>\n<meta property=\"og:locale\" content=\"fr_FR\" \/>\n<meta property=\"og:type\" content=\"article\" \/>\n<meta property=\"og:title\" content=\"\u25b6 D\u00e9couvrez \u00ab Let&#039;s Talk \u00bb : nos tables de r\u00e9union pour les bureaux - Groupe Forma 5\" \/>\n<meta property=\"og:description\" content=\"D\u00e9couvrez notre canap\u00e9 modulaire avec table, en option, pour les bureaux du groupe Forma 5. Une solution flexible et \u00e9l\u00e9gante pour les espaces de travail modernes.\" \/>\n<meta property=\"og:url\" content=\"https:\/\/test.forma5.com\/fr\/tables-bureaux\/reunion-conference\/lets-talk\/\" \/>\n<meta property=\"og:site_name\" content=\"Forma 5\" \/>\n<meta property=\"article:modified_time\" content=\"2025-06-03T09:53:04+00:00\" \/>\n<meta property=\"og:image\" content=\"https:\/\/test.forma5.com\/wp-content\/uploads\/letstalk.webp\" \/>\n\t<meta property=\"og:image:width\" content=\"1200\" \/>\n\t<meta property=\"og:image:height\" content=\"1200\" \/>\n\t<meta property=\"og:image:type\" content=\"image\/webp\" \/>\n<meta name=\"twitter:card\" content=\"summary_large_image\" \/>\n<meta name=\"twitter:label1\" content=\"Dur\u00e9e de lecture estim\u00e9e\" \/>\n\t<meta name=\"twitter:data1\" content=\"1 minute\" \/>\n<script type=\"application\/ld+json\" class=\"yoast-schema-graph\">{\"@context\":\"https:\/\/schema.org\",\"@graph\":[{\"@type\":\"WebPage\",\"@id\":\"https:\/\/test.forma5.com\/fr\/tables-bureaux\/reunion-conference\/lets-talk\/\",\"url\":\"https:\/\/test.forma5.com\/fr\/tables-bureaux\/reunion-conference\/lets-talk\/\",\"name\":\"\u25b6 D\u00e9couvrez \u00ab Let's Talk \u00bb : nos tables de r\u00e9union pour les bureaux - Groupe Forma 5\",\"isPartOf\":{\"@id\":\"https:\/\/test.forma5.com\/fr\/#website\"},\"primaryImageOfPage\":{\"@id\":\"https:\/\/test.forma5.com\/fr\/tables-bureaux\/reunion-conference\/lets-talk\/#primaryimage\"},\"image\":{\"@id\":\"https:\/\/test.forma5.com\/fr\/tables-bureaux\/reunion-conference\/lets-talk\/#primaryimage\"},\"thumbnailUrl\":\"https:\/\/test.forma5.com\/wp-content\/uploads\/letstalk.webp\",\"datePublished\":\"2024-08-21T06:37:08+00:00\",\"dateModified\":\"2025-06-03T09:53:04+00:00\",\"description\":\"D\u00e9couvrez notre canap\u00e9 modulaire avec table, en option, pour les bureaux du groupe Forma 5. Une solution flexible et \u00e9l\u00e9gante pour les espaces de travail modernes.\",\"breadcrumb\":{\"@id\":\"https:\/\/test.forma5.com\/fr\/tables-bureaux\/reunion-conference\/lets-talk\/#breadcrumb\"},\"inLanguage\":\"fr-FR\",\"potentialAction\":[{\"@type\":\"ReadAction\",\"target\":[\"https:\/\/test.forma5.com\/fr\/tables-bureaux\/reunion-conference\/lets-talk\/\"]}]},{\"@type\":\"ImageObject\",\"inLanguage\":\"fr-FR\",\"@id\":\"https:\/\/test.forma5.com\/fr\/tables-bureaux\/reunion-conference\/lets-talk\/#primaryimage\",\"url\":\"https:\/\/test.forma5.com\/wp-content\/uploads\/letstalk.webp\",\"contentUrl\":\"https:\/\/test.forma5.com\/wp-content\/uploads\/letstalk.webp\",\"width\":1200,\"height\":1200},{\"@type\":\"BreadcrumbList\",\"@id\":\"https:\/\/test.forma5.com\/fr\/tables-bureaux\/reunion-conference\/lets-talk\/#breadcrumb\",\"itemListElement\":[{\"@type\":\"ListItem\",\"position\":1,\"name\":\"Portada\",\"item\":\"https:\/\/test.forma5.com\/fr\/\"},{\"@type\":\"ListItem\",\"position\":2,\"name\":\"Productos\",\"item\":\"https:\/\/test.forma5.com\/shop\/\"},{\"@type\":\"ListItem\",\"position\":3,\"name\":\"Let&#8217;s Talk\"}]},{\"@type\":\"WebSite\",\"@id\":\"https:\/\/test.forma5.com\/fr\/#website\",\"url\":\"https:\/\/test.forma5.com\/fr\/\",\"name\":\"Forma 5\",\"description\":\"\",\"publisher\":{\"@id\":\"https:\/\/test.forma5.com\/fr\/#organization\"},\"potentialAction\":[{\"@type\":\"SearchAction\",\"target\":{\"@type\":\"EntryPoint\",\"urlTemplate\":\"https:\/\/test.forma5.com\/fr\/?s={search_term_string}\"},\"query-input\":{\"@type\":\"PropertyValueSpecification\",\"valueRequired\":true,\"valueName\":\"search_term_string\"}}],\"inLanguage\":\"fr-FR\"},{\"@type\":\"Organization\",\"@id\":\"https:\/\/test.forma5.com\/fr\/#organization\",\"name\":\"Forma 5\",\"url\":\"https:\/\/test.forma5.com\/fr\/\",\"logo\":{\"@type\":\"ImageObject\",\"inLanguage\":\"fr-FR\",\"@id\":\"https:\/\/test.forma5.com\/fr\/#\/schema\/logo\/image\/\",\"url\":\"https:\/\/test.forma5.com\/wp-content\/uploads\/logo.svg\",\"contentUrl\":\"https:\/\/test.forma5.com\/wp-content\/uploads\/logo.svg\",\"width\":169,\"height\":36,\"caption\":\"Forma 5\"},\"image\":{\"@id\":\"https:\/\/test.forma5.com\/fr\/#\/schema\/logo\/image\/\"}}]}<\/script>\n<!-- \/ Yoast SEO plugin. -->","yoast_head_json":{"title":"\u25b6 D\u00e9couvrez \u00ab Let's Talk \u00bb : nos tables de r\u00e9union pour les bureaux - Groupe Forma 5","description":"D\u00e9couvrez notre canap\u00e9 modulaire avec table, en option, pour les bureaux du groupe Forma 5. Une solution flexible et \u00e9l\u00e9gante pour les espaces de travail modernes.","robots":{"index":"noindex","follow":"follow","max-snippet":"max-snippet:-1","max-image-preview":"max-image-preview:large","max-video-preview":"max-video-preview:-1"},"og_locale":"fr_FR","og_type":"article","og_title":"\u25b6 D\u00e9couvrez \u00ab Let's Talk \u00bb : nos tables de r\u00e9union pour les bureaux - Groupe Forma 5","og_description":"D\u00e9couvrez notre canap\u00e9 modulaire avec table, en option, pour les bureaux du groupe Forma 5. Une solution flexible et \u00e9l\u00e9gante pour les espaces de travail modernes.","og_url":"https:\/\/test.forma5.com\/fr\/tables-bureaux\/reunion-conference\/lets-talk\/","og_site_name":"Forma 5","article_modified_time":"2025-06-03T09:53:04+00:00","og_image":[{"width":1200,"height":1200,"url":"https:\/\/test.forma5.com\/wp-content\/uploads\/letstalk.webp","type":"image\/webp"}],"twitter_card":"summary_large_image","twitter_misc":{"Dur\u00e9e de lecture estim\u00e9e":"1 minute"},"schema":{"@context":"https:\/\/schema.org","@graph":[{"@type":"WebPage","@id":"https:\/\/test.forma5.com\/fr\/tables-bureaux\/reunion-conference\/lets-talk\/","url":"https:\/\/test.forma5.com\/fr\/tables-bureaux\/reunion-conference\/lets-talk\/","name":"\u25b6 D\u00e9couvrez \u00ab Let's Talk \u00bb : nos tables de r\u00e9union pour les bureaux - Groupe Forma 5","isPartOf":{"@id":"https:\/\/test.forma5.com\/fr\/#website"},"primaryImageOfPage":{"@id":"https:\/\/test.forma5.com\/fr\/tables-bureaux\/reunion-conference\/lets-talk\/#primaryimage"},"image":{"@id":"https:\/\/test.forma5.com\/fr\/tables-bureaux\/reunion-conference\/lets-talk\/#primaryimage"},"thumbnailUrl":"https:\/\/test.forma5.com\/wp-content\/uploads\/letstalk.webp","datePublished":"2024-08-21T06:37:08+00:00","dateModified":"2025-06-03T09:53:04+00:00","description":"D\u00e9couvrez notre canap\u00e9 modulaire avec table, en option, pour les bureaux du groupe Forma 5. Une solution flexible et \u00e9l\u00e9gante pour les espaces de travail modernes.","breadcrumb":{"@id":"https:\/\/test.forma5.com\/fr\/tables-bureaux\/reunion-conference\/lets-talk\/#breadcrumb"},"inLanguage":"fr-FR","potentialAction":[{"@type":"ReadAction","target":["https:\/\/test.forma5.com\/fr\/tables-bureaux\/reunion-conference\/lets-talk\/"]}]},{"@type":"ImageObject","inLanguage":"fr-FR","@id":"https:\/\/test.forma5.com\/fr\/tables-bureaux\/reunion-conference\/lets-talk\/#primaryimage","url":"https:\/\/test.forma5.com\/wp-content\/uploads\/letstalk.webp","contentUrl":"https:\/\/test.forma5.com\/wp-content\/uploads\/letstalk.webp","width":1200,"height":1200},{"@type":"BreadcrumbList","@id":"https:\/\/test.forma5.com\/fr\/tables-bureaux\/reunion-conference\/lets-talk\/#breadcrumb","itemListElement":[{"@type":"ListItem","position":1,"name":"Portada","item":"https:\/\/test.forma5.com\/fr\/"},{"@type":"ListItem","position":2,"name":"Productos","item":"https:\/\/test.forma5.com\/shop\/"},{"@type":"ListItem","position":3,"name":"Let&#8217;s Talk"}]},{"@type":"WebSite","@id":"https:\/\/test.forma5.com\/fr\/#website","url":"https:\/\/test.forma5.com\/fr\/","name":"Forma 5","description":"","publisher":{"@id":"https:\/\/test.forma5.com\/fr\/#organization"},"potentialAction":[{"@type":"SearchAction","target":{"@type":"EntryPoint","urlTemplate":"https:\/\/test.forma5.com\/fr\/?s={search_term_string}"},"query-input":{"@type":"PropertyValueSpecification","valueRequired":true,"valueName":"search_term_string"}}],"inLanguage":"fr-FR"},{"@type":"Organization","@id":"https:\/\/test.forma5.com\/fr\/#organization","name":"Forma 5","url":"https:\/\/test.forma5.com\/fr\/","logo":{"@type":"ImageObject","inLanguage":"fr-FR","@id":"https:\/\/test.forma5.com\/fr\/#\/schema\/logo\/image\/","url":"https:\/\/test.forma5.com\/wp-content\/uploads\/logo.svg","contentUrl":"https:\/\/test.forma5.com\/wp-content\/uploads\/logo.svg","width":169,"height":36,"caption":"Forma 5"},"image":{"@id":"https:\/\/test.forma5.com\/fr\/#\/schema\/logo\/image\/"}}]}},"_links":{"self":[{"href":"https:\/\/test.forma5.com\/fr\/wp-json\/wp\/v2\/product\/5114","targetHints":{"allow":["GET"]}}],"collection":[{"href":"https:\/\/test.forma5.com\/fr\/wp-json\/wp\/v2\/product"}],"about":[{"href":"https:\/\/test.forma5.com\/fr\/wp-json\/wp\/v2\/types\/product"}],"acf:attachment":[{"embeddable":true,"href":"https:\/\/test.forma5.com\/fr\/wp-json\/wp\/v2\/media\/3509"},{"embeddable":true,"href":"https:\/\/test.forma5.com\/fr\/wp-json\/wp\/v2\/media\/2747"},{"embeddable":true,"href":"https:\/\/test.forma5.com\/fr\/wp-json\/wp\/v2\/media\/3513"},{"embeddable":true,"href":"https:\/\/test.forma5.com\/fr\/wp-json\/wp\/v2\/media\/3505"}],"acf:post":[{"embeddable":true,"href":"https:\/\/test.forma5.com\/fr\/wp-json\/wp\/v2\/disenador\/1040"}],"wp:featuredmedia":[{"embeddable":true,"href":"https:\/\/test.forma5.com\/fr\/wp-json\/wp\/v2\/media\/5116"}],"wp:attachment":[{"href":"https:\/\/test.forma5.com\/fr\/wp-json\/wp\/v2\/media?parent=5114"}],"wp:term":[{"taxonomy":"product_brand","embeddable":true,"href":"https:\/\/test.forma5.com\/fr\/wp-json\/wp\/v2\/product_brand?post=5114"},{"taxonomy":"product_cat","embeddable":true,"href":"https:\/\/test.forma5.com\/fr\/wp-json\/wp\/v2\/product_cat?post=5114"},{"taxonomy":"product_tag","embeddable":true,"href":"https:\/\/test.forma5.com\/fr\/wp-json\/wp\/v2\/product_tag?post=5114"}],"curies":[{"name":"wp","href":"https:\/\/api.w.org\/{rel}","templated":true}]}}