{"id":5060,"date":"2024-08-20T09:44:40","date_gmt":"2024-08-20T07:44:40","guid":{"rendered":"https:\/\/test.forma5.com\/producto\/non%20class\u00e9\/sala-juntas-drone\/"},"modified":"2025-06-03T12:33:44","modified_gmt":"2025-06-03T10:33:44","slug":"drone","status":"publish","type":"product","link":"https:\/\/test.forma5.com\/fr\/tables-bureaux\/reunion-conference\/drone\/","title":{"rendered":"Drone"},"content":{"rendered":"<p><span data-sheets-root=\"1\">La famille de tables de r\u00e9union Drone se caract\u00e9rise par un design attrayant et des mat\u00e9riaux de haute qualit\u00e9. Cette s\u00e9rie offre un large \u00e9ventail de configurations, avec diff\u00e9rentes dimensions, options d&rsquo;\u00e9lectrification, formes de plateaux et extensions. C&rsquo;est une table con\u00e7ue pour s&rsquo;adapter aux espaces de r\u00e9union les plus exigeants.<\/span><\/p>\n","protected":false},"excerpt":{"rendered":"<h2><span data-sheets-root=\"1\">Tables de r\u00e9union au <em>design attrayant<\/em> et aux <em>mat\u00e9riaux nobles<\/em><\/span><\/h2>\n","protected":false},"featured_media":5062,"template":"","meta":{"_acf_changed":false},"product_brand":[],"product_cat":[143,149],"product_tag":[],"class_list":{"0":"post-5060","1":"product","2":"type-product","3":"status-publish","4":"has-post-thumbnail","6":"product_cat-tables-bureaux","7":"product_cat-reunion-conference","9":"first","10":"instock","11":"shipping-taxable","12":"product-type-simple"},"acf":{"bigger_product_image":"","background-text":"","product_designer":[1040],"inactive_designer_info":{"custom_designer_name":"","custom_designer_image":null},"scene_gallery":[3477,3479,3481,3483,3485,3487],"gallery_bg_color":"#8e8e8e","details_gallery":[{"slide_text":"<span data-sheets-root=\"1\">Le <strong>design, la gamme et la fonctionnalit\u00e9<\/strong> du drone ont un impact int\u00e9gratif sur les espaces, cr\u00e9ant ainsi des environnements harmonieux qui favorisent une communication fluide.<\/span>","slide_image":3433},{"slide_text":"<span data-sheets-root=\"1\">Gr\u00e2ce \u00e0 la grande vari\u00e9t\u00e9 de configurations et \u00e0 la qualit\u00e9 des mat\u00e9riaux utilis\u00e9s, Drone <strong>s'adapte aux espaces de r\u00e9union les plus exigeants.<\/strong><\/span>","slide_image":3431}],"product_video":{"video_link":"","video_cover":""},"product_downloads_path":"mesas-oficina\/reuniones","product_downloads":[{"select_file_type":"normal","file_type":"catalog","file_type_special":"","file_name":"C_Drone.pdf","file_customlabel":"Catalogue"},{"select_file_type":"normal","file_type":"technicalFeatures","file_type_special":"","file_name":"_CCTT_Drone.pdf","file_customlabel":"Caract\u00e9ristiques techniques"},{"select_file_type":"normal","file_type":"images","file_type_special":"","file_name":"01_Drone.zip","file_customlabel":"Images"},{"select_file_type":"normal","file_type":"productCertificate","file_type_special":"","file_name":"DRONE_rev02_Firmado.pdf","file_customlabel":"Certificat de produit"},{"select_file_type":"normal","file_type":"autocad","file_type_special":"","file_name":"Drone.zip","file_customlabel":"G\u00e9om\u00e9trie 3D"},{"select_file_type":"normal","file_type":"revitBim","file_type_special":"","file_name":"DRONE.zip","file_customlabel":"Revit\/BIM"}],"grid_image_gallery":null},"yoast_head":"<!-- This site is optimized with the Yoast SEO plugin v25.2 - https:\/\/yoast.com\/wordpress\/plugins\/seo\/ -->\n<title>\u25b6 D\u00e9couvrez \u00ab Drone \u00bb : nos tables de r\u00e9union et de conf\u00e9rence - Groupe Forma 5<\/title>\n<meta name=\"description\" content=\"D\u00e9couvrez \u00ab Drone \u00bb : nos tables de r\u00e9union et de conf\u00e9rence du groupe Forma 5. \u00c9l\u00e9gance et technologie pour vos r\u00e9unions de bureau.\" \/>\n<meta name=\"robots\" content=\"noindex, follow, max-snippet:-1, max-image-preview:large, max-video-preview:-1\" \/>\n<meta property=\"og:locale\" content=\"fr_FR\" \/>\n<meta property=\"og:type\" content=\"article\" \/>\n<meta property=\"og:title\" content=\"\u25b6 D\u00e9couvrez \u00ab Drone \u00bb : nos tables de r\u00e9union et de conf\u00e9rence - Groupe Forma 5\" \/>\n<meta property=\"og:description\" content=\"D\u00e9couvrez \u00ab Drone \u00bb : nos tables de r\u00e9union et de conf\u00e9rence du groupe Forma 5. \u00c9l\u00e9gance et technologie pour vos r\u00e9unions de bureau.\" \/>\n<meta property=\"og:url\" content=\"https:\/\/test.forma5.com\/fr\/tables-bureaux\/reunion-conference\/drone\/\" \/>\n<meta property=\"og:site_name\" content=\"Forma 5\" \/>\n<meta property=\"article:modified_time\" content=\"2025-06-03T10:33:44+00:00\" \/>\n<meta property=\"og:image\" content=\"https:\/\/test.forma5.com\/wp-content\/uploads\/drone-collaboration-meeting-table-offices-furniture.webp\" \/>\n\t<meta property=\"og:image:width\" content=\"800\" \/>\n\t<meta property=\"og:image:height\" content=\"800\" \/>\n\t<meta property=\"og:image:type\" content=\"image\/webp\" \/>\n<meta name=\"twitter:card\" content=\"summary_large_image\" \/>\n<meta name=\"twitter:label1\" content=\"Dur\u00e9e de lecture estim\u00e9e\" \/>\n\t<meta name=\"twitter:data1\" content=\"1 minute\" \/>\n<script type=\"application\/ld+json\" class=\"yoast-schema-graph\">{\"@context\":\"https:\/\/schema.org\",\"@graph\":[{\"@type\":\"WebPage\",\"@id\":\"https:\/\/test.forma5.com\/fr\/tables-bureaux\/reunion-conference\/drone\/\",\"url\":\"https:\/\/test.forma5.com\/fr\/tables-bureaux\/reunion-conference\/drone\/\",\"name\":\"\u25b6 D\u00e9couvrez \u00ab Drone \u00bb : nos tables de r\u00e9union et de conf\u00e9rence - Groupe Forma 5\",\"isPartOf\":{\"@id\":\"https:\/\/test.forma5.com\/fr\/#website\"},\"primaryImageOfPage\":{\"@id\":\"https:\/\/test.forma5.com\/fr\/tables-bureaux\/reunion-conference\/drone\/#primaryimage\"},\"image\":{\"@id\":\"https:\/\/test.forma5.com\/fr\/tables-bureaux\/reunion-conference\/drone\/#primaryimage\"},\"thumbnailUrl\":\"https:\/\/test.forma5.com\/wp-content\/uploads\/drone-collaboration-meeting-table-offices-furniture.webp\",\"datePublished\":\"2024-08-20T07:44:40+00:00\",\"dateModified\":\"2025-06-03T10:33:44+00:00\",\"description\":\"D\u00e9couvrez \u00ab Drone \u00bb : nos tables de r\u00e9union et de conf\u00e9rence du groupe Forma 5. \u00c9l\u00e9gance et technologie pour vos r\u00e9unions de bureau.\",\"breadcrumb\":{\"@id\":\"https:\/\/test.forma5.com\/fr\/tables-bureaux\/reunion-conference\/drone\/#breadcrumb\"},\"inLanguage\":\"fr-FR\",\"potentialAction\":[{\"@type\":\"ReadAction\",\"target\":[\"https:\/\/test.forma5.com\/fr\/tables-bureaux\/reunion-conference\/drone\/\"]}]},{\"@type\":\"ImageObject\",\"inLanguage\":\"fr-FR\",\"@id\":\"https:\/\/test.forma5.com\/fr\/tables-bureaux\/reunion-conference\/drone\/#primaryimage\",\"url\":\"https:\/\/test.forma5.com\/wp-content\/uploads\/drone-collaboration-meeting-table-offices-furniture.webp\",\"contentUrl\":\"https:\/\/test.forma5.com\/wp-content\/uploads\/drone-collaboration-meeting-table-offices-furniture.webp\",\"width\":800,\"height\":800},{\"@type\":\"BreadcrumbList\",\"@id\":\"https:\/\/test.forma5.com\/fr\/tables-bureaux\/reunion-conference\/drone\/#breadcrumb\",\"itemListElement\":[{\"@type\":\"ListItem\",\"position\":1,\"name\":\"Portada\",\"item\":\"https:\/\/test.forma5.com\/fr\/\"},{\"@type\":\"ListItem\",\"position\":2,\"name\":\"Productos\",\"item\":\"https:\/\/test.forma5.com\/shop\/\"},{\"@type\":\"ListItem\",\"position\":3,\"name\":\"Drone\"}]},{\"@type\":\"WebSite\",\"@id\":\"https:\/\/test.forma5.com\/fr\/#website\",\"url\":\"https:\/\/test.forma5.com\/fr\/\",\"name\":\"Forma 5\",\"description\":\"\",\"publisher\":{\"@id\":\"https:\/\/test.forma5.com\/fr\/#organization\"},\"potentialAction\":[{\"@type\":\"SearchAction\",\"target\":{\"@type\":\"EntryPoint\",\"urlTemplate\":\"https:\/\/test.forma5.com\/fr\/?s={search_term_string}\"},\"query-input\":{\"@type\":\"PropertyValueSpecification\",\"valueRequired\":true,\"valueName\":\"search_term_string\"}}],\"inLanguage\":\"fr-FR\"},{\"@type\":\"Organization\",\"@id\":\"https:\/\/test.forma5.com\/fr\/#organization\",\"name\":\"Forma 5\",\"url\":\"https:\/\/test.forma5.com\/fr\/\",\"logo\":{\"@type\":\"ImageObject\",\"inLanguage\":\"fr-FR\",\"@id\":\"https:\/\/test.forma5.com\/fr\/#\/schema\/logo\/image\/\",\"url\":\"https:\/\/test.forma5.com\/wp-content\/uploads\/logo.svg\",\"contentUrl\":\"https:\/\/test.forma5.com\/wp-content\/uploads\/logo.svg\",\"width\":169,\"height\":36,\"caption\":\"Forma 5\"},\"image\":{\"@id\":\"https:\/\/test.forma5.com\/fr\/#\/schema\/logo\/image\/\"}}]}<\/script>\n<!-- \/ Yoast SEO plugin. -->","yoast_head_json":{"title":"\u25b6 D\u00e9couvrez \u00ab Drone \u00bb : nos tables de r\u00e9union et de conf\u00e9rence - Groupe Forma 5","description":"D\u00e9couvrez \u00ab Drone \u00bb : nos tables de r\u00e9union et de conf\u00e9rence du groupe Forma 5. \u00c9l\u00e9gance et technologie pour vos r\u00e9unions de bureau.","robots":{"index":"noindex","follow":"follow","max-snippet":"max-snippet:-1","max-image-preview":"max-image-preview:large","max-video-preview":"max-video-preview:-1"},"og_locale":"fr_FR","og_type":"article","og_title":"\u25b6 D\u00e9couvrez \u00ab Drone \u00bb : nos tables de r\u00e9union et de conf\u00e9rence - Groupe Forma 5","og_description":"D\u00e9couvrez \u00ab Drone \u00bb : nos tables de r\u00e9union et de conf\u00e9rence du groupe Forma 5. \u00c9l\u00e9gance et technologie pour vos r\u00e9unions de bureau.","og_url":"https:\/\/test.forma5.com\/fr\/tables-bureaux\/reunion-conference\/drone\/","og_site_name":"Forma 5","article_modified_time":"2025-06-03T10:33:44+00:00","og_image":[{"width":800,"height":800,"url":"https:\/\/test.forma5.com\/wp-content\/uploads\/drone-collaboration-meeting-table-offices-furniture.webp","type":"image\/webp"}],"twitter_card":"summary_large_image","twitter_misc":{"Dur\u00e9e de lecture estim\u00e9e":"1 minute"},"schema":{"@context":"https:\/\/schema.org","@graph":[{"@type":"WebPage","@id":"https:\/\/test.forma5.com\/fr\/tables-bureaux\/reunion-conference\/drone\/","url":"https:\/\/test.forma5.com\/fr\/tables-bureaux\/reunion-conference\/drone\/","name":"\u25b6 D\u00e9couvrez \u00ab Drone \u00bb : nos tables de r\u00e9union et de conf\u00e9rence - Groupe Forma 5","isPartOf":{"@id":"https:\/\/test.forma5.com\/fr\/#website"},"primaryImageOfPage":{"@id":"https:\/\/test.forma5.com\/fr\/tables-bureaux\/reunion-conference\/drone\/#primaryimage"},"image":{"@id":"https:\/\/test.forma5.com\/fr\/tables-bureaux\/reunion-conference\/drone\/#primaryimage"},"thumbnailUrl":"https:\/\/test.forma5.com\/wp-content\/uploads\/drone-collaboration-meeting-table-offices-furniture.webp","datePublished":"2024-08-20T07:44:40+00:00","dateModified":"2025-06-03T10:33:44+00:00","description":"D\u00e9couvrez \u00ab Drone \u00bb : nos tables de r\u00e9union et de conf\u00e9rence du groupe Forma 5. \u00c9l\u00e9gance et technologie pour vos r\u00e9unions de bureau.","breadcrumb":{"@id":"https:\/\/test.forma5.com\/fr\/tables-bureaux\/reunion-conference\/drone\/#breadcrumb"},"inLanguage":"fr-FR","potentialAction":[{"@type":"ReadAction","target":["https:\/\/test.forma5.com\/fr\/tables-bureaux\/reunion-conference\/drone\/"]}]},{"@type":"ImageObject","inLanguage":"fr-FR","@id":"https:\/\/test.forma5.com\/fr\/tables-bureaux\/reunion-conference\/drone\/#primaryimage","url":"https:\/\/test.forma5.com\/wp-content\/uploads\/drone-collaboration-meeting-table-offices-furniture.webp","contentUrl":"https:\/\/test.forma5.com\/wp-content\/uploads\/drone-collaboration-meeting-table-offices-furniture.webp","width":800,"height":800},{"@type":"BreadcrumbList","@id":"https:\/\/test.forma5.com\/fr\/tables-bureaux\/reunion-conference\/drone\/#breadcrumb","itemListElement":[{"@type":"ListItem","position":1,"name":"Portada","item":"https:\/\/test.forma5.com\/fr\/"},{"@type":"ListItem","position":2,"name":"Productos","item":"https:\/\/test.forma5.com\/shop\/"},{"@type":"ListItem","position":3,"name":"Drone"}]},{"@type":"WebSite","@id":"https:\/\/test.forma5.com\/fr\/#website","url":"https:\/\/test.forma5.com\/fr\/","name":"Forma 5","description":"","publisher":{"@id":"https:\/\/test.forma5.com\/fr\/#organization"},"potentialAction":[{"@type":"SearchAction","target":{"@type":"EntryPoint","urlTemplate":"https:\/\/test.forma5.com\/fr\/?s={search_term_string}"},"query-input":{"@type":"PropertyValueSpecification","valueRequired":true,"valueName":"search_term_string"}}],"inLanguage":"fr-FR"},{"@type":"Organization","@id":"https:\/\/test.forma5.com\/fr\/#organization","name":"Forma 5","url":"https:\/\/test.forma5.com\/fr\/","logo":{"@type":"ImageObject","inLanguage":"fr-FR","@id":"https:\/\/test.forma5.com\/fr\/#\/schema\/logo\/image\/","url":"https:\/\/test.forma5.com\/wp-content\/uploads\/logo.svg","contentUrl":"https:\/\/test.forma5.com\/wp-content\/uploads\/logo.svg","width":169,"height":36,"caption":"Forma 5"},"image":{"@id":"https:\/\/test.forma5.com\/fr\/#\/schema\/logo\/image\/"}}]}},"_links":{"self":[{"href":"https:\/\/test.forma5.com\/fr\/wp-json\/wp\/v2\/product\/5060","targetHints":{"allow":["GET"]}}],"collection":[{"href":"https:\/\/test.forma5.com\/fr\/wp-json\/wp\/v2\/product"}],"about":[{"href":"https:\/\/test.forma5.com\/fr\/wp-json\/wp\/v2\/types\/product"}],"acf:attachment":[{"embeddable":true,"href":"https:\/\/test.forma5.com\/fr\/wp-json\/wp\/v2\/media\/3487"},{"embeddable":true,"href":"https:\/\/test.forma5.com\/fr\/wp-json\/wp\/v2\/media\/3485"},{"embeddable":true,"href":"https:\/\/test.forma5.com\/fr\/wp-json\/wp\/v2\/media\/3483"},{"embeddable":true,"href":"https:\/\/test.forma5.com\/fr\/wp-json\/wp\/v2\/media\/3481"},{"embeddable":true,"href":"https:\/\/test.forma5.com\/fr\/wp-json\/wp\/v2\/media\/3479"},{"embeddable":true,"href":"https:\/\/test.forma5.com\/fr\/wp-json\/wp\/v2\/media\/3477"}],"acf:post":[{"embeddable":true,"href":"https:\/\/test.forma5.com\/fr\/wp-json\/wp\/v2\/disenador\/1040"}],"wp:featuredmedia":[{"embeddable":true,"href":"https:\/\/test.forma5.com\/fr\/wp-json\/wp\/v2\/media\/5062"}],"wp:attachment":[{"href":"https:\/\/test.forma5.com\/fr\/wp-json\/wp\/v2\/media?parent=5060"}],"wp:term":[{"taxonomy":"product_brand","embeddable":true,"href":"https:\/\/test.forma5.com\/fr\/wp-json\/wp\/v2\/product_brand?post=5060"},{"taxonomy":"product_cat","embeddable":true,"href":"https:\/\/test.forma5.com\/fr\/wp-json\/wp\/v2\/product_cat?post=5060"},{"taxonomy":"product_tag","embeddable":true,"href":"https:\/\/test.forma5.com\/fr\/wp-json\/wp\/v2\/product_tag?post=5060"}],"curies":[{"name":"wp","href":"https:\/\/api.w.org\/{rel}","templated":true}]}}