{"id":5055,"date":"2024-08-20T09:02:13","date_gmt":"2024-08-20T07:02:13","guid":{"rendered":"https:\/\/test.forma5.com\/producto\/non%20class\u00e9\/mostrador-recepcion\/"},"modified":"2025-02-27T12:48:43","modified_gmt":"2025-02-27T11:48:43","slug":"v30-2","status":"publish","type":"product","link":"https:\/\/test.forma5.com\/fr\/tables-bureaux\/reception-salle-dattente\/v30\/","title":{"rendered":"Reception Counter"},"content":{"rendered":"<div class=\"woocommerce-product-details__short-description\">\n<p><span data-sheets-root=\"1\">Un nouveau client, candidat, fournisseur ou consultant repr\u00e9sente une opportunit\u00e9 cl\u00e9 pour l&rsquo;entreprise, et la premi\u00e8re impression visuelle peut avoir un impact durable sur les relations futures. C&rsquo;est pourquoi l&rsquo;am\u00e9nagement de l&rsquo;espace d&rsquo;accueil est essentiel. Il s&rsquo;agit d&rsquo;un lieu o\u00f9 les besoins en mati\u00e8re d&rsquo;administration, de service \u00e0 la client\u00e8le, de stockage, d&rsquo;organisation ou de pr\u00e9sentation sont particuli\u00e8rement importants.<\/span><\/p>\n<\/div>\n","protected":false},"excerpt":{"rendered":"<h2>La premi\u00e8re impression d&rsquo;une entreprise a un <em>impact durable sur son image<\/em><\/h2>\n","protected":false},"featured_media":5057,"template":"","meta":{"_acf_changed":false},"product_brand":[],"product_cat":[143,145],"product_tag":[],"class_list":{"0":"post-5055","1":"product","2":"type-product","3":"status-publish","4":"has-post-thumbnail","6":"product_cat-tables-bureaux","7":"product_cat-reception-salle-dattente","9":"first","10":"instock","11":"shipping-taxable","12":"product-type-simple"},"acf":{"bigger_product_image":["isBigger"],"background-text":"Reception","product_designer":[1042,1029],"inactive_designer_info":{"custom_designer_name":"","custom_designer_image":null},"scene_gallery":[2918,2920],"gallery_bg_color":"#777777","details_gallery":[{"slide_text":"<div class=\"wpb_column vc_column_container vc_col-sm-6 vc_col-has-fill\">\r\n<div class=\"vc_column-inner vc_custom_1441118897821\">\r\n<div class=\"wpb_wrapper\">\r\n<div class=\"wpb_text_column wpb_content_element vc_custom_1461151522354 blancojones\">\r\n<div class=\"wpb_wrapper\">\r\n<div class=\"box\">\r\n<div class=\"contenido\">\r\n<p class=\"desta\"><span style=\"font-size: inherit; font-family: -apple-system, system-ui, BlinkMacSystemFont, 'Segoe UI', Helvetica, Arial, sans-serif, 'Apple Color Emoji', 'Segoe UI Emoji', 'Segoe UI Symbol';\"><span data-sheets-root=\"1\">La premi\u00e8re impression <strong>visuelle de votre entreprise<\/strong> et de sa pr\u00e9sence publique.<\/span><\/span><\/p>\r\n\r\n<\/div>\r\n<\/div>\r\n<\/div>\r\n<\/div>\r\n<\/div>\r\n<\/div>\r\n<\/div>","slide_image":2916},{"slide_text":"<strong>Un <\/strong><span data-sheets-root=\"1\"><strong> impact qui se prolonge<\/strong> dans les relations futures.<\/span>","slide_image":2922}],"product_video":{"video_link":"","video_cover":""},"product_downloads_path":"mesas-oficina\/recepcion","product_downloads":[{"select_file_type":"normal","file_type":"catalog","file_type_special":"","file_name":"F_Recepcion.pdf","file_customlabel":"Catalogue Reception"},{"select_file_type":"normal","file_type":"technicalFeatures","file_type_special":"","file_name":"_CCTT_Mostradores.pdf","file_customlabel":"Caract\u00e9ristiques techniques"},{"select_file_type":"normal","file_type":"images","file_type_special":"","file_name":"01_Mostrador Recepcion.zip","file_customlabel":"Images"},{"select_file_type":"normal","file_type":"autocad","file_type_special":"","file_name":"Mostradores.zip","file_customlabel":"G\u00e9om\u00e9trie 3D"},{"select_file_type":"normal","file_type":"revitBim","file_type_special":"","file_name":"RECEPTION-COUNTERS.zip","file_customlabel":"G\u00e9om\u00e9trie Revit\/BIM"}],"grid_image_gallery":null},"yoast_head":"<!-- This site is optimized with the Yoast SEO plugin v25.2 - https:\/\/yoast.com\/wordpress\/plugins\/seo\/ -->\n<title>\u25b6 Comptoir d&#039;accueil pour salle d&#039;attente de bureau - Groupe Forma 5<\/title>\n<meta name=\"description\" content=\"D\u00e9couvrez notre comptoir d&#039;accueil pour les salles d&#039;attente des bureaux du groupe Forma 5 : un design fonctionnel et \u00e9l\u00e9gant pour votre espace.\" \/>\n<meta name=\"robots\" content=\"noindex, follow, max-snippet:-1, max-image-preview:large, max-video-preview:-1\" \/>\n<meta property=\"og:locale\" content=\"fr_FR\" \/>\n<meta property=\"og:type\" content=\"article\" \/>\n<meta property=\"og:title\" content=\"\u25b6 Comptoir d&#039;accueil pour salle d&#039;attente de bureau - Groupe Forma 5\" \/>\n<meta property=\"og:description\" content=\"D\u00e9couvrez notre comptoir d&#039;accueil pour les salles d&#039;attente des bureaux du groupe Forma 5 : un design fonctionnel et \u00e9l\u00e9gant pour votre espace.\" \/>\n<meta property=\"og:url\" content=\"https:\/\/test.forma5.com\/fr\/tables-bureaux\/reception-salle-dattente\/v30\/\" \/>\n<meta property=\"og:site_name\" content=\"Forma 5\" \/>\n<meta property=\"article:modified_time\" content=\"2025-02-27T11:48:43+00:00\" \/>\n<meta property=\"og:image\" content=\"https:\/\/test.forma5.com\/wp-content\/uploads\/recepcion.webp\" \/>\n\t<meta property=\"og:image:width\" content=\"1200\" \/>\n\t<meta property=\"og:image:height\" content=\"1200\" \/>\n\t<meta property=\"og:image:type\" content=\"image\/webp\" \/>\n<meta name=\"twitter:card\" content=\"summary_large_image\" \/>\n<meta name=\"twitter:label1\" content=\"Dur\u00e9e de lecture estim\u00e9e\" \/>\n\t<meta name=\"twitter:data1\" content=\"1 minute\" \/>\n<script type=\"application\/ld+json\" class=\"yoast-schema-graph\">{\"@context\":\"https:\/\/schema.org\",\"@graph\":[{\"@type\":\"WebPage\",\"@id\":\"https:\/\/test.forma5.com\/fr\/tables-bureaux\/reception-salle-dattente\/v30\/\",\"url\":\"https:\/\/test.forma5.com\/fr\/tables-bureaux\/reception-salle-dattente\/v30\/\",\"name\":\"\u25b6 Comptoir d'accueil pour salle d'attente de bureau - Groupe Forma 5\",\"isPartOf\":{\"@id\":\"https:\/\/test.forma5.com\/fr\/#website\"},\"primaryImageOfPage\":{\"@id\":\"https:\/\/test.forma5.com\/fr\/tables-bureaux\/reception-salle-dattente\/v30\/#primaryimage\"},\"image\":{\"@id\":\"https:\/\/test.forma5.com\/fr\/tables-bureaux\/reception-salle-dattente\/v30\/#primaryimage\"},\"thumbnailUrl\":\"https:\/\/test.forma5.com\/wp-content\/uploads\/recepcion.webp\",\"datePublished\":\"2024-08-20T07:02:13+00:00\",\"dateModified\":\"2025-02-27T11:48:43+00:00\",\"description\":\"D\u00e9couvrez notre comptoir d'accueil pour les salles d'attente des bureaux du groupe Forma 5 : un design fonctionnel et \u00e9l\u00e9gant pour votre espace.\",\"breadcrumb\":{\"@id\":\"https:\/\/test.forma5.com\/fr\/tables-bureaux\/reception-salle-dattente\/v30\/#breadcrumb\"},\"inLanguage\":\"fr-FR\",\"potentialAction\":[{\"@type\":\"ReadAction\",\"target\":[\"https:\/\/test.forma5.com\/fr\/tables-bureaux\/reception-salle-dattente\/v30\/\"]}]},{\"@type\":\"ImageObject\",\"inLanguage\":\"fr-FR\",\"@id\":\"https:\/\/test.forma5.com\/fr\/tables-bureaux\/reception-salle-dattente\/v30\/#primaryimage\",\"url\":\"https:\/\/test.forma5.com\/wp-content\/uploads\/recepcion.webp\",\"contentUrl\":\"https:\/\/test.forma5.com\/wp-content\/uploads\/recepcion.webp\",\"width\":1200,\"height\":1200},{\"@type\":\"BreadcrumbList\",\"@id\":\"https:\/\/test.forma5.com\/fr\/tables-bureaux\/reception-salle-dattente\/v30\/#breadcrumb\",\"itemListElement\":[{\"@type\":\"ListItem\",\"position\":1,\"name\":\"Portada\",\"item\":\"https:\/\/test.forma5.com\/fr\/\"},{\"@type\":\"ListItem\",\"position\":2,\"name\":\"Productos\",\"item\":\"https:\/\/test.forma5.com\/shop\/\"},{\"@type\":\"ListItem\",\"position\":3,\"name\":\"Reception Counter\"}]},{\"@type\":\"WebSite\",\"@id\":\"https:\/\/test.forma5.com\/fr\/#website\",\"url\":\"https:\/\/test.forma5.com\/fr\/\",\"name\":\"Forma 5\",\"description\":\"\",\"publisher\":{\"@id\":\"https:\/\/test.forma5.com\/fr\/#organization\"},\"potentialAction\":[{\"@type\":\"SearchAction\",\"target\":{\"@type\":\"EntryPoint\",\"urlTemplate\":\"https:\/\/test.forma5.com\/fr\/?s={search_term_string}\"},\"query-input\":{\"@type\":\"PropertyValueSpecification\",\"valueRequired\":true,\"valueName\":\"search_term_string\"}}],\"inLanguage\":\"fr-FR\"},{\"@type\":\"Organization\",\"@id\":\"https:\/\/test.forma5.com\/fr\/#organization\",\"name\":\"Forma 5\",\"url\":\"https:\/\/test.forma5.com\/fr\/\",\"logo\":{\"@type\":\"ImageObject\",\"inLanguage\":\"fr-FR\",\"@id\":\"https:\/\/test.forma5.com\/fr\/#\/schema\/logo\/image\/\",\"url\":\"https:\/\/test.forma5.com\/wp-content\/uploads\/logo.svg\",\"contentUrl\":\"https:\/\/test.forma5.com\/wp-content\/uploads\/logo.svg\",\"width\":169,\"height\":36,\"caption\":\"Forma 5\"},\"image\":{\"@id\":\"https:\/\/test.forma5.com\/fr\/#\/schema\/logo\/image\/\"}}]}<\/script>\n<!-- \/ Yoast SEO plugin. -->","yoast_head_json":{"title":"\u25b6 Comptoir d'accueil pour salle d'attente de bureau - Groupe Forma 5","description":"D\u00e9couvrez notre comptoir d'accueil pour les salles d'attente des bureaux du groupe Forma 5 : un design fonctionnel et \u00e9l\u00e9gant pour votre espace.","robots":{"index":"noindex","follow":"follow","max-snippet":"max-snippet:-1","max-image-preview":"max-image-preview:large","max-video-preview":"max-video-preview:-1"},"og_locale":"fr_FR","og_type":"article","og_title":"\u25b6 Comptoir d'accueil pour salle d'attente de bureau - Groupe Forma 5","og_description":"D\u00e9couvrez notre comptoir d'accueil pour les salles d'attente des bureaux du groupe Forma 5 : un design fonctionnel et \u00e9l\u00e9gant pour votre espace.","og_url":"https:\/\/test.forma5.com\/fr\/tables-bureaux\/reception-salle-dattente\/v30\/","og_site_name":"Forma 5","article_modified_time":"2025-02-27T11:48:43+00:00","og_image":[{"width":1200,"height":1200,"url":"https:\/\/test.forma5.com\/wp-content\/uploads\/recepcion.webp","type":"image\/webp"}],"twitter_card":"summary_large_image","twitter_misc":{"Dur\u00e9e de lecture estim\u00e9e":"1 minute"},"schema":{"@context":"https:\/\/schema.org","@graph":[{"@type":"WebPage","@id":"https:\/\/test.forma5.com\/fr\/tables-bureaux\/reception-salle-dattente\/v30\/","url":"https:\/\/test.forma5.com\/fr\/tables-bureaux\/reception-salle-dattente\/v30\/","name":"\u25b6 Comptoir d'accueil pour salle d'attente de bureau - Groupe Forma 5","isPartOf":{"@id":"https:\/\/test.forma5.com\/fr\/#website"},"primaryImageOfPage":{"@id":"https:\/\/test.forma5.com\/fr\/tables-bureaux\/reception-salle-dattente\/v30\/#primaryimage"},"image":{"@id":"https:\/\/test.forma5.com\/fr\/tables-bureaux\/reception-salle-dattente\/v30\/#primaryimage"},"thumbnailUrl":"https:\/\/test.forma5.com\/wp-content\/uploads\/recepcion.webp","datePublished":"2024-08-20T07:02:13+00:00","dateModified":"2025-02-27T11:48:43+00:00","description":"D\u00e9couvrez notre comptoir d'accueil pour les salles d'attente des bureaux du groupe Forma 5 : un design fonctionnel et \u00e9l\u00e9gant pour votre espace.","breadcrumb":{"@id":"https:\/\/test.forma5.com\/fr\/tables-bureaux\/reception-salle-dattente\/v30\/#breadcrumb"},"inLanguage":"fr-FR","potentialAction":[{"@type":"ReadAction","target":["https:\/\/test.forma5.com\/fr\/tables-bureaux\/reception-salle-dattente\/v30\/"]}]},{"@type":"ImageObject","inLanguage":"fr-FR","@id":"https:\/\/test.forma5.com\/fr\/tables-bureaux\/reception-salle-dattente\/v30\/#primaryimage","url":"https:\/\/test.forma5.com\/wp-content\/uploads\/recepcion.webp","contentUrl":"https:\/\/test.forma5.com\/wp-content\/uploads\/recepcion.webp","width":1200,"height":1200},{"@type":"BreadcrumbList","@id":"https:\/\/test.forma5.com\/fr\/tables-bureaux\/reception-salle-dattente\/v30\/#breadcrumb","itemListElement":[{"@type":"ListItem","position":1,"name":"Portada","item":"https:\/\/test.forma5.com\/fr\/"},{"@type":"ListItem","position":2,"name":"Productos","item":"https:\/\/test.forma5.com\/shop\/"},{"@type":"ListItem","position":3,"name":"Reception Counter"}]},{"@type":"WebSite","@id":"https:\/\/test.forma5.com\/fr\/#website","url":"https:\/\/test.forma5.com\/fr\/","name":"Forma 5","description":"","publisher":{"@id":"https:\/\/test.forma5.com\/fr\/#organization"},"potentialAction":[{"@type":"SearchAction","target":{"@type":"EntryPoint","urlTemplate":"https:\/\/test.forma5.com\/fr\/?s={search_term_string}"},"query-input":{"@type":"PropertyValueSpecification","valueRequired":true,"valueName":"search_term_string"}}],"inLanguage":"fr-FR"},{"@type":"Organization","@id":"https:\/\/test.forma5.com\/fr\/#organization","name":"Forma 5","url":"https:\/\/test.forma5.com\/fr\/","logo":{"@type":"ImageObject","inLanguage":"fr-FR","@id":"https:\/\/test.forma5.com\/fr\/#\/schema\/logo\/image\/","url":"https:\/\/test.forma5.com\/wp-content\/uploads\/logo.svg","contentUrl":"https:\/\/test.forma5.com\/wp-content\/uploads\/logo.svg","width":169,"height":36,"caption":"Forma 5"},"image":{"@id":"https:\/\/test.forma5.com\/fr\/#\/schema\/logo\/image\/"}}]}},"_links":{"self":[{"href":"https:\/\/test.forma5.com\/fr\/wp-json\/wp\/v2\/product\/5055","targetHints":{"allow":["GET"]}}],"collection":[{"href":"https:\/\/test.forma5.com\/fr\/wp-json\/wp\/v2\/product"}],"about":[{"href":"https:\/\/test.forma5.com\/fr\/wp-json\/wp\/v2\/types\/product"}],"acf:attachment":[{"embeddable":true,"href":"https:\/\/test.forma5.com\/fr\/wp-json\/wp\/v2\/media\/2920"},{"embeddable":true,"href":"https:\/\/test.forma5.com\/fr\/wp-json\/wp\/v2\/media\/2918"}],"acf:post":[{"embeddable":true,"href":"https:\/\/test.forma5.com\/fr\/wp-json\/wp\/v2\/disenador\/1029"},{"embeddable":true,"href":"https:\/\/test.forma5.com\/fr\/wp-json\/wp\/v2\/disenador\/1042"}],"wp:featuredmedia":[{"embeddable":true,"href":"https:\/\/test.forma5.com\/fr\/wp-json\/wp\/v2\/media\/5057"}],"wp:attachment":[{"href":"https:\/\/test.forma5.com\/fr\/wp-json\/wp\/v2\/media?parent=5055"}],"wp:term":[{"taxonomy":"product_brand","embeddable":true,"href":"https:\/\/test.forma5.com\/fr\/wp-json\/wp\/v2\/product_brand?post=5055"},{"taxonomy":"product_cat","embeddable":true,"href":"https:\/\/test.forma5.com\/fr\/wp-json\/wp\/v2\/product_cat?post=5055"},{"taxonomy":"product_tag","embeddable":true,"href":"https:\/\/test.forma5.com\/fr\/wp-json\/wp\/v2\/product_tag?post=5055"}],"curies":[{"name":"wp","href":"https:\/\/api.w.org\/{rel}","templated":true}]}}