{"id":5049,"date":"2025-05-20T08:56:07","date_gmt":"2025-05-20T06:56:07","guid":{"rendered":"https:\/\/test.forma5.com\/producto\/non%20class\u00e9\/mesa-plegable\/"},"modified":"2025-06-20T11:37:11","modified_gmt":"2025-06-20T09:37:11","slug":"travel","status":"publish","type":"product","link":"https:\/\/test.forma5.com\/fr\/tables-bureaux\/polyvalents\/travel\/","title":{"rendered":"Travel"},"content":{"rendered":"<p><span data-sheets-root=\"1\">Une gamme de bureaux offrant des solutions en mati\u00e8re de flexibilit\u00e9, de productivit\u00e9 et de polyvalence doit prendre en compte l&rsquo;int\u00e9gration des nouvelles technologies. Travel dispose d&rsquo;une prise Schuko optionnelle int\u00e9gr\u00e9e dans le plateau de la table ainsi que de pi\u00e8ces qui guident le c\u00e2blage \u00e0 travers la poutre jusqu&rsquo;\u00e0 la base, laquelle est pourvue d&rsquo;un trou pour l&rsquo;\u00e9lectrification verticale. Ce syst\u00e8me permet de relier l&rsquo;\u00e9lectrification de plusieurs tables.<\/span><\/p>\n","protected":false},"excerpt":{"rendered":"<h2>Des solutions pour la <em><span data-sheets-root=\"1\">flexibilit\u00e9, <\/span><\/em>la<em><span data-sheets-root=\"1\"> productivit\u00e9 <\/span><\/em>et la<em><span data-sheets-root=\"1\"> polyvalence<\/span><\/em><\/h2>\n","protected":false},"featured_media":6409,"template":"","meta":{"_acf_changed":false},"product_brand":[],"product_cat":[143,148],"product_tag":[],"class_list":{"0":"post-5049","1":"product","2":"type-product","3":"status-publish","4":"has-post-thumbnail","6":"product_cat-tables-bureaux","7":"product_cat-polyvalents","9":"first","10":"instock","11":"shipping-taxable","12":"product-type-simple"},"acf":{"bigger_product_image":["isBigger"],"background-text":"Travel","product_designer":[1035],"inactive_designer_info":{"custom_designer_name":"","custom_designer_image":null},"scene_gallery":[2854,2856,2858],"gallery_bg_color":"#777777","details_gallery":[{"slide_text":"Con\u00e7ue dans un souci<strong> d'espace, d'ordre <\/strong>et de<strong> polyvalence<\/strong>. Elle est id\u00e9ale pour les <strong>espaces polyvalents <\/strong>et<strong> multifonctionnels.<\/strong>","slide_image":2852},{"slide_text":"Travel <span data-sheets-root=\"1\"> est dot\u00e9 d'un <strong>m\u00e9canisme de pliage simple et facile<\/strong> \u00e0 utiliser, qui <strong>garantit l'empilage<\/strong> et l'ordre apr\u00e8s utilisation. Il est con\u00e7u pour les <strong>espaces<\/strong> qui ont besoin de la flexibilit\u00e9 d'un <strong>plan de travail muni de roues<\/strong>, pour \u00ab red\u00e9corer \u00bb l'espace \u00e0 tout moment avec un mouvement agile.<\/span>","slide_image":2850}],"product_video":{"video_link":"","video_cover":""},"product_downloads_path":"mesas-oficina\/estudio","product_downloads":[{"select_file_type":"normal","file_type":"catalog","file_type_special":"","file_name":"C_travel.pdf","file_customlabel":"Catalogue Travel"},{"select_file_type":"normal","file_type":"technicalFeatures","file_type_special":"","file_name":"_CCTT_Travel.pdf","file_customlabel":"Caract\u00e9ristiques techniques"},{"select_file_type":"normal","file_type":"productCertificate","file_type_special":"","file_name":"TRAVEL_rev03_Firmado.pdf","file_customlabel":"Certificat de produit"},{"select_file_type":"normal","file_type":"images","file_type_special":"","file_name":"03_Mesa Plegable Travel.zip","file_customlabel":"Images"},{"select_file_type":"normal","file_type":"autocad","file_type_special":"","file_name":"Travel.zip","file_customlabel":"G\u00e9om\u00e9trie 3D"},{"select_file_type":"normal","file_type":"revitBim","file_type_special":"","file_name":"TRAVEL.zip","file_customlabel":"G\u00e9om\u00e9trie Revit\/BIM"}],"grid_image_gallery":null},"yoast_head":"<!-- This site is optimized with the Yoast SEO plugin v25.2 - https:\/\/yoast.com\/wordpress\/plugins\/seo\/ -->\n<title>\u25b6 D\u00e9couvrez &#039;Travel&#039; : notre table pliante - Groupe Forma 5<\/title>\n<meta name=\"description\" content=\"D\u00e9couvrez notre table pliante du groupe Forma 5. Pratique et polyvalente pour la formation et les espaces de bureau.\" \/>\n<meta name=\"robots\" content=\"noindex, follow, max-snippet:-1, max-image-preview:large, max-video-preview:-1\" \/>\n<meta property=\"og:locale\" content=\"fr_FR\" \/>\n<meta property=\"og:type\" content=\"article\" \/>\n<meta property=\"og:title\" content=\"\u25b6 D\u00e9couvrez &#039;Travel&#039; : notre table pliante - Groupe Forma 5\" \/>\n<meta property=\"og:description\" content=\"D\u00e9couvrez notre table pliante du groupe Forma 5. Pratique et polyvalente pour la formation et les espaces de bureau.\" \/>\n<meta property=\"og:url\" content=\"https:\/\/test.forma5.com\/fr\/tables-bureaux\/polyvalents\/travel\/\" \/>\n<meta property=\"og:site_name\" content=\"Forma 5\" \/>\n<meta property=\"article:modified_time\" content=\"2025-06-20T09:37:11+00:00\" \/>\n<meta property=\"og:image\" content=\"https:\/\/test.forma5.com\/wp-content\/uploads\/33.png\" \/>\n\t<meta property=\"og:image:width\" content=\"800\" \/>\n\t<meta property=\"og:image:height\" content=\"800\" \/>\n\t<meta property=\"og:image:type\" content=\"image\/png\" \/>\n<meta name=\"twitter:card\" content=\"summary_large_image\" \/>\n<meta name=\"twitter:label1\" content=\"Dur\u00e9e de lecture estim\u00e9e\" \/>\n\t<meta name=\"twitter:data1\" content=\"1 minute\" \/>\n<script type=\"application\/ld+json\" class=\"yoast-schema-graph\">{\"@context\":\"https:\/\/schema.org\",\"@graph\":[{\"@type\":\"WebPage\",\"@id\":\"https:\/\/test.forma5.com\/fr\/tables-bureaux\/polyvalents\/travel\/\",\"url\":\"https:\/\/test.forma5.com\/fr\/tables-bureaux\/polyvalents\/travel\/\",\"name\":\"\u25b6 D\u00e9couvrez 'Travel' : notre table pliante - Groupe Forma 5\",\"isPartOf\":{\"@id\":\"https:\/\/test.forma5.com\/fr\/#website\"},\"primaryImageOfPage\":{\"@id\":\"https:\/\/test.forma5.com\/fr\/tables-bureaux\/polyvalents\/travel\/#primaryimage\"},\"image\":{\"@id\":\"https:\/\/test.forma5.com\/fr\/tables-bureaux\/polyvalents\/travel\/#primaryimage\"},\"thumbnailUrl\":\"https:\/\/test.forma5.com\/wp-content\/uploads\/33.png\",\"datePublished\":\"2025-05-20T06:56:07+00:00\",\"dateModified\":\"2025-06-20T09:37:11+00:00\",\"description\":\"D\u00e9couvrez notre table pliante du groupe Forma 5. Pratique et polyvalente pour la formation et les espaces de bureau.\",\"breadcrumb\":{\"@id\":\"https:\/\/test.forma5.com\/fr\/tables-bureaux\/polyvalents\/travel\/#breadcrumb\"},\"inLanguage\":\"fr-FR\",\"potentialAction\":[{\"@type\":\"ReadAction\",\"target\":[\"https:\/\/test.forma5.com\/fr\/tables-bureaux\/polyvalents\/travel\/\"]}]},{\"@type\":\"ImageObject\",\"inLanguage\":\"fr-FR\",\"@id\":\"https:\/\/test.forma5.com\/fr\/tables-bureaux\/polyvalents\/travel\/#primaryimage\",\"url\":\"https:\/\/test.forma5.com\/wp-content\/uploads\/33.png\",\"contentUrl\":\"https:\/\/test.forma5.com\/wp-content\/uploads\/33.png\",\"width\":800,\"height\":800},{\"@type\":\"BreadcrumbList\",\"@id\":\"https:\/\/test.forma5.com\/fr\/tables-bureaux\/polyvalents\/travel\/#breadcrumb\",\"itemListElement\":[{\"@type\":\"ListItem\",\"position\":1,\"name\":\"Portada\",\"item\":\"https:\/\/test.forma5.com\/fr\/\"},{\"@type\":\"ListItem\",\"position\":2,\"name\":\"Productos\",\"item\":\"https:\/\/test.forma5.com\/shop\/\"},{\"@type\":\"ListItem\",\"position\":3,\"name\":\"Travel\"}]},{\"@type\":\"WebSite\",\"@id\":\"https:\/\/test.forma5.com\/fr\/#website\",\"url\":\"https:\/\/test.forma5.com\/fr\/\",\"name\":\"Forma 5\",\"description\":\"\",\"publisher\":{\"@id\":\"https:\/\/test.forma5.com\/fr\/#organization\"},\"potentialAction\":[{\"@type\":\"SearchAction\",\"target\":{\"@type\":\"EntryPoint\",\"urlTemplate\":\"https:\/\/test.forma5.com\/fr\/?s={search_term_string}\"},\"query-input\":{\"@type\":\"PropertyValueSpecification\",\"valueRequired\":true,\"valueName\":\"search_term_string\"}}],\"inLanguage\":\"fr-FR\"},{\"@type\":\"Organization\",\"@id\":\"https:\/\/test.forma5.com\/fr\/#organization\",\"name\":\"Forma 5\",\"url\":\"https:\/\/test.forma5.com\/fr\/\",\"logo\":{\"@type\":\"ImageObject\",\"inLanguage\":\"fr-FR\",\"@id\":\"https:\/\/test.forma5.com\/fr\/#\/schema\/logo\/image\/\",\"url\":\"https:\/\/test.forma5.com\/wp-content\/uploads\/logo.svg\",\"contentUrl\":\"https:\/\/test.forma5.com\/wp-content\/uploads\/logo.svg\",\"width\":169,\"height\":36,\"caption\":\"Forma 5\"},\"image\":{\"@id\":\"https:\/\/test.forma5.com\/fr\/#\/schema\/logo\/image\/\"}}]}<\/script>\n<!-- \/ Yoast SEO plugin. -->","yoast_head_json":{"title":"\u25b6 D\u00e9couvrez 'Travel' : notre table pliante - Groupe Forma 5","description":"D\u00e9couvrez notre table pliante du groupe Forma 5. Pratique et polyvalente pour la formation et les espaces de bureau.","robots":{"index":"noindex","follow":"follow","max-snippet":"max-snippet:-1","max-image-preview":"max-image-preview:large","max-video-preview":"max-video-preview:-1"},"og_locale":"fr_FR","og_type":"article","og_title":"\u25b6 D\u00e9couvrez 'Travel' : notre table pliante - Groupe Forma 5","og_description":"D\u00e9couvrez notre table pliante du groupe Forma 5. Pratique et polyvalente pour la formation et les espaces de bureau.","og_url":"https:\/\/test.forma5.com\/fr\/tables-bureaux\/polyvalents\/travel\/","og_site_name":"Forma 5","article_modified_time":"2025-06-20T09:37:11+00:00","og_image":[{"width":800,"height":800,"url":"https:\/\/test.forma5.com\/wp-content\/uploads\/33.png","type":"image\/png"}],"twitter_card":"summary_large_image","twitter_misc":{"Dur\u00e9e de lecture estim\u00e9e":"1 minute"},"schema":{"@context":"https:\/\/schema.org","@graph":[{"@type":"WebPage","@id":"https:\/\/test.forma5.com\/fr\/tables-bureaux\/polyvalents\/travel\/","url":"https:\/\/test.forma5.com\/fr\/tables-bureaux\/polyvalents\/travel\/","name":"\u25b6 D\u00e9couvrez 'Travel' : notre table pliante - Groupe Forma 5","isPartOf":{"@id":"https:\/\/test.forma5.com\/fr\/#website"},"primaryImageOfPage":{"@id":"https:\/\/test.forma5.com\/fr\/tables-bureaux\/polyvalents\/travel\/#primaryimage"},"image":{"@id":"https:\/\/test.forma5.com\/fr\/tables-bureaux\/polyvalents\/travel\/#primaryimage"},"thumbnailUrl":"https:\/\/test.forma5.com\/wp-content\/uploads\/33.png","datePublished":"2025-05-20T06:56:07+00:00","dateModified":"2025-06-20T09:37:11+00:00","description":"D\u00e9couvrez notre table pliante du groupe Forma 5. Pratique et polyvalente pour la formation et les espaces de bureau.","breadcrumb":{"@id":"https:\/\/test.forma5.com\/fr\/tables-bureaux\/polyvalents\/travel\/#breadcrumb"},"inLanguage":"fr-FR","potentialAction":[{"@type":"ReadAction","target":["https:\/\/test.forma5.com\/fr\/tables-bureaux\/polyvalents\/travel\/"]}]},{"@type":"ImageObject","inLanguage":"fr-FR","@id":"https:\/\/test.forma5.com\/fr\/tables-bureaux\/polyvalents\/travel\/#primaryimage","url":"https:\/\/test.forma5.com\/wp-content\/uploads\/33.png","contentUrl":"https:\/\/test.forma5.com\/wp-content\/uploads\/33.png","width":800,"height":800},{"@type":"BreadcrumbList","@id":"https:\/\/test.forma5.com\/fr\/tables-bureaux\/polyvalents\/travel\/#breadcrumb","itemListElement":[{"@type":"ListItem","position":1,"name":"Portada","item":"https:\/\/test.forma5.com\/fr\/"},{"@type":"ListItem","position":2,"name":"Productos","item":"https:\/\/test.forma5.com\/shop\/"},{"@type":"ListItem","position":3,"name":"Travel"}]},{"@type":"WebSite","@id":"https:\/\/test.forma5.com\/fr\/#website","url":"https:\/\/test.forma5.com\/fr\/","name":"Forma 5","description":"","publisher":{"@id":"https:\/\/test.forma5.com\/fr\/#organization"},"potentialAction":[{"@type":"SearchAction","target":{"@type":"EntryPoint","urlTemplate":"https:\/\/test.forma5.com\/fr\/?s={search_term_string}"},"query-input":{"@type":"PropertyValueSpecification","valueRequired":true,"valueName":"search_term_string"}}],"inLanguage":"fr-FR"},{"@type":"Organization","@id":"https:\/\/test.forma5.com\/fr\/#organization","name":"Forma 5","url":"https:\/\/test.forma5.com\/fr\/","logo":{"@type":"ImageObject","inLanguage":"fr-FR","@id":"https:\/\/test.forma5.com\/fr\/#\/schema\/logo\/image\/","url":"https:\/\/test.forma5.com\/wp-content\/uploads\/logo.svg","contentUrl":"https:\/\/test.forma5.com\/wp-content\/uploads\/logo.svg","width":169,"height":36,"caption":"Forma 5"},"image":{"@id":"https:\/\/test.forma5.com\/fr\/#\/schema\/logo\/image\/"}}]}},"_links":{"self":[{"href":"https:\/\/test.forma5.com\/fr\/wp-json\/wp\/v2\/product\/5049","targetHints":{"allow":["GET"]}}],"collection":[{"href":"https:\/\/test.forma5.com\/fr\/wp-json\/wp\/v2\/product"}],"about":[{"href":"https:\/\/test.forma5.com\/fr\/wp-json\/wp\/v2\/types\/product"}],"acf:attachment":[{"embeddable":true,"href":"https:\/\/test.forma5.com\/fr\/wp-json\/wp\/v2\/media\/2858"},{"embeddable":true,"href":"https:\/\/test.forma5.com\/fr\/wp-json\/wp\/v2\/media\/2856"},{"embeddable":true,"href":"https:\/\/test.forma5.com\/fr\/wp-json\/wp\/v2\/media\/2854"}],"acf:post":[{"embeddable":true,"href":"https:\/\/test.forma5.com\/fr\/wp-json\/wp\/v2\/disenador\/1035"}],"wp:featuredmedia":[{"embeddable":true,"href":"https:\/\/test.forma5.com\/fr\/wp-json\/wp\/v2\/media\/6409"}],"wp:attachment":[{"href":"https:\/\/test.forma5.com\/fr\/wp-json\/wp\/v2\/media?parent=5049"}],"wp:term":[{"taxonomy":"product_brand","embeddable":true,"href":"https:\/\/test.forma5.com\/fr\/wp-json\/wp\/v2\/product_brand?post=5049"},{"taxonomy":"product_cat","embeddable":true,"href":"https:\/\/test.forma5.com\/fr\/wp-json\/wp\/v2\/product_cat?post=5049"},{"taxonomy":"product_tag","embeddable":true,"href":"https:\/\/test.forma5.com\/fr\/wp-json\/wp\/v2\/product_tag?post=5049"}],"curies":[{"name":"wp","href":"https:\/\/api.w.org\/{rel}","templated":true}]}}