{"id":5041,"date":"2025-05-24T08:30:08","date_gmt":"2025-05-24T06:30:08","guid":{"rendered":"https:\/\/test.forma5.com\/producto\/non%20class\u00e9\/formacion-class\/"},"modified":"2025-05-27T14:52:14","modified_gmt":"2025-05-27T12:52:14","slug":"class","status":"publish","type":"product","link":"https:\/\/test.forma5.com\/fr\/tables-bureaux\/polyvalents\/class\/","title":{"rendered":"Class"},"content":{"rendered":"<p>Class se constituye con un esp\u00edritu polivalente en las actuales salas de formaci\u00f3n, buscando adaptarse a las diferentes necesidades de cada usuario. Esta nueva serie supone una opci\u00f3n ideal para espacios de colectividades sin renunciar a la m\u00e1xima ergonom\u00eda.<\/p>\n","protected":false},"excerpt":{"rendered":"<h2><span data-sheets-root=\"1\">Un <em>esprit polyvalent<\/em> en classe<\/span><\/h2>\n<p>&nbsp;<\/p>\n","protected":false},"featured_media":5043,"template":"","meta":{"_acf_changed":false},"product_brand":[],"product_cat":[143,148],"product_tag":[],"class_list":{"0":"post-5041","1":"product","2":"type-product","3":"status-publish","4":"has-post-thumbnail","6":"product_cat-tables-bureaux","7":"product_cat-polyvalents","9":"first","10":"instock","11":"shipping-taxable","12":"product-type-simple"},"acf":{"bigger_product_image":"","background-text":"","product_designer":[1024],"inactive_designer_info":{"custom_designer_name":"","custom_designer_image":null},"scene_gallery":[3390,2701,3392,2705,3388],"gallery_bg_color":"#aaaaaa","details_gallery":[{"slide_text":"<span data-sheets-root=\"1\">Le programme est compl\u00e9t\u00e9 par <strong>diverses solutions d'\u00e9lectrification<\/strong>.<\/span>","slide_image":3386}],"product_video":{"video_link":"","video_cover":""},"product_downloads_path":"mesas-oficina\/estudio","product_downloads":[{"select_file_type":"normal","file_type":"catalog","file_type_special":"","file_name":"C_Class.pdf","file_customlabel":"Catalogue Class"},{"select_file_type":"normal","file_type":"technicalFeatures","file_type_special":"","file_name":"_CCTT_Class.pdf","file_customlabel":"Caract\u00e9ristiques techniques"},{"select_file_type":"normal","file_type":"productCertificate","file_type_special":"","file_name":"CLASS_rev02_Firmado.pdf","file_customlabel":"Certificat de produit"},{"select_file_type":"normal","file_type":"images","file_type_special":"","file_name":"01_Class.zip","file_customlabel":"Images"},{"select_file_type":"normal","file_type":"autocad","file_type_special":"","file_name":"Class.zip","file_customlabel":"G\u00e9om\u00e9trie 3D"}],"grid_image_gallery":null},"yoast_head":"<!-- This site is optimized with the Yoast SEO plugin v25.2 - https:\/\/yoast.com\/wordpress\/plugins\/seo\/ -->\n<title>\u25b6 D\u00e9couvrez \u00ab Class \u00bb : nos tables de formation - Groupe Forma 5<\/title>\n<meta name=\"description\" content=\"D\u00e9couvrez nos tables de formation du Groupe Forma 5, parfaites pour les salles de classe et les espaces de formation dans les bureaux.\" \/>\n<meta name=\"robots\" content=\"noindex, follow, max-snippet:-1, max-image-preview:large, max-video-preview:-1\" \/>\n<meta property=\"og:locale\" content=\"fr_FR\" \/>\n<meta property=\"og:type\" content=\"article\" \/>\n<meta property=\"og:title\" content=\"\u25b6 D\u00e9couvrez \u00ab Class \u00bb : nos tables de formation - Groupe Forma 5\" \/>\n<meta property=\"og:description\" content=\"D\u00e9couvrez nos tables de formation du Groupe Forma 5, parfaites pour les salles de classe et les espaces de formation dans les bureaux.\" \/>\n<meta property=\"og:url\" content=\"https:\/\/test.forma5.com\/fr\/tables-bureaux\/polyvalents\/class\/\" \/>\n<meta property=\"og:site_name\" content=\"Forma 5\" \/>\n<meta property=\"article:modified_time\" content=\"2025-05-27T12:52:14+00:00\" \/>\n<meta property=\"og:image\" content=\"https:\/\/test.forma5.com\/wp-content\/uploads\/class.webp\" \/>\n\t<meta property=\"og:image:width\" content=\"1200\" \/>\n\t<meta property=\"og:image:height\" content=\"1200\" \/>\n\t<meta property=\"og:image:type\" content=\"image\/webp\" \/>\n<meta name=\"twitter:card\" content=\"summary_large_image\" \/>\n<meta name=\"twitter:label1\" content=\"Dur\u00e9e de lecture estim\u00e9e\" \/>\n\t<meta name=\"twitter:data1\" content=\"1 minute\" \/>\n<script type=\"application\/ld+json\" class=\"yoast-schema-graph\">{\"@context\":\"https:\/\/schema.org\",\"@graph\":[{\"@type\":\"WebPage\",\"@id\":\"https:\/\/test.forma5.com\/fr\/tables-bureaux\/polyvalents\/class\/\",\"url\":\"https:\/\/test.forma5.com\/fr\/tables-bureaux\/polyvalents\/class\/\",\"name\":\"\u25b6 D\u00e9couvrez \u00ab Class \u00bb : nos tables de formation - Groupe Forma 5\",\"isPartOf\":{\"@id\":\"https:\/\/test.forma5.com\/fr\/#website\"},\"primaryImageOfPage\":{\"@id\":\"https:\/\/test.forma5.com\/fr\/tables-bureaux\/polyvalents\/class\/#primaryimage\"},\"image\":{\"@id\":\"https:\/\/test.forma5.com\/fr\/tables-bureaux\/polyvalents\/class\/#primaryimage\"},\"thumbnailUrl\":\"https:\/\/test.forma5.com\/wp-content\/uploads\/class.webp\",\"datePublished\":\"2025-05-24T06:30:08+00:00\",\"dateModified\":\"2025-05-27T12:52:14+00:00\",\"description\":\"D\u00e9couvrez nos tables de formation du Groupe Forma 5, parfaites pour les salles de classe et les espaces de formation dans les bureaux.\",\"breadcrumb\":{\"@id\":\"https:\/\/test.forma5.com\/fr\/tables-bureaux\/polyvalents\/class\/#breadcrumb\"},\"inLanguage\":\"fr-FR\",\"potentialAction\":[{\"@type\":\"ReadAction\",\"target\":[\"https:\/\/test.forma5.com\/fr\/tables-bureaux\/polyvalents\/class\/\"]}]},{\"@type\":\"ImageObject\",\"inLanguage\":\"fr-FR\",\"@id\":\"https:\/\/test.forma5.com\/fr\/tables-bureaux\/polyvalents\/class\/#primaryimage\",\"url\":\"https:\/\/test.forma5.com\/wp-content\/uploads\/class.webp\",\"contentUrl\":\"https:\/\/test.forma5.com\/wp-content\/uploads\/class.webp\",\"width\":1200,\"height\":1200},{\"@type\":\"BreadcrumbList\",\"@id\":\"https:\/\/test.forma5.com\/fr\/tables-bureaux\/polyvalents\/class\/#breadcrumb\",\"itemListElement\":[{\"@type\":\"ListItem\",\"position\":1,\"name\":\"Portada\",\"item\":\"https:\/\/test.forma5.com\/fr\/\"},{\"@type\":\"ListItem\",\"position\":2,\"name\":\"Productos\",\"item\":\"https:\/\/test.forma5.com\/shop\/\"},{\"@type\":\"ListItem\",\"position\":3,\"name\":\"Class\"}]},{\"@type\":\"WebSite\",\"@id\":\"https:\/\/test.forma5.com\/fr\/#website\",\"url\":\"https:\/\/test.forma5.com\/fr\/\",\"name\":\"Forma 5\",\"description\":\"\",\"publisher\":{\"@id\":\"https:\/\/test.forma5.com\/fr\/#organization\"},\"potentialAction\":[{\"@type\":\"SearchAction\",\"target\":{\"@type\":\"EntryPoint\",\"urlTemplate\":\"https:\/\/test.forma5.com\/fr\/?s={search_term_string}\"},\"query-input\":{\"@type\":\"PropertyValueSpecification\",\"valueRequired\":true,\"valueName\":\"search_term_string\"}}],\"inLanguage\":\"fr-FR\"},{\"@type\":\"Organization\",\"@id\":\"https:\/\/test.forma5.com\/fr\/#organization\",\"name\":\"Forma 5\",\"url\":\"https:\/\/test.forma5.com\/fr\/\",\"logo\":{\"@type\":\"ImageObject\",\"inLanguage\":\"fr-FR\",\"@id\":\"https:\/\/test.forma5.com\/fr\/#\/schema\/logo\/image\/\",\"url\":\"https:\/\/test.forma5.com\/wp-content\/uploads\/logo.svg\",\"contentUrl\":\"https:\/\/test.forma5.com\/wp-content\/uploads\/logo.svg\",\"width\":169,\"height\":36,\"caption\":\"Forma 5\"},\"image\":{\"@id\":\"https:\/\/test.forma5.com\/fr\/#\/schema\/logo\/image\/\"}}]}<\/script>\n<!-- \/ Yoast SEO plugin. -->","yoast_head_json":{"title":"\u25b6 D\u00e9couvrez \u00ab Class \u00bb : nos tables de formation - Groupe Forma 5","description":"D\u00e9couvrez nos tables de formation du Groupe Forma 5, parfaites pour les salles de classe et les espaces de formation dans les bureaux.","robots":{"index":"noindex","follow":"follow","max-snippet":"max-snippet:-1","max-image-preview":"max-image-preview:large","max-video-preview":"max-video-preview:-1"},"og_locale":"fr_FR","og_type":"article","og_title":"\u25b6 D\u00e9couvrez \u00ab Class \u00bb : nos tables de formation - Groupe Forma 5","og_description":"D\u00e9couvrez nos tables de formation du Groupe Forma 5, parfaites pour les salles de classe et les espaces de formation dans les bureaux.","og_url":"https:\/\/test.forma5.com\/fr\/tables-bureaux\/polyvalents\/class\/","og_site_name":"Forma 5","article_modified_time":"2025-05-27T12:52:14+00:00","og_image":[{"width":1200,"height":1200,"url":"https:\/\/test.forma5.com\/wp-content\/uploads\/class.webp","type":"image\/webp"}],"twitter_card":"summary_large_image","twitter_misc":{"Dur\u00e9e de lecture estim\u00e9e":"1 minute"},"schema":{"@context":"https:\/\/schema.org","@graph":[{"@type":"WebPage","@id":"https:\/\/test.forma5.com\/fr\/tables-bureaux\/polyvalents\/class\/","url":"https:\/\/test.forma5.com\/fr\/tables-bureaux\/polyvalents\/class\/","name":"\u25b6 D\u00e9couvrez \u00ab Class \u00bb : nos tables de formation - Groupe Forma 5","isPartOf":{"@id":"https:\/\/test.forma5.com\/fr\/#website"},"primaryImageOfPage":{"@id":"https:\/\/test.forma5.com\/fr\/tables-bureaux\/polyvalents\/class\/#primaryimage"},"image":{"@id":"https:\/\/test.forma5.com\/fr\/tables-bureaux\/polyvalents\/class\/#primaryimage"},"thumbnailUrl":"https:\/\/test.forma5.com\/wp-content\/uploads\/class.webp","datePublished":"2025-05-24T06:30:08+00:00","dateModified":"2025-05-27T12:52:14+00:00","description":"D\u00e9couvrez nos tables de formation du Groupe Forma 5, parfaites pour les salles de classe et les espaces de formation dans les bureaux.","breadcrumb":{"@id":"https:\/\/test.forma5.com\/fr\/tables-bureaux\/polyvalents\/class\/#breadcrumb"},"inLanguage":"fr-FR","potentialAction":[{"@type":"ReadAction","target":["https:\/\/test.forma5.com\/fr\/tables-bureaux\/polyvalents\/class\/"]}]},{"@type":"ImageObject","inLanguage":"fr-FR","@id":"https:\/\/test.forma5.com\/fr\/tables-bureaux\/polyvalents\/class\/#primaryimage","url":"https:\/\/test.forma5.com\/wp-content\/uploads\/class.webp","contentUrl":"https:\/\/test.forma5.com\/wp-content\/uploads\/class.webp","width":1200,"height":1200},{"@type":"BreadcrumbList","@id":"https:\/\/test.forma5.com\/fr\/tables-bureaux\/polyvalents\/class\/#breadcrumb","itemListElement":[{"@type":"ListItem","position":1,"name":"Portada","item":"https:\/\/test.forma5.com\/fr\/"},{"@type":"ListItem","position":2,"name":"Productos","item":"https:\/\/test.forma5.com\/shop\/"},{"@type":"ListItem","position":3,"name":"Class"}]},{"@type":"WebSite","@id":"https:\/\/test.forma5.com\/fr\/#website","url":"https:\/\/test.forma5.com\/fr\/","name":"Forma 5","description":"","publisher":{"@id":"https:\/\/test.forma5.com\/fr\/#organization"},"potentialAction":[{"@type":"SearchAction","target":{"@type":"EntryPoint","urlTemplate":"https:\/\/test.forma5.com\/fr\/?s={search_term_string}"},"query-input":{"@type":"PropertyValueSpecification","valueRequired":true,"valueName":"search_term_string"}}],"inLanguage":"fr-FR"},{"@type":"Organization","@id":"https:\/\/test.forma5.com\/fr\/#organization","name":"Forma 5","url":"https:\/\/test.forma5.com\/fr\/","logo":{"@type":"ImageObject","inLanguage":"fr-FR","@id":"https:\/\/test.forma5.com\/fr\/#\/schema\/logo\/image\/","url":"https:\/\/test.forma5.com\/wp-content\/uploads\/logo.svg","contentUrl":"https:\/\/test.forma5.com\/wp-content\/uploads\/logo.svg","width":169,"height":36,"caption":"Forma 5"},"image":{"@id":"https:\/\/test.forma5.com\/fr\/#\/schema\/logo\/image\/"}}]}},"_links":{"self":[{"href":"https:\/\/test.forma5.com\/fr\/wp-json\/wp\/v2\/product\/5041","targetHints":{"allow":["GET"]}}],"collection":[{"href":"https:\/\/test.forma5.com\/fr\/wp-json\/wp\/v2\/product"}],"about":[{"href":"https:\/\/test.forma5.com\/fr\/wp-json\/wp\/v2\/types\/product"}],"acf:attachment":[{"embeddable":true,"href":"https:\/\/test.forma5.com\/fr\/wp-json\/wp\/v2\/media\/3388"},{"embeddable":true,"href":"https:\/\/test.forma5.com\/fr\/wp-json\/wp\/v2\/media\/2705"},{"embeddable":true,"href":"https:\/\/test.forma5.com\/fr\/wp-json\/wp\/v2\/media\/3392"},{"embeddable":true,"href":"https:\/\/test.forma5.com\/fr\/wp-json\/wp\/v2\/media\/2701"},{"embeddable":true,"href":"https:\/\/test.forma5.com\/fr\/wp-json\/wp\/v2\/media\/3390"}],"acf:post":[{"embeddable":true,"href":"https:\/\/test.forma5.com\/fr\/wp-json\/wp\/v2\/disenador\/1024"}],"wp:featuredmedia":[{"embeddable":true,"href":"https:\/\/test.forma5.com\/fr\/wp-json\/wp\/v2\/media\/5043"}],"wp:attachment":[{"href":"https:\/\/test.forma5.com\/fr\/wp-json\/wp\/v2\/media?parent=5041"}],"wp:term":[{"taxonomy":"product_brand","embeddable":true,"href":"https:\/\/test.forma5.com\/fr\/wp-json\/wp\/v2\/product_brand?post=5041"},{"taxonomy":"product_cat","embeddable":true,"href":"https:\/\/test.forma5.com\/fr\/wp-json\/wp\/v2\/product_cat?post=5041"},{"taxonomy":"product_tag","embeddable":true,"href":"https:\/\/test.forma5.com\/fr\/wp-json\/wp\/v2\/product_tag?post=5041"}],"curies":[{"name":"wp","href":"https:\/\/api.w.org\/{rel}","templated":true}]}}