{"id":5031,"date":"2025-05-26T09:14:22","date_gmt":"2025-05-26T07:14:22","guid":{"rendered":"https:\/\/test.forma5.com\/producto\/non%20class\u00e9\/modulo-lets-sit\/"},"modified":"2025-06-20T09:04:13","modified_gmt":"2025-06-20T07:04:13","slug":"lets-sit","status":"publish","type":"product","link":"https:\/\/test.forma5.com\/fr\/tables-bureaux\/reception-salle-dattente\/lets-sit\/","title":{"rendered":"Let&rsquo;s Sit"},"content":{"rendered":"<div class=\"flex-shrink-0 flex flex-col relative items-end\">\n<div>\n<div class=\"pt-0\">\n<div class=\"gizmo-bot-avatar flex h-8 w-8 items-center justify-center overflow-hidden rounded-full\">\n<div class=\"relative p-1 rounded-sm flex items-center justify-center bg-token-main-surface-primary text-token-text-primary h-8 w-8\"><span style=\"font-size: inherit;\"><span data-sheets-root=\"1\">Let&rsquo;s Sit cr\u00e9e une atmosph\u00e8re accueillante et chaleureuse en s&rsquo;int\u00e9grant harmonieusement dans le flux dynamique du bureau. Chaque module peut \u00eatre adapt\u00e9 au travail et l&rsquo;ensemble de l&rsquo;environnement s&rsquo;adapte en continu pour fournir l&rsquo;espace le plus appropri\u00e9 \u00e0 chaque t\u00e2che.<\/span><\/span><\/div>\n<\/div>\n<\/div>\n<\/div>\n<\/div>\n","protected":false},"excerpt":{"rendered":"<h2><span data-sheets-root=\"1\">Une atmosph\u00e8re <em>conviviale et amicale<\/em> gr\u00e2ce \u00e0 l&rsquo;int\u00e9gration dans la pi\u00e8ce<\/span><\/h2>\n","protected":false},"featured_media":5033,"template":"","meta":{"_acf_changed":false},"product_brand":[],"product_cat":[146,147],"product_tag":[],"class_list":{"0":"post-5031","1":"product","2":"type-product","3":"status-publish","4":"has-post-thumbnail","6":"product_cat-sieges","7":"product_cat-chaises-de-salle-dattente","9":"first","10":"instock","11":"shipping-taxable","12":"product-type-simple"},"acf":{"bigger_product_image":"","background-text":"","product_designer":[1040],"inactive_designer_info":{"custom_designer_name":"","custom_designer_image":null},"scene_gallery":[2721,2733],"gallery_bg_color":"#828282","details_gallery":[{"slide_text":"<span data-sheets-root=\"1\">Des espaces de d\u00e9tente <strong>con\u00e7us pour l'organisation de r\u00e9unions<\/strong> de bureau informelles.<\/span>","slide_image":2725}],"product_video":{"video_link":"","video_cover":""},"product_downloads_path":"mesas-oficina\/recepcion","product_downloads":[{"select_file_type":"normal","file_type":"catalog","file_type_special":"","file_name":"Lets.pdf","file_customlabel":"Catalogue Lets"},{"select_file_type":"normal","file_type":"technicalFeatures","file_type_special":"","file_name":"_CCTT_Lets sit.pdf","file_customlabel":"Caract\u00e9ristiques techniques"},{"select_file_type":"normal","file_type":"images","file_type_special":"","file_name":"02_Lets Sit.zip","file_customlabel":"Images"},{"select_file_type":"normal","file_type":"productCertificate","file_type_special":"","file_name":"LETSSIT_rev03_Firmado.pdf","file_customlabel":"Certificat de produit"},{"select_file_type":"normal","file_type":"revitBim","file_type_special":"","file_name":"LETS SIT.zip","file_customlabel":"Revit\/BIM"}],"grid_image_gallery":null},"yoast_head":"<!-- This site is optimized with the Yoast SEO plugin v25.2 - https:\/\/yoast.com\/wordpress\/plugins\/seo\/ -->\n<title>\u25b6 D\u00e9couvrez \u00ab Let&#039;s Sit \u00bb : notre canap\u00e9 modulaire pour salle d&#039;attente de bureau - Groupe Forma 5<\/title>\n<meta name=\"description\" content=\"D\u00e9couvrez \u00ab Let&#039;s Sit \u00bb : notre canap\u00e9 modulaire pour les salles d&#039;attente et les salles \u00e0 manger du groupe Forma 5. Confort et polyvalence dans un seul et m\u00eame design.\" \/>\n<meta name=\"robots\" content=\"noindex, follow, max-snippet:-1, max-image-preview:large, max-video-preview:-1\" \/>\n<meta property=\"og:locale\" content=\"fr_FR\" \/>\n<meta property=\"og:type\" content=\"article\" \/>\n<meta property=\"og:title\" content=\"\u25b6 D\u00e9couvrez \u00ab Let&#039;s Sit \u00bb : notre canap\u00e9 modulaire pour salle d&#039;attente de bureau - Groupe Forma 5\" \/>\n<meta property=\"og:description\" content=\"D\u00e9couvrez \u00ab Let&#039;s Sit \u00bb : notre canap\u00e9 modulaire pour les salles d&#039;attente et les salles \u00e0 manger du groupe Forma 5. Confort et polyvalence dans un seul et m\u00eame design.\" \/>\n<meta property=\"og:url\" content=\"https:\/\/test.forma5.com\/fr\/tables-bureaux\/reception-salle-dattente\/lets-sit\/\" \/>\n<meta property=\"og:site_name\" content=\"Forma 5\" \/>\n<meta property=\"article:modified_time\" content=\"2025-06-20T07:04:13+00:00\" \/>\n<meta property=\"og:image\" content=\"https:\/\/test.forma5.com\/wp-content\/uploads\/letssit.webp\" \/>\n\t<meta property=\"og:image:width\" content=\"1200\" \/>\n\t<meta property=\"og:image:height\" content=\"1200\" \/>\n\t<meta property=\"og:image:type\" content=\"image\/webp\" \/>\n<meta name=\"twitter:card\" content=\"summary_large_image\" \/>\n<meta name=\"twitter:label1\" content=\"Dur\u00e9e de lecture estim\u00e9e\" \/>\n\t<meta name=\"twitter:data1\" content=\"1 minute\" \/>\n<script type=\"application\/ld+json\" class=\"yoast-schema-graph\">{\"@context\":\"https:\/\/schema.org\",\"@graph\":[{\"@type\":\"WebPage\",\"@id\":\"https:\/\/test.forma5.com\/fr\/tables-bureaux\/reception-salle-dattente\/lets-sit\/\",\"url\":\"https:\/\/test.forma5.com\/fr\/tables-bureaux\/reception-salle-dattente\/lets-sit\/\",\"name\":\"\u25b6 D\u00e9couvrez \u00ab Let's Sit \u00bb : notre canap\u00e9 modulaire pour salle d'attente de bureau - Groupe Forma 5\",\"isPartOf\":{\"@id\":\"https:\/\/test.forma5.com\/fr\/#website\"},\"primaryImageOfPage\":{\"@id\":\"https:\/\/test.forma5.com\/fr\/tables-bureaux\/reception-salle-dattente\/lets-sit\/#primaryimage\"},\"image\":{\"@id\":\"https:\/\/test.forma5.com\/fr\/tables-bureaux\/reception-salle-dattente\/lets-sit\/#primaryimage\"},\"thumbnailUrl\":\"https:\/\/test.forma5.com\/wp-content\/uploads\/letssit.webp\",\"datePublished\":\"2025-05-26T07:14:22+00:00\",\"dateModified\":\"2025-06-20T07:04:13+00:00\",\"description\":\"D\u00e9couvrez \u00ab Let's Sit \u00bb : notre canap\u00e9 modulaire pour les salles d'attente et les salles \u00e0 manger du groupe Forma 5. Confort et polyvalence dans un seul et m\u00eame design.\",\"breadcrumb\":{\"@id\":\"https:\/\/test.forma5.com\/fr\/tables-bureaux\/reception-salle-dattente\/lets-sit\/#breadcrumb\"},\"inLanguage\":\"fr-FR\",\"potentialAction\":[{\"@type\":\"ReadAction\",\"target\":[\"https:\/\/test.forma5.com\/fr\/tables-bureaux\/reception-salle-dattente\/lets-sit\/\"]}]},{\"@type\":\"ImageObject\",\"inLanguage\":\"fr-FR\",\"@id\":\"https:\/\/test.forma5.com\/fr\/tables-bureaux\/reception-salle-dattente\/lets-sit\/#primaryimage\",\"url\":\"https:\/\/test.forma5.com\/wp-content\/uploads\/letssit.webp\",\"contentUrl\":\"https:\/\/test.forma5.com\/wp-content\/uploads\/letssit.webp\",\"width\":1200,\"height\":1200},{\"@type\":\"BreadcrumbList\",\"@id\":\"https:\/\/test.forma5.com\/fr\/tables-bureaux\/reception-salle-dattente\/lets-sit\/#breadcrumb\",\"itemListElement\":[{\"@type\":\"ListItem\",\"position\":1,\"name\":\"Portada\",\"item\":\"https:\/\/test.forma5.com\/fr\/\"},{\"@type\":\"ListItem\",\"position\":2,\"name\":\"Productos\",\"item\":\"https:\/\/test.forma5.com\/shop\/\"},{\"@type\":\"ListItem\",\"position\":3,\"name\":\"Let&#8217;s Sit\"}]},{\"@type\":\"WebSite\",\"@id\":\"https:\/\/test.forma5.com\/fr\/#website\",\"url\":\"https:\/\/test.forma5.com\/fr\/\",\"name\":\"Forma 5\",\"description\":\"\",\"publisher\":{\"@id\":\"https:\/\/test.forma5.com\/fr\/#organization\"},\"potentialAction\":[{\"@type\":\"SearchAction\",\"target\":{\"@type\":\"EntryPoint\",\"urlTemplate\":\"https:\/\/test.forma5.com\/fr\/?s={search_term_string}\"},\"query-input\":{\"@type\":\"PropertyValueSpecification\",\"valueRequired\":true,\"valueName\":\"search_term_string\"}}],\"inLanguage\":\"fr-FR\"},{\"@type\":\"Organization\",\"@id\":\"https:\/\/test.forma5.com\/fr\/#organization\",\"name\":\"Forma 5\",\"url\":\"https:\/\/test.forma5.com\/fr\/\",\"logo\":{\"@type\":\"ImageObject\",\"inLanguage\":\"fr-FR\",\"@id\":\"https:\/\/test.forma5.com\/fr\/#\/schema\/logo\/image\/\",\"url\":\"https:\/\/test.forma5.com\/wp-content\/uploads\/logo.svg\",\"contentUrl\":\"https:\/\/test.forma5.com\/wp-content\/uploads\/logo.svg\",\"width\":169,\"height\":36,\"caption\":\"Forma 5\"},\"image\":{\"@id\":\"https:\/\/test.forma5.com\/fr\/#\/schema\/logo\/image\/\"}}]}<\/script>\n<!-- \/ Yoast SEO plugin. -->","yoast_head_json":{"title":"\u25b6 D\u00e9couvrez \u00ab Let's Sit \u00bb : notre canap\u00e9 modulaire pour salle d'attente de bureau - Groupe Forma 5","description":"D\u00e9couvrez \u00ab Let's Sit \u00bb : notre canap\u00e9 modulaire pour les salles d'attente et les salles \u00e0 manger du groupe Forma 5. Confort et polyvalence dans un seul et m\u00eame design.","robots":{"index":"noindex","follow":"follow","max-snippet":"max-snippet:-1","max-image-preview":"max-image-preview:large","max-video-preview":"max-video-preview:-1"},"og_locale":"fr_FR","og_type":"article","og_title":"\u25b6 D\u00e9couvrez \u00ab Let's Sit \u00bb : notre canap\u00e9 modulaire pour salle d'attente de bureau - Groupe Forma 5","og_description":"D\u00e9couvrez \u00ab Let's Sit \u00bb : notre canap\u00e9 modulaire pour les salles d'attente et les salles \u00e0 manger du groupe Forma 5. Confort et polyvalence dans un seul et m\u00eame design.","og_url":"https:\/\/test.forma5.com\/fr\/tables-bureaux\/reception-salle-dattente\/lets-sit\/","og_site_name":"Forma 5","article_modified_time":"2025-06-20T07:04:13+00:00","og_image":[{"width":1200,"height":1200,"url":"https:\/\/test.forma5.com\/wp-content\/uploads\/letssit.webp","type":"image\/webp"}],"twitter_card":"summary_large_image","twitter_misc":{"Dur\u00e9e de lecture estim\u00e9e":"1 minute"},"schema":{"@context":"https:\/\/schema.org","@graph":[{"@type":"WebPage","@id":"https:\/\/test.forma5.com\/fr\/tables-bureaux\/reception-salle-dattente\/lets-sit\/","url":"https:\/\/test.forma5.com\/fr\/tables-bureaux\/reception-salle-dattente\/lets-sit\/","name":"\u25b6 D\u00e9couvrez \u00ab Let's Sit \u00bb : notre canap\u00e9 modulaire pour salle d'attente de bureau - Groupe Forma 5","isPartOf":{"@id":"https:\/\/test.forma5.com\/fr\/#website"},"primaryImageOfPage":{"@id":"https:\/\/test.forma5.com\/fr\/tables-bureaux\/reception-salle-dattente\/lets-sit\/#primaryimage"},"image":{"@id":"https:\/\/test.forma5.com\/fr\/tables-bureaux\/reception-salle-dattente\/lets-sit\/#primaryimage"},"thumbnailUrl":"https:\/\/test.forma5.com\/wp-content\/uploads\/letssit.webp","datePublished":"2025-05-26T07:14:22+00:00","dateModified":"2025-06-20T07:04:13+00:00","description":"D\u00e9couvrez \u00ab Let's Sit \u00bb : notre canap\u00e9 modulaire pour les salles d'attente et les salles \u00e0 manger du groupe Forma 5. Confort et polyvalence dans un seul et m\u00eame design.","breadcrumb":{"@id":"https:\/\/test.forma5.com\/fr\/tables-bureaux\/reception-salle-dattente\/lets-sit\/#breadcrumb"},"inLanguage":"fr-FR","potentialAction":[{"@type":"ReadAction","target":["https:\/\/test.forma5.com\/fr\/tables-bureaux\/reception-salle-dattente\/lets-sit\/"]}]},{"@type":"ImageObject","inLanguage":"fr-FR","@id":"https:\/\/test.forma5.com\/fr\/tables-bureaux\/reception-salle-dattente\/lets-sit\/#primaryimage","url":"https:\/\/test.forma5.com\/wp-content\/uploads\/letssit.webp","contentUrl":"https:\/\/test.forma5.com\/wp-content\/uploads\/letssit.webp","width":1200,"height":1200},{"@type":"BreadcrumbList","@id":"https:\/\/test.forma5.com\/fr\/tables-bureaux\/reception-salle-dattente\/lets-sit\/#breadcrumb","itemListElement":[{"@type":"ListItem","position":1,"name":"Portada","item":"https:\/\/test.forma5.com\/fr\/"},{"@type":"ListItem","position":2,"name":"Productos","item":"https:\/\/test.forma5.com\/shop\/"},{"@type":"ListItem","position":3,"name":"Let&#8217;s Sit"}]},{"@type":"WebSite","@id":"https:\/\/test.forma5.com\/fr\/#website","url":"https:\/\/test.forma5.com\/fr\/","name":"Forma 5","description":"","publisher":{"@id":"https:\/\/test.forma5.com\/fr\/#organization"},"potentialAction":[{"@type":"SearchAction","target":{"@type":"EntryPoint","urlTemplate":"https:\/\/test.forma5.com\/fr\/?s={search_term_string}"},"query-input":{"@type":"PropertyValueSpecification","valueRequired":true,"valueName":"search_term_string"}}],"inLanguage":"fr-FR"},{"@type":"Organization","@id":"https:\/\/test.forma5.com\/fr\/#organization","name":"Forma 5","url":"https:\/\/test.forma5.com\/fr\/","logo":{"@type":"ImageObject","inLanguage":"fr-FR","@id":"https:\/\/test.forma5.com\/fr\/#\/schema\/logo\/image\/","url":"https:\/\/test.forma5.com\/wp-content\/uploads\/logo.svg","contentUrl":"https:\/\/test.forma5.com\/wp-content\/uploads\/logo.svg","width":169,"height":36,"caption":"Forma 5"},"image":{"@id":"https:\/\/test.forma5.com\/fr\/#\/schema\/logo\/image\/"}}]}},"_links":{"self":[{"href":"https:\/\/test.forma5.com\/fr\/wp-json\/wp\/v2\/product\/5031","targetHints":{"allow":["GET"]}}],"collection":[{"href":"https:\/\/test.forma5.com\/fr\/wp-json\/wp\/v2\/product"}],"about":[{"href":"https:\/\/test.forma5.com\/fr\/wp-json\/wp\/v2\/types\/product"}],"acf:attachment":[{"embeddable":true,"href":"https:\/\/test.forma5.com\/fr\/wp-json\/wp\/v2\/media\/2733"},{"embeddable":true,"href":"https:\/\/test.forma5.com\/fr\/wp-json\/wp\/v2\/media\/2721"}],"acf:post":[{"embeddable":true,"href":"https:\/\/test.forma5.com\/fr\/wp-json\/wp\/v2\/disenador\/1040"}],"wp:featuredmedia":[{"embeddable":true,"href":"https:\/\/test.forma5.com\/fr\/wp-json\/wp\/v2\/media\/5033"}],"wp:attachment":[{"href":"https:\/\/test.forma5.com\/fr\/wp-json\/wp\/v2\/media?parent=5031"}],"wp:term":[{"taxonomy":"product_brand","embeddable":true,"href":"https:\/\/test.forma5.com\/fr\/wp-json\/wp\/v2\/product_brand?post=5031"},{"taxonomy":"product_cat","embeddable":true,"href":"https:\/\/test.forma5.com\/fr\/wp-json\/wp\/v2\/product_cat?post=5031"},{"taxonomy":"product_tag","embeddable":true,"href":"https:\/\/test.forma5.com\/fr\/wp-json\/wp\/v2\/product_tag?post=5031"}],"curies":[{"name":"wp","href":"https:\/\/api.w.org\/{rel}","templated":true}]}}