{"id":5023,"date":"2024-08-19T11:26:45","date_gmt":"2024-08-19T09:26:45","guid":{"rendered":"https:\/\/test.forma5.com\/producto\/non%20class\u00e9\/estructura-v30\/"},"modified":"2025-09-19T07:54:12","modified_gmt":"2025-09-19T05:54:12","slug":"v30","status":"publish","type":"product","link":"https:\/\/test.forma5.com\/fr\/producto\/estructura-v30\/","title":{"rendered":"V30"},"content":{"rendered":"<p>Le syst\u00e8me V30 offre une large gamme de compositions pour r\u00e9pondre aux nombreuses solutions d\u2019am\u00e9nagement des espaces de bureau. Gr\u00e2ce \u00e0 sa structure annulaire et \u00e0 son plateau de 30 mm d\u2019\u00e9paisseur, le V30 se distingue par sa robustesse visuelle et figure parmi les gammes les plus polyvalentes et adaptables de Forma 5.<\/p>\n","protected":false},"excerpt":{"rendered":"<h2>Un design \u00e9l\u00e9gant avec une <em>touche ex\u00e9cutive distinctive.<\/em><\/h2>\n","protected":false},"featured_media":5025,"template":"","meta":{"_acf_changed":false},"product_brand":[],"product_cat":[143,144],"product_tag":[],"class_list":{"0":"post-5023","1":"product","2":"type-product","3":"status-publish","4":"has-post-thumbnail","6":"product_cat-tables-bureaux","7":"product_cat-systemes","9":"first","10":"instock","11":"shipping-taxable","12":"product-type-simple"},"acf":{"bigger_product_image":["isBigger"],"background-text":"","product_designer":[1042],"inactive_designer_info":{"custom_designer_name":"","custom_designer_image":null},"scene_gallery":[2687,2691,2695],"gallery_bg_color":"#9b9b9b","details_gallery":[{"slide_text":"Des structures d\u2019une \u00e9l\u00e9gance et d\u2019une simplicit\u00e9 exceptionnelles, o\u00f9 se combinent diff\u00e9rents \u00e9l\u00e9ments pour former des syst\u00e8mes toujours plus complets, \u00e9quilibr\u00e9s et parfaits. Une m\u00e9thode qui enrichit pas \u00e0 pas le potentiel et la polyvalence du produit.","slide_image":2693},{"slide_text":"La s\u00e9rie V30 poss\u00e8de une identit\u00e9 propre gr\u00e2ce \u00e0 sa structure ferm\u00e9e en forme d\u2019anneau rectangulaire.","slide_image":2689}],"product_video":{"video_link":"https:\/\/vimeo.com\/995334124","video_cover":2691},"product_downloads_path":"mesas-oficina\/escritorio","product_downloads":[{"select_file_type":"normal","file_type":"catalog","file_type_special":"","file_name":"C_V30.pdf","file_customlabel":"Catalogue"},{"select_file_type":"normal","file_type":"technicalFeatures","file_type_special":"","file_name":"_CCTT_V30.pdf","file_customlabel":"Caract\u00e9ristiques techniques"},{"select_file_type":"normal","file_type":"productCertificate","file_type_special":"","file_name":"V30_rev04_Firmado.pdf","file_customlabel":"Certificat de produit"},{"select_file_type":"normal","file_type":"images","file_type_special":"","file_name":"11_V30.zip","file_customlabel":"Images"},{"select_file_type":"normal","file_type":"autocad","file_type_special":"","file_name":"V30.zip","file_customlabel":"G\u00e9om\u00e9trie 3D"},{"select_file_type":"normal","file_type":"revitBim","file_type_special":"","file_name":"V30.zip","file_customlabel":"Revit\/BIM"}],"grid_image_gallery":null},"yoast_head":"<!-- This site is optimized with the Yoast SEO plugin v25.2 - https:\/\/yoast.com\/wordpress\/plugins\/seo\/ -->\n<title>\u25b6 D\u00e9couvrez V30: notre bureau banc<\/title>\n<meta name=\"description\" content=\"D\u00e9couvrez V30 : notre s\u00e9rie de bureaux con\u00e7ue par le Groupe Forma 5. Une solution robuste et fonctionnelle pour votre espace de travail.\" \/>\n<meta name=\"robots\" content=\"noindex, follow, max-snippet:-1, max-image-preview:large, max-video-preview:-1\" \/>\n<meta property=\"og:locale\" content=\"fr_FR\" \/>\n<meta property=\"og:type\" content=\"article\" \/>\n<meta property=\"og:title\" content=\"\u25b6 D\u00e9couvrez V30: notre bureau banc\" \/>\n<meta property=\"og:description\" content=\"D\u00e9couvrez V30 : notre s\u00e9rie de bureaux con\u00e7ue par le Groupe Forma 5. Une solution robuste et fonctionnelle pour votre espace de travail.\" \/>\n<meta property=\"og:url\" content=\"https:\/\/test.forma5.com\/fr\/producto\/estructura-v30\/\" \/>\n<meta property=\"og:site_name\" content=\"Forma 5\" \/>\n<meta property=\"article:modified_time\" content=\"2025-09-19T05:54:12+00:00\" \/>\n<meta property=\"og:image\" content=\"https:\/\/test.forma5.com\/wp-content\/uploads\/v30.webp\" \/>\n\t<meta property=\"og:image:width\" content=\"1200\" \/>\n\t<meta property=\"og:image:height\" content=\"1200\" \/>\n\t<meta property=\"og:image:type\" content=\"image\/webp\" \/>\n<meta name=\"twitter:card\" content=\"summary_large_image\" \/>\n<meta name=\"twitter:label1\" content=\"Dur\u00e9e de lecture estim\u00e9e\" \/>\n\t<meta name=\"twitter:data1\" content=\"1 minute\" \/>\n<script type=\"application\/ld+json\" class=\"yoast-schema-graph\">{\"@context\":\"https:\/\/schema.org\",\"@graph\":[{\"@type\":\"WebPage\",\"@id\":\"https:\/\/test.forma5.com\/fr\/producto\/estructura-v30\/\",\"url\":\"https:\/\/test.forma5.com\/fr\/producto\/estructura-v30\/\",\"name\":\"\u25b6 D\u00e9couvrez V30: notre bureau banc\",\"isPartOf\":{\"@id\":\"https:\/\/test.forma5.com\/fr\/#website\"},\"primaryImageOfPage\":{\"@id\":\"https:\/\/test.forma5.com\/fr\/producto\/estructura-v30\/#primaryimage\"},\"image\":{\"@id\":\"https:\/\/test.forma5.com\/fr\/producto\/estructura-v30\/#primaryimage\"},\"thumbnailUrl\":\"https:\/\/test.forma5.com\/wp-content\/uploads\/v30.webp\",\"datePublished\":\"2024-08-19T09:26:45+00:00\",\"dateModified\":\"2025-09-19T05:54:12+00:00\",\"description\":\"D\u00e9couvrez V30 : notre s\u00e9rie de bureaux con\u00e7ue par le Groupe Forma 5. Une solution robuste et fonctionnelle pour votre espace de travail.\",\"breadcrumb\":{\"@id\":\"https:\/\/test.forma5.com\/fr\/producto\/estructura-v30\/#breadcrumb\"},\"inLanguage\":\"fr-FR\",\"potentialAction\":[{\"@type\":\"ReadAction\",\"target\":[\"https:\/\/test.forma5.com\/fr\/producto\/estructura-v30\/\"]}]},{\"@type\":\"ImageObject\",\"inLanguage\":\"fr-FR\",\"@id\":\"https:\/\/test.forma5.com\/fr\/producto\/estructura-v30\/#primaryimage\",\"url\":\"https:\/\/test.forma5.com\/wp-content\/uploads\/v30.webp\",\"contentUrl\":\"https:\/\/test.forma5.com\/wp-content\/uploads\/v30.webp\",\"width\":1200,\"height\":1200},{\"@type\":\"BreadcrumbList\",\"@id\":\"https:\/\/test.forma5.com\/fr\/producto\/estructura-v30\/#breadcrumb\",\"itemListElement\":[{\"@type\":\"ListItem\",\"position\":1,\"name\":\"Portada\",\"item\":\"https:\/\/test.forma5.com\/fr\/\"},{\"@type\":\"ListItem\",\"position\":2,\"name\":\"Productos\",\"item\":\"https:\/\/test.forma5.com\/shop\/\"},{\"@type\":\"ListItem\",\"position\":3,\"name\":\"V30\"}]},{\"@type\":\"WebSite\",\"@id\":\"https:\/\/test.forma5.com\/fr\/#website\",\"url\":\"https:\/\/test.forma5.com\/fr\/\",\"name\":\"Forma 5\",\"description\":\"\",\"publisher\":{\"@id\":\"https:\/\/test.forma5.com\/fr\/#organization\"},\"potentialAction\":[{\"@type\":\"SearchAction\",\"target\":{\"@type\":\"EntryPoint\",\"urlTemplate\":\"https:\/\/test.forma5.com\/fr\/?s={search_term_string}\"},\"query-input\":{\"@type\":\"PropertyValueSpecification\",\"valueRequired\":true,\"valueName\":\"search_term_string\"}}],\"inLanguage\":\"fr-FR\"},{\"@type\":\"Organization\",\"@id\":\"https:\/\/test.forma5.com\/fr\/#organization\",\"name\":\"Forma 5\",\"url\":\"https:\/\/test.forma5.com\/fr\/\",\"logo\":{\"@type\":\"ImageObject\",\"inLanguage\":\"fr-FR\",\"@id\":\"https:\/\/test.forma5.com\/fr\/#\/schema\/logo\/image\/\",\"url\":\"https:\/\/test.forma5.com\/wp-content\/uploads\/logo.svg\",\"contentUrl\":\"https:\/\/test.forma5.com\/wp-content\/uploads\/logo.svg\",\"width\":169,\"height\":36,\"caption\":\"Forma 5\"},\"image\":{\"@id\":\"https:\/\/test.forma5.com\/fr\/#\/schema\/logo\/image\/\"}}]}<\/script>\n<!-- \/ Yoast SEO plugin. -->","yoast_head_json":{"title":"\u25b6 D\u00e9couvrez V30: notre bureau banc","description":"D\u00e9couvrez V30 : notre s\u00e9rie de bureaux con\u00e7ue par le Groupe Forma 5. Une solution robuste et fonctionnelle pour votre espace de travail.","robots":{"index":"noindex","follow":"follow","max-snippet":"max-snippet:-1","max-image-preview":"max-image-preview:large","max-video-preview":"max-video-preview:-1"},"og_locale":"fr_FR","og_type":"article","og_title":"\u25b6 D\u00e9couvrez V30: notre bureau banc","og_description":"D\u00e9couvrez V30 : notre s\u00e9rie de bureaux con\u00e7ue par le Groupe Forma 5. Une solution robuste et fonctionnelle pour votre espace de travail.","og_url":"https:\/\/test.forma5.com\/fr\/producto\/estructura-v30\/","og_site_name":"Forma 5","article_modified_time":"2025-09-19T05:54:12+00:00","og_image":[{"width":1200,"height":1200,"url":"https:\/\/test.forma5.com\/wp-content\/uploads\/v30.webp","type":"image\/webp"}],"twitter_card":"summary_large_image","twitter_misc":{"Dur\u00e9e de lecture estim\u00e9e":"1 minute"},"schema":{"@context":"https:\/\/schema.org","@graph":[{"@type":"WebPage","@id":"https:\/\/test.forma5.com\/fr\/producto\/estructura-v30\/","url":"https:\/\/test.forma5.com\/fr\/producto\/estructura-v30\/","name":"\u25b6 D\u00e9couvrez V30: notre bureau banc","isPartOf":{"@id":"https:\/\/test.forma5.com\/fr\/#website"},"primaryImageOfPage":{"@id":"https:\/\/test.forma5.com\/fr\/producto\/estructura-v30\/#primaryimage"},"image":{"@id":"https:\/\/test.forma5.com\/fr\/producto\/estructura-v30\/#primaryimage"},"thumbnailUrl":"https:\/\/test.forma5.com\/wp-content\/uploads\/v30.webp","datePublished":"2024-08-19T09:26:45+00:00","dateModified":"2025-09-19T05:54:12+00:00","description":"D\u00e9couvrez V30 : notre s\u00e9rie de bureaux con\u00e7ue par le Groupe Forma 5. Une solution robuste et fonctionnelle pour votre espace de travail.","breadcrumb":{"@id":"https:\/\/test.forma5.com\/fr\/producto\/estructura-v30\/#breadcrumb"},"inLanguage":"fr-FR","potentialAction":[{"@type":"ReadAction","target":["https:\/\/test.forma5.com\/fr\/producto\/estructura-v30\/"]}]},{"@type":"ImageObject","inLanguage":"fr-FR","@id":"https:\/\/test.forma5.com\/fr\/producto\/estructura-v30\/#primaryimage","url":"https:\/\/test.forma5.com\/wp-content\/uploads\/v30.webp","contentUrl":"https:\/\/test.forma5.com\/wp-content\/uploads\/v30.webp","width":1200,"height":1200},{"@type":"BreadcrumbList","@id":"https:\/\/test.forma5.com\/fr\/producto\/estructura-v30\/#breadcrumb","itemListElement":[{"@type":"ListItem","position":1,"name":"Portada","item":"https:\/\/test.forma5.com\/fr\/"},{"@type":"ListItem","position":2,"name":"Productos","item":"https:\/\/test.forma5.com\/shop\/"},{"@type":"ListItem","position":3,"name":"V30"}]},{"@type":"WebSite","@id":"https:\/\/test.forma5.com\/fr\/#website","url":"https:\/\/test.forma5.com\/fr\/","name":"Forma 5","description":"","publisher":{"@id":"https:\/\/test.forma5.com\/fr\/#organization"},"potentialAction":[{"@type":"SearchAction","target":{"@type":"EntryPoint","urlTemplate":"https:\/\/test.forma5.com\/fr\/?s={search_term_string}"},"query-input":{"@type":"PropertyValueSpecification","valueRequired":true,"valueName":"search_term_string"}}],"inLanguage":"fr-FR"},{"@type":"Organization","@id":"https:\/\/test.forma5.com\/fr\/#organization","name":"Forma 5","url":"https:\/\/test.forma5.com\/fr\/","logo":{"@type":"ImageObject","inLanguage":"fr-FR","@id":"https:\/\/test.forma5.com\/fr\/#\/schema\/logo\/image\/","url":"https:\/\/test.forma5.com\/wp-content\/uploads\/logo.svg","contentUrl":"https:\/\/test.forma5.com\/wp-content\/uploads\/logo.svg","width":169,"height":36,"caption":"Forma 5"},"image":{"@id":"https:\/\/test.forma5.com\/fr\/#\/schema\/logo\/image\/"}}]}},"_links":{"self":[{"href":"https:\/\/test.forma5.com\/fr\/wp-json\/wp\/v2\/product\/5023","targetHints":{"allow":["GET"]}}],"collection":[{"href":"https:\/\/test.forma5.com\/fr\/wp-json\/wp\/v2\/product"}],"about":[{"href":"https:\/\/test.forma5.com\/fr\/wp-json\/wp\/v2\/types\/product"}],"acf:attachment":[{"embeddable":true,"href":"https:\/\/test.forma5.com\/fr\/wp-json\/wp\/v2\/media\/2695"},{"embeddable":true,"href":"https:\/\/test.forma5.com\/fr\/wp-json\/wp\/v2\/media\/2691"},{"embeddable":true,"href":"https:\/\/test.forma5.com\/fr\/wp-json\/wp\/v2\/media\/2687"}],"acf:post":[{"embeddable":true,"href":"https:\/\/test.forma5.com\/fr\/wp-json\/wp\/v2\/disenador\/1042"}],"wp:featuredmedia":[{"embeddable":true,"href":"https:\/\/test.forma5.com\/fr\/wp-json\/wp\/v2\/media\/5025"}],"wp:attachment":[{"href":"https:\/\/test.forma5.com\/fr\/wp-json\/wp\/v2\/media?parent=5023"}],"wp:term":[{"taxonomy":"product_brand","embeddable":true,"href":"https:\/\/test.forma5.com\/fr\/wp-json\/wp\/v2\/product_brand?post=5023"},{"taxonomy":"product_cat","embeddable":true,"href":"https:\/\/test.forma5.com\/fr\/wp-json\/wp\/v2\/product_cat?post=5023"},{"taxonomy":"product_tag","embeddable":true,"href":"https:\/\/test.forma5.com\/fr\/wp-json\/wp\/v2\/product_tag?post=5023"}],"curies":[{"name":"wp","href":"https:\/\/api.w.org\/{rel}","templated":true}]}}