{"id":5016,"date":"2024-08-19T11:06:22","date_gmt":"2024-08-19T09:06:22","guid":{"rendered":"https:\/\/test.forma5.com\/producto\/non%20class\u00e9\/regulable-altura-skala-ready\/"},"modified":"2025-06-03T14:59:24","modified_gmt":"2025-06-03T12:59:24","slug":"skala-ready","status":"publish","type":"product","link":"https:\/\/test.forma5.com\/fr\/tables-bureaux\/systemes\/skala-ready\/","title":{"rendered":"Skala Ready"},"content":{"rendered":"<p><span data-sheets-root=\"1\">Skala Ready est la solution id\u00e9ale pour les postes de travail \u00e0 domicile. Gr\u00e2ce \u00e0 sa technologie r\u00e9glable en hauteur, elle permet de cr\u00e9er un poste de travail totalement ergonomique et sain, sans renoncer aux postes de travail de bureau traditionnels.<\/span><\/p>\n","protected":false},"excerpt":{"rendered":"<h2>Ergonomie, sant\u00e9 et technologie gr\u00e2ce au <em>r\u00e9glage<\/em> en <em>hauteur<\/em><\/h2>\n","protected":false},"featured_media":5018,"template":"","meta":{"_acf_changed":false},"product_brand":[],"product_cat":[143,144],"product_tag":[],"class_list":{"0":"post-5016","1":"product","2":"type-product","3":"status-publish","4":"has-post-thumbnail","6":"product_cat-tables-bureaux","7":"product_cat-systemes","9":"first","10":"instock","11":"shipping-taxable","12":"product-type-simple"},"acf":{"bigger_product_image":["isBigger"],"background-text":"","product_designer":[4859],"inactive_designer_info":{"custom_designer_name":"","custom_designer_image":null},"scene_gallery":[6700,6708,6704],"gallery_bg_color":"#898989","details_gallery":[{"slide_text":"<span data-sheets-root=\"1\">La hauteur du plan de travail peut \u00eatre r\u00e9gl\u00e9e dans n'importe<strong> quelle position entre 70 et 120 cm.<\/strong><\/span>","slide_image":6712}],"product_video":{"video_link":"","video_cover":""},"product_downloads_path":"mesas-oficina\/escritorio","product_downloads":[{"select_file_type":"normal","file_type":"catalog","file_type_special":"","file_name":"Skala_Skala Ready.pdf","file_customlabel":"Catalogue Skala"},{"select_file_type":"normal","file_type":"technicalFeatures","file_type_special":"","file_name":"_CCTT_SkalaR.pdf","file_customlabel":"Caract\u00e9ristiques techniques"},{"select_file_type":"normal","file_type":"productCertificate","file_type_special":"","file_name":"SKALA_rev04_Firmado.pdf","file_customlabel":"Certificat de produit"},{"select_file_type":"normal","file_type":"images","file_type_special":"","file_name":"09_Skala Ready.zip","file_customlabel":"Images"},{"select_file_type":"normal","file_type":"autocad","file_type_special":"","file_name":"Skala ready.zip","file_customlabel":" G\u00e9om\u00e9trie 3D"},{"select_file_type":"normal","file_type":"revitBim","file_type_special":"","file_name":"SKALA.zip","file_customlabel":"G\u00e9om\u00e9trie Revit\/BIM"}],"grid_image_gallery":null},"yoast_head":"<!-- This site is optimized with the Yoast SEO plugin v25.2 - https:\/\/yoast.com\/wordpress\/plugins\/seo\/ -->\n<title>\u25b6 D\u00e9couvrez &#039;Skala Ready&#039; : nos bureaux debout - Groupe Forma 5<\/title>\n<meta name=\"description\" content=\"D\u00e9couvrez &#039;Skala Ready&#039; : nos bureaux debout r\u00e9glables du Groupe Forma 5. Flexibilit\u00e9 et confort adapt\u00e9s \u00e0 votre espace de travail.\" \/>\n<meta name=\"robots\" content=\"noindex, follow, max-snippet:-1, max-image-preview:large, max-video-preview:-1\" \/>\n<meta property=\"og:locale\" content=\"fr_FR\" \/>\n<meta property=\"og:type\" content=\"article\" \/>\n<meta property=\"og:title\" content=\"\u25b6 D\u00e9couvrez &#039;Skala Ready&#039; : nos bureaux debout - Groupe Forma 5\" \/>\n<meta property=\"og:description\" content=\"D\u00e9couvrez &#039;Skala Ready&#039; : nos bureaux debout r\u00e9glables du Groupe Forma 5. Flexibilit\u00e9 et confort adapt\u00e9s \u00e0 votre espace de travail.\" \/>\n<meta property=\"og:url\" content=\"https:\/\/test.forma5.com\/fr\/tables-bureaux\/systemes\/skala-ready\/\" \/>\n<meta property=\"og:site_name\" content=\"Forma 5\" \/>\n<meta property=\"article:modified_time\" content=\"2025-06-03T12:59:24+00:00\" \/>\n<meta property=\"og:image\" content=\"https:\/\/test.forma5.com\/wp-content\/uploads\/skalaready.webp\" \/>\n\t<meta property=\"og:image:width\" content=\"1200\" \/>\n\t<meta property=\"og:image:height\" content=\"1200\" \/>\n\t<meta property=\"og:image:type\" content=\"image\/webp\" \/>\n<meta name=\"twitter:card\" content=\"summary_large_image\" \/>\n<meta name=\"twitter:label1\" content=\"Dur\u00e9e de lecture estim\u00e9e\" \/>\n\t<meta name=\"twitter:data1\" content=\"1 minute\" \/>\n<script type=\"application\/ld+json\" class=\"yoast-schema-graph\">{\"@context\":\"https:\/\/schema.org\",\"@graph\":[{\"@type\":\"WebPage\",\"@id\":\"https:\/\/test.forma5.com\/fr\/tables-bureaux\/systemes\/skala-ready\/\",\"url\":\"https:\/\/test.forma5.com\/fr\/tables-bureaux\/systemes\/skala-ready\/\",\"name\":\"\u25b6 D\u00e9couvrez 'Skala Ready' : nos bureaux debout - Groupe Forma 5\",\"isPartOf\":{\"@id\":\"https:\/\/test.forma5.com\/fr\/#website\"},\"primaryImageOfPage\":{\"@id\":\"https:\/\/test.forma5.com\/fr\/tables-bureaux\/systemes\/skala-ready\/#primaryimage\"},\"image\":{\"@id\":\"https:\/\/test.forma5.com\/fr\/tables-bureaux\/systemes\/skala-ready\/#primaryimage\"},\"thumbnailUrl\":\"https:\/\/test.forma5.com\/wp-content\/uploads\/skalaready.webp\",\"datePublished\":\"2024-08-19T09:06:22+00:00\",\"dateModified\":\"2025-06-03T12:59:24+00:00\",\"description\":\"D\u00e9couvrez 'Skala Ready' : nos bureaux debout r\u00e9glables du Groupe Forma 5. Flexibilit\u00e9 et confort adapt\u00e9s \u00e0 votre espace de travail.\",\"breadcrumb\":{\"@id\":\"https:\/\/test.forma5.com\/fr\/tables-bureaux\/systemes\/skala-ready\/#breadcrumb\"},\"inLanguage\":\"fr-FR\",\"potentialAction\":[{\"@type\":\"ReadAction\",\"target\":[\"https:\/\/test.forma5.com\/fr\/tables-bureaux\/systemes\/skala-ready\/\"]}]},{\"@type\":\"ImageObject\",\"inLanguage\":\"fr-FR\",\"@id\":\"https:\/\/test.forma5.com\/fr\/tables-bureaux\/systemes\/skala-ready\/#primaryimage\",\"url\":\"https:\/\/test.forma5.com\/wp-content\/uploads\/skalaready.webp\",\"contentUrl\":\"https:\/\/test.forma5.com\/wp-content\/uploads\/skalaready.webp\",\"width\":1200,\"height\":1200},{\"@type\":\"BreadcrumbList\",\"@id\":\"https:\/\/test.forma5.com\/fr\/tables-bureaux\/systemes\/skala-ready\/#breadcrumb\",\"itemListElement\":[{\"@type\":\"ListItem\",\"position\":1,\"name\":\"Portada\",\"item\":\"https:\/\/test.forma5.com\/fr\/\"},{\"@type\":\"ListItem\",\"position\":2,\"name\":\"Productos\",\"item\":\"https:\/\/test.forma5.com\/shop\/\"},{\"@type\":\"ListItem\",\"position\":3,\"name\":\"Skala Ready\"}]},{\"@type\":\"WebSite\",\"@id\":\"https:\/\/test.forma5.com\/fr\/#website\",\"url\":\"https:\/\/test.forma5.com\/fr\/\",\"name\":\"Forma 5\",\"description\":\"\",\"publisher\":{\"@id\":\"https:\/\/test.forma5.com\/fr\/#organization\"},\"potentialAction\":[{\"@type\":\"SearchAction\",\"target\":{\"@type\":\"EntryPoint\",\"urlTemplate\":\"https:\/\/test.forma5.com\/fr\/?s={search_term_string}\"},\"query-input\":{\"@type\":\"PropertyValueSpecification\",\"valueRequired\":true,\"valueName\":\"search_term_string\"}}],\"inLanguage\":\"fr-FR\"},{\"@type\":\"Organization\",\"@id\":\"https:\/\/test.forma5.com\/fr\/#organization\",\"name\":\"Forma 5\",\"url\":\"https:\/\/test.forma5.com\/fr\/\",\"logo\":{\"@type\":\"ImageObject\",\"inLanguage\":\"fr-FR\",\"@id\":\"https:\/\/test.forma5.com\/fr\/#\/schema\/logo\/image\/\",\"url\":\"https:\/\/test.forma5.com\/wp-content\/uploads\/logo.svg\",\"contentUrl\":\"https:\/\/test.forma5.com\/wp-content\/uploads\/logo.svg\",\"width\":169,\"height\":36,\"caption\":\"Forma 5\"},\"image\":{\"@id\":\"https:\/\/test.forma5.com\/fr\/#\/schema\/logo\/image\/\"}}]}<\/script>\n<!-- \/ Yoast SEO plugin. -->","yoast_head_json":{"title":"\u25b6 D\u00e9couvrez 'Skala Ready' : nos bureaux debout - Groupe Forma 5","description":"D\u00e9couvrez 'Skala Ready' : nos bureaux debout r\u00e9glables du Groupe Forma 5. Flexibilit\u00e9 et confort adapt\u00e9s \u00e0 votre espace de travail.","robots":{"index":"noindex","follow":"follow","max-snippet":"max-snippet:-1","max-image-preview":"max-image-preview:large","max-video-preview":"max-video-preview:-1"},"og_locale":"fr_FR","og_type":"article","og_title":"\u25b6 D\u00e9couvrez 'Skala Ready' : nos bureaux debout - Groupe Forma 5","og_description":"D\u00e9couvrez 'Skala Ready' : nos bureaux debout r\u00e9glables du Groupe Forma 5. Flexibilit\u00e9 et confort adapt\u00e9s \u00e0 votre espace de travail.","og_url":"https:\/\/test.forma5.com\/fr\/tables-bureaux\/systemes\/skala-ready\/","og_site_name":"Forma 5","article_modified_time":"2025-06-03T12:59:24+00:00","og_image":[{"width":1200,"height":1200,"url":"https:\/\/test.forma5.com\/wp-content\/uploads\/skalaready.webp","type":"image\/webp"}],"twitter_card":"summary_large_image","twitter_misc":{"Dur\u00e9e de lecture estim\u00e9e":"1 minute"},"schema":{"@context":"https:\/\/schema.org","@graph":[{"@type":"WebPage","@id":"https:\/\/test.forma5.com\/fr\/tables-bureaux\/systemes\/skala-ready\/","url":"https:\/\/test.forma5.com\/fr\/tables-bureaux\/systemes\/skala-ready\/","name":"\u25b6 D\u00e9couvrez 'Skala Ready' : nos bureaux debout - Groupe Forma 5","isPartOf":{"@id":"https:\/\/test.forma5.com\/fr\/#website"},"primaryImageOfPage":{"@id":"https:\/\/test.forma5.com\/fr\/tables-bureaux\/systemes\/skala-ready\/#primaryimage"},"image":{"@id":"https:\/\/test.forma5.com\/fr\/tables-bureaux\/systemes\/skala-ready\/#primaryimage"},"thumbnailUrl":"https:\/\/test.forma5.com\/wp-content\/uploads\/skalaready.webp","datePublished":"2024-08-19T09:06:22+00:00","dateModified":"2025-06-03T12:59:24+00:00","description":"D\u00e9couvrez 'Skala Ready' : nos bureaux debout r\u00e9glables du Groupe Forma 5. Flexibilit\u00e9 et confort adapt\u00e9s \u00e0 votre espace de travail.","breadcrumb":{"@id":"https:\/\/test.forma5.com\/fr\/tables-bureaux\/systemes\/skala-ready\/#breadcrumb"},"inLanguage":"fr-FR","potentialAction":[{"@type":"ReadAction","target":["https:\/\/test.forma5.com\/fr\/tables-bureaux\/systemes\/skala-ready\/"]}]},{"@type":"ImageObject","inLanguage":"fr-FR","@id":"https:\/\/test.forma5.com\/fr\/tables-bureaux\/systemes\/skala-ready\/#primaryimage","url":"https:\/\/test.forma5.com\/wp-content\/uploads\/skalaready.webp","contentUrl":"https:\/\/test.forma5.com\/wp-content\/uploads\/skalaready.webp","width":1200,"height":1200},{"@type":"BreadcrumbList","@id":"https:\/\/test.forma5.com\/fr\/tables-bureaux\/systemes\/skala-ready\/#breadcrumb","itemListElement":[{"@type":"ListItem","position":1,"name":"Portada","item":"https:\/\/test.forma5.com\/fr\/"},{"@type":"ListItem","position":2,"name":"Productos","item":"https:\/\/test.forma5.com\/shop\/"},{"@type":"ListItem","position":3,"name":"Skala Ready"}]},{"@type":"WebSite","@id":"https:\/\/test.forma5.com\/fr\/#website","url":"https:\/\/test.forma5.com\/fr\/","name":"Forma 5","description":"","publisher":{"@id":"https:\/\/test.forma5.com\/fr\/#organization"},"potentialAction":[{"@type":"SearchAction","target":{"@type":"EntryPoint","urlTemplate":"https:\/\/test.forma5.com\/fr\/?s={search_term_string}"},"query-input":{"@type":"PropertyValueSpecification","valueRequired":true,"valueName":"search_term_string"}}],"inLanguage":"fr-FR"},{"@type":"Organization","@id":"https:\/\/test.forma5.com\/fr\/#organization","name":"Forma 5","url":"https:\/\/test.forma5.com\/fr\/","logo":{"@type":"ImageObject","inLanguage":"fr-FR","@id":"https:\/\/test.forma5.com\/fr\/#\/schema\/logo\/image\/","url":"https:\/\/test.forma5.com\/wp-content\/uploads\/logo.svg","contentUrl":"https:\/\/test.forma5.com\/wp-content\/uploads\/logo.svg","width":169,"height":36,"caption":"Forma 5"},"image":{"@id":"https:\/\/test.forma5.com\/fr\/#\/schema\/logo\/image\/"}}]}},"_links":{"self":[{"href":"https:\/\/test.forma5.com\/fr\/wp-json\/wp\/v2\/product\/5016","targetHints":{"allow":["GET"]}}],"collection":[{"href":"https:\/\/test.forma5.com\/fr\/wp-json\/wp\/v2\/product"}],"about":[{"href":"https:\/\/test.forma5.com\/fr\/wp-json\/wp\/v2\/types\/product"}],"acf:attachment":[{"embeddable":true,"href":"https:\/\/test.forma5.com\/fr\/wp-json\/wp\/v2\/media\/6704"},{"embeddable":true,"href":"https:\/\/test.forma5.com\/fr\/wp-json\/wp\/v2\/media\/6708"},{"embeddable":true,"href":"https:\/\/test.forma5.com\/fr\/wp-json\/wp\/v2\/media\/6700"}],"acf:post":[{"embeddable":true,"href":"https:\/\/test.forma5.com\/fr\/wp-json\/wp\/v2\/disenador\/4859"}],"wp:featuredmedia":[{"embeddable":true,"href":"https:\/\/test.forma5.com\/fr\/wp-json\/wp\/v2\/media\/5018"}],"wp:attachment":[{"href":"https:\/\/test.forma5.com\/fr\/wp-json\/wp\/v2\/media?parent=5016"}],"wp:term":[{"taxonomy":"product_brand","embeddable":true,"href":"https:\/\/test.forma5.com\/fr\/wp-json\/wp\/v2\/product_brand?post=5016"},{"taxonomy":"product_cat","embeddable":true,"href":"https:\/\/test.forma5.com\/fr\/wp-json\/wp\/v2\/product_cat?post=5016"},{"taxonomy":"product_tag","embeddable":true,"href":"https:\/\/test.forma5.com\/fr\/wp-json\/wp\/v2\/product_tag?post=5016"}],"curies":[{"name":"wp","href":"https:\/\/api.w.org\/{rel}","templated":true}]}}