{"id":5093,"date":"2024-01-05T13:53:12","date_gmt":"2024-01-05T12:53:12","guid":{"rendered":"https:\/\/test.forma5.com\/diseno-de-producto\/"},"modified":"2025-02-27T13:29:41","modified_gmt":"2025-02-27T12:29:41","slug":"createurs","status":"publish","type":"page","link":"https:\/\/test.forma5.com\/fr\/createurs\/","title":{"rendered":"Cr\u00e9ateurs de mobilier"},"content":{"rendered":"<div class=\"wp-block-columns flex-container is-layout-flex wp-container-core-columns-is-layout-9d6595d7 wp-block-columns-is-layout-flex\"><div class=\"wp-block-column is-layout-flow wp-block-column-is-layout-flow\" style=\"flex-basis:33.33%\"><h2 class=\"wp-block-heading\">Une id\u00e9e,<br>une <em>pens\u00e9e<\/em>, <br>un <em>sentiment<\/em>, <br>une <em>sensation<\/em>&#8230;<\/h2><\/div>\n\n<div class=\"wp-block-column is-layout-flow wp-block-column-is-layout-flow\" style=\"flex-basis:66.66%\"><p>Autant de concepts abstraits et \u00e9th\u00e9r\u00e9s que seuls les esprits les plus brillants sont capables de d\u00e9voiler au monde. C\u2019est tout l\u2019art du design, mettre \u00e0 nu ce que nous ressentons, fa\u00e7onner nos sentiments, pouvoir toucher une pens\u00e9e. Le groupe Forma 5 est conscient de l\u2019importance des cr\u00e9ateurs de produits au sein de notre secteur, car ils sont la cl\u00e9 pour toucher le c\u0153ur des personnes. Qu\u2019il s\u2019agisse de cr\u00e9er des meubles de bureau, de meubler et am\u00e9nager un espace de travail, d\u2019innover en ergonomie ou de miser sur le d\u00e9veloppement de produits durables, le cr\u00e9ateur ou la cr\u00e9atrice est la pi\u00e8ce angulaire des produits de Forma 5. L\u2019innovation constante en mati\u00e8re de conception de meubles et l\u2019utilisation des nouvelles technologies au service du design de produits sont deux aspects essentiels dans notre secteur, toujours dynamique et ouvert aux changements. Voil\u00e0 pourquoi, Forma 5 recherche des professionnels qui font de l\u2019innovation et du d\u00e9veloppement de produits leur \u00e9tendard, en plus de compter sur notre propre d\u00e9partement, consacr\u00e9 \u00e0 la cr\u00e9ation de produits innovants pour le mobilier d\u2019entreprise. <\/p>\n\n<p>Souhaitez-vous conna\u00eetre les professionnels qui con\u00e7oivent les meubles de Forma 5 ? Vous avez un designer ou une designeuse pr\u00e9f\u00e9r\u00e9e et vous souhaitez conna\u00eetre ses \u0153uvres ? Cliquez sur chacun de nos professionnels pour en savoir plus. Un monde de design et de cr\u00e9ativit\u00e9 vous attend.<\/p><\/div><\/div><p><\/p>","protected":false},"excerpt":{"rendered":"<p>Une id\u00e9e,une pens\u00e9e, un sentiment, une sensation&#8230; Autant de concepts abstraits et \u00e9th\u00e9r\u00e9s que seuls les esprits les plus brillants sont capables de d\u00e9voiler au monde. &#8230; <a title=\"Cr\u00e9ateurs de mobilier\" class=\"read-more\" href=\"https:\/\/test.forma5.com\/fr\/createurs\/\" aria-label=\"En savoir plus sur Cr\u00e9ateurs de mobilier\">Lire la suite<\/a><\/p>\n","protected":false},"author":1,"featured_media":5094,"parent":0,"menu_order":0,"comment_status":"closed","ping_status":"closed","template":"page-designers.php","meta":{"_acf_changed":false,"footnotes":""},"class_list":["post-5093","page","type-page","status-publish","has-post-thumbnail"],"acf":[],"yoast_head":"<!-- This site is optimized with the Yoast SEO plugin v25.2 - https:\/\/yoast.com\/wordpress\/plugins\/seo\/ -->\n<title>\u25b6 Cr\u00e9ateurs de mobilier - Groupe Forma 5<\/title>\n<meta name=\"description\" content=\"D\u00e9couvrez tous nos meubles de bureau Cr\u00e9ateurs de mobilier. L&#039;innovation et la cr\u00e9ativit\u00e9 au service de chaque projet. Cliquez ici pour en savoir plus !\" \/>\n<meta name=\"robots\" content=\"noindex, follow, max-snippet:-1, max-image-preview:large, max-video-preview:-1\" \/>\n<meta property=\"og:locale\" content=\"fr_FR\" \/>\n<meta property=\"og:type\" content=\"article\" \/>\n<meta property=\"og:title\" content=\"\u25b6 Cr\u00e9ateurs de mobilier - Groupe Forma 5\" \/>\n<meta property=\"og:description\" content=\"D\u00e9couvrez tous nos meubles de bureau Cr\u00e9ateurs de mobilier. L&#039;innovation et la cr\u00e9ativit\u00e9 au service de chaque projet. Cliquez ici pour en savoir plus !\" \/>\n<meta property=\"og:url\" content=\"https:\/\/test.forma5.com\/fr\/createurs\/\" \/>\n<meta property=\"og:site_name\" content=\"Forma 5\" \/>\n<meta property=\"article:modified_time\" content=\"2025-02-27T12:29:41+00:00\" \/>\n<meta property=\"og:image\" content=\"https:\/\/test.forma5.com\/wp-content\/uploads\/profesionales-scaled.webp\" \/>\n\t<meta property=\"og:image:width\" content=\"2560\" \/>\n\t<meta property=\"og:image:height\" content=\"1118\" \/>\n\t<meta property=\"og:image:type\" content=\"image\/webp\" \/>\n<meta name=\"twitter:card\" content=\"summary_large_image\" \/>\n<meta name=\"twitter:label1\" content=\"Dur\u00e9e de lecture estim\u00e9e\" \/>\n\t<meta name=\"twitter:data1\" content=\"2 minutes\" \/>\n<script type=\"application\/ld+json\" class=\"yoast-schema-graph\">{\"@context\":\"https:\/\/schema.org\",\"@graph\":[{\"@type\":\"WebPage\",\"@id\":\"https:\/\/test.forma5.com\/fr\/createurs\/\",\"url\":\"https:\/\/test.forma5.com\/fr\/createurs\/\",\"name\":\"\u25b6 Cr\u00e9ateurs de mobilier - Groupe Forma 5\",\"isPartOf\":{\"@id\":\"https:\/\/test.forma5.com\/fr\/#website\"},\"primaryImageOfPage\":{\"@id\":\"https:\/\/test.forma5.com\/fr\/createurs\/#primaryimage\"},\"image\":{\"@id\":\"https:\/\/test.forma5.com\/fr\/createurs\/#primaryimage\"},\"thumbnailUrl\":\"https:\/\/test.forma5.com\/wp-content\/uploads\/profesionales-scaled.webp\",\"datePublished\":\"2024-01-05T12:53:12+00:00\",\"dateModified\":\"2025-02-27T12:29:41+00:00\",\"description\":\"D\u00e9couvrez tous nos meubles de bureau Cr\u00e9ateurs de mobilier. L'innovation et la cr\u00e9ativit\u00e9 au service de chaque projet. Cliquez ici pour en savoir plus !\",\"breadcrumb\":{\"@id\":\"https:\/\/test.forma5.com\/fr\/createurs\/#breadcrumb\"},\"inLanguage\":\"fr-FR\",\"potentialAction\":[{\"@type\":\"ReadAction\",\"target\":[\"https:\/\/test.forma5.com\/fr\/createurs\/\"]}]},{\"@type\":\"ImageObject\",\"inLanguage\":\"fr-FR\",\"@id\":\"https:\/\/test.forma5.com\/fr\/createurs\/#primaryimage\",\"url\":\"https:\/\/test.forma5.com\/wp-content\/uploads\/profesionales-scaled.webp\",\"contentUrl\":\"https:\/\/test.forma5.com\/wp-content\/uploads\/profesionales-scaled.webp\",\"width\":2560,\"height\":1118},{\"@type\":\"BreadcrumbList\",\"@id\":\"https:\/\/test.forma5.com\/fr\/createurs\/#breadcrumb\",\"itemListElement\":[{\"@type\":\"ListItem\",\"position\":1,\"name\":\"Portada\",\"item\":\"https:\/\/test.forma5.com\/fr\/\"},{\"@type\":\"ListItem\",\"position\":2,\"name\":\"Cr\u00e9ateurs de mobilier\"}]},{\"@type\":\"WebSite\",\"@id\":\"https:\/\/test.forma5.com\/fr\/#website\",\"url\":\"https:\/\/test.forma5.com\/fr\/\",\"name\":\"Forma 5\",\"description\":\"\",\"publisher\":{\"@id\":\"https:\/\/test.forma5.com\/fr\/#organization\"},\"potentialAction\":[{\"@type\":\"SearchAction\",\"target\":{\"@type\":\"EntryPoint\",\"urlTemplate\":\"https:\/\/test.forma5.com\/fr\/?s={search_term_string}\"},\"query-input\":{\"@type\":\"PropertyValueSpecification\",\"valueRequired\":true,\"valueName\":\"search_term_string\"}}],\"inLanguage\":\"fr-FR\"},{\"@type\":\"Organization\",\"@id\":\"https:\/\/test.forma5.com\/fr\/#organization\",\"name\":\"Forma 5\",\"url\":\"https:\/\/test.forma5.com\/fr\/\",\"logo\":{\"@type\":\"ImageObject\",\"inLanguage\":\"fr-FR\",\"@id\":\"https:\/\/test.forma5.com\/fr\/#\/schema\/logo\/image\/\",\"url\":\"https:\/\/test.forma5.com\/wp-content\/uploads\/logo.svg\",\"contentUrl\":\"https:\/\/test.forma5.com\/wp-content\/uploads\/logo.svg\",\"width\":169,\"height\":36,\"caption\":\"Forma 5\"},\"image\":{\"@id\":\"https:\/\/test.forma5.com\/fr\/#\/schema\/logo\/image\/\"}}]}<\/script>\n<!-- \/ Yoast SEO plugin. -->","yoast_head_json":{"title":"\u25b6 Cr\u00e9ateurs de mobilier - Groupe Forma 5","description":"D\u00e9couvrez tous nos meubles de bureau Cr\u00e9ateurs de mobilier. L'innovation et la cr\u00e9ativit\u00e9 au service de chaque projet. Cliquez ici pour en savoir plus !","robots":{"index":"noindex","follow":"follow","max-snippet":"max-snippet:-1","max-image-preview":"max-image-preview:large","max-video-preview":"max-video-preview:-1"},"og_locale":"fr_FR","og_type":"article","og_title":"\u25b6 Cr\u00e9ateurs de mobilier - Groupe Forma 5","og_description":"D\u00e9couvrez tous nos meubles de bureau Cr\u00e9ateurs de mobilier. L'innovation et la cr\u00e9ativit\u00e9 au service de chaque projet. Cliquez ici pour en savoir plus !","og_url":"https:\/\/test.forma5.com\/fr\/createurs\/","og_site_name":"Forma 5","article_modified_time":"2025-02-27T12:29:41+00:00","og_image":[{"width":2560,"height":1118,"url":"https:\/\/test.forma5.com\/wp-content\/uploads\/profesionales-scaled.webp","type":"image\/webp"}],"twitter_card":"summary_large_image","twitter_misc":{"Dur\u00e9e de lecture estim\u00e9e":"2 minutes"},"schema":{"@context":"https:\/\/schema.org","@graph":[{"@type":"WebPage","@id":"https:\/\/test.forma5.com\/fr\/createurs\/","url":"https:\/\/test.forma5.com\/fr\/createurs\/","name":"\u25b6 Cr\u00e9ateurs de mobilier - Groupe Forma 5","isPartOf":{"@id":"https:\/\/test.forma5.com\/fr\/#website"},"primaryImageOfPage":{"@id":"https:\/\/test.forma5.com\/fr\/createurs\/#primaryimage"},"image":{"@id":"https:\/\/test.forma5.com\/fr\/createurs\/#primaryimage"},"thumbnailUrl":"https:\/\/test.forma5.com\/wp-content\/uploads\/profesionales-scaled.webp","datePublished":"2024-01-05T12:53:12+00:00","dateModified":"2025-02-27T12:29:41+00:00","description":"D\u00e9couvrez tous nos meubles de bureau Cr\u00e9ateurs de mobilier. L'innovation et la cr\u00e9ativit\u00e9 au service de chaque projet. Cliquez ici pour en savoir plus !","breadcrumb":{"@id":"https:\/\/test.forma5.com\/fr\/createurs\/#breadcrumb"},"inLanguage":"fr-FR","potentialAction":[{"@type":"ReadAction","target":["https:\/\/test.forma5.com\/fr\/createurs\/"]}]},{"@type":"ImageObject","inLanguage":"fr-FR","@id":"https:\/\/test.forma5.com\/fr\/createurs\/#primaryimage","url":"https:\/\/test.forma5.com\/wp-content\/uploads\/profesionales-scaled.webp","contentUrl":"https:\/\/test.forma5.com\/wp-content\/uploads\/profesionales-scaled.webp","width":2560,"height":1118},{"@type":"BreadcrumbList","@id":"https:\/\/test.forma5.com\/fr\/createurs\/#breadcrumb","itemListElement":[{"@type":"ListItem","position":1,"name":"Portada","item":"https:\/\/test.forma5.com\/fr\/"},{"@type":"ListItem","position":2,"name":"Cr\u00e9ateurs de mobilier"}]},{"@type":"WebSite","@id":"https:\/\/test.forma5.com\/fr\/#website","url":"https:\/\/test.forma5.com\/fr\/","name":"Forma 5","description":"","publisher":{"@id":"https:\/\/test.forma5.com\/fr\/#organization"},"potentialAction":[{"@type":"SearchAction","target":{"@type":"EntryPoint","urlTemplate":"https:\/\/test.forma5.com\/fr\/?s={search_term_string}"},"query-input":{"@type":"PropertyValueSpecification","valueRequired":true,"valueName":"search_term_string"}}],"inLanguage":"fr-FR"},{"@type":"Organization","@id":"https:\/\/test.forma5.com\/fr\/#organization","name":"Forma 5","url":"https:\/\/test.forma5.com\/fr\/","logo":{"@type":"ImageObject","inLanguage":"fr-FR","@id":"https:\/\/test.forma5.com\/fr\/#\/schema\/logo\/image\/","url":"https:\/\/test.forma5.com\/wp-content\/uploads\/logo.svg","contentUrl":"https:\/\/test.forma5.com\/wp-content\/uploads\/logo.svg","width":169,"height":36,"caption":"Forma 5"},"image":{"@id":"https:\/\/test.forma5.com\/fr\/#\/schema\/logo\/image\/"}}]}},"_links":{"self":[{"href":"https:\/\/test.forma5.com\/fr\/wp-json\/wp\/v2\/pages\/5093","targetHints":{"allow":["GET"]}}],"collection":[{"href":"https:\/\/test.forma5.com\/fr\/wp-json\/wp\/v2\/pages"}],"about":[{"href":"https:\/\/test.forma5.com\/fr\/wp-json\/wp\/v2\/types\/page"}],"author":[{"embeddable":true,"href":"https:\/\/test.forma5.com\/fr\/wp-json\/wp\/v2\/users\/1"}],"replies":[{"embeddable":true,"href":"https:\/\/test.forma5.com\/fr\/wp-json\/wp\/v2\/comments?post=5093"}],"version-history":[{"count":0,"href":"https:\/\/test.forma5.com\/fr\/wp-json\/wp\/v2\/pages\/5093\/revisions"}],"wp:featuredmedia":[{"embeddable":true,"href":"https:\/\/test.forma5.com\/fr\/wp-json\/wp\/v2\/media\/5094"}],"wp:attachment":[{"href":"https:\/\/test.forma5.com\/fr\/wp-json\/wp\/v2\/media?parent=5093"}],"curies":[{"name":"wp","href":"https:\/\/api.w.org\/{rel}","templated":true}]}}