{"id":4715,"date":"2023-10-30T10:35:21","date_gmt":"2023-10-30T09:35:21","guid":{"rendered":"https:\/\/test.forma5.com\/home\/"},"modified":"2025-09-25T14:28:08","modified_gmt":"2025-09-25T12:28:08","slug":"home","status":"publish","type":"page","link":"https:\/\/test.forma5.com\/fr\/","title":{"rendered":"Page d&rsquo;accueil (Home)"},"content":{"rendered":"","protected":false},"excerpt":{"rendered":"","protected":false},"author":1,"featured_media":0,"parent":0,"menu_order":0,"comment_status":"closed","ping_status":"closed","template":"page-home.php","meta":{"_acf_changed":false,"footnotes":""},"class_list":["post-4715","page","type-page","status-publish"],"acf":[],"yoast_head":"<!-- This site is optimized with the Yoast SEO plugin v25.2 - https:\/\/yoast.com\/wordpress\/plugins\/seo\/ -->\n<title>\u25b6 Usine de mobilier de bureau - Groupe Forma 5<\/title>\n<meta name=\"description\" content=\"Innovation en mati\u00e8re de mobilier de bureau, alliant design ergonomique et fonctionnalit\u00e9 pour des espaces de travail efficaces. Cliquez pour d\u00e9couvrir nos solutions de si\u00e8ges!\" \/>\n<meta name=\"robots\" content=\"noindex, follow, max-snippet:-1, max-image-preview:large, max-video-preview:-1\" \/>\n<meta property=\"og:locale\" content=\"fr_FR\" \/>\n<meta property=\"og:type\" content=\"article\" \/>\n<meta property=\"og:title\" content=\"\u25b6 Usine de mobilier de bureau - Groupe Forma 5\" \/>\n<meta property=\"og:description\" content=\"Innovation en mati\u00e8re de mobilier de bureau, alliant design ergonomique et fonctionnalit\u00e9 pour des espaces de travail efficaces. Cliquez pour d\u00e9couvrir nos solutions de si\u00e8ges!\" \/>\n<meta property=\"og:url\" content=\"https:\/\/test.forma5.com\/fr\/\" \/>\n<meta property=\"og:site_name\" content=\"Forma 5\" \/>\n<meta property=\"article:modified_time\" content=\"2025-09-25T12:28:08+00:00\" \/>\n<meta name=\"twitter:card\" content=\"summary_large_image\" \/>\n<script type=\"application\/ld+json\" class=\"yoast-schema-graph\">{\"@context\":\"https:\/\/schema.org\",\"@graph\":[{\"@type\":\"WebPage\",\"@id\":\"https:\/\/test.forma5.com\/fr\/\",\"url\":\"https:\/\/test.forma5.com\/fr\/\",\"name\":\"\u25b6 Usine de mobilier de bureau - Groupe Forma 5\",\"isPartOf\":{\"@id\":\"https:\/\/test.forma5.com\/fr\/#website\"},\"datePublished\":\"2023-10-30T09:35:21+00:00\",\"dateModified\":\"2025-09-25T12:28:08+00:00\",\"description\":\"Innovation en mati\u00e8re de mobilier de bureau, alliant design ergonomique et fonctionnalit\u00e9 pour des espaces de travail efficaces. Cliquez pour d\u00e9couvrir nos solutions de si\u00e8ges!\",\"breadcrumb\":{\"@id\":\"https:\/\/test.forma5.com\/fr\/#breadcrumb\"},\"inLanguage\":\"fr-FR\",\"potentialAction\":[{\"@type\":\"ReadAction\",\"target\":[\"https:\/\/test.forma5.com\/fr\/\"]}]},{\"@type\":\"BreadcrumbList\",\"@id\":\"https:\/\/test.forma5.com\/fr\/#breadcrumb\",\"itemListElement\":[{\"@type\":\"ListItem\",\"position\":1,\"name\":\"Portada\",\"item\":\"https:\/\/test.forma5.com\/fr\/\"},{\"@type\":\"ListItem\",\"position\":2,\"name\":\"Page d&rsquo;accueil (Home)\"}]},{\"@type\":\"WebSite\",\"@id\":\"https:\/\/test.forma5.com\/fr\/#website\",\"url\":\"https:\/\/test.forma5.com\/fr\/\",\"name\":\"Forma 5\",\"description\":\"\",\"publisher\":{\"@id\":\"https:\/\/test.forma5.com\/fr\/#organization\"},\"potentialAction\":[{\"@type\":\"SearchAction\",\"target\":{\"@type\":\"EntryPoint\",\"urlTemplate\":\"https:\/\/test.forma5.com\/fr\/?s={search_term_string}\"},\"query-input\":{\"@type\":\"PropertyValueSpecification\",\"valueRequired\":true,\"valueName\":\"search_term_string\"}}],\"inLanguage\":\"fr-FR\"},{\"@type\":\"Organization\",\"@id\":\"https:\/\/test.forma5.com\/fr\/#organization\",\"name\":\"Forma 5\",\"url\":\"https:\/\/test.forma5.com\/fr\/\",\"logo\":{\"@type\":\"ImageObject\",\"inLanguage\":\"fr-FR\",\"@id\":\"https:\/\/test.forma5.com\/fr\/#\/schema\/logo\/image\/\",\"url\":\"https:\/\/test.forma5.com\/wp-content\/uploads\/logo.svg\",\"contentUrl\":\"https:\/\/test.forma5.com\/wp-content\/uploads\/logo.svg\",\"width\":169,\"height\":36,\"caption\":\"Forma 5\"},\"image\":{\"@id\":\"https:\/\/test.forma5.com\/fr\/#\/schema\/logo\/image\/\"}}]}<\/script>\n<!-- \/ Yoast SEO plugin. -->","yoast_head_json":{"title":"\u25b6 Usine de mobilier de bureau - Groupe Forma 5","description":"Innovation en mati\u00e8re de mobilier de bureau, alliant design ergonomique et fonctionnalit\u00e9 pour des espaces de travail efficaces. Cliquez pour d\u00e9couvrir nos solutions de si\u00e8ges!","robots":{"index":"noindex","follow":"follow","max-snippet":"max-snippet:-1","max-image-preview":"max-image-preview:large","max-video-preview":"max-video-preview:-1"},"og_locale":"fr_FR","og_type":"article","og_title":"\u25b6 Usine de mobilier de bureau - Groupe Forma 5","og_description":"Innovation en mati\u00e8re de mobilier de bureau, alliant design ergonomique et fonctionnalit\u00e9 pour des espaces de travail efficaces. Cliquez pour d\u00e9couvrir nos solutions de si\u00e8ges!","og_url":"https:\/\/test.forma5.com\/fr\/","og_site_name":"Forma 5","article_modified_time":"2025-09-25T12:28:08+00:00","twitter_card":"summary_large_image","schema":{"@context":"https:\/\/schema.org","@graph":[{"@type":"WebPage","@id":"https:\/\/test.forma5.com\/fr\/","url":"https:\/\/test.forma5.com\/fr\/","name":"\u25b6 Usine de mobilier de bureau - Groupe Forma 5","isPartOf":{"@id":"https:\/\/test.forma5.com\/fr\/#website"},"datePublished":"2023-10-30T09:35:21+00:00","dateModified":"2025-09-25T12:28:08+00:00","description":"Innovation en mati\u00e8re de mobilier de bureau, alliant design ergonomique et fonctionnalit\u00e9 pour des espaces de travail efficaces. Cliquez pour d\u00e9couvrir nos solutions de si\u00e8ges!","breadcrumb":{"@id":"https:\/\/test.forma5.com\/fr\/#breadcrumb"},"inLanguage":"fr-FR","potentialAction":[{"@type":"ReadAction","target":["https:\/\/test.forma5.com\/fr\/"]}]},{"@type":"BreadcrumbList","@id":"https:\/\/test.forma5.com\/fr\/#breadcrumb","itemListElement":[{"@type":"ListItem","position":1,"name":"Portada","item":"https:\/\/test.forma5.com\/fr\/"},{"@type":"ListItem","position":2,"name":"Page d&rsquo;accueil (Home)"}]},{"@type":"WebSite","@id":"https:\/\/test.forma5.com\/fr\/#website","url":"https:\/\/test.forma5.com\/fr\/","name":"Forma 5","description":"","publisher":{"@id":"https:\/\/test.forma5.com\/fr\/#organization"},"potentialAction":[{"@type":"SearchAction","target":{"@type":"EntryPoint","urlTemplate":"https:\/\/test.forma5.com\/fr\/?s={search_term_string}"},"query-input":{"@type":"PropertyValueSpecification","valueRequired":true,"valueName":"search_term_string"}}],"inLanguage":"fr-FR"},{"@type":"Organization","@id":"https:\/\/test.forma5.com\/fr\/#organization","name":"Forma 5","url":"https:\/\/test.forma5.com\/fr\/","logo":{"@type":"ImageObject","inLanguage":"fr-FR","@id":"https:\/\/test.forma5.com\/fr\/#\/schema\/logo\/image\/","url":"https:\/\/test.forma5.com\/wp-content\/uploads\/logo.svg","contentUrl":"https:\/\/test.forma5.com\/wp-content\/uploads\/logo.svg","width":169,"height":36,"caption":"Forma 5"},"image":{"@id":"https:\/\/test.forma5.com\/fr\/#\/schema\/logo\/image\/"}}]}},"_links":{"self":[{"href":"https:\/\/test.forma5.com\/fr\/wp-json\/wp\/v2\/pages\/4715","targetHints":{"allow":["GET"]}}],"collection":[{"href":"https:\/\/test.forma5.com\/fr\/wp-json\/wp\/v2\/pages"}],"about":[{"href":"https:\/\/test.forma5.com\/fr\/wp-json\/wp\/v2\/types\/page"}],"author":[{"embeddable":true,"href":"https:\/\/test.forma5.com\/fr\/wp-json\/wp\/v2\/users\/1"}],"replies":[{"embeddable":true,"href":"https:\/\/test.forma5.com\/fr\/wp-json\/wp\/v2\/comments?post=4715"}],"version-history":[{"count":0,"href":"https:\/\/test.forma5.com\/fr\/wp-json\/wp\/v2\/pages\/4715\/revisions"}],"wp:attachment":[{"href":"https:\/\/test.forma5.com\/fr\/wp-json\/wp\/v2\/media?parent=4715"}],"curies":[{"name":"wp","href":"https:\/\/api.w.org\/{rel}","templated":true}]}}