{"id":4443,"date":"2025-05-25T07:57:50","date_gmt":"2025-05-25T05:57:50","guid":{"rendered":"https:\/\/test.forma5.com\/producto\/uncategorized\/allure\/"},"modified":"2025-05-26T14:14:55","modified_gmt":"2025-05-26T12:14:55","slug":"allure","status":"publish","type":"product","link":"https:\/\/test.forma5.com\/en\/chairs\/executive-office-chair\/allure\/","title":{"rendered":"Allure"},"content":{"rendered":"<p><span data-sheets-root=\"1\">Allure is a programme for management, decision-making and organisational positions. The task chairs are characterised by a soft line and the highest quality of pressure distribution to ensure comfort during use. The medium-height swivel and conference chair options offer the same aesthetic and ergonomic features for executive meeting rooms, boardrooms and corporate conference rooms.<\/span><\/p>\n","protected":false},"excerpt":{"rendered":"<h2><span data-sheets-root=\"1\">Distinguished by its <em>smooth lines<\/em> and <em>high quality<\/em><\/span><\/h2>\n<p>&nbsp;<\/p>\n","protected":false},"featured_media":6293,"template":"","meta":{"_acf_changed":false},"product_brand":[],"product_cat":[86,93],"product_tag":[],"class_list":{"0":"post-4443","1":"product","2":"type-product","3":"status-publish","4":"has-post-thumbnail","6":"product_cat-chairs","7":"product_cat-executive-office-chair","9":"first","10":"instock","11":"shipping-taxable","12":"product-type-simple"},"acf":{"bigger_product_image":"","background-text":"","product_designer":[1037],"inactive_designer_info":{"custom_designer_name":"","custom_designer_image":null},"scene_gallery":[2522,2512,2510],"gallery_bg_color":"#6b6b6b","details_gallery":[{"slide_text":"<span data-sheets-root=\"1\"><strong>Maximum quality<\/strong> applied to pressure distribution to ensure peace of mind during use.<\/span>","slide_image":2518},{"slide_text":"<span data-sheets-root=\"1\">This <strong>adjustable executive swivel<\/strong> chair has polished aluminium armrests, an upholstered seat and backrest, and an adjustable base and castors.<\/span>","slide_image":2514}],"product_video":{"video_link":"","video_cover":""},"product_downloads_path":"sillas\/sillones-despacho","product_downloads":[{"select_file_type":"normal","file_type":"catalog","file_type_special":"","file_name":"Allure.pdf","file_customlabel":"Catalogue"},{"select_file_type":"normal","file_type":"technicalFeatures","file_type_special":"","file_name":"_CCTT_Allure.pdf","file_customlabel":"Technical Features"},{"select_file_type":"normal","file_type":"productCertificate","file_type_special":"","file_name":"ALLURE-rev04_ingles-FIRMADO.pdf","file_customlabel":"Product Certificate"},{"select_file_type":"normal","file_type":"images","file_type_special":"","file_name":"01_Allure.zip","file_customlabel":"Images"},{"select_file_type":"normal","file_type":"autocad","file_type_special":"","file_name":"Allure.zip","file_customlabel":"3D Geometry"},{"select_file_type":"normal","file_type":"revitBim","file_type_special":"","file_name":"ALLURE.zip","file_customlabel":"Revit\/BIM"}],"grid_image_gallery":null},"yoast_head":"<!-- This site is optimized with the Yoast SEO plugin v25.2 - https:\/\/yoast.com\/wordpress\/plugins\/seo\/ -->\n<title>\u25b6 Sill\u00f3n de Despacho de Direcci\u00f3n &#039;Allure&#039; - Forma 5<\/title>\n<meta name=\"description\" content=\"Sill\u00f3n de despacho con dise\u00f1o de calidad m\u00e1xima para direcci\u00f3n y puestos organizativos, con confort ergon\u00f3mico y prestaciones ejecutivas.\" \/>\n<meta name=\"robots\" content=\"noindex, follow, max-snippet:-1, max-image-preview:large, max-video-preview:-1\" \/>\n<meta property=\"og:locale\" content=\"en_US\" \/>\n<meta property=\"og:type\" content=\"article\" \/>\n<meta property=\"og:title\" content=\"\u25b6 Sill\u00f3n de Despacho de Direcci\u00f3n &#039;Allure&#039; - Forma 5\" \/>\n<meta property=\"og:description\" content=\"Sill\u00f3n de despacho con dise\u00f1o de calidad m\u00e1xima para direcci\u00f3n y puestos organizativos, con confort ergon\u00f3mico y prestaciones ejecutivas.\" \/>\n<meta property=\"og:url\" content=\"https:\/\/test.forma5.com\/en\/chairs\/executive-office-chair\/allure\/\" \/>\n<meta property=\"og:site_name\" content=\"Forma 5\" \/>\n<meta property=\"article:modified_time\" content=\"2025-05-26T12:14:55+00:00\" \/>\n<meta property=\"og:image\" content=\"https:\/\/test.forma5.com\/wp-content\/uploads\/allure-1.png\" \/>\n\t<meta property=\"og:image:width\" content=\"800\" \/>\n\t<meta property=\"og:image:height\" content=\"800\" \/>\n\t<meta property=\"og:image:type\" content=\"image\/png\" \/>\n<meta name=\"twitter:card\" content=\"summary_large_image\" \/>\n<meta name=\"twitter:label1\" content=\"Est. reading time\" \/>\n\t<meta name=\"twitter:data1\" content=\"1 minute\" \/>\n<script type=\"application\/ld+json\" class=\"yoast-schema-graph\">{\"@context\":\"https:\/\/schema.org\",\"@graph\":[{\"@type\":\"WebPage\",\"@id\":\"https:\/\/test.forma5.com\/en\/chairs\/executive-office-chair\/allure\/\",\"url\":\"https:\/\/test.forma5.com\/en\/chairs\/executive-office-chair\/allure\/\",\"name\":\"\u25b6 Sill\u00f3n de Despacho de Direcci\u00f3n 'Allure' - Forma 5\",\"isPartOf\":{\"@id\":\"https:\/\/test.forma5.com\/en\/#website\"},\"primaryImageOfPage\":{\"@id\":\"https:\/\/test.forma5.com\/en\/chairs\/executive-office-chair\/allure\/#primaryimage\"},\"image\":{\"@id\":\"https:\/\/test.forma5.com\/en\/chairs\/executive-office-chair\/allure\/#primaryimage\"},\"thumbnailUrl\":\"https:\/\/test.forma5.com\/wp-content\/uploads\/allure-1.png\",\"datePublished\":\"2025-05-25T05:57:50+00:00\",\"dateModified\":\"2025-05-26T12:14:55+00:00\",\"description\":\"Sill\u00f3n de despacho con dise\u00f1o de calidad m\u00e1xima para direcci\u00f3n y puestos organizativos, con confort ergon\u00f3mico y prestaciones ejecutivas.\",\"breadcrumb\":{\"@id\":\"https:\/\/test.forma5.com\/en\/chairs\/executive-office-chair\/allure\/#breadcrumb\"},\"inLanguage\":\"en-US\",\"potentialAction\":[{\"@type\":\"ReadAction\",\"target\":[\"https:\/\/test.forma5.com\/en\/chairs\/executive-office-chair\/allure\/\"]}]},{\"@type\":\"ImageObject\",\"inLanguage\":\"en-US\",\"@id\":\"https:\/\/test.forma5.com\/en\/chairs\/executive-office-chair\/allure\/#primaryimage\",\"url\":\"https:\/\/test.forma5.com\/wp-content\/uploads\/allure-1.png\",\"contentUrl\":\"https:\/\/test.forma5.com\/wp-content\/uploads\/allure-1.png\",\"width\":800,\"height\":800},{\"@type\":\"BreadcrumbList\",\"@id\":\"https:\/\/test.forma5.com\/en\/chairs\/executive-office-chair\/allure\/#breadcrumb\",\"itemListElement\":[{\"@type\":\"ListItem\",\"position\":1,\"name\":\"Portada\",\"item\":\"https:\/\/test.forma5.com\/en\/\"},{\"@type\":\"ListItem\",\"position\":2,\"name\":\"Productos\",\"item\":\"https:\/\/test.forma5.com\/shop\/\"},{\"@type\":\"ListItem\",\"position\":3,\"name\":\"Allure\"}]},{\"@type\":\"WebSite\",\"@id\":\"https:\/\/test.forma5.com\/en\/#website\",\"url\":\"https:\/\/test.forma5.com\/en\/\",\"name\":\"Forma 5\",\"description\":\"\",\"publisher\":{\"@id\":\"https:\/\/test.forma5.com\/en\/#organization\"},\"potentialAction\":[{\"@type\":\"SearchAction\",\"target\":{\"@type\":\"EntryPoint\",\"urlTemplate\":\"https:\/\/test.forma5.com\/en\/?s={search_term_string}\"},\"query-input\":{\"@type\":\"PropertyValueSpecification\",\"valueRequired\":true,\"valueName\":\"search_term_string\"}}],\"inLanguage\":\"en-US\"},{\"@type\":\"Organization\",\"@id\":\"https:\/\/test.forma5.com\/en\/#organization\",\"name\":\"Forma 5\",\"url\":\"https:\/\/test.forma5.com\/en\/\",\"logo\":{\"@type\":\"ImageObject\",\"inLanguage\":\"en-US\",\"@id\":\"https:\/\/test.forma5.com\/en\/#\/schema\/logo\/image\/\",\"url\":\"https:\/\/test.forma5.com\/wp-content\/uploads\/logo.svg\",\"contentUrl\":\"https:\/\/test.forma5.com\/wp-content\/uploads\/logo.svg\",\"width\":169,\"height\":36,\"caption\":\"Forma 5\"},\"image\":{\"@id\":\"https:\/\/test.forma5.com\/en\/#\/schema\/logo\/image\/\"}}]}<\/script>\n<!-- \/ Yoast SEO plugin. -->","yoast_head_json":{"title":"\u25b6 Sill\u00f3n de Despacho de Direcci\u00f3n 'Allure' - Forma 5","description":"Sill\u00f3n de despacho con dise\u00f1o de calidad m\u00e1xima para direcci\u00f3n y puestos organizativos, con confort ergon\u00f3mico y prestaciones ejecutivas.","robots":{"index":"noindex","follow":"follow","max-snippet":"max-snippet:-1","max-image-preview":"max-image-preview:large","max-video-preview":"max-video-preview:-1"},"og_locale":"en_US","og_type":"article","og_title":"\u25b6 Sill\u00f3n de Despacho de Direcci\u00f3n 'Allure' - Forma 5","og_description":"Sill\u00f3n de despacho con dise\u00f1o de calidad m\u00e1xima para direcci\u00f3n y puestos organizativos, con confort ergon\u00f3mico y prestaciones ejecutivas.","og_url":"https:\/\/test.forma5.com\/en\/chairs\/executive-office-chair\/allure\/","og_site_name":"Forma 5","article_modified_time":"2025-05-26T12:14:55+00:00","og_image":[{"width":800,"height":800,"url":"https:\/\/test.forma5.com\/wp-content\/uploads\/allure-1.png","type":"image\/png"}],"twitter_card":"summary_large_image","twitter_misc":{"Est. reading time":"1 minute"},"schema":{"@context":"https:\/\/schema.org","@graph":[{"@type":"WebPage","@id":"https:\/\/test.forma5.com\/en\/chairs\/executive-office-chair\/allure\/","url":"https:\/\/test.forma5.com\/en\/chairs\/executive-office-chair\/allure\/","name":"\u25b6 Sill\u00f3n de Despacho de Direcci\u00f3n 'Allure' - Forma 5","isPartOf":{"@id":"https:\/\/test.forma5.com\/en\/#website"},"primaryImageOfPage":{"@id":"https:\/\/test.forma5.com\/en\/chairs\/executive-office-chair\/allure\/#primaryimage"},"image":{"@id":"https:\/\/test.forma5.com\/en\/chairs\/executive-office-chair\/allure\/#primaryimage"},"thumbnailUrl":"https:\/\/test.forma5.com\/wp-content\/uploads\/allure-1.png","datePublished":"2025-05-25T05:57:50+00:00","dateModified":"2025-05-26T12:14:55+00:00","description":"Sill\u00f3n de despacho con dise\u00f1o de calidad m\u00e1xima para direcci\u00f3n y puestos organizativos, con confort ergon\u00f3mico y prestaciones ejecutivas.","breadcrumb":{"@id":"https:\/\/test.forma5.com\/en\/chairs\/executive-office-chair\/allure\/#breadcrumb"},"inLanguage":"en-US","potentialAction":[{"@type":"ReadAction","target":["https:\/\/test.forma5.com\/en\/chairs\/executive-office-chair\/allure\/"]}]},{"@type":"ImageObject","inLanguage":"en-US","@id":"https:\/\/test.forma5.com\/en\/chairs\/executive-office-chair\/allure\/#primaryimage","url":"https:\/\/test.forma5.com\/wp-content\/uploads\/allure-1.png","contentUrl":"https:\/\/test.forma5.com\/wp-content\/uploads\/allure-1.png","width":800,"height":800},{"@type":"BreadcrumbList","@id":"https:\/\/test.forma5.com\/en\/chairs\/executive-office-chair\/allure\/#breadcrumb","itemListElement":[{"@type":"ListItem","position":1,"name":"Portada","item":"https:\/\/test.forma5.com\/en\/"},{"@type":"ListItem","position":2,"name":"Productos","item":"https:\/\/test.forma5.com\/shop\/"},{"@type":"ListItem","position":3,"name":"Allure"}]},{"@type":"WebSite","@id":"https:\/\/test.forma5.com\/en\/#website","url":"https:\/\/test.forma5.com\/en\/","name":"Forma 5","description":"","publisher":{"@id":"https:\/\/test.forma5.com\/en\/#organization"},"potentialAction":[{"@type":"SearchAction","target":{"@type":"EntryPoint","urlTemplate":"https:\/\/test.forma5.com\/en\/?s={search_term_string}"},"query-input":{"@type":"PropertyValueSpecification","valueRequired":true,"valueName":"search_term_string"}}],"inLanguage":"en-US"},{"@type":"Organization","@id":"https:\/\/test.forma5.com\/en\/#organization","name":"Forma 5","url":"https:\/\/test.forma5.com\/en\/","logo":{"@type":"ImageObject","inLanguage":"en-US","@id":"https:\/\/test.forma5.com\/en\/#\/schema\/logo\/image\/","url":"https:\/\/test.forma5.com\/wp-content\/uploads\/logo.svg","contentUrl":"https:\/\/test.forma5.com\/wp-content\/uploads\/logo.svg","width":169,"height":36,"caption":"Forma 5"},"image":{"@id":"https:\/\/test.forma5.com\/en\/#\/schema\/logo\/image\/"}}]}},"_links":{"self":[{"href":"https:\/\/test.forma5.com\/en\/wp-json\/wp\/v2\/product\/4443","targetHints":{"allow":["GET"]}}],"collection":[{"href":"https:\/\/test.forma5.com\/en\/wp-json\/wp\/v2\/product"}],"about":[{"href":"https:\/\/test.forma5.com\/en\/wp-json\/wp\/v2\/types\/product"}],"acf:attachment":[{"embeddable":true,"href":"https:\/\/test.forma5.com\/en\/wp-json\/wp\/v2\/media\/2510"},{"embeddable":true,"href":"https:\/\/test.forma5.com\/en\/wp-json\/wp\/v2\/media\/2512"},{"embeddable":true,"href":"https:\/\/test.forma5.com\/en\/wp-json\/wp\/v2\/media\/2522"}],"acf:post":[{"embeddable":true,"href":"https:\/\/test.forma5.com\/en\/wp-json\/wp\/v2\/disenador\/1037"}],"wp:featuredmedia":[{"embeddable":true,"href":"https:\/\/test.forma5.com\/en\/wp-json\/wp\/v2\/media\/6293"}],"wp:attachment":[{"href":"https:\/\/test.forma5.com\/en\/wp-json\/wp\/v2\/media?parent=4443"}],"wp:term":[{"taxonomy":"product_brand","embeddable":true,"href":"https:\/\/test.forma5.com\/en\/wp-json\/wp\/v2\/product_brand?post=4443"},{"taxonomy":"product_cat","embeddable":true,"href":"https:\/\/test.forma5.com\/en\/wp-json\/wp\/v2\/product_cat?post=4443"},{"taxonomy":"product_tag","embeddable":true,"href":"https:\/\/test.forma5.com\/en\/wp-json\/wp\/v2\/product_tag?post=4443"}],"curies":[{"name":"wp","href":"https:\/\/api.w.org\/{rel}","templated":true}]}}