{"id":5956,"date":"2025-05-24T12:40:00","date_gmt":"2025-05-24T10:40:00","guid":{"rendered":"https:\/\/test.forma5.com\/producto\/unkategorisiert\/cappa\/"},"modified":"2025-05-26T14:46:27","modified_gmt":"2025-05-26T12:46:27","slug":"cappa","status":"publish","type":"product","link":"https:\/\/test.forma5.com\/de\/stuhle\/mehrzweck\/cappa\/","title":{"rendered":"Cappa"},"content":{"rendered":"<p><span data-sheets-root=\"1\">Die Informationen, die wir erhalten, wenn wir einen Cappa-Stuhl zum ersten Mal sehen, werden in eine Reihe von Eindr\u00fccken \u00fcbersetzt, die auf der Farbe, den geschwungenen Formen, den schlanken Linien, der Geometrie und der Symmetrie der Konstruktion basieren. Kleine Reize, die ein ausgewogenes, perfektes, angenehmes und warmes Ganzes bilden.<\/span><\/p>\n","protected":false},"excerpt":{"rendered":"<h2>Drucke, die auf Farbe, geschwungenen <em>Formen, Geometrie <\/em>und<em> Symmetrie<\/em> basieren<\/h2>\n","protected":false},"featured_media":5957,"template":"","meta":{"_acf_changed":false},"product_brand":[],"product_cat":[228,229],"product_tag":[],"class_list":{"0":"post-5956","1":"product","2":"type-product","3":"status-publish","4":"has-post-thumbnail","6":"product_cat-stuhle","7":"product_cat-mehrzweck","9":"first","10":"instock","11":"shipping-taxable","12":"product-type-simple"},"acf":{"bigger_product_image":"","background-text":"","product_designer":[1042],"inactive_designer_info":{"custom_designer_name":"","custom_designer_image":null},"scene_gallery":[2911,2913],"gallery_bg_color":"#6d6d6d","details_gallery":[{"slide_text":"<span data-sheets-root=\"1\">Die Cappa-Familie bietet St\u00fchle und Beistelltische mit unterschiedlichen Strukturen, die sich ideal f\u00fcr<strong> B\u00fcros, multifunktionale Einrichtungen und Besprechungsr\u00e4ume eignen<\/strong>.<\/span>","slide_image":2909}],"product_video":{"video_link":"https:\/\/vimeo.com\/995335829?share=copy","video_cover":2911},"product_downloads_path":"sillas\/silla-confidente","product_downloads":[{"select_file_type":"normal","file_type":"catalog","file_type_special":"","file_name":"Cappa.pdf","file_customlabel":"Catalog"},{"select_file_type":"normal","file_type":"technicalFeatures","file_type_special":"","file_name":"_CCTT_Cappa.pdf","file_customlabel":"Technical features"},{"select_file_type":"normal","file_type":"productCertificate","file_type_special":"","file_name":"CAPPA_rev03_Firmado.pdf","file_customlabel":"Product Certificate"},{"select_file_type":"normal","file_type":"images","file_type_special":"","file_name":"03_Cappa.zip","file_customlabel":"Images"},{"select_file_type":"normal","file_type":"autocad","file_type_special":"","file_name":"Cappa.zip","file_customlabel":"3D Geometry"},{"select_file_type":"normal","file_type":"revitBim","file_type_special":"","file_name":"CAPPA.zip","file_customlabel":"Revit\/BIM"}],"grid_image_gallery":null},"yoast_head":"<!-- This site is optimized with the Yoast SEO plugin v25.2 - https:\/\/yoast.com\/wordpress\/plugins\/seo\/ -->\n<title>\u25b6 Entdecken Sie &#039;Cappa&#039;: unseren Designerstuhl f\u00fcr das B\u00fcro - Gruppe Forma 5<\/title>\n<meta name=\"description\" content=\"Designerst\u00fchle f\u00fcr B\u00fcros. Elegante, geschwungene und schlanke Formen, die eine ausgewogene und warme Atmosph\u00e4re in jeder Arbeitsumgebung schaffen.\" \/>\n<meta name=\"robots\" content=\"noindex, follow, max-snippet:-1, max-image-preview:large, max-video-preview:-1\" \/>\n<meta property=\"og:locale\" content=\"de_DE\" \/>\n<meta property=\"og:type\" content=\"article\" \/>\n<meta property=\"og:title\" content=\"\u25b6 Entdecken Sie &#039;Cappa&#039;: unseren Designerstuhl f\u00fcr das B\u00fcro - Gruppe Forma 5\" \/>\n<meta property=\"og:description\" content=\"Designerst\u00fchle f\u00fcr B\u00fcros. Elegante, geschwungene und schlanke Formen, die eine ausgewogene und warme Atmosph\u00e4re in jeder Arbeitsumgebung schaffen.\" \/>\n<meta property=\"og:url\" content=\"https:\/\/test.forma5.com\/de\/stuhle\/mehrzweck\/cappa\/\" \/>\n<meta property=\"og:site_name\" content=\"Forma 5\" \/>\n<meta property=\"article:modified_time\" content=\"2025-05-26T12:46:27+00:00\" \/>\n<meta property=\"og:image\" content=\"https:\/\/test.forma5.com\/wp-content\/uploads\/cappa-2.webp\" \/>\n\t<meta property=\"og:image:width\" content=\"800\" \/>\n\t<meta property=\"og:image:height\" content=\"800\" \/>\n\t<meta property=\"og:image:type\" content=\"image\/webp\" \/>\n<meta name=\"twitter:card\" content=\"summary_large_image\" \/>\n<meta name=\"twitter:label1\" content=\"Gesch\u00e4tzte Lesezeit\" \/>\n\t<meta name=\"twitter:data1\" content=\"1\u00a0Minute\" \/>\n<script type=\"application\/ld+json\" class=\"yoast-schema-graph\">{\"@context\":\"https:\/\/schema.org\",\"@graph\":[{\"@type\":\"WebPage\",\"@id\":\"https:\/\/test.forma5.com\/de\/stuhle\/mehrzweck\/cappa\/\",\"url\":\"https:\/\/test.forma5.com\/de\/stuhle\/mehrzweck\/cappa\/\",\"name\":\"\u25b6 Entdecken Sie 'Cappa': unseren Designerstuhl f\u00fcr das B\u00fcro - Gruppe Forma 5\",\"isPartOf\":{\"@id\":\"https:\/\/test.forma5.com\/de\/#website\"},\"primaryImageOfPage\":{\"@id\":\"https:\/\/test.forma5.com\/de\/stuhle\/mehrzweck\/cappa\/#primaryimage\"},\"image\":{\"@id\":\"https:\/\/test.forma5.com\/de\/stuhle\/mehrzweck\/cappa\/#primaryimage\"},\"thumbnailUrl\":\"https:\/\/test.forma5.com\/wp-content\/uploads\/cappa-2.webp\",\"datePublished\":\"2025-05-24T10:40:00+00:00\",\"dateModified\":\"2025-05-26T12:46:27+00:00\",\"description\":\"Designerst\u00fchle f\u00fcr B\u00fcros. Elegante, geschwungene und schlanke Formen, die eine ausgewogene und warme Atmosph\u00e4re in jeder Arbeitsumgebung schaffen.\",\"breadcrumb\":{\"@id\":\"https:\/\/test.forma5.com\/de\/stuhle\/mehrzweck\/cappa\/#breadcrumb\"},\"inLanguage\":\"de\",\"potentialAction\":[{\"@type\":\"ReadAction\",\"target\":[\"https:\/\/test.forma5.com\/de\/stuhle\/mehrzweck\/cappa\/\"]}]},{\"@type\":\"ImageObject\",\"inLanguage\":\"de\",\"@id\":\"https:\/\/test.forma5.com\/de\/stuhle\/mehrzweck\/cappa\/#primaryimage\",\"url\":\"https:\/\/test.forma5.com\/wp-content\/uploads\/cappa-2.webp\",\"contentUrl\":\"https:\/\/test.forma5.com\/wp-content\/uploads\/cappa-2.webp\",\"width\":800,\"height\":800},{\"@type\":\"BreadcrumbList\",\"@id\":\"https:\/\/test.forma5.com\/de\/stuhle\/mehrzweck\/cappa\/#breadcrumb\",\"itemListElement\":[{\"@type\":\"ListItem\",\"position\":1,\"name\":\"Portada\",\"item\":\"https:\/\/test.forma5.com\/de\/\"},{\"@type\":\"ListItem\",\"position\":2,\"name\":\"Productos\",\"item\":\"https:\/\/test.forma5.com\/shop\/\"},{\"@type\":\"ListItem\",\"position\":3,\"name\":\"Cappa\"}]},{\"@type\":\"WebSite\",\"@id\":\"https:\/\/test.forma5.com\/de\/#website\",\"url\":\"https:\/\/test.forma5.com\/de\/\",\"name\":\"Forma 5\",\"description\":\"\",\"publisher\":{\"@id\":\"https:\/\/test.forma5.com\/de\/#organization\"},\"potentialAction\":[{\"@type\":\"SearchAction\",\"target\":{\"@type\":\"EntryPoint\",\"urlTemplate\":\"https:\/\/test.forma5.com\/de\/?s={search_term_string}\"},\"query-input\":{\"@type\":\"PropertyValueSpecification\",\"valueRequired\":true,\"valueName\":\"search_term_string\"}}],\"inLanguage\":\"de\"},{\"@type\":\"Organization\",\"@id\":\"https:\/\/test.forma5.com\/de\/#organization\",\"name\":\"Forma 5\",\"url\":\"https:\/\/test.forma5.com\/de\/\",\"logo\":{\"@type\":\"ImageObject\",\"inLanguage\":\"de\",\"@id\":\"https:\/\/test.forma5.com\/de\/#\/schema\/logo\/image\/\",\"url\":\"https:\/\/test.forma5.com\/wp-content\/uploads\/logo.svg\",\"contentUrl\":\"https:\/\/test.forma5.com\/wp-content\/uploads\/logo.svg\",\"width\":169,\"height\":36,\"caption\":\"Forma 5\"},\"image\":{\"@id\":\"https:\/\/test.forma5.com\/de\/#\/schema\/logo\/image\/\"}}]}<\/script>\n<!-- \/ Yoast SEO plugin. -->","yoast_head_json":{"title":"\u25b6 Entdecken Sie 'Cappa': unseren Designerstuhl f\u00fcr das B\u00fcro - Gruppe Forma 5","description":"Designerst\u00fchle f\u00fcr B\u00fcros. Elegante, geschwungene und schlanke Formen, die eine ausgewogene und warme Atmosph\u00e4re in jeder Arbeitsumgebung schaffen.","robots":{"index":"noindex","follow":"follow","max-snippet":"max-snippet:-1","max-image-preview":"max-image-preview:large","max-video-preview":"max-video-preview:-1"},"og_locale":"de_DE","og_type":"article","og_title":"\u25b6 Entdecken Sie 'Cappa': unseren Designerstuhl f\u00fcr das B\u00fcro - Gruppe Forma 5","og_description":"Designerst\u00fchle f\u00fcr B\u00fcros. Elegante, geschwungene und schlanke Formen, die eine ausgewogene und warme Atmosph\u00e4re in jeder Arbeitsumgebung schaffen.","og_url":"https:\/\/test.forma5.com\/de\/stuhle\/mehrzweck\/cappa\/","og_site_name":"Forma 5","article_modified_time":"2025-05-26T12:46:27+00:00","og_image":[{"width":800,"height":800,"url":"https:\/\/test.forma5.com\/wp-content\/uploads\/cappa-2.webp","type":"image\/webp"}],"twitter_card":"summary_large_image","twitter_misc":{"Gesch\u00e4tzte Lesezeit":"1\u00a0Minute"},"schema":{"@context":"https:\/\/schema.org","@graph":[{"@type":"WebPage","@id":"https:\/\/test.forma5.com\/de\/stuhle\/mehrzweck\/cappa\/","url":"https:\/\/test.forma5.com\/de\/stuhle\/mehrzweck\/cappa\/","name":"\u25b6 Entdecken Sie 'Cappa': unseren Designerstuhl f\u00fcr das B\u00fcro - Gruppe Forma 5","isPartOf":{"@id":"https:\/\/test.forma5.com\/de\/#website"},"primaryImageOfPage":{"@id":"https:\/\/test.forma5.com\/de\/stuhle\/mehrzweck\/cappa\/#primaryimage"},"image":{"@id":"https:\/\/test.forma5.com\/de\/stuhle\/mehrzweck\/cappa\/#primaryimage"},"thumbnailUrl":"https:\/\/test.forma5.com\/wp-content\/uploads\/cappa-2.webp","datePublished":"2025-05-24T10:40:00+00:00","dateModified":"2025-05-26T12:46:27+00:00","description":"Designerst\u00fchle f\u00fcr B\u00fcros. Elegante, geschwungene und schlanke Formen, die eine ausgewogene und warme Atmosph\u00e4re in jeder Arbeitsumgebung schaffen.","breadcrumb":{"@id":"https:\/\/test.forma5.com\/de\/stuhle\/mehrzweck\/cappa\/#breadcrumb"},"inLanguage":"de","potentialAction":[{"@type":"ReadAction","target":["https:\/\/test.forma5.com\/de\/stuhle\/mehrzweck\/cappa\/"]}]},{"@type":"ImageObject","inLanguage":"de","@id":"https:\/\/test.forma5.com\/de\/stuhle\/mehrzweck\/cappa\/#primaryimage","url":"https:\/\/test.forma5.com\/wp-content\/uploads\/cappa-2.webp","contentUrl":"https:\/\/test.forma5.com\/wp-content\/uploads\/cappa-2.webp","width":800,"height":800},{"@type":"BreadcrumbList","@id":"https:\/\/test.forma5.com\/de\/stuhle\/mehrzweck\/cappa\/#breadcrumb","itemListElement":[{"@type":"ListItem","position":1,"name":"Portada","item":"https:\/\/test.forma5.com\/de\/"},{"@type":"ListItem","position":2,"name":"Productos","item":"https:\/\/test.forma5.com\/shop\/"},{"@type":"ListItem","position":3,"name":"Cappa"}]},{"@type":"WebSite","@id":"https:\/\/test.forma5.com\/de\/#website","url":"https:\/\/test.forma5.com\/de\/","name":"Forma 5","description":"","publisher":{"@id":"https:\/\/test.forma5.com\/de\/#organization"},"potentialAction":[{"@type":"SearchAction","target":{"@type":"EntryPoint","urlTemplate":"https:\/\/test.forma5.com\/de\/?s={search_term_string}"},"query-input":{"@type":"PropertyValueSpecification","valueRequired":true,"valueName":"search_term_string"}}],"inLanguage":"de"},{"@type":"Organization","@id":"https:\/\/test.forma5.com\/de\/#organization","name":"Forma 5","url":"https:\/\/test.forma5.com\/de\/","logo":{"@type":"ImageObject","inLanguage":"de","@id":"https:\/\/test.forma5.com\/de\/#\/schema\/logo\/image\/","url":"https:\/\/test.forma5.com\/wp-content\/uploads\/logo.svg","contentUrl":"https:\/\/test.forma5.com\/wp-content\/uploads\/logo.svg","width":169,"height":36,"caption":"Forma 5"},"image":{"@id":"https:\/\/test.forma5.com\/de\/#\/schema\/logo\/image\/"}}]}},"_links":{"self":[{"href":"https:\/\/test.forma5.com\/de\/wp-json\/wp\/v2\/product\/5956","targetHints":{"allow":["GET"]}}],"collection":[{"href":"https:\/\/test.forma5.com\/de\/wp-json\/wp\/v2\/product"}],"about":[{"href":"https:\/\/test.forma5.com\/de\/wp-json\/wp\/v2\/types\/product"}],"acf:attachment":[{"embeddable":true,"href":"https:\/\/test.forma5.com\/de\/wp-json\/wp\/v2\/media\/2913"},{"embeddable":true,"href":"https:\/\/test.forma5.com\/de\/wp-json\/wp\/v2\/media\/2911"}],"acf:post":[{"embeddable":true,"href":"https:\/\/test.forma5.com\/de\/wp-json\/wp\/v2\/disenador\/1042"}],"wp:featuredmedia":[{"embeddable":true,"href":"https:\/\/test.forma5.com\/de\/wp-json\/wp\/v2\/media\/5957"}],"wp:attachment":[{"href":"https:\/\/test.forma5.com\/de\/wp-json\/wp\/v2\/media?parent=5956"}],"wp:term":[{"taxonomy":"product_brand","embeddable":true,"href":"https:\/\/test.forma5.com\/de\/wp-json\/wp\/v2\/product_brand?post=5956"},{"taxonomy":"product_cat","embeddable":true,"href":"https:\/\/test.forma5.com\/de\/wp-json\/wp\/v2\/product_cat?post=5956"},{"taxonomy":"product_tag","embeddable":true,"href":"https:\/\/test.forma5.com\/de\/wp-json\/wp\/v2\/product_tag?post=5956"}],"curies":[{"name":"wp","href":"https:\/\/api.w.org\/{rel}","templated":true}]}}