{"id":5946,"date":"2025-05-25T13:11:48","date_gmt":"2025-05-25T11:11:48","guid":{"rendered":"https:\/\/test.forma5.com\/producto\/unkategorisiert\/oficina-glove\/"},"modified":"2025-07-15T10:22:17","modified_gmt":"2025-07-15T08:22:17","slug":"oficina-glove","status":"publish","type":"product","link":"https:\/\/test.forma5.com\/de\/stuhle\/mehrzweck\/glove\/","title":{"rendered":"Glove"},"content":{"rendered":"<p><span data-sheets-root=\"1\">Ein Mehrzweckstuhl, der \u00c4sthetik und Vielseitigkeit vereint. Glove ist ein Bekenntnis zum Design mit weichen, abgerundeten Formen, die Komfort suggerieren und ihn perfekt f\u00fcr moderne R\u00e4ume machen.<\/span><\/p>\n","protected":false},"excerpt":{"rendered":"<h2><span data-sheets-root=\"1\">Ein Bekenntnis zum <em>Design<\/em> mit weichen, abgerundeten Formen, die <em>Komfort<\/em> an den Arbeitsplatz bringen<\/span><\/h2>\n","protected":false},"featured_media":7751,"template":"","meta":{"_acf_changed":false},"product_brand":[],"product_cat":[228,229],"product_tag":[],"class_list":{"0":"post-5946","1":"product","2":"type-product","3":"status-publish","4":"has-post-thumbnail","6":"product_cat-stuhle","7":"product_cat-mehrzweck","9":"first","10":"instock","11":"shipping-taxable","12":"product-type-simple"},"acf":{"bigger_product_image":"","background-text":"","product_designer":[1042],"inactive_designer_info":{"custom_designer_name":"","custom_designer_image":null},"scene_gallery":[2546,2550,2554,2556,2558],"gallery_bg_color":"#999999","details_gallery":[{"slide_text":"<span data-sheets-root=\"1\">Ein Mehrzweckstuhl, der <strong>\u00c4sthetik und Vielseitigkeit<\/strong> vereint.<\/span>","slide_image":2548},{"slide_text":"<span data-sheets-root=\"1\">Das Design besteht aus einem Monocoque aus perforiertem Polypropylen oder Holz mit einer ein- oder zweifarbig gepolsterten Sitzfl\u00e4che. Der Stuhl ist mit verschiedenen Armlehnen, einer Schreibplatte und einem Stahl- oder Holzgestell erh\u00e4ltlich. Seine abgerundeten Formen vermitteln Komfort und eignen sich <strong>ideal f\u00fcr moderne Umgebungen<\/strong>.<\/span>","slide_image":2552}],"product_video":{"video_link":"https:\/\/vimeo.com\/995338121?share=copy#t=0","video_cover":2554},"product_downloads_path":"sillas\/silla-confidente","product_downloads":[{"select_file_type":"normal","file_type":"catalog","file_type_special":"","file_name":"Glove_Bancada_Glove","file_customlabel":"Catalog"},{"select_file_type":"normal","file_type":"technicalFeatures","file_type_special":"","file_name":"_CCTT_Glove.pdf","file_customlabel":"Technical features"},{"select_file_type":"normal","file_type":"productCertificate","file_type_special":"","file_name":"GLOVE_rev04_Firmado.pdf","file_customlabel":"Product Certificate"},{"select_file_type":"normal","file_type":"images","file_type_special":"","file_name":"01_Glove.zip","file_customlabel":"Images"},{"select_file_type":"normal","file_type":"autocad","file_type_special":"","file_name":"Glove.zip","file_customlabel":"3D Geometry"},{"select_file_type":"normal","file_type":"revitBim","file_type_special":"","file_name":"GLOVE.zip","file_customlabel":"Revit\/BIM"}],"grid_image_gallery":null},"yoast_head":"<!-- This site is optimized with the Yoast SEO plugin v25.2 - https:\/\/yoast.com\/wordpress\/plugins\/seo\/ -->\n<title>\u25b6 Entdecken Sie &#039;Glove&#039;: unseren komfortablen B\u00fcrostuhl - Gruppe Forma 5<\/title>\n<meta name=\"description\" content=\"Vielseitiger B\u00fcrostuhl mit weichen Formen f\u00fcr Komfort in modernen, dynamischen Arbeitsumgebungen. Klicken Sie hier, um Ihre B\u00fcroumgebung zu verbessern!\" \/>\n<meta name=\"robots\" content=\"noindex, follow, max-snippet:-1, max-image-preview:large, max-video-preview:-1\" \/>\n<meta property=\"og:locale\" content=\"de_DE\" \/>\n<meta property=\"og:type\" content=\"article\" \/>\n<meta property=\"og:title\" content=\"\u25b6 Entdecken Sie &#039;Glove&#039;: unseren komfortablen B\u00fcrostuhl - Gruppe Forma 5\" \/>\n<meta property=\"og:description\" content=\"Vielseitiger B\u00fcrostuhl mit weichen Formen f\u00fcr Komfort in modernen, dynamischen Arbeitsumgebungen. Klicken Sie hier, um Ihre B\u00fcroumgebung zu verbessern!\" \/>\n<meta property=\"og:url\" content=\"https:\/\/test.forma5.com\/de\/stuhle\/mehrzweck\/glove\/\" \/>\n<meta property=\"og:site_name\" content=\"Forma 5\" \/>\n<meta property=\"article:modified_time\" content=\"2025-07-15T08:22:17+00:00\" \/>\n<meta property=\"og:image\" content=\"https:\/\/test.forma5.com\/wp-content\/uploads\/Glove-1.png\" \/>\n\t<meta property=\"og:image:width\" content=\"800\" \/>\n\t<meta property=\"og:image:height\" content=\"800\" \/>\n\t<meta property=\"og:image:type\" content=\"image\/png\" \/>\n<meta name=\"twitter:card\" content=\"summary_large_image\" \/>\n<meta name=\"twitter:label1\" content=\"Gesch\u00e4tzte Lesezeit\" \/>\n\t<meta name=\"twitter:data1\" content=\"1\u00a0Minute\" \/>\n<script type=\"application\/ld+json\" class=\"yoast-schema-graph\">{\"@context\":\"https:\/\/schema.org\",\"@graph\":[{\"@type\":\"WebPage\",\"@id\":\"https:\/\/test.forma5.com\/de\/stuhle\/mehrzweck\/glove\/\",\"url\":\"https:\/\/test.forma5.com\/de\/stuhle\/mehrzweck\/glove\/\",\"name\":\"\u25b6 Entdecken Sie 'Glove': unseren komfortablen B\u00fcrostuhl - Gruppe Forma 5\",\"isPartOf\":{\"@id\":\"https:\/\/test.forma5.com\/de\/#website\"},\"primaryImageOfPage\":{\"@id\":\"https:\/\/test.forma5.com\/de\/stuhle\/mehrzweck\/glove\/#primaryimage\"},\"image\":{\"@id\":\"https:\/\/test.forma5.com\/de\/stuhle\/mehrzweck\/glove\/#primaryimage\"},\"thumbnailUrl\":\"https:\/\/test.forma5.com\/wp-content\/uploads\/Glove-1.png\",\"datePublished\":\"2025-05-25T11:11:48+00:00\",\"dateModified\":\"2025-07-15T08:22:17+00:00\",\"description\":\"Vielseitiger B\u00fcrostuhl mit weichen Formen f\u00fcr Komfort in modernen, dynamischen Arbeitsumgebungen. Klicken Sie hier, um Ihre B\u00fcroumgebung zu verbessern!\",\"breadcrumb\":{\"@id\":\"https:\/\/test.forma5.com\/de\/stuhle\/mehrzweck\/glove\/#breadcrumb\"},\"inLanguage\":\"de\",\"potentialAction\":[{\"@type\":\"ReadAction\",\"target\":[\"https:\/\/test.forma5.com\/de\/stuhle\/mehrzweck\/glove\/\"]}]},{\"@type\":\"ImageObject\",\"inLanguage\":\"de\",\"@id\":\"https:\/\/test.forma5.com\/de\/stuhle\/mehrzweck\/glove\/#primaryimage\",\"url\":\"https:\/\/test.forma5.com\/wp-content\/uploads\/Glove-1.png\",\"contentUrl\":\"https:\/\/test.forma5.com\/wp-content\/uploads\/Glove-1.png\",\"width\":800,\"height\":800},{\"@type\":\"BreadcrumbList\",\"@id\":\"https:\/\/test.forma5.com\/de\/stuhle\/mehrzweck\/glove\/#breadcrumb\",\"itemListElement\":[{\"@type\":\"ListItem\",\"position\":1,\"name\":\"Portada\",\"item\":\"https:\/\/test.forma5.com\/de\/\"},{\"@type\":\"ListItem\",\"position\":2,\"name\":\"Productos\",\"item\":\"https:\/\/test.forma5.com\/shop\/\"},{\"@type\":\"ListItem\",\"position\":3,\"name\":\"Glove\"}]},{\"@type\":\"WebSite\",\"@id\":\"https:\/\/test.forma5.com\/de\/#website\",\"url\":\"https:\/\/test.forma5.com\/de\/\",\"name\":\"Forma 5\",\"description\":\"\",\"publisher\":{\"@id\":\"https:\/\/test.forma5.com\/de\/#organization\"},\"potentialAction\":[{\"@type\":\"SearchAction\",\"target\":{\"@type\":\"EntryPoint\",\"urlTemplate\":\"https:\/\/test.forma5.com\/de\/?s={search_term_string}\"},\"query-input\":{\"@type\":\"PropertyValueSpecification\",\"valueRequired\":true,\"valueName\":\"search_term_string\"}}],\"inLanguage\":\"de\"},{\"@type\":\"Organization\",\"@id\":\"https:\/\/test.forma5.com\/de\/#organization\",\"name\":\"Forma 5\",\"url\":\"https:\/\/test.forma5.com\/de\/\",\"logo\":{\"@type\":\"ImageObject\",\"inLanguage\":\"de\",\"@id\":\"https:\/\/test.forma5.com\/de\/#\/schema\/logo\/image\/\",\"url\":\"https:\/\/test.forma5.com\/wp-content\/uploads\/logo.svg\",\"contentUrl\":\"https:\/\/test.forma5.com\/wp-content\/uploads\/logo.svg\",\"width\":169,\"height\":36,\"caption\":\"Forma 5\"},\"image\":{\"@id\":\"https:\/\/test.forma5.com\/de\/#\/schema\/logo\/image\/\"}}]}<\/script>\n<!-- \/ Yoast SEO plugin. -->","yoast_head_json":{"title":"\u25b6 Entdecken Sie 'Glove': unseren komfortablen B\u00fcrostuhl - Gruppe Forma 5","description":"Vielseitiger B\u00fcrostuhl mit weichen Formen f\u00fcr Komfort in modernen, dynamischen Arbeitsumgebungen. Klicken Sie hier, um Ihre B\u00fcroumgebung zu verbessern!","robots":{"index":"noindex","follow":"follow","max-snippet":"max-snippet:-1","max-image-preview":"max-image-preview:large","max-video-preview":"max-video-preview:-1"},"og_locale":"de_DE","og_type":"article","og_title":"\u25b6 Entdecken Sie 'Glove': unseren komfortablen B\u00fcrostuhl - Gruppe Forma 5","og_description":"Vielseitiger B\u00fcrostuhl mit weichen Formen f\u00fcr Komfort in modernen, dynamischen Arbeitsumgebungen. Klicken Sie hier, um Ihre B\u00fcroumgebung zu verbessern!","og_url":"https:\/\/test.forma5.com\/de\/stuhle\/mehrzweck\/glove\/","og_site_name":"Forma 5","article_modified_time":"2025-07-15T08:22:17+00:00","og_image":[{"width":800,"height":800,"url":"https:\/\/test.forma5.com\/wp-content\/uploads\/Glove-1.png","type":"image\/png"}],"twitter_card":"summary_large_image","twitter_misc":{"Gesch\u00e4tzte Lesezeit":"1\u00a0Minute"},"schema":{"@context":"https:\/\/schema.org","@graph":[{"@type":"WebPage","@id":"https:\/\/test.forma5.com\/de\/stuhle\/mehrzweck\/glove\/","url":"https:\/\/test.forma5.com\/de\/stuhle\/mehrzweck\/glove\/","name":"\u25b6 Entdecken Sie 'Glove': unseren komfortablen B\u00fcrostuhl - Gruppe Forma 5","isPartOf":{"@id":"https:\/\/test.forma5.com\/de\/#website"},"primaryImageOfPage":{"@id":"https:\/\/test.forma5.com\/de\/stuhle\/mehrzweck\/glove\/#primaryimage"},"image":{"@id":"https:\/\/test.forma5.com\/de\/stuhle\/mehrzweck\/glove\/#primaryimage"},"thumbnailUrl":"https:\/\/test.forma5.com\/wp-content\/uploads\/Glove-1.png","datePublished":"2025-05-25T11:11:48+00:00","dateModified":"2025-07-15T08:22:17+00:00","description":"Vielseitiger B\u00fcrostuhl mit weichen Formen f\u00fcr Komfort in modernen, dynamischen Arbeitsumgebungen. Klicken Sie hier, um Ihre B\u00fcroumgebung zu verbessern!","breadcrumb":{"@id":"https:\/\/test.forma5.com\/de\/stuhle\/mehrzweck\/glove\/#breadcrumb"},"inLanguage":"de","potentialAction":[{"@type":"ReadAction","target":["https:\/\/test.forma5.com\/de\/stuhle\/mehrzweck\/glove\/"]}]},{"@type":"ImageObject","inLanguage":"de","@id":"https:\/\/test.forma5.com\/de\/stuhle\/mehrzweck\/glove\/#primaryimage","url":"https:\/\/test.forma5.com\/wp-content\/uploads\/Glove-1.png","contentUrl":"https:\/\/test.forma5.com\/wp-content\/uploads\/Glove-1.png","width":800,"height":800},{"@type":"BreadcrumbList","@id":"https:\/\/test.forma5.com\/de\/stuhle\/mehrzweck\/glove\/#breadcrumb","itemListElement":[{"@type":"ListItem","position":1,"name":"Portada","item":"https:\/\/test.forma5.com\/de\/"},{"@type":"ListItem","position":2,"name":"Productos","item":"https:\/\/test.forma5.com\/shop\/"},{"@type":"ListItem","position":3,"name":"Glove"}]},{"@type":"WebSite","@id":"https:\/\/test.forma5.com\/de\/#website","url":"https:\/\/test.forma5.com\/de\/","name":"Forma 5","description":"","publisher":{"@id":"https:\/\/test.forma5.com\/de\/#organization"},"potentialAction":[{"@type":"SearchAction","target":{"@type":"EntryPoint","urlTemplate":"https:\/\/test.forma5.com\/de\/?s={search_term_string}"},"query-input":{"@type":"PropertyValueSpecification","valueRequired":true,"valueName":"search_term_string"}}],"inLanguage":"de"},{"@type":"Organization","@id":"https:\/\/test.forma5.com\/de\/#organization","name":"Forma 5","url":"https:\/\/test.forma5.com\/de\/","logo":{"@type":"ImageObject","inLanguage":"de","@id":"https:\/\/test.forma5.com\/de\/#\/schema\/logo\/image\/","url":"https:\/\/test.forma5.com\/wp-content\/uploads\/logo.svg","contentUrl":"https:\/\/test.forma5.com\/wp-content\/uploads\/logo.svg","width":169,"height":36,"caption":"Forma 5"},"image":{"@id":"https:\/\/test.forma5.com\/de\/#\/schema\/logo\/image\/"}}]}},"_links":{"self":[{"href":"https:\/\/test.forma5.com\/de\/wp-json\/wp\/v2\/product\/5946","targetHints":{"allow":["GET"]}}],"collection":[{"href":"https:\/\/test.forma5.com\/de\/wp-json\/wp\/v2\/product"}],"about":[{"href":"https:\/\/test.forma5.com\/de\/wp-json\/wp\/v2\/types\/product"}],"acf:attachment":[{"embeddable":true,"href":"https:\/\/test.forma5.com\/de\/wp-json\/wp\/v2\/media\/2558"},{"embeddable":true,"href":"https:\/\/test.forma5.com\/de\/wp-json\/wp\/v2\/media\/2556"},{"embeddable":true,"href":"https:\/\/test.forma5.com\/de\/wp-json\/wp\/v2\/media\/2554"},{"embeddable":true,"href":"https:\/\/test.forma5.com\/de\/wp-json\/wp\/v2\/media\/2550"},{"embeddable":true,"href":"https:\/\/test.forma5.com\/de\/wp-json\/wp\/v2\/media\/2546"}],"acf:post":[{"embeddable":true,"href":"https:\/\/test.forma5.com\/de\/wp-json\/wp\/v2\/disenador\/1042"}],"wp:featuredmedia":[{"embeddable":true,"href":"https:\/\/test.forma5.com\/de\/wp-json\/wp\/v2\/media\/7751"}],"wp:attachment":[{"href":"https:\/\/test.forma5.com\/de\/wp-json\/wp\/v2\/media?parent=5946"}],"wp:term":[{"taxonomy":"product_brand","embeddable":true,"href":"https:\/\/test.forma5.com\/de\/wp-json\/wp\/v2\/product_brand?post=5946"},{"taxonomy":"product_cat","embeddable":true,"href":"https:\/\/test.forma5.com\/de\/wp-json\/wp\/v2\/product_cat?post=5946"},{"taxonomy":"product_tag","embeddable":true,"href":"https:\/\/test.forma5.com\/de\/wp-json\/wp\/v2\/product_tag?post=5946"}],"curies":[{"name":"wp","href":"https:\/\/api.w.org\/{rel}","templated":true}]}}