{"id":5943,"date":"2024-08-14T12:24:28","date_gmt":"2024-08-14T10:24:28","guid":{"rendered":"https:\/\/test.forma5.com\/producto\/unkategorisiert\/madera-curvae\/"},"modified":"2025-05-26T14:49:42","modified_gmt":"2025-05-26T12:49:42","slug":"curvae","status":"publish","type":"product","link":"https:\/\/test.forma5.com\/de\/stuhle\/mehrzweck\/curvae\/","title":{"rendered":"Curvae"},"content":{"rendered":"<p><span data-sheets-root=\"1\">Curvae ist ein einladender Stuhl, der sich f\u00fcr alle Bereiche eignet, in denen \u00c4sthetik und Funktionalit\u00e4t eine wichtige Rolle spielen. Die anatomisch geformte Sitzschale ist sehr bequem, und die markant geschwungene R\u00fcckenlehne aus Holz steht im Mittelpunkt.<\/span><\/p>\n<div class=\"designer\">\n<div class=\"product-designers\">\n<p>&nbsp;<\/p>\n<\/div>\n<\/div>\n","protected":false},"excerpt":{"rendered":"<h2>Ein <em>warmer<\/em> Stuhl, der in verschiedenen R\u00e4umen aufgestellt<em> werden<\/em> <em>kann<\/em><\/h2>\n","protected":false},"featured_media":5944,"template":"","meta":{"_acf_changed":false},"product_brand":[],"product_cat":[228,229],"product_tag":[],"class_list":{"0":"post-5943","1":"product","2":"type-product","3":"status-publish","4":"has-post-thumbnail","6":"product_cat-stuhle","7":"product_cat-mehrzweck","9":"first","10":"instock","11":"shipping-taxable","12":"product-type-simple"},"acf":{"bigger_product_image":"","background-text":"","product_designer":[1024],"inactive_designer_info":{"custom_designer_name":"","custom_designer_image":null},"scene_gallery":[2536],"gallery_bg_color":"#afafaf","details_gallery":[{"slide_text":"<span data-sheets-root=\"1\">Sein geschwungenes Monocoque, <strong>das sich perfekt der Anatomie des Benutzers anpasst<\/strong>, verleiht ihm einen Hauch von Eleganz.<\/span>","slide_image":2544},{"slide_text":"<span data-sheets-root=\"1\">Die Curvae-Familie <strong>zeichnet sich durch zwei Strukturen aus<\/strong>: ein Drehgestell mit 4 verchromten Speichen und ein 4-Fu\u00df-Gestell mit Buchenschichtholz oder verchromtem Monocoque, wahlweise gepolstert.<\/span>","slide_image":2542},{"slide_text":"<span data-sheets-root=\"1\">F\u00fcr Orte, an denen <strong>\u00c4sthetik besonders<\/strong> wichtig ist.<\/span>","slide_image":2540}],"product_video":{"video_link":"","video_cover":""},"product_downloads_path":"sillas\/silla-confidente","product_downloads":[{"select_file_type":"normal","file_type":"catalog","file_type_special":"","file_name":"Curvae_Bancada_Curvae.pdf","file_customlabel":"Catalog"},{"select_file_type":"normal","file_type":"technicalFeatures","file_type_special":"","file_name":"_CCTT_Curvae.pdf","file_customlabel":"Technical features"},{"select_file_type":"normal","file_type":"productCertificate","file_type_special":"","file_name":"CURVAE_rev04_Firmado.pdf","file_customlabel":"Product Certificate"},{"select_file_type":"normal","file_type":"images","file_type_special":"","file_name":"02_Curvae.zip","file_customlabel":"Images"},{"select_file_type":"normal","file_type":"autocad","file_type_special":"","file_name":"Curvae.zip","file_customlabel":"3D Geometry"},{"select_file_type":"normal","file_type":"revitBim","file_type_special":"","file_name":"CURVAE.zip","file_customlabel":"Revit\/BIM Geometry"}],"grid_image_gallery":null},"yoast_head":"<!-- This site is optimized with the Yoast SEO plugin v25.2 - https:\/\/yoast.com\/wordpress\/plugins\/seo\/ -->\n<title>\u25b6 Entdecken Sie &#039;Curvae&#039;: unser Woorden B\u00fcrostuhl - Gruppe Forma 5<\/title>\n<meta name=\"description\" content=\"B\u00fcrost\u00fchle aus Holz mit geschwungener R\u00fcckenlehne, die W\u00e4rme, \u00c4sthetik, Funktionalit\u00e4t und ergonomisches Design in sich vereinen. Klicken Sie hier, um Ihren Arbeitsplatz aufzuwerten!\" \/>\n<meta name=\"robots\" content=\"noindex, follow, max-snippet:-1, max-image-preview:large, max-video-preview:-1\" \/>\n<meta property=\"og:locale\" content=\"de_DE\" \/>\n<meta property=\"og:type\" content=\"article\" \/>\n<meta property=\"og:title\" content=\"\u25b6 Entdecken Sie &#039;Curvae&#039;: unser Woorden B\u00fcrostuhl - Gruppe Forma 5\" \/>\n<meta property=\"og:description\" content=\"B\u00fcrost\u00fchle aus Holz mit geschwungener R\u00fcckenlehne, die W\u00e4rme, \u00c4sthetik, Funktionalit\u00e4t und ergonomisches Design in sich vereinen. Klicken Sie hier, um Ihren Arbeitsplatz aufzuwerten!\" \/>\n<meta property=\"og:url\" content=\"https:\/\/test.forma5.com\/de\/stuhle\/mehrzweck\/curvae\/\" \/>\n<meta property=\"og:site_name\" content=\"Forma 5\" \/>\n<meta property=\"article:modified_time\" content=\"2025-05-26T12:49:42+00:00\" \/>\n<meta property=\"og:image\" content=\"https:\/\/test.forma5.com\/wp-content\/uploads\/curvae-1.webp\" \/>\n\t<meta property=\"og:image:width\" content=\"800\" \/>\n\t<meta property=\"og:image:height\" content=\"800\" \/>\n\t<meta property=\"og:image:type\" content=\"image\/webp\" \/>\n<meta name=\"twitter:card\" content=\"summary_large_image\" \/>\n<meta name=\"twitter:label1\" content=\"Gesch\u00e4tzte Lesezeit\" \/>\n\t<meta name=\"twitter:data1\" content=\"1\u00a0Minute\" \/>\n<script type=\"application\/ld+json\" class=\"yoast-schema-graph\">{\"@context\":\"https:\/\/schema.org\",\"@graph\":[{\"@type\":\"WebPage\",\"@id\":\"https:\/\/test.forma5.com\/de\/stuhle\/mehrzweck\/curvae\/\",\"url\":\"https:\/\/test.forma5.com\/de\/stuhle\/mehrzweck\/curvae\/\",\"name\":\"\u25b6 Entdecken Sie 'Curvae': unser Woorden B\u00fcrostuhl - Gruppe Forma 5\",\"isPartOf\":{\"@id\":\"https:\/\/test.forma5.com\/de\/#website\"},\"primaryImageOfPage\":{\"@id\":\"https:\/\/test.forma5.com\/de\/stuhle\/mehrzweck\/curvae\/#primaryimage\"},\"image\":{\"@id\":\"https:\/\/test.forma5.com\/de\/stuhle\/mehrzweck\/curvae\/#primaryimage\"},\"thumbnailUrl\":\"https:\/\/test.forma5.com\/wp-content\/uploads\/curvae-1.webp\",\"datePublished\":\"2024-08-14T10:24:28+00:00\",\"dateModified\":\"2025-05-26T12:49:42+00:00\",\"description\":\"B\u00fcrost\u00fchle aus Holz mit geschwungener R\u00fcckenlehne, die W\u00e4rme, \u00c4sthetik, Funktionalit\u00e4t und ergonomisches Design in sich vereinen. Klicken Sie hier, um Ihren Arbeitsplatz aufzuwerten!\",\"breadcrumb\":{\"@id\":\"https:\/\/test.forma5.com\/de\/stuhle\/mehrzweck\/curvae\/#breadcrumb\"},\"inLanguage\":\"de\",\"potentialAction\":[{\"@type\":\"ReadAction\",\"target\":[\"https:\/\/test.forma5.com\/de\/stuhle\/mehrzweck\/curvae\/\"]}]},{\"@type\":\"ImageObject\",\"inLanguage\":\"de\",\"@id\":\"https:\/\/test.forma5.com\/de\/stuhle\/mehrzweck\/curvae\/#primaryimage\",\"url\":\"https:\/\/test.forma5.com\/wp-content\/uploads\/curvae-1.webp\",\"contentUrl\":\"https:\/\/test.forma5.com\/wp-content\/uploads\/curvae-1.webp\",\"width\":800,\"height\":800},{\"@type\":\"BreadcrumbList\",\"@id\":\"https:\/\/test.forma5.com\/de\/stuhle\/mehrzweck\/curvae\/#breadcrumb\",\"itemListElement\":[{\"@type\":\"ListItem\",\"position\":1,\"name\":\"Portada\",\"item\":\"https:\/\/test.forma5.com\/de\/\"},{\"@type\":\"ListItem\",\"position\":2,\"name\":\"Productos\",\"item\":\"https:\/\/test.forma5.com\/shop\/\"},{\"@type\":\"ListItem\",\"position\":3,\"name\":\"Curvae\"}]},{\"@type\":\"WebSite\",\"@id\":\"https:\/\/test.forma5.com\/de\/#website\",\"url\":\"https:\/\/test.forma5.com\/de\/\",\"name\":\"Forma 5\",\"description\":\"\",\"publisher\":{\"@id\":\"https:\/\/test.forma5.com\/de\/#organization\"},\"potentialAction\":[{\"@type\":\"SearchAction\",\"target\":{\"@type\":\"EntryPoint\",\"urlTemplate\":\"https:\/\/test.forma5.com\/de\/?s={search_term_string}\"},\"query-input\":{\"@type\":\"PropertyValueSpecification\",\"valueRequired\":true,\"valueName\":\"search_term_string\"}}],\"inLanguage\":\"de\"},{\"@type\":\"Organization\",\"@id\":\"https:\/\/test.forma5.com\/de\/#organization\",\"name\":\"Forma 5\",\"url\":\"https:\/\/test.forma5.com\/de\/\",\"logo\":{\"@type\":\"ImageObject\",\"inLanguage\":\"de\",\"@id\":\"https:\/\/test.forma5.com\/de\/#\/schema\/logo\/image\/\",\"url\":\"https:\/\/test.forma5.com\/wp-content\/uploads\/logo.svg\",\"contentUrl\":\"https:\/\/test.forma5.com\/wp-content\/uploads\/logo.svg\",\"width\":169,\"height\":36,\"caption\":\"Forma 5\"},\"image\":{\"@id\":\"https:\/\/test.forma5.com\/de\/#\/schema\/logo\/image\/\"}}]}<\/script>\n<!-- \/ Yoast SEO plugin. -->","yoast_head_json":{"title":"\u25b6 Entdecken Sie 'Curvae': unser Woorden B\u00fcrostuhl - Gruppe Forma 5","description":"B\u00fcrost\u00fchle aus Holz mit geschwungener R\u00fcckenlehne, die W\u00e4rme, \u00c4sthetik, Funktionalit\u00e4t und ergonomisches Design in sich vereinen. Klicken Sie hier, um Ihren Arbeitsplatz aufzuwerten!","robots":{"index":"noindex","follow":"follow","max-snippet":"max-snippet:-1","max-image-preview":"max-image-preview:large","max-video-preview":"max-video-preview:-1"},"og_locale":"de_DE","og_type":"article","og_title":"\u25b6 Entdecken Sie 'Curvae': unser Woorden B\u00fcrostuhl - Gruppe Forma 5","og_description":"B\u00fcrost\u00fchle aus Holz mit geschwungener R\u00fcckenlehne, die W\u00e4rme, \u00c4sthetik, Funktionalit\u00e4t und ergonomisches Design in sich vereinen. Klicken Sie hier, um Ihren Arbeitsplatz aufzuwerten!","og_url":"https:\/\/test.forma5.com\/de\/stuhle\/mehrzweck\/curvae\/","og_site_name":"Forma 5","article_modified_time":"2025-05-26T12:49:42+00:00","og_image":[{"width":800,"height":800,"url":"https:\/\/test.forma5.com\/wp-content\/uploads\/curvae-1.webp","type":"image\/webp"}],"twitter_card":"summary_large_image","twitter_misc":{"Gesch\u00e4tzte Lesezeit":"1\u00a0Minute"},"schema":{"@context":"https:\/\/schema.org","@graph":[{"@type":"WebPage","@id":"https:\/\/test.forma5.com\/de\/stuhle\/mehrzweck\/curvae\/","url":"https:\/\/test.forma5.com\/de\/stuhle\/mehrzweck\/curvae\/","name":"\u25b6 Entdecken Sie 'Curvae': unser Woorden B\u00fcrostuhl - Gruppe Forma 5","isPartOf":{"@id":"https:\/\/test.forma5.com\/de\/#website"},"primaryImageOfPage":{"@id":"https:\/\/test.forma5.com\/de\/stuhle\/mehrzweck\/curvae\/#primaryimage"},"image":{"@id":"https:\/\/test.forma5.com\/de\/stuhle\/mehrzweck\/curvae\/#primaryimage"},"thumbnailUrl":"https:\/\/test.forma5.com\/wp-content\/uploads\/curvae-1.webp","datePublished":"2024-08-14T10:24:28+00:00","dateModified":"2025-05-26T12:49:42+00:00","description":"B\u00fcrost\u00fchle aus Holz mit geschwungener R\u00fcckenlehne, die W\u00e4rme, \u00c4sthetik, Funktionalit\u00e4t und ergonomisches Design in sich vereinen. Klicken Sie hier, um Ihren Arbeitsplatz aufzuwerten!","breadcrumb":{"@id":"https:\/\/test.forma5.com\/de\/stuhle\/mehrzweck\/curvae\/#breadcrumb"},"inLanguage":"de","potentialAction":[{"@type":"ReadAction","target":["https:\/\/test.forma5.com\/de\/stuhle\/mehrzweck\/curvae\/"]}]},{"@type":"ImageObject","inLanguage":"de","@id":"https:\/\/test.forma5.com\/de\/stuhle\/mehrzweck\/curvae\/#primaryimage","url":"https:\/\/test.forma5.com\/wp-content\/uploads\/curvae-1.webp","contentUrl":"https:\/\/test.forma5.com\/wp-content\/uploads\/curvae-1.webp","width":800,"height":800},{"@type":"BreadcrumbList","@id":"https:\/\/test.forma5.com\/de\/stuhle\/mehrzweck\/curvae\/#breadcrumb","itemListElement":[{"@type":"ListItem","position":1,"name":"Portada","item":"https:\/\/test.forma5.com\/de\/"},{"@type":"ListItem","position":2,"name":"Productos","item":"https:\/\/test.forma5.com\/shop\/"},{"@type":"ListItem","position":3,"name":"Curvae"}]},{"@type":"WebSite","@id":"https:\/\/test.forma5.com\/de\/#website","url":"https:\/\/test.forma5.com\/de\/","name":"Forma 5","description":"","publisher":{"@id":"https:\/\/test.forma5.com\/de\/#organization"},"potentialAction":[{"@type":"SearchAction","target":{"@type":"EntryPoint","urlTemplate":"https:\/\/test.forma5.com\/de\/?s={search_term_string}"},"query-input":{"@type":"PropertyValueSpecification","valueRequired":true,"valueName":"search_term_string"}}],"inLanguage":"de"},{"@type":"Organization","@id":"https:\/\/test.forma5.com\/de\/#organization","name":"Forma 5","url":"https:\/\/test.forma5.com\/de\/","logo":{"@type":"ImageObject","inLanguage":"de","@id":"https:\/\/test.forma5.com\/de\/#\/schema\/logo\/image\/","url":"https:\/\/test.forma5.com\/wp-content\/uploads\/logo.svg","contentUrl":"https:\/\/test.forma5.com\/wp-content\/uploads\/logo.svg","width":169,"height":36,"caption":"Forma 5"},"image":{"@id":"https:\/\/test.forma5.com\/de\/#\/schema\/logo\/image\/"}}]}},"_links":{"self":[{"href":"https:\/\/test.forma5.com\/de\/wp-json\/wp\/v2\/product\/5943","targetHints":{"allow":["GET"]}}],"collection":[{"href":"https:\/\/test.forma5.com\/de\/wp-json\/wp\/v2\/product"}],"about":[{"href":"https:\/\/test.forma5.com\/de\/wp-json\/wp\/v2\/types\/product"}],"acf:attachment":[{"embeddable":true,"href":"https:\/\/test.forma5.com\/de\/wp-json\/wp\/v2\/media\/2536"}],"acf:post":[{"embeddable":true,"href":"https:\/\/test.forma5.com\/de\/wp-json\/wp\/v2\/disenador\/1024"}],"wp:featuredmedia":[{"embeddable":true,"href":"https:\/\/test.forma5.com\/de\/wp-json\/wp\/v2\/media\/5944"}],"wp:attachment":[{"href":"https:\/\/test.forma5.com\/de\/wp-json\/wp\/v2\/media?parent=5943"}],"wp:term":[{"taxonomy":"product_brand","embeddable":true,"href":"https:\/\/test.forma5.com\/de\/wp-json\/wp\/v2\/product_brand?post=5943"},{"taxonomy":"product_cat","embeddable":true,"href":"https:\/\/test.forma5.com\/de\/wp-json\/wp\/v2\/product_cat?post=5943"},{"taxonomy":"product_tag","embeddable":true,"href":"https:\/\/test.forma5.com\/de\/wp-json\/wp\/v2\/product_tag?post=5943"}],"curies":[{"name":"wp","href":"https:\/\/api.w.org\/{rel}","templated":true}]}}