{"id":5936,"date":"2025-05-24T09:21:35","date_gmt":"2025-05-24T07:21:35","guid":{"rendered":"https:\/\/test.forma5.com\/producto\/unkategorisiert\/cuore\/"},"modified":"2025-05-26T14:20:38","modified_gmt":"2025-05-26T12:20:38","slug":"cuore","status":"publish","type":"product","link":"https:\/\/test.forma5.com\/de\/stuhle\/chefsessel\/cuore\/","title":{"rendered":"Cuore"},"content":{"rendered":"<p><span data-sheets-root=\"1\">Cuore ist ein Chefsessel, der von und f\u00fcr die Sinne entworfen wurde, um den ersten Eindruck zu f\u00f6rdern, der bleibt, wenn wir ihn ausprobieren und zu \u00fcberzeugten Nutzern werden. Er zeichnet sich durch eine umh\u00fcllende Schale aus, die tags\u00fcber einladend und bequem ist. Die gepolsterte R\u00fcckenlehne aus Naturholz &#8211; gebeizt in Ebenholz oder Nussbaum &#8211; oder aus Aluminium verleiht dem Stuhl den subtilen Akzent und das Image, das in Chefb\u00fcros ben\u00f6tigt wird.<\/span><\/p>\n","protected":false},"excerpt":{"rendered":"<h2>Das umh\u00fcllende Geh\u00e4use sorgt f\u00fcr<em><span data-sheets-root=\"1\"> Wohlbefinden am Arbeitsplatz<\/span><\/em><\/h2>\n","protected":false},"featured_media":5938,"template":"","meta":{"_acf_changed":false},"product_brand":[],"product_cat":[228,232],"product_tag":[],"class_list":{"0":"post-5936","1":"product","2":"type-product","3":"status-publish","4":"has-post-thumbnail","6":"product_cat-stuhle","7":"product_cat-chefsessel","9":"first","10":"instock","11":"shipping-taxable","12":"product-type-simple"},"acf":{"bigger_product_image":"","background-text":"","product_designer":[1042],"inactive_designer_info":{"custom_designer_name":"","custom_designer_image":null},"scene_gallery":[2501],"gallery_bg_color":"#878787","details_gallery":[{"slide_text":"<span data-sheets-root=\"1\">Der subtile Hauch von <strong>Eleganz und Image<\/strong>, der in Chefb\u00fcros ben\u00f6tigt wird.<\/span>","slide_image":2499},{"slide_text":"<span data-sheets-root=\"1\">Die Au\u00dfenschale aus naturlackiertem Holz, Aluminium oder gepolstert wird mit R\u00fcckenlehne und Sitz aus Polylaminat und dichtem Schaumstoff kombiniert, w\u00e4hrend das Sincro-System ein <strong>elegantes und funktionelles<\/strong> <strong>Design<\/strong> bietet.<\/span>","slide_image":2505},{"slide_text":"<span data-sheets-root=\"1\"><strong>Der Stuhl ist in allen<\/strong> Forma 5-Stoffen erh\u00e4ltlich.<\/span>","slide_image":2503}],"product_video":{"video_link":"https:\/\/vimeo.com\/995334964?share=copy#t=0","video_cover":2501},"product_downloads_path":"sillas\/sillones-despacho","product_downloads":[{"select_file_type":"normal","file_type":"catalog","file_type_special":"","file_name":"C_Cuore_Garbo.pdf","file_customlabel":"Catalog"},{"select_file_type":"normal","file_type":"technicalFeatures","file_type_special":"","file_name":"_CCTT_Cuore.pdf","file_customlabel":"Technical Features"},{"select_file_type":"normal","file_type":"productCertificate","file_type_special":"","file_name":"CUORE_rev03_Firmado.pdf","file_customlabel":"Product Certificate"},{"select_file_type":"normal","file_type":"images","file_type_special":"","file_name":"02_Cuore.zip","file_customlabel":"Images"},{"select_file_type":"normal","file_type":"autocad","file_type_special":"","file_name":"Cuore.zip","file_customlabel":"3D Geometry"},{"select_file_type":"normal","file_type":"revitBim","file_type_special":"","file_name":"CUORE.zip","file_customlabel":"Revit\/BIM"}],"grid_image_gallery":null},"yoast_head":"<!-- This site is optimized with the Yoast SEO plugin v25.2 - https:\/\/yoast.com\/wordpress\/plugins\/seo\/ -->\n<title>\u25b6 Entdecken Sie &#039;Cuore&#039;: unseren Chefsessel - Gruppe Forma 5<\/title>\n<meta name=\"description\" content=\"Chefsessel mit bequemer Sitzschale und eleganter R\u00fcckenlehne. Verw\u00f6hnen Sie Ihre Sinne in Ihrem Chefb\u00fcro. Klicken und sehen!\" \/>\n<meta name=\"robots\" content=\"noindex, follow, max-snippet:-1, max-image-preview:large, max-video-preview:-1\" \/>\n<meta property=\"og:locale\" content=\"de_DE\" \/>\n<meta property=\"og:type\" content=\"article\" \/>\n<meta property=\"og:title\" content=\"\u25b6 Entdecken Sie &#039;Cuore&#039;: unseren Chefsessel - Gruppe Forma 5\" \/>\n<meta property=\"og:description\" content=\"Chefsessel mit bequemer Sitzschale und eleganter R\u00fcckenlehne. Verw\u00f6hnen Sie Ihre Sinne in Ihrem Chefb\u00fcro. Klicken und sehen!\" \/>\n<meta property=\"og:url\" content=\"https:\/\/test.forma5.com\/de\/stuhle\/chefsessel\/cuore\/\" \/>\n<meta property=\"og:site_name\" content=\"Forma 5\" \/>\n<meta property=\"article:modified_time\" content=\"2025-05-26T12:20:38+00:00\" \/>\n<meta property=\"og:image\" content=\"https:\/\/test.forma5.com\/wp-content\/uploads\/Retoque-Cuore-2.webp\" \/>\n\t<meta property=\"og:image:width\" content=\"800\" \/>\n\t<meta property=\"og:image:height\" content=\"800\" \/>\n\t<meta property=\"og:image:type\" content=\"image\/webp\" \/>\n<meta name=\"twitter:card\" content=\"summary_large_image\" \/>\n<meta name=\"twitter:label1\" content=\"Gesch\u00e4tzte Lesezeit\" \/>\n\t<meta name=\"twitter:data1\" content=\"1\u00a0Minute\" \/>\n<script type=\"application\/ld+json\" class=\"yoast-schema-graph\">{\"@context\":\"https:\/\/schema.org\",\"@graph\":[{\"@type\":\"WebPage\",\"@id\":\"https:\/\/test.forma5.com\/de\/stuhle\/chefsessel\/cuore\/\",\"url\":\"https:\/\/test.forma5.com\/de\/stuhle\/chefsessel\/cuore\/\",\"name\":\"\u25b6 Entdecken Sie 'Cuore': unseren Chefsessel - Gruppe Forma 5\",\"isPartOf\":{\"@id\":\"https:\/\/test.forma5.com\/de\/#website\"},\"primaryImageOfPage\":{\"@id\":\"https:\/\/test.forma5.com\/de\/stuhle\/chefsessel\/cuore\/#primaryimage\"},\"image\":{\"@id\":\"https:\/\/test.forma5.com\/de\/stuhle\/chefsessel\/cuore\/#primaryimage\"},\"thumbnailUrl\":\"https:\/\/test.forma5.com\/wp-content\/uploads\/Retoque-Cuore-2.webp\",\"datePublished\":\"2025-05-24T07:21:35+00:00\",\"dateModified\":\"2025-05-26T12:20:38+00:00\",\"description\":\"Chefsessel mit bequemer Sitzschale und eleganter R\u00fcckenlehne. Verw\u00f6hnen Sie Ihre Sinne in Ihrem Chefb\u00fcro. Klicken und sehen!\",\"breadcrumb\":{\"@id\":\"https:\/\/test.forma5.com\/de\/stuhle\/chefsessel\/cuore\/#breadcrumb\"},\"inLanguage\":\"de\",\"potentialAction\":[{\"@type\":\"ReadAction\",\"target\":[\"https:\/\/test.forma5.com\/de\/stuhle\/chefsessel\/cuore\/\"]}]},{\"@type\":\"ImageObject\",\"inLanguage\":\"de\",\"@id\":\"https:\/\/test.forma5.com\/de\/stuhle\/chefsessel\/cuore\/#primaryimage\",\"url\":\"https:\/\/test.forma5.com\/wp-content\/uploads\/Retoque-Cuore-2.webp\",\"contentUrl\":\"https:\/\/test.forma5.com\/wp-content\/uploads\/Retoque-Cuore-2.webp\",\"width\":800,\"height\":800},{\"@type\":\"BreadcrumbList\",\"@id\":\"https:\/\/test.forma5.com\/de\/stuhle\/chefsessel\/cuore\/#breadcrumb\",\"itemListElement\":[{\"@type\":\"ListItem\",\"position\":1,\"name\":\"Portada\",\"item\":\"https:\/\/test.forma5.com\/de\/\"},{\"@type\":\"ListItem\",\"position\":2,\"name\":\"Productos\",\"item\":\"https:\/\/test.forma5.com\/shop\/\"},{\"@type\":\"ListItem\",\"position\":3,\"name\":\"Cuore\"}]},{\"@type\":\"WebSite\",\"@id\":\"https:\/\/test.forma5.com\/de\/#website\",\"url\":\"https:\/\/test.forma5.com\/de\/\",\"name\":\"Forma 5\",\"description\":\"\",\"publisher\":{\"@id\":\"https:\/\/test.forma5.com\/de\/#organization\"},\"potentialAction\":[{\"@type\":\"SearchAction\",\"target\":{\"@type\":\"EntryPoint\",\"urlTemplate\":\"https:\/\/test.forma5.com\/de\/?s={search_term_string}\"},\"query-input\":{\"@type\":\"PropertyValueSpecification\",\"valueRequired\":true,\"valueName\":\"search_term_string\"}}],\"inLanguage\":\"de\"},{\"@type\":\"Organization\",\"@id\":\"https:\/\/test.forma5.com\/de\/#organization\",\"name\":\"Forma 5\",\"url\":\"https:\/\/test.forma5.com\/de\/\",\"logo\":{\"@type\":\"ImageObject\",\"inLanguage\":\"de\",\"@id\":\"https:\/\/test.forma5.com\/de\/#\/schema\/logo\/image\/\",\"url\":\"https:\/\/test.forma5.com\/wp-content\/uploads\/logo.svg\",\"contentUrl\":\"https:\/\/test.forma5.com\/wp-content\/uploads\/logo.svg\",\"width\":169,\"height\":36,\"caption\":\"Forma 5\"},\"image\":{\"@id\":\"https:\/\/test.forma5.com\/de\/#\/schema\/logo\/image\/\"}}]}<\/script>\n<!-- \/ Yoast SEO plugin. -->","yoast_head_json":{"title":"\u25b6 Entdecken Sie 'Cuore': unseren Chefsessel - Gruppe Forma 5","description":"Chefsessel mit bequemer Sitzschale und eleganter R\u00fcckenlehne. Verw\u00f6hnen Sie Ihre Sinne in Ihrem Chefb\u00fcro. Klicken und sehen!","robots":{"index":"noindex","follow":"follow","max-snippet":"max-snippet:-1","max-image-preview":"max-image-preview:large","max-video-preview":"max-video-preview:-1"},"og_locale":"de_DE","og_type":"article","og_title":"\u25b6 Entdecken Sie 'Cuore': unseren Chefsessel - Gruppe Forma 5","og_description":"Chefsessel mit bequemer Sitzschale und eleganter R\u00fcckenlehne. Verw\u00f6hnen Sie Ihre Sinne in Ihrem Chefb\u00fcro. Klicken und sehen!","og_url":"https:\/\/test.forma5.com\/de\/stuhle\/chefsessel\/cuore\/","og_site_name":"Forma 5","article_modified_time":"2025-05-26T12:20:38+00:00","og_image":[{"width":800,"height":800,"url":"https:\/\/test.forma5.com\/wp-content\/uploads\/Retoque-Cuore-2.webp","type":"image\/webp"}],"twitter_card":"summary_large_image","twitter_misc":{"Gesch\u00e4tzte Lesezeit":"1\u00a0Minute"},"schema":{"@context":"https:\/\/schema.org","@graph":[{"@type":"WebPage","@id":"https:\/\/test.forma5.com\/de\/stuhle\/chefsessel\/cuore\/","url":"https:\/\/test.forma5.com\/de\/stuhle\/chefsessel\/cuore\/","name":"\u25b6 Entdecken Sie 'Cuore': unseren Chefsessel - Gruppe Forma 5","isPartOf":{"@id":"https:\/\/test.forma5.com\/de\/#website"},"primaryImageOfPage":{"@id":"https:\/\/test.forma5.com\/de\/stuhle\/chefsessel\/cuore\/#primaryimage"},"image":{"@id":"https:\/\/test.forma5.com\/de\/stuhle\/chefsessel\/cuore\/#primaryimage"},"thumbnailUrl":"https:\/\/test.forma5.com\/wp-content\/uploads\/Retoque-Cuore-2.webp","datePublished":"2025-05-24T07:21:35+00:00","dateModified":"2025-05-26T12:20:38+00:00","description":"Chefsessel mit bequemer Sitzschale und eleganter R\u00fcckenlehne. Verw\u00f6hnen Sie Ihre Sinne in Ihrem Chefb\u00fcro. Klicken und sehen!","breadcrumb":{"@id":"https:\/\/test.forma5.com\/de\/stuhle\/chefsessel\/cuore\/#breadcrumb"},"inLanguage":"de","potentialAction":[{"@type":"ReadAction","target":["https:\/\/test.forma5.com\/de\/stuhle\/chefsessel\/cuore\/"]}]},{"@type":"ImageObject","inLanguage":"de","@id":"https:\/\/test.forma5.com\/de\/stuhle\/chefsessel\/cuore\/#primaryimage","url":"https:\/\/test.forma5.com\/wp-content\/uploads\/Retoque-Cuore-2.webp","contentUrl":"https:\/\/test.forma5.com\/wp-content\/uploads\/Retoque-Cuore-2.webp","width":800,"height":800},{"@type":"BreadcrumbList","@id":"https:\/\/test.forma5.com\/de\/stuhle\/chefsessel\/cuore\/#breadcrumb","itemListElement":[{"@type":"ListItem","position":1,"name":"Portada","item":"https:\/\/test.forma5.com\/de\/"},{"@type":"ListItem","position":2,"name":"Productos","item":"https:\/\/test.forma5.com\/shop\/"},{"@type":"ListItem","position":3,"name":"Cuore"}]},{"@type":"WebSite","@id":"https:\/\/test.forma5.com\/de\/#website","url":"https:\/\/test.forma5.com\/de\/","name":"Forma 5","description":"","publisher":{"@id":"https:\/\/test.forma5.com\/de\/#organization"},"potentialAction":[{"@type":"SearchAction","target":{"@type":"EntryPoint","urlTemplate":"https:\/\/test.forma5.com\/de\/?s={search_term_string}"},"query-input":{"@type":"PropertyValueSpecification","valueRequired":true,"valueName":"search_term_string"}}],"inLanguage":"de"},{"@type":"Organization","@id":"https:\/\/test.forma5.com\/de\/#organization","name":"Forma 5","url":"https:\/\/test.forma5.com\/de\/","logo":{"@type":"ImageObject","inLanguage":"de","@id":"https:\/\/test.forma5.com\/de\/#\/schema\/logo\/image\/","url":"https:\/\/test.forma5.com\/wp-content\/uploads\/logo.svg","contentUrl":"https:\/\/test.forma5.com\/wp-content\/uploads\/logo.svg","width":169,"height":36,"caption":"Forma 5"},"image":{"@id":"https:\/\/test.forma5.com\/de\/#\/schema\/logo\/image\/"}}]}},"_links":{"self":[{"href":"https:\/\/test.forma5.com\/de\/wp-json\/wp\/v2\/product\/5936","targetHints":{"allow":["GET"]}}],"collection":[{"href":"https:\/\/test.forma5.com\/de\/wp-json\/wp\/v2\/product"}],"about":[{"href":"https:\/\/test.forma5.com\/de\/wp-json\/wp\/v2\/types\/product"}],"acf:attachment":[{"embeddable":true,"href":"https:\/\/test.forma5.com\/de\/wp-json\/wp\/v2\/media\/2501"}],"acf:post":[{"embeddable":true,"href":"https:\/\/test.forma5.com\/de\/wp-json\/wp\/v2\/disenador\/1042"}],"wp:featuredmedia":[{"embeddable":true,"href":"https:\/\/test.forma5.com\/de\/wp-json\/wp\/v2\/media\/5938"}],"wp:attachment":[{"href":"https:\/\/test.forma5.com\/de\/wp-json\/wp\/v2\/media?parent=5936"}],"wp:term":[{"taxonomy":"product_brand","embeddable":true,"href":"https:\/\/test.forma5.com\/de\/wp-json\/wp\/v2\/product_brand?post=5936"},{"taxonomy":"product_cat","embeddable":true,"href":"https:\/\/test.forma5.com\/de\/wp-json\/wp\/v2\/product_cat?post=5936"},{"taxonomy":"product_tag","embeddable":true,"href":"https:\/\/test.forma5.com\/de\/wp-json\/wp\/v2\/product_tag?post=5936"}],"curies":[{"name":"wp","href":"https:\/\/api.w.org\/{rel}","templated":true}]}}