{"id":5931,"date":"2025-05-25T10:08:42","date_gmt":"2025-05-25T08:08:42","guid":{"rendered":"https:\/\/test.forma5.com\/producto\/unkategorisiert\/flow\/"},"modified":"2025-09-10T07:57:43","modified_gmt":"2025-09-10T05:57:43","slug":"flow","status":"publish","type":"product","link":"https:\/\/test.forma5.com\/de\/stuhle\/burosuhle\/flow\/","title":{"rendered":"Flow"},"content":{"rendered":"<p><span data-sheets-root=\"1\">Flow ist ein Synonym f\u00fcr die Dynamik des modernen Arbeitsplatzes und ein weiteres Werkzeug, das uns bei der Bew\u00e4ltigung unserer t\u00e4glichen Aufgaben unterst\u00fctzt. Mit seiner leichten \u00c4sthetik ist die einfache Geometrie von Flow speziell f\u00fcr rotierende Arbeitsbereiche, Teamarbeit, Coworking und sogar f\u00fcr zu Hause konzipiert.<\/span><\/p>\n","protected":false},"excerpt":{"rendered":"<h2><span data-sheets-root=\"1\">Komfort w\u00e4hrend des Arbeitstages<\/span><\/h2>\n","protected":false},"featured_media":5933,"template":"","meta":{"_acf_changed":false},"product_brand":[],"product_cat":[228,231],"product_tag":[],"class_list":{"0":"post-5931","1":"product","2":"type-product","3":"status-publish","4":"has-post-thumbnail","6":"product_cat-stuhle","7":"product_cat-burostuhle","9":"first","10":"instock","11":"shipping-taxable","12":"product-type-simple"},"acf":{"bigger_product_image":"","background-text":"","product_designer":[1035],"inactive_designer_info":{"custom_designer_name":"","custom_designer_image":null},"scene_gallery":[2277,2279,2281,2283],"gallery_bg_color":"#727272","details_gallery":[{"slide_text":"<span data-sheets-root=\"1\">Arbeit, Zusammenarbeit, Teamarbeit, Kreativit\u00e4t, Konzentration... FLEXIBILIT\u00c4T.<\/span>","slide_image":2271},{"slide_text":"<div class=\"wpb_text_column wpb_content_element wpb_animate_when_almost_visible wpb_left-to-right left-to-right wpb_start_animation animated\">\r\n<div class=\"wpb_wrapper\">\r\n\r\n<span data-sheets-root=\"1\">Arbeitsstuhl oder Hocker mit R\u00fcckenlehne aus Polypropylen oder gepolstert. Wei\u00dfes Gestell mit nebelgrauen oder schwarzen Details. Modernes und vielseitiges Design, das sich an verschiedene Arbeitsumgebungen anpassen l\u00e4sst.<\/span>\r\n\r\n<\/div>\r\n<\/div>","slide_image":2275},{"slide_text":"<span data-sheets-root=\"1\">Seine geschwungenen Linien und seine Flexibilit\u00e4t passen sich nat\u00fcrlich den Rundungen des R\u00fcckens an und sorgen f\u00fcr Komfort.<\/span>","slide_image":2273}],"product_video":{"video_link":"https:\/\/vimeo.com\/910425820","video_cover":2279},"product_downloads_path":"sillas\/oficina-ergonomica","product_downloads":[{"select_file_type":"normal","file_type":"catalog","file_type_special":"","file_name":"Flow.pdf","file_customlabel":"Catalogue"},{"select_file_type":"normal","file_type":"technicalFeatures","file_type_special":"","file_name":"_CCTT_Flow_ESP.pdf","file_customlabel":"Technical Features"},{"select_file_type":"normal","file_type":"images","file_type_special":"","file_name":"09_Flow.zip","file_customlabel":"Images"},{"select_file_type":"normal","file_type":"autocad","file_type_special":"","file_name":"Flow.zip","file_customlabel":"3D Geometry"},{"select_file_type":"normal","file_type":"productCertificate","file_type_special":"","file_name":"DAP_FLOW_ENG.pdf","file_customlabel":"UPD"}],"grid_image_gallery":null},"yoast_head":"<!-- This site is optimized with the Yoast SEO plugin v25.2 - https:\/\/yoast.com\/wordpress\/plugins\/seo\/ -->\n<title>\u25b6 Entdecken Sie &#039;Flow&#039;: unser Coworking Space - Gruppe Forma 5<\/title>\n<meta name=\"description\" content=\"Flow St\u00fchle f\u00fcr Coworking: Komfort und Dynamik in einem leichten Design, ideal f\u00fcr Rotations- und Teamarbeit. Klicken und entdecken!\" \/>\n<meta name=\"robots\" content=\"noindex, follow, max-snippet:-1, max-image-preview:large, max-video-preview:-1\" \/>\n<meta property=\"og:locale\" content=\"de_DE\" \/>\n<meta property=\"og:type\" content=\"article\" \/>\n<meta property=\"og:title\" content=\"\u25b6 Entdecken Sie &#039;Flow&#039;: unser Coworking Space - Gruppe Forma 5\" \/>\n<meta property=\"og:description\" content=\"Flow St\u00fchle f\u00fcr Coworking: Komfort und Dynamik in einem leichten Design, ideal f\u00fcr Rotations- und Teamarbeit. Klicken und entdecken!\" \/>\n<meta property=\"og:url\" content=\"https:\/\/test.forma5.com\/de\/stuhle\/burosuhle\/flow\/\" \/>\n<meta property=\"og:site_name\" content=\"Forma 5\" \/>\n<meta property=\"article:modified_time\" content=\"2025-09-10T05:57:43+00:00\" \/>\n<meta property=\"og:image\" content=\"https:\/\/test.forma5.com\/wp-content\/uploads\/Flow.webp\" \/>\n\t<meta property=\"og:image:width\" content=\"800\" \/>\n\t<meta property=\"og:image:height\" content=\"800\" \/>\n\t<meta property=\"og:image:type\" content=\"image\/webp\" \/>\n<meta name=\"twitter:card\" content=\"summary_large_image\" \/>\n<meta name=\"twitter:label1\" content=\"Gesch\u00e4tzte Lesezeit\" \/>\n\t<meta name=\"twitter:data1\" content=\"1\u00a0Minute\" \/>\n<script type=\"application\/ld+json\" class=\"yoast-schema-graph\">{\"@context\":\"https:\/\/schema.org\",\"@graph\":[{\"@type\":\"WebPage\",\"@id\":\"https:\/\/test.forma5.com\/de\/stuhle\/burosuhle\/flow\/\",\"url\":\"https:\/\/test.forma5.com\/de\/stuhle\/burosuhle\/flow\/\",\"name\":\"\u25b6 Entdecken Sie 'Flow': unser Coworking Space - Gruppe Forma 5\",\"isPartOf\":{\"@id\":\"https:\/\/test.forma5.com\/de\/#website\"},\"primaryImageOfPage\":{\"@id\":\"https:\/\/test.forma5.com\/de\/stuhle\/burosuhle\/flow\/#primaryimage\"},\"image\":{\"@id\":\"https:\/\/test.forma5.com\/de\/stuhle\/burosuhle\/flow\/#primaryimage\"},\"thumbnailUrl\":\"https:\/\/test.forma5.com\/wp-content\/uploads\/Flow.webp\",\"datePublished\":\"2025-05-25T08:08:42+00:00\",\"dateModified\":\"2025-09-10T05:57:43+00:00\",\"description\":\"Flow St\u00fchle f\u00fcr Coworking: Komfort und Dynamik in einem leichten Design, ideal f\u00fcr Rotations- und Teamarbeit. Klicken und entdecken!\",\"breadcrumb\":{\"@id\":\"https:\/\/test.forma5.com\/de\/stuhle\/burosuhle\/flow\/#breadcrumb\"},\"inLanguage\":\"de\",\"potentialAction\":[{\"@type\":\"ReadAction\",\"target\":[\"https:\/\/test.forma5.com\/de\/stuhle\/burosuhle\/flow\/\"]}]},{\"@type\":\"ImageObject\",\"inLanguage\":\"de\",\"@id\":\"https:\/\/test.forma5.com\/de\/stuhle\/burosuhle\/flow\/#primaryimage\",\"url\":\"https:\/\/test.forma5.com\/wp-content\/uploads\/Flow.webp\",\"contentUrl\":\"https:\/\/test.forma5.com\/wp-content\/uploads\/Flow.webp\",\"width\":800,\"height\":800},{\"@type\":\"BreadcrumbList\",\"@id\":\"https:\/\/test.forma5.com\/de\/stuhle\/burosuhle\/flow\/#breadcrumb\",\"itemListElement\":[{\"@type\":\"ListItem\",\"position\":1,\"name\":\"Portada\",\"item\":\"https:\/\/test.forma5.com\/de\/\"},{\"@type\":\"ListItem\",\"position\":2,\"name\":\"Productos\",\"item\":\"https:\/\/test.forma5.com\/shop\/\"},{\"@type\":\"ListItem\",\"position\":3,\"name\":\"Flow\"}]},{\"@type\":\"WebSite\",\"@id\":\"https:\/\/test.forma5.com\/de\/#website\",\"url\":\"https:\/\/test.forma5.com\/de\/\",\"name\":\"Forma 5\",\"description\":\"\",\"publisher\":{\"@id\":\"https:\/\/test.forma5.com\/de\/#organization\"},\"potentialAction\":[{\"@type\":\"SearchAction\",\"target\":{\"@type\":\"EntryPoint\",\"urlTemplate\":\"https:\/\/test.forma5.com\/de\/?s={search_term_string}\"},\"query-input\":{\"@type\":\"PropertyValueSpecification\",\"valueRequired\":true,\"valueName\":\"search_term_string\"}}],\"inLanguage\":\"de\"},{\"@type\":\"Organization\",\"@id\":\"https:\/\/test.forma5.com\/de\/#organization\",\"name\":\"Forma 5\",\"url\":\"https:\/\/test.forma5.com\/de\/\",\"logo\":{\"@type\":\"ImageObject\",\"inLanguage\":\"de\",\"@id\":\"https:\/\/test.forma5.com\/de\/#\/schema\/logo\/image\/\",\"url\":\"https:\/\/test.forma5.com\/wp-content\/uploads\/logo.svg\",\"contentUrl\":\"https:\/\/test.forma5.com\/wp-content\/uploads\/logo.svg\",\"width\":169,\"height\":36,\"caption\":\"Forma 5\"},\"image\":{\"@id\":\"https:\/\/test.forma5.com\/de\/#\/schema\/logo\/image\/\"}}]}<\/script>\n<!-- \/ Yoast SEO plugin. -->","yoast_head_json":{"title":"\u25b6 Entdecken Sie 'Flow': unser Coworking Space - Gruppe Forma 5","description":"Flow St\u00fchle f\u00fcr Coworking: Komfort und Dynamik in einem leichten Design, ideal f\u00fcr Rotations- und Teamarbeit. Klicken und entdecken!","robots":{"index":"noindex","follow":"follow","max-snippet":"max-snippet:-1","max-image-preview":"max-image-preview:large","max-video-preview":"max-video-preview:-1"},"og_locale":"de_DE","og_type":"article","og_title":"\u25b6 Entdecken Sie 'Flow': unser Coworking Space - Gruppe Forma 5","og_description":"Flow St\u00fchle f\u00fcr Coworking: Komfort und Dynamik in einem leichten Design, ideal f\u00fcr Rotations- und Teamarbeit. Klicken und entdecken!","og_url":"https:\/\/test.forma5.com\/de\/stuhle\/burosuhle\/flow\/","og_site_name":"Forma 5","article_modified_time":"2025-09-10T05:57:43+00:00","og_image":[{"width":800,"height":800,"url":"https:\/\/test.forma5.com\/wp-content\/uploads\/Flow.webp","type":"image\/webp"}],"twitter_card":"summary_large_image","twitter_misc":{"Gesch\u00e4tzte Lesezeit":"1\u00a0Minute"},"schema":{"@context":"https:\/\/schema.org","@graph":[{"@type":"WebPage","@id":"https:\/\/test.forma5.com\/de\/stuhle\/burosuhle\/flow\/","url":"https:\/\/test.forma5.com\/de\/stuhle\/burosuhle\/flow\/","name":"\u25b6 Entdecken Sie 'Flow': unser Coworking Space - Gruppe Forma 5","isPartOf":{"@id":"https:\/\/test.forma5.com\/de\/#website"},"primaryImageOfPage":{"@id":"https:\/\/test.forma5.com\/de\/stuhle\/burosuhle\/flow\/#primaryimage"},"image":{"@id":"https:\/\/test.forma5.com\/de\/stuhle\/burosuhle\/flow\/#primaryimage"},"thumbnailUrl":"https:\/\/test.forma5.com\/wp-content\/uploads\/Flow.webp","datePublished":"2025-05-25T08:08:42+00:00","dateModified":"2025-09-10T05:57:43+00:00","description":"Flow St\u00fchle f\u00fcr Coworking: Komfort und Dynamik in einem leichten Design, ideal f\u00fcr Rotations- und Teamarbeit. Klicken und entdecken!","breadcrumb":{"@id":"https:\/\/test.forma5.com\/de\/stuhle\/burosuhle\/flow\/#breadcrumb"},"inLanguage":"de","potentialAction":[{"@type":"ReadAction","target":["https:\/\/test.forma5.com\/de\/stuhle\/burosuhle\/flow\/"]}]},{"@type":"ImageObject","inLanguage":"de","@id":"https:\/\/test.forma5.com\/de\/stuhle\/burosuhle\/flow\/#primaryimage","url":"https:\/\/test.forma5.com\/wp-content\/uploads\/Flow.webp","contentUrl":"https:\/\/test.forma5.com\/wp-content\/uploads\/Flow.webp","width":800,"height":800},{"@type":"BreadcrumbList","@id":"https:\/\/test.forma5.com\/de\/stuhle\/burosuhle\/flow\/#breadcrumb","itemListElement":[{"@type":"ListItem","position":1,"name":"Portada","item":"https:\/\/test.forma5.com\/de\/"},{"@type":"ListItem","position":2,"name":"Productos","item":"https:\/\/test.forma5.com\/shop\/"},{"@type":"ListItem","position":3,"name":"Flow"}]},{"@type":"WebSite","@id":"https:\/\/test.forma5.com\/de\/#website","url":"https:\/\/test.forma5.com\/de\/","name":"Forma 5","description":"","publisher":{"@id":"https:\/\/test.forma5.com\/de\/#organization"},"potentialAction":[{"@type":"SearchAction","target":{"@type":"EntryPoint","urlTemplate":"https:\/\/test.forma5.com\/de\/?s={search_term_string}"},"query-input":{"@type":"PropertyValueSpecification","valueRequired":true,"valueName":"search_term_string"}}],"inLanguage":"de"},{"@type":"Organization","@id":"https:\/\/test.forma5.com\/de\/#organization","name":"Forma 5","url":"https:\/\/test.forma5.com\/de\/","logo":{"@type":"ImageObject","inLanguage":"de","@id":"https:\/\/test.forma5.com\/de\/#\/schema\/logo\/image\/","url":"https:\/\/test.forma5.com\/wp-content\/uploads\/logo.svg","contentUrl":"https:\/\/test.forma5.com\/wp-content\/uploads\/logo.svg","width":169,"height":36,"caption":"Forma 5"},"image":{"@id":"https:\/\/test.forma5.com\/de\/#\/schema\/logo\/image\/"}}]}},"_links":{"self":[{"href":"https:\/\/test.forma5.com\/de\/wp-json\/wp\/v2\/product\/5931","targetHints":{"allow":["GET"]}}],"collection":[{"href":"https:\/\/test.forma5.com\/de\/wp-json\/wp\/v2\/product"}],"about":[{"href":"https:\/\/test.forma5.com\/de\/wp-json\/wp\/v2\/types\/product"}],"acf:attachment":[{"embeddable":true,"href":"https:\/\/test.forma5.com\/de\/wp-json\/wp\/v2\/media\/2283"},{"embeddable":true,"href":"https:\/\/test.forma5.com\/de\/wp-json\/wp\/v2\/media\/2281"},{"embeddable":true,"href":"https:\/\/test.forma5.com\/de\/wp-json\/wp\/v2\/media\/2279"},{"embeddable":true,"href":"https:\/\/test.forma5.com\/de\/wp-json\/wp\/v2\/media\/2277"}],"acf:post":[{"embeddable":true,"href":"https:\/\/test.forma5.com\/de\/wp-json\/wp\/v2\/disenador\/1035"}],"wp:featuredmedia":[{"embeddable":true,"href":"https:\/\/test.forma5.com\/de\/wp-json\/wp\/v2\/media\/5933"}],"wp:attachment":[{"href":"https:\/\/test.forma5.com\/de\/wp-json\/wp\/v2\/media?parent=5931"}],"wp:term":[{"taxonomy":"product_brand","embeddable":true,"href":"https:\/\/test.forma5.com\/de\/wp-json\/wp\/v2\/product_brand?post=5931"},{"taxonomy":"product_cat","embeddable":true,"href":"https:\/\/test.forma5.com\/de\/wp-json\/wp\/v2\/product_cat?post=5931"},{"taxonomy":"product_tag","embeddable":true,"href":"https:\/\/test.forma5.com\/de\/wp-json\/wp\/v2\/product_tag?post=5931"}],"curies":[{"name":"wp","href":"https:\/\/api.w.org\/{rel}","templated":true}]}}