{"id":5929,"date":"2025-05-25T07:57:50","date_gmt":"2025-05-25T05:57:50","guid":{"rendered":"https:\/\/test.forma5.com\/producto\/unkategorisiert\/allure\/"},"modified":"2025-05-26T14:15:49","modified_gmt":"2025-05-26T12:15:49","slug":"chefsessel","status":"publish","type":"product","link":"https:\/\/test.forma5.com\/de\/stuhle\/chefsessel\/allure\/","title":{"rendered":"Allure"},"content":{"rendered":"<p><span data-sheets-root=\"1\">Allure ist ein Programm f\u00fcr F\u00fchrungs-, Entscheidungs- und Organisationspositionen. Die Arbeitsst\u00fchle zeichnen sich durch eine weiche Linienf\u00fchrung und h\u00f6chste Qualit\u00e4t in der Druckverteilung aus, um den Sitzkomfort zu gew\u00e4hrleisten. Die mittelhohen Dreh- und Konferenzst\u00fchle bieten die gleichen \u00e4sthetischen und ergonomischen Eigenschaften f\u00fcr Besprechungsr\u00e4ume, Vorstandsetagen und Konferenzr\u00e4ume in Unternehmen.<\/span><\/p>\n","protected":false},"excerpt":{"rendered":"<h2>Zeichnet sich durch seine glatten<em><span data-sheets-root=\"1\"> Linien und hohe Qualit\u00e4t <\/span><\/em>aus<\/h2>\n<p>&nbsp;<\/p>\n<p>&nbsp;<\/p>\n","protected":false},"featured_media":6299,"template":"","meta":{"_acf_changed":false},"product_brand":[],"product_cat":[228,232],"product_tag":[],"class_list":{"0":"post-5929","1":"product","2":"type-product","3":"status-publish","4":"has-post-thumbnail","6":"product_cat-stuhle","7":"product_cat-chefsessel","9":"first","10":"instock","11":"shipping-taxable","12":"product-type-simple"},"acf":{"bigger_product_image":"","background-text":"","product_designer":[1037],"inactive_designer_info":{"custom_designer_name":"","custom_designer_image":null},"scene_gallery":[2522,2512,2510],"gallery_bg_color":"#6b6b6b","details_gallery":[{"slide_text":"<span data-sheets-root=\"1\"><strong>H\u00f6chste Qualit\u00e4t <\/strong>der Druckverteilung zur Gew\u00e4hrleistung der Betriebssicherheit.<\/span>","slide_image":2518},{"slide_text":"<span data-sheets-root=\"1\">Dieser verstellbare <strong>Chefdrehstuhl hat Armlehnen<\/strong> aus poliertem Aluminium, eine gepolsterte Sitzfl\u00e4che und R\u00fcckenlehne, ein verstellbares Fu\u00dfkreuz und Rollen.<\/span>","slide_image":2514}],"product_video":{"video_link":"","video_cover":""},"product_downloads_path":"sillas\/sillones-despacho","product_downloads":[{"select_file_type":"normal","file_type":"catalog","file_type_special":"","file_name":"Allure.pdf","file_customlabel":"Catalog"},{"select_file_type":"normal","file_type":"technicalFeatures","file_type_special":"","file_name":"_CCTT_Allure.pdf","file_customlabel":"Technical Features"},{"select_file_type":"normal","file_type":"productCertificate","file_type_special":"","file_name":"ALLURE_rev04_Firmado.pdf","file_customlabel":"Product Certificate"},{"select_file_type":"normal","file_type":"images","file_type_special":"","file_name":"01_Allure.zip","file_customlabel":"Images"},{"select_file_type":"normal","file_type":"autocad","file_type_special":"","file_name":"Allure.zip","file_customlabel":"3D Geometry"},{"select_file_type":"normal","file_type":"revitBim","file_type_special":"","file_name":"ALLURE.zip","file_customlabel":"Revit\/BIM"}],"grid_image_gallery":null},"yoast_head":"<!-- This site is optimized with the Yoast SEO plugin v25.2 - https:\/\/yoast.com\/wordpress\/plugins\/seo\/ -->\n<title>\u25b6 Entdecken Sie &#039;Allure&#039;: unser B\u00fcrostuhl f\u00fcr F\u00fchrungskr\u00e4fte - Gruppe Forma 5<\/title>\n<meta name=\"description\" content=\"Hochwertiger B\u00fcrosessel f\u00fcr das Management, der ergonomischen Komfort mit F\u00fchrungsqualit\u00e4ten verbindet. Klicken Sie hier, um Ihren Arbeitsplatz aufzuwerten!\" \/>\n<meta name=\"robots\" content=\"noindex, follow, max-snippet:-1, max-image-preview:large, max-video-preview:-1\" \/>\n<meta property=\"og:locale\" content=\"de_DE\" \/>\n<meta property=\"og:type\" content=\"article\" \/>\n<meta property=\"og:title\" content=\"\u25b6 Entdecken Sie &#039;Allure&#039;: unser B\u00fcrostuhl f\u00fcr F\u00fchrungskr\u00e4fte - Gruppe Forma 5\" \/>\n<meta property=\"og:description\" content=\"Hochwertiger B\u00fcrosessel f\u00fcr das Management, der ergonomischen Komfort mit F\u00fchrungsqualit\u00e4ten verbindet. Klicken Sie hier, um Ihren Arbeitsplatz aufzuwerten!\" \/>\n<meta property=\"og:url\" content=\"https:\/\/test.forma5.com\/de\/stuhle\/chefsessel\/allure\/\" \/>\n<meta property=\"og:site_name\" content=\"Forma 5\" \/>\n<meta property=\"article:modified_time\" content=\"2025-05-26T12:15:49+00:00\" \/>\n<meta property=\"og:image\" content=\"https:\/\/test.forma5.com\/wp-content\/uploads\/allure-2.png\" \/>\n\t<meta property=\"og:image:width\" content=\"800\" \/>\n\t<meta property=\"og:image:height\" content=\"800\" \/>\n\t<meta property=\"og:image:type\" content=\"image\/png\" \/>\n<meta name=\"twitter:card\" content=\"summary_large_image\" \/>\n<meta name=\"twitter:label1\" content=\"Gesch\u00e4tzte Lesezeit\" \/>\n\t<meta name=\"twitter:data1\" content=\"1\u00a0Minute\" \/>\n<script type=\"application\/ld+json\" class=\"yoast-schema-graph\">{\"@context\":\"https:\/\/schema.org\",\"@graph\":[{\"@type\":\"WebPage\",\"@id\":\"https:\/\/test.forma5.com\/de\/stuhle\/chefsessel\/allure\/\",\"url\":\"https:\/\/test.forma5.com\/de\/stuhle\/chefsessel\/allure\/\",\"name\":\"\u25b6 Entdecken Sie 'Allure': unser B\u00fcrostuhl f\u00fcr F\u00fchrungskr\u00e4fte - Gruppe Forma 5\",\"isPartOf\":{\"@id\":\"https:\/\/test.forma5.com\/de\/#website\"},\"primaryImageOfPage\":{\"@id\":\"https:\/\/test.forma5.com\/de\/stuhle\/chefsessel\/allure\/#primaryimage\"},\"image\":{\"@id\":\"https:\/\/test.forma5.com\/de\/stuhle\/chefsessel\/allure\/#primaryimage\"},\"thumbnailUrl\":\"https:\/\/test.forma5.com\/wp-content\/uploads\/allure-2.png\",\"datePublished\":\"2025-05-25T05:57:50+00:00\",\"dateModified\":\"2025-05-26T12:15:49+00:00\",\"description\":\"Hochwertiger B\u00fcrosessel f\u00fcr das Management, der ergonomischen Komfort mit F\u00fchrungsqualit\u00e4ten verbindet. Klicken Sie hier, um Ihren Arbeitsplatz aufzuwerten!\",\"breadcrumb\":{\"@id\":\"https:\/\/test.forma5.com\/de\/stuhle\/chefsessel\/allure\/#breadcrumb\"},\"inLanguage\":\"de\",\"potentialAction\":[{\"@type\":\"ReadAction\",\"target\":[\"https:\/\/test.forma5.com\/de\/stuhle\/chefsessel\/allure\/\"]}]},{\"@type\":\"ImageObject\",\"inLanguage\":\"de\",\"@id\":\"https:\/\/test.forma5.com\/de\/stuhle\/chefsessel\/allure\/#primaryimage\",\"url\":\"https:\/\/test.forma5.com\/wp-content\/uploads\/allure-2.png\",\"contentUrl\":\"https:\/\/test.forma5.com\/wp-content\/uploads\/allure-2.png\",\"width\":800,\"height\":800},{\"@type\":\"BreadcrumbList\",\"@id\":\"https:\/\/test.forma5.com\/de\/stuhle\/chefsessel\/allure\/#breadcrumb\",\"itemListElement\":[{\"@type\":\"ListItem\",\"position\":1,\"name\":\"Portada\",\"item\":\"https:\/\/test.forma5.com\/de\/\"},{\"@type\":\"ListItem\",\"position\":2,\"name\":\"Productos\",\"item\":\"https:\/\/test.forma5.com\/shop\/\"},{\"@type\":\"ListItem\",\"position\":3,\"name\":\"Allure\"}]},{\"@type\":\"WebSite\",\"@id\":\"https:\/\/test.forma5.com\/de\/#website\",\"url\":\"https:\/\/test.forma5.com\/de\/\",\"name\":\"Forma 5\",\"description\":\"\",\"publisher\":{\"@id\":\"https:\/\/test.forma5.com\/de\/#organization\"},\"potentialAction\":[{\"@type\":\"SearchAction\",\"target\":{\"@type\":\"EntryPoint\",\"urlTemplate\":\"https:\/\/test.forma5.com\/de\/?s={search_term_string}\"},\"query-input\":{\"@type\":\"PropertyValueSpecification\",\"valueRequired\":true,\"valueName\":\"search_term_string\"}}],\"inLanguage\":\"de\"},{\"@type\":\"Organization\",\"@id\":\"https:\/\/test.forma5.com\/de\/#organization\",\"name\":\"Forma 5\",\"url\":\"https:\/\/test.forma5.com\/de\/\",\"logo\":{\"@type\":\"ImageObject\",\"inLanguage\":\"de\",\"@id\":\"https:\/\/test.forma5.com\/de\/#\/schema\/logo\/image\/\",\"url\":\"https:\/\/test.forma5.com\/wp-content\/uploads\/logo.svg\",\"contentUrl\":\"https:\/\/test.forma5.com\/wp-content\/uploads\/logo.svg\",\"width\":169,\"height\":36,\"caption\":\"Forma 5\"},\"image\":{\"@id\":\"https:\/\/test.forma5.com\/de\/#\/schema\/logo\/image\/\"}}]}<\/script>\n<!-- \/ Yoast SEO plugin. -->","yoast_head_json":{"title":"\u25b6 Entdecken Sie 'Allure': unser B\u00fcrostuhl f\u00fcr F\u00fchrungskr\u00e4fte - Gruppe Forma 5","description":"Hochwertiger B\u00fcrosessel f\u00fcr das Management, der ergonomischen Komfort mit F\u00fchrungsqualit\u00e4ten verbindet. Klicken Sie hier, um Ihren Arbeitsplatz aufzuwerten!","robots":{"index":"noindex","follow":"follow","max-snippet":"max-snippet:-1","max-image-preview":"max-image-preview:large","max-video-preview":"max-video-preview:-1"},"og_locale":"de_DE","og_type":"article","og_title":"\u25b6 Entdecken Sie 'Allure': unser B\u00fcrostuhl f\u00fcr F\u00fchrungskr\u00e4fte - Gruppe Forma 5","og_description":"Hochwertiger B\u00fcrosessel f\u00fcr das Management, der ergonomischen Komfort mit F\u00fchrungsqualit\u00e4ten verbindet. Klicken Sie hier, um Ihren Arbeitsplatz aufzuwerten!","og_url":"https:\/\/test.forma5.com\/de\/stuhle\/chefsessel\/allure\/","og_site_name":"Forma 5","article_modified_time":"2025-05-26T12:15:49+00:00","og_image":[{"width":800,"height":800,"url":"https:\/\/test.forma5.com\/wp-content\/uploads\/allure-2.png","type":"image\/png"}],"twitter_card":"summary_large_image","twitter_misc":{"Gesch\u00e4tzte Lesezeit":"1\u00a0Minute"},"schema":{"@context":"https:\/\/schema.org","@graph":[{"@type":"WebPage","@id":"https:\/\/test.forma5.com\/de\/stuhle\/chefsessel\/allure\/","url":"https:\/\/test.forma5.com\/de\/stuhle\/chefsessel\/allure\/","name":"\u25b6 Entdecken Sie 'Allure': unser B\u00fcrostuhl f\u00fcr F\u00fchrungskr\u00e4fte - Gruppe Forma 5","isPartOf":{"@id":"https:\/\/test.forma5.com\/de\/#website"},"primaryImageOfPage":{"@id":"https:\/\/test.forma5.com\/de\/stuhle\/chefsessel\/allure\/#primaryimage"},"image":{"@id":"https:\/\/test.forma5.com\/de\/stuhle\/chefsessel\/allure\/#primaryimage"},"thumbnailUrl":"https:\/\/test.forma5.com\/wp-content\/uploads\/allure-2.png","datePublished":"2025-05-25T05:57:50+00:00","dateModified":"2025-05-26T12:15:49+00:00","description":"Hochwertiger B\u00fcrosessel f\u00fcr das Management, der ergonomischen Komfort mit F\u00fchrungsqualit\u00e4ten verbindet. Klicken Sie hier, um Ihren Arbeitsplatz aufzuwerten!","breadcrumb":{"@id":"https:\/\/test.forma5.com\/de\/stuhle\/chefsessel\/allure\/#breadcrumb"},"inLanguage":"de","potentialAction":[{"@type":"ReadAction","target":["https:\/\/test.forma5.com\/de\/stuhle\/chefsessel\/allure\/"]}]},{"@type":"ImageObject","inLanguage":"de","@id":"https:\/\/test.forma5.com\/de\/stuhle\/chefsessel\/allure\/#primaryimage","url":"https:\/\/test.forma5.com\/wp-content\/uploads\/allure-2.png","contentUrl":"https:\/\/test.forma5.com\/wp-content\/uploads\/allure-2.png","width":800,"height":800},{"@type":"BreadcrumbList","@id":"https:\/\/test.forma5.com\/de\/stuhle\/chefsessel\/allure\/#breadcrumb","itemListElement":[{"@type":"ListItem","position":1,"name":"Portada","item":"https:\/\/test.forma5.com\/de\/"},{"@type":"ListItem","position":2,"name":"Productos","item":"https:\/\/test.forma5.com\/shop\/"},{"@type":"ListItem","position":3,"name":"Allure"}]},{"@type":"WebSite","@id":"https:\/\/test.forma5.com\/de\/#website","url":"https:\/\/test.forma5.com\/de\/","name":"Forma 5","description":"","publisher":{"@id":"https:\/\/test.forma5.com\/de\/#organization"},"potentialAction":[{"@type":"SearchAction","target":{"@type":"EntryPoint","urlTemplate":"https:\/\/test.forma5.com\/de\/?s={search_term_string}"},"query-input":{"@type":"PropertyValueSpecification","valueRequired":true,"valueName":"search_term_string"}}],"inLanguage":"de"},{"@type":"Organization","@id":"https:\/\/test.forma5.com\/de\/#organization","name":"Forma 5","url":"https:\/\/test.forma5.com\/de\/","logo":{"@type":"ImageObject","inLanguage":"de","@id":"https:\/\/test.forma5.com\/de\/#\/schema\/logo\/image\/","url":"https:\/\/test.forma5.com\/wp-content\/uploads\/logo.svg","contentUrl":"https:\/\/test.forma5.com\/wp-content\/uploads\/logo.svg","width":169,"height":36,"caption":"Forma 5"},"image":{"@id":"https:\/\/test.forma5.com\/de\/#\/schema\/logo\/image\/"}}]}},"_links":{"self":[{"href":"https:\/\/test.forma5.com\/de\/wp-json\/wp\/v2\/product\/5929","targetHints":{"allow":["GET"]}}],"collection":[{"href":"https:\/\/test.forma5.com\/de\/wp-json\/wp\/v2\/product"}],"about":[{"href":"https:\/\/test.forma5.com\/de\/wp-json\/wp\/v2\/types\/product"}],"acf:attachment":[{"embeddable":true,"href":"https:\/\/test.forma5.com\/de\/wp-json\/wp\/v2\/media\/2510"},{"embeddable":true,"href":"https:\/\/test.forma5.com\/de\/wp-json\/wp\/v2\/media\/2512"},{"embeddable":true,"href":"https:\/\/test.forma5.com\/de\/wp-json\/wp\/v2\/media\/2522"}],"acf:post":[{"embeddable":true,"href":"https:\/\/test.forma5.com\/de\/wp-json\/wp\/v2\/disenador\/1037"}],"wp:featuredmedia":[{"embeddable":true,"href":"https:\/\/test.forma5.com\/de\/wp-json\/wp\/v2\/media\/6299"}],"wp:attachment":[{"href":"https:\/\/test.forma5.com\/de\/wp-json\/wp\/v2\/media?parent=5929"}],"wp:term":[{"taxonomy":"product_brand","embeddable":true,"href":"https:\/\/test.forma5.com\/de\/wp-json\/wp\/v2\/product_brand?post=5929"},{"taxonomy":"product_cat","embeddable":true,"href":"https:\/\/test.forma5.com\/de\/wp-json\/wp\/v2\/product_cat?post=5929"},{"taxonomy":"product_tag","embeddable":true,"href":"https:\/\/test.forma5.com\/de\/wp-json\/wp\/v2\/product_tag?post=5929"}],"curies":[{"name":"wp","href":"https:\/\/api.w.org\/{rel}","templated":true}]}}