{"id":5925,"date":"2025-05-21T10:28:30","date_gmt":"2025-05-21T08:28:30","guid":{"rendered":"https:\/\/test.forma5.com\/producto\/unkategorisiert\/kineo\/"},"modified":"2025-05-30T10:25:17","modified_gmt":"2025-05-30T08:25:17","slug":"kineo","status":"publish","type":"product","link":"https:\/\/test.forma5.com\/de\/stuhle\/burosuhle\/kineo\/","title":{"rendered":"Kineo"},"content":{"rendered":"<p><span data-sheets-root=\"1\">Kineo basiert auf dem Konzept des ebenfalls revolution\u00e4ren Stuhls 3.60, f\u00fcr den wir einen Mechanismus mit Kugelgelenkeffekt entwickelt haben, der es dem Stuhl erm\u00f6glicht, frei zu schwingen und dabei den nat\u00fcrlichen Bewegungen des K\u00f6rpers zu folgen.<\/span><\/p>\n<p>Die gro\u00dfe Vielseitigkeit des Stuhls erm\u00f6glicht die Anpassung an eine Vielzahl von Benutzern, dank der Verstellbarkeit der gro\u00dfen Armlehnen und der Sitztiefenverstellung mit einem gro\u00dfen Verstellbereich, der Polsterung, der Beine und der R\u00e4der.<\/p>\n","protected":false},"excerpt":{"rendered":"<h2><span data-sheets-root=\"1\">Vielseitigkeit, die die Anpassung des Rollstuhls an ein breites Spektrum von Benutzern erm\u00f6glicht<\/span><\/h2>\n","protected":false},"featured_media":5927,"template":"","meta":{"_acf_changed":false},"product_brand":[],"product_cat":[228,231],"product_tag":[],"class_list":{"0":"post-5925","1":"product","2":"type-product","3":"status-publish","4":"has-post-thumbnail","6":"product_cat-stuhle","7":"product_cat-burostuhle","9":"first","10":"instock","11":"shipping-taxable","12":"product-type-simple"},"acf":{"bigger_product_image":"","background-text":"","product_designer":[1035],"inactive_designer_info":{"custom_designer_name":"","custom_designer_image":null},"scene_gallery":[2265,2267,2269],"gallery_bg_color":"#a81212","details_gallery":[{"slide_text":"<div class=\"wpb_column vc_column_container vc_col-sm-6 vc_col-has-fill\">\r\n<div class=\"vc_column-inner vc_custom_1441118897821\">\r\n<div class=\"wpb_wrapper\">\r\n<div class=\"wpb_text_column wpb_content_element vc_custom_1487680330710 blancojones\">\r\n<div class=\"wpb_wrapper\">\r\n<div class=\"box\">\r\n<div class=\"contenido\">\r\n<p class=\"desta\"><span data-sheets-root=\"1\">Die NPR-Arme sind perfekt an die unterschiedlichen K\u00f6rpergr\u00f6\u00dfen der Benutzer angepasst.<\/span><\/p>\r\n\r\n<\/div>\r\n<\/div>\r\n<\/div>\r\n<\/div>\r\n<\/div>\r\n<\/div>\r\n<\/div>","slide_image":2263},{"slide_text":"<div class=\"wpb_text_column wpb_content_element wpb_animate_when_almost_visible wpb_left-to-right left-to-right vc_custom_1455811571966 wpb_start_animation animated\">\r\n<div class=\"wpb_wrapper\">\r\n\r\n<span data-sheets-root=\"1\">Der Stuhl ist mit einem atmungsaktiven 3D-Netzgewebe, einer verstellbaren und asymmetrischen Lendenwirbelst\u00fctze, in H\u00f6he, Breite und Tiefe verstellbaren 3D-Armlehnen und einem dreidimensionalen Synchro-Motion-Mechanismus f\u00fcr flie\u00dfende Bewegungen ausgestattet.<\/span>\r\n\r\n<\/div>\r\n<\/div>","slide_image":""},{"slide_text":"<span data-sheets-root=\"1\">System mit 360\u00b0 Bewegungsfreiheit.<\/span>","slide_image":2261}],"product_video":{"video_link":"https:\/\/vimeo.com\/994984472?share=copy","video_cover":2269},"product_downloads_path":"sillas\/oficina-ergonomica","product_downloads":[{"select_file_type":"normal","file_type":"catalog","file_type_special":"","file_name":"C_Kineo.pdf","file_customlabel":"Catalogue"},{"select_file_type":"normal","file_type":"technicalFeatures","file_type_special":"","file_name":"CCTT_Kineo_2025_DEU.pdf","file_customlabel":"Technical Features"},{"select_file_type":"normal","file_type":"productCertificate","file_type_special":"","file_name":"KINEO_rev04_Firmado.pdf","file_customlabel":"Product Certificate"},{"select_file_type":"normal","file_type":"images","file_type_special":"","file_name":"08_Kineo.zip","file_customlabel":"Images"},{"select_file_type":"normal","file_type":"autocad","file_type_special":"","file_name":"Kineo.zip","file_customlabel":"3D Geometry"},{"select_file_type":"normal","file_type":"revitBim","file_type_special":"","file_name":"KINEO.zip","file_customlabel":"Revit\/BIM"}],"grid_image_gallery":null},"yoast_head":"<!-- This site is optimized with the Yoast SEO plugin v25.2 - https:\/\/yoast.com\/wordpress\/plugins\/seo\/ -->\n<title>\u25b6 Entdecken Sie &#039;Kineo&#039;: unseren ergonomischen B\u00fcrostuhl - Gruppe Forma 5<\/title>\n<meta name=\"description\" content=\"Dieser ergonomische B\u00fcrostuhl f\u00f6rdert die Stabilisierung des K\u00f6rpers bei freier Bewegung und bietet Vielseitigkeit und individuelle Einstellm\u00f6glichkeiten. Klicken Sie hier!\" \/>\n<meta name=\"robots\" content=\"noindex, follow, max-snippet:-1, max-image-preview:large, max-video-preview:-1\" \/>\n<meta property=\"og:locale\" content=\"de_DE\" \/>\n<meta property=\"og:type\" content=\"article\" \/>\n<meta property=\"og:title\" content=\"\u25b6 Entdecken Sie &#039;Kineo&#039;: unseren ergonomischen B\u00fcrostuhl - Gruppe Forma 5\" \/>\n<meta property=\"og:description\" content=\"Dieser ergonomische B\u00fcrostuhl f\u00f6rdert die Stabilisierung des K\u00f6rpers bei freier Bewegung und bietet Vielseitigkeit und individuelle Einstellm\u00f6glichkeiten. Klicken Sie hier!\" \/>\n<meta property=\"og:url\" content=\"https:\/\/test.forma5.com\/de\/stuhle\/burosuhle\/kineo\/\" \/>\n<meta property=\"og:site_name\" content=\"Forma 5\" \/>\n<meta property=\"article:modified_time\" content=\"2025-05-30T08:25:17+00:00\" \/>\n<meta property=\"og:image\" content=\"https:\/\/test.forma5.com\/wp-content\/uploads\/Kineo.webp\" \/>\n\t<meta property=\"og:image:width\" content=\"800\" \/>\n\t<meta property=\"og:image:height\" content=\"800\" \/>\n\t<meta property=\"og:image:type\" content=\"image\/webp\" \/>\n<meta name=\"twitter:card\" content=\"summary_large_image\" \/>\n<meta name=\"twitter:label1\" content=\"Gesch\u00e4tzte Lesezeit\" \/>\n\t<meta name=\"twitter:data1\" content=\"1\u00a0Minute\" \/>\n<script type=\"application\/ld+json\" class=\"yoast-schema-graph\">{\"@context\":\"https:\/\/schema.org\",\"@graph\":[{\"@type\":\"WebPage\",\"@id\":\"https:\/\/test.forma5.com\/de\/stuhle\/burosuhle\/kineo\/\",\"url\":\"https:\/\/test.forma5.com\/de\/stuhle\/burosuhle\/kineo\/\",\"name\":\"\u25b6 Entdecken Sie 'Kineo': unseren ergonomischen B\u00fcrostuhl - Gruppe Forma 5\",\"isPartOf\":{\"@id\":\"https:\/\/test.forma5.com\/de\/#website\"},\"primaryImageOfPage\":{\"@id\":\"https:\/\/test.forma5.com\/de\/stuhle\/burosuhle\/kineo\/#primaryimage\"},\"image\":{\"@id\":\"https:\/\/test.forma5.com\/de\/stuhle\/burosuhle\/kineo\/#primaryimage\"},\"thumbnailUrl\":\"https:\/\/test.forma5.com\/wp-content\/uploads\/Kineo.webp\",\"datePublished\":\"2025-05-21T08:28:30+00:00\",\"dateModified\":\"2025-05-30T08:25:17+00:00\",\"description\":\"Dieser ergonomische B\u00fcrostuhl f\u00f6rdert die Stabilisierung des K\u00f6rpers bei freier Bewegung und bietet Vielseitigkeit und individuelle Einstellm\u00f6glichkeiten. Klicken Sie hier!\",\"breadcrumb\":{\"@id\":\"https:\/\/test.forma5.com\/de\/stuhle\/burosuhle\/kineo\/#breadcrumb\"},\"inLanguage\":\"de\",\"potentialAction\":[{\"@type\":\"ReadAction\",\"target\":[\"https:\/\/test.forma5.com\/de\/stuhle\/burosuhle\/kineo\/\"]}]},{\"@type\":\"ImageObject\",\"inLanguage\":\"de\",\"@id\":\"https:\/\/test.forma5.com\/de\/stuhle\/burosuhle\/kineo\/#primaryimage\",\"url\":\"https:\/\/test.forma5.com\/wp-content\/uploads\/Kineo.webp\",\"contentUrl\":\"https:\/\/test.forma5.com\/wp-content\/uploads\/Kineo.webp\",\"width\":800,\"height\":800},{\"@type\":\"BreadcrumbList\",\"@id\":\"https:\/\/test.forma5.com\/de\/stuhle\/burosuhle\/kineo\/#breadcrumb\",\"itemListElement\":[{\"@type\":\"ListItem\",\"position\":1,\"name\":\"Portada\",\"item\":\"https:\/\/test.forma5.com\/de\/\"},{\"@type\":\"ListItem\",\"position\":2,\"name\":\"Productos\",\"item\":\"https:\/\/test.forma5.com\/shop\/\"},{\"@type\":\"ListItem\",\"position\":3,\"name\":\"Kineo\"}]},{\"@type\":\"WebSite\",\"@id\":\"https:\/\/test.forma5.com\/de\/#website\",\"url\":\"https:\/\/test.forma5.com\/de\/\",\"name\":\"Forma 5\",\"description\":\"\",\"publisher\":{\"@id\":\"https:\/\/test.forma5.com\/de\/#organization\"},\"potentialAction\":[{\"@type\":\"SearchAction\",\"target\":{\"@type\":\"EntryPoint\",\"urlTemplate\":\"https:\/\/test.forma5.com\/de\/?s={search_term_string}\"},\"query-input\":{\"@type\":\"PropertyValueSpecification\",\"valueRequired\":true,\"valueName\":\"search_term_string\"}}],\"inLanguage\":\"de\"},{\"@type\":\"Organization\",\"@id\":\"https:\/\/test.forma5.com\/de\/#organization\",\"name\":\"Forma 5\",\"url\":\"https:\/\/test.forma5.com\/de\/\",\"logo\":{\"@type\":\"ImageObject\",\"inLanguage\":\"de\",\"@id\":\"https:\/\/test.forma5.com\/de\/#\/schema\/logo\/image\/\",\"url\":\"https:\/\/test.forma5.com\/wp-content\/uploads\/logo.svg\",\"contentUrl\":\"https:\/\/test.forma5.com\/wp-content\/uploads\/logo.svg\",\"width\":169,\"height\":36,\"caption\":\"Forma 5\"},\"image\":{\"@id\":\"https:\/\/test.forma5.com\/de\/#\/schema\/logo\/image\/\"}}]}<\/script>\n<!-- \/ Yoast SEO plugin. -->","yoast_head_json":{"title":"\u25b6 Entdecken Sie 'Kineo': unseren ergonomischen B\u00fcrostuhl - Gruppe Forma 5","description":"Dieser ergonomische B\u00fcrostuhl f\u00f6rdert die Stabilisierung des K\u00f6rpers bei freier Bewegung und bietet Vielseitigkeit und individuelle Einstellm\u00f6glichkeiten. Klicken Sie hier!","robots":{"index":"noindex","follow":"follow","max-snippet":"max-snippet:-1","max-image-preview":"max-image-preview:large","max-video-preview":"max-video-preview:-1"},"og_locale":"de_DE","og_type":"article","og_title":"\u25b6 Entdecken Sie 'Kineo': unseren ergonomischen B\u00fcrostuhl - Gruppe Forma 5","og_description":"Dieser ergonomische B\u00fcrostuhl f\u00f6rdert die Stabilisierung des K\u00f6rpers bei freier Bewegung und bietet Vielseitigkeit und individuelle Einstellm\u00f6glichkeiten. Klicken Sie hier!","og_url":"https:\/\/test.forma5.com\/de\/stuhle\/burosuhle\/kineo\/","og_site_name":"Forma 5","article_modified_time":"2025-05-30T08:25:17+00:00","og_image":[{"width":800,"height":800,"url":"https:\/\/test.forma5.com\/wp-content\/uploads\/Kineo.webp","type":"image\/webp"}],"twitter_card":"summary_large_image","twitter_misc":{"Gesch\u00e4tzte Lesezeit":"1\u00a0Minute"},"schema":{"@context":"https:\/\/schema.org","@graph":[{"@type":"WebPage","@id":"https:\/\/test.forma5.com\/de\/stuhle\/burosuhle\/kineo\/","url":"https:\/\/test.forma5.com\/de\/stuhle\/burosuhle\/kineo\/","name":"\u25b6 Entdecken Sie 'Kineo': unseren ergonomischen B\u00fcrostuhl - Gruppe Forma 5","isPartOf":{"@id":"https:\/\/test.forma5.com\/de\/#website"},"primaryImageOfPage":{"@id":"https:\/\/test.forma5.com\/de\/stuhle\/burosuhle\/kineo\/#primaryimage"},"image":{"@id":"https:\/\/test.forma5.com\/de\/stuhle\/burosuhle\/kineo\/#primaryimage"},"thumbnailUrl":"https:\/\/test.forma5.com\/wp-content\/uploads\/Kineo.webp","datePublished":"2025-05-21T08:28:30+00:00","dateModified":"2025-05-30T08:25:17+00:00","description":"Dieser ergonomische B\u00fcrostuhl f\u00f6rdert die Stabilisierung des K\u00f6rpers bei freier Bewegung und bietet Vielseitigkeit und individuelle Einstellm\u00f6glichkeiten. Klicken Sie hier!","breadcrumb":{"@id":"https:\/\/test.forma5.com\/de\/stuhle\/burosuhle\/kineo\/#breadcrumb"},"inLanguage":"de","potentialAction":[{"@type":"ReadAction","target":["https:\/\/test.forma5.com\/de\/stuhle\/burosuhle\/kineo\/"]}]},{"@type":"ImageObject","inLanguage":"de","@id":"https:\/\/test.forma5.com\/de\/stuhle\/burosuhle\/kineo\/#primaryimage","url":"https:\/\/test.forma5.com\/wp-content\/uploads\/Kineo.webp","contentUrl":"https:\/\/test.forma5.com\/wp-content\/uploads\/Kineo.webp","width":800,"height":800},{"@type":"BreadcrumbList","@id":"https:\/\/test.forma5.com\/de\/stuhle\/burosuhle\/kineo\/#breadcrumb","itemListElement":[{"@type":"ListItem","position":1,"name":"Portada","item":"https:\/\/test.forma5.com\/de\/"},{"@type":"ListItem","position":2,"name":"Productos","item":"https:\/\/test.forma5.com\/shop\/"},{"@type":"ListItem","position":3,"name":"Kineo"}]},{"@type":"WebSite","@id":"https:\/\/test.forma5.com\/de\/#website","url":"https:\/\/test.forma5.com\/de\/","name":"Forma 5","description":"","publisher":{"@id":"https:\/\/test.forma5.com\/de\/#organization"},"potentialAction":[{"@type":"SearchAction","target":{"@type":"EntryPoint","urlTemplate":"https:\/\/test.forma5.com\/de\/?s={search_term_string}"},"query-input":{"@type":"PropertyValueSpecification","valueRequired":true,"valueName":"search_term_string"}}],"inLanguage":"de"},{"@type":"Organization","@id":"https:\/\/test.forma5.com\/de\/#organization","name":"Forma 5","url":"https:\/\/test.forma5.com\/de\/","logo":{"@type":"ImageObject","inLanguage":"de","@id":"https:\/\/test.forma5.com\/de\/#\/schema\/logo\/image\/","url":"https:\/\/test.forma5.com\/wp-content\/uploads\/logo.svg","contentUrl":"https:\/\/test.forma5.com\/wp-content\/uploads\/logo.svg","width":169,"height":36,"caption":"Forma 5"},"image":{"@id":"https:\/\/test.forma5.com\/de\/#\/schema\/logo\/image\/"}}]}},"_links":{"self":[{"href":"https:\/\/test.forma5.com\/de\/wp-json\/wp\/v2\/product\/5925","targetHints":{"allow":["GET"]}}],"collection":[{"href":"https:\/\/test.forma5.com\/de\/wp-json\/wp\/v2\/product"}],"about":[{"href":"https:\/\/test.forma5.com\/de\/wp-json\/wp\/v2\/types\/product"}],"acf:attachment":[{"embeddable":true,"href":"https:\/\/test.forma5.com\/de\/wp-json\/wp\/v2\/media\/2269"},{"embeddable":true,"href":"https:\/\/test.forma5.com\/de\/wp-json\/wp\/v2\/media\/2267"},{"embeddable":true,"href":"https:\/\/test.forma5.com\/de\/wp-json\/wp\/v2\/media\/2265"}],"acf:post":[{"embeddable":true,"href":"https:\/\/test.forma5.com\/de\/wp-json\/wp\/v2\/disenador\/1035"}],"wp:featuredmedia":[{"embeddable":true,"href":"https:\/\/test.forma5.com\/de\/wp-json\/wp\/v2\/media\/5927"}],"wp:attachment":[{"href":"https:\/\/test.forma5.com\/de\/wp-json\/wp\/v2\/media?parent=5925"}],"wp:term":[{"taxonomy":"product_brand","embeddable":true,"href":"https:\/\/test.forma5.com\/de\/wp-json\/wp\/v2\/product_brand?post=5925"},{"taxonomy":"product_cat","embeddable":true,"href":"https:\/\/test.forma5.com\/de\/wp-json\/wp\/v2\/product_cat?post=5925"},{"taxonomy":"product_tag","embeddable":true,"href":"https:\/\/test.forma5.com\/de\/wp-json\/wp\/v2\/product_tag?post=5925"}],"curies":[{"name":"wp","href":"https:\/\/api.w.org\/{rel}","templated":true}]}}