{"id":5913,"date":"2025-05-21T11:00:44","date_gmt":"2025-05-21T09:00:44","guid":{"rendered":"https:\/\/test.forma5.com\/producto\/unkategorisiert\/eben\/"},"modified":"2025-05-26T12:47:55","modified_gmt":"2025-05-26T10:47:55","slug":"eben","status":"publish","type":"product","link":"https:\/\/test.forma5.com\/de\/stuhle\/burosuhle\/eben\/","title":{"rendered":"Eben"},"content":{"rendered":"<p>&#8222;Die Silhouette von Eben spiegelt eine Kombination aus \u00c4sthetik und Technologie wider und ist die perfekte Wahl f\u00fcr Bereiche, in denen das Image eine wichtige Rolle spielt.<\/p>\n<p>Das Design wurde entwickelt, um mit inspirierenden Arbeitsoberfl\u00e4chen wie Aluminium und Mesh und markanten, geschwungenen Linien einen einzigartigen Touch zu verleihen.&#8220;<\/p>\n","protected":false},"excerpt":{"rendered":"<div class=\"product-descriptions_short\">\n<h2><span data-sheets-root=\"1\">Es ist ideal f\u00fcr den Einsatz in Bereichen, in denen das Bild eine besondere Reichweite erfordert<\/span><\/h2>\n<\/div>\n<div class=\"product-descriptions_main\"><\/div>\n","protected":false},"featured_media":6252,"template":"","meta":{"_acf_changed":false},"product_brand":[],"product_cat":[228,231],"product_tag":[],"class_list":{"0":"post-5913","1":"product","2":"type-product","3":"status-publish","4":"has-post-thumbnail","6":"product_cat-stuhle","7":"product_cat-burostuhle","9":"first","10":"instock","11":"shipping-taxable","12":"product-type-simple"},"acf":{"bigger_product_image":"","background-text":"","product_designer":[1035],"inactive_designer_info":{"custom_designer_name":"","custom_designer_image":null},"scene_gallery":[2255,2257,2259],"gallery_bg_color":"#cccccc","details_gallery":[{"slide_text":"<div class=\"wpb_column vc_column_container vc_col-sm-6 vc_col-has-fill\">\r\n<div class=\"vc_column-inner vc_custom_1441118897821\">\r\n<div class=\"wpb_wrapper\">\r\n<div class=\"wpb_text_column wpb_content_element vc_custom_1449680993829 blancojones\">\r\n<div class=\"wpb_wrapper\">\r\n<div class=\"box\">\r\n<div class=\"contenido\">\r\n<p class=\"desta\"><span data-sheets-root=\"1\">Die Serie Eben eignet sich hervorragend f\u00fcr alle technischen und administrativen Bereiche.<\/span><\/p>\r\n\r\n<\/div>\r\n<\/div>\r\n<\/div>\r\n<\/div>\r\n<\/div>\r\n<\/div>\r\n<\/div>\r\n<div class=\"wpb_column vc_column_container vc_col-sm-6 vc_col-has-fill\">\r\n<div class=\"vc_column-inner vc_custom_1441099568214\">\r\n<div class=\"wpb_wrapper\"><\/div>\r\n<\/div>\r\n<\/div>","slide_image":2253},{"slide_text":"<span data-sheets-root=\"1\">Die Serie umfasst zwei Drehst\u00fchle: einen mit einer eleganten und bequemen R\u00fcckenlehne aus technischem Netzgewebe und einen mit gepolsterter R\u00fcckenlehne. Das Gestell, das das Netz tr\u00e4gt, ist in Schwarz oder Wei\u00df erh\u00e4ltlich.<\/span>","slide_image":2251},{"slide_text":"<span data-sheets-root=\"1\">Eine besondere Note zum Wohlf\u00fchlen und Entspannen.<\/span>","slide_image":2249}],"product_video":{"video_link":"https:\/\/vimeo.com\/994986089?share=copy","video_cover":2257},"product_downloads_path":"sillas\/oficina-ergonomica","product_downloads":[{"select_file_type":"normal","file_type":"catalog","file_type_special":"","file_name":"Eben.pdf","file_customlabel":"Catalogue"},{"select_file_type":"normal","file_type":"technicalFeatures","file_type_special":"","file_name":"_CCTT_Eben.pdf","file_customlabel":"Technical Features"},{"select_file_type":"normal","file_type":"productCertificate","file_type_special":"","file_name":"EBEN_rev03_Firmado.pdf","file_customlabel":"Product Certificate"},{"select_file_type":"normal","file_type":"images","file_type_special":"","file_name":"05_Eben.zip","file_customlabel":"Images"},{"select_file_type":"normal","file_type":"autocad","file_type_special":"","file_name":"Eben.zip","file_customlabel":"3D Geometry"},{"select_file_type":"normal","file_type":"revitBim","file_type_special":"","file_name":"EBEN.zip","file_customlabel":"Revit\/BIM"}],"grid_image_gallery":null},"yoast_head":"<!-- This site is optimized with the Yoast SEO plugin v25.2 - https:\/\/yoast.com\/wordpress\/plugins\/seo\/ -->\n<title>\u25b6 Entdecken Sie &#039;Eben&#039;: unseren gepolsterten B\u00fcrodrehstuhl - Gruppe Forma 5<\/title>\n<meta name=\"description\" content=\"Der gepolsterte B\u00fcrodrehstuhl bietet ein perfektes Gleichgewicht zwischen Design und Ergonomie zur Steigerung der Produktivit\u00e4t. Klicken Sie hier und verbessern Sie Ihren Arbeitsplatz!\" \/>\n<meta name=\"robots\" content=\"noindex, follow, max-snippet:-1, max-image-preview:large, max-video-preview:-1\" \/>\n<meta property=\"og:locale\" content=\"de_DE\" \/>\n<meta property=\"og:type\" content=\"article\" \/>\n<meta property=\"og:title\" content=\"\u25b6 Entdecken Sie &#039;Eben&#039;: unseren gepolsterten B\u00fcrodrehstuhl - Gruppe Forma 5\" \/>\n<meta property=\"og:description\" content=\"Der gepolsterte B\u00fcrodrehstuhl bietet ein perfektes Gleichgewicht zwischen Design und Ergonomie zur Steigerung der Produktivit\u00e4t. Klicken Sie hier und verbessern Sie Ihren Arbeitsplatz!\" \/>\n<meta property=\"og:url\" content=\"https:\/\/test.forma5.com\/de\/stuhle\/burosuhle\/eben\/\" \/>\n<meta property=\"og:site_name\" content=\"Forma 5\" \/>\n<meta property=\"article:modified_time\" content=\"2025-05-26T10:47:55+00:00\" \/>\n<meta property=\"og:image\" content=\"https:\/\/test.forma5.com\/wp-content\/uploads\/eben.png\" \/>\n\t<meta property=\"og:image:width\" content=\"800\" \/>\n\t<meta property=\"og:image:height\" content=\"800\" \/>\n\t<meta property=\"og:image:type\" content=\"image\/png\" \/>\n<meta name=\"twitter:card\" content=\"summary_large_image\" \/>\n<meta name=\"twitter:label1\" content=\"Gesch\u00e4tzte Lesezeit\" \/>\n\t<meta name=\"twitter:data1\" content=\"1\u00a0Minute\" \/>\n<script type=\"application\/ld+json\" class=\"yoast-schema-graph\">{\"@context\":\"https:\/\/schema.org\",\"@graph\":[{\"@type\":\"WebPage\",\"@id\":\"https:\/\/test.forma5.com\/de\/stuhle\/burosuhle\/eben\/\",\"url\":\"https:\/\/test.forma5.com\/de\/stuhle\/burosuhle\/eben\/\",\"name\":\"\u25b6 Entdecken Sie 'Eben': unseren gepolsterten B\u00fcrodrehstuhl - Gruppe Forma 5\",\"isPartOf\":{\"@id\":\"https:\/\/test.forma5.com\/de\/#website\"},\"primaryImageOfPage\":{\"@id\":\"https:\/\/test.forma5.com\/de\/stuhle\/burosuhle\/eben\/#primaryimage\"},\"image\":{\"@id\":\"https:\/\/test.forma5.com\/de\/stuhle\/burosuhle\/eben\/#primaryimage\"},\"thumbnailUrl\":\"https:\/\/test.forma5.com\/wp-content\/uploads\/eben.png\",\"datePublished\":\"2025-05-21T09:00:44+00:00\",\"dateModified\":\"2025-05-26T10:47:55+00:00\",\"description\":\"Der gepolsterte B\u00fcrodrehstuhl bietet ein perfektes Gleichgewicht zwischen Design und Ergonomie zur Steigerung der Produktivit\u00e4t. Klicken Sie hier und verbessern Sie Ihren Arbeitsplatz!\",\"breadcrumb\":{\"@id\":\"https:\/\/test.forma5.com\/de\/stuhle\/burosuhle\/eben\/#breadcrumb\"},\"inLanguage\":\"de\",\"potentialAction\":[{\"@type\":\"ReadAction\",\"target\":[\"https:\/\/test.forma5.com\/de\/stuhle\/burosuhle\/eben\/\"]}]},{\"@type\":\"ImageObject\",\"inLanguage\":\"de\",\"@id\":\"https:\/\/test.forma5.com\/de\/stuhle\/burosuhle\/eben\/#primaryimage\",\"url\":\"https:\/\/test.forma5.com\/wp-content\/uploads\/eben.png\",\"contentUrl\":\"https:\/\/test.forma5.com\/wp-content\/uploads\/eben.png\",\"width\":800,\"height\":800},{\"@type\":\"BreadcrumbList\",\"@id\":\"https:\/\/test.forma5.com\/de\/stuhle\/burosuhle\/eben\/#breadcrumb\",\"itemListElement\":[{\"@type\":\"ListItem\",\"position\":1,\"name\":\"Portada\",\"item\":\"https:\/\/test.forma5.com\/de\/\"},{\"@type\":\"ListItem\",\"position\":2,\"name\":\"Productos\",\"item\":\"https:\/\/test.forma5.com\/shop\/\"},{\"@type\":\"ListItem\",\"position\":3,\"name\":\"Eben\"}]},{\"@type\":\"WebSite\",\"@id\":\"https:\/\/test.forma5.com\/de\/#website\",\"url\":\"https:\/\/test.forma5.com\/de\/\",\"name\":\"Forma 5\",\"description\":\"\",\"publisher\":{\"@id\":\"https:\/\/test.forma5.com\/de\/#organization\"},\"potentialAction\":[{\"@type\":\"SearchAction\",\"target\":{\"@type\":\"EntryPoint\",\"urlTemplate\":\"https:\/\/test.forma5.com\/de\/?s={search_term_string}\"},\"query-input\":{\"@type\":\"PropertyValueSpecification\",\"valueRequired\":true,\"valueName\":\"search_term_string\"}}],\"inLanguage\":\"de\"},{\"@type\":\"Organization\",\"@id\":\"https:\/\/test.forma5.com\/de\/#organization\",\"name\":\"Forma 5\",\"url\":\"https:\/\/test.forma5.com\/de\/\",\"logo\":{\"@type\":\"ImageObject\",\"inLanguage\":\"de\",\"@id\":\"https:\/\/test.forma5.com\/de\/#\/schema\/logo\/image\/\",\"url\":\"https:\/\/test.forma5.com\/wp-content\/uploads\/logo.svg\",\"contentUrl\":\"https:\/\/test.forma5.com\/wp-content\/uploads\/logo.svg\",\"width\":169,\"height\":36,\"caption\":\"Forma 5\"},\"image\":{\"@id\":\"https:\/\/test.forma5.com\/de\/#\/schema\/logo\/image\/\"}}]}<\/script>\n<!-- \/ Yoast SEO plugin. -->","yoast_head_json":{"title":"\u25b6 Entdecken Sie 'Eben': unseren gepolsterten B\u00fcrodrehstuhl - Gruppe Forma 5","description":"Der gepolsterte B\u00fcrodrehstuhl bietet ein perfektes Gleichgewicht zwischen Design und Ergonomie zur Steigerung der Produktivit\u00e4t. Klicken Sie hier und verbessern Sie Ihren Arbeitsplatz!","robots":{"index":"noindex","follow":"follow","max-snippet":"max-snippet:-1","max-image-preview":"max-image-preview:large","max-video-preview":"max-video-preview:-1"},"og_locale":"de_DE","og_type":"article","og_title":"\u25b6 Entdecken Sie 'Eben': unseren gepolsterten B\u00fcrodrehstuhl - Gruppe Forma 5","og_description":"Der gepolsterte B\u00fcrodrehstuhl bietet ein perfektes Gleichgewicht zwischen Design und Ergonomie zur Steigerung der Produktivit\u00e4t. Klicken Sie hier und verbessern Sie Ihren Arbeitsplatz!","og_url":"https:\/\/test.forma5.com\/de\/stuhle\/burosuhle\/eben\/","og_site_name":"Forma 5","article_modified_time":"2025-05-26T10:47:55+00:00","og_image":[{"width":800,"height":800,"url":"https:\/\/test.forma5.com\/wp-content\/uploads\/eben.png","type":"image\/png"}],"twitter_card":"summary_large_image","twitter_misc":{"Gesch\u00e4tzte Lesezeit":"1\u00a0Minute"},"schema":{"@context":"https:\/\/schema.org","@graph":[{"@type":"WebPage","@id":"https:\/\/test.forma5.com\/de\/stuhle\/burosuhle\/eben\/","url":"https:\/\/test.forma5.com\/de\/stuhle\/burosuhle\/eben\/","name":"\u25b6 Entdecken Sie 'Eben': unseren gepolsterten B\u00fcrodrehstuhl - Gruppe Forma 5","isPartOf":{"@id":"https:\/\/test.forma5.com\/de\/#website"},"primaryImageOfPage":{"@id":"https:\/\/test.forma5.com\/de\/stuhle\/burosuhle\/eben\/#primaryimage"},"image":{"@id":"https:\/\/test.forma5.com\/de\/stuhle\/burosuhle\/eben\/#primaryimage"},"thumbnailUrl":"https:\/\/test.forma5.com\/wp-content\/uploads\/eben.png","datePublished":"2025-05-21T09:00:44+00:00","dateModified":"2025-05-26T10:47:55+00:00","description":"Der gepolsterte B\u00fcrodrehstuhl bietet ein perfektes Gleichgewicht zwischen Design und Ergonomie zur Steigerung der Produktivit\u00e4t. Klicken Sie hier und verbessern Sie Ihren Arbeitsplatz!","breadcrumb":{"@id":"https:\/\/test.forma5.com\/de\/stuhle\/burosuhle\/eben\/#breadcrumb"},"inLanguage":"de","potentialAction":[{"@type":"ReadAction","target":["https:\/\/test.forma5.com\/de\/stuhle\/burosuhle\/eben\/"]}]},{"@type":"ImageObject","inLanguage":"de","@id":"https:\/\/test.forma5.com\/de\/stuhle\/burosuhle\/eben\/#primaryimage","url":"https:\/\/test.forma5.com\/wp-content\/uploads\/eben.png","contentUrl":"https:\/\/test.forma5.com\/wp-content\/uploads\/eben.png","width":800,"height":800},{"@type":"BreadcrumbList","@id":"https:\/\/test.forma5.com\/de\/stuhle\/burosuhle\/eben\/#breadcrumb","itemListElement":[{"@type":"ListItem","position":1,"name":"Portada","item":"https:\/\/test.forma5.com\/de\/"},{"@type":"ListItem","position":2,"name":"Productos","item":"https:\/\/test.forma5.com\/shop\/"},{"@type":"ListItem","position":3,"name":"Eben"}]},{"@type":"WebSite","@id":"https:\/\/test.forma5.com\/de\/#website","url":"https:\/\/test.forma5.com\/de\/","name":"Forma 5","description":"","publisher":{"@id":"https:\/\/test.forma5.com\/de\/#organization"},"potentialAction":[{"@type":"SearchAction","target":{"@type":"EntryPoint","urlTemplate":"https:\/\/test.forma5.com\/de\/?s={search_term_string}"},"query-input":{"@type":"PropertyValueSpecification","valueRequired":true,"valueName":"search_term_string"}}],"inLanguage":"de"},{"@type":"Organization","@id":"https:\/\/test.forma5.com\/de\/#organization","name":"Forma 5","url":"https:\/\/test.forma5.com\/de\/","logo":{"@type":"ImageObject","inLanguage":"de","@id":"https:\/\/test.forma5.com\/de\/#\/schema\/logo\/image\/","url":"https:\/\/test.forma5.com\/wp-content\/uploads\/logo.svg","contentUrl":"https:\/\/test.forma5.com\/wp-content\/uploads\/logo.svg","width":169,"height":36,"caption":"Forma 5"},"image":{"@id":"https:\/\/test.forma5.com\/de\/#\/schema\/logo\/image\/"}}]}},"_links":{"self":[{"href":"https:\/\/test.forma5.com\/de\/wp-json\/wp\/v2\/product\/5913","targetHints":{"allow":["GET"]}}],"collection":[{"href":"https:\/\/test.forma5.com\/de\/wp-json\/wp\/v2\/product"}],"about":[{"href":"https:\/\/test.forma5.com\/de\/wp-json\/wp\/v2\/types\/product"}],"acf:attachment":[{"embeddable":true,"href":"https:\/\/test.forma5.com\/de\/wp-json\/wp\/v2\/media\/2259"},{"embeddable":true,"href":"https:\/\/test.forma5.com\/de\/wp-json\/wp\/v2\/media\/2257"},{"embeddable":true,"href":"https:\/\/test.forma5.com\/de\/wp-json\/wp\/v2\/media\/2255"}],"acf:post":[{"embeddable":true,"href":"https:\/\/test.forma5.com\/de\/wp-json\/wp\/v2\/disenador\/1035"}],"wp:featuredmedia":[{"embeddable":true,"href":"https:\/\/test.forma5.com\/de\/wp-json\/wp\/v2\/media\/6252"}],"wp:attachment":[{"href":"https:\/\/test.forma5.com\/de\/wp-json\/wp\/v2\/media?parent=5913"}],"wp:term":[{"taxonomy":"product_brand","embeddable":true,"href":"https:\/\/test.forma5.com\/de\/wp-json\/wp\/v2\/product_brand?post=5913"},{"taxonomy":"product_cat","embeddable":true,"href":"https:\/\/test.forma5.com\/de\/wp-json\/wp\/v2\/product_cat?post=5913"},{"taxonomy":"product_tag","embeddable":true,"href":"https:\/\/test.forma5.com\/de\/wp-json\/wp\/v2\/product_tag?post=5913"}],"curies":[{"name":"wp","href":"https:\/\/api.w.org\/{rel}","templated":true}]}}