{"id":5909,"date":"2025-05-16T12:21:56","date_gmt":"2025-05-16T10:21:56","guid":{"rendered":"https:\/\/test.forma5.com\/producto\/unkategorisiert\/spot\/"},"modified":"2025-05-26T13:09:04","modified_gmt":"2025-05-26T11:09:04","slug":"spot","status":"publish","type":"product","link":"https:\/\/test.forma5.com\/de\/stuhle\/burosuhle\/spot\/","title":{"rendered":"Spot"},"content":{"rendered":"<div class=\"woocommerce-product-details__short-description\">\n<p><span data-sheets-root=\"1\">Die Ergonomie des Stuhls Spot wurde speziell f\u00fcr die Bed\u00fcrfnisse von B\u00fcroarbeitern entwickelt.<\/span><\/p>\n<p>Er verf\u00fcgt \u00fcber eine h\u00f6henverstellbare R\u00fcckenlehne, verstellbare Armlehnen, eine dynamische Nackenst\u00fctze und eine Synchronmechanik Atom\/Motion.<\/p>\n<\/div>\n","protected":false},"excerpt":{"rendered":"<h2><span data-sheets-root=\"1\">Konzipiert f\u00fcr Ihren gesamten B\u00fcrobedarf<\/span><\/h2>\n","protected":false},"featured_media":5911,"template":"","meta":{"_acf_changed":false},"product_brand":[],"product_cat":[228,231],"product_tag":[],"class_list":{"0":"post-5909","1":"product","2":"type-product","3":"status-publish","4":"has-post-thumbnail","6":"product_cat-stuhle","7":"product_cat-burostuhle","9":"first","10":"instock","11":"shipping-taxable","12":"product-type-simple"},"acf":{"bigger_product_image":"","background-text":"","product_designer":[5550],"inactive_designer_info":{"custom_designer_name":"","custom_designer_image":null},"scene_gallery":"","gallery_bg_color":"#a5a5a5","details_gallery":[{"slide_text":"Die Kr\u00fcmmung der verstellbaren R\u00fcckenlehne folgt der Form der Wirbels\u00e4ule des Benutzers und sorgt f\u00fcr maximale Unterst\u00fctzung und Komfort.","slide_image":5910}],"product_video":{"video_link":"","video_cover":""},"product_downloads_path":"sillas\/oficina-ergonomica","product_downloads":[{"select_file_type":"normal","file_type":"catalog","file_type_special":"","file_name":"C_Spot.pdf","file_customlabel":"Catalogue"},{"select_file_type":"normal","file_type":"technicalFeatures","file_type_special":"","file_name":"_CCTT_Spot.pdf","file_customlabel":"Technical Features"},{"select_file_type":"normal","file_type":"productCertificate","file_type_special":"","file_name":"SPOT_rev03_Firmado.pdf","file_customlabel":"Product Certificate"},{"select_file_type":"normal","file_type":"images","file_type_special":"","file_name":"02_Spot.zip","file_customlabel":"Images"}],"grid_image_gallery":null},"yoast_head":"<!-- This site is optimized with the Yoast SEO plugin v25.2 - https:\/\/yoast.com\/wordpress\/plugins\/seo\/ -->\n<title>\u25b6 Entdecken Sie &#039;Spot&#039;: unseren ergonomischen B\u00fcrostuhl - Gruppe Forma 5<\/title>\n<meta name=\"description\" content=\"Dieser ergonomische B\u00fcrostuhl verf\u00fcgt \u00fcber eine h\u00f6henverstellbare R\u00fcckenlehne, verstellbare Armlehnen, eine dynamische Nackenst\u00fctze und vieles mehr. Klicken Sie f\u00fcr mehr Komfort!\" \/>\n<meta name=\"robots\" content=\"noindex, follow, max-snippet:-1, max-image-preview:large, max-video-preview:-1\" \/>\n<meta property=\"og:locale\" content=\"de_DE\" \/>\n<meta property=\"og:type\" content=\"article\" \/>\n<meta property=\"og:title\" content=\"\u25b6 Entdecken Sie &#039;Spot&#039;: unseren ergonomischen B\u00fcrostuhl - Gruppe Forma 5\" \/>\n<meta property=\"og:description\" content=\"Dieser ergonomische B\u00fcrostuhl verf\u00fcgt \u00fcber eine h\u00f6henverstellbare R\u00fcckenlehne, verstellbare Armlehnen, eine dynamische Nackenst\u00fctze und vieles mehr. Klicken Sie f\u00fcr mehr Komfort!\" \/>\n<meta property=\"og:url\" content=\"https:\/\/test.forma5.com\/de\/stuhle\/burosuhle\/spot\/\" \/>\n<meta property=\"og:site_name\" content=\"Forma 5\" \/>\n<meta property=\"article:modified_time\" content=\"2025-05-26T11:09:04+00:00\" \/>\n<meta property=\"og:image\" content=\"https:\/\/test.forma5.com\/wp-content\/uploads\/SPOT.webp\" \/>\n\t<meta property=\"og:image:width\" content=\"800\" \/>\n\t<meta property=\"og:image:height\" content=\"800\" \/>\n\t<meta property=\"og:image:type\" content=\"image\/webp\" \/>\n<meta name=\"twitter:card\" content=\"summary_large_image\" \/>\n<meta name=\"twitter:label1\" content=\"Gesch\u00e4tzte Lesezeit\" \/>\n\t<meta name=\"twitter:data1\" content=\"1\u00a0Minute\" \/>\n<script type=\"application\/ld+json\" class=\"yoast-schema-graph\">{\"@context\":\"https:\/\/schema.org\",\"@graph\":[{\"@type\":\"WebPage\",\"@id\":\"https:\/\/test.forma5.com\/de\/stuhle\/burosuhle\/spot\/\",\"url\":\"https:\/\/test.forma5.com\/de\/stuhle\/burosuhle\/spot\/\",\"name\":\"\u25b6 Entdecken Sie 'Spot': unseren ergonomischen B\u00fcrostuhl - Gruppe Forma 5\",\"isPartOf\":{\"@id\":\"https:\/\/test.forma5.com\/de\/#website\"},\"primaryImageOfPage\":{\"@id\":\"https:\/\/test.forma5.com\/de\/stuhle\/burosuhle\/spot\/#primaryimage\"},\"image\":{\"@id\":\"https:\/\/test.forma5.com\/de\/stuhle\/burosuhle\/spot\/#primaryimage\"},\"thumbnailUrl\":\"https:\/\/test.forma5.com\/wp-content\/uploads\/SPOT.webp\",\"datePublished\":\"2025-05-16T10:21:56+00:00\",\"dateModified\":\"2025-05-26T11:09:04+00:00\",\"description\":\"Dieser ergonomische B\u00fcrostuhl verf\u00fcgt \u00fcber eine h\u00f6henverstellbare R\u00fcckenlehne, verstellbare Armlehnen, eine dynamische Nackenst\u00fctze und vieles mehr. Klicken Sie f\u00fcr mehr Komfort!\",\"breadcrumb\":{\"@id\":\"https:\/\/test.forma5.com\/de\/stuhle\/burosuhle\/spot\/#breadcrumb\"},\"inLanguage\":\"de\",\"potentialAction\":[{\"@type\":\"ReadAction\",\"target\":[\"https:\/\/test.forma5.com\/de\/stuhle\/burosuhle\/spot\/\"]}]},{\"@type\":\"ImageObject\",\"inLanguage\":\"de\",\"@id\":\"https:\/\/test.forma5.com\/de\/stuhle\/burosuhle\/spot\/#primaryimage\",\"url\":\"https:\/\/test.forma5.com\/wp-content\/uploads\/SPOT.webp\",\"contentUrl\":\"https:\/\/test.forma5.com\/wp-content\/uploads\/SPOT.webp\",\"width\":800,\"height\":800},{\"@type\":\"BreadcrumbList\",\"@id\":\"https:\/\/test.forma5.com\/de\/stuhle\/burosuhle\/spot\/#breadcrumb\",\"itemListElement\":[{\"@type\":\"ListItem\",\"position\":1,\"name\":\"Portada\",\"item\":\"https:\/\/test.forma5.com\/de\/\"},{\"@type\":\"ListItem\",\"position\":2,\"name\":\"Productos\",\"item\":\"https:\/\/test.forma5.com\/shop\/\"},{\"@type\":\"ListItem\",\"position\":3,\"name\":\"Spot\"}]},{\"@type\":\"WebSite\",\"@id\":\"https:\/\/test.forma5.com\/de\/#website\",\"url\":\"https:\/\/test.forma5.com\/de\/\",\"name\":\"Forma 5\",\"description\":\"\",\"publisher\":{\"@id\":\"https:\/\/test.forma5.com\/de\/#organization\"},\"potentialAction\":[{\"@type\":\"SearchAction\",\"target\":{\"@type\":\"EntryPoint\",\"urlTemplate\":\"https:\/\/test.forma5.com\/de\/?s={search_term_string}\"},\"query-input\":{\"@type\":\"PropertyValueSpecification\",\"valueRequired\":true,\"valueName\":\"search_term_string\"}}],\"inLanguage\":\"de\"},{\"@type\":\"Organization\",\"@id\":\"https:\/\/test.forma5.com\/de\/#organization\",\"name\":\"Forma 5\",\"url\":\"https:\/\/test.forma5.com\/de\/\",\"logo\":{\"@type\":\"ImageObject\",\"inLanguage\":\"de\",\"@id\":\"https:\/\/test.forma5.com\/de\/#\/schema\/logo\/image\/\",\"url\":\"https:\/\/test.forma5.com\/wp-content\/uploads\/logo.svg\",\"contentUrl\":\"https:\/\/test.forma5.com\/wp-content\/uploads\/logo.svg\",\"width\":169,\"height\":36,\"caption\":\"Forma 5\"},\"image\":{\"@id\":\"https:\/\/test.forma5.com\/de\/#\/schema\/logo\/image\/\"}}]}<\/script>\n<!-- \/ Yoast SEO plugin. -->","yoast_head_json":{"title":"\u25b6 Entdecken Sie 'Spot': unseren ergonomischen B\u00fcrostuhl - Gruppe Forma 5","description":"Dieser ergonomische B\u00fcrostuhl verf\u00fcgt \u00fcber eine h\u00f6henverstellbare R\u00fcckenlehne, verstellbare Armlehnen, eine dynamische Nackenst\u00fctze und vieles mehr. Klicken Sie f\u00fcr mehr Komfort!","robots":{"index":"noindex","follow":"follow","max-snippet":"max-snippet:-1","max-image-preview":"max-image-preview:large","max-video-preview":"max-video-preview:-1"},"og_locale":"de_DE","og_type":"article","og_title":"\u25b6 Entdecken Sie 'Spot': unseren ergonomischen B\u00fcrostuhl - Gruppe Forma 5","og_description":"Dieser ergonomische B\u00fcrostuhl verf\u00fcgt \u00fcber eine h\u00f6henverstellbare R\u00fcckenlehne, verstellbare Armlehnen, eine dynamische Nackenst\u00fctze und vieles mehr. Klicken Sie f\u00fcr mehr Komfort!","og_url":"https:\/\/test.forma5.com\/de\/stuhle\/burosuhle\/spot\/","og_site_name":"Forma 5","article_modified_time":"2025-05-26T11:09:04+00:00","og_image":[{"width":800,"height":800,"url":"https:\/\/test.forma5.com\/wp-content\/uploads\/SPOT.webp","type":"image\/webp"}],"twitter_card":"summary_large_image","twitter_misc":{"Gesch\u00e4tzte Lesezeit":"1\u00a0Minute"},"schema":{"@context":"https:\/\/schema.org","@graph":[{"@type":"WebPage","@id":"https:\/\/test.forma5.com\/de\/stuhle\/burosuhle\/spot\/","url":"https:\/\/test.forma5.com\/de\/stuhle\/burosuhle\/spot\/","name":"\u25b6 Entdecken Sie 'Spot': unseren ergonomischen B\u00fcrostuhl - Gruppe Forma 5","isPartOf":{"@id":"https:\/\/test.forma5.com\/de\/#website"},"primaryImageOfPage":{"@id":"https:\/\/test.forma5.com\/de\/stuhle\/burosuhle\/spot\/#primaryimage"},"image":{"@id":"https:\/\/test.forma5.com\/de\/stuhle\/burosuhle\/spot\/#primaryimage"},"thumbnailUrl":"https:\/\/test.forma5.com\/wp-content\/uploads\/SPOT.webp","datePublished":"2025-05-16T10:21:56+00:00","dateModified":"2025-05-26T11:09:04+00:00","description":"Dieser ergonomische B\u00fcrostuhl verf\u00fcgt \u00fcber eine h\u00f6henverstellbare R\u00fcckenlehne, verstellbare Armlehnen, eine dynamische Nackenst\u00fctze und vieles mehr. Klicken Sie f\u00fcr mehr Komfort!","breadcrumb":{"@id":"https:\/\/test.forma5.com\/de\/stuhle\/burosuhle\/spot\/#breadcrumb"},"inLanguage":"de","potentialAction":[{"@type":"ReadAction","target":["https:\/\/test.forma5.com\/de\/stuhle\/burosuhle\/spot\/"]}]},{"@type":"ImageObject","inLanguage":"de","@id":"https:\/\/test.forma5.com\/de\/stuhle\/burosuhle\/spot\/#primaryimage","url":"https:\/\/test.forma5.com\/wp-content\/uploads\/SPOT.webp","contentUrl":"https:\/\/test.forma5.com\/wp-content\/uploads\/SPOT.webp","width":800,"height":800},{"@type":"BreadcrumbList","@id":"https:\/\/test.forma5.com\/de\/stuhle\/burosuhle\/spot\/#breadcrumb","itemListElement":[{"@type":"ListItem","position":1,"name":"Portada","item":"https:\/\/test.forma5.com\/de\/"},{"@type":"ListItem","position":2,"name":"Productos","item":"https:\/\/test.forma5.com\/shop\/"},{"@type":"ListItem","position":3,"name":"Spot"}]},{"@type":"WebSite","@id":"https:\/\/test.forma5.com\/de\/#website","url":"https:\/\/test.forma5.com\/de\/","name":"Forma 5","description":"","publisher":{"@id":"https:\/\/test.forma5.com\/de\/#organization"},"potentialAction":[{"@type":"SearchAction","target":{"@type":"EntryPoint","urlTemplate":"https:\/\/test.forma5.com\/de\/?s={search_term_string}"},"query-input":{"@type":"PropertyValueSpecification","valueRequired":true,"valueName":"search_term_string"}}],"inLanguage":"de"},{"@type":"Organization","@id":"https:\/\/test.forma5.com\/de\/#organization","name":"Forma 5","url":"https:\/\/test.forma5.com\/de\/","logo":{"@type":"ImageObject","inLanguage":"de","@id":"https:\/\/test.forma5.com\/de\/#\/schema\/logo\/image\/","url":"https:\/\/test.forma5.com\/wp-content\/uploads\/logo.svg","contentUrl":"https:\/\/test.forma5.com\/wp-content\/uploads\/logo.svg","width":169,"height":36,"caption":"Forma 5"},"image":{"@id":"https:\/\/test.forma5.com\/de\/#\/schema\/logo\/image\/"}}]}},"_links":{"self":[{"href":"https:\/\/test.forma5.com\/de\/wp-json\/wp\/v2\/product\/5909","targetHints":{"allow":["GET"]}}],"collection":[{"href":"https:\/\/test.forma5.com\/de\/wp-json\/wp\/v2\/product"}],"about":[{"href":"https:\/\/test.forma5.com\/de\/wp-json\/wp\/v2\/types\/product"}],"acf:post":[{"embeddable":true,"href":"https:\/\/test.forma5.com\/de\/wp-json\/wp\/v2\/disenador\/5550"}],"wp:featuredmedia":[{"embeddable":true,"href":"https:\/\/test.forma5.com\/de\/wp-json\/wp\/v2\/media\/5911"}],"wp:attachment":[{"href":"https:\/\/test.forma5.com\/de\/wp-json\/wp\/v2\/media?parent=5909"}],"wp:term":[{"taxonomy":"product_brand","embeddable":true,"href":"https:\/\/test.forma5.com\/de\/wp-json\/wp\/v2\/product_brand?post=5909"},{"taxonomy":"product_cat","embeddable":true,"href":"https:\/\/test.forma5.com\/de\/wp-json\/wp\/v2\/product_cat?post=5909"},{"taxonomy":"product_tag","embeddable":true,"href":"https:\/\/test.forma5.com\/de\/wp-json\/wp\/v2\/product_tag?post=5909"}],"curies":[{"name":"wp","href":"https:\/\/api.w.org\/{rel}","templated":true}]}}