{"id":5907,"date":"2025-05-19T11:30:47","date_gmt":"2025-05-19T09:30:47","guid":{"rendered":"https:\/\/test.forma5.com\/producto\/unkategorisiert\/touch\/"},"modified":"2025-05-26T12:02:27","modified_gmt":"2025-05-26T10:02:27","slug":"touch","status":"publish","type":"product","link":"https:\/\/test.forma5.com\/de\/stuhle\/burosuhle\/touch\/","title":{"rendered":"Touch"},"content":{"rendered":"<p><span data-sheets-root=\"1\">Die Stuhlserie Touch ist die Antwort auf die anspruchsvollsten Projekte, denn sie erf\u00fcllt alle Anforderungen, die an ein B\u00fcro gestellt werden. Das Design, das vom renommierten Designstudio Llusc\u00e0 in Zusammenarbeit mit der Abteilung F+E+i von Forma 5 entwickelt wurde, basiert auf der Kombination gerader Linien und der Integration fortschrittlichster ergonomischer Vorrichtungen. Attraktiv und vision\u00e4r in seiner Vielseitigkeit, bietet Touch verschiedene Konfigurationen des Drehfu\u00dfes, der Polsterung oder des Geh\u00e4uses, unter anderen Optionen, um die Personalisierung des endg\u00fcltigen Designs zu maximieren.<br \/>\n<\/span><\/p>\n","protected":false},"excerpt":{"rendered":"<h2><span data-sheets-root=\"1\">Seine Vielseitigkeit ist attraktiv und vor allem vision\u00e4r<\/span><\/h2>\n","protected":false},"featured_media":5424,"template":"","meta":{"_acf_changed":false},"product_brand":[],"product_cat":[228,231],"product_tag":[],"class_list":{"0":"post-5907","1":"product","2":"type-product","3":"status-publish","4":"has-post-thumbnail","6":"product_cat-stuhle","7":"product_cat-burostuhle","9":"first","10":"instock","11":"shipping-taxable","12":"product-type-simple"},"acf":{"bigger_product_image":"","background-text":"","product_designer":[1042],"inactive_designer_info":{"custom_designer_name":"","custom_designer_image":null},"scene_gallery":[1634,1632],"gallery_bg_color":"#cf3a28","details_gallery":[{"slide_text":"<span data-sheets-root=\"1\">Touch bietet eine hohe oder niedrige R\u00fcckenlehne, optionale Armlehnen und eine Nackenst\u00fctze, ideal f\u00fcr F\u00fchrungspositionen.<\/span>","slide_image":1638},{"slide_text":"<span data-sheets-root=\"1\">Ein M\u00f6belst\u00fcck, das durch seine Schlichtheit und Qualit\u00e4t besticht und Design, Vielseitigkeit und Ergonomie vereint.<\/span>","slide_image":1626},{"slide_text":"<span data-sheets-root=\"1\">Er ist mit dem Sincro-Motion-Mechanismus ausgestattet, der sich durch hohe Funktionalit\u00e4t und Ergonomie auszeichnet.<\/span>","slide_image":1628}],"product_video":{"video_link":"https:\/\/vimeo.com\/995337172?share=copy","video_cover":3016},"product_downloads_path":"sillas\/oficina-ergonomica","product_downloads":[{"select_file_type":"normal","file_type":"catalog","file_type_special":"","file_name":"C_touch.pdf","file_customlabel":"Catalogue"},{"select_file_type":"normal","file_type":"technicalFeatures","file_type_special":"","file_name":"_CCTT_Touch.pdf","file_customlabel":"Technical Features"},{"select_file_type":"normal","file_type":"productCertificate","file_type_special":"","file_name":"TOUCH_rev03_Firmado.pdf","file_customlabel":"Product Certificate"},{"select_file_type":"normal","file_type":"images","file_type_special":"","file_name":"01_Touch.zip","file_customlabel":"Images"},{"select_file_type":"normal","file_type":"autocad","file_type_special":"","file_name":"Touch.zip","file_customlabel":"3D Geometry"},{"select_file_type":"normal","file_type":"revitBim","file_type_special":"","file_name":"TOUCH.zip","file_customlabel":"Revit\/BIM"}],"grid_image_gallery":null},"yoast_head":"<!-- This site is optimized with the Yoast SEO plugin v25.2 - https:\/\/yoast.com\/wordpress\/plugins\/seo\/ -->\n<title>\u25b6 Entdecken Sie &#039;Touch&#039;: unseren ergonomischen Stuhl f\u00fcr das B\u00fcro - Gruppe Forma 5<\/title>\n<meta name=\"description\" content=\"Dieser ergonomische Stuhl erf\u00fcllt die Anforderungen im B\u00fcro mit H\u00f6henverstellung, dynamischen Armlehnen, Nackenst\u00fctze und vielem mehr. Klicken Sie hier und verbessern Sie Ihren Arbeitsplatz!\" \/>\n<meta name=\"robots\" content=\"noindex, follow, max-snippet:-1, max-image-preview:large, max-video-preview:-1\" \/>\n<meta property=\"og:locale\" content=\"de_DE\" \/>\n<meta property=\"og:type\" content=\"article\" \/>\n<meta property=\"og:title\" content=\"\u25b6 Entdecken Sie &#039;Touch&#039;: unseren ergonomischen Stuhl f\u00fcr das B\u00fcro - Gruppe Forma 5\" \/>\n<meta property=\"og:description\" content=\"Dieser ergonomische Stuhl erf\u00fcllt die Anforderungen im B\u00fcro mit H\u00f6henverstellung, dynamischen Armlehnen, Nackenst\u00fctze und vielem mehr. Klicken Sie hier und verbessern Sie Ihren Arbeitsplatz!\" \/>\n<meta property=\"og:url\" content=\"https:\/\/test.forma5.com\/de\/stuhle\/burosuhle\/touch\/\" \/>\n<meta property=\"og:site_name\" content=\"Forma 5\" \/>\n<meta property=\"article:modified_time\" content=\"2025-05-26T10:02:27+00:00\" \/>\n<meta property=\"og:image\" content=\"https:\/\/test.forma5.com\/wp-content\/uploads\/touch.webp\" \/>\n\t<meta property=\"og:image:width\" content=\"800\" \/>\n\t<meta property=\"og:image:height\" content=\"800\" \/>\n\t<meta property=\"og:image:type\" content=\"image\/webp\" \/>\n<meta name=\"twitter:card\" content=\"summary_large_image\" \/>\n<meta name=\"twitter:label1\" content=\"Gesch\u00e4tzte Lesezeit\" \/>\n\t<meta name=\"twitter:data1\" content=\"1\u00a0Minute\" \/>\n<script type=\"application\/ld+json\" class=\"yoast-schema-graph\">{\"@context\":\"https:\/\/schema.org\",\"@graph\":[{\"@type\":\"WebPage\",\"@id\":\"https:\/\/test.forma5.com\/de\/stuhle\/burosuhle\/touch\/\",\"url\":\"https:\/\/test.forma5.com\/de\/stuhle\/burosuhle\/touch\/\",\"name\":\"\u25b6 Entdecken Sie 'Touch': unseren ergonomischen Stuhl f\u00fcr das B\u00fcro - Gruppe Forma 5\",\"isPartOf\":{\"@id\":\"https:\/\/test.forma5.com\/de\/#website\"},\"primaryImageOfPage\":{\"@id\":\"https:\/\/test.forma5.com\/de\/stuhle\/burosuhle\/touch\/#primaryimage\"},\"image\":{\"@id\":\"https:\/\/test.forma5.com\/de\/stuhle\/burosuhle\/touch\/#primaryimage\"},\"thumbnailUrl\":\"https:\/\/test.forma5.com\/wp-content\/uploads\/touch.webp\",\"datePublished\":\"2025-05-19T09:30:47+00:00\",\"dateModified\":\"2025-05-26T10:02:27+00:00\",\"description\":\"Dieser ergonomische Stuhl erf\u00fcllt die Anforderungen im B\u00fcro mit H\u00f6henverstellung, dynamischen Armlehnen, Nackenst\u00fctze und vielem mehr. Klicken Sie hier und verbessern Sie Ihren Arbeitsplatz!\",\"breadcrumb\":{\"@id\":\"https:\/\/test.forma5.com\/de\/stuhle\/burosuhle\/touch\/#breadcrumb\"},\"inLanguage\":\"de\",\"potentialAction\":[{\"@type\":\"ReadAction\",\"target\":[\"https:\/\/test.forma5.com\/de\/stuhle\/burosuhle\/touch\/\"]}]},{\"@type\":\"ImageObject\",\"inLanguage\":\"de\",\"@id\":\"https:\/\/test.forma5.com\/de\/stuhle\/burosuhle\/touch\/#primaryimage\",\"url\":\"https:\/\/test.forma5.com\/wp-content\/uploads\/touch.webp\",\"contentUrl\":\"https:\/\/test.forma5.com\/wp-content\/uploads\/touch.webp\",\"width\":800,\"height\":800},{\"@type\":\"BreadcrumbList\",\"@id\":\"https:\/\/test.forma5.com\/de\/stuhle\/burosuhle\/touch\/#breadcrumb\",\"itemListElement\":[{\"@type\":\"ListItem\",\"position\":1,\"name\":\"Portada\",\"item\":\"https:\/\/test.forma5.com\/de\/\"},{\"@type\":\"ListItem\",\"position\":2,\"name\":\"Productos\",\"item\":\"https:\/\/test.forma5.com\/shop\/\"},{\"@type\":\"ListItem\",\"position\":3,\"name\":\"Touch\"}]},{\"@type\":\"WebSite\",\"@id\":\"https:\/\/test.forma5.com\/de\/#website\",\"url\":\"https:\/\/test.forma5.com\/de\/\",\"name\":\"Forma 5\",\"description\":\"\",\"publisher\":{\"@id\":\"https:\/\/test.forma5.com\/de\/#organization\"},\"potentialAction\":[{\"@type\":\"SearchAction\",\"target\":{\"@type\":\"EntryPoint\",\"urlTemplate\":\"https:\/\/test.forma5.com\/de\/?s={search_term_string}\"},\"query-input\":{\"@type\":\"PropertyValueSpecification\",\"valueRequired\":true,\"valueName\":\"search_term_string\"}}],\"inLanguage\":\"de\"},{\"@type\":\"Organization\",\"@id\":\"https:\/\/test.forma5.com\/de\/#organization\",\"name\":\"Forma 5\",\"url\":\"https:\/\/test.forma5.com\/de\/\",\"logo\":{\"@type\":\"ImageObject\",\"inLanguage\":\"de\",\"@id\":\"https:\/\/test.forma5.com\/de\/#\/schema\/logo\/image\/\",\"url\":\"https:\/\/test.forma5.com\/wp-content\/uploads\/logo.svg\",\"contentUrl\":\"https:\/\/test.forma5.com\/wp-content\/uploads\/logo.svg\",\"width\":169,\"height\":36,\"caption\":\"Forma 5\"},\"image\":{\"@id\":\"https:\/\/test.forma5.com\/de\/#\/schema\/logo\/image\/\"}}]}<\/script>\n<!-- \/ Yoast SEO plugin. -->","yoast_head_json":{"title":"\u25b6 Entdecken Sie 'Touch': unseren ergonomischen Stuhl f\u00fcr das B\u00fcro - Gruppe Forma 5","description":"Dieser ergonomische Stuhl erf\u00fcllt die Anforderungen im B\u00fcro mit H\u00f6henverstellung, dynamischen Armlehnen, Nackenst\u00fctze und vielem mehr. Klicken Sie hier und verbessern Sie Ihren Arbeitsplatz!","robots":{"index":"noindex","follow":"follow","max-snippet":"max-snippet:-1","max-image-preview":"max-image-preview:large","max-video-preview":"max-video-preview:-1"},"og_locale":"de_DE","og_type":"article","og_title":"\u25b6 Entdecken Sie 'Touch': unseren ergonomischen Stuhl f\u00fcr das B\u00fcro - Gruppe Forma 5","og_description":"Dieser ergonomische Stuhl erf\u00fcllt die Anforderungen im B\u00fcro mit H\u00f6henverstellung, dynamischen Armlehnen, Nackenst\u00fctze und vielem mehr. Klicken Sie hier und verbessern Sie Ihren Arbeitsplatz!","og_url":"https:\/\/test.forma5.com\/de\/stuhle\/burosuhle\/touch\/","og_site_name":"Forma 5","article_modified_time":"2025-05-26T10:02:27+00:00","og_image":[{"width":800,"height":800,"url":"https:\/\/test.forma5.com\/wp-content\/uploads\/touch.webp","type":"image\/webp"}],"twitter_card":"summary_large_image","twitter_misc":{"Gesch\u00e4tzte Lesezeit":"1\u00a0Minute"},"schema":{"@context":"https:\/\/schema.org","@graph":[{"@type":"WebPage","@id":"https:\/\/test.forma5.com\/de\/stuhle\/burosuhle\/touch\/","url":"https:\/\/test.forma5.com\/de\/stuhle\/burosuhle\/touch\/","name":"\u25b6 Entdecken Sie 'Touch': unseren ergonomischen Stuhl f\u00fcr das B\u00fcro - Gruppe Forma 5","isPartOf":{"@id":"https:\/\/test.forma5.com\/de\/#website"},"primaryImageOfPage":{"@id":"https:\/\/test.forma5.com\/de\/stuhle\/burosuhle\/touch\/#primaryimage"},"image":{"@id":"https:\/\/test.forma5.com\/de\/stuhle\/burosuhle\/touch\/#primaryimage"},"thumbnailUrl":"https:\/\/test.forma5.com\/wp-content\/uploads\/touch.webp","datePublished":"2025-05-19T09:30:47+00:00","dateModified":"2025-05-26T10:02:27+00:00","description":"Dieser ergonomische Stuhl erf\u00fcllt die Anforderungen im B\u00fcro mit H\u00f6henverstellung, dynamischen Armlehnen, Nackenst\u00fctze und vielem mehr. Klicken Sie hier und verbessern Sie Ihren Arbeitsplatz!","breadcrumb":{"@id":"https:\/\/test.forma5.com\/de\/stuhle\/burosuhle\/touch\/#breadcrumb"},"inLanguage":"de","potentialAction":[{"@type":"ReadAction","target":["https:\/\/test.forma5.com\/de\/stuhle\/burosuhle\/touch\/"]}]},{"@type":"ImageObject","inLanguage":"de","@id":"https:\/\/test.forma5.com\/de\/stuhle\/burosuhle\/touch\/#primaryimage","url":"https:\/\/test.forma5.com\/wp-content\/uploads\/touch.webp","contentUrl":"https:\/\/test.forma5.com\/wp-content\/uploads\/touch.webp","width":800,"height":800},{"@type":"BreadcrumbList","@id":"https:\/\/test.forma5.com\/de\/stuhle\/burosuhle\/touch\/#breadcrumb","itemListElement":[{"@type":"ListItem","position":1,"name":"Portada","item":"https:\/\/test.forma5.com\/de\/"},{"@type":"ListItem","position":2,"name":"Productos","item":"https:\/\/test.forma5.com\/shop\/"},{"@type":"ListItem","position":3,"name":"Touch"}]},{"@type":"WebSite","@id":"https:\/\/test.forma5.com\/de\/#website","url":"https:\/\/test.forma5.com\/de\/","name":"Forma 5","description":"","publisher":{"@id":"https:\/\/test.forma5.com\/de\/#organization"},"potentialAction":[{"@type":"SearchAction","target":{"@type":"EntryPoint","urlTemplate":"https:\/\/test.forma5.com\/de\/?s={search_term_string}"},"query-input":{"@type":"PropertyValueSpecification","valueRequired":true,"valueName":"search_term_string"}}],"inLanguage":"de"},{"@type":"Organization","@id":"https:\/\/test.forma5.com\/de\/#organization","name":"Forma 5","url":"https:\/\/test.forma5.com\/de\/","logo":{"@type":"ImageObject","inLanguage":"de","@id":"https:\/\/test.forma5.com\/de\/#\/schema\/logo\/image\/","url":"https:\/\/test.forma5.com\/wp-content\/uploads\/logo.svg","contentUrl":"https:\/\/test.forma5.com\/wp-content\/uploads\/logo.svg","width":169,"height":36,"caption":"Forma 5"},"image":{"@id":"https:\/\/test.forma5.com\/de\/#\/schema\/logo\/image\/"}}]}},"_links":{"self":[{"href":"https:\/\/test.forma5.com\/de\/wp-json\/wp\/v2\/product\/5907","targetHints":{"allow":["GET"]}}],"collection":[{"href":"https:\/\/test.forma5.com\/de\/wp-json\/wp\/v2\/product"}],"about":[{"href":"https:\/\/test.forma5.com\/de\/wp-json\/wp\/v2\/types\/product"}],"acf:attachment":[{"embeddable":true,"href":"https:\/\/test.forma5.com\/de\/wp-json\/wp\/v2\/media\/1632"},{"embeddable":true,"href":"https:\/\/test.forma5.com\/de\/wp-json\/wp\/v2\/media\/1634"}],"acf:post":[{"embeddable":true,"href":"https:\/\/test.forma5.com\/de\/wp-json\/wp\/v2\/disenador\/1042"}],"wp:featuredmedia":[{"embeddable":true,"href":"https:\/\/test.forma5.com\/de\/wp-json\/wp\/v2\/media\/5424"}],"wp:attachment":[{"href":"https:\/\/test.forma5.com\/de\/wp-json\/wp\/v2\/media?parent=5907"}],"wp:term":[{"taxonomy":"product_brand","embeddable":true,"href":"https:\/\/test.forma5.com\/de\/wp-json\/wp\/v2\/product_brand?post=5907"},{"taxonomy":"product_cat","embeddable":true,"href":"https:\/\/test.forma5.com\/de\/wp-json\/wp\/v2\/product_cat?post=5907"},{"taxonomy":"product_tag","embeddable":true,"href":"https:\/\/test.forma5.com\/de\/wp-json\/wp\/v2\/product_tag?post=5907"}],"curies":[{"name":"wp","href":"https:\/\/api.w.org\/{rel}","templated":true}]}}