{"id":5631,"date":"2025-05-24T09:22:06","date_gmt":"2025-05-24T07:22:06","guid":{"rendered":"https:\/\/test.forma5.com\/producto\/unkategorisiert\/mesas-auxiliares\/"},"modified":"2025-05-27T09:50:56","modified_gmt":"2025-05-27T07:50:56","slug":"beistelltische","status":"publish","type":"product","link":"https:\/\/test.forma5.com\/de\/tische\/beistelltische\/","title":{"rendered":"Beistelltische"},"content":{"rendered":"<p><span data-sheets-root=\"1\">Der wachsende Trend zu kollaborativem Arbeiten und multidisziplin\u00e4ren Teams f\u00fchrt zu flexibleren und dynamischeren R\u00e4umen. Inspiriert durch das Contract-Konzept unterst\u00fctzen Beistelltische informelle Besprechungen, Pausenbereiche, B\u00fcros, Betriebskantinen und sogar Terrassen im Innenbereich. Sie sind vielseitig und hochfunktional und werden in einer breiten Palette von Formen, Modellen und Ausf\u00fchrungen angeboten, um sich in die Umgebung einzuf\u00fcgen und sich an die Bed\u00fcrfnisse jedes Projekts anzupassen.<\/span><\/p>\n","protected":false},"excerpt":{"rendered":"<h2><span data-sheets-root=\"1\">Ideal <em>f\u00fcr informelle Treffpunkte, Lounge-Bereiche und sogar \u00fcberdachte Terrassen<\/em><\/span><\/h2>\n","protected":false},"featured_media":6330,"template":"","meta":{"_acf_changed":false},"product_brand":[],"product_cat":[182,227],"product_tag":[],"class_list":{"0":"post-5631","1":"product","2":"type-product","3":"status-publish","4":"has-post-thumbnail","6":"product_cat-tische","7":"product_cat-beistelltische","9":"first","10":"instock","11":"shipping-taxable","12":"product-type-simple"},"acf":{"bigger_product_image":["isBigger"],"background-text":"","product_designer":[1024],"inactive_designer_info":{"custom_designer_name":"","custom_designer_image":null},"scene_gallery":[2870,2875],"gallery_bg_color":"#757575","details_gallery":[{"slide_text":"<span data-sheets-root=\"1\">Sie unterst\u00fctzen informelle Besprechungen, Pausenbereiche, B\u00fcros, Betriebskantinen und sogar \u00fcberdachte Terrassen.<\/span>","slide_image":3449},{"slide_text":"<span data-sheets-root=\"1\">Vielseitig und hochfunktional.<\/span>","slide_image":2873}],"product_video":{"video_link":"","video_cover":""},"product_downloads_path":"mesas-oficina\/mesas-auxiliares","product_downloads":[{"select_file_type":"normal","file_type":"catalog","file_type_special":"","file_name":"Occasional tables-Mesas Auxiliares.pdf","file_customlabel":"Catalogue"},{"select_file_type":"normal","file_type":"technicalFeatures","file_type_special":"","file_name":"_CCTT_Mesas_auxiliares.pdf","file_customlabel":"Technical Features"},{"select_file_type":"normal","file_type":"images","file_type_special":"","file_name":"07_Mesas Auxiliares.zip","file_customlabel":"Images"},{"select_file_type":"normal","file_type":"autocad","file_type_special":"","file_name":"Mesas auxiliares.zip","file_customlabel":"3D Geometry"},{"select_file_type":"normal","file_type":"revitBim","file_type_special":"","file_name":"OCCASIONAL TABLES.zip","file_customlabel":"Revit\/BIM"}],"grid_image_gallery":null},"yoast_head":"<!-- This site is optimized with the Yoast SEO plugin v25.2 - https:\/\/yoast.com\/wordpress\/plugins\/seo\/ -->\n<title>\u25b6 Alle Beistelltische - Gruppe Forma 5<\/title>\n<meta name=\"description\" content=\"Entdecken Sie alle Beistelltische der Gruppe Forma 5, praktische und elegante L\u00f6sungen f\u00fcr Ihren Arbeitsplatz.\" \/>\n<meta name=\"robots\" content=\"noindex, follow, max-snippet:-1, max-image-preview:large, max-video-preview:-1\" \/>\n<meta property=\"og:locale\" content=\"de_DE\" \/>\n<meta property=\"og:type\" content=\"article\" \/>\n<meta property=\"og:title\" content=\"\u25b6 Alle Beistelltische - Gruppe Forma 5\" \/>\n<meta property=\"og:description\" content=\"Entdecken Sie alle Beistelltische der Gruppe Forma 5, praktische und elegante L\u00f6sungen f\u00fcr Ihren Arbeitsplatz.\" \/>\n<meta property=\"og:url\" content=\"https:\/\/test.forma5.com\/de\/tische\/beistelltische\/\" \/>\n<meta property=\"og:site_name\" content=\"Forma 5\" \/>\n<meta property=\"article:modified_time\" content=\"2025-05-27T07:50:56+00:00\" \/>\n<meta property=\"og:image\" content=\"https:\/\/test.forma5.com\/wp-content\/uploads\/web-1-3.png\" \/>\n\t<meta property=\"og:image:width\" content=\"800\" \/>\n\t<meta property=\"og:image:height\" content=\"800\" \/>\n\t<meta property=\"og:image:type\" content=\"image\/png\" \/>\n<meta name=\"twitter:card\" content=\"summary_large_image\" \/>\n<meta name=\"twitter:label1\" content=\"Gesch\u00e4tzte Lesezeit\" \/>\n\t<meta name=\"twitter:data1\" content=\"1\u00a0Minute\" \/>\n<script type=\"application\/ld+json\" class=\"yoast-schema-graph\">{\"@context\":\"https:\/\/schema.org\",\"@graph\":[{\"@type\":\"WebPage\",\"@id\":\"https:\/\/test.forma5.com\/de\/tische\/beistelltische\/\",\"url\":\"https:\/\/test.forma5.com\/de\/tische\/beistelltische\/\",\"name\":\"\u25b6 Alle Beistelltische - Gruppe Forma 5\",\"isPartOf\":{\"@id\":\"https:\/\/test.forma5.com\/de\/#website\"},\"primaryImageOfPage\":{\"@id\":\"https:\/\/test.forma5.com\/de\/tische\/beistelltische\/#primaryimage\"},\"image\":{\"@id\":\"https:\/\/test.forma5.com\/de\/tische\/beistelltische\/#primaryimage\"},\"thumbnailUrl\":\"https:\/\/test.forma5.com\/wp-content\/uploads\/web-1-3.png\",\"datePublished\":\"2025-05-24T07:22:06+00:00\",\"dateModified\":\"2025-05-27T07:50:56+00:00\",\"description\":\"Entdecken Sie alle Beistelltische der Gruppe Forma 5, praktische und elegante L\u00f6sungen f\u00fcr Ihren Arbeitsplatz.\",\"breadcrumb\":{\"@id\":\"https:\/\/test.forma5.com\/de\/tische\/beistelltische\/#breadcrumb\"},\"inLanguage\":\"de\",\"potentialAction\":[{\"@type\":\"ReadAction\",\"target\":[\"https:\/\/test.forma5.com\/de\/tische\/beistelltische\/\"]}]},{\"@type\":\"ImageObject\",\"inLanguage\":\"de\",\"@id\":\"https:\/\/test.forma5.com\/de\/tische\/beistelltische\/#primaryimage\",\"url\":\"https:\/\/test.forma5.com\/wp-content\/uploads\/web-1-3.png\",\"contentUrl\":\"https:\/\/test.forma5.com\/wp-content\/uploads\/web-1-3.png\",\"width\":800,\"height\":800},{\"@type\":\"BreadcrumbList\",\"@id\":\"https:\/\/test.forma5.com\/de\/tische\/beistelltische\/#breadcrumb\",\"itemListElement\":[{\"@type\":\"ListItem\",\"position\":1,\"name\":\"Portada\",\"item\":\"https:\/\/test.forma5.com\/de\/\"},{\"@type\":\"ListItem\",\"position\":2,\"name\":\"Productos\",\"item\":\"https:\/\/test.forma5.com\/shop\/\"},{\"@type\":\"ListItem\",\"position\":3,\"name\":\"Beistelltische\"}]},{\"@type\":\"WebSite\",\"@id\":\"https:\/\/test.forma5.com\/de\/#website\",\"url\":\"https:\/\/test.forma5.com\/de\/\",\"name\":\"Forma 5\",\"description\":\"\",\"publisher\":{\"@id\":\"https:\/\/test.forma5.com\/de\/#organization\"},\"potentialAction\":[{\"@type\":\"SearchAction\",\"target\":{\"@type\":\"EntryPoint\",\"urlTemplate\":\"https:\/\/test.forma5.com\/de\/?s={search_term_string}\"},\"query-input\":{\"@type\":\"PropertyValueSpecification\",\"valueRequired\":true,\"valueName\":\"search_term_string\"}}],\"inLanguage\":\"de\"},{\"@type\":\"Organization\",\"@id\":\"https:\/\/test.forma5.com\/de\/#organization\",\"name\":\"Forma 5\",\"url\":\"https:\/\/test.forma5.com\/de\/\",\"logo\":{\"@type\":\"ImageObject\",\"inLanguage\":\"de\",\"@id\":\"https:\/\/test.forma5.com\/de\/#\/schema\/logo\/image\/\",\"url\":\"https:\/\/test.forma5.com\/wp-content\/uploads\/logo.svg\",\"contentUrl\":\"https:\/\/test.forma5.com\/wp-content\/uploads\/logo.svg\",\"width\":169,\"height\":36,\"caption\":\"Forma 5\"},\"image\":{\"@id\":\"https:\/\/test.forma5.com\/de\/#\/schema\/logo\/image\/\"}}]}<\/script>\n<!-- \/ Yoast SEO plugin. -->","yoast_head_json":{"title":"\u25b6 Alle Beistelltische - Gruppe Forma 5","description":"Entdecken Sie alle Beistelltische der Gruppe Forma 5, praktische und elegante L\u00f6sungen f\u00fcr Ihren Arbeitsplatz.","robots":{"index":"noindex","follow":"follow","max-snippet":"max-snippet:-1","max-image-preview":"max-image-preview:large","max-video-preview":"max-video-preview:-1"},"og_locale":"de_DE","og_type":"article","og_title":"\u25b6 Alle Beistelltische - Gruppe Forma 5","og_description":"Entdecken Sie alle Beistelltische der Gruppe Forma 5, praktische und elegante L\u00f6sungen f\u00fcr Ihren Arbeitsplatz.","og_url":"https:\/\/test.forma5.com\/de\/tische\/beistelltische\/","og_site_name":"Forma 5","article_modified_time":"2025-05-27T07:50:56+00:00","og_image":[{"width":800,"height":800,"url":"https:\/\/test.forma5.com\/wp-content\/uploads\/web-1-3.png","type":"image\/png"}],"twitter_card":"summary_large_image","twitter_misc":{"Gesch\u00e4tzte Lesezeit":"1\u00a0Minute"},"schema":{"@context":"https:\/\/schema.org","@graph":[{"@type":"WebPage","@id":"https:\/\/test.forma5.com\/de\/tische\/beistelltische\/","url":"https:\/\/test.forma5.com\/de\/tische\/beistelltische\/","name":"\u25b6 Alle Beistelltische - Gruppe Forma 5","isPartOf":{"@id":"https:\/\/test.forma5.com\/de\/#website"},"primaryImageOfPage":{"@id":"https:\/\/test.forma5.com\/de\/tische\/beistelltische\/#primaryimage"},"image":{"@id":"https:\/\/test.forma5.com\/de\/tische\/beistelltische\/#primaryimage"},"thumbnailUrl":"https:\/\/test.forma5.com\/wp-content\/uploads\/web-1-3.png","datePublished":"2025-05-24T07:22:06+00:00","dateModified":"2025-05-27T07:50:56+00:00","description":"Entdecken Sie alle Beistelltische der Gruppe Forma 5, praktische und elegante L\u00f6sungen f\u00fcr Ihren Arbeitsplatz.","breadcrumb":{"@id":"https:\/\/test.forma5.com\/de\/tische\/beistelltische\/#breadcrumb"},"inLanguage":"de","potentialAction":[{"@type":"ReadAction","target":["https:\/\/test.forma5.com\/de\/tische\/beistelltische\/"]}]},{"@type":"ImageObject","inLanguage":"de","@id":"https:\/\/test.forma5.com\/de\/tische\/beistelltische\/#primaryimage","url":"https:\/\/test.forma5.com\/wp-content\/uploads\/web-1-3.png","contentUrl":"https:\/\/test.forma5.com\/wp-content\/uploads\/web-1-3.png","width":800,"height":800},{"@type":"BreadcrumbList","@id":"https:\/\/test.forma5.com\/de\/tische\/beistelltische\/#breadcrumb","itemListElement":[{"@type":"ListItem","position":1,"name":"Portada","item":"https:\/\/test.forma5.com\/de\/"},{"@type":"ListItem","position":2,"name":"Productos","item":"https:\/\/test.forma5.com\/shop\/"},{"@type":"ListItem","position":3,"name":"Beistelltische"}]},{"@type":"WebSite","@id":"https:\/\/test.forma5.com\/de\/#website","url":"https:\/\/test.forma5.com\/de\/","name":"Forma 5","description":"","publisher":{"@id":"https:\/\/test.forma5.com\/de\/#organization"},"potentialAction":[{"@type":"SearchAction","target":{"@type":"EntryPoint","urlTemplate":"https:\/\/test.forma5.com\/de\/?s={search_term_string}"},"query-input":{"@type":"PropertyValueSpecification","valueRequired":true,"valueName":"search_term_string"}}],"inLanguage":"de"},{"@type":"Organization","@id":"https:\/\/test.forma5.com\/de\/#organization","name":"Forma 5","url":"https:\/\/test.forma5.com\/de\/","logo":{"@type":"ImageObject","inLanguage":"de","@id":"https:\/\/test.forma5.com\/de\/#\/schema\/logo\/image\/","url":"https:\/\/test.forma5.com\/wp-content\/uploads\/logo.svg","contentUrl":"https:\/\/test.forma5.com\/wp-content\/uploads\/logo.svg","width":169,"height":36,"caption":"Forma 5"},"image":{"@id":"https:\/\/test.forma5.com\/de\/#\/schema\/logo\/image\/"}}]}},"_links":{"self":[{"href":"https:\/\/test.forma5.com\/de\/wp-json\/wp\/v2\/product\/5631","targetHints":{"allow":["GET"]}}],"collection":[{"href":"https:\/\/test.forma5.com\/de\/wp-json\/wp\/v2\/product"}],"about":[{"href":"https:\/\/test.forma5.com\/de\/wp-json\/wp\/v2\/types\/product"}],"acf:attachment":[{"embeddable":true,"href":"https:\/\/test.forma5.com\/de\/wp-json\/wp\/v2\/media\/2875"},{"embeddable":true,"href":"https:\/\/test.forma5.com\/de\/wp-json\/wp\/v2\/media\/2870"}],"acf:post":[{"embeddable":true,"href":"https:\/\/test.forma5.com\/de\/wp-json\/wp\/v2\/disenador\/1024"}],"wp:featuredmedia":[{"embeddable":true,"href":"https:\/\/test.forma5.com\/de\/wp-json\/wp\/v2\/media\/6330"}],"wp:attachment":[{"href":"https:\/\/test.forma5.com\/de\/wp-json\/wp\/v2\/media?parent=5631"}],"wp:term":[{"taxonomy":"product_brand","embeddable":true,"href":"https:\/\/test.forma5.com\/de\/wp-json\/wp\/v2\/product_brand?post=5631"},{"taxonomy":"product_cat","embeddable":true,"href":"https:\/\/test.forma5.com\/de\/wp-json\/wp\/v2\/product_cat?post=5631"},{"taxonomy":"product_tag","embeddable":true,"href":"https:\/\/test.forma5.com\/de\/wp-json\/wp\/v2\/product_tag?post=5631"}],"curies":[{"name":"wp","href":"https:\/\/api.w.org\/{rel}","templated":true}]}}