{"id":5628,"date":"2024-08-19T11:20:29","date_gmt":"2024-08-19T09:20:29","guid":{"rendered":"https:\/\/test.forma5.com\/producto\/unkategorisiert\/timber-2\/"},"modified":"2025-06-03T13:04:47","modified_gmt":"2025-06-03T11:04:47","slug":"timber-2","status":"publish","type":"product","link":"https:\/\/test.forma5.com\/de\/tische\/besprechungsraume\/timber\/","title":{"rendered":"Besprechungstisch, &#8222;Timber&#8220;"},"content":{"rendered":"<p><span data-sheets-root=\"1\">Ein Programm mit einem hohen Ma\u00df an Nat\u00fcrlichkeit und Harmonie. Die Seele von Timber ist das Gestell aus massivem Buchenholz, das durch den edlen Werkstoff W\u00e4rme und Behaglichkeit ausstrahlt.<\/span><\/p>\n","protected":false},"excerpt":{"rendered":"<h2><span data-sheets-root=\"1\">Hohe <em>Nat\u00fcrlichkeit<\/em> und <em>Harmonie<\/em><\/span><\/h2>\n","protected":false},"featured_media":5420,"template":"","meta":{"_acf_changed":false},"product_brand":[],"product_cat":[182,234],"product_tag":[],"class_list":{"0":"post-5628","1":"product","2":"type-product","3":"status-publish","4":"has-post-thumbnail","6":"product_cat-tische","7":"product_cat-besprechungsraume","9":"first","10":"instock","11":"shipping-taxable","12":"product-type-simple"},"acf":{"bigger_product_image":["isBigger"],"background-text":"","product_designer":[1024],"inactive_designer_info":{"custom_designer_name":"","custom_designer_image":null},"scene_gallery":[6668,6672,6676],"gallery_bg_color":"#9e9e9e","details_gallery":[{"slide_text":"<span data-sheets-root=\"1\">Die Seele von Timber ist sein massives Buchenholzbein.<\/span>","slide_image":6680},{"slide_text":"<span data-sheets-root=\"1\">Im Einklang mit den aktuellen Trends zu Nachhaltigkeit, Nat\u00fcrlichkeit und wohnlichen B\u00fcror\u00e4umen<\/span>","slide_image":6684}],"product_video":{"video_link":"","video_cover":""},"product_downloads_path":"mesas-oficina\/escritorio","product_downloads":[{"select_file_type":"normal","file_type":"catalog","file_type_special":"","file_name":"C_Timber.pdf","file_customlabel":"Catalogue"},{"select_file_type":"normal","file_type":"technicalFeatures","file_type_special":"","file_name":"_CCTT_Timber.pdf","file_customlabel":"Technical Features"},{"select_file_type":"normal","file_type":"productCertificate","file_type_special":"","file_name":"TIMBER_rev02_Firmado.pdf","file_customlabel":"Product Certificate"},{"select_file_type":"normal","file_type":"images","file_type_special":"","file_name":"10_Timber.zip","file_customlabel":"Images"},{"select_file_type":"normal","file_type":"autocad","file_type_special":"","file_name":"Timber.zip","file_customlabel":"3D Geometry"},{"select_file_type":"normal","file_type":"revitBim","file_type_special":"","file_name":"TIMBER.zip","file_customlabel":"Revit\/BIM"}],"grid_image_gallery":null},"yoast_head":"<!-- This site is optimized with the Yoast SEO plugin v25.2 - https:\/\/yoast.com\/wordpress\/plugins\/seo\/ -->\n<title>\u25b6 Entdecken Sie &#039;Timber&#039;: unser Massivholztisch f\u00fcr Ihr B\u00fcro - Gruppe Forma 5<\/title>\n<meta name=\"description\" content=\"Entdecken Sie unseren Massivholztisch f\u00fcr Ihr B\u00fcro von der Gruppe Forma 5. Eleganz und Langlebigkeit f\u00fcr Ihren Arbeitsplatz.\" \/>\n<meta name=\"robots\" content=\"noindex, follow, max-snippet:-1, max-image-preview:large, max-video-preview:-1\" \/>\n<meta property=\"og:locale\" content=\"de_DE\" \/>\n<meta property=\"og:type\" content=\"article\" \/>\n<meta property=\"og:title\" content=\"\u25b6 Entdecken Sie &#039;Timber&#039;: unser Massivholztisch f\u00fcr Ihr B\u00fcro - Gruppe Forma 5\" \/>\n<meta property=\"og:description\" content=\"Entdecken Sie unseren Massivholztisch f\u00fcr Ihr B\u00fcro von der Gruppe Forma 5. Eleganz und Langlebigkeit f\u00fcr Ihren Arbeitsplatz.\" \/>\n<meta property=\"og:url\" content=\"https:\/\/test.forma5.com\/de\/tische\/besprechungsraume\/timber\/\" \/>\n<meta property=\"og:site_name\" content=\"Forma 5\" \/>\n<meta property=\"article:modified_time\" content=\"2025-06-03T11:04:47+00:00\" \/>\n<meta property=\"og:image\" content=\"https:\/\/test.forma5.com\/wp-content\/uploads\/timber.webp\" \/>\n\t<meta property=\"og:image:width\" content=\"1200\" \/>\n\t<meta property=\"og:image:height\" content=\"1200\" \/>\n\t<meta property=\"og:image:type\" content=\"image\/webp\" \/>\n<meta name=\"twitter:card\" content=\"summary_large_image\" \/>\n<meta name=\"twitter:label1\" content=\"Gesch\u00e4tzte Lesezeit\" \/>\n\t<meta name=\"twitter:data1\" content=\"1\u00a0Minute\" \/>\n<script type=\"application\/ld+json\" class=\"yoast-schema-graph\">{\"@context\":\"https:\/\/schema.org\",\"@graph\":[{\"@type\":\"WebPage\",\"@id\":\"https:\/\/test.forma5.com\/de\/tische\/besprechungsraume\/timber\/\",\"url\":\"https:\/\/test.forma5.com\/de\/tische\/besprechungsraume\/timber\/\",\"name\":\"\u25b6 Entdecken Sie 'Timber': unser Massivholztisch f\u00fcr Ihr B\u00fcro - Gruppe Forma 5\",\"isPartOf\":{\"@id\":\"https:\/\/test.forma5.com\/de\/#website\"},\"primaryImageOfPage\":{\"@id\":\"https:\/\/test.forma5.com\/de\/tische\/besprechungsraume\/timber\/#primaryimage\"},\"image\":{\"@id\":\"https:\/\/test.forma5.com\/de\/tische\/besprechungsraume\/timber\/#primaryimage\"},\"thumbnailUrl\":\"https:\/\/test.forma5.com\/wp-content\/uploads\/timber.webp\",\"datePublished\":\"2024-08-19T09:20:29+00:00\",\"dateModified\":\"2025-06-03T11:04:47+00:00\",\"description\":\"Entdecken Sie unseren Massivholztisch f\u00fcr Ihr B\u00fcro von der Gruppe Forma 5. Eleganz und Langlebigkeit f\u00fcr Ihren Arbeitsplatz.\",\"breadcrumb\":{\"@id\":\"https:\/\/test.forma5.com\/de\/tische\/besprechungsraume\/timber\/#breadcrumb\"},\"inLanguage\":\"de\",\"potentialAction\":[{\"@type\":\"ReadAction\",\"target\":[\"https:\/\/test.forma5.com\/de\/tische\/besprechungsraume\/timber\/\"]}]},{\"@type\":\"ImageObject\",\"inLanguage\":\"de\",\"@id\":\"https:\/\/test.forma5.com\/de\/tische\/besprechungsraume\/timber\/#primaryimage\",\"url\":\"https:\/\/test.forma5.com\/wp-content\/uploads\/timber.webp\",\"contentUrl\":\"https:\/\/test.forma5.com\/wp-content\/uploads\/timber.webp\",\"width\":1200,\"height\":1200},{\"@type\":\"BreadcrumbList\",\"@id\":\"https:\/\/test.forma5.com\/de\/tische\/besprechungsraume\/timber\/#breadcrumb\",\"itemListElement\":[{\"@type\":\"ListItem\",\"position\":1,\"name\":\"Portada\",\"item\":\"https:\/\/test.forma5.com\/de\/\"},{\"@type\":\"ListItem\",\"position\":2,\"name\":\"Productos\",\"item\":\"https:\/\/test.forma5.com\/shop\/\"},{\"@type\":\"ListItem\",\"position\":3,\"name\":\"Besprechungstisch, \u00abTimber\u00bb\"}]},{\"@type\":\"WebSite\",\"@id\":\"https:\/\/test.forma5.com\/de\/#website\",\"url\":\"https:\/\/test.forma5.com\/de\/\",\"name\":\"Forma 5\",\"description\":\"\",\"publisher\":{\"@id\":\"https:\/\/test.forma5.com\/de\/#organization\"},\"potentialAction\":[{\"@type\":\"SearchAction\",\"target\":{\"@type\":\"EntryPoint\",\"urlTemplate\":\"https:\/\/test.forma5.com\/de\/?s={search_term_string}\"},\"query-input\":{\"@type\":\"PropertyValueSpecification\",\"valueRequired\":true,\"valueName\":\"search_term_string\"}}],\"inLanguage\":\"de\"},{\"@type\":\"Organization\",\"@id\":\"https:\/\/test.forma5.com\/de\/#organization\",\"name\":\"Forma 5\",\"url\":\"https:\/\/test.forma5.com\/de\/\",\"logo\":{\"@type\":\"ImageObject\",\"inLanguage\":\"de\",\"@id\":\"https:\/\/test.forma5.com\/de\/#\/schema\/logo\/image\/\",\"url\":\"https:\/\/test.forma5.com\/wp-content\/uploads\/logo.svg\",\"contentUrl\":\"https:\/\/test.forma5.com\/wp-content\/uploads\/logo.svg\",\"width\":169,\"height\":36,\"caption\":\"Forma 5\"},\"image\":{\"@id\":\"https:\/\/test.forma5.com\/de\/#\/schema\/logo\/image\/\"}}]}<\/script>\n<!-- \/ Yoast SEO plugin. -->","yoast_head_json":{"title":"\u25b6 Entdecken Sie 'Timber': unser Massivholztisch f\u00fcr Ihr B\u00fcro - Gruppe Forma 5","description":"Entdecken Sie unseren Massivholztisch f\u00fcr Ihr B\u00fcro von der Gruppe Forma 5. Eleganz und Langlebigkeit f\u00fcr Ihren Arbeitsplatz.","robots":{"index":"noindex","follow":"follow","max-snippet":"max-snippet:-1","max-image-preview":"max-image-preview:large","max-video-preview":"max-video-preview:-1"},"og_locale":"de_DE","og_type":"article","og_title":"\u25b6 Entdecken Sie 'Timber': unser Massivholztisch f\u00fcr Ihr B\u00fcro - Gruppe Forma 5","og_description":"Entdecken Sie unseren Massivholztisch f\u00fcr Ihr B\u00fcro von der Gruppe Forma 5. Eleganz und Langlebigkeit f\u00fcr Ihren Arbeitsplatz.","og_url":"https:\/\/test.forma5.com\/de\/tische\/besprechungsraume\/timber\/","og_site_name":"Forma 5","article_modified_time":"2025-06-03T11:04:47+00:00","og_image":[{"width":1200,"height":1200,"url":"https:\/\/test.forma5.com\/wp-content\/uploads\/timber.webp","type":"image\/webp"}],"twitter_card":"summary_large_image","twitter_misc":{"Gesch\u00e4tzte Lesezeit":"1\u00a0Minute"},"schema":{"@context":"https:\/\/schema.org","@graph":[{"@type":"WebPage","@id":"https:\/\/test.forma5.com\/de\/tische\/besprechungsraume\/timber\/","url":"https:\/\/test.forma5.com\/de\/tische\/besprechungsraume\/timber\/","name":"\u25b6 Entdecken Sie 'Timber': unser Massivholztisch f\u00fcr Ihr B\u00fcro - Gruppe Forma 5","isPartOf":{"@id":"https:\/\/test.forma5.com\/de\/#website"},"primaryImageOfPage":{"@id":"https:\/\/test.forma5.com\/de\/tische\/besprechungsraume\/timber\/#primaryimage"},"image":{"@id":"https:\/\/test.forma5.com\/de\/tische\/besprechungsraume\/timber\/#primaryimage"},"thumbnailUrl":"https:\/\/test.forma5.com\/wp-content\/uploads\/timber.webp","datePublished":"2024-08-19T09:20:29+00:00","dateModified":"2025-06-03T11:04:47+00:00","description":"Entdecken Sie unseren Massivholztisch f\u00fcr Ihr B\u00fcro von der Gruppe Forma 5. Eleganz und Langlebigkeit f\u00fcr Ihren Arbeitsplatz.","breadcrumb":{"@id":"https:\/\/test.forma5.com\/de\/tische\/besprechungsraume\/timber\/#breadcrumb"},"inLanguage":"de","potentialAction":[{"@type":"ReadAction","target":["https:\/\/test.forma5.com\/de\/tische\/besprechungsraume\/timber\/"]}]},{"@type":"ImageObject","inLanguage":"de","@id":"https:\/\/test.forma5.com\/de\/tische\/besprechungsraume\/timber\/#primaryimage","url":"https:\/\/test.forma5.com\/wp-content\/uploads\/timber.webp","contentUrl":"https:\/\/test.forma5.com\/wp-content\/uploads\/timber.webp","width":1200,"height":1200},{"@type":"BreadcrumbList","@id":"https:\/\/test.forma5.com\/de\/tische\/besprechungsraume\/timber\/#breadcrumb","itemListElement":[{"@type":"ListItem","position":1,"name":"Portada","item":"https:\/\/test.forma5.com\/de\/"},{"@type":"ListItem","position":2,"name":"Productos","item":"https:\/\/test.forma5.com\/shop\/"},{"@type":"ListItem","position":3,"name":"Besprechungstisch, \u00abTimber\u00bb"}]},{"@type":"WebSite","@id":"https:\/\/test.forma5.com\/de\/#website","url":"https:\/\/test.forma5.com\/de\/","name":"Forma 5","description":"","publisher":{"@id":"https:\/\/test.forma5.com\/de\/#organization"},"potentialAction":[{"@type":"SearchAction","target":{"@type":"EntryPoint","urlTemplate":"https:\/\/test.forma5.com\/de\/?s={search_term_string}"},"query-input":{"@type":"PropertyValueSpecification","valueRequired":true,"valueName":"search_term_string"}}],"inLanguage":"de"},{"@type":"Organization","@id":"https:\/\/test.forma5.com\/de\/#organization","name":"Forma 5","url":"https:\/\/test.forma5.com\/de\/","logo":{"@type":"ImageObject","inLanguage":"de","@id":"https:\/\/test.forma5.com\/de\/#\/schema\/logo\/image\/","url":"https:\/\/test.forma5.com\/wp-content\/uploads\/logo.svg","contentUrl":"https:\/\/test.forma5.com\/wp-content\/uploads\/logo.svg","width":169,"height":36,"caption":"Forma 5"},"image":{"@id":"https:\/\/test.forma5.com\/de\/#\/schema\/logo\/image\/"}}]}},"_links":{"self":[{"href":"https:\/\/test.forma5.com\/de\/wp-json\/wp\/v2\/product\/5628","targetHints":{"allow":["GET"]}}],"collection":[{"href":"https:\/\/test.forma5.com\/de\/wp-json\/wp\/v2\/product"}],"about":[{"href":"https:\/\/test.forma5.com\/de\/wp-json\/wp\/v2\/types\/product"}],"acf:attachment":[{"embeddable":true,"href":"https:\/\/test.forma5.com\/de\/wp-json\/wp\/v2\/media\/6676"},{"embeddable":true,"href":"https:\/\/test.forma5.com\/de\/wp-json\/wp\/v2\/media\/6672"},{"embeddable":true,"href":"https:\/\/test.forma5.com\/de\/wp-json\/wp\/v2\/media\/6668"}],"acf:post":[{"embeddable":true,"href":"https:\/\/test.forma5.com\/de\/wp-json\/wp\/v2\/disenador\/1024"}],"wp:featuredmedia":[{"embeddable":true,"href":"https:\/\/test.forma5.com\/de\/wp-json\/wp\/v2\/media\/5420"}],"wp:attachment":[{"href":"https:\/\/test.forma5.com\/de\/wp-json\/wp\/v2\/media?parent=5628"}],"wp:term":[{"taxonomy":"product_brand","embeddable":true,"href":"https:\/\/test.forma5.com\/de\/wp-json\/wp\/v2\/product_brand?post=5628"},{"taxonomy":"product_cat","embeddable":true,"href":"https:\/\/test.forma5.com\/de\/wp-json\/wp\/v2\/product_cat?post=5628"},{"taxonomy":"product_tag","embeddable":true,"href":"https:\/\/test.forma5.com\/de\/wp-json\/wp\/v2\/product_tag?post=5628"}],"curies":[{"name":"wp","href":"https:\/\/api.w.org\/{rel}","templated":true}]}}