{"id":5624,"date":"2025-05-23T08:56:14","date_gmt":"2025-05-23T06:56:14","guid":{"rendered":"https:\/\/test.forma5.com\/producto\/unkategorisiert\/ruedas-muvit\/"},"modified":"2025-05-27T15:30:14","modified_gmt":"2025-05-27T13:30:14","slug":"muvit","status":"publish","type":"product","link":"https:\/\/test.forma5.com\/de\/tische\/besprechungsraume\/muvit\/","title":{"rendered":"Muvit Tisch"},"content":{"rendered":"<div class=\"flex-shrink-0 flex flex-col relative items-end\">\n<div class=\"pt-0\">\n<div class=\"gizmo-bot-avatar flex h-8 w-8 items-center justify-center overflow-hidden rounded-full\">\n<div class=\"relative p-1 rounded-sm flex items-center justify-center bg-token-main-surface-primary text-token-text-primary h-8 w-8\"><span data-sheets-root=\"1\">Das zeitgem\u00e4\u00dfe Design des Muvit-Tisches erf\u00fcllt die Anforderungen der dynamischsten Arbeitsumgebungen und bietet ideale Konfigurationen f\u00fcr Besprechungen, Teamarbeit und Projektmanagement.<\/span><\/div>\n<\/div>\n<\/div>\n<\/div>\n","protected":false},"excerpt":{"rendered":"<h2><span data-sheets-root=\"1\">Konzipiert f\u00fcr die <em>dynamischsten Arbeitsumgebungen<\/em><\/span><\/h2>\n","protected":false},"featured_media":5626,"template":"","meta":{"_acf_changed":false},"product_brand":[],"product_cat":[182,239],"product_tag":[],"class_list":{"0":"post-5624","1":"product","2":"type-product","3":"status-publish","4":"has-post-thumbnail","6":"product_cat-tische","7":"product_cat-mehrzweck-tische","9":"first","10":"instock","11":"shipping-taxable","12":"product-type-simple"},"acf":{"bigger_product_image":"","background-text":"Muvit","product_designer":[2313],"inactive_designer_info":{"custom_designer_name":"","custom_designer_image":null},"scene_gallery":[3517,3515,2753,3519,2757],"gallery_bg_color":"#7a7a7a","details_gallery":[{"slide_text":"<span data-sheets-root=\"1\">Eine Familie von mittleren und hohen Gemeinschaftstischen mit Rollen oder h\u00f6henverstellbaren F\u00fc\u00dfen.<\/span>","slide_image":2755},{"slide_text":"<span data-sheets-root=\"1\">Entwickelt f\u00fcr formelle oder informelle R\u00e4ume, die Elektrifizierung und effizienten Datenzugriff erfordern.<\/span>","slide_image":2759}],"product_video":{"video_link":"https:\/\/vimeo.com\/910395740","video_cover":2753},"product_downloads_path":"mesas-oficina\/reuniones","product_downloads":[{"select_file_type":"normal","file_type":"catalog","file_type_special":"","file_name":"Muvit.pdf","file_customlabel":"Catalogue"},{"select_file_type":"normal","file_type":"technicalFeatures","file_type_special":"","file_name":"_CCTT_Muvit_Mesa.pdf","file_customlabel":"Technical Features"},{"select_file_type":"normal","file_type":"images","file_type_special":"","file_name":"06_Mesa Muvit.zip","file_customlabel":"Images"},{"select_file_type":"normal","file_type":"autocad","file_type_special":"","file_name":"Muvit mesa.zip","file_customlabel":"3d"}],"grid_image_gallery":null},"yoast_head":"<!-- This site is optimized with the Yoast SEO plugin v25.2 - https:\/\/yoast.com\/wordpress\/plugins\/seo\/ -->\n<title>\u25b6 Entdecken Sie &#039;Muvit&#039;: unser Tisch auf Rollen f\u00fcr Ihr B\u00fcro - Gruppe Forma 5<\/title>\n<meta name=\"description\" content=\"Entdecken Sie unseren Tisch mit Rollen f\u00fcr Ihr B\u00fcro von Gruppe Forma 5. Mobilit\u00e4t und Vielseitigkeit f\u00fcr jeden Raum.\" \/>\n<meta name=\"robots\" content=\"noindex, follow, max-snippet:-1, max-image-preview:large, max-video-preview:-1\" \/>\n<meta property=\"og:locale\" content=\"de_DE\" \/>\n<meta property=\"og:type\" content=\"article\" \/>\n<meta property=\"og:title\" content=\"\u25b6 Entdecken Sie &#039;Muvit&#039;: unser Tisch auf Rollen f\u00fcr Ihr B\u00fcro - Gruppe Forma 5\" \/>\n<meta property=\"og:description\" content=\"Entdecken Sie unseren Tisch mit Rollen f\u00fcr Ihr B\u00fcro von Gruppe Forma 5. Mobilit\u00e4t und Vielseitigkeit f\u00fcr jeden Raum.\" \/>\n<meta property=\"og:url\" content=\"https:\/\/test.forma5.com\/de\/tische\/besprechungsraume\/muvit\/\" \/>\n<meta property=\"og:site_name\" content=\"Forma 5\" \/>\n<meta property=\"article:modified_time\" content=\"2025-05-27T13:30:14+00:00\" \/>\n<meta property=\"og:image\" content=\"https:\/\/test.forma5.com\/wp-content\/uploads\/muvitmesa.webp\" \/>\n\t<meta property=\"og:image:width\" content=\"1200\" \/>\n\t<meta property=\"og:image:height\" content=\"1200\" \/>\n\t<meta property=\"og:image:type\" content=\"image\/webp\" \/>\n<meta name=\"twitter:card\" content=\"summary_large_image\" \/>\n<meta name=\"twitter:label1\" content=\"Gesch\u00e4tzte Lesezeit\" \/>\n\t<meta name=\"twitter:data1\" content=\"1\u00a0Minute\" \/>\n<script type=\"application\/ld+json\" class=\"yoast-schema-graph\">{\"@context\":\"https:\/\/schema.org\",\"@graph\":[{\"@type\":\"WebPage\",\"@id\":\"https:\/\/test.forma5.com\/de\/tische\/besprechungsraume\/muvit\/\",\"url\":\"https:\/\/test.forma5.com\/de\/tische\/besprechungsraume\/muvit\/\",\"name\":\"\u25b6 Entdecken Sie 'Muvit': unser Tisch auf Rollen f\u00fcr Ihr B\u00fcro - Gruppe Forma 5\",\"isPartOf\":{\"@id\":\"https:\/\/test.forma5.com\/de\/#website\"},\"primaryImageOfPage\":{\"@id\":\"https:\/\/test.forma5.com\/de\/tische\/besprechungsraume\/muvit\/#primaryimage\"},\"image\":{\"@id\":\"https:\/\/test.forma5.com\/de\/tische\/besprechungsraume\/muvit\/#primaryimage\"},\"thumbnailUrl\":\"https:\/\/test.forma5.com\/wp-content\/uploads\/muvitmesa.webp\",\"datePublished\":\"2025-05-23T06:56:14+00:00\",\"dateModified\":\"2025-05-27T13:30:14+00:00\",\"description\":\"Entdecken Sie unseren Tisch mit Rollen f\u00fcr Ihr B\u00fcro von Gruppe Forma 5. Mobilit\u00e4t und Vielseitigkeit f\u00fcr jeden Raum.\",\"breadcrumb\":{\"@id\":\"https:\/\/test.forma5.com\/de\/tische\/besprechungsraume\/muvit\/#breadcrumb\"},\"inLanguage\":\"de\",\"potentialAction\":[{\"@type\":\"ReadAction\",\"target\":[\"https:\/\/test.forma5.com\/de\/tische\/besprechungsraume\/muvit\/\"]}]},{\"@type\":\"ImageObject\",\"inLanguage\":\"de\",\"@id\":\"https:\/\/test.forma5.com\/de\/tische\/besprechungsraume\/muvit\/#primaryimage\",\"url\":\"https:\/\/test.forma5.com\/wp-content\/uploads\/muvitmesa.webp\",\"contentUrl\":\"https:\/\/test.forma5.com\/wp-content\/uploads\/muvitmesa.webp\",\"width\":1200,\"height\":1200},{\"@type\":\"BreadcrumbList\",\"@id\":\"https:\/\/test.forma5.com\/de\/tische\/besprechungsraume\/muvit\/#breadcrumb\",\"itemListElement\":[{\"@type\":\"ListItem\",\"position\":1,\"name\":\"Portada\",\"item\":\"https:\/\/test.forma5.com\/de\/\"},{\"@type\":\"ListItem\",\"position\":2,\"name\":\"Productos\",\"item\":\"https:\/\/test.forma5.com\/shop\/\"},{\"@type\":\"ListItem\",\"position\":3,\"name\":\"Muvit Tisch\"}]},{\"@type\":\"WebSite\",\"@id\":\"https:\/\/test.forma5.com\/de\/#website\",\"url\":\"https:\/\/test.forma5.com\/de\/\",\"name\":\"Forma 5\",\"description\":\"\",\"publisher\":{\"@id\":\"https:\/\/test.forma5.com\/de\/#organization\"},\"potentialAction\":[{\"@type\":\"SearchAction\",\"target\":{\"@type\":\"EntryPoint\",\"urlTemplate\":\"https:\/\/test.forma5.com\/de\/?s={search_term_string}\"},\"query-input\":{\"@type\":\"PropertyValueSpecification\",\"valueRequired\":true,\"valueName\":\"search_term_string\"}}],\"inLanguage\":\"de\"},{\"@type\":\"Organization\",\"@id\":\"https:\/\/test.forma5.com\/de\/#organization\",\"name\":\"Forma 5\",\"url\":\"https:\/\/test.forma5.com\/de\/\",\"logo\":{\"@type\":\"ImageObject\",\"inLanguage\":\"de\",\"@id\":\"https:\/\/test.forma5.com\/de\/#\/schema\/logo\/image\/\",\"url\":\"https:\/\/test.forma5.com\/wp-content\/uploads\/logo.svg\",\"contentUrl\":\"https:\/\/test.forma5.com\/wp-content\/uploads\/logo.svg\",\"width\":169,\"height\":36,\"caption\":\"Forma 5\"},\"image\":{\"@id\":\"https:\/\/test.forma5.com\/de\/#\/schema\/logo\/image\/\"}}]}<\/script>\n<!-- \/ Yoast SEO plugin. -->","yoast_head_json":{"title":"\u25b6 Entdecken Sie 'Muvit': unser Tisch auf Rollen f\u00fcr Ihr B\u00fcro - Gruppe Forma 5","description":"Entdecken Sie unseren Tisch mit Rollen f\u00fcr Ihr B\u00fcro von Gruppe Forma 5. Mobilit\u00e4t und Vielseitigkeit f\u00fcr jeden Raum.","robots":{"index":"noindex","follow":"follow","max-snippet":"max-snippet:-1","max-image-preview":"max-image-preview:large","max-video-preview":"max-video-preview:-1"},"og_locale":"de_DE","og_type":"article","og_title":"\u25b6 Entdecken Sie 'Muvit': unser Tisch auf Rollen f\u00fcr Ihr B\u00fcro - Gruppe Forma 5","og_description":"Entdecken Sie unseren Tisch mit Rollen f\u00fcr Ihr B\u00fcro von Gruppe Forma 5. Mobilit\u00e4t und Vielseitigkeit f\u00fcr jeden Raum.","og_url":"https:\/\/test.forma5.com\/de\/tische\/besprechungsraume\/muvit\/","og_site_name":"Forma 5","article_modified_time":"2025-05-27T13:30:14+00:00","og_image":[{"width":1200,"height":1200,"url":"https:\/\/test.forma5.com\/wp-content\/uploads\/muvitmesa.webp","type":"image\/webp"}],"twitter_card":"summary_large_image","twitter_misc":{"Gesch\u00e4tzte Lesezeit":"1\u00a0Minute"},"schema":{"@context":"https:\/\/schema.org","@graph":[{"@type":"WebPage","@id":"https:\/\/test.forma5.com\/de\/tische\/besprechungsraume\/muvit\/","url":"https:\/\/test.forma5.com\/de\/tische\/besprechungsraume\/muvit\/","name":"\u25b6 Entdecken Sie 'Muvit': unser Tisch auf Rollen f\u00fcr Ihr B\u00fcro - Gruppe Forma 5","isPartOf":{"@id":"https:\/\/test.forma5.com\/de\/#website"},"primaryImageOfPage":{"@id":"https:\/\/test.forma5.com\/de\/tische\/besprechungsraume\/muvit\/#primaryimage"},"image":{"@id":"https:\/\/test.forma5.com\/de\/tische\/besprechungsraume\/muvit\/#primaryimage"},"thumbnailUrl":"https:\/\/test.forma5.com\/wp-content\/uploads\/muvitmesa.webp","datePublished":"2025-05-23T06:56:14+00:00","dateModified":"2025-05-27T13:30:14+00:00","description":"Entdecken Sie unseren Tisch mit Rollen f\u00fcr Ihr B\u00fcro von Gruppe Forma 5. Mobilit\u00e4t und Vielseitigkeit f\u00fcr jeden Raum.","breadcrumb":{"@id":"https:\/\/test.forma5.com\/de\/tische\/besprechungsraume\/muvit\/#breadcrumb"},"inLanguage":"de","potentialAction":[{"@type":"ReadAction","target":["https:\/\/test.forma5.com\/de\/tische\/besprechungsraume\/muvit\/"]}]},{"@type":"ImageObject","inLanguage":"de","@id":"https:\/\/test.forma5.com\/de\/tische\/besprechungsraume\/muvit\/#primaryimage","url":"https:\/\/test.forma5.com\/wp-content\/uploads\/muvitmesa.webp","contentUrl":"https:\/\/test.forma5.com\/wp-content\/uploads\/muvitmesa.webp","width":1200,"height":1200},{"@type":"BreadcrumbList","@id":"https:\/\/test.forma5.com\/de\/tische\/besprechungsraume\/muvit\/#breadcrumb","itemListElement":[{"@type":"ListItem","position":1,"name":"Portada","item":"https:\/\/test.forma5.com\/de\/"},{"@type":"ListItem","position":2,"name":"Productos","item":"https:\/\/test.forma5.com\/shop\/"},{"@type":"ListItem","position":3,"name":"Muvit Tisch"}]},{"@type":"WebSite","@id":"https:\/\/test.forma5.com\/de\/#website","url":"https:\/\/test.forma5.com\/de\/","name":"Forma 5","description":"","publisher":{"@id":"https:\/\/test.forma5.com\/de\/#organization"},"potentialAction":[{"@type":"SearchAction","target":{"@type":"EntryPoint","urlTemplate":"https:\/\/test.forma5.com\/de\/?s={search_term_string}"},"query-input":{"@type":"PropertyValueSpecification","valueRequired":true,"valueName":"search_term_string"}}],"inLanguage":"de"},{"@type":"Organization","@id":"https:\/\/test.forma5.com\/de\/#organization","name":"Forma 5","url":"https:\/\/test.forma5.com\/de\/","logo":{"@type":"ImageObject","inLanguage":"de","@id":"https:\/\/test.forma5.com\/de\/#\/schema\/logo\/image\/","url":"https:\/\/test.forma5.com\/wp-content\/uploads\/logo.svg","contentUrl":"https:\/\/test.forma5.com\/wp-content\/uploads\/logo.svg","width":169,"height":36,"caption":"Forma 5"},"image":{"@id":"https:\/\/test.forma5.com\/de\/#\/schema\/logo\/image\/"}}]}},"_links":{"self":[{"href":"https:\/\/test.forma5.com\/de\/wp-json\/wp\/v2\/product\/5624","targetHints":{"allow":["GET"]}}],"collection":[{"href":"https:\/\/test.forma5.com\/de\/wp-json\/wp\/v2\/product"}],"about":[{"href":"https:\/\/test.forma5.com\/de\/wp-json\/wp\/v2\/types\/product"}],"acf:attachment":[{"embeddable":true,"href":"https:\/\/test.forma5.com\/de\/wp-json\/wp\/v2\/media\/2757"},{"embeddable":true,"href":"https:\/\/test.forma5.com\/de\/wp-json\/wp\/v2\/media\/3519"},{"embeddable":true,"href":"https:\/\/test.forma5.com\/de\/wp-json\/wp\/v2\/media\/2753"},{"embeddable":true,"href":"https:\/\/test.forma5.com\/de\/wp-json\/wp\/v2\/media\/3515"},{"embeddable":true,"href":"https:\/\/test.forma5.com\/de\/wp-json\/wp\/v2\/media\/3517"}],"acf:post":[{"embeddable":true,"href":"https:\/\/test.forma5.com\/de\/wp-json\/wp\/v2\/disenador\/2313"}],"wp:featuredmedia":[{"embeddable":true,"href":"https:\/\/test.forma5.com\/de\/wp-json\/wp\/v2\/media\/5626"}],"wp:attachment":[{"href":"https:\/\/test.forma5.com\/de\/wp-json\/wp\/v2\/media?parent=5624"}],"wp:term":[{"taxonomy":"product_brand","embeddable":true,"href":"https:\/\/test.forma5.com\/de\/wp-json\/wp\/v2\/product_brand?post=5624"},{"taxonomy":"product_cat","embeddable":true,"href":"https:\/\/test.forma5.com\/de\/wp-json\/wp\/v2\/product_cat?post=5624"},{"taxonomy":"product_tag","embeddable":true,"href":"https:\/\/test.forma5.com\/de\/wp-json\/wp\/v2\/product_tag?post=5624"}],"curies":[{"name":"wp","href":"https:\/\/api.w.org\/{rel}","templated":true}]}}